{"id":2072,"date":"2026-01-21T09:23:50","date_gmt":"2026-01-21T09:23:50","guid":{"rendered":"https:\/\/www.sapphire-windows.com\/?post_type=product&#038;p=2072"},"modified":"2026-02-10T15:37:16","modified_gmt":"2026-02-10T15:37:16","slug":"circular-sapphire-windows-high-transmittance-90-sapphire-glass-for-laser-applications","status":"publish","type":"product","link":"https:\/\/www.sapphire-windows.com\/vi\/product\/circular-sapphire-windows-high-transmittance-90-sapphire-glass-for-laser-applications\/","title":{"rendered":"C\u1eeda s\u1ed5 sapphire h\u00ecnh tr\u00f2n c\u00f3 \u0111\u1ed9 truy\u1ec1n s\u00e1ng cao 90%, k\u00ednh sapphire d\u00e0nh cho \u1ee9ng d\u1ee5ng laser."},"content":{"rendered":"<h2 data-start=\"115\" data-end=\"139\">M\u00f4 t\u1ea3 s\u1ea3n ph\u1ea9m:<\/h2>\n<p data-start=\"141\" data-end=\"726\">C\u1eeda s\u1ed5 sapphire tr\u00f2n c\u1ee7a ZMSH l\u00e0 m\u1ed9t th\u00e0nh ph\u1ea7n quang h\u1ecdc hi\u1ec7u su\u1ea5t cao \u0111\u01b0\u1ee3c ch\u1ebf t\u1ea1o t\u1eeb sapphire \u0111\u01a1n tinh th\u1ec3 tinh khi\u1ebft 99.999% (Al\u2082O\u2083). \u0110\u01b0\u1ee3c thi\u1ebft k\u1ebf cho c\u00e1c \u1ee9ng d\u1ee5ng \u0111\u00f2i h\u1ecfi kh\u1eaft khe, c\u00e1c c\u1eeda s\u1ed5 sapphire n\u00e0y cung c\u1ea5p \u0111\u1ed9 truy\u1ec1n qua tr\u00ean 90% trong d\u1ea3i ph\u1ed5 r\u1ed9ng (250nm\u20135500nm), \u0111\u1eb7c bi\u1ec7t n\u1ed5i tr\u1ed9i trong d\u1ea3i h\u1ed3ng ngo\u1ea1i (3-5\u03bcm MIR), khi\u1ebfn ch\u00fang tr\u1edf th\u00e0nh l\u1ef1a ch\u1ecdn l\u00fd t\u01b0\u1edfng cho h\u1ec7 th\u1ed1ng laser, thi\u1ebft b\u1ecb b\u00e1n d\u1eabn, quan s\u00e1t c\u00f4ng nghi\u1ec7p nhi\u1ec7t \u0111\u1ed9 cao v\u00e0 thi\u1ebft b\u1ecb \u0111o l\u01b0\u1eddng h\u00e0ng kh\u00f4ng v\u0169 tr\u1ee5. Ch\u00fang c\u0169ng \u0111\u01b0\u1ee3c s\u1eed d\u1ee5ng ph\u1ed5 bi\u1ebfn trong c\u00e1c thi\u1ebft b\u1ecb khoa h\u1ecdc, thi\u1ebft b\u1ecb y t\u1ebf v\u00e0 c\u1ea3m bi\u1ebfn quang h\u1ecdc.<\/p>\n<p data-start=\"141\" data-end=\"726\"><img fetchpriority=\"high\" decoding=\"async\" class=\"size-medium wp-image-2075 alignright\" src=\"https:\/\/www.sapphire-windows.com\/wp-content\/uploads\/2026\/01\/Circular-Sapphire-Windows-High-Transmittance-90-Sapphire-Glass-for-Laser-Applications-3-300x300.webp\" alt=\"\" width=\"300\" height=\"300\" srcset=\"https:\/\/www.sapphire-windows.com\/wp-content\/uploads\/2026\/01\/Circular-Sapphire-Windows-High-Transmittance-90-Sapphire-Glass-for-Laser-Applications-3-300x300.webp 300w, https:\/\/www.sapphire-windows.com\/wp-content\/uploads\/2026\/01\/Circular-Sapphire-Windows-High-Transmittance-90-Sapphire-Glass-for-Laser-Applications-3-150x150.webp 150w, https:\/\/www.sapphire-windows.com\/wp-content\/uploads\/2026\/01\/Circular-Sapphire-Windows-High-Transmittance-90-Sapphire-Glass-for-Laser-Applications-3-600x600.webp 600w, https:\/\/www.sapphire-windows.com\/wp-content\/uploads\/2026\/01\/Circular-Sapphire-Windows-High-Transmittance-90-Sapphire-Glass-for-Laser-Applications-3-100x100.webp 100w, https:\/\/www.sapphire-windows.com\/wp-content\/uploads\/2026\/01\/Circular-Sapphire-Windows-High-Transmittance-90-Sapphire-Glass-for-Laser-Applications-3.webp 750w\" sizes=\"(max-width: 300px) 100vw, 300px\" \/><\/p>\n<p data-start=\"728\" data-end=\"1237\">Sapphire, v\u1edbi \u0111\u1ed9 c\u1ee9ng Mohs l\u00e0 9, c\u00f3 kh\u1ea3 n\u0103ng ch\u1ed1ng tr\u1ea7y x\u01b0\u1edbc g\u1ea5p 10 l\u1ea7n so v\u1edbi k\u00ednh quang h\u1ecdc ti\u00eau chu\u1ea9n, \u0111\u1ea3m b\u1ea3o \u0111\u1ed9 b\u1ec1n ngay c\u1ea3 trong m\u00f4i tr\u01b0\u1eddng c\u00f3 t\u00e1c \u0111\u1ed9ng m\u1ea1nh. V\u1edbi \u0111i\u1ec3m n\u00f3ng ch\u1ea3y cao l\u00ean \u0111\u1ebfn 2040\u00b0C, c\u1eeda s\u1ed5 sapphire ho\u1ea1t \u0111\u1ed9ng \u0111\u00e1ng tin c\u1eady trong \u0111i\u1ec1u ki\u1ec7n nhi\u1ec7t \u0111\u1ed9 c\u1ef1c cao, c\u00f3 th\u1ec3 ho\u1ea1t \u0111\u1ed9ng li\u00ean t\u1ee5c \u1edf 800\u00b0C v\u00e0 ch\u1ecbu \u0111\u01b0\u1ee3c nhi\u1ec7t \u0111\u1ed9 ng\u1eafn h\u1ea1n l\u00ean \u0111\u1ebfn 1800\u00b0C. Ngo\u00e0i ra, c\u00e1c c\u1eeda s\u1ed5 n\u00e0y c\u00f3 kh\u1ea3 n\u0103ng ch\u1ed1ng h\u00f3a ch\u1ea5t \u0111\u1ed1i v\u1edbi h\u1ea7u h\u1ebft c\u00e1c axit, ki\u1ec1m v\u00e0 dung m\u00f4i, khi\u1ebfn ch\u00fang ph\u00f9 h\u1ee3p cho c\u00e1c m\u00f4i tr\u01b0\u1eddng c\u00f4ng nghi\u1ec7p v\u00e0 h\u00f3a ch\u1ea5t kh\u1eafc nghi\u1ec7t.<\/p>\n<p data-start=\"1239\" data-end=\"1746\">ZMSH cung c\u1ea5p d\u1ecbch v\u1ee5 t\u00f9y ch\u1ec9nh k\u00edch th\u01b0\u1edbc (t\u1eeb 5mm \u0111\u1ebfn 300mm \u0111\u01b0\u1eddng k\u00ednh) v\u00e0 \u0111\u1ed9 d\u00e0y (t\u1eeb 0.3mm \u0111\u1ebfn 20mm), c\u00f9ng v\u1edbi c\u00e1c lo\u1ea1i ph\u1ee7 b\u1ec1 m\u1eb7t nh\u01b0 ph\u1ee7 ch\u1ed1ng ph\u1ea3n x\u1ea1 (AR), ph\u1ee7 truy\u1ec1n s\u00e1ng cao v\u00e0 ph\u1ee7 ch\u1ed1ng b\u00e1m b\u1ea9n. S\u1eed d\u1ee5ng c\u00f4ng ngh\u1ec7 gia c\u00f4ng CNC ti\u00ean ti\u1ebfn v\u00e0 x\u1eed l\u00fd laser, ch\u00fang t\u00f4i cung c\u1ea5p \u0111\u1ed9 ch\u00ednh x\u00e1c cao, dung sai ch\u1eb7t ch\u1ebd (\u00b10.01mm) v\u00e0 ch\u1ea5t l\u01b0\u1ee3ng b\u1ec1 m\u1eb7t xu\u1ea5t s\u1eafc (\u0111\u1ed9 ph\u1eb3ng l\u00ean \u0111\u1ebfn \u03bb\/10), \u0111\u1ea3m b\u1ea3o c\u00e1c c\u1eeda s\u1ed5 \u0111\u00e1p \u1ee9ng c\u00e1c y\u00eau c\u1ea7u kh\u1eaft khe c\u1ee7a h\u1ec7 th\u1ed1ng quang h\u1ecdc.<\/p>\n<h2 data-start=\"1648\" data-end=\"1665\">T\u00ednh n\u0103ng ch\u00ednh:<\/h2>\n<ol data-start=\"1667\" data-end=\"2636\">\n<li data-start=\"1667\" data-end=\"1883\">\n<p data-start=\"1670\" data-end=\"1704\">Hi\u1ec7u su\u1ea5t quang h\u1ecdc v\u01b0\u1ee3t tr\u1ed9i:<\/p>\n<ul data-start=\"1708\" data-end=\"1883\">\n<li data-start=\"1708\" data-end=\"1883\">\n<p data-start=\"1710\" data-end=\"1883\">\u0110\u1ea1t \u0111\u1ed9 truy\u1ec1n qua &gt;90% t\u1eeb 250nm \u0111\u1ebfn 5500nm, \u0111\u1eb7c bi\u1ec7t n\u1ed5i tr\u1ed9i trong d\u1ea3i h\u1ed3ng ngo\u1ea1i (3-5\u03bcm), l\u00e0m cho n\u00f3 tr\u1edf n\u00ean l\u00fd t\u01b0\u1edfng cho c\u00e1c \u1ee9ng d\u1ee5ng laser v\u00e0 h\u00ecnh \u1ea3nh h\u1ed3ng ngo\u1ea1i.<\/p>\n<\/li>\n<\/ul>\n<\/li>\n<li data-start=\"1885\" data-end=\"2113\">\n<p data-start=\"1888\" data-end=\"1924\">\u0110\u1ed9 b\u1ec1n c\u01a1 h\u1ecdc v\u01b0\u1ee3t tr\u1ed9i:<img decoding=\"async\" class=\"size-medium wp-image-2073 alignleft\" src=\"https:\/\/www.sapphire-windows.com\/wp-content\/uploads\/2026\/01\/Circular-Sapphire-Windows-High-Transmittance-90-Sapphire-Glass-for-Laser-Applications-1-300x300.webp\" alt=\"\" width=\"300\" height=\"300\" srcset=\"https:\/\/www.sapphire-windows.com\/wp-content\/uploads\/2026\/01\/Circular-Sapphire-Windows-High-Transmittance-90-Sapphire-Glass-for-Laser-Applications-1-300x300.webp 300w, https:\/\/www.sapphire-windows.com\/wp-content\/uploads\/2026\/01\/Circular-Sapphire-Windows-High-Transmittance-90-Sapphire-Glass-for-Laser-Applications-1-150x150.webp 150w, https:\/\/www.sapphire-windows.com\/wp-content\/uploads\/2026\/01\/Circular-Sapphire-Windows-High-Transmittance-90-Sapphire-Glass-for-Laser-Applications-1-600x600.webp 600w, https:\/\/www.sapphire-windows.com\/wp-content\/uploads\/2026\/01\/Circular-Sapphire-Windows-High-Transmittance-90-Sapphire-Glass-for-Laser-Applications-1-100x100.webp 100w, https:\/\/www.sapphire-windows.com\/wp-content\/uploads\/2026\/01\/Circular-Sapphire-Windows-High-Transmittance-90-Sapphire-Glass-for-Laser-Applications-1.webp 750w\" sizes=\"(max-width: 300px) 100vw, 300px\" \/><\/p>\n<ul data-start=\"1928\" data-end=\"2113\">\n<li data-start=\"1928\" data-end=\"2113\">\n<p data-start=\"1930\" data-end=\"2113\">V\u1edbi \u0111\u1ed9 c\u1ee9ng Mohs l\u00e0 9, c\u1eeda s\u1ed5 sapphire c\u00f3 kh\u1ea3 n\u0103ng ch\u1ed1ng tr\u1ea7y x\u01b0\u1edbc g\u1ea5p 10 l\u1ea7n so v\u1edbi k\u00ednh quang h\u1ecdc th\u00f4ng th\u01b0\u1eddng, \u0111\u1ea3m b\u1ea3o \u0111\u1ed9 b\u1ec1n cao trong m\u00f4i tr\u01b0\u1eddng c\u00f3 t\u00e1c \u0111\u1ed9ng m\u1ea1nh v\u00e0 m\u00e0i m\u00f2n.<\/p>\n<\/li>\n<\/ul>\n<\/li>\n<li data-start=\"2115\" data-end=\"2399\">\n<p data-start=\"2118\" data-end=\"2155\">Kh\u1ea3 n\u0103ng ch\u1ecbu \u0111\u1ef1ng m\u00f4i tr\u01b0\u1eddng c\u1ef1c \u0111oan:<\/p>\n<ul data-start=\"2159\" data-end=\"2399\">\n<li data-start=\"2159\" data-end=\"2235\">\n<p data-start=\"2161\" data-end=\"2235\">\u0110i\u1ec3m n\u00f3ng ch\u1ea3y: 2040\u00b0C, ph\u00f9 h\u1ee3p cho m\u00f4i tr\u01b0\u1eddng nhi\u1ec7t \u0111\u1ed9 cao.<\/p>\n<\/li>\n<li data-start=\"2239\" data-end=\"2319\">\n<p data-start=\"2241\" data-end=\"2319\">Ho\u1ea1t \u0111\u1ed9ng li\u00ean t\u1ee5c \u1edf nhi\u1ec7t \u0111\u1ed9 800\u00b0C v\u00e0 c\u00f3 kh\u1ea3 n\u0103ng ch\u1ecbu nhi\u1ec7t t\u1ea1m th\u1eddi l\u00ean \u0111\u1ebfn 1800\u00b0C.<\/p>\n<\/li>\n<li data-start=\"2323\" data-end=\"2399\">\n<p data-start=\"2325\" data-end=\"2399\">Kh\u1ea3 n\u0103ng ch\u1ed1ng h\u00f3a ch\u1ea5t: \u1ed4n \u0111\u1ecbnh trong m\u00f4i tr\u01b0\u1eddng axit\/ki\u1ec1m (pH 1-13).<\/p>\n<\/li>\n<\/ul>\n<\/li>\n<li data-start=\"2401\" data-end=\"2636\">\n<p data-start=\"2404\" data-end=\"2427\">\u1ed4n \u0111\u1ecbnh nhi\u1ec7t:<\/p>\n<ul data-start=\"2431\" data-end=\"2636\">\n<li data-start=\"2431\" data-end=\"2636\">\n<p data-start=\"2433\" data-end=\"2636\">H\u1ec7 s\u1ed1 gi\u00e3n n\u1edf nhi\u1ec7t th\u1ea5p 5,3\u00d710\u207b\u2076\/\u00b0C \u0111\u1ea3m b\u1ea3o \u0111\u1ed9 ch\u00ednh x\u00e1c b\u1ec1 m\u1eb7t quang h\u1ecdc ngay c\u1ea3 trong \u0111i\u1ec1u ki\u1ec7n thay \u0111\u1ed5i nhi\u1ec7t \u0111\u1ed9 nhanh ch\u00f3ng, khi\u1ebfn n\u00f3 tr\u1edf th\u00e0nh l\u1ef1a ch\u1ecdn l\u00fd t\u01b0\u1edfng cho c\u00e1c \u1ee9ng d\u1ee5ng \u0111\u00f2i h\u1ecfi \u0111\u1ed9 ch\u00ednh x\u00e1c cao trong m\u00f4i tr\u01b0\u1eddng nhi\u1ec7t \u0111\u1ed9 bi\u1ebfn \u0111\u1ed5i.<\/p>\n<\/li>\n<\/ul>\n<\/li>\n<\/ol>\n<h2 data-start=\"2643\" data-end=\"2672\">Th\u00f4ng s\u1ed1 k\u1ef9 thu\u1eadt:<\/h2>\n<ul data-start=\"2674\" data-end=\"3035\">\n<li data-start=\"2674\" data-end=\"2721\">\n<p data-start=\"2676\" data-end=\"2721\">V\u1eadt li\u1ec7u: Sapphire \u0111\u01a1n tinh th\u1ec3 (Al\u2082O\u2083)<\/p>\n<\/li>\n<li data-start=\"2722\" data-end=\"2747\">\n<p data-start=\"2724\" data-end=\"2747\">\u0110\u1ed9 \u0111\u1eb7c: 3,98 g\/cm\u00b3<\/p>\n<\/li>\n<li data-start=\"2748\" data-end=\"2775\">\n<p data-start=\"2750\" data-end=\"2775\">\u0110i\u1ec3m n\u00f3ng ch\u1ea3y: 2040\u00b0C<\/p>\n<\/li>\n<li data-start=\"2776\" data-end=\"2798\">\n<p data-start=\"2778\" data-end=\"2798\">\u0110\u1ed9 c\u1ee9ng Mohs: 9<\/p>\n<\/li>\n<li data-start=\"2799\" data-end=\"2835\">\n<p data-start=\"2801\" data-end=\"2835\">\u0110\u1ed9 d\u1eabn nhi\u1ec7t: 52 W\/m\u00b7K<\/p>\n<\/li>\n<li data-start=\"2836\" data-end=\"2874\">\n<p data-start=\"2838\" data-end=\"2874\">H\u1ec7 s\u1ed1 gi\u00e3n n\u1edf nhi\u1ec7t: 5,3 \u00d7 10\u207b\u2076\/\u00b0C<\/p>\n<\/li>\n<li data-start=\"2875\" data-end=\"2915\">\n<p data-start=\"2877\" data-end=\"2915\">\u0110\u1ed9 truy\u1ec1n qua: &gt;90% (250nm\u20135500nm)<\/p>\n<\/li>\n<li data-start=\"2916\" data-end=\"2976\">\n<p data-start=\"2918\" data-end=\"2976\">B\u1ec1 m\u1eb7t ho\u00e0n thi\u1ec7n: DSP ho\u1eb7c SSP (C\u00f3 s\u1eb5n c\u00e1c t\u00f9y ch\u1ecdn ho\u00e0n thi\u1ec7n theo y\u00eau c\u1ea7u)<\/p>\n<\/li>\n<li data-start=\"2977\" data-end=\"3035\">\n<p data-start=\"2979\" data-end=\"3035\">K\u00edch th\u01b0\u1edbc: \u0110\u01b0\u1eddng k\u00ednh t\u1eeb 5mm \u0111\u1ebfn 300mm, \u0111\u1ed9 d\u00e0y t\u1eeb 0,3mm \u0111\u1ebfn 20mm.<\/p>\n<\/li>\n<\/ul>\n<h2 data-start=\"3042\" data-end=\"3067\">\u1ee8ng d\u1ee5ng ch\u00ednh:<img decoding=\"async\" class=\"size-medium wp-image-2074 alignright\" src=\"https:\/\/www.sapphire-windows.com\/wp-content\/uploads\/2026\/01\/Circular-Sapphire-Windows-High-Transmittance-90-Sapphire-Glass-for-Laser-Applications-2-300x300.jpg\" alt=\"\" width=\"300\" height=\"300\" srcset=\"https:\/\/www.sapphire-windows.com\/wp-content\/uploads\/2026\/01\/Circular-Sapphire-Windows-High-Transmittance-90-Sapphire-Glass-for-Laser-Applications-2-300x300.jpg 300w, https:\/\/www.sapphire-windows.com\/wp-content\/uploads\/2026\/01\/Circular-Sapphire-Windows-High-Transmittance-90-Sapphire-Glass-for-Laser-Applications-2-150x150.jpg 150w, https:\/\/www.sapphire-windows.com\/wp-content\/uploads\/2026\/01\/Circular-Sapphire-Windows-High-Transmittance-90-Sapphire-Glass-for-Laser-Applications-2-600x600.jpg 600w, https:\/\/www.sapphire-windows.com\/wp-content\/uploads\/2026\/01\/Circular-Sapphire-Windows-High-Transmittance-90-Sapphire-Glass-for-Laser-Applications-2-100x100.jpg 100w, https:\/\/www.sapphire-windows.com\/wp-content\/uploads\/2026\/01\/Circular-Sapphire-Windows-High-Transmittance-90-Sapphire-Glass-for-Laser-Applications-2.jpg 750w\" sizes=\"(max-width: 300px) 100vw, 300px\" \/><\/h2>\n<ol data-start=\"3069\" data-end=\"3978\">\n<li data-start=\"3069\" data-end=\"3318\">\n<p data-start=\"3072\" data-end=\"3090\">H\u1ec7 th\u1ed1ng laser:<\/p>\n<ul data-start=\"3094\" data-end=\"3318\">\n<li data-start=\"3094\" data-end=\"3318\">\n<p data-start=\"3096\" data-end=\"3318\">C\u1eeda s\u1ed5 tr\u00f2n sapphire th\u01b0\u1eddng \u0111\u01b0\u1ee3c s\u1eed d\u1ee5ng trong c\u00e1c h\u1ec7 th\u1ed1ng laser CO\u2082 v\u00e0 laser s\u1ee3i quang l\u00e0m c\u1eeda s\u1ed5 \u0111\u1ea7u ra v\u00e0 \u1ed1ng k\u00ednh b\u1ea3o v\u1ec7, ch\u1ecbu \u0111\u01b0\u1ee3c b\u1ee9c x\u1ea1 laser c\u00f4ng su\u1ea5t cao (&gt;5kW\/cm\u00b2) \u0111\u1ed3ng th\u1eddi gi\u1ea3m thi\u1ec3u hi\u1ec7u \u1ee9ng th\u1ea5u k\u00ednh nhi\u1ec7t.<\/p>\n<\/li>\n<\/ul>\n<\/li>\n<li data-start=\"3320\" data-end=\"3525\">\n<p data-start=\"3323\" data-end=\"3367\">Quan s\u00e1t c\u00f4ng nghi\u1ec7p \u1edf nhi\u1ec7t \u0111\u1ed9 cao:<\/p>\n<ul data-start=\"3371\" data-end=\"3525\">\n<li data-start=\"3371\" data-end=\"3525\">\n<p data-start=\"3373\" data-end=\"3525\">Ph\u00f9 h\u1ee3p cho c\u00e1c c\u1eeda s\u1ed5 quan s\u00e1t trong thi\u1ebft b\u1ecb s\u1ea3n xu\u1ea5t th\u00e9p v\u00e0 thi\u1ebft b\u1ecb t\u1ea1o h\u00ecnh k\u00ednh, duy tr\u00ec \u0111\u1ed9 trong su\u1ed1t quang h\u1ecdc tr\u00ean 1000\u00b0C m\u00e0 kh\u00f4ng b\u1ecb m\u1edd ho\u1eb7c bi\u1ebfn d\u1ea1ng.<\/p>\n<\/li>\n<\/ul>\n<\/li>\n<li data-start=\"3527\" data-end=\"3752\">\n<p data-start=\"3530\" data-end=\"3554\">H\u00e0ng kh\u00f4ng v\u0169 tr\u1ee5 &amp; Qu\u1ed1c ph\u00f2ng:<\/p>\n<ul data-start=\"3558\" data-end=\"3752\">\n<li data-start=\"3558\" data-end=\"3752\">\n<p data-start=\"3560\" data-end=\"3752\">C\u00e1c c\u1eeda s\u1ed5 sapphire n\u00e0y \u0111\u01b0\u1ee3c s\u1eed d\u1ee5ng trong c\u00e1c c\u1ea3m bi\u1ebfn \u0111i\u1ec7n quang v\u00e0 h\u1ec7 th\u1ed1ng d\u1eabn \u0111\u01b0\u1eddng t\u00ean l\u1eeda, cung c\u1ea5p kh\u1ea3 n\u0103ng ch\u1ed1ng va \u0111\u1eadp tr\u01b0\u1edbc t\u00e1c \u0111\u1ed9ng c\u1ee7a nhi\u1ec7t \u0111\u1ed9 si\u00eau \u00e2m do kh\u00ed \u0111\u1ed9ng h\u1ecdc g\u00e2y ra \u0111\u1ed3ng th\u1eddi duy tr\u00ec \u0111\u1ed9 trong su\u1ed1t quang h\u1ecdc.<\/p>\n<\/li>\n<\/ul>\n<\/li>\n<li data-start=\"3754\" data-end=\"3978\">\n<p data-start=\"3757\" data-end=\"3794\">C\u00e1c thi\u1ebft b\u1ecb khoa h\u1ecdc v\u00e0 y t\u1ebf:<\/p>\n<ul data-start=\"3798\" data-end=\"3978\">\n<li data-start=\"3798\" data-end=\"3978\">\n<p data-start=\"3800\" data-end=\"3978\">C\u1eeda s\u1ed5 tr\u00f2n sapphire l\u00e0 th\u00e0nh ph\u1ea7n quan tr\u1ecdng trong thi\u1ebft b\u1ecb b\u1ee9c x\u1ea1 synchrotron, n\u1ed9i soi v\u00e0 c\u00e1c h\u1ec7 th\u1ed1ng quang h\u1ecdc hi\u1ec7u su\u1ea5t cao kh\u00e1c, cung c\u1ea5p c\u00e1c k\u00eanh quang h\u1ecdc \u1ed5n \u0111\u1ecbnh.<\/p>\n<\/li>\n<\/ul>\n<\/li>\n<\/ol>\n<h2 data-start=\"3985\" data-end=\"4022\">C\u00e2u h\u1ecfi th\u01b0\u1eddng g\u1eb7p (FAQ):<\/h2>\n<ol data-start=\"4024\" data-end=\"4948\">\n<li data-start=\"4024\" data-end=\"4349\">\n<p data-start=\"4027\" data-end=\"4095\">C\u1eeda s\u1ed5 sapphire c\u00f3 nh\u1eefng \u01b0u \u0111i\u1ec3m g\u00ec so v\u1edbi k\u00ednh truy\u1ec1n th\u1ed1ng?<\/p>\n<ul data-start=\"4099\" data-end=\"4349\">\n<li data-start=\"4099\" data-end=\"4349\">\n<p data-start=\"4101\" data-end=\"4349\">C\u1eeda s\u1ed5 sapphire c\u00f3 \u0111\u1ed9 ch\u1ed1ng tr\u1ea7y x\u01b0\u1edbc cao g\u1ea5p 10 l\u1ea7n (Mohs 9), kh\u1ea3 n\u0103ng truy\u1ec1n \u00e1nh s\u00e1ng t\u1ed1t h\u01a1n trong d\u1ea3i t\u1ea7n s\u1ed1 t\u1eeb UV \u0111\u1ebfn IR, v\u00e0 \u0111\u1ed9 b\u1ec1n nhi\u1ec7t v\u00e0 h\u00f3a h\u1ecdc v\u01b0\u1ee3t tr\u1ed9i, khi\u1ebfn ch\u00fang tr\u1edf th\u00e0nh l\u1ef1a ch\u1ecdn l\u00fd t\u01b0\u1edfng cho c\u00e1c \u1ee9ng d\u1ee5ng hi\u1ec7u su\u1ea5t cao trong m\u00f4i tr\u01b0\u1eddng kh\u1eafc nghi\u1ec7t.<\/p>\n<\/li>\n<\/ul>\n<\/li>\n<li data-start=\"4351\" data-end=\"4657\">\n<p data-start=\"4354\" data-end=\"4405\">C\u00f3 th\u1ec3 s\u1eed d\u1ee5ng c\u1eeda s\u1ed5 sapphire cho h\u1ec7 th\u1ed1ng laser kh\u00f4ng?<\/p>\n<ul data-start=\"4409\" data-end=\"4657\">\n<li data-start=\"4409\" data-end=\"4657\">\n<p data-start=\"4411\" data-end=\"4657\">\u0110\u00fang v\u1eady, ZMSH cung c\u1ea5p c\u00e1c c\u1eeda s\u1ed5 sapphire ch\u1ea5t l\u01b0\u1ee3ng laser v\u1edbi l\u1edbp ph\u1ee7 ch\u1ed1ng ph\u1ea3n x\u1ea1 (AR) v\u00e0 l\u1edbp ph\u1ee7 truy\u1ec1n s\u00e1ng cao. C\u00e1c c\u1eeda s\u1ed5 n\u00e0y l\u00fd t\u01b0\u1edfng cho h\u1ec7 th\u1ed1ng laser c\u00f4ng su\u1ea5t cao, mang l\u1ea1i \u0111\u1ed9 m\u00e9o nhi\u1ec7t t\u1ed1i thi\u1ec3u v\u00e0 \u0111\u1ed9 tin c\u1eady l\u00e2u d\u00e0i.<\/p>\n<\/li>\n<\/ul>\n<\/li>\n<li data-start=\"4659\" data-end=\"4948\">\n<p data-start=\"4662\" data-end=\"4718\">C\u1eeda s\u1ed5 sapphire c\u00f3 ch\u1ecbu \u0111\u01b0\u1ee3c nhi\u1ec7t \u0111\u1ed9 cao kh\u00f4ng?<\/p>\n<ul data-start=\"4722\" data-end=\"4948\">\n<li data-start=\"4722\" data-end=\"4948\">\n<p data-start=\"4724\" data-end=\"4948\">C\u1eeda s\u1ed5 sapphire c\u00f3 \u0111i\u1ec3m n\u00f3ng ch\u1ea3y cao l\u00ean \u0111\u1ebfn 2040\u00b0C, khi\u1ebfn ch\u00fang ph\u00f9 h\u1ee3p cho c\u00e1c m\u00f4i tr\u01b0\u1eddng nhi\u1ec7t \u0111\u1ed9 cao. Ch\u00fang c\u00f3 th\u1ec3 ho\u1ea1t \u0111\u1ed9ng li\u00ean t\u1ee5c \u1edf nhi\u1ec7t \u0111\u1ed9 l\u00ean \u0111\u1ebfn 800\u00b0C v\u00e0 ch\u1ecbu \u0111\u01b0\u1ee3c ti\u1ebfp x\u00fac ng\u1eafn h\u1ea1n \u1edf nhi\u1ec7t \u0111\u1ed9 l\u00ean \u0111\u1ebfn 1800\u00b0C.<\/p>\n<\/li>\n<\/ul>\n<\/li>\n<li>\n<p data-start=\"5068\" data-end=\"5121\">K\u00edch th\u01b0\u1edbc c\u1ee7a c\u1eeda s\u1ed5 sapphire c\u00f3 th\u1ec3 \u0111\u01b0\u1ee3c t\u00f9y ch\u1ec9nh kh\u00f4ng?<\/p>\n<ul data-start=\"5125\" data-end=\"5363\">\n<li data-start=\"5125\" data-end=\"5363\">\n<p data-start=\"5127\" data-end=\"5363\">\u0110\u00fang v\u1eady, ch\u00fang t\u00f4i cung c\u1ea5p d\u1ecbch v\u1ee5 t\u00f9y ch\u1ec9nh ho\u00e0n to\u00e0n v\u1ec1 \u0111\u01b0\u1eddng k\u00ednh (t\u1eeb 5mm \u0111\u1ebfn 300mm) v\u00e0 \u0111\u1ed9 d\u00e0y (t\u1eeb 0.3mm \u0111\u1ebfn 20mm) \u0111\u1ec3 ph\u00f9 h\u1ee3p v\u1edbi y\u00eau c\u1ea7u c\u1ee5 th\u1ec3 c\u1ee7a t\u1eebng d\u1ef1 \u00e1n. C\u00f4ng ngh\u1ec7 gia c\u00f4ng ti\u00ean ti\u1ebfn c\u1ee7a ch\u00fang t\u00f4i \u0111\u1ea3m b\u1ea3o \u0111\u1ed9 ch\u00ednh x\u00e1c cao v\u00e0 b\u1ec1 m\u1eb7t ho\u00e0n thi\u1ec7n v\u01b0\u1ee3t tr\u1ed9i.<\/p>\n<\/li>\n<\/ul>\n<\/li>\n<\/ol>","protected":false},"excerpt":{"rendered":"<p>C\u1eeda s\u1ed5 sapphire tr\u00f2n c\u1ee7a ZMSH l\u00e0 m\u1ed9t th\u00e0nh ph\u1ea7n quang h\u1ecdc hi\u1ec7u su\u1ea5t cao \u0111\u01b0\u1ee3c ch\u1ebf t\u1ea1o t\u1eeb sapphire \u0111\u01a1n tinh th\u1ec3 tinh khi\u1ebft 99.999% (Al\u2082O\u2083).<\/p>","protected":false},"featured_media":2073,"comment_status":"open","ping_status":"closed","template":"","meta":{"site-sidebar-layout":"default","site-content-layout":"","ast-site-content-layout":"default","site-content-style":"default","site-sidebar-style":"default","ast-global-header-display":"","ast-banner-title-visibility":"","ast-main-header-display":"","ast-hfb-above-header-display":"","ast-hfb-below-header-display":"","ast-hfb-mobile-header-display":"","site-post-title":"","ast-breadcrumbs-content":"","ast-featured-img":"","footer-sml-layout":"","ast-disable-related-posts":"","theme-transparent-header-meta":"default","adv-header-id-meta":"","stick-header-meta":"default","header-above-stick-meta":"","header-main-stick-meta":"","header-below-stick-meta":"","astra-migrate-meta-layouts":"set","ast-page-background-enabled":"default","ast-page-background-meta":{"desktop":{"background-color":"","background-image":"","background-repeat":"repeat","background-position":"center center","background-size":"auto","background-attachment":"scroll","background-type":"","background-media":"","overlay-type":"","overlay-color":"","overlay-opacity":"","overlay-gradient":""},"tablet":{"background-color":"","background-image":"","background-repeat":"repeat","background-position":"center center","background-size":"auto","background-attachment":"scroll","background-type":"","background-media":"","overlay-type":"","overlay-color":"","overlay-opacity":"","overlay-gradient":""},"mobile":{"background-color":"","background-image":"","background-repeat":"repeat","background-position":"center center","background-size":"auto","background-attachment":"scroll","background-type":"","background-media":"","overlay-type":"","overlay-color":"","overlay-opacity":"","overlay-gradient":""}},"ast-content-background-meta":{"desktop":{"background-color":"var(--ast-global-color-5)","background-image":"","background-repeat":"repeat","background-position":"center center","background-size":"auto","background-attachment":"scroll","background-type":"","background-media":"","overlay-type":"","overlay-color":"","overlay-opacity":"","overlay-gradient":""},"tablet":{"background-color":"var(--ast-global-color-5)","background-image":"","background-repeat":"repeat","background-position":"center center","background-size":"auto","background-attachment":"scroll","background-type":"","background-media":"","overlay-type":"","overlay-color":"","overlay-opacity":"","overlay-gradient":""},"mobile":{"background-color":"var(--ast-global-color-5)","background-image":"","background-repeat":"repeat","background-position":"center center","background-size":"auto","background-attachment":"scroll","background-type":"","background-media":"","overlay-type":"","overlay-color":"","overlay-opacity":"","overlay-gradient":""}}},"product_brand":[],"product_cat":[15],"product_tag":[133,136,90,138,139,135,89,134,137],"class_list":{"0":"post-2072","1":"product","2":"type-product","3":"status-publish","4":"has-post-thumbnail","6":"product_cat-sapphire-windows","7":"product_tag-circular-sapphire-window","8":"product_tag-customized-sapphire-windows","9":"product_tag-high-transmittance","10":"product_tag-high-performance-sapphire-window","11":"product_tag-infrared-window","12":"product_tag-laser-window","13":"product_tag-optical-glass","14":"product_tag-sapphire-glass","15":"product_tag-wear-resistant-sapphire","16":"desktop-align-left","17":"tablet-align-left","18":"mobile-align-left","19":"ast-product-gallery-layout-horizontal-slider","20":"ast-product-tabs-layout-horizontal","22":"first","23":"instock","24":"shipping-taxable","25":"product-type-simple"},"_links":{"self":[{"href":"https:\/\/www.sapphire-windows.com\/vi\/wp-json\/wp\/v2\/product\/2072","targetHints":{"allow":["GET"]}}],"collection":[{"href":"https:\/\/www.sapphire-windows.com\/vi\/wp-json\/wp\/v2\/product"}],"about":[{"href":"https:\/\/www.sapphire-windows.com\/vi\/wp-json\/wp\/v2\/types\/product"}],"replies":[{"embeddable":true,"href":"https:\/\/www.sapphire-windows.com\/vi\/wp-json\/wp\/v2\/comments?post=2072"}],"version-history":[{"count":1,"href":"https:\/\/www.sapphire-windows.com\/vi\/wp-json\/wp\/v2\/product\/2072\/revisions"}],"predecessor-version":[{"id":2076,"href":"https:\/\/www.sapphire-windows.com\/vi\/wp-json\/wp\/v2\/product\/2072\/revisions\/2076"}],"wp:featuredmedia":[{"embeddable":true,"href":"https:\/\/www.sapphire-windows.com\/vi\/wp-json\/wp\/v2\/media\/2073"}],"wp:attachment":[{"href":"https:\/\/www.sapphire-windows.com\/vi\/wp-json\/wp\/v2\/media?parent=2072"}],"wp:term":[{"taxonomy":"product_brand","embeddable":true,"href":"https:\/\/www.sapphire-windows.com\/vi\/wp-json\/wp\/v2\/product_brand?post=2072"},{"taxonomy":"product_cat","embeddable":true,"href":"https:\/\/www.sapphire-windows.com\/vi\/wp-json\/wp\/v2\/product_cat?post=2072"},{"taxonomy":"product_tag","embeddable":true,"href":"https:\/\/www.sapphire-windows.com\/vi\/wp-json\/wp\/v2\/product_tag?post=2072"}],"curies":[{"name":"wp","href":"https:\/\/api.w.org\/{rel}","templated":true}]}}