{"id":2310,"date":"2026-03-23T07:08:10","date_gmt":"2026-03-23T07:08:10","guid":{"rendered":"https:\/\/www.sapphire-windows.com\/?post_type=product&#038;p=2310"},"modified":"2026-03-23T07:09:41","modified_gmt":"2026-03-23T07:09:41","slug":"safir-kubbe-penceresi","status":"publish","type":"product","link":"https:\/\/www.sapphire-windows.com\/tr\/product\/sapphire-dome-window\/","title":{"rendered":"K\u0131z\u0131l\u00f6tesi (IR) ve Optik Sens\u00f6r Korumas\u0131 i\u00e7in Y\u00fcksek Hassasiyetli Safir Kubbe Penceresi"},"content":{"rendered":"<p data-start=\"236\" data-end=\"700\"><img fetchpriority=\"high\" decoding=\"async\" class=\"size-medium wp-image-2314 alignright\" src=\"https:\/\/www.sapphire-windows.com\/wp-content\/uploads\/2026\/03\/8sapphire_dome_window_high_precision_for_optical_and_infrared_infrared_sensors-300x300.webp\" alt=\"\" width=\"300\" height=\"300\" srcset=\"https:\/\/www.sapphire-windows.com\/wp-content\/uploads\/2026\/03\/8sapphire_dome_window_high_precision_for_optical_and_infrared_infrared_sensors-300x300.webp 300w, https:\/\/www.sapphire-windows.com\/wp-content\/uploads\/2026\/03\/8sapphire_dome_window_high_precision_for_optical_and_infrared_infrared_sensors-150x150.webp 150w, https:\/\/www.sapphire-windows.com\/wp-content\/uploads\/2026\/03\/8sapphire_dome_window_high_precision_for_optical_and_infrared_infrared_sensors-768x768.webp 768w, https:\/\/www.sapphire-windows.com\/wp-content\/uploads\/2026\/03\/8sapphire_dome_window_high_precision_for_optical_and_infrared_infrared_sensors-12x12.webp 12w, https:\/\/www.sapphire-windows.com\/wp-content\/uploads\/2026\/03\/8sapphire_dome_window_high_precision_for_optical_and_infrared_infrared_sensors-600x600.webp 600w, https:\/\/www.sapphire-windows.com\/wp-content\/uploads\/2026\/03\/8sapphire_dome_window_high_precision_for_optical_and_infrared_infrared_sensors-100x100.webp 100w, https:\/\/www.sapphire-windows.com\/wp-content\/uploads\/2026\/03\/8sapphire_dome_window_high_precision_for_optical_and_infrared_infrared_sensors.webp 800w\" sizes=\"(max-width: 300px) 100vw, 300px\" \/>Safir Kubbe Penceresi, monokristal al\u00fcminyum oksitten (Al\u2082O\u2083) tasarlanm\u0131\u015f, a\u015f\u0131r\u0131 ve zorlu ortamlarda ola\u011fan\u00fcst\u00fc performans sunmak i\u00e7in tasarlanm\u0131\u015f y\u00fcksek performansl\u0131 bir optik bile\u015fendir. Cam veya kuvars gibi geleneksel optik malzemelerle kar\u015f\u0131la\u015ft\u0131r\u0131ld\u0131\u011f\u0131nda safir, mekanik mukavemet, termal stabilite ve optik \u015feffafl\u0131\u011f\u0131n benzersiz bir kombinasyonunu sa\u011flayarak onu geli\u015fmi\u015f optik ve k\u0131z\u0131l\u00f6tesi (IR) sistemler i\u00e7in ideal bir se\u00e7im haline getirir.<\/p>\n<p data-start=\"702\" data-end=\"1003\">Mohs sertli\u011fi 9 olan safir, sertlik bak\u0131m\u0131ndan elmastan sonra ikinci s\u0131rada yer al\u0131r ve \u00e7izilmelere, a\u015f\u0131nmaya ve y\u00fcksek h\u0131zl\u0131 par\u00e7ac\u0131k darbelerine kar\u015f\u0131 ola\u011fan\u00fcst\u00fc diren\u00e7 sunar. Bu, safir kubbe pencerelerini dayan\u0131kl\u0131l\u0131k ve uzun hizmet \u00f6mr\u00fcn\u00fcn kritik oldu\u011fu uygulamalar i\u00e7in \u00f6zellikle uygun hale getirir.<\/p>\n<p data-start=\"1005\" data-end=\"1364\">Kubbe geometrisi, gerilimi y\u00fczeye e\u015fit olarak da\u011f\u0131tarak yap\u0131sal g\u00fcc\u00fc daha da art\u0131r\u0131r ve bile\u015fenin y\u00fcksek bas\u0131nca, aerodinamik kuvvetlere ve h\u0131zl\u0131 \u00e7evresel de\u011fi\u015fikliklere dayanmas\u0131n\u0131 sa\u011flar. Sonu\u00e7 olarak, safir kubbeler havac\u0131l\u0131k, savunma ve end\u00fcstriyel uygulamalarda sens\u00f6rler ve optik sistemler i\u00e7in koruyucu pencereler olarak yayg\u0131n \u015fekilde kullan\u0131lmaktad\u0131r.<\/p>\n<h2 data-section-id=\"147fl1h\" data-start=\"1371\" data-end=\"1408\">Optik ve Fiziksel Avantajlar<\/h2>\n<p data-start=\"1410\" data-end=\"1788\"><img decoding=\"async\" class=\"size-medium wp-image-2313 alignleft\" src=\"https:\/\/www.sapphire-windows.com\/wp-content\/uploads\/2026\/03\/9sapphire_dome_window_high_precision_for_optical_and_infrared_infrared_sensors-300x300.webp\" alt=\"\" width=\"300\" height=\"300\" srcset=\"https:\/\/www.sapphire-windows.com\/wp-content\/uploads\/2026\/03\/9sapphire_dome_window_high_precision_for_optical_and_infrared_infrared_sensors-300x300.webp 300w, https:\/\/www.sapphire-windows.com\/wp-content\/uploads\/2026\/03\/9sapphire_dome_window_high_precision_for_optical_and_infrared_infrared_sensors-150x150.webp 150w, https:\/\/www.sapphire-windows.com\/wp-content\/uploads\/2026\/03\/9sapphire_dome_window_high_precision_for_optical_and_infrared_infrared_sensors-768x768.webp 768w, https:\/\/www.sapphire-windows.com\/wp-content\/uploads\/2026\/03\/9sapphire_dome_window_high_precision_for_optical_and_infrared_infrared_sensors-12x12.webp 12w, https:\/\/www.sapphire-windows.com\/wp-content\/uploads\/2026\/03\/9sapphire_dome_window_high_precision_for_optical_and_infrared_infrared_sensors-600x600.webp 600w, https:\/\/www.sapphire-windows.com\/wp-content\/uploads\/2026\/03\/9sapphire_dome_window_high_precision_for_optical_and_infrared_infrared_sensors-100x100.webp 100w, https:\/\/www.sapphire-windows.com\/wp-content\/uploads\/2026\/03\/9sapphire_dome_window_high_precision_for_optical_and_infrared_infrared_sensors.webp 800w\" sizes=\"(max-width: 300px) 100vw, 300px\" \/>Safir kubbe pencerelerinin en \u00f6nemli avantajlar\u0131ndan biri, 170 nm civar\u0131ndaki ultraviyole (UV) dalga boylar\u0131ndan 5 \u00b5m'ye kadar orta k\u0131z\u0131l\u00f6tesi (IR) dalga boylar\u0131na kadar uzanan geni\u015f spektral iletim aral\u0131klar\u0131nda yatmaktad\u0131r. Bu geni\u015f iletim kapasitesi, onlar\u0131 k\u0131z\u0131l\u00f6tesi g\u00f6r\u00fcnt\u00fcleme, lazer sistemleri ve hassas sens\u00f6rler dahil olmak \u00fczere \u00e7ok spektral optik sistemler i\u00e7in \u00e7ok y\u00f6nl\u00fc hale getirir.<\/p>\n<p data-start=\"1790\" data-end=\"2036\">Buna ek olarak safir, optik s\u0131n\u0131f y\u00fczey kaplamalar\u0131na (&lt;10 \u00c5 RMS) parlat\u0131ld\u0131\u011f\u0131nda minimum sa\u00e7\u0131lma ile m\u00fckemmel optik netli\u011fi korur. Bu, hassas optik uygulamalarda y\u00fcksek sinyal b\u00fct\u00fcnl\u00fc\u011f\u00fc ve do\u011fru veri toplama sa\u011flar.<\/p>\n<p data-start=\"2038\" data-end=\"2330\">Termal a\u00e7\u0131dan bak\u0131ld\u0131\u011f\u0131nda safir, vakum veya inert gaz ortamlar\u0131nda 1900\u00b0C'ye kadar s\u0131cakl\u0131klarda \u00e7al\u0131\u015fabilen ola\u011fan\u00fcst\u00fc bir kararl\u0131l\u0131k sergiler. Havada bile 1600\u00b0C'yi a\u015fan s\u0131cakl\u0131klarda g\u00fcvenilir performans\u0131n\u0131 koruyarak \u00e7o\u011fu geleneksel optik malzemeyi geride b\u0131rak\u0131r.<\/p>\n<p data-start=\"2332\" data-end=\"2548\">Ayr\u0131ca safir kimyasal olarak inerttir ve asitler, alkaliler ve di\u011fer agresif maddelerden kaynaklanan korozyona kar\u015f\u0131 diren\u00e7lidir. Bu \u00f6zellik onu \u00f6zellikle deniz, kimyasal ve y\u00fcksek nemli ortamlar i\u00e7in uygun hale getirir.<\/p>\n<h2 data-section-id=\"1y8un7j\" data-start=\"2555\" data-end=\"2573\">Temel \u00d6zellikler<img decoding=\"async\" class=\"size-medium wp-image-2312 alignright\" src=\"https:\/\/www.sapphire-windows.com\/wp-content\/uploads\/2026\/03\/10sapphire_dome_window_high_precision_for_optical_and_infrared_infrared_sensors-300x300.webp\" alt=\"\" width=\"300\" height=\"300\" srcset=\"https:\/\/www.sapphire-windows.com\/wp-content\/uploads\/2026\/03\/10sapphire_dome_window_high_precision_for_optical_and_infrared_infrared_sensors-300x300.webp 300w, https:\/\/www.sapphire-windows.com\/wp-content\/uploads\/2026\/03\/10sapphire_dome_window_high_precision_for_optical_and_infrared_infrared_sensors-150x150.webp 150w, https:\/\/www.sapphire-windows.com\/wp-content\/uploads\/2026\/03\/10sapphire_dome_window_high_precision_for_optical_and_infrared_infrared_sensors-768x768.webp 768w, https:\/\/www.sapphire-windows.com\/wp-content\/uploads\/2026\/03\/10sapphire_dome_window_high_precision_for_optical_and_infrared_infrared_sensors-12x12.webp 12w, https:\/\/www.sapphire-windows.com\/wp-content\/uploads\/2026\/03\/10sapphire_dome_window_high_precision_for_optical_and_infrared_infrared_sensors-600x600.webp 600w, https:\/\/www.sapphire-windows.com\/wp-content\/uploads\/2026\/03\/10sapphire_dome_window_high_precision_for_optical_and_infrared_infrared_sensors-100x100.webp 100w, https:\/\/www.sapphire-windows.com\/wp-content\/uploads\/2026\/03\/10sapphire_dome_window_high_precision_for_optical_and_infrared_infrared_sensors.webp 800w\" sizes=\"(max-width: 300px) 100vw, 300px\" \/><\/h2>\n<ul data-start=\"2575\" data-end=\"3118\">\n<li data-section-id=\"116uu6b\" data-start=\"2575\" data-end=\"2691\">A\u015f\u0131r\u0131 Sertlik ve A\u015f\u0131nma Direnci - A\u015f\u0131nd\u0131r\u0131c\u0131 ve y\u00fcksek darbeli ortamlarda uzun s\u00fcreli dayan\u0131kl\u0131l\u0131k sa\u011flar<\/li>\n<li data-section-id=\"1m580mr\" data-start=\"2692\" data-end=\"2782\">Geni\u015f Optik \u0130letim (UV'den IR'ye) - \u00c7ok spektrumlu optik sistemler i\u00e7in uygundur<\/li>\n<li data-section-id=\"1aabki0\" data-start=\"2783\" data-end=\"2864\">Y\u00fcksek Termal Kararl\u0131l\u0131k - A\u015f\u0131r\u0131 s\u0131cakl\u0131klar alt\u0131nda performans\u0131 korur<\/li>\n<li data-section-id=\"4qq0kg\" data-start=\"2865\" data-end=\"2958\">\u00dcst\u00fcn Mekanik Mukavemet - Kubbe yap\u0131s\u0131 bas\u0131n\u00e7 ve darbe direncini art\u0131r\u0131r<\/li>\n<li data-section-id=\"17fi0xt\" data-start=\"2959\" data-end=\"3041\">M\u00fckemmel Kimyasal Diren\u00e7 - A\u015f\u0131nd\u0131r\u0131c\u0131 ve zorlu ortamlar i\u00e7in ideal<\/li>\n<li data-section-id=\"1podhlq\" data-start=\"3042\" data-end=\"3118\">Hassas Optik Y\u00fczey Kalitesi - Minimum bozulma i\u00e7in &lt;10 \u00c5 RMS<\/li>\n<\/ul>\n<h2 data-section-id=\"4t5b8m\" data-start=\"3125\" data-end=\"3143\">Uygulamalar<\/h2>\n<p data-start=\"3145\" data-end=\"3261\">Safir kubbe pencereleri, a\u015f\u0131r\u0131 ko\u015fullar alt\u0131nda g\u00fcvenilir optik performans gerektiren end\u00fcstrilerde yayg\u0131n olarak kullan\u0131lmaktad\u0131r:<\/p>\n<ul data-start=\"3263\" data-end=\"3686\">\n<li data-section-id=\"aqylto\" data-start=\"3263\" data-end=\"3348\">K\u0131z\u0131l\u00f6tesi (IR) Sens\u00f6r Sistemleri - f\u00fcze g\u00fcd\u00fcm, termal g\u00f6r\u00fcnt\u00fcleme, \u0130HA sens\u00f6rleri<\/li>\n<li data-section-id=\"xtpf7f\" data-start=\"3349\" data-end=\"3433\">Havac\u0131l\u0131k ve Savunma - y\u00fcksek h\u0131zl\u0131 u\u00e7u\u015f ve zorlu \u00e7evre korumas\u0131<\/li>\n<li data-section-id=\"19fk6ce\" data-start=\"3434\" data-end=\"3513\">Sualt\u0131 Optik Sistemleri - derin deniz kameralar\u0131, sonar ve lidar muhafazalar\u0131<\/li>\n<li data-section-id=\"1y3f3z2\" data-start=\"3514\" data-end=\"3596\">Lazer ve Fotonik Ekipman - hassas optik bile\u015fenlerin korunmas\u0131<\/li>\n<li data-section-id=\"2i5w98\" data-start=\"3597\" data-end=\"3686\">End\u00fcstriyel \u0130zleme Sistemleri - y\u00fcksek s\u0131cakl\u0131k ve y\u00fcksek bas\u0131n\u00e7l\u0131 optik eri\u015fim<\/li>\n<\/ul>\n<h2 data-section-id=\"8lu2ky\" data-start=\"3693\" data-end=\"3723\">Teknik \u00d6zellikler<\/h2>\n<div class=\"TyagGW_tableContainer\">\n<div class=\"group TyagGW_tableWrapper flex flex-col-reverse w-fit\" tabindex=\"-1\">\n<table class=\"w-fit min-w-(--thread-content-width)\" data-start=\"3725\" data-end=\"4062\">\n<thead data-start=\"3725\" data-end=\"3746\">\n<tr data-start=\"3725\" data-end=\"3746\">\n<th class=\"\" data-start=\"3725\" data-end=\"3737\" data-col-size=\"sm\">Parametre<\/th>\n<th class=\"\" data-start=\"3737\" data-end=\"3746\" data-col-size=\"sm\">De\u011fer<\/th>\n<\/tr>\n<\/thead>\n<tbody data-start=\"3767\" data-end=\"4062\">\n<tr data-start=\"3767\" data-end=\"3814\">\n<td data-start=\"3767\" data-end=\"3778\" data-col-size=\"sm\">Malzeme<\/td>\n<td data-col-size=\"sm\" data-start=\"3778\" data-end=\"3814\">Monokristal Safir (Al\u2082O\u2083)<\/td>\n<\/tr>\n<tr data-start=\"3815\" data-end=\"3858\">\n<td data-start=\"3815\" data-end=\"3826\" data-col-size=\"sm\">\u00c7ap<\/td>\n<td data-col-size=\"sm\" data-start=\"3826\" data-end=\"3858\">5 mm - 200 mm (\u00d6zelle\u015ftirilebilir)<\/td>\n<\/tr>\n<tr data-start=\"3859\" data-end=\"3894\">\n<td data-start=\"3859\" data-end=\"3876\" data-col-size=\"sm\">Duvar Kal\u0131nl\u0131\u011f\u0131<\/td>\n<td data-start=\"3876\" data-end=\"3894\" data-col-size=\"sm\">0,5 mm - 10 mm<\/td>\n<\/tr>\n<tr data-start=\"3895\" data-end=\"3933\">\n<td data-start=\"3895\" data-end=\"3916\" data-col-size=\"sm\">\u0130letim Aral\u0131\u011f\u0131<\/td>\n<td data-col-size=\"sm\" data-start=\"3916\" data-end=\"3933\">170 nm - 5 \u00b5m<\/td>\n<\/tr>\n<tr data-start=\"3934\" data-end=\"3964\">\n<td data-start=\"3934\" data-end=\"3951\" data-col-size=\"sm\">Y\u00fczey \u0130\u015flemi<\/td>\n<td data-col-size=\"sm\" data-start=\"3951\" data-end=\"3964\">&lt;10 \u00c5 RMS<\/td>\n<\/tr>\n<tr data-start=\"3965\" data-end=\"4024\">\n<td data-start=\"3965\" data-end=\"3989\" data-col-size=\"sm\">\u00c7al\u0131\u015fma S\u0131cakl\u0131\u011f\u0131<\/td>\n<td data-col-size=\"sm\" data-start=\"3989\" data-end=\"4024\">1900\u00b0C'ye kadar (Vakum\/\u0130nert Gaz)<\/td>\n<\/tr>\n<tr data-start=\"4025\" data-end=\"4062\">\n<td data-start=\"4025\" data-end=\"4044\" data-col-size=\"sm\">K\u0131r\u0131lma \u0130ndisi<\/td>\n<td data-col-size=\"sm\" data-start=\"4044\" data-end=\"4062\">1,76 @ 0,55 \u00b5m<\/td>\n<\/tr>\n<\/tbody>\n<\/table>\n<\/div>\n<\/div>\n<h2 data-section-id=\"128v01u\" data-start=\"4069\" data-end=\"4096\">\u00d6zelle\u015ftirme Se\u00e7enekleri<\/h2>\n<p data-start=\"4098\" data-end=\"4183\">\u00d6zel uygulama gereksinimlerini kar\u015f\u0131lamak i\u00e7in esnek \u00f6zelle\u015ftirme hizmetleri sunuyoruz:<\/p>\n<ul data-start=\"4185\" data-end=\"4398\">\n<li data-section-id=\"1yu1d2f\" data-start=\"4185\" data-end=\"4226\">\u00d6zel kubbe \u00e7aplar\u0131 ve kal\u0131nl\u0131klar\u0131<\/li>\n<li data-section-id=\"r3834b\" data-start=\"4227\" data-end=\"4270\">\u0130\u00e7 ve d\u0131\u015f e\u011frilik yar\u0131\u00e7ap\u0131 tasar\u0131m\u0131<\/li>\n<li data-section-id=\"12bn40u\" data-start=\"4271\" data-end=\"4320\">Optik kaplamalar (AR, IR, geni\u015f bant kaplamalar)<\/li>\n<li data-section-id=\"1vbi42p\" data-start=\"4321\" data-end=\"4361\">Kenar \u015fekillendirme ve montaj yap\u0131lar\u0131<\/li>\n<li data-section-id=\"1i4khwz\" data-start=\"4362\" data-end=\"4398\">Y\u00fcksek hassasiyetli tolerans kontrol\u00fc<\/li>\n<\/ul>\n<h2 data-section-id=\"w1cnyx\" data-start=\"4405\" data-end=\"4414\">SSS<\/h2>\n<p data-start=\"4416\" data-end=\"4674\">S1: Safir kubbe pencerelerini cam alternatiflerinden daha iyi yapan nedir?<br data-start=\"4488\" data-end=\"4491\" \/>C: Safir \u00f6nemli \u00f6l\u00e7\u00fcde daha y\u00fcksek sertlik, daha iyi termal diren\u00e7 ve daha geni\u015f bir optik iletim aral\u0131\u011f\u0131 sunarak cam\u0131n ba\u015far\u0131s\u0131z olaca\u011f\u0131 zorlu ortamlar i\u00e7in idealdir.<\/p>\n<p data-start=\"4676\" data-end=\"4852\">S2: Safir kubbeler daha iyi performans i\u00e7in kaplanabilir mi?<br data-start=\"4738\" data-end=\"4741\" \/>C: Evet, optik verimlili\u011fi optimize etmek i\u00e7in yans\u0131ma \u00f6nleyici (AR), k\u0131z\u0131l\u00f6tesi (IR) ve \u00f6zel kaplamalar uygulanabilir.<\/p>\n<p data-start=\"4854\" data-end=\"5021\">S3: Bu kubbeler zorlu ortamlar i\u00e7in uygun mu?<br data-start=\"4912\" data-end=\"4915\" \/>C: Kesinlikle. Safir kubbeler y\u00fcksek s\u0131cakl\u0131k, bas\u0131n\u00e7 ve a\u015f\u0131nd\u0131r\u0131c\u0131 ko\u015fullar alt\u0131nda g\u00fcvenilir bir performans sergiler.<\/p>\n<p data-start=\"5023\" data-end=\"5167\">S4: \u00d6zel tasar\u0131mlar\u0131 destekliyor musunuz?<br data-start=\"5061\" data-end=\"5064\" \/>C: Evet, t\u00fcm kritik parametreler teknik \u00e7izimlerinize veya gereksinimlerinize g\u00f6re \u00f6zelle\u015ftirilebilir.<\/p>","protected":false},"excerpt":{"rendered":"<p>Safir Kubbe Penceresi, monokristal al\u00fcminyum oksitten (Al\u2082O\u2083) tasarlanm\u0131\u015f, a\u015f\u0131r\u0131 ve zorlu ortamlarda ola\u011fan\u00fcst\u00fc performans sunmak i\u00e7in tasarlanm\u0131\u015f y\u00fcksek performansl\u0131 bir optik bile\u015fendir. Cam veya kuvars gibi geleneksel optik malzemelerle kar\u015f\u0131la\u015ft\u0131r\u0131ld\u0131\u011f\u0131nda safir, mekanik mukavemet, termal stabilite ve optik \u015feffafl\u0131\u011f\u0131n benzersiz bir kombinasyonunu sa\u011flayarak onu geli\u015fmi\u015f optik ve k\u0131z\u0131l\u00f6tesi (IR) sistemler i\u00e7in ideal bir se\u00e7im haline getirir.<\/p>","protected":false},"featured_media":2311,"comment_status":"open","ping_status":"closed","template":"","meta":{"site-sidebar-layout":"default","site-content-layout":"","ast-site-content-layout":"default","site-content-style":"default","site-sidebar-style":"default","ast-global-header-display":"","ast-banner-title-visibility":"","ast-main-header-display":"","ast-hfb-above-header-display":"","ast-hfb-below-header-display":"","ast-hfb-mobile-header-display":"","site-post-title":"","ast-breadcrumbs-content":"","ast-featured-img":"","footer-sml-layout":"","ast-disable-related-posts":"","theme-transparent-header-meta":"default","adv-header-id-meta":"","stick-header-meta":"default","header-above-stick-meta":"","header-main-stick-meta":"","header-below-stick-meta":"","astra-migrate-meta-layouts":"set","ast-page-background-enabled":"default","ast-page-background-meta":{"desktop":{"background-color":"","background-image":"","background-repeat":"repeat","background-position":"center center","background-size":"auto","background-attachment":"scroll","background-type":"","background-media":"","overlay-type":"","overlay-color":"","overlay-opacity":"","overlay-gradient":""},"tablet":{"background-color":"","background-image":"","background-repeat":"repeat","background-position":"center center","background-size":"auto","background-attachment":"scroll","background-type":"","background-media":"","overlay-type":"","overlay-color":"","overlay-opacity":"","overlay-gradient":""},"mobile":{"background-color":"","background-image":"","background-repeat":"repeat","background-position":"center center","background-size":"auto","background-attachment":"scroll","background-type":"","background-media":"","overlay-type":"","overlay-color":"","overlay-opacity":"","overlay-gradient":""}},"ast-content-background-meta":{"desktop":{"background-color":"var(--ast-global-color-5)","background-image":"","background-repeat":"repeat","background-position":"center center","background-size":"auto","background-attachment":"scroll","background-type":"","background-media":"","overlay-type":"","overlay-color":"","overlay-opacity":"","overlay-gradient":""},"tablet":{"background-color":"var(--ast-global-color-5)","background-image":"","background-repeat":"repeat","background-position":"center center","background-size":"auto","background-attachment":"scroll","background-type":"","background-media":"","overlay-type":"","overlay-color":"","overlay-opacity":"","overlay-gradient":""},"mobile":{"background-color":"var(--ast-global-color-5)","background-image":"","background-repeat":"repeat","background-position":"center center","background-size":"auto","background-attachment":"scroll","background-type":"","background-media":"","overlay-type":"","overlay-color":"","overlay-opacity":"","overlay-gradient":""}}},"product_brand":[],"product_cat":[15],"product_tag":[484,96,480,481,485,478,78,482,479,483],"class_list":{"0":"post-2310","1":"product","2":"type-product","3":"status-publish","4":"has-post-thumbnail","6":"product_cat-sapphire-windows","7":"product_tag-aerospace-sapphire-dome","8":"product_tag-custom-sapphire-optics","9":"product_tag-infrared-sapphire-window","10":"product_tag-ir-dome-lens","11":"product_tag-optical-sapphire-components","12":"product_tag-sapphire-dome-window","13":"product_tag-sapphire-ir-window","14":"product_tag-sapphire-lens-for-sensors","15":"product_tag-sapphire-optical-dome","16":"product_tag-sapphire-protective-window","17":"desktop-align-left","18":"tablet-align-left","19":"mobile-align-left","20":"ast-product-gallery-layout-horizontal-slider","21":"ast-product-tabs-layout-horizontal","23":"first","24":"instock","25":"shipping-taxable","26":"product-type-simple"},"_links":{"self":[{"href":"https:\/\/www.sapphire-windows.com\/tr\/wp-json\/wp\/v2\/product\/2310","targetHints":{"allow":["GET"]}}],"collection":[{"href":"https:\/\/www.sapphire-windows.com\/tr\/wp-json\/wp\/v2\/product"}],"about":[{"href":"https:\/\/www.sapphire-windows.com\/tr\/wp-json\/wp\/v2\/types\/product"}],"replies":[{"embeddable":true,"href":"https:\/\/www.sapphire-windows.com\/tr\/wp-json\/wp\/v2\/comments?post=2310"}],"version-history":[{"count":2,"href":"https:\/\/www.sapphire-windows.com\/tr\/wp-json\/wp\/v2\/product\/2310\/revisions"}],"predecessor-version":[{"id":2316,"href":"https:\/\/www.sapphire-windows.com\/tr\/wp-json\/wp\/v2\/product\/2310\/revisions\/2316"}],"wp:featuredmedia":[{"embeddable":true,"href":"https:\/\/www.sapphire-windows.com\/tr\/wp-json\/wp\/v2\/media\/2311"}],"wp:attachment":[{"href":"https:\/\/www.sapphire-windows.com\/tr\/wp-json\/wp\/v2\/media?parent=2310"}],"wp:term":[{"taxonomy":"product_brand","embeddable":true,"href":"https:\/\/www.sapphire-windows.com\/tr\/wp-json\/wp\/v2\/product_brand?post=2310"},{"taxonomy":"product_cat","embeddable":true,"href":"https:\/\/www.sapphire-windows.com\/tr\/wp-json\/wp\/v2\/product_cat?post=2310"},{"taxonomy":"product_tag","embeddable":true,"href":"https:\/\/www.sapphire-windows.com\/tr\/wp-json\/wp\/v2\/product_tag?post=2310"}],"curies":[{"name":"wp","href":"https:\/\/api.w.org\/{rel}","templated":true}]}}