{"id":2077,"date":"2026-01-21T09:56:46","date_gmt":"2026-01-21T09:56:46","guid":{"rendered":"https:\/\/www.sapphire-windows.com\/?post_type=product&#038;p=2077"},"modified":"2026-01-21T09:56:47","modified_gmt":"2026-01-21T09:56:47","slug":"titanium-doped-sapphire-windows-tisapphire-high-hardness-transparent-optical-windows-for-protective-and-industrial-use","status":"publish","type":"product","link":"https:\/\/www.sapphire-windows.com\/tr\/product\/titanium-doped-sapphire-windows-tisapphire-high-hardness-transparent-optical-windows-for-protective-and-industrial-use\/","title":{"rendered":"Titanyum Katk\u0131l\u0131 Safir Pencereler (Ti:Safir) Koruyucu ve End\u00fcstriyel Kullan\u0131m i\u00e7in Y\u00fcksek Sertlikte \u015eeffaf Optik Pencereler"},"content":{"rendered":"<h2 data-start=\"137\" data-end=\"161\">\u00dcr\u00fcn A\u00e7\u0131klamas\u0131:<img fetchpriority=\"high\" decoding=\"async\" class=\"size-medium wp-image-2078 alignright\" src=\"https:\/\/www.sapphire-windows.com\/wp-content\/uploads\/2026\/01\/Titanium-doped-Sapphire-Windows-TiSapphire-High-Hardness-Transparent-Optical-Windows-for-Protective-and-Industrial-Use-1-300x300.jpg\" alt=\"\" width=\"300\" height=\"300\" srcset=\"https:\/\/www.sapphire-windows.com\/wp-content\/uploads\/2026\/01\/Titanium-doped-Sapphire-Windows-TiSapphire-High-Hardness-Transparent-Optical-Windows-for-Protective-and-Industrial-Use-1-300x300.jpg 300w, https:\/\/www.sapphire-windows.com\/wp-content\/uploads\/2026\/01\/Titanium-doped-Sapphire-Windows-TiSapphire-High-Hardness-Transparent-Optical-Windows-for-Protective-and-Industrial-Use-1-150x150.jpg 150w, https:\/\/www.sapphire-windows.com\/wp-content\/uploads\/2026\/01\/Titanium-doped-Sapphire-Windows-TiSapphire-High-Hardness-Transparent-Optical-Windows-for-Protective-and-Industrial-Use-1-768x768.jpg 768w, https:\/\/www.sapphire-windows.com\/wp-content\/uploads\/2026\/01\/Titanium-doped-Sapphire-Windows-TiSapphire-High-Hardness-Transparent-Optical-Windows-for-Protective-and-Industrial-Use-1-600x600.jpg 600w, https:\/\/www.sapphire-windows.com\/wp-content\/uploads\/2026\/01\/Titanium-doped-Sapphire-Windows-TiSapphire-High-Hardness-Transparent-Optical-Windows-for-Protective-and-Industrial-Use-1-100x100.jpg 100w, https:\/\/www.sapphire-windows.com\/wp-content\/uploads\/2026\/01\/Titanium-doped-Sapphire-Windows-TiSapphire-High-Hardness-Transparent-Optical-Windows-for-Protective-and-Industrial-Use-1.jpg 1000w\" sizes=\"(max-width: 300px) 100vw, 300px\" \/><\/h2>\n<p data-start=\"163\" data-end=\"745\">ZMSH, \u00e7ok \u00e7e\u015fitli end\u00fcstriyel, bilimsel ve koruyucu uygulamalar\u0131 kar\u015f\u0131lamak \u00fczere tasarlanm\u0131\u015f son derece dayan\u0131kl\u0131 ve \u015feffaf bir optik \u00e7\u00f6z\u00fcm olan Titanyum Katk\u0131l\u0131 Safir Pencereleri (Ti:Safir) sunar. Bu pencereler, \u00fcst\u00fcn \u00e7izilme direnci, termal stabilite ve kimyasal dayan\u0131kl\u0131l\u0131k i\u00e7in titanyum katk\u0131l\u0131 safirin (Ti\u2083+:Al\u2082O\u2083) g\u00fcc\u00fcnden ve berrakl\u0131\u011f\u0131ndan yararlan\u0131r. Y\u00fcksek hassasiyetli lazer sistemleri i\u00e7in uygun olmamakla birlikte, Ti:Safir pencereler zorlu ko\u015fullara kar\u015f\u0131 dayan\u0131kl\u0131l\u0131k gerektiren ortamlarda m\u00fckemmeldir ve uygun maliyetli koruma ve optik netlik sa\u011flar.<\/p>\n<p data-start=\"747\" data-end=\"1170\">Mohs sertli\u011fi 9 olan Ti:Safir pencereler, \u00e7izilmeye kar\u015f\u0131 dayan\u0131kl\u0131l\u0131k a\u00e7\u0131s\u0131ndan standart optik camdan daha iyi performans g\u00f6stererek a\u015f\u0131nma direnci ve dayan\u0131kl\u0131l\u0131k gerektiren uygulamalarda koruyucu kapaklar, sens\u00f6r pencereleri ve optik bile\u015fenler i\u00e7in idealdir. Bu pencereler kristal y\u00f6n\u00fc (A ekseni veya C ekseni) ve boyutu a\u00e7\u0131s\u0131ndan \u00f6zelle\u015ftirilebilir ve projenizin \u00f6zel ihtiya\u00e7lar\u0131n\u0131 kar\u015f\u0131lamalar\u0131n\u0131 sa\u011flar.<\/p>\n<h2 data-start=\"1172\" data-end=\"1189\"><img decoding=\"async\" class=\"size-medium wp-image-2080 alignleft\" src=\"https:\/\/www.sapphire-windows.com\/wp-content\/uploads\/2026\/01\/Titanium-doped-Sapphire-Windows-TiSapphire-High-Hardness-Transparent-Optical-Windows-for-Protective-and-Industrial-Use-2-300x300.png\" alt=\"\" width=\"300\" height=\"300\" srcset=\"https:\/\/www.sapphire-windows.com\/wp-content\/uploads\/2026\/01\/Titanium-doped-Sapphire-Windows-TiSapphire-High-Hardness-Transparent-Optical-Windows-for-Protective-and-Industrial-Use-2-300x300.png 300w, https:\/\/www.sapphire-windows.com\/wp-content\/uploads\/2026\/01\/Titanium-doped-Sapphire-Windows-TiSapphire-High-Hardness-Transparent-Optical-Windows-for-Protective-and-Industrial-Use-2-150x150.png 150w, https:\/\/www.sapphire-windows.com\/wp-content\/uploads\/2026\/01\/Titanium-doped-Sapphire-Windows-TiSapphire-High-Hardness-Transparent-Optical-Windows-for-Protective-and-Industrial-Use-2-768x768.png 768w, https:\/\/www.sapphire-windows.com\/wp-content\/uploads\/2026\/01\/Titanium-doped-Sapphire-Windows-TiSapphire-High-Hardness-Transparent-Optical-Windows-for-Protective-and-Industrial-Use-2-600x600.png 600w, https:\/\/www.sapphire-windows.com\/wp-content\/uploads\/2026\/01\/Titanium-doped-Sapphire-Windows-TiSapphire-High-Hardness-Transparent-Optical-Windows-for-Protective-and-Industrial-Use-2-100x100.png 100w, https:\/\/www.sapphire-windows.com\/wp-content\/uploads\/2026\/01\/Titanium-doped-Sapphire-Windows-TiSapphire-High-Hardness-Transparent-Optical-Windows-for-Protective-and-Industrial-Use-2.png 1000w\" sizes=\"(max-width: 300px) 100vw, 300px\" \/>Temel \u00d6zellikler:<\/h2>\n<ol data-start=\"1191\" data-end=\"2362\">\n<li data-start=\"1191\" data-end=\"1471\">\n<p data-start=\"1194\" data-end=\"1471\">\u00dcst\u00fcn Dayan\u0131kl\u0131l\u0131k ve \u00c7izilme Direnci:<br data-start=\"1241\" data-end=\"1244\" \/>Ti:Safir pencereler 9 Mohs sertli\u011finde tasarlanm\u0131\u015f olup normal optik camlara g\u00f6re 10 kat daha fazla \u00e7izilme direnci sunarak zorlu ortamlardaki koruyucu uygulamalar i\u00e7in m\u00fckemmeldir.<\/p>\n<\/li>\n<li data-start=\"1473\" data-end=\"1724\">\n<p data-start=\"1476\" data-end=\"1724\">Optik \u015eeffafl\u0131k:<br data-start=\"1501\" data-end=\"1504\" \/>Ti:Safir pencereler, hem g\u00f6r\u00fcn\u00fcr hem de k\u0131z\u0131l\u00f6tesi spektrumlarda y\u00fcksek iletim sunan m\u00fckemmel optik netlik sa\u011flar ve hassas lazer performans\u0131 gerektirmeyen optik bile\u015fenler i\u00e7in idealdir.<\/p>\n<\/li>\n<li data-start=\"1726\" data-end=\"2016\">\n<p data-start=\"1729\" data-end=\"2016\">Kimyasal ve Termal Stabilite:<br data-start=\"1764\" data-end=\"1767\" \/>Bu pencereler \u00e7o\u011fu aside, alkaliye ve \u00e7\u00f6z\u00fcc\u00fcye kar\u015f\u0131 olduk\u00e7a dayan\u0131kl\u0131d\u0131r, bu da onlar\u0131 kimyasal ortamlar i\u00e7in uygun hale getirir. Erime noktas\u0131 2040\u00b0C olan y\u00fcksek s\u0131cakl\u0131klara dayanabilir ve 800\u00b0C'ye kadar s\u00fcrekli \u00e7al\u0131\u015fabilir.<\/p>\n<\/li>\n<li data-start=\"2018\" data-end=\"2362\">\n<p data-start=\"2021\" data-end=\"2362\">\u00d6zelle\u015ftirme Se\u00e7enekleri:<br data-start=\"2047\" data-end=\"2050\" \/>ZMSH, y\u00fcksek \u015feffafl\u0131k i\u00e7in parlatma dahil olmak \u00fczere kristal y\u00f6nlendirme (A ekseni, C ekseni), boyut ve y\u00fczey i\u015fleme i\u00e7in tam \u00f6zelle\u015ftirme sunar. Bu, pencerelerin ister bilimsel ara\u015ft\u0131rma, ister sens\u00f6r korumas\u0131 veya end\u00fcstriyel uygulamalar i\u00e7in olsun, \u00f6zel ihtiya\u00e7lara uygun olmas\u0131n\u0131 sa\u011flar.<\/p>\n<\/li>\n<\/ol>\n<h3 data-start=\"2369\" data-end=\"2402\">Teknik \u00d6zellikler:<\/h3>\n<div class=\"TyagGW_tableContainer\">\n<div class=\"group TyagGW_tableWrapper flex flex-col-reverse w-fit\" tabindex=\"-1\">\n<table class=\"w-fit min-w-(--thread-content-width)\" data-start=\"2404\" data-end=\"3355\">\n<thead data-start=\"2404\" data-end=\"2480\">\n<tr data-start=\"2404\" data-end=\"2480\">\n<th data-start=\"2404\" data-end=\"2435\" data-col-size=\"sm\">M\u00fclkiyet<\/th>\n<th data-start=\"2435\" data-end=\"2480\" data-col-size=\"md\">De\u011fer<\/th>\n<\/tr>\n<\/thead>\n<tbody data-start=\"2558\" data-end=\"3355\">\n<tr data-start=\"2558\" data-end=\"2635\">\n<td data-start=\"2558\" data-end=\"2590\" data-col-size=\"sm\">Malzeme<\/td>\n<td data-col-size=\"md\" data-start=\"2590\" data-end=\"2635\">Titanyum katk\u0131l\u0131 Safir (Ti\u2083+:Al\u2082O\u2083)<\/td>\n<\/tr>\n<tr data-start=\"2636\" data-end=\"2713\">\n<td data-start=\"2636\" data-end=\"2668\" data-col-size=\"sm\">Yo\u011funluk<\/td>\n<td data-col-size=\"md\" data-start=\"2668\" data-end=\"2713\">3,98 g\/cm\u00b3<\/td>\n<\/tr>\n<tr data-start=\"2714\" data-end=\"2791\">\n<td data-start=\"2714\" data-end=\"2746\" data-col-size=\"sm\">Erime Noktas\u0131<\/td>\n<td data-col-size=\"md\" data-start=\"2746\" data-end=\"2791\">2040\u00b0C<\/td>\n<\/tr>\n<tr data-start=\"2792\" data-end=\"2869\">\n<td data-start=\"2792\" data-end=\"2824\" data-col-size=\"sm\">Mohs Sertli\u011fi<\/td>\n<td data-col-size=\"md\" data-start=\"2824\" data-end=\"2869\">9<\/td>\n<\/tr>\n<tr data-start=\"2870\" data-end=\"2947\">\n<td data-start=\"2870\" data-end=\"2902\" data-col-size=\"sm\">Termal \u0130letkenlik<\/td>\n<td data-start=\"2902\" data-end=\"2947\" data-col-size=\"md\">52 W\/m-K<\/td>\n<\/tr>\n<tr data-start=\"2948\" data-end=\"3025\">\n<td data-start=\"2948\" data-end=\"2980\" data-col-size=\"sm\">Kristal Y\u00f6nlendirme<\/td>\n<td data-col-size=\"md\" data-start=\"2980\" data-end=\"3025\">A ekseni \/ C ekseni (\u00d6zelle\u015ftirilebilir)<\/td>\n<\/tr>\n<tr data-start=\"3026\" data-end=\"3103\">\n<td data-start=\"3026\" data-end=\"3058\" data-col-size=\"sm\">Boyut<\/td>\n<td data-col-size=\"md\" data-start=\"3058\" data-end=\"3103\">\u00d6zelle\u015ftirilebilir (\u00d6zellikler i\u00e7in ileti\u015fime ge\u00e7in)<\/td>\n<\/tr>\n<tr data-start=\"3104\" data-end=\"3181\">\n<td data-start=\"3104\" data-end=\"3136\" data-col-size=\"sm\">K\u0131r\u0131lma \u0130ndisi<\/td>\n<td data-col-size=\"md\" data-start=\"3136\" data-end=\"3181\">~1,76 (800nm'de)<\/td>\n<\/tr>\n<tr data-start=\"3182\" data-end=\"3259\">\n<td data-start=\"3182\" data-end=\"3214\" data-col-size=\"sm\">Y\u00fczey \u0130\u015flemi<\/td>\n<td data-col-size=\"md\" data-start=\"3214\" data-end=\"3259\">Y\u00fcksek \u015feffafl\u0131k i\u00e7in parlat\u0131lm\u0131\u015f<\/td>\n<\/tr>\n<tr data-start=\"3260\" data-end=\"3355\">\n<td data-start=\"3260\" data-end=\"3292\" data-col-size=\"sm\">\u00c7al\u0131\u015fma S\u0131cakl\u0131\u011f\u0131<\/td>\n<td data-start=\"3292\" data-end=\"3355\" data-col-size=\"md\">S\u00fcrekli 800\u00b0C'ye kadar, 1800\u00b0C'ye kadar k\u0131sa s\u00fcreli tolerans<\/td>\n<\/tr>\n<\/tbody>\n<\/table>\n<\/div>\n<\/div>\n<h3 data-start=\"3362\" data-end=\"3391\">Birincil Uygulamalar:<img decoding=\"async\" class=\"size-medium wp-image-2079 alignright\" src=\"https:\/\/www.sapphire-windows.com\/wp-content\/uploads\/2026\/01\/Titanium-doped-Sapphire-Windows-TiSapphire-High-Hardness-Transparent-Optical-Windows-for-Protective-and-Industrial-Use-1-300x300.png\" alt=\"\" width=\"300\" height=\"300\" srcset=\"https:\/\/www.sapphire-windows.com\/wp-content\/uploads\/2026\/01\/Titanium-doped-Sapphire-Windows-TiSapphire-High-Hardness-Transparent-Optical-Windows-for-Protective-and-Industrial-Use-1-300x300.png 300w, https:\/\/www.sapphire-windows.com\/wp-content\/uploads\/2026\/01\/Titanium-doped-Sapphire-Windows-TiSapphire-High-Hardness-Transparent-Optical-Windows-for-Protective-and-Industrial-Use-1-150x150.png 150w, https:\/\/www.sapphire-windows.com\/wp-content\/uploads\/2026\/01\/Titanium-doped-Sapphire-Windows-TiSapphire-High-Hardness-Transparent-Optical-Windows-for-Protective-and-Industrial-Use-1-768x768.png 768w, https:\/\/www.sapphire-windows.com\/wp-content\/uploads\/2026\/01\/Titanium-doped-Sapphire-Windows-TiSapphire-High-Hardness-Transparent-Optical-Windows-for-Protective-and-Industrial-Use-1-600x600.png 600w, https:\/\/www.sapphire-windows.com\/wp-content\/uploads\/2026\/01\/Titanium-doped-Sapphire-Windows-TiSapphire-High-Hardness-Transparent-Optical-Windows-for-Protective-and-Industrial-Use-1-100x100.png 100w, https:\/\/www.sapphire-windows.com\/wp-content\/uploads\/2026\/01\/Titanium-doped-Sapphire-Windows-TiSapphire-High-Hardness-Transparent-Optical-Windows-for-Protective-and-Industrial-Use-1.png 1000w\" sizes=\"(max-width: 300px) 100vw, 300px\" \/><\/h3>\n<ol data-start=\"3393\" data-end=\"4393\">\n<li data-start=\"3393\" data-end=\"3659\">\n<p data-start=\"3396\" data-end=\"3659\">Koruyucu Pencereler:<br data-start=\"3419\" data-end=\"3422\" \/>Ti:Safir pencereler ola\u011fan\u00fcst\u00fc dayan\u0131kl\u0131l\u0131k ve kimyasal diren\u00e7 sunar, bu da onlar\u0131 hassas aletler, optik sens\u00f6rler ve zorlu ko\u015fullara maruz kalan end\u00fcstriyel ekipmanlar i\u00e7in koruyucu kapaklar olarak ideal hale getirir.<\/p>\n<\/li>\n<li data-start=\"3661\" data-end=\"3905\">\n<p data-start=\"3664\" data-end=\"3905\">Optik Bile\u015fenler:<br data-start=\"3687\" data-end=\"3690\" \/>Bu pencereler, a\u015f\u0131nma direnci ve \u0131\u015f\u0131k ge\u00e7irgenli\u011finin gerekli oldu\u011fu ancak \u00fcst d\u00fczey lazer hassasiyetinin gerekli olmad\u0131\u011f\u0131 filtreler, lensler veya g\u00f6r\u00fc\u015f alanlar\u0131 gibi optik bile\u015fenler olarak kullan\u0131l\u0131r.<\/p>\n<\/li>\n<li data-start=\"3907\" data-end=\"4139\">\n<p data-start=\"3910\" data-end=\"4139\">Sens\u00f6r Korumas\u0131:<br data-start=\"3932\" data-end=\"3935\" \/>Ti:Safir pencereler, yar\u0131 iletken \u00fcretimi ve havac\u0131l\u0131k uygulamalar\u0131 gibi ortamlarda optik sens\u00f6rleri fiziksel hasardan ve kimyasal erozyondan korumak i\u00e7in yayg\u0131n olarak kullan\u0131l\u0131r.<\/p>\n<\/li>\n<li data-start=\"4141\" data-end=\"4393\">\n<p data-start=\"4144\" data-end=\"4393\">Bilimsel Ara\u015ft\u0131rma ve End\u00fcstriyel Kullan\u0131m:<br data-start=\"4187\" data-end=\"4190\" \/>Bu pencereler y\u00fcksek bas\u0131n\u00e7l\u0131 veya y\u00fcksek s\u0131cakl\u0131kl\u0131 ortamlar i\u00e7in \u00e7ok uygundur ve bilimsel ara\u015ft\u0131rma laboratuvarlar\u0131nda ve end\u00fcstriyel g\u00f6zlem sistemlerinde g\u00fcvenilir performans sa\u011flar.<\/p>\n<\/li>\n<\/ol>\n<h3 data-start=\"4400\" data-end=\"4427\">\u00dcretim S\u00fcreci:<\/h3>\n<ol data-start=\"4429\" data-end=\"5208\">\n<li data-start=\"4429\" data-end=\"4583\">\n<p data-start=\"4432\" data-end=\"4583\">Hammadde Haz\u0131rlama:<br data-start=\"4461\" data-end=\"4464\" \/>Y\u00fcksek kaliteli Ti:Safir kristal olu\u015fturmak i\u00e7in y\u00fcksek safl\u0131kta safir (Al\u2082O\u2083) ve titanyum kaynaklar\u0131 se\u00e7ilmi\u015ftir.<\/p>\n<\/li>\n<li data-start=\"4585\" data-end=\"4757\">\n<p data-start=\"4588\" data-end=\"4757\">Doping:<br data-start=\"4599\" data-end=\"4602\" \/>Titanyum, S\u0131cakl\u0131k Gradyan Tekni\u011fi (TGT) gibi y\u00f6ntemler kullan\u0131larak yap\u0131labilen doping teknikleri yoluyla safir kristale dahil edilir.<\/p>\n<\/li>\n<li data-start=\"4759\" data-end=\"4995\">\n<p data-start=\"4762\" data-end=\"4995\">Kristal B\u00fcy\u00fcmesi:<br data-start=\"4781\" data-end=\"4784\" \/>Kristaller Czochralski (CZ) veya TGT gibi teknikler kullan\u0131larak b\u00fcy\u00fct\u00fcl\u00fcr, y\u00fcksek safl\u0131k ve homojenlik sa\u011flan\u0131r, ancak optik kalite y\u00fcksek hassasiyetli lazer sistemlerinin a\u015f\u0131r\u0131 taleplerini kar\u015f\u0131lamayabilir.<\/p>\n<\/li>\n<li data-start=\"4997\" data-end=\"5208\">\n<p data-start=\"5000\" data-end=\"5208\">Kesme ve Parlatma:<br data-start=\"5026\" data-end=\"5029\" \/>Kristal b\u00fcy\u00fcmesinden sonra malzeme dikkatlice so\u011futulur, pencereler halinde kesilir ve gerekli y\u00fczey kalitesi ve \u015feffafl\u0131\u011f\u0131 elde etmek i\u00e7in mekanik olarak parlat\u0131l\u0131r.<\/p>\n<\/li>\n<\/ol>\n<h3 data-start=\"5215\" data-end=\"5256\">S\u0131k\u00e7a Sorulan Sorular (SSS):<\/h3>\n<ol data-start=\"5258\" data-end=\"6535\">\n<li data-start=\"5258\" data-end=\"5581\">\n<p data-start=\"5261\" data-end=\"5581\">Ti:Safir pencereleri standart safir pencerelerden daha dayan\u0131kl\u0131 k\u0131lan nedir?<br data-start=\"5340\" data-end=\"5343\" \/>Ti:Safir pencereler, normal safir pencerelere k\u0131yasla daha fazla kimyasal diren\u00e7 ve \u00e7izilme direnci sunarak, fiziksel a\u015f\u0131nma veya kimyasallara maruz kal\u0131nan ortamlardaki koruyucu uygulamalar i\u00e7in idealdir.<\/p>\n<\/li>\n<li data-start=\"5583\" data-end=\"5932\">\n<p data-start=\"5586\" data-end=\"5932\">Ti:Safir pencereler y\u00fcksek hassasiyetli lazer uygulamalar\u0131 i\u00e7in uygun mudur?<br data-start=\"5661\" data-end=\"5664\" \/>Ti:Safir pencereler, y\u00fcksek performansl\u0131 lazerler i\u00e7in gereken optik homojenli\u011fi sa\u011flamad\u0131klar\u0131 i\u00e7in tipik olarak y\u00fcksek hassasiyetli lazer uygulamalar\u0131 i\u00e7in \u00f6nerilmez. Bununla birlikte, genel optik bile\u015fenler ve sens\u00f6r korumas\u0131 i\u00e7in iyi performans g\u00f6sterirler.<\/p>\n<\/li>\n<li data-start=\"5934\" data-end=\"6234\">\n<p data-start=\"5937\" data-end=\"6234\">Ti:Sapphire pencereler belirli uygulamalar i\u00e7in \u00f6zelle\u015ftirilebilir mi?<br data-start=\"6005\" data-end=\"6008\" \/>Evet, Ti:Safir pencereler \u00e7e\u015fitli end\u00fcstriyel ve bilimsel uygulamalar\u0131n \u00f6zel ihtiya\u00e7lar\u0131n\u0131 kar\u015f\u0131lamak i\u00e7in kristal oryantasyonu (A ekseni, C ekseni), boyut ve y\u00fczey kalitesi a\u00e7\u0131s\u0131ndan \u00f6zelle\u015ftirilebilir.<\/p>\n<\/li>\n<li data-start=\"6236\" data-end=\"6535\">\n<p data-start=\"6239\" data-end=\"6535\">Ti:Safir pencereler hangi sekt\u00f6rlerde kullan\u0131l\u0131r?<br data-start=\"6283\" data-end=\"6286\" \/>Ti:Safir pencereler yar\u0131 iletkenler, havac\u0131l\u0131k, savunma, t\u0131bbi cihazlar ve bilimsel ara\u015ft\u0131rma gibi dayan\u0131kl\u0131l\u0131k, kimyasal diren\u00e7 ve termal kararl\u0131l\u0131\u011f\u0131n \u00f6nemli oldu\u011fu sekt\u00f6rlerde kullan\u0131lmaktad\u0131r.<\/p>\n<\/li>\n<\/ol>","protected":false},"excerpt":{"rendered":"<p>ZMSH, \u00e7ok \u00e7e\u015fitli end\u00fcstriyel, bilimsel ve koruyucu uygulamalar\u0131 kar\u015f\u0131lamak i\u00e7in tasarlanm\u0131\u015f son derece dayan\u0131kl\u0131 ve \u015feffaf bir optik \u00e7\u00f6z\u00fcm olan Titanyum katk\u0131l\u0131 Safir Pencereleri (Ti:Safir) sunar.<\/p>","protected":false},"featured_media":2078,"comment_status":"open","ping_status":"closed","template":"","meta":{"site-sidebar-layout":"default","site-content-layout":"","ast-site-content-layout":"default","site-content-style":"default","site-sidebar-style":"default","ast-global-header-display":"","ast-banner-title-visibility":"","ast-main-header-display":"","ast-hfb-above-header-display":"","ast-hfb-below-header-display":"","ast-hfb-mobile-header-display":"","site-post-title":"","ast-breadcrumbs-content":"","ast-featured-img":"","footer-sml-layout":"","ast-disable-related-posts":"","theme-transparent-header-meta":"default","adv-header-id-meta":"","stick-header-meta":"default","header-above-stick-meta":"","header-main-stick-meta":"","header-below-stick-meta":"","astra-migrate-meta-layouts":"set","ast-page-background-enabled":"default","ast-page-background-meta":{"desktop":{"background-color":"","background-image":"","background-repeat":"repeat","background-position":"center center","background-size":"auto","background-attachment":"scroll","background-type":"","background-media":"","overlay-type":"","overlay-color":"","overlay-opacity":"","overlay-gradient":""},"tablet":{"background-color":"","background-image":"","background-repeat":"repeat","background-position":"center center","background-size":"auto","background-attachment":"scroll","background-type":"","background-media":"","overlay-type":"","overlay-color":"","overlay-opacity":"","overlay-gradient":""},"mobile":{"background-color":"","background-image":"","background-repeat":"repeat","background-position":"center center","background-size":"auto","background-attachment":"scroll","background-type":"","background-media":"","overlay-type":"","overlay-color":"","overlay-opacity":"","overlay-gradient":""}},"ast-content-background-meta":{"desktop":{"background-color":"var(--ast-global-color-5)","background-image":"","background-repeat":"repeat","background-position":"center center","background-size":"auto","background-attachment":"scroll","background-type":"","background-media":"","overlay-type":"","overlay-color":"","overlay-opacity":"","overlay-gradient":""},"tablet":{"background-color":"var(--ast-global-color-5)","background-image":"","background-repeat":"repeat","background-position":"center center","background-size":"auto","background-attachment":"scroll","background-type":"","background-media":"","overlay-type":"","overlay-color":"","overlay-opacity":"","overlay-gradient":""},"mobile":{"background-color":"var(--ast-global-color-5)","background-image":"","background-repeat":"repeat","background-position":"center center","background-size":"auto","background-attachment":"scroll","background-type":"","background-media":"","overlay-type":"","overlay-color":"","overlay-opacity":"","overlay-gradient":""}}},"product_brand":[],"product_cat":[15],"product_tag":[145,142,143,144,140,141],"class_list":{"0":"post-2077","1":"product","2":"type-product","3":"status-publish","4":"has-post-thumbnail","6":"product_cat-sapphire-windows","7":"product_tag-durable-optical-windows","8":"product_tag-optical-windows","9":"product_tag-protective-sapphire-windows","10":"product_tag-sensor-protection-windows","11":"product_tag-tisapphire-window","12":"product_tag-titanium-sapphire-window","13":"desktop-align-left","14":"tablet-align-left","15":"mobile-align-left","16":"ast-product-gallery-layout-horizontal-slider","17":"ast-product-tabs-layout-horizontal","19":"first","20":"instock","21":"shipping-taxable","22":"product-type-simple"},"_links":{"self":[{"href":"https:\/\/www.sapphire-windows.com\/tr\/wp-json\/wp\/v2\/product\/2077","targetHints":{"allow":["GET"]}}],"collection":[{"href":"https:\/\/www.sapphire-windows.com\/tr\/wp-json\/wp\/v2\/product"}],"about":[{"href":"https:\/\/www.sapphire-windows.com\/tr\/wp-json\/wp\/v2\/types\/product"}],"replies":[{"embeddable":true,"href":"https:\/\/www.sapphire-windows.com\/tr\/wp-json\/wp\/v2\/comments?post=2077"}],"version-history":[{"count":2,"href":"https:\/\/www.sapphire-windows.com\/tr\/wp-json\/wp\/v2\/product\/2077\/revisions"}],"predecessor-version":[{"id":2082,"href":"https:\/\/www.sapphire-windows.com\/tr\/wp-json\/wp\/v2\/product\/2077\/revisions\/2082"}],"wp:featuredmedia":[{"embeddable":true,"href":"https:\/\/www.sapphire-windows.com\/tr\/wp-json\/wp\/v2\/media\/2078"}],"wp:attachment":[{"href":"https:\/\/www.sapphire-windows.com\/tr\/wp-json\/wp\/v2\/media?parent=2077"}],"wp:term":[{"taxonomy":"product_brand","embeddable":true,"href":"https:\/\/www.sapphire-windows.com\/tr\/wp-json\/wp\/v2\/product_brand?post=2077"},{"taxonomy":"product_cat","embeddable":true,"href":"https:\/\/www.sapphire-windows.com\/tr\/wp-json\/wp\/v2\/product_cat?post=2077"},{"taxonomy":"product_tag","embeddable":true,"href":"https:\/\/www.sapphire-windows.com\/tr\/wp-json\/wp\/v2\/product_tag?post=2077"}],"curies":[{"name":"wp","href":"https:\/\/api.w.org\/{rel}","templated":true}]}}