{"id":2072,"date":"2026-01-21T09:23:50","date_gmt":"2026-01-21T09:23:50","guid":{"rendered":"https:\/\/www.sapphire-windows.com\/?post_type=product&#038;p=2072"},"modified":"2026-02-10T15:37:16","modified_gmt":"2026-02-10T15:37:16","slug":"circular-sapphire-windows-high-transmittance-90-sapphire-glass-for-laser-applications","status":"publish","type":"product","link":"https:\/\/www.sapphire-windows.com\/tr\/product\/circular-sapphire-windows-high-transmittance-90-sapphire-glass-for-laser-applications\/","title":{"rendered":"Dairesel Safir Pencereler Lazer Uygulamalar\u0131 i\u00e7in Y\u00fcksek Ge\u00e7irgenlikli 90% Safir Cam"},"content":{"rendered":"<h2 data-start=\"115\" data-end=\"139\">\u00dcr\u00fcn A\u00e7\u0131klamas\u0131:<\/h2>\n<p data-start=\"141\" data-end=\"726\">ZMSH'nin Dairesel Safir Pencereleri, 99,999% saf tek kristal safirden (Al\u2082O\u2083) yap\u0131lm\u0131\u015f y\u00fcksek performansl\u0131 bir optik bile\u015fendir. Zorlu uygulamalar i\u00e7in tasarlanan bu safir pencereler, geni\u015f bir spektrumda (250nm-5500nm) 90%'nin \u00fczerinde ge\u00e7irgenlik sunar, \u00f6zellikle k\u0131z\u0131l\u00f6tesi (3-5\u03bcm MIR) aral\u0131\u011f\u0131nda m\u00fckemmelle\u015fir, bu da onlar\u0131 lazer sistemleri, yar\u0131 iletken ekipman, y\u00fcksek s\u0131cakl\u0131kta end\u00fcstriyel g\u00f6zlem ve havac\u0131l\u0131k enstr\u00fcmantasyonu i\u00e7in ideal hale getirir. Ayr\u0131ca bilimsel aletlerde, t\u0131bbi cihazlarda ve optik sens\u00f6rlerde de yayg\u0131n olarak kullan\u0131l\u0131rlar.<\/p>\n<p data-start=\"141\" data-end=\"726\"><img fetchpriority=\"high\" decoding=\"async\" class=\"size-medium wp-image-2075 alignright\" src=\"https:\/\/www.sapphire-windows.com\/wp-content\/uploads\/2026\/01\/Circular-Sapphire-Windows-High-Transmittance-90-Sapphire-Glass-for-Laser-Applications-3-300x300.webp\" alt=\"\" width=\"300\" height=\"300\" srcset=\"https:\/\/www.sapphire-windows.com\/wp-content\/uploads\/2026\/01\/Circular-Sapphire-Windows-High-Transmittance-90-Sapphire-Glass-for-Laser-Applications-3-300x300.webp 300w, https:\/\/www.sapphire-windows.com\/wp-content\/uploads\/2026\/01\/Circular-Sapphire-Windows-High-Transmittance-90-Sapphire-Glass-for-Laser-Applications-3-150x150.webp 150w, https:\/\/www.sapphire-windows.com\/wp-content\/uploads\/2026\/01\/Circular-Sapphire-Windows-High-Transmittance-90-Sapphire-Glass-for-Laser-Applications-3-600x600.webp 600w, https:\/\/www.sapphire-windows.com\/wp-content\/uploads\/2026\/01\/Circular-Sapphire-Windows-High-Transmittance-90-Sapphire-Glass-for-Laser-Applications-3-100x100.webp 100w, https:\/\/www.sapphire-windows.com\/wp-content\/uploads\/2026\/01\/Circular-Sapphire-Windows-High-Transmittance-90-Sapphire-Glass-for-Laser-Applications-3.webp 750w\" sizes=\"(max-width: 300px) 100vw, 300px\" \/><\/p>\n<p data-start=\"728\" data-end=\"1237\">Mohs sertli\u011fi 9 olan safir, standart optik camdan 10 kat daha fazla \u00e7izilme direnci sa\u011flayarak y\u00fcksek darbeli ortamlarda bile dayan\u0131kl\u0131l\u0131k sa\u011flar. 2040\u00b0C'lik y\u00fcksek erime noktas\u0131 ile safir pencereler, 800\u00b0C'ye kadar s\u00fcrekli \u00e7al\u0131\u015fma ve 1800\u00b0C'ye kadar k\u0131sa s\u00fcreli tolerans ile a\u015f\u0131r\u0131 \u0131s\u0131da g\u00fcvenilir bir performans sergiler. Ayr\u0131ca, bu pencereler \u00e7o\u011fu asit, alkali ve solvente kar\u015f\u0131 kimyasal olarak dayan\u0131kl\u0131d\u0131r, bu da onlar\u0131 zorlu end\u00fcstriyel ve kimyasal ortamlar i\u00e7in uygun hale getirir.<\/p>\n<p data-start=\"1239\" data-end=\"1746\">ZMSH, AR (yans\u0131ma \u00f6nleyici) kaplamalar, y\u00fcksek iletimli kaplamalar ve kirlenme \u00f6nleyici kaplamalar gibi \u00e7e\u015fitli kaplamalar\u0131n yan\u0131 s\u0131ra boyut (\u00e7ap\u0131 5 mm'den 300 mm'ye kadar) ve kal\u0131nl\u0131k (0,3 mm'den 20 mm'ye kadar) \u00f6zelle\u015ftirmesi sunar. Geli\u015fmi\u015f CNC i\u015fleme ve lazer i\u015fleme teknolojilerini kullanarak hassas, dar toleranslar (\u00b10,01 mm) ve y\u00fcksek y\u00fczey kalitesi (\u03bb\/10 d\u00fczl\u00fc\u011fe kadar) sa\u011fl\u0131yor, pencerelerin optik sistemlerin zorlu taleplerini kar\u015f\u0131lamas\u0131n\u0131 sa\u011fl\u0131yoruz.<\/p>\n<h2 data-start=\"1648\" data-end=\"1665\">Temel \u00d6zellikler:<\/h2>\n<ol data-start=\"1667\" data-end=\"2636\">\n<li data-start=\"1667\" data-end=\"1883\">\n<p data-start=\"1670\" data-end=\"1704\">\u00dcst\u00fcn Optik Performans:<\/p>\n<ul data-start=\"1708\" data-end=\"1883\">\n<li data-start=\"1708\" data-end=\"1883\">\n<p data-start=\"1710\" data-end=\"1883\">K\u0131z\u0131l\u00f6tesi (3-5\u03bcm) aral\u0131\u011f\u0131nda m\u00fckemmelle\u015ferek 250nm'den 5500nm'ye kadar &gt;90% ge\u00e7irgenlik elde eder, bu da onu lazer ve k\u0131z\u0131l\u00f6tesi g\u00f6r\u00fcnt\u00fcleme uygulamalar\u0131 i\u00e7in m\u00fckemmel hale getirir.<\/p>\n<\/li>\n<\/ul>\n<\/li>\n<li data-start=\"1885\" data-end=\"2113\">\n<p data-start=\"1888\" data-end=\"1924\">Ola\u011fan\u00fcst\u00fc Mekanik Mukavemet:<img decoding=\"async\" class=\"size-medium wp-image-2073 alignleft\" src=\"https:\/\/www.sapphire-windows.com\/wp-content\/uploads\/2026\/01\/Circular-Sapphire-Windows-High-Transmittance-90-Sapphire-Glass-for-Laser-Applications-1-300x300.webp\" alt=\"\" width=\"300\" height=\"300\" srcset=\"https:\/\/www.sapphire-windows.com\/wp-content\/uploads\/2026\/01\/Circular-Sapphire-Windows-High-Transmittance-90-Sapphire-Glass-for-Laser-Applications-1-300x300.webp 300w, https:\/\/www.sapphire-windows.com\/wp-content\/uploads\/2026\/01\/Circular-Sapphire-Windows-High-Transmittance-90-Sapphire-Glass-for-Laser-Applications-1-150x150.webp 150w, https:\/\/www.sapphire-windows.com\/wp-content\/uploads\/2026\/01\/Circular-Sapphire-Windows-High-Transmittance-90-Sapphire-Glass-for-Laser-Applications-1-600x600.webp 600w, https:\/\/www.sapphire-windows.com\/wp-content\/uploads\/2026\/01\/Circular-Sapphire-Windows-High-Transmittance-90-Sapphire-Glass-for-Laser-Applications-1-100x100.webp 100w, https:\/\/www.sapphire-windows.com\/wp-content\/uploads\/2026\/01\/Circular-Sapphire-Windows-High-Transmittance-90-Sapphire-Glass-for-Laser-Applications-1.webp 750w\" sizes=\"(max-width: 300px) 100vw, 300px\" \/><\/p>\n<ul data-start=\"1928\" data-end=\"2113\">\n<li data-start=\"1928\" data-end=\"2113\">\n<p data-start=\"1930\" data-end=\"2113\">Mohs sertli\u011fi 9 olan safir pencere, geleneksel optik cama g\u00f6re 10 kat daha iyi \u00e7izilme direnci sunarak y\u00fcksek darbeli ve a\u015f\u0131nd\u0131r\u0131c\u0131 ortamlarda uzun \u00f6m\u00fcrl\u00fcl\u00fck sa\u011flar.<\/p>\n<\/li>\n<\/ul>\n<\/li>\n<li data-start=\"2115\" data-end=\"2399\">\n<p data-start=\"2118\" data-end=\"2155\">A\u015f\u0131r\u0131 \u00c7evresel Diren\u00e7:<\/p>\n<ul data-start=\"2159\" data-end=\"2399\">\n<li data-start=\"2159\" data-end=\"2235\">\n<p data-start=\"2161\" data-end=\"2235\">Erime noktas\u0131: 2040\u00b0C, y\u00fcksek s\u0131cakl\u0131kl\u0131 ortamlar i\u00e7in uygundur.<\/p>\n<\/li>\n<li data-start=\"2239\" data-end=\"2319\">\n<p data-start=\"2241\" data-end=\"2319\">1800\u00b0C'ye kadar k\u0131sa s\u00fcreli tolerans ile 800\u00b0C'de s\u00fcrekli \u00e7al\u0131\u015f\u0131r.<\/p>\n<\/li>\n<li data-start=\"2323\" data-end=\"2399\">\n<p data-start=\"2325\" data-end=\"2399\">Kimyasal diren\u00e7: Asit\/alkali ortamlarda kararl\u0131d\u0131r (pH 1-13).<\/p>\n<\/li>\n<\/ul>\n<\/li>\n<li data-start=\"2401\" data-end=\"2636\">\n<p data-start=\"2404\" data-end=\"2427\">Termal Kararl\u0131l\u0131k:<\/p>\n<ul data-start=\"2431\" data-end=\"2636\">\n<li data-start=\"2431\" data-end=\"2636\">\n<p data-start=\"2433\" data-end=\"2636\">5,3\u00d710-\u2076\/\u00b0C'lik d\u00fc\u015f\u00fck termal genle\u015fme katsay\u0131s\u0131, h\u0131zl\u0131 termal d\u00f6ng\u00fc alt\u0131nda bile optik y\u00fczey do\u011frulu\u011fu sa\u011flar ve bu da onu dalgal\u0131 s\u0131cakl\u0131klardaki hassas uygulamalar i\u00e7in ideal hale getirir.<\/p>\n<\/li>\n<\/ul>\n<\/li>\n<\/ol>\n<h2 data-start=\"2643\" data-end=\"2672\">Teknik \u00d6zellikler:<\/h2>\n<ul data-start=\"2674\" data-end=\"3035\">\n<li data-start=\"2674\" data-end=\"2721\">\n<p data-start=\"2676\" data-end=\"2721\">Malzeme: Tek Kristal Safir (Al\u2082O\u2083)<\/p>\n<\/li>\n<li data-start=\"2722\" data-end=\"2747\">\n<p data-start=\"2724\" data-end=\"2747\">Yo\u011funluk: 3,98 g\/cm\u00b3<\/p>\n<\/li>\n<li data-start=\"2748\" data-end=\"2775\">\n<p data-start=\"2750\" data-end=\"2775\">Erime Noktas\u0131: 2040\u00b0C<\/p>\n<\/li>\n<li data-start=\"2776\" data-end=\"2798\">\n<p data-start=\"2778\" data-end=\"2798\">Mohs Sertli\u011fi: 9<\/p>\n<\/li>\n<li data-start=\"2799\" data-end=\"2835\">\n<p data-start=\"2801\" data-end=\"2835\">Termal \u0130letkenlik: 52 W\/m-K<\/p>\n<\/li>\n<li data-start=\"2836\" data-end=\"2874\">\n<p data-start=\"2838\" data-end=\"2874\">Termal Genle\u015fme: 5,3 \u00d7 10-\u2076\/\u00b0C<\/p>\n<\/li>\n<li data-start=\"2875\" data-end=\"2915\">\n<p data-start=\"2877\" data-end=\"2915\">Ge\u00e7irgenlik: &gt;90% (250nm-5500nm)<\/p>\n<\/li>\n<li data-start=\"2916\" data-end=\"2976\">\n<p data-start=\"2918\" data-end=\"2976\">Y\u00fczey \u0130\u015flemi: DSP veya SSP (\u00d6zel y\u00fczeyler mevcuttur)<\/p>\n<\/li>\n<li data-start=\"2977\" data-end=\"3035\">\n<p data-start=\"2979\" data-end=\"3035\">Boyut Aral\u0131\u011f\u0131: 5mm-300mm \u00e7ap, 0.3mm-20mm kal\u0131nl\u0131k<\/p>\n<\/li>\n<\/ul>\n<h2 data-start=\"3042\" data-end=\"3067\">Birincil Uygulamalar:<img decoding=\"async\" class=\"size-medium wp-image-2074 alignright\" src=\"https:\/\/www.sapphire-windows.com\/wp-content\/uploads\/2026\/01\/Circular-Sapphire-Windows-High-Transmittance-90-Sapphire-Glass-for-Laser-Applications-2-300x300.jpg\" alt=\"\" width=\"300\" height=\"300\" srcset=\"https:\/\/www.sapphire-windows.com\/wp-content\/uploads\/2026\/01\/Circular-Sapphire-Windows-High-Transmittance-90-Sapphire-Glass-for-Laser-Applications-2-300x300.jpg 300w, https:\/\/www.sapphire-windows.com\/wp-content\/uploads\/2026\/01\/Circular-Sapphire-Windows-High-Transmittance-90-Sapphire-Glass-for-Laser-Applications-2-150x150.jpg 150w, https:\/\/www.sapphire-windows.com\/wp-content\/uploads\/2026\/01\/Circular-Sapphire-Windows-High-Transmittance-90-Sapphire-Glass-for-Laser-Applications-2-600x600.jpg 600w, https:\/\/www.sapphire-windows.com\/wp-content\/uploads\/2026\/01\/Circular-Sapphire-Windows-High-Transmittance-90-Sapphire-Glass-for-Laser-Applications-2-100x100.jpg 100w, https:\/\/www.sapphire-windows.com\/wp-content\/uploads\/2026\/01\/Circular-Sapphire-Windows-High-Transmittance-90-Sapphire-Glass-for-Laser-Applications-2.jpg 750w\" sizes=\"(max-width: 300px) 100vw, 300px\" \/><\/h2>\n<ol data-start=\"3069\" data-end=\"3978\">\n<li data-start=\"3069\" data-end=\"3318\">\n<p data-start=\"3072\" data-end=\"3090\">Lazer Sistemleri:<\/p>\n<ul data-start=\"3094\" data-end=\"3318\">\n<li data-start=\"3094\" data-end=\"3318\">\n<p data-start=\"3096\" data-end=\"3318\">Safir dairesel pencereler, CO\u2082 ve fiber lazer sistemlerinde \u00e7\u0131k\u0131\u015f pencereleri ve koruyucu lensler olarak yayg\u0131n \u015fekilde kullan\u0131l\u0131r ve termal lensleme etkilerini en aza indirirken y\u00fcksek g\u00fc\u00e7l\u00fc lazer \u0131\u015f\u0131n\u0131m\u0131na (&gt;5kW\/cm\u00b2) dayan\u0131r.<\/p>\n<\/li>\n<\/ul>\n<\/li>\n<li data-start=\"3320\" data-end=\"3525\">\n<p data-start=\"3323\" data-end=\"3367\">Y\u00fcksek S\u0131cakl\u0131kta End\u00fcstriyel G\u00f6zlem:<\/p>\n<ul data-start=\"3371\" data-end=\"3525\">\n<li data-start=\"3371\" data-end=\"3525\">\n<p data-start=\"3373\" data-end=\"3525\">\u00c7elik \u00fcretimi ve cam \u015fekillendirme ekipmanlar\u0131ndaki g\u00f6r\u00fc\u015f alanlar\u0131 i\u00e7in idealdir, bu\u011fulanma veya deformasyon olmadan 1000\u00b0C'nin \u00fczerinde optik netli\u011fi korur.<\/p>\n<\/li>\n<\/ul>\n<\/li>\n<li data-start=\"3527\" data-end=\"3752\">\n<p data-start=\"3530\" data-end=\"3554\">Havac\u0131l\u0131k ve Savunma:<\/p>\n<ul data-start=\"3558\" data-end=\"3752\">\n<li data-start=\"3558\" data-end=\"3752\">\n<p data-start=\"3560\" data-end=\"3752\">Bu safir pencereler elektro-optik sens\u00f6rlerde ve f\u00fcze aray\u0131c\u0131lar\u0131nda kullan\u0131l\u0131r ve optik netli\u011fi korurken s\u00fcpersonik aerodinamik \u0131s\u0131nmaya kar\u015f\u0131 darbe direnci sunar.<\/p>\n<\/li>\n<\/ul>\n<\/li>\n<li data-start=\"3754\" data-end=\"3978\">\n<p data-start=\"3757\" data-end=\"3794\">Bilimsel ve T\u0131bbi Aletler:<\/p>\n<ul data-start=\"3798\" data-end=\"3978\">\n<li data-start=\"3798\" data-end=\"3978\">\n<p data-start=\"3800\" data-end=\"3978\">Safir dairesel pencereler senkrotron radyasyon ekipmanlar\u0131nda, endoskoplarda ve di\u011fer y\u00fcksek performansl\u0131 optik sistemlerde \u00e7ok \u00f6nemlidir ve kararl\u0131 optik kanallar sa\u011flar.<\/p>\n<\/li>\n<\/ul>\n<\/li>\n<\/ol>\n<h2 data-start=\"3985\" data-end=\"4022\">S\u0131k\u00e7a Sorulan Sorular (SSS):<\/h2>\n<ol data-start=\"4024\" data-end=\"4948\">\n<li data-start=\"4024\" data-end=\"4349\">\n<p data-start=\"4027\" data-end=\"4095\">Safir pencerelerin geleneksel cama g\u00f6re ne gibi avantajlar\u0131 vard\u0131r?<\/p>\n<ul data-start=\"4099\" data-end=\"4349\">\n<li data-start=\"4099\" data-end=\"4349\">\n<p data-start=\"4101\" data-end=\"4349\">Safir pencereler 10 kat daha y\u00fcksek \u00e7izilme direnci (Mohs 9), UV ila IR aral\u0131klar\u0131nda daha iyi spektral iletim ve \u00fcst\u00fcn termal ve kimyasal dayan\u0131kl\u0131l\u0131k sunarak onlar\u0131 zorlu ortamlardaki y\u00fcksek performansl\u0131 uygulamalar i\u00e7in ideal hale getirir.<\/p>\n<\/li>\n<\/ul>\n<\/li>\n<li data-start=\"4351\" data-end=\"4657\">\n<p data-start=\"4354\" data-end=\"4405\">Lazer sistemleri i\u00e7in safir pencereler kullan\u0131labilir mi?<\/p>\n<ul data-start=\"4409\" data-end=\"4657\">\n<li data-start=\"4409\" data-end=\"4657\">\n<p data-start=\"4411\" data-end=\"4657\">Evet, ZMSH yans\u0131ma \u00f6nleyici (AR) kaplamalara ve y\u00fcksek ge\u00e7irgenlikli kaplamalara sahip lazer s\u0131n\u0131f\u0131 safir pencereler sa\u011flar. Bu pencereler, y\u00fcksek g\u00fc\u00e7l\u00fc lazer sistemleri i\u00e7in m\u00fckemmeldir ve minimum termal lensleme ve uzun vadeli g\u00fcvenilirlik sunar.<\/p>\n<\/li>\n<\/ul>\n<\/li>\n<li data-start=\"4659\" data-end=\"4948\">\n<p data-start=\"4662\" data-end=\"4718\">Safir camlar y\u00fcksek s\u0131cakl\u0131klara dayan\u0131kl\u0131 m\u0131d\u0131r?<\/p>\n<ul data-start=\"4722\" data-end=\"4948\">\n<li data-start=\"4722\" data-end=\"4948\">\n<p data-start=\"4724\" data-end=\"4948\">Safir pencereler 2040\u00b0C gibi y\u00fcksek bir erime noktas\u0131na sahiptir, bu da onlar\u0131 y\u00fcksek s\u0131cakl\u0131kl\u0131 ortamlar i\u00e7in uygun hale getirir. S\u00fcrekli olarak 800\u00b0C'ye kadar \u00e7al\u0131\u015fabilir ve 1800\u00b0C'ye kadar k\u0131sa s\u00fcreli maruziyetlere dayanabilirler.<\/p>\n<\/li>\n<\/ul>\n<\/li>\n<li>\n<p data-start=\"5068\" data-end=\"5121\">Safir pencerelerin boyutu \u00f6zelle\u015ftirilebilir mi?<\/p>\n<ul data-start=\"5125\" data-end=\"5363\">\n<li data-start=\"5125\" data-end=\"5363\">\n<p data-start=\"5127\" data-end=\"5363\">Evet, \u00f6zel proje gereksinimlerine uyacak \u015fekilde \u00e7ap (5 mm'den 300 mm'ye kadar) ve kal\u0131nl\u0131k (0,3 mm'den 20 mm'ye kadar) a\u00e7\u0131s\u0131ndan tam \u00f6zelle\u015ftirme sunuyoruz. Geli\u015fmi\u015f i\u015flememiz s\u0131k\u0131 toleranslar ve \u00fcst\u00fcn y\u00fczey kalitesi sa\u011flar.<\/p>\n<\/li>\n<\/ul>\n<\/li>\n<\/ol>","protected":false},"excerpt":{"rendered":"<p>ZMSH'nin Dairesel Safir Pencereleri, 99,999% saf tek kristal safirden (Al\u2082O\u2083) yap\u0131lm\u0131\u015f y\u00fcksek performansl\u0131 bir optik bile\u015fendir.<\/p>","protected":false},"featured_media":2073,"comment_status":"open","ping_status":"closed","template":"","meta":{"site-sidebar-layout":"default","site-content-layout":"","ast-site-content-layout":"default","site-content-style":"default","site-sidebar-style":"default","ast-global-header-display":"","ast-banner-title-visibility":"","ast-main-header-display":"","ast-hfb-above-header-display":"","ast-hfb-below-header-display":"","ast-hfb-mobile-header-display":"","site-post-title":"","ast-breadcrumbs-content":"","ast-featured-img":"","footer-sml-layout":"","ast-disable-related-posts":"","theme-transparent-header-meta":"default","adv-header-id-meta":"","stick-header-meta":"default","header-above-stick-meta":"","header-main-stick-meta":"","header-below-stick-meta":"","astra-migrate-meta-layouts":"set","ast-page-background-enabled":"default","ast-page-background-meta":{"desktop":{"background-color":"","background-image":"","background-repeat":"repeat","background-position":"center center","background-size":"auto","background-attachment":"scroll","background-type":"","background-media":"","overlay-type":"","overlay-color":"","overlay-opacity":"","overlay-gradient":""},"tablet":{"background-color":"","background-image":"","background-repeat":"repeat","background-position":"center center","background-size":"auto","background-attachment":"scroll","background-type":"","background-media":"","overlay-type":"","overlay-color":"","overlay-opacity":"","overlay-gradient":""},"mobile":{"background-color":"","background-image":"","background-repeat":"repeat","background-position":"center center","background-size":"auto","background-attachment":"scroll","background-type":"","background-media":"","overlay-type":"","overlay-color":"","overlay-opacity":"","overlay-gradient":""}},"ast-content-background-meta":{"desktop":{"background-color":"var(--ast-global-color-5)","background-image":"","background-repeat":"repeat","background-position":"center center","background-size":"auto","background-attachment":"scroll","background-type":"","background-media":"","overlay-type":"","overlay-color":"","overlay-opacity":"","overlay-gradient":""},"tablet":{"background-color":"var(--ast-global-color-5)","background-image":"","background-repeat":"repeat","background-position":"center center","background-size":"auto","background-attachment":"scroll","background-type":"","background-media":"","overlay-type":"","overlay-color":"","overlay-opacity":"","overlay-gradient":""},"mobile":{"background-color":"var(--ast-global-color-5)","background-image":"","background-repeat":"repeat","background-position":"center center","background-size":"auto","background-attachment":"scroll","background-type":"","background-media":"","overlay-type":"","overlay-color":"","overlay-opacity":"","overlay-gradient":""}}},"product_brand":[],"product_cat":[15],"product_tag":[133,136,90,138,139,135,89,134,137],"class_list":{"0":"post-2072","1":"product","2":"type-product","3":"status-publish","4":"has-post-thumbnail","6":"product_cat-sapphire-windows","7":"product_tag-circular-sapphire-window","8":"product_tag-customized-sapphire-windows","9":"product_tag-high-transmittance","10":"product_tag-high-performance-sapphire-window","11":"product_tag-infrared-window","12":"product_tag-laser-window","13":"product_tag-optical-glass","14":"product_tag-sapphire-glass","15":"product_tag-wear-resistant-sapphire","16":"desktop-align-left","17":"tablet-align-left","18":"mobile-align-left","19":"ast-product-gallery-layout-horizontal-slider","20":"ast-product-tabs-layout-horizontal","22":"first","23":"instock","24":"shipping-taxable","25":"product-type-simple"},"_links":{"self":[{"href":"https:\/\/www.sapphire-windows.com\/tr\/wp-json\/wp\/v2\/product\/2072","targetHints":{"allow":["GET"]}}],"collection":[{"href":"https:\/\/www.sapphire-windows.com\/tr\/wp-json\/wp\/v2\/product"}],"about":[{"href":"https:\/\/www.sapphire-windows.com\/tr\/wp-json\/wp\/v2\/types\/product"}],"replies":[{"embeddable":true,"href":"https:\/\/www.sapphire-windows.com\/tr\/wp-json\/wp\/v2\/comments?post=2072"}],"version-history":[{"count":1,"href":"https:\/\/www.sapphire-windows.com\/tr\/wp-json\/wp\/v2\/product\/2072\/revisions"}],"predecessor-version":[{"id":2076,"href":"https:\/\/www.sapphire-windows.com\/tr\/wp-json\/wp\/v2\/product\/2072\/revisions\/2076"}],"wp:featuredmedia":[{"embeddable":true,"href":"https:\/\/www.sapphire-windows.com\/tr\/wp-json\/wp\/v2\/media\/2073"}],"wp:attachment":[{"href":"https:\/\/www.sapphire-windows.com\/tr\/wp-json\/wp\/v2\/media?parent=2072"}],"wp:term":[{"taxonomy":"product_brand","embeddable":true,"href":"https:\/\/www.sapphire-windows.com\/tr\/wp-json\/wp\/v2\/product_brand?post=2072"},{"taxonomy":"product_cat","embeddable":true,"href":"https:\/\/www.sapphire-windows.com\/tr\/wp-json\/wp\/v2\/product_cat?post=2072"},{"taxonomy":"product_tag","embeddable":true,"href":"https:\/\/www.sapphire-windows.com\/tr\/wp-json\/wp\/v2\/product_tag?post=2072"}],"curies":[{"name":"wp","href":"https:\/\/api.w.org\/{rel}","templated":true}]}}