{"id":2028,"date":"2026-01-21T02:42:44","date_gmt":"2026-01-21T02:42:44","guid":{"rendered":"https:\/\/www.sapphire-windows.com\/?post_type=product&#038;p=2028"},"modified":"2026-01-21T02:42:45","modified_gmt":"2026-01-21T02:42:45","slug":"custom-sapphire-optical-window-222x74x4mm-wear-resistant-ir-uv-window","status":"publish","type":"product","link":"https:\/\/www.sapphire-windows.com\/tr\/product\/custom-sapphire-optical-window-222x74x4mm-wear-resistant-ir-uv-window\/","title":{"rendered":"\u00d6zel Safir Optik Pencere 222\u00d774\u00d74mm A\u015f\u0131nmaya Dayan\u0131kl\u0131 IR ve UV Penceresi"},"content":{"rendered":"<h2 data-start=\"218\" data-end=\"237\">\u00dcr\u00fcne Genel Bak\u0131\u015f<img fetchpriority=\"high\" decoding=\"async\" class=\"size-medium wp-image-2029 alignright\" src=\"https:\/\/www.sapphire-windows.com\/wp-content\/uploads\/2026\/01\/Custom-Sapphire-Optical-Window-222\u00d774\u00d74mm-A\u015f\u0131nmaya Dayan\u0131kl\u0131-IR-UV-Pencere-3-300x300.jpg\" alt=\"\" width=\"300\" height=\"300\" srcset=\"\" sizes=\"(max-width: 300px) 100vw, 300px\" data-srcset=\"\" \/><\/h2>\n<p data-start=\"239\" data-end=\"553\">\u00d6zel Safir Optik Pencere (222mm\u00d774mm\u00d74mm) tek kristal \u03b1-Al\u2082O\u2083'dan (safir) hassas bir \u015fekilde \u00fcretilmi\u015ftir. Do\u011fal de\u011ferli ta\u015flar\u0131n aksine, bu optik s\u0131n\u0131f safir sentetik bir tek kristaldir ve ola\u011fan\u00fcst\u00fc sertlik (Mohs 9), a\u015f\u0131nma direnci, termal stabilite ve kimyasal inertlik sunar.<\/p>\n<p data-start=\"555\" data-end=\"875\">K\u0131z\u0131l\u00f6tesi (IR) ve ultraviyole (UV) optik sistemler i\u00e7in tasarlanan bu pencereler, hassas bile\u015fenleri y\u00fcksek s\u0131cakl\u0131k, y\u00fcksek bas\u0131n\u00e7 ve kimyasal olarak agresif ortamlarda korur. Safirin geni\u015f spektral iletimi (170-5500 nm) lazerler, sens\u00f6rler ve optik aletler i\u00e7in minimum sinyal kayb\u0131 sa\u011flar.<\/p>\n<p data-start=\"877\" data-end=\"1077\">Bu \u00fcr\u00fcn, mekanik sa\u011flaml\u0131\u011f\u0131 \u00fcst\u00fcn optik netlikle birle\u015ftirerek yar\u0131 iletken \u00fcretimi, end\u00fcstriyel alg\u0131lama, havac\u0131l\u0131k, savunma ve bilimsel ara\u015ft\u0131rmalar i\u00e7in idealdir.<\/p>\n<h2 data-start=\"1084\" data-end=\"1111\">Teknik \u00d6zellikler<\/h2>\n<div class=\"TyagGW_tableContainer\">\n<div class=\"group TyagGW_tableWrapper flex flex-col-reverse w-fit\" tabindex=\"-1\">\n<table class=\"w-fit min-w-(--thread-content-width)\" data-start=\"1113\" data-end=\"1766\">\n<thead data-start=\"1113\" data-end=\"1142\">\n<tr data-start=\"1113\" data-end=\"1142\">\n<th data-start=\"1113\" data-end=\"1125\" data-col-size=\"sm\">Parametre<\/th>\n<th data-start=\"1125\" data-end=\"1142\" data-col-size=\"md\">\u015eartname<\/th>\n<\/tr>\n<\/thead>\n<tbody data-start=\"1153\" data-end=\"1766\">\n<tr data-start=\"1153\" data-end=\"1215\">\n<td data-start=\"1153\" data-end=\"1164\" data-col-size=\"sm\">Malzeme<\/td>\n<td data-start=\"1164\" data-end=\"1215\" data-col-size=\"md\">Optik s\u0131n\u0131f Safir Tek Kristal (\u03b1-Al\u2082O\u2083)<\/td>\n<\/tr>\n<tr data-start=\"1216\" data-end=\"1245\">\n<td data-start=\"1216\" data-end=\"1223\" data-col-size=\"sm\">Boyut<\/td>\n<td data-start=\"1223\" data-end=\"1245\" data-col-size=\"md\">222mm \u00d7 74mm \u00d7 4mm<\/td>\n<\/tr>\n<tr data-start=\"1246\" data-end=\"1279\">\n<td data-start=\"1246\" data-end=\"1268\" data-col-size=\"sm\">Kal\u0131nl\u0131k Tolerans\u0131<\/td>\n<td data-start=\"1268\" data-end=\"1279\" data-col-size=\"md\">\u00b10,1 mm<\/td>\n<\/tr>\n<tr data-start=\"1280\" data-end=\"1305\">\n<td data-start=\"1280\" data-end=\"1297\" data-col-size=\"sm\">A\u00e7\u0131k Diyafram<\/td>\n<td data-start=\"1297\" data-end=\"1305\" data-col-size=\"md\">&gt;90%<\/td>\n<\/tr>\n<tr data-start=\"1306\" data-end=\"1342\">\n<td data-start=\"1306\" data-end=\"1331\" data-col-size=\"sm\">Y\u00fczey P\u00fcr\u00fczl\u00fcl\u00fc\u011f\u00fc (Ra)<\/td>\n<td data-start=\"1331\" data-end=\"1342\" data-col-size=\"md\">\u22640,2 nm<\/td>\n<\/tr>\n<tr data-start=\"1343\" data-end=\"1396\">\n<td data-start=\"1343\" data-end=\"1364\" data-col-size=\"sm\">\u0130letim Aral\u0131\u011f\u0131<\/td>\n<td data-start=\"1364\" data-end=\"1396\" data-col-size=\"md\">170 - 5500 nm (UV'den orta IR'ye)<\/td>\n<\/tr>\n<tr data-start=\"1397\" data-end=\"1443\">\n<td data-start=\"1397\" data-end=\"1408\" data-col-size=\"sm\">Sertlik<\/td>\n<td data-start=\"1408\" data-end=\"1443\" data-col-size=\"md\">Mohs 9 (elmastan sonra ikinci)<\/td>\n<\/tr>\n<tr data-start=\"1444\" data-end=\"1494\">\n<td data-start=\"1444\" data-end=\"1476\" data-col-size=\"sm\">Termal Genle\u015fme Katsay\u0131s\u0131<\/td>\n<td data-start=\"1476\" data-end=\"1494\" data-col-size=\"md\">8.8 \u00d7 10-\u2076 \/\u00b0C<\/td>\n<\/tr>\n<tr data-start=\"1495\" data-end=\"1524\">\n<td data-start=\"1495\" data-end=\"1513\" data-col-size=\"sm\">Elastik Mod\u00fcl<\/td>\n<td data-start=\"1513\" data-end=\"1524\" data-col-size=\"md\">435 GPa<\/td>\n<\/tr>\n<tr data-start=\"1525\" data-end=\"1563\">\n<td data-start=\"1525\" data-end=\"1546\" data-col-size=\"sm\">Termal Diren\u00e7<\/td>\n<td data-start=\"1546\" data-end=\"1563\" data-col-size=\"md\">2030\u00b0C'ye kadar<\/td>\n<\/tr>\n<tr data-start=\"1564\" data-end=\"1635\">\n<td data-start=\"1564\" data-end=\"1586\" data-col-size=\"sm\">Kimyasal Diren\u00e7<\/td>\n<td data-start=\"1586\" data-end=\"1635\" data-col-size=\"md\">Asitlere, alkalilere ve suya kar\u015f\u0131 y\u00fcksek diren\u00e7<\/td>\n<\/tr>\n<tr data-start=\"1636\" data-end=\"1693\">\n<td data-start=\"1636\" data-end=\"1653\" data-col-size=\"sm\">Y\u00fczey \u0130\u015flemi<\/td>\n<td data-start=\"1653\" data-end=\"1693\" data-col-size=\"md\">\u00c7ift tarafl\u0131 cilal\u0131, optik s\u0131n\u0131f<\/td>\n<\/tr>\n<tr data-start=\"1694\" data-end=\"1728\">\n<td data-start=\"1694\" data-end=\"1710\" data-col-size=\"sm\">Sertifikasyon<\/td>\n<td data-start=\"1710\" data-end=\"1728\" data-col-size=\"md\">RoHS uyumlu<\/td>\n<\/tr>\n<tr data-start=\"1729\" data-end=\"1766\">\n<td data-start=\"1729\" data-end=\"1741\" data-col-size=\"sm\">Paketleme<\/td>\n<td data-start=\"1741\" data-end=\"1766\" data-col-size=\"md\">Temiz Oda (S\u0131n\u0131f 100)<\/td>\n<\/tr>\n<\/tbody>\n<\/table>\n<\/div>\n<\/div>\n<h2 data-start=\"1773\" data-end=\"1788\">Temel \u00d6zellikler<img decoding=\"async\" class=\"size-medium wp-image-2030 alignleft\" src=\"https:\/\/www.sapphire-windows.com\/wp-content\/uploads\/2026\/01\/Custom-Sapphire-Optical-Window-222\u00d774\u00d74mm-A\u015f\u0131nmaya Dayan\u0131kl\u0131-IR-UV-Pencere-1-300x300.jpg\" alt=\"\" width=\"300\" height=\"300\" srcset=\"\" sizes=\"(max-width: 300px) 100vw, 300px\" data-srcset=\"\" \/><\/h2>\n<ul data-start=\"1790\" data-end=\"2447\">\n<li data-start=\"1790\" data-end=\"1919\">\n<p data-start=\"1792\" data-end=\"1919\">Ultra Y\u00fcksek Sertlik ve A\u015f\u0131nma Direnci<br data-start=\"1833\" data-end=\"1836\" \/>Mohs sertli\u011fi 9 \u00e7izilmelere, a\u015f\u0131nmaya ve mekanik strese kar\u015f\u0131 diren\u00e7 sa\u011flar.<\/p>\n<\/li>\n<li data-start=\"1921\" data-end=\"2056\">\n<p data-start=\"1923\" data-end=\"2056\">Geni\u015f Spektral \u0130letim<br data-start=\"1954\" data-end=\"1957\" \/>Lazerler ve IR optik aletler i\u00e7in uygun etkili UV ila orta IR iletimi (170-5500 nm).<\/p>\n<\/li>\n<li data-start=\"2058\" data-end=\"2171\">\n<p data-start=\"2060\" data-end=\"2171\">A\u015f\u0131r\u0131 Termal Kararl\u0131l\u0131k<br data-start=\"2089\" data-end=\"2092\" \/>1900\u00b0C'yi a\u015fan s\u0131cakl\u0131klarda yap\u0131s\u0131n\u0131 ve optik performans\u0131n\u0131 korur.<\/p>\n<\/li>\n<li data-start=\"2173\" data-end=\"2298\">\n<p data-start=\"2175\" data-end=\"2298\">Kimyasal \u0130nertlik<br data-start=\"2197\" data-end=\"2200\" \/>Zorlu ortamlarda uzun s\u00fcreli dayan\u0131kl\u0131l\u0131k i\u00e7in su, asitler ve alkalilerden kaynaklanan korozyona kar\u015f\u0131 dayan\u0131kl\u0131d\u0131r.<\/p>\n<\/li>\n<li data-start=\"2300\" data-end=\"2447\">\n<p data-start=\"2302\" data-end=\"2447\">Mekanik Sa\u011flaml\u0131k<br data-start=\"2327\" data-end=\"2330\" \/>Standart camdan yakla\u015f\u0131k be\u015f kat daha g\u00fc\u00e7l\u00fcd\u00fcr, y\u00fcksek bas\u0131n\u00e7 ve darbe ko\u015fullar\u0131na dayanabilir.<\/p>\n<\/li>\n<\/ul>\n<h2 data-start=\"2454\" data-end=\"2477\">Tipik Uygulamalar<\/h2>\n<ul data-start=\"2479\" data-end=\"3001\">\n<li data-start=\"2479\" data-end=\"2570\">\n<p data-start=\"2481\" data-end=\"2570\">Yar\u0131 \u0130letken \u00dcretimi: F\u0131r\u0131n g\u00f6zlem portlar\u0131, kimyasallara dayan\u0131kl\u0131 pencereler.<\/p>\n<\/li>\n<li data-start=\"2571\" data-end=\"2687\">\n<p data-start=\"2573\" data-end=\"2687\">Optik Aletler: IR\/UV koruyucu pencereler, lazer optikleri, spektrometre a\u00e7\u0131kl\u0131klar\u0131, barkod taray\u0131c\u0131 optikleri.<\/p>\n<\/li>\n<li data-start=\"2688\" data-end=\"2805\">\n<p data-start=\"2690\" data-end=\"2805\">End\u00fcstriyel Alg\u0131lama: Y\u00fcksek bas\u0131n\u00e7l\u0131 reakt\u00f6r g\u00f6r\u00fcnt\u00fc pencereleri, ak\u0131\u015f \u00f6l\u00e7er \u00f6l\u00e7\u00fcm pencereleri, sens\u00f6r koruyucu kapaklar.<\/p>\n<\/li>\n<li data-start=\"2806\" data-end=\"2920\">\n<p data-start=\"2808\" data-end=\"2920\">Bilimsel Ara\u015ft\u0131rma ve Savunma: Y\u00fcksek voltajl\u0131 oda optikleri, senkrotron \u0131\u015f\u0131n hatlar\u0131, havac\u0131l\u0131k FLIR sistemleri.<\/p>\n<\/li>\n<li data-start=\"2921\" data-end=\"3001\">\n<p data-start=\"2923\" data-end=\"3001\">T\u00fcketici Elektroni\u011fi: Saat kristalleri, ak\u0131ll\u0131 telefon kamera koruyucu lensleri.<\/p>\n<\/li>\n<\/ul>\n<h2 data-start=\"3008\" data-end=\"3014\">SSS<img decoding=\"async\" class=\"size-medium wp-image-2032 alignright\" src=\"https:\/\/www.sapphire-windows.com\/wp-content\/uploads\/2026\/01\/Custom-Sapphire-Optical-Window-222\u00d774\u00d74mm-A\u015f\u0131nmaya Dayan\u0131kl\u0131-IR-UV-Pencere-4-300x300.jpg\" alt=\"\" width=\"300\" height=\"300\" srcset=\"\" sizes=\"(max-width: 300px) 100vw, 300px\" data-srcset=\"\" \/><\/h2>\n<p data-start=\"3016\" data-end=\"3287\">S1: Safir optik pencereler yayg\u0131n olarak nerelerde kullan\u0131l\u0131r?<br data-start=\"3073\" data-end=\"3076\" \/>C: Dayan\u0131kl\u0131l\u0131k, termal stabilite ve kimyasal direncin kritik oldu\u011fu y\u00fcksek s\u0131cakl\u0131kl\u0131 ortamlarda, lazer sistemlerinde, havac\u0131l\u0131kta, savunma ekipmanlar\u0131nda ve end\u00fcstriyel aletlerde yayg\u0131n olarak kullan\u0131l\u0131rlar.<\/p>\n<p data-start=\"3289\" data-end=\"3560\">S2: Safiri camdan daha iyi yapan nedir?<br data-start=\"3335\" data-end=\"3338\" \/>C: Safir \u00fcst\u00fcn sertlik (Mohs 9), kimyasal diren\u00e7, 2030\u00b0C'ye kadar termal tolerans ve geni\u015f optik iletim (UV'den orta-IR'ye) sa\u011flayarak cam\u0131n bozulabilece\u011fi zorlu ko\u015fullar i\u00e7in idealdir.<\/p>\n<p data-start=\"3562\" data-end=\"3730\">S3: Bu pencereler \u00f6zelle\u015ftirilebilir mi?<br data-start=\"3602\" data-end=\"3605\" \/>C: Evet. Boyutlar, kal\u0131nl\u0131k, y\u00fczey kalitesi ve toleranslar \u00f6zel optik veya end\u00fcstriyel gereksinimlere g\u00f6re uyarlanabilir.<\/p>","protected":false},"excerpt":{"rendered":"<p>Y\u00fcksek safl\u0131kta tek kristal safir optik pencere 222\u00d774\u00d74mm, Mohs 9 sertlik, a\u015f\u0131nmaya dayan\u0131kl\u0131, UV ve IR iletimi, lazerler, sens\u00f6rler ve end\u00fcstriyel uygulamalar i\u00e7in ideal.<\/p>","protected":false},"featured_media":2029,"comment_status":"open","ping_status":"closed","template":"","meta":{"site-sidebar-layout":"default","site-content-layout":"","ast-site-content-layout":"default","site-content-style":"default","site-sidebar-style":"default","ast-global-header-display":"","ast-banner-title-visibility":"","ast-main-header-display":"","ast-hfb-above-header-display":"","ast-hfb-below-header-display":"","ast-hfb-mobile-header-display":"","site-post-title":"","ast-breadcrumbs-content":"","ast-featured-img":"","footer-sml-layout":"","ast-disable-related-posts":"","theme-transparent-header-meta":"default","adv-header-id-meta":"","stick-header-meta":"default","header-above-stick-meta":"","header-main-stick-meta":"","header-below-stick-meta":"","astra-migrate-meta-layouts":"set","ast-page-background-enabled":"default","ast-page-background-meta":{"desktop":{"background-color":"","background-image":"","background-repeat":"repeat","background-position":"center center","background-size":"auto","background-attachment":"scroll","background-type":"","background-media":"","overlay-type":"","overlay-color":"","overlay-opacity":"","overlay-gradient":""},"tablet":{"background-color":"","background-image":"","background-repeat":"repeat","background-position":"center center","background-size":"auto","background-attachment":"scroll","background-type":"","background-media":"","overlay-type":"","overlay-color":"","overlay-opacity":"","overlay-gradient":""},"mobile":{"background-color":"","background-image":"","background-repeat":"repeat","background-position":"center center","background-size":"auto","background-attachment":"scroll","background-type":"","background-media":"","overlay-type":"","overlay-color":"","overlay-opacity":"","overlay-gradient":""}},"ast-content-background-meta":{"desktop":{"background-color":"var(--ast-global-color-5)","background-image":"","background-repeat":"repeat","background-position":"center center","background-size":"auto","background-attachment":"scroll","background-type":"","background-media":"","overlay-type":"","overlay-color":"","overlay-opacity":"","overlay-gradient":""},"tablet":{"background-color":"var(--ast-global-color-5)","background-image":"","background-repeat":"repeat","background-position":"center center","background-size":"auto","background-attachment":"scroll","background-type":"","background-media":"","overlay-type":"","overlay-color":"","overlay-opacity":"","overlay-gradient":""},"mobile":{"background-color":"var(--ast-global-color-5)","background-image":"","background-repeat":"repeat","background-position":"center center","background-size":"auto","background-attachment":"scroll","background-type":"","background-media":"","overlay-type":"","overlay-color":"","overlay-opacity":"","overlay-gradient":""}}},"product_brand":[],"product_cat":[15],"product_tag":[63,78,79],"class_list":{"0":"post-2028","1":"product","2":"type-product","3":"status-publish","4":"has-post-thumbnail","6":"product_cat-sapphire-windows","7":"product_tag-custom-sapphire-optical-window","8":"product_tag-sapphire-ir-window","9":"product_tag-sapphire-uv-window","10":"desktop-align-left","11":"tablet-align-left","12":"mobile-align-left","13":"ast-product-gallery-layout-horizontal-slider","14":"ast-product-tabs-layout-horizontal","16":"first","17":"instock","18":"shipping-taxable","19":"product-type-simple"},"_links":{"self":[{"href":"https:\/\/www.sapphire-windows.com\/tr\/wp-json\/wp\/v2\/product\/2028","targetHints":{"allow":["GET"]}}],"collection":[{"href":"https:\/\/www.sapphire-windows.com\/tr\/wp-json\/wp\/v2\/product"}],"about":[{"href":"https:\/\/www.sapphire-windows.com\/tr\/wp-json\/wp\/v2\/types\/product"}],"replies":[{"embeddable":true,"href":"https:\/\/www.sapphire-windows.com\/tr\/wp-json\/wp\/v2\/comments?post=2028"}],"version-history":[{"count":1,"href":"https:\/\/www.sapphire-windows.com\/tr\/wp-json\/wp\/v2\/product\/2028\/revisions"}],"predecessor-version":[{"id":2033,"href":"https:\/\/www.sapphire-windows.com\/tr\/wp-json\/wp\/v2\/product\/2028\/revisions\/2033"}],"wp:featuredmedia":[{"embeddable":true,"href":"https:\/\/www.sapphire-windows.com\/tr\/wp-json\/wp\/v2\/media\/2029"}],"wp:attachment":[{"href":"https:\/\/www.sapphire-windows.com\/tr\/wp-json\/wp\/v2\/media?parent=2028"}],"wp:term":[{"taxonomy":"product_brand","embeddable":true,"href":"https:\/\/www.sapphire-windows.com\/tr\/wp-json\/wp\/v2\/product_brand?post=2028"},{"taxonomy":"product_cat","embeddable":true,"href":"https:\/\/www.sapphire-windows.com\/tr\/wp-json\/wp\/v2\/product_cat?post=2028"},{"taxonomy":"product_tag","embeddable":true,"href":"https:\/\/www.sapphire-windows.com\/tr\/wp-json\/wp\/v2\/product_tag?post=2028"}],"curies":[{"name":"wp","href":"https:\/\/api.w.org\/{rel}","templated":true}]}}