{"id":2077,"date":"2026-01-21T09:56:46","date_gmt":"2026-01-21T09:56:46","guid":{"rendered":"https:\/\/www.sapphire-windows.com\/?post_type=product&#038;p=2077"},"modified":"2026-01-21T09:56:47","modified_gmt":"2026-01-21T09:56:47","slug":"titanium-doped-sapphire-windows-tisapphire-high-hardness-transparent-optical-windows-for-protective-and-industrial-use","status":"publish","type":"product","link":"https:\/\/www.sapphire-windows.com\/sv\/product\/titanium-doped-sapphire-windows-tisapphire-high-hardness-transparent-optical-windows-for-protective-and-industrial-use\/","title":{"rendered":"Titandopade safirf\u00f6nster (Ti:Sapphire) Transparenta optiska f\u00f6nster med h\u00f6g h\u00e5rdhet f\u00f6r skyddande och industriellt bruk"},"content":{"rendered":"<h2 data-start=\"137\" data-end=\"161\">Produktbeskrivning:<img fetchpriority=\"high\" decoding=\"async\" class=\"size-medium wp-image-2078 alignright\" src=\"https:\/\/www.sapphire-windows.com\/wp-content\/uploads\/2026\/01\/Titanium-doped-Sapphire-Windows-TiSapphire-High-Hardness-Transparent-Optical-Windows-for-Protective-and-Industrial-Use-1-300x300.jpg\" alt=\"\" width=\"300\" height=\"300\" srcset=\"https:\/\/www.sapphire-windows.com\/wp-content\/uploads\/2026\/01\/Titanium-doped-Sapphire-Windows-TiSapphire-High-Hardness-Transparent-Optical-Windows-for-Protective-and-Industrial-Use-1-300x300.jpg 300w, https:\/\/www.sapphire-windows.com\/wp-content\/uploads\/2026\/01\/Titanium-doped-Sapphire-Windows-TiSapphire-High-Hardness-Transparent-Optical-Windows-for-Protective-and-Industrial-Use-1-150x150.jpg 150w, https:\/\/www.sapphire-windows.com\/wp-content\/uploads\/2026\/01\/Titanium-doped-Sapphire-Windows-TiSapphire-High-Hardness-Transparent-Optical-Windows-for-Protective-and-Industrial-Use-1-768x768.jpg 768w, https:\/\/www.sapphire-windows.com\/wp-content\/uploads\/2026\/01\/Titanium-doped-Sapphire-Windows-TiSapphire-High-Hardness-Transparent-Optical-Windows-for-Protective-and-Industrial-Use-1-600x600.jpg 600w, https:\/\/www.sapphire-windows.com\/wp-content\/uploads\/2026\/01\/Titanium-doped-Sapphire-Windows-TiSapphire-High-Hardness-Transparent-Optical-Windows-for-Protective-and-Industrial-Use-1-100x100.jpg 100w, https:\/\/www.sapphire-windows.com\/wp-content\/uploads\/2026\/01\/Titanium-doped-Sapphire-Windows-TiSapphire-High-Hardness-Transparent-Optical-Windows-for-Protective-and-Industrial-Use-1.jpg 1000w\" sizes=\"(max-width: 300px) 100vw, 300px\" \/><\/h2>\n<p data-start=\"163\" data-end=\"745\">ZMSH presenterar titandopade safirf\u00f6nster (Ti:Sapphire), en mycket h\u00e5llbar och transparent optisk l\u00f6sning som \u00e4r utformad f\u00f6r att uppfylla ett brett spektrum av industriella, vetenskapliga och skyddande applikationer. Dessa f\u00f6nster utnyttjar styrkan och klarheten hos titandopad safir (Ti\u2083+:Al\u2082O\u2083) f\u00f6r \u00f6verl\u00e4gsen rept\u00e5lighet, termisk stabilitet och kemisk h\u00e5llbarhet. \u00c4ven om Ti:Sapphire-f\u00f6nster inte \u00e4r l\u00e4mpliga f\u00f6r lasersystem med h\u00f6g precision, utm\u00e4rker de sig i milj\u00f6er som kr\u00e4ver motst\u00e5ndskraft mot tuffa f\u00f6rh\u00e5llanden, vilket ger kostnadseffektivt skydd och optisk klarhet.<\/p>\n<p data-start=\"747\" data-end=\"1170\">Med en Mohs-h\u00e5rdhet p\u00e5 9 \u00f6vertr\u00e4ffar Ti:Sapphire-f\u00f6nster optiskt standardglas n\u00e4r det g\u00e4ller rept\u00e5lighet, vilket g\u00f6r dem idealiska f\u00f6r skyddsh\u00f6ljen, sensorf\u00f6nster och optiska komponenter i applikationer som kr\u00e4ver slitstyrka och h\u00e5llbarhet. Dessa f\u00f6nster \u00e4r anpassningsbara i kristallorientering (A-axel eller C-axel) och storlek, vilket s\u00e4kerst\u00e4ller att de uppfyller de specifika behoven i ditt projekt.<\/p>\n<h2 data-start=\"1172\" data-end=\"1189\"><img decoding=\"async\" class=\"size-medium wp-image-2080 alignleft\" src=\"https:\/\/www.sapphire-windows.com\/wp-content\/uploads\/2026\/01\/Titanium-doped-Sapphire-Windows-TiSapphire-High-Hardness-Transparent-Optical-Windows-for-Protective-and-Industrial-Use-2-300x300.png\" alt=\"\" width=\"300\" height=\"300\" srcset=\"https:\/\/www.sapphire-windows.com\/wp-content\/uploads\/2026\/01\/Titanium-doped-Sapphire-Windows-TiSapphire-High-Hardness-Transparent-Optical-Windows-for-Protective-and-Industrial-Use-2-300x300.png 300w, https:\/\/www.sapphire-windows.com\/wp-content\/uploads\/2026\/01\/Titanium-doped-Sapphire-Windows-TiSapphire-High-Hardness-Transparent-Optical-Windows-for-Protective-and-Industrial-Use-2-150x150.png 150w, https:\/\/www.sapphire-windows.com\/wp-content\/uploads\/2026\/01\/Titanium-doped-Sapphire-Windows-TiSapphire-High-Hardness-Transparent-Optical-Windows-for-Protective-and-Industrial-Use-2-768x768.png 768w, https:\/\/www.sapphire-windows.com\/wp-content\/uploads\/2026\/01\/Titanium-doped-Sapphire-Windows-TiSapphire-High-Hardness-Transparent-Optical-Windows-for-Protective-and-Industrial-Use-2-600x600.png 600w, https:\/\/www.sapphire-windows.com\/wp-content\/uploads\/2026\/01\/Titanium-doped-Sapphire-Windows-TiSapphire-High-Hardness-Transparent-Optical-Windows-for-Protective-and-Industrial-Use-2-100x100.png 100w, https:\/\/www.sapphire-windows.com\/wp-content\/uploads\/2026\/01\/Titanium-doped-Sapphire-Windows-TiSapphire-High-Hardness-Transparent-Optical-Windows-for-Protective-and-Industrial-Use-2.png 1000w\" sizes=\"(max-width: 300px) 100vw, 300px\" \/>Viktiga egenskaper:<\/h2>\n<ol data-start=\"1191\" data-end=\"2362\">\n<li data-start=\"1191\" data-end=\"1471\">\n<p data-start=\"1194\" data-end=\"1471\">\u00d6verl\u00e4gsen h\u00e5llbarhet och rept\u00e5lighet:<br data-start=\"1241\" data-end=\"1244\" \/>Ti:Sapphire-f\u00f6nstren \u00e4r konstruerade med en Mohs-h\u00e5rdhet p\u00e5 9, vilket ger 10x h\u00f6gre rept\u00e5lighet \u00e4n vanligt optiskt glas, vilket g\u00f6r dem perfekta f\u00f6r skyddande applikationer i kr\u00e4vande milj\u00f6er.<\/p>\n<\/li>\n<li data-start=\"1473\" data-end=\"1724\">\n<p data-start=\"1476\" data-end=\"1724\">Optisk genomskinlighet:<br data-start=\"1501\" data-end=\"1504\" \/>Ti:Sapphire-f\u00f6nster ger utm\u00e4rkt optisk klarhet och h\u00f6g transmission i b\u00e5de det synliga och infrar\u00f6da spektrat, och \u00e4r idealiska f\u00f6r optiska komponenter som inte kr\u00e4ver precisionslaserprestanda.<\/p>\n<\/li>\n<li data-start=\"1726\" data-end=\"2016\">\n<p data-start=\"1729\" data-end=\"2016\">Kemisk och termisk stabilitet:<br data-start=\"1764\" data-end=\"1767\" \/>Dessa f\u00f6nster \u00e4r mycket motst\u00e5ndskraftiga mot de flesta syror, alkalier och l\u00f6sningsmedel, vilket g\u00f6r dem l\u00e4mpliga f\u00f6r kemiska milj\u00f6er. De t\u00e5l h\u00f6ga temperaturer med en sm\u00e4ltpunkt p\u00e5 2040\u00b0C och kan arbeta kontinuerligt i upp till 800\u00b0C.<\/p>\n<\/li>\n<li data-start=\"2018\" data-end=\"2362\">\n<p data-start=\"2021\" data-end=\"2362\">Anpassningsalternativ:<br data-start=\"2047\" data-end=\"2050\" \/>ZMSH erbjuder komplett kundanpassning f\u00f6r kristallorientering (A-axel, C-axel), storlek och ytbehandling, inklusive polering f\u00f6r h\u00f6g transparens. Detta s\u00e4kerst\u00e4ller att f\u00f6nstren passar specifika behov, oavsett om det g\u00e4ller vetenskaplig forskning, sensorskydd eller industriella till\u00e4mpningar.<\/p>\n<\/li>\n<\/ol>\n<h3 data-start=\"2369\" data-end=\"2402\">Tekniska specifikationer:<\/h3>\n<div class=\"TyagGW_tableContainer\">\n<div class=\"group TyagGW_tableWrapper flex flex-col-reverse w-fit\" tabindex=\"-1\">\n<table class=\"w-fit min-w-(--thread-content-width)\" data-start=\"2404\" data-end=\"3355\">\n<thead data-start=\"2404\" data-end=\"2480\">\n<tr data-start=\"2404\" data-end=\"2480\">\n<th data-start=\"2404\" data-end=\"2435\" data-col-size=\"sm\">Fastighet<\/th>\n<th data-start=\"2435\" data-end=\"2480\" data-col-size=\"md\">V\u00e4rde<\/th>\n<\/tr>\n<\/thead>\n<tbody data-start=\"2558\" data-end=\"3355\">\n<tr data-start=\"2558\" data-end=\"2635\">\n<td data-start=\"2558\" data-end=\"2590\" data-col-size=\"sm\">Material<\/td>\n<td data-col-size=\"md\" data-start=\"2590\" data-end=\"2635\">Titandopad safir (Ti\u2083+:Al\u2082O\u2083)<\/td>\n<\/tr>\n<tr data-start=\"2636\" data-end=\"2713\">\n<td data-start=\"2636\" data-end=\"2668\" data-col-size=\"sm\">T\u00e4thet<\/td>\n<td data-col-size=\"md\" data-start=\"2668\" data-end=\"2713\">3,98 g\/cm\u00b3<\/td>\n<\/tr>\n<tr data-start=\"2714\" data-end=\"2791\">\n<td data-start=\"2714\" data-end=\"2746\" data-col-size=\"sm\">Sm\u00e4ltpunkt<\/td>\n<td data-col-size=\"md\" data-start=\"2746\" data-end=\"2791\">2040\u00b0C<\/td>\n<\/tr>\n<tr data-start=\"2792\" data-end=\"2869\">\n<td data-start=\"2792\" data-end=\"2824\" data-col-size=\"sm\">Mohs h\u00e5rdhet<\/td>\n<td data-col-size=\"md\" data-start=\"2824\" data-end=\"2869\">9<\/td>\n<\/tr>\n<tr data-start=\"2870\" data-end=\"2947\">\n<td data-start=\"2870\" data-end=\"2902\" data-col-size=\"sm\">Termisk konduktivitet<\/td>\n<td data-start=\"2902\" data-end=\"2947\" data-col-size=\"md\">52 W\/m-K<\/td>\n<\/tr>\n<tr data-start=\"2948\" data-end=\"3025\">\n<td data-start=\"2948\" data-end=\"2980\" data-col-size=\"sm\">Kristallorientering<\/td>\n<td data-col-size=\"md\" data-start=\"2980\" data-end=\"3025\">A-axel \/ C-axel (anpassningsbar)<\/td>\n<\/tr>\n<tr data-start=\"3026\" data-end=\"3103\">\n<td data-start=\"3026\" data-end=\"3058\" data-col-size=\"sm\">Storlek<\/td>\n<td data-col-size=\"md\" data-start=\"3058\" data-end=\"3103\">Anpassningsbar (kontakta oss f\u00f6r specifikationer)<\/td>\n<\/tr>\n<tr data-start=\"3104\" data-end=\"3181\">\n<td data-start=\"3104\" data-end=\"3136\" data-col-size=\"sm\">Brytningsindex<\/td>\n<td data-col-size=\"md\" data-start=\"3136\" data-end=\"3181\">~1,76 (vid 800 nm)<\/td>\n<\/tr>\n<tr data-start=\"3182\" data-end=\"3259\">\n<td data-start=\"3182\" data-end=\"3214\" data-col-size=\"sm\">Ytfinish<\/td>\n<td data-col-size=\"md\" data-start=\"3214\" data-end=\"3259\">Polerad f\u00f6r h\u00f6g transparens<\/td>\n<\/tr>\n<tr data-start=\"3260\" data-end=\"3355\">\n<td data-start=\"3260\" data-end=\"3292\" data-col-size=\"sm\">Driftstemperatur<\/td>\n<td data-start=\"3292\" data-end=\"3355\" data-col-size=\"md\">Upp till 800\u00b0C kontinuerligt, korttidstolerans upp till 1800\u00b0C<\/td>\n<\/tr>\n<\/tbody>\n<\/table>\n<\/div>\n<\/div>\n<h3 data-start=\"3362\" data-end=\"3391\">Prim\u00e4ra till\u00e4mpningar:<img decoding=\"async\" class=\"size-medium wp-image-2079 alignright\" src=\"https:\/\/www.sapphire-windows.com\/wp-content\/uploads\/2026\/01\/Titanium-doped-Sapphire-Windows-TiSapphire-High-Hardness-Transparent-Optical-Windows-for-Protective-and-Industrial-Use-1-300x300.png\" alt=\"\" width=\"300\" height=\"300\" srcset=\"https:\/\/www.sapphire-windows.com\/wp-content\/uploads\/2026\/01\/Titanium-doped-Sapphire-Windows-TiSapphire-High-Hardness-Transparent-Optical-Windows-for-Protective-and-Industrial-Use-1-300x300.png 300w, https:\/\/www.sapphire-windows.com\/wp-content\/uploads\/2026\/01\/Titanium-doped-Sapphire-Windows-TiSapphire-High-Hardness-Transparent-Optical-Windows-for-Protective-and-Industrial-Use-1-150x150.png 150w, https:\/\/www.sapphire-windows.com\/wp-content\/uploads\/2026\/01\/Titanium-doped-Sapphire-Windows-TiSapphire-High-Hardness-Transparent-Optical-Windows-for-Protective-and-Industrial-Use-1-768x768.png 768w, https:\/\/www.sapphire-windows.com\/wp-content\/uploads\/2026\/01\/Titanium-doped-Sapphire-Windows-TiSapphire-High-Hardness-Transparent-Optical-Windows-for-Protective-and-Industrial-Use-1-600x600.png 600w, https:\/\/www.sapphire-windows.com\/wp-content\/uploads\/2026\/01\/Titanium-doped-Sapphire-Windows-TiSapphire-High-Hardness-Transparent-Optical-Windows-for-Protective-and-Industrial-Use-1-100x100.png 100w, https:\/\/www.sapphire-windows.com\/wp-content\/uploads\/2026\/01\/Titanium-doped-Sapphire-Windows-TiSapphire-High-Hardness-Transparent-Optical-Windows-for-Protective-and-Industrial-Use-1.png 1000w\" sizes=\"(max-width: 300px) 100vw, 300px\" \/><\/h3>\n<ol data-start=\"3393\" data-end=\"4393\">\n<li data-start=\"3393\" data-end=\"3659\">\n<p data-start=\"3396\" data-end=\"3659\">Skyddande f\u00f6nster:<br data-start=\"3419\" data-end=\"3422\" \/>Ti:Sapphire-f\u00f6nster har enast\u00e5ende h\u00e5llbarhet och kemisk best\u00e4ndighet, vilket g\u00f6r dem idealiska som skydd f\u00f6r k\u00e4nsliga instrument, optiska sensorer och industriell utrustning som uts\u00e4tts f\u00f6r tuffa f\u00f6rh\u00e5llanden.<\/p>\n<\/li>\n<li data-start=\"3661\" data-end=\"3905\">\n<p data-start=\"3664\" data-end=\"3905\">Optiska komponenter:<br data-start=\"3687\" data-end=\"3690\" \/>Dessa f\u00f6nster anv\u00e4nds som optiska komponenter, t.ex. filter, linser eller titth\u00e5l, d\u00e4r slitstyrka och ljusgenomsl\u00e4pp kr\u00e4vs men d\u00e4r avancerad laserprecision inte \u00e4r n\u00f6dv\u00e4ndig.<\/p>\n<\/li>\n<li data-start=\"3907\" data-end=\"4139\">\n<p data-start=\"3910\" data-end=\"4139\">Sensorskydd:<br data-start=\"3932\" data-end=\"3935\" \/>Ti:Safir-f\u00f6nster anv\u00e4nds ofta f\u00f6r att skydda optiska sensorer fr\u00e5n fysiska skador och kemisk erosion i milj\u00f6er som halvledartillverkning och flygplansapplikationer.<\/p>\n<\/li>\n<li data-start=\"4141\" data-end=\"4393\">\n<p data-start=\"4144\" data-end=\"4393\">Vetenskaplig forskning och industriell anv\u00e4ndning:<br data-start=\"4187\" data-end=\"4190\" \/>Dessa f\u00f6nster \u00e4r v\u00e4l l\u00e4mpade f\u00f6r h\u00f6gtrycks- eller h\u00f6gtemperaturmilj\u00f6er och ger tillf\u00f6rlitlig prestanda i vetenskapliga forskningslaboratorier och industriella observationssystem.<\/p>\n<\/li>\n<\/ol>\n<h3 data-start=\"4400\" data-end=\"4427\">Produktionsprocess:<\/h3>\n<ol data-start=\"4429\" data-end=\"5208\">\n<li data-start=\"4429\" data-end=\"4583\">\n<p data-start=\"4432\" data-end=\"4583\">F\u00f6rberedelse av r\u00e5material:<br data-start=\"4461\" data-end=\"4464\" \/>Safir (Al\u2082O\u2083) och titan med h\u00f6g renhet v\u00e4ljs ut f\u00f6r att skapa en Ti:Sapphire-kristall av h\u00f6g kvalitet.<\/p>\n<\/li>\n<li data-start=\"4585\" data-end=\"4757\">\n<p data-start=\"4588\" data-end=\"4757\">Dopning:<br data-start=\"4599\" data-end=\"4602\" \/>Titan inf\u00f6rlivas i safirkristallen via dopningstekniker, vilket kan g\u00f6ras med hj\u00e4lp av metoder som Temperature Gradient Technique (TGT).<\/p>\n<\/li>\n<li data-start=\"4759\" data-end=\"4995\">\n<p data-start=\"4762\" data-end=\"4995\">Kristalltillv\u00e4xt:<br data-start=\"4781\" data-end=\"4784\" \/>Kristallerna odlas med hj\u00e4lp av tekniker som Czochralski (CZ) eller TGT, vilket garanterar h\u00f6g renhet och enhetlighet, \u00e4ven om den optiska kvaliteten kanske inte uppfyller de extrema kraven i lasersystem med h\u00f6g precision.<\/p>\n<\/li>\n<li data-start=\"4997\" data-end=\"5208\">\n<p data-start=\"5000\" data-end=\"5208\">Kapning och polering:<br data-start=\"5026\" data-end=\"5029\" \/>Efter kristalltillv\u00e4xten kyls materialet f\u00f6rsiktigt, sk\u00e4rs i f\u00f6nster och poleras mekaniskt f\u00f6r att uppn\u00e5 \u00f6nskad ytfinish och transparens.<\/p>\n<\/li>\n<\/ol>\n<h3 data-start=\"5215\" data-end=\"5256\">Vanliga fr\u00e5gor och svar (FAQ):<\/h3>\n<ol data-start=\"5258\" data-end=\"6535\">\n<li data-start=\"5258\" data-end=\"5581\">\n<p data-start=\"5261\" data-end=\"5581\">Vad g\u00f6r Ti:Sapphire-f\u00f6nster mer h\u00e5llbara \u00e4n vanliga safirf\u00f6nster?<br data-start=\"5340\" data-end=\"5343\" \/>Ti:Sapphire-f\u00f6nster erbjuder \u00f6kad kemikaliebest\u00e4ndighet och rept\u00e5lighet j\u00e4mf\u00f6rt med vanliga safirf\u00f6nster, vilket g\u00f6r dem idealiska f\u00f6r skyddsapplikationer i milj\u00f6er med fysiskt slitage eller exponering f\u00f6r kemikalier.<\/p>\n<\/li>\n<li data-start=\"5583\" data-end=\"5932\">\n<p data-start=\"5586\" data-end=\"5932\">\u00c4r Ti:Sapphire-f\u00f6nster l\u00e4mpliga f\u00f6r lasertill\u00e4mpningar med h\u00f6g precision?<br data-start=\"5661\" data-end=\"5664\" \/>Ti:Sapphire-f\u00f6nster rekommenderas normalt inte f\u00f6r lasertill\u00e4mpningar med h\u00f6g precision, eftersom de inte ger den optiska enhetlighet som kr\u00e4vs f\u00f6r h\u00f6gpresterande lasrar. De fungerar dock bra f\u00f6r allm\u00e4nna optiska komponenter och sensorskydd.<\/p>\n<\/li>\n<li data-start=\"5934\" data-end=\"6234\">\n<p data-start=\"5937\" data-end=\"6234\">Kan Ti:Sapphire-f\u00f6nster anpassas f\u00f6r specifika applikationer?<br data-start=\"6005\" data-end=\"6008\" \/>Ja, Ti:Sapphire-f\u00f6nster kan anpassas n\u00e4r det g\u00e4ller kristallorientering (A-axel, C-axel), storlek och ytfinish f\u00f6r att m\u00f6ta de specifika behoven hos olika industriella och vetenskapliga applikationer.<\/p>\n<\/li>\n<li data-start=\"6236\" data-end=\"6535\">\n<p data-start=\"6239\" data-end=\"6535\">Vilka branscher anv\u00e4nder Ti:Sapphire-f\u00f6nster?<br data-start=\"6283\" data-end=\"6286\" \/>Ti:Sapphire-f\u00f6nster anv\u00e4nds inom branscher som halvledare, flyg, f\u00f6rsvar, medicintekniska produkter och vetenskaplig forskning, d\u00e4r deras h\u00e5llbarhet, kemiska resistens och termiska stabilitet \u00e4r avg\u00f6rande.<\/p>\n<\/li>\n<\/ol>","protected":false},"excerpt":{"rendered":"<p>ZMSH presenterar titandopade safirf\u00f6nster (Ti:Sapphire), en mycket h\u00e5llbar och transparent optisk l\u00f6sning som \u00e4r utformad f\u00f6r att uppfylla ett brett spektrum av industriella, vetenskapliga och skyddande applikationer.<\/p>","protected":false},"featured_media":2078,"comment_status":"open","ping_status":"closed","template":"","meta":{"site-sidebar-layout":"default","site-content-layout":"","ast-site-content-layout":"default","site-content-style":"default","site-sidebar-style":"default","ast-global-header-display":"","ast-banner-title-visibility":"","ast-main-header-display":"","ast-hfb-above-header-display":"","ast-hfb-below-header-display":"","ast-hfb-mobile-header-display":"","site-post-title":"","ast-breadcrumbs-content":"","ast-featured-img":"","footer-sml-layout":"","ast-disable-related-posts":"","theme-transparent-header-meta":"default","adv-header-id-meta":"","stick-header-meta":"default","header-above-stick-meta":"","header-main-stick-meta":"","header-below-stick-meta":"","astra-migrate-meta-layouts":"set","ast-page-background-enabled":"default","ast-page-background-meta":{"desktop":{"background-color":"","background-image":"","background-repeat":"repeat","background-position":"center center","background-size":"auto","background-attachment":"scroll","background-type":"","background-media":"","overlay-type":"","overlay-color":"","overlay-opacity":"","overlay-gradient":""},"tablet":{"background-color":"","background-image":"","background-repeat":"repeat","background-position":"center center","background-size":"auto","background-attachment":"scroll","background-type":"","background-media":"","overlay-type":"","overlay-color":"","overlay-opacity":"","overlay-gradient":""},"mobile":{"background-color":"","background-image":"","background-repeat":"repeat","background-position":"center center","background-size":"auto","background-attachment":"scroll","background-type":"","background-media":"","overlay-type":"","overlay-color":"","overlay-opacity":"","overlay-gradient":""}},"ast-content-background-meta":{"desktop":{"background-color":"var(--ast-global-color-5)","background-image":"","background-repeat":"repeat","background-position":"center center","background-size":"auto","background-attachment":"scroll","background-type":"","background-media":"","overlay-type":"","overlay-color":"","overlay-opacity":"","overlay-gradient":""},"tablet":{"background-color":"var(--ast-global-color-5)","background-image":"","background-repeat":"repeat","background-position":"center center","background-size":"auto","background-attachment":"scroll","background-type":"","background-media":"","overlay-type":"","overlay-color":"","overlay-opacity":"","overlay-gradient":""},"mobile":{"background-color":"var(--ast-global-color-5)","background-image":"","background-repeat":"repeat","background-position":"center center","background-size":"auto","background-attachment":"scroll","background-type":"","background-media":"","overlay-type":"","overlay-color":"","overlay-opacity":"","overlay-gradient":""}}},"product_brand":[],"product_cat":[15],"product_tag":[145,142,143,144,140,141],"class_list":{"0":"post-2077","1":"product","2":"type-product","3":"status-publish","4":"has-post-thumbnail","6":"product_cat-sapphire-windows","7":"product_tag-durable-optical-windows","8":"product_tag-optical-windows","9":"product_tag-protective-sapphire-windows","10":"product_tag-sensor-protection-windows","11":"product_tag-tisapphire-window","12":"product_tag-titanium-sapphire-window","13":"desktop-align-left","14":"tablet-align-left","15":"mobile-align-left","16":"ast-product-gallery-layout-horizontal-slider","17":"ast-product-tabs-layout-horizontal","19":"first","20":"instock","21":"shipping-taxable","22":"product-type-simple"},"_links":{"self":[{"href":"https:\/\/www.sapphire-windows.com\/sv\/wp-json\/wp\/v2\/product\/2077","targetHints":{"allow":["GET"]}}],"collection":[{"href":"https:\/\/www.sapphire-windows.com\/sv\/wp-json\/wp\/v2\/product"}],"about":[{"href":"https:\/\/www.sapphire-windows.com\/sv\/wp-json\/wp\/v2\/types\/product"}],"replies":[{"embeddable":true,"href":"https:\/\/www.sapphire-windows.com\/sv\/wp-json\/wp\/v2\/comments?post=2077"}],"version-history":[{"count":2,"href":"https:\/\/www.sapphire-windows.com\/sv\/wp-json\/wp\/v2\/product\/2077\/revisions"}],"predecessor-version":[{"id":2082,"href":"https:\/\/www.sapphire-windows.com\/sv\/wp-json\/wp\/v2\/product\/2077\/revisions\/2082"}],"wp:featuredmedia":[{"embeddable":true,"href":"https:\/\/www.sapphire-windows.com\/sv\/wp-json\/wp\/v2\/media\/2078"}],"wp:attachment":[{"href":"https:\/\/www.sapphire-windows.com\/sv\/wp-json\/wp\/v2\/media?parent=2077"}],"wp:term":[{"taxonomy":"product_brand","embeddable":true,"href":"https:\/\/www.sapphire-windows.com\/sv\/wp-json\/wp\/v2\/product_brand?post=2077"},{"taxonomy":"product_cat","embeddable":true,"href":"https:\/\/www.sapphire-windows.com\/sv\/wp-json\/wp\/v2\/product_cat?post=2077"},{"taxonomy":"product_tag","embeddable":true,"href":"https:\/\/www.sapphire-windows.com\/sv\/wp-json\/wp\/v2\/product_tag?post=2077"}],"curies":[{"name":"wp","href":"https:\/\/api.w.org\/{rel}","templated":true}]}}