{"id":2072,"date":"2026-01-21T09:23:50","date_gmt":"2026-01-21T09:23:50","guid":{"rendered":"https:\/\/www.sapphire-windows.com\/?post_type=product&#038;p=2072"},"modified":"2026-02-10T15:37:16","modified_gmt":"2026-02-10T15:37:16","slug":"circular-sapphire-windows-high-transmittance-90-sapphire-glass-for-laser-applications","status":"publish","type":"product","link":"https:\/\/www.sapphire-windows.com\/sv\/product\/circular-sapphire-windows-high-transmittance-90-sapphire-glass-for-laser-applications\/","title":{"rendered":"Cirkul\u00e4ra safirf\u00f6nster med h\u00f6g transmittans 90% safirglas f\u00f6r lasertill\u00e4mpningar"},"content":{"rendered":"<h2 data-start=\"115\" data-end=\"139\">Produktbeskrivning:<\/h2>\n<p data-start=\"141\" data-end=\"726\">ZMSH:s cirkul\u00e4ra safirf\u00f6nster \u00e4r en h\u00f6gpresterande optisk komponent tillverkad av 99,999% ren enkristallsafir (Al\u2082O\u2083). Dessa safirf\u00f6nster \u00e4r utformade f\u00f6r kr\u00e4vande applikationer och har en transmittans p\u00e5 \u00f6ver 90% \u00f6ver ett brett spektrum (250 nm-5500 nm) och utm\u00e4rker sig s\u00e4rskilt i det infrar\u00f6da omr\u00e5det (3-5 \u03bcm MIR), vilket g\u00f6r dem idealiska f\u00f6r lasersystem, halvledarutrustning, industriell observation vid h\u00f6ga temperaturer och instrumentering inom flygindustrin. De anv\u00e4nds ocks\u00e5 ofta i vetenskapliga instrument, medicintekniska produkter och optiska sensorer.<\/p>\n<p data-start=\"141\" data-end=\"726\"><img fetchpriority=\"high\" decoding=\"async\" class=\"size-medium wp-image-2075 alignright\" src=\"https:\/\/www.sapphire-windows.com\/wp-content\/uploads\/2026\/01\/Circular-Sapphire-Windows-High-Transmittance-90-Sapphire-Glass-for-Laser-Applications-3-300x300.webp\" alt=\"\" width=\"300\" height=\"300\" srcset=\"https:\/\/www.sapphire-windows.com\/wp-content\/uploads\/2026\/01\/Circular-Sapphire-Windows-High-Transmittance-90-Sapphire-Glass-for-Laser-Applications-3-300x300.webp 300w, https:\/\/www.sapphire-windows.com\/wp-content\/uploads\/2026\/01\/Circular-Sapphire-Windows-High-Transmittance-90-Sapphire-Glass-for-Laser-Applications-3-150x150.webp 150w, https:\/\/www.sapphire-windows.com\/wp-content\/uploads\/2026\/01\/Circular-Sapphire-Windows-High-Transmittance-90-Sapphire-Glass-for-Laser-Applications-3-600x600.webp 600w, https:\/\/www.sapphire-windows.com\/wp-content\/uploads\/2026\/01\/Circular-Sapphire-Windows-High-Transmittance-90-Sapphire-Glass-for-Laser-Applications-3-100x100.webp 100w, https:\/\/www.sapphire-windows.com\/wp-content\/uploads\/2026\/01\/Circular-Sapphire-Windows-High-Transmittance-90-Sapphire-Glass-for-Laser-Applications-3.webp 750w\" sizes=\"(max-width: 300px) 100vw, 300px\" \/><\/p>\n<p data-start=\"728\" data-end=\"1237\">Safir, med en Mohs-h\u00e5rdhet p\u00e5 9, ger 10 g\u00e5nger h\u00f6gre rept\u00e5lighet \u00e4n vanligt optiskt glas, vilket s\u00e4kerst\u00e4ller h\u00e5llbarhet \u00e4ven i milj\u00f6er med h\u00f6g p\u00e5verkan. Med sin h\u00f6ga sm\u00e4ltpunkt p\u00e5 2040\u00b0C fungerar safirf\u00f6nster tillf\u00f6rlitligt i extrem v\u00e4rme, med kontinuerlig drift upp till 800\u00b0C och korttidstolerans upp till 1800\u00b0C. Dessutom \u00e4r dessa f\u00f6nster kemiskt resistenta mot de flesta syror, alkalier och l\u00f6sningsmedel, vilket g\u00f6r dem l\u00e4mpliga f\u00f6r tuffa industriella och kemiska milj\u00f6er.<\/p>\n<p data-start=\"1239\" data-end=\"1746\">ZMSH erbjuder anpassning av storlek (fr\u00e5n 5 mm till 300 mm i diameter) och tjocklek (fr\u00e5n 0,3 mm till 20 mm), tillsammans med olika bel\u00e4ggningar som AR-bel\u00e4ggningar (antireflexbel\u00e4ggningar), bel\u00e4ggningar med h\u00f6g transmission och bel\u00e4ggningar mot nedsmutsning. Med hj\u00e4lp av avancerad CNC-bearbetning och laserbearbetningsteknik kan vi erbjuda exakta, sn\u00e4va toleranser (\u00b10,01 mm) och h\u00f6g ytkvalitet (upp till \u03bb\/10 planhet), vilket s\u00e4kerst\u00e4ller att f\u00f6nstren uppfyller de str\u00e4nga kraven i optiska system.<\/p>\n<h2 data-start=\"1648\" data-end=\"1665\">Viktiga egenskaper:<\/h2>\n<ol data-start=\"1667\" data-end=\"2636\">\n<li data-start=\"1667\" data-end=\"1883\">\n<p data-start=\"1670\" data-end=\"1704\">\u00d6verl\u00e4gsen optisk prestanda:<\/p>\n<ul data-start=\"1708\" data-end=\"1883\">\n<li data-start=\"1708\" data-end=\"1883\">\n<p data-start=\"1710\" data-end=\"1883\">Uppn\u00e5r &gt;90% transmittans fr\u00e5n 250 nm till 5500 nm och utm\u00e4rker sig i det infrar\u00f6da omr\u00e5det (3-5 \u03bcm), vilket g\u00f6r den perfekt f\u00f6r laser- och infrar\u00f6da bildbehandlingsapplikationer.<\/p>\n<\/li>\n<\/ul>\n<\/li>\n<li data-start=\"1885\" data-end=\"2113\">\n<p data-start=\"1888\" data-end=\"1924\">Exceptionell mekanisk styrka:<img decoding=\"async\" class=\"size-medium wp-image-2073 alignleft\" src=\"https:\/\/www.sapphire-windows.com\/wp-content\/uploads\/2026\/01\/Circular-Sapphire-Windows-High-Transmittance-90-Sapphire-Glass-for-Laser-Applications-1-300x300.webp\" alt=\"\" width=\"300\" height=\"300\" srcset=\"https:\/\/www.sapphire-windows.com\/wp-content\/uploads\/2026\/01\/Circular-Sapphire-Windows-High-Transmittance-90-Sapphire-Glass-for-Laser-Applications-1-300x300.webp 300w, https:\/\/www.sapphire-windows.com\/wp-content\/uploads\/2026\/01\/Circular-Sapphire-Windows-High-Transmittance-90-Sapphire-Glass-for-Laser-Applications-1-150x150.webp 150w, https:\/\/www.sapphire-windows.com\/wp-content\/uploads\/2026\/01\/Circular-Sapphire-Windows-High-Transmittance-90-Sapphire-Glass-for-Laser-Applications-1-600x600.webp 600w, https:\/\/www.sapphire-windows.com\/wp-content\/uploads\/2026\/01\/Circular-Sapphire-Windows-High-Transmittance-90-Sapphire-Glass-for-Laser-Applications-1-100x100.webp 100w, https:\/\/www.sapphire-windows.com\/wp-content\/uploads\/2026\/01\/Circular-Sapphire-Windows-High-Transmittance-90-Sapphire-Glass-for-Laser-Applications-1.webp 750w\" sizes=\"(max-width: 300px) 100vw, 300px\" \/><\/p>\n<ul data-start=\"1928\" data-end=\"2113\">\n<li data-start=\"1928\" data-end=\"2113\">\n<p data-start=\"1930\" data-end=\"2113\">Med en Mohs-h\u00e5rdhet p\u00e5 9 ger safirf\u00f6nstret 10x b\u00e4ttre rept\u00e5lighet \u00e4n konventionellt optiskt glas, vilket garanterar l\u00e5ng livsl\u00e4ngd i milj\u00f6er med h\u00f6g p\u00e5verkan och n\u00f6tning.<\/p>\n<\/li>\n<\/ul>\n<\/li>\n<li data-start=\"2115\" data-end=\"2399\">\n<p data-start=\"2118\" data-end=\"2155\">Extrem milj\u00f6t\u00e5lighet:<\/p>\n<ul data-start=\"2159\" data-end=\"2399\">\n<li data-start=\"2159\" data-end=\"2235\">\n<p data-start=\"2161\" data-end=\"2235\">Sm\u00e4ltpunkt: 2040\u00b0C, l\u00e4mplig f\u00f6r milj\u00f6er med h\u00f6ga temperaturer.<\/p>\n<\/li>\n<li data-start=\"2239\" data-end=\"2319\">\n<p data-start=\"2241\" data-end=\"2319\">Arbetar kontinuerligt vid 800\u00b0C med korttidstolerans upp till 1800\u00b0C.<\/p>\n<\/li>\n<li data-start=\"2323\" data-end=\"2399\">\n<p data-start=\"2325\" data-end=\"2399\">Kemisk best\u00e4ndighet: Stabil i sura\/alkaliska milj\u00f6er (pH 1-13).<\/p>\n<\/li>\n<\/ul>\n<\/li>\n<li data-start=\"2401\" data-end=\"2636\">\n<p data-start=\"2404\" data-end=\"2427\">Termisk stabilitet:<\/p>\n<ul data-start=\"2431\" data-end=\"2636\">\n<li data-start=\"2431\" data-end=\"2636\">\n<p data-start=\"2433\" data-end=\"2636\">Den l\u00e5ga v\u00e4rmeutvidgningskoefficienten p\u00e5 5,3\u00d710-\u2076\/\u00b0C s\u00e4kerst\u00e4ller optisk ytnoggrannhet \u00e4ven under snabba termiska cykler, vilket g\u00f6r den idealisk f\u00f6r precisionsapplikationer i fluktuerande temperaturer.<\/p>\n<\/li>\n<\/ul>\n<\/li>\n<\/ol>\n<h2 data-start=\"2643\" data-end=\"2672\">Tekniska specifikationer:<\/h2>\n<ul data-start=\"2674\" data-end=\"3035\">\n<li data-start=\"2674\" data-end=\"2721\">\n<p data-start=\"2676\" data-end=\"2721\">Material: Enkristallin safir (Al\u2082O\u2083)<\/p>\n<\/li>\n<li data-start=\"2722\" data-end=\"2747\">\n<p data-start=\"2724\" data-end=\"2747\">Densitet: 3,98 g\/cm\u00b3<\/p>\n<\/li>\n<li data-start=\"2748\" data-end=\"2775\">\n<p data-start=\"2750\" data-end=\"2775\">Sm\u00e4ltpunkt: 2040\u00b0C<\/p>\n<\/li>\n<li data-start=\"2776\" data-end=\"2798\">\n<p data-start=\"2778\" data-end=\"2798\">Mohs h\u00e5rdhet: 9<\/p>\n<\/li>\n<li data-start=\"2799\" data-end=\"2835\">\n<p data-start=\"2801\" data-end=\"2835\">Termisk konduktivitet: 52 W\/m-K<\/p>\n<\/li>\n<li data-start=\"2836\" data-end=\"2874\">\n<p data-start=\"2838\" data-end=\"2874\">V\u00e4rmeutvidgning: 5,3 \u00d7 10-\u2076\/\u00b0C<\/p>\n<\/li>\n<li data-start=\"2875\" data-end=\"2915\">\n<p data-start=\"2877\" data-end=\"2915\">Transmittans: &gt;90% (250nm-5500nm)<\/p>\n<\/li>\n<li data-start=\"2916\" data-end=\"2976\">\n<p data-start=\"2918\" data-end=\"2976\">Ytfinish: DSP eller SSP (anpassade ytbehandlingar tillg\u00e4ngliga)<\/p>\n<\/li>\n<li data-start=\"2977\" data-end=\"3035\">\n<p data-start=\"2979\" data-end=\"3035\">Storleksintervall: 5mm-300mm diameter, 0,3mm-20mm tjocklek<\/p>\n<\/li>\n<\/ul>\n<h2 data-start=\"3042\" data-end=\"3067\">Prim\u00e4ra till\u00e4mpningar:<img decoding=\"async\" class=\"size-medium wp-image-2074 alignright\" src=\"https:\/\/www.sapphire-windows.com\/wp-content\/uploads\/2026\/01\/Circular-Sapphire-Windows-High-Transmittance-90-Sapphire-Glass-for-Laser-Applications-2-300x300.jpg\" alt=\"\" width=\"300\" height=\"300\" srcset=\"https:\/\/www.sapphire-windows.com\/wp-content\/uploads\/2026\/01\/Circular-Sapphire-Windows-High-Transmittance-90-Sapphire-Glass-for-Laser-Applications-2-300x300.jpg 300w, https:\/\/www.sapphire-windows.com\/wp-content\/uploads\/2026\/01\/Circular-Sapphire-Windows-High-Transmittance-90-Sapphire-Glass-for-Laser-Applications-2-150x150.jpg 150w, https:\/\/www.sapphire-windows.com\/wp-content\/uploads\/2026\/01\/Circular-Sapphire-Windows-High-Transmittance-90-Sapphire-Glass-for-Laser-Applications-2-600x600.jpg 600w, https:\/\/www.sapphire-windows.com\/wp-content\/uploads\/2026\/01\/Circular-Sapphire-Windows-High-Transmittance-90-Sapphire-Glass-for-Laser-Applications-2-100x100.jpg 100w, https:\/\/www.sapphire-windows.com\/wp-content\/uploads\/2026\/01\/Circular-Sapphire-Windows-High-Transmittance-90-Sapphire-Glass-for-Laser-Applications-2.jpg 750w\" sizes=\"(max-width: 300px) 100vw, 300px\" \/><\/h2>\n<ol data-start=\"3069\" data-end=\"3978\">\n<li data-start=\"3069\" data-end=\"3318\">\n<p data-start=\"3072\" data-end=\"3090\">Lasersystem:<\/p>\n<ul data-start=\"3094\" data-end=\"3318\">\n<li data-start=\"3094\" data-end=\"3318\">\n<p data-start=\"3096\" data-end=\"3318\">Cirkul\u00e4ra f\u00f6nster av safir anv\u00e4nds ofta i CO\u2082- och fiberlasersystem som utg\u00e5ngsf\u00f6nster och skyddslinser och klarar h\u00f6geffektiv laserbestr\u00e5lning (&gt;5kW\/cm\u00b2) samtidigt som de minimerar termiska linseffekter.<\/p>\n<\/li>\n<\/ul>\n<\/li>\n<li data-start=\"3320\" data-end=\"3525\">\n<p data-start=\"3323\" data-end=\"3367\">Industriell observation av h\u00f6ga temperaturer:<\/p>\n<ul data-start=\"3371\" data-end=\"3525\">\n<li data-start=\"3371\" data-end=\"3525\">\n<p data-start=\"3373\" data-end=\"3525\">Idealisk f\u00f6r titth\u00e5l i utrustning f\u00f6r st\u00e5ltillverkning och glasformning, bibeh\u00e5ller optisk klarhet \u00f6ver 1000\u00b0C utan imma eller deformation.<\/p>\n<\/li>\n<\/ul>\n<\/li>\n<li data-start=\"3527\" data-end=\"3752\">\n<p data-start=\"3530\" data-end=\"3554\">Flyg- och rymdindustrin samt f\u00f6rsvarsindustrin:<\/p>\n<ul data-start=\"3558\" data-end=\"3752\">\n<li data-start=\"3558\" data-end=\"3752\">\n<p data-start=\"3560\" data-end=\"3752\">Dessa safirf\u00f6nster anv\u00e4nds i elektrooptiska sensorer och missils\u00f6kare och erbjuder slagt\u00e5lighet mot aerodynamisk uppv\u00e4rmning i \u00f6verljudshastighet samtidigt som den optiska klarheten bibeh\u00e5lls.<\/p>\n<\/li>\n<\/ul>\n<\/li>\n<li data-start=\"3754\" data-end=\"3978\">\n<p data-start=\"3757\" data-end=\"3794\">Vetenskapliga och medicinska instrument:<\/p>\n<ul data-start=\"3798\" data-end=\"3978\">\n<li data-start=\"3798\" data-end=\"3978\">\n<p data-start=\"3800\" data-end=\"3978\">Cirkul\u00e4ra safirf\u00f6nster \u00e4r viktiga i synkrotronstr\u00e5lningsutrustning, endoskop och andra h\u00f6gpresterande optiska system, vilket ger stabila optiska kanaler.<\/p>\n<\/li>\n<\/ul>\n<\/li>\n<\/ol>\n<h2 data-start=\"3985\" data-end=\"4022\">Vanliga fr\u00e5gor och svar (FAQ):<\/h2>\n<ol data-start=\"4024\" data-end=\"4948\">\n<li data-start=\"4024\" data-end=\"4349\">\n<p data-start=\"4027\" data-end=\"4095\">Vilka f\u00f6rdelar har safirf\u00f6nster j\u00e4mf\u00f6rt med traditionellt glas?<\/p>\n<ul data-start=\"4099\" data-end=\"4349\">\n<li data-start=\"4099\" data-end=\"4349\">\n<p data-start=\"4101\" data-end=\"4349\">Safirf\u00f6nster ger 10x h\u00f6gre rept\u00e5lighet (Mohs 9), b\u00e4ttre spektral transmission i UV- till IR-omr\u00e5dena och \u00f6verl\u00e4gsen termisk och kemisk h\u00e5llbarhet, vilket g\u00f6r dem idealiska f\u00f6r h\u00f6gpresterande applikationer i tuffa milj\u00f6er.<\/p>\n<\/li>\n<\/ul>\n<\/li>\n<li data-start=\"4351\" data-end=\"4657\">\n<p data-start=\"4354\" data-end=\"4405\">Kan safirf\u00f6nster anv\u00e4ndas f\u00f6r lasersystem?<\/p>\n<ul data-start=\"4409\" data-end=\"4657\">\n<li data-start=\"4409\" data-end=\"4657\">\n<p data-start=\"4411\" data-end=\"4657\">Ja, ZMSH tillhandah\u00e5ller safirf\u00f6nster av laserkvalitet med antireflexbel\u00e4ggningar (AR) och bel\u00e4ggningar med h\u00f6g transmission. Dessa f\u00f6nster \u00e4r perfekta f\u00f6r lasersystem med h\u00f6g effekt och erbjuder minimal termisk linsning och l\u00e5ngsiktig tillf\u00f6rlitlighet.<\/p>\n<\/li>\n<\/ul>\n<\/li>\n<li data-start=\"4659\" data-end=\"4948\">\n<p data-start=\"4662\" data-end=\"4718\">\u00c4r safirf\u00f6nster motst\u00e5ndskraftiga mot h\u00f6ga temperaturer?<\/p>\n<ul data-start=\"4722\" data-end=\"4948\">\n<li data-start=\"4722\" data-end=\"4948\">\n<p data-start=\"4724\" data-end=\"4948\">Safirf\u00f6nster har en h\u00f6g sm\u00e4ltpunkt p\u00e5 2040\u00b0C, vilket g\u00f6r dem l\u00e4mpliga f\u00f6r milj\u00f6er med h\u00f6ga temperaturer. De kan arbeta kontinuerligt i upp till 800\u00b0C och klara kortvariga exponeringar i upp till 1800\u00b0C.<\/p>\n<\/li>\n<\/ul>\n<\/li>\n<li>\n<p data-start=\"5068\" data-end=\"5121\">Kan storleken p\u00e5 safirf\u00f6nster anpassas?<\/p>\n<ul data-start=\"5125\" data-end=\"5363\">\n<li data-start=\"5125\" data-end=\"5363\">\n<p data-start=\"5127\" data-end=\"5363\">Ja, vi erbjuder full anpassning i diameter (fr\u00e5n 5 mm till 300 mm) och tjocklek (fr\u00e5n 0,3 mm till 20 mm) f\u00f6r att passa specifika projektkrav. V\u00e5r avancerade maskinbearbetning s\u00e4kerst\u00e4ller sn\u00e4va toleranser och \u00f6verl\u00e4gsen ytfinish.<\/p>\n<\/li>\n<\/ul>\n<\/li>\n<\/ol>","protected":false},"excerpt":{"rendered":"<p>ZMSH:s Circular Sapphire Windows \u00e4r en h\u00f6gpresterande optisk komponent tillverkad av 99,999% ren enkristallsafir (Al\u2082O\u2083).<\/p>","protected":false},"featured_media":2073,"comment_status":"open","ping_status":"closed","template":"","meta":{"site-sidebar-layout":"default","site-content-layout":"","ast-site-content-layout":"default","site-content-style":"default","site-sidebar-style":"default","ast-global-header-display":"","ast-banner-title-visibility":"","ast-main-header-display":"","ast-hfb-above-header-display":"","ast-hfb-below-header-display":"","ast-hfb-mobile-header-display":"","site-post-title":"","ast-breadcrumbs-content":"","ast-featured-img":"","footer-sml-layout":"","ast-disable-related-posts":"","theme-transparent-header-meta":"default","adv-header-id-meta":"","stick-header-meta":"default","header-above-stick-meta":"","header-main-stick-meta":"","header-below-stick-meta":"","astra-migrate-meta-layouts":"set","ast-page-background-enabled":"default","ast-page-background-meta":{"desktop":{"background-color":"","background-image":"","background-repeat":"repeat","background-position":"center center","background-size":"auto","background-attachment":"scroll","background-type":"","background-media":"","overlay-type":"","overlay-color":"","overlay-opacity":"","overlay-gradient":""},"tablet":{"background-color":"","background-image":"","background-repeat":"repeat","background-position":"center center","background-size":"auto","background-attachment":"scroll","background-type":"","background-media":"","overlay-type":"","overlay-color":"","overlay-opacity":"","overlay-gradient":""},"mobile":{"background-color":"","background-image":"","background-repeat":"repeat","background-position":"center center","background-size":"auto","background-attachment":"scroll","background-type":"","background-media":"","overlay-type":"","overlay-color":"","overlay-opacity":"","overlay-gradient":""}},"ast-content-background-meta":{"desktop":{"background-color":"var(--ast-global-color-5)","background-image":"","background-repeat":"repeat","background-position":"center center","background-size":"auto","background-attachment":"scroll","background-type":"","background-media":"","overlay-type":"","overlay-color":"","overlay-opacity":"","overlay-gradient":""},"tablet":{"background-color":"var(--ast-global-color-5)","background-image":"","background-repeat":"repeat","background-position":"center center","background-size":"auto","background-attachment":"scroll","background-type":"","background-media":"","overlay-type":"","overlay-color":"","overlay-opacity":"","overlay-gradient":""},"mobile":{"background-color":"var(--ast-global-color-5)","background-image":"","background-repeat":"repeat","background-position":"center center","background-size":"auto","background-attachment":"scroll","background-type":"","background-media":"","overlay-type":"","overlay-color":"","overlay-opacity":"","overlay-gradient":""}}},"product_brand":[],"product_cat":[15],"product_tag":[133,136,90,138,139,135,89,134,137],"class_list":{"0":"post-2072","1":"product","2":"type-product","3":"status-publish","4":"has-post-thumbnail","6":"product_cat-sapphire-windows","7":"product_tag-circular-sapphire-window","8":"product_tag-customized-sapphire-windows","9":"product_tag-high-transmittance","10":"product_tag-high-performance-sapphire-window","11":"product_tag-infrared-window","12":"product_tag-laser-window","13":"product_tag-optical-glass","14":"product_tag-sapphire-glass","15":"product_tag-wear-resistant-sapphire","16":"desktop-align-left","17":"tablet-align-left","18":"mobile-align-left","19":"ast-product-gallery-layout-horizontal-slider","20":"ast-product-tabs-layout-horizontal","22":"first","23":"instock","24":"shipping-taxable","25":"product-type-simple"},"_links":{"self":[{"href":"https:\/\/www.sapphire-windows.com\/sv\/wp-json\/wp\/v2\/product\/2072","targetHints":{"allow":["GET"]}}],"collection":[{"href":"https:\/\/www.sapphire-windows.com\/sv\/wp-json\/wp\/v2\/product"}],"about":[{"href":"https:\/\/www.sapphire-windows.com\/sv\/wp-json\/wp\/v2\/types\/product"}],"replies":[{"embeddable":true,"href":"https:\/\/www.sapphire-windows.com\/sv\/wp-json\/wp\/v2\/comments?post=2072"}],"version-history":[{"count":1,"href":"https:\/\/www.sapphire-windows.com\/sv\/wp-json\/wp\/v2\/product\/2072\/revisions"}],"predecessor-version":[{"id":2076,"href":"https:\/\/www.sapphire-windows.com\/sv\/wp-json\/wp\/v2\/product\/2072\/revisions\/2076"}],"wp:featuredmedia":[{"embeddable":true,"href":"https:\/\/www.sapphire-windows.com\/sv\/wp-json\/wp\/v2\/media\/2073"}],"wp:attachment":[{"href":"https:\/\/www.sapphire-windows.com\/sv\/wp-json\/wp\/v2\/media?parent=2072"}],"wp:term":[{"taxonomy":"product_brand","embeddable":true,"href":"https:\/\/www.sapphire-windows.com\/sv\/wp-json\/wp\/v2\/product_brand?post=2072"},{"taxonomy":"product_cat","embeddable":true,"href":"https:\/\/www.sapphire-windows.com\/sv\/wp-json\/wp\/v2\/product_cat?post=2072"},{"taxonomy":"product_tag","embeddable":true,"href":"https:\/\/www.sapphire-windows.com\/sv\/wp-json\/wp\/v2\/product_tag?post=2072"}],"curies":[{"name":"wp","href":"https:\/\/api.w.org\/{rel}","templated":true}]}}