{"id":2310,"date":"2026-03-23T07:08:10","date_gmt":"2026-03-23T07:08:10","guid":{"rendered":"https:\/\/www.sapphire-windows.com\/?post_type=product&#038;p=2310"},"modified":"2026-03-23T07:09:41","modified_gmt":"2026-03-23T07:09:41","slug":"janela-com-cupula-de-safira","status":"publish","type":"product","link":"https:\/\/www.sapphire-windows.com\/pt\/product\/sapphire-dome-window\/","title":{"rendered":"Janela de c\u00fapula de safira de alta precis\u00e3o para prote\u00e7\u00e3o do sensor de infravermelhos (IR) e \u00f3tico"},"content":{"rendered":"<p data-start=\"236\" data-end=\"700\"><img fetchpriority=\"high\" decoding=\"async\" class=\"size-medium wp-image-2314 alignright\" src=\"https:\/\/www.sapphire-windows.com\/wp-content\/uploads\/2026\/03\/8sapphire_dome_window_high_precision_for_optical_and_infrared_infrared_sensors-300x300.webp\" alt=\"\" width=\"300\" height=\"300\" srcset=\"https:\/\/www.sapphire-windows.com\/wp-content\/uploads\/2026\/03\/8sapphire_dome_window_high_precision_for_optical_and_infrared_infrared_sensors-300x300.webp 300w, https:\/\/www.sapphire-windows.com\/wp-content\/uploads\/2026\/03\/8sapphire_dome_window_high_precision_for_optical_and_infrared_infrared_sensors-150x150.webp 150w, https:\/\/www.sapphire-windows.com\/wp-content\/uploads\/2026\/03\/8sapphire_dome_window_high_precision_for_optical_and_infrared_infrared_sensors-768x768.webp 768w, https:\/\/www.sapphire-windows.com\/wp-content\/uploads\/2026\/03\/8sapphire_dome_window_high_precision_for_optical_and_infrared_infrared_sensors-12x12.webp 12w, https:\/\/www.sapphire-windows.com\/wp-content\/uploads\/2026\/03\/8sapphire_dome_window_high_precision_for_optical_and_infrared_infrared_sensors-600x600.webp 600w, https:\/\/www.sapphire-windows.com\/wp-content\/uploads\/2026\/03\/8sapphire_dome_window_high_precision_for_optical_and_infrared_infrared_sensors-100x100.webp 100w, https:\/\/www.sapphire-windows.com\/wp-content\/uploads\/2026\/03\/8sapphire_dome_window_high_precision_for_optical_and_infrared_infrared_sensors.webp 800w\" sizes=\"(max-width: 300px) 100vw, 300px\" \/>A Janela de C\u00fapula de Safira \u00e9 um componente \u00f3tico de elevado desempenho concebido a partir de \u00f3xido de alum\u00ednio monocristalino (Al\u2082O\u2083), concebido para proporcionar um desempenho excecional em ambientes extremos e exigentes. Em compara\u00e7\u00e3o com os materiais \u00f3pticos tradicionais, como o vidro ou o quartzo, a safira proporciona uma combina\u00e7\u00e3o \u00fanica de resist\u00eancia mec\u00e2nica, estabilidade t\u00e9rmica e transpar\u00eancia \u00f3tica, tornando-a uma escolha ideal para sistemas \u00f3pticos avan\u00e7ados e de infravermelhos (IR).<\/p>\n<p data-start=\"702\" data-end=\"1003\">Gra\u00e7as \u00e0 sua dureza de Mohs de 9, a safira s\u00f3 fica atr\u00e1s do diamante em termos de dureza, oferecendo uma excelente resist\u00eancia a riscos, abras\u00e3o e impacto de part\u00edculas de alta velocidade. Este facto torna as janelas de c\u00fapula de safira particularmente adequadas para aplica\u00e7\u00f5es em que a durabilidade e a longa vida \u00fatil s\u00e3o fundamentais.<\/p>\n<p data-start=\"1005\" data-end=\"1364\">A geometria da c\u00fapula aumenta ainda mais a resist\u00eancia estrutural ao distribuir a tens\u00e3o uniformemente pela superf\u00edcie, permitindo que o componente resista a alta press\u00e3o, for\u00e7as aerodin\u00e2micas e r\u00e1pidas altera\u00e7\u00f5es ambientais. Como resultado, as c\u00fapulas de safira s\u00e3o amplamente utilizadas como janelas de prote\u00e7\u00e3o para sensores e sistemas \u00f3pticos em aplica\u00e7\u00f5es aeroespaciais, de defesa e industriais.<\/p>\n<h2 data-section-id=\"147fl1h\" data-start=\"1371\" data-end=\"1408\">Vantagens \u00f3pticas e f\u00edsicas<\/h2>\n<p data-start=\"1410\" data-end=\"1788\"><img decoding=\"async\" class=\"size-medium wp-image-2313 alignleft\" src=\"https:\/\/www.sapphire-windows.com\/wp-content\/uploads\/2026\/03\/9sapphire_dome_window_high_precision_for_optical_and_infrared_infrared_sensors-300x300.webp\" alt=\"\" width=\"300\" height=\"300\" srcset=\"https:\/\/www.sapphire-windows.com\/wp-content\/uploads\/2026\/03\/9sapphire_dome_window_high_precision_for_optical_and_infrared_infrared_sensors-300x300.webp 300w, https:\/\/www.sapphire-windows.com\/wp-content\/uploads\/2026\/03\/9sapphire_dome_window_high_precision_for_optical_and_infrared_infrared_sensors-150x150.webp 150w, https:\/\/www.sapphire-windows.com\/wp-content\/uploads\/2026\/03\/9sapphire_dome_window_high_precision_for_optical_and_infrared_infrared_sensors-768x768.webp 768w, https:\/\/www.sapphire-windows.com\/wp-content\/uploads\/2026\/03\/9sapphire_dome_window_high_precision_for_optical_and_infrared_infrared_sensors-12x12.webp 12w, https:\/\/www.sapphire-windows.com\/wp-content\/uploads\/2026\/03\/9sapphire_dome_window_high_precision_for_optical_and_infrared_infrared_sensors-600x600.webp 600w, https:\/\/www.sapphire-windows.com\/wp-content\/uploads\/2026\/03\/9sapphire_dome_window_high_precision_for_optical_and_infrared_infrared_sensors-100x100.webp 100w, https:\/\/www.sapphire-windows.com\/wp-content\/uploads\/2026\/03\/9sapphire_dome_window_high_precision_for_optical_and_infrared_infrared_sensors.webp 800w\" sizes=\"(max-width: 300px) 100vw, 300px\" \/>Uma das principais vantagens das janelas de c\u00fapula de safira reside na sua ampla gama de transmiss\u00e3o espetral, que se estende desde comprimentos de onda ultravioleta (UV) de cerca de 170 nm at\u00e9 comprimentos de onda infravermelhos m\u00e9dios (IV) de at\u00e9 5 \u00b5m. Esta ampla capacidade de transmiss\u00e3o torna-as altamente vers\u00e1teis para sistemas \u00f3pticos multi-espectrais, incluindo imagiologia por infravermelhos, sistemas laser e sensores de precis\u00e3o.<\/p>\n<p data-start=\"1790\" data-end=\"2036\">Al\u00e9m disso, a safira mant\u00e9m uma excelente nitidez \u00f3tica com uma dispers\u00e3o m\u00ednima quando polida para obter acabamentos de superf\u00edcie de qualidade \u00f3tica (&lt;10 \u00c5 RMS). Isto assegura uma elevada integridade do sinal e uma aquisi\u00e7\u00e3o de dados precisa em aplica\u00e7\u00f5es \u00f3pticas sens\u00edveis.<\/p>\n<p data-start=\"2038\" data-end=\"2330\">Do ponto de vista t\u00e9rmico, a safira apresenta uma estabilidade excecional, capaz de funcionar a temperaturas at\u00e9 1900\u00b0C em ambientes de v\u00e1cuo ou de g\u00e1s inerte. Mesmo no ar, mant\u00e9m um desempenho fi\u00e1vel a temperaturas superiores a 1600\u00b0C, ultrapassando largamente a maioria dos materiais \u00f3pticos convencionais.<\/p>\n<p data-start=\"2332\" data-end=\"2548\">Al\u00e9m disso, a safira \u00e9 quimicamente inerte, resistindo \u00e0 corros\u00e3o de \u00e1cidos, \u00e1lcalis e outras subst\u00e2ncias agressivas. Esta propriedade torna-a particularmente adequada para ambientes marinhos, qu\u00edmicos e de elevada humidade.<\/p>\n<h2 data-section-id=\"1y8un7j\" data-start=\"2555\" data-end=\"2573\">Carater\u00edsticas principais<img decoding=\"async\" class=\"size-medium wp-image-2312 alignright\" src=\"https:\/\/www.sapphire-windows.com\/wp-content\/uploads\/2026\/03\/10sapphire_dome_window_high_precision_for_optical_and_infrared_infrared_sensors-300x300.webp\" alt=\"\" width=\"300\" height=\"300\" srcset=\"https:\/\/www.sapphire-windows.com\/wp-content\/uploads\/2026\/03\/10sapphire_dome_window_high_precision_for_optical_and_infrared_infrared_sensors-300x300.webp 300w, https:\/\/www.sapphire-windows.com\/wp-content\/uploads\/2026\/03\/10sapphire_dome_window_high_precision_for_optical_and_infrared_infrared_sensors-150x150.webp 150w, https:\/\/www.sapphire-windows.com\/wp-content\/uploads\/2026\/03\/10sapphire_dome_window_high_precision_for_optical_and_infrared_infrared_sensors-768x768.webp 768w, https:\/\/www.sapphire-windows.com\/wp-content\/uploads\/2026\/03\/10sapphire_dome_window_high_precision_for_optical_and_infrared_infrared_sensors-12x12.webp 12w, https:\/\/www.sapphire-windows.com\/wp-content\/uploads\/2026\/03\/10sapphire_dome_window_high_precision_for_optical_and_infrared_infrared_sensors-600x600.webp 600w, https:\/\/www.sapphire-windows.com\/wp-content\/uploads\/2026\/03\/10sapphire_dome_window_high_precision_for_optical_and_infrared_infrared_sensors-100x100.webp 100w, https:\/\/www.sapphire-windows.com\/wp-content\/uploads\/2026\/03\/10sapphire_dome_window_high_precision_for_optical_and_infrared_infrared_sensors.webp 800w\" sizes=\"(max-width: 300px) 100vw, 300px\" \/><\/h2>\n<ul data-start=\"2575\" data-end=\"3118\">\n<li data-section-id=\"116uu6b\" data-start=\"2575\" data-end=\"2691\">Dureza extrema e resist\u00eancia ao desgaste - Garante uma durabilidade a longo prazo em ambientes abrasivos e de alto impacto<\/li>\n<li data-section-id=\"1m580mr\" data-start=\"2692\" data-end=\"2782\">Ampla transmiss\u00e3o \u00f3tica (UV a IR) - Adequado para sistemas \u00f3pticos multi-espetro<\/li>\n<li data-section-id=\"1aabki0\" data-start=\"2783\" data-end=\"2864\">Elevada estabilidade t\u00e9rmica - Mant\u00e9m o desempenho sob temperaturas extremas<\/li>\n<li data-section-id=\"4qq0kg\" data-start=\"2865\" data-end=\"2958\">Resist\u00eancia mec\u00e2nica superior - A estrutura em c\u00fapula aumenta a resist\u00eancia \u00e0 press\u00e3o e ao impacto<\/li>\n<li data-section-id=\"17fi0xt\" data-start=\"2959\" data-end=\"3041\">Excelente resist\u00eancia qu\u00edmica - Ideal para ambientes corrosivos e agressivos<\/li>\n<li data-section-id=\"1podhlq\" data-start=\"3042\" data-end=\"3118\">Qualidade de superf\u00edcie \u00f3tica de precis\u00e3o - &lt;10 \u00c5 RMS para uma distor\u00e7\u00e3o m\u00ednima<\/li>\n<\/ul>\n<h2 data-section-id=\"4t5b8m\" data-start=\"3125\" data-end=\"3143\">Aplica\u00e7\u00f5es<\/h2>\n<p data-start=\"3145\" data-end=\"3261\">As janelas de c\u00fapula de safira s\u00e3o amplamente utilizadas em ind\u00fastrias que exigem um desempenho \u00f3tico fi\u00e1vel em condi\u00e7\u00f5es extremas:<\/p>\n<ul data-start=\"3263\" data-end=\"3686\">\n<li data-section-id=\"aqylto\" data-start=\"3263\" data-end=\"3348\">Sistemas de sensores de infravermelhos (IR) - orienta\u00e7\u00e3o de m\u00edsseis, imagem t\u00e9rmica, sensores UAV<\/li>\n<li data-section-id=\"xtpf7f\" data-start=\"3349\" data-end=\"3433\">Aeroespacial e Defesa - voo a alta velocidade e prote\u00e7\u00e3o ambiental rigorosa<\/li>\n<li data-section-id=\"19fk6ce\" data-start=\"3434\" data-end=\"3513\">Sistemas \u00f3pticos subaqu\u00e1ticos - c\u00e2maras de profundidade, caixas de sonar e lidar<\/li>\n<li data-section-id=\"1y3f3z2\" data-start=\"3514\" data-end=\"3596\">Equipamentos laser e fot\u00f3nicos - prote\u00e7\u00e3o de componentes \u00f3pticos sens\u00edveis<\/li>\n<li data-section-id=\"2i5w98\" data-start=\"3597\" data-end=\"3686\">Industrial Monitoring Systems - acesso \u00f3tico a alta temperatura e alta press\u00e3o<\/li>\n<\/ul>\n<h2 data-section-id=\"8lu2ky\" data-start=\"3693\" data-end=\"3723\">Especifica\u00e7\u00f5es t\u00e9cnicas<\/h2>\n<div class=\"TyagGW_tableContainer\">\n<div class=\"group TyagGW_tableWrapper flex flex-col-reverse w-fit\" tabindex=\"-1\">\n<table class=\"w-fit min-w-(--thread-content-width)\" data-start=\"3725\" data-end=\"4062\">\n<thead data-start=\"3725\" data-end=\"3746\">\n<tr data-start=\"3725\" data-end=\"3746\">\n<th class=\"\" data-start=\"3725\" data-end=\"3737\" data-col-size=\"sm\">Par\u00e2metro<\/th>\n<th class=\"\" data-start=\"3737\" data-end=\"3746\" data-col-size=\"sm\">Valor<\/th>\n<\/tr>\n<\/thead>\n<tbody data-start=\"3767\" data-end=\"4062\">\n<tr data-start=\"3767\" data-end=\"3814\">\n<td data-start=\"3767\" data-end=\"3778\" data-col-size=\"sm\">Material<\/td>\n<td data-col-size=\"sm\" data-start=\"3778\" data-end=\"3814\">Safira monocristalina (Al\u2082O\u2083)<\/td>\n<\/tr>\n<tr data-start=\"3815\" data-end=\"3858\">\n<td data-start=\"3815\" data-end=\"3826\" data-col-size=\"sm\">Di\u00e2metro<\/td>\n<td data-col-size=\"sm\" data-start=\"3826\" data-end=\"3858\">5 mm - 200 mm (personaliz\u00e1vel)<\/td>\n<\/tr>\n<tr data-start=\"3859\" data-end=\"3894\">\n<td data-start=\"3859\" data-end=\"3876\" data-col-size=\"sm\">Espessura da parede<\/td>\n<td data-start=\"3876\" data-end=\"3894\" data-col-size=\"sm\">0,5 mm - 10 mm<\/td>\n<\/tr>\n<tr data-start=\"3895\" data-end=\"3933\">\n<td data-start=\"3895\" data-end=\"3916\" data-col-size=\"sm\">Gama de transmiss\u00e3o<\/td>\n<td data-col-size=\"sm\" data-start=\"3916\" data-end=\"3933\">170 nm - 5 \u00b5m<\/td>\n<\/tr>\n<tr data-start=\"3934\" data-end=\"3964\">\n<td data-start=\"3934\" data-end=\"3951\" data-col-size=\"sm\">Acabamento da superf\u00edcie<\/td>\n<td data-col-size=\"sm\" data-start=\"3951\" data-end=\"3964\">&lt;10 \u00c5 RMS<\/td>\n<\/tr>\n<tr data-start=\"3965\" data-end=\"4024\">\n<td data-start=\"3965\" data-end=\"3989\" data-col-size=\"sm\">Temperatura de funcionamento<\/td>\n<td data-col-size=\"sm\" data-start=\"3989\" data-end=\"4024\">At\u00e9 1900\u00b0C (v\u00e1cuo\/g\u00e1s inerte)<\/td>\n<\/tr>\n<tr data-start=\"4025\" data-end=\"4062\">\n<td data-start=\"4025\" data-end=\"4044\" data-col-size=\"sm\">\u00cdndice de refra\u00e7\u00e3o<\/td>\n<td data-col-size=\"sm\" data-start=\"4044\" data-end=\"4062\">1,76 @ 0,55 \u00b5m<\/td>\n<\/tr>\n<\/tbody>\n<\/table>\n<\/div>\n<\/div>\n<h2 data-section-id=\"128v01u\" data-start=\"4069\" data-end=\"4096\">Op\u00e7\u00f5es de personaliza\u00e7\u00e3o<\/h2>\n<p data-start=\"4098\" data-end=\"4183\">Fornecemos servi\u00e7os de personaliza\u00e7\u00e3o flex\u00edveis para satisfazer requisitos de aplica\u00e7\u00e3o espec\u00edficos:<\/p>\n<ul data-start=\"4185\" data-end=\"4398\">\n<li data-section-id=\"1yu1d2f\" data-start=\"4185\" data-end=\"4226\">Di\u00e2metros e espessuras de c\u00fapula personalizados<\/li>\n<li data-section-id=\"r3834b\" data-start=\"4227\" data-end=\"4270\">Desenho do raio de curvatura interior e exterior<\/li>\n<li data-section-id=\"12bn40u\" data-start=\"4271\" data-end=\"4320\">Revestimentos \u00f3pticos (AR, IR, revestimentos de banda larga)<\/li>\n<li data-section-id=\"1vbi42p\" data-start=\"4321\" data-end=\"4361\">Estruturas de montagem e de modela\u00e7\u00e3o dos bordos<\/li>\n<li data-section-id=\"1i4khwz\" data-start=\"4362\" data-end=\"4398\">Controlo de toler\u00e2ncia de alta precis\u00e3o<\/li>\n<\/ul>\n<h2 data-section-id=\"w1cnyx\" data-start=\"4405\" data-end=\"4414\">FAQ<\/h2>\n<p data-start=\"4416\" data-end=\"4674\">Q1: O que torna as janelas de c\u00fapula de safira melhores do que as alternativas de vidro?<br data-start=\"4488\" data-end=\"4491\" \/>R: A safira oferece uma dureza significativamente mais elevada, melhor resist\u00eancia t\u00e9rmica e uma gama de transmiss\u00e3o \u00f3tica mais ampla, o que a torna ideal para ambientes exigentes em que o vidro poderia falhar.<\/p>\n<p data-start=\"4676\" data-end=\"4852\">P2: As c\u00fapulas de safira podem ser revestidas para melhorar o desempenho?<br data-start=\"4738\" data-end=\"4741\" \/>R: Sim, podem ser aplicados revestimentos antirreflexo (AR), infravermelhos (IR) e personalizados para otimizar a efici\u00eancia \u00f3tica.<\/p>\n<p data-start=\"4854\" data-end=\"5021\">P3: Estas c\u00fapulas s\u00e3o adequadas para ambientes extremos?<br data-start=\"4912\" data-end=\"4915\" \/>R: Sem d\u00favida. As c\u00fapulas de safira t\u00eam um desempenho fi\u00e1vel em condi\u00e7\u00f5es de alta temperatura, press\u00e3o e corros\u00e3o.<\/p>\n<p data-start=\"5023\" data-end=\"5167\">Q4: Aceitam desenhos personalizados?<br data-start=\"5061\" data-end=\"5064\" \/>R: Sim, todos os par\u00e2metros cr\u00edticos podem ser personalizados de acordo com os seus desenhos t\u00e9cnicos ou requisitos.<\/p>","protected":false},"excerpt":{"rendered":"<p>A Janela de C\u00fapula de Safira \u00e9 um componente \u00f3tico de elevado desempenho concebido a partir de \u00f3xido de alum\u00ednio monocristalino (Al\u2082O\u2083), concebido para proporcionar um desempenho excecional em ambientes extremos e exigentes. Em compara\u00e7\u00e3o com os materiais \u00f3pticos tradicionais, como o vidro ou o quartzo, a safira proporciona uma combina\u00e7\u00e3o \u00fanica de resist\u00eancia mec\u00e2nica, estabilidade t\u00e9rmica e transpar\u00eancia \u00f3tica, tornando-a uma escolha ideal para sistemas \u00f3pticos avan\u00e7ados e de infravermelhos (IR).<\/p>","protected":false},"featured_media":2311,"comment_status":"open","ping_status":"closed","template":"","meta":{"site-sidebar-layout":"default","site-content-layout":"","ast-site-content-layout":"default","site-content-style":"default","site-sidebar-style":"default","ast-global-header-display":"","ast-banner-title-visibility":"","ast-main-header-display":"","ast-hfb-above-header-display":"","ast-hfb-below-header-display":"","ast-hfb-mobile-header-display":"","site-post-title":"","ast-breadcrumbs-content":"","ast-featured-img":"","footer-sml-layout":"","ast-disable-related-posts":"","theme-transparent-header-meta":"default","adv-header-id-meta":"","stick-header-meta":"default","header-above-stick-meta":"","header-main-stick-meta":"","header-below-stick-meta":"","astra-migrate-meta-layouts":"set","ast-page-background-enabled":"default","ast-page-background-meta":{"desktop":{"background-color":"","background-image":"","background-repeat":"repeat","background-position":"center center","background-size":"auto","background-attachment":"scroll","background-type":"","background-media":"","overlay-type":"","overlay-color":"","overlay-opacity":"","overlay-gradient":""},"tablet":{"background-color":"","background-image":"","background-repeat":"repeat","background-position":"center center","background-size":"auto","background-attachment":"scroll","background-type":"","background-media":"","overlay-type":"","overlay-color":"","overlay-opacity":"","overlay-gradient":""},"mobile":{"background-color":"","background-image":"","background-repeat":"repeat","background-position":"center center","background-size":"auto","background-attachment":"scroll","background-type":"","background-media":"","overlay-type":"","overlay-color":"","overlay-opacity":"","overlay-gradient":""}},"ast-content-background-meta":{"desktop":{"background-color":"var(--ast-global-color-5)","background-image":"","background-repeat":"repeat","background-position":"center center","background-size":"auto","background-attachment":"scroll","background-type":"","background-media":"","overlay-type":"","overlay-color":"","overlay-opacity":"","overlay-gradient":""},"tablet":{"background-color":"var(--ast-global-color-5)","background-image":"","background-repeat":"repeat","background-position":"center center","background-size":"auto","background-attachment":"scroll","background-type":"","background-media":"","overlay-type":"","overlay-color":"","overlay-opacity":"","overlay-gradient":""},"mobile":{"background-color":"var(--ast-global-color-5)","background-image":"","background-repeat":"repeat","background-position":"center center","background-size":"auto","background-attachment":"scroll","background-type":"","background-media":"","overlay-type":"","overlay-color":"","overlay-opacity":"","overlay-gradient":""}}},"product_brand":[],"product_cat":[15],"product_tag":[484,96,480,481,485,478,78,482,479,483],"class_list":{"0":"post-2310","1":"product","2":"type-product","3":"status-publish","4":"has-post-thumbnail","6":"product_cat-sapphire-windows","7":"product_tag-aerospace-sapphire-dome","8":"product_tag-custom-sapphire-optics","9":"product_tag-infrared-sapphire-window","10":"product_tag-ir-dome-lens","11":"product_tag-optical-sapphire-components","12":"product_tag-sapphire-dome-window","13":"product_tag-sapphire-ir-window","14":"product_tag-sapphire-lens-for-sensors","15":"product_tag-sapphire-optical-dome","16":"product_tag-sapphire-protective-window","17":"desktop-align-left","18":"tablet-align-left","19":"mobile-align-left","20":"ast-product-gallery-layout-horizontal-slider","21":"ast-product-tabs-layout-horizontal","23":"first","24":"instock","25":"shipping-taxable","26":"product-type-simple"},"_links":{"self":[{"href":"https:\/\/www.sapphire-windows.com\/pt\/wp-json\/wp\/v2\/product\/2310","targetHints":{"allow":["GET"]}}],"collection":[{"href":"https:\/\/www.sapphire-windows.com\/pt\/wp-json\/wp\/v2\/product"}],"about":[{"href":"https:\/\/www.sapphire-windows.com\/pt\/wp-json\/wp\/v2\/types\/product"}],"replies":[{"embeddable":true,"href":"https:\/\/www.sapphire-windows.com\/pt\/wp-json\/wp\/v2\/comments?post=2310"}],"version-history":[{"count":2,"href":"https:\/\/www.sapphire-windows.com\/pt\/wp-json\/wp\/v2\/product\/2310\/revisions"}],"predecessor-version":[{"id":2316,"href":"https:\/\/www.sapphire-windows.com\/pt\/wp-json\/wp\/v2\/product\/2310\/revisions\/2316"}],"wp:featuredmedia":[{"embeddable":true,"href":"https:\/\/www.sapphire-windows.com\/pt\/wp-json\/wp\/v2\/media\/2311"}],"wp:attachment":[{"href":"https:\/\/www.sapphire-windows.com\/pt\/wp-json\/wp\/v2\/media?parent=2310"}],"wp:term":[{"taxonomy":"product_brand","embeddable":true,"href":"https:\/\/www.sapphire-windows.com\/pt\/wp-json\/wp\/v2\/product_brand?post=2310"},{"taxonomy":"product_cat","embeddable":true,"href":"https:\/\/www.sapphire-windows.com\/pt\/wp-json\/wp\/v2\/product_cat?post=2310"},{"taxonomy":"product_tag","embeddable":true,"href":"https:\/\/www.sapphire-windows.com\/pt\/wp-json\/wp\/v2\/product_tag?post=2310"}],"curies":[{"name":"wp","href":"https:\/\/api.w.org\/{rel}","templated":true}]}}