{"id":2072,"date":"2026-01-21T09:23:50","date_gmt":"2026-01-21T09:23:50","guid":{"rendered":"https:\/\/www.sapphire-windows.com\/?post_type=product&#038;p=2072"},"modified":"2026-02-10T15:37:16","modified_gmt":"2026-02-10T15:37:16","slug":"circular-sapphire-windows-high-transmittance-90-sapphire-glass-for-laser-applications","status":"publish","type":"product","link":"https:\/\/www.sapphire-windows.com\/pt\/product\/circular-sapphire-windows-high-transmittance-90-sapphire-glass-for-laser-applications\/","title":{"rendered":"Janelas circulares de safira Vidro de safira 90% de alta transmit\u00e2ncia para aplica\u00e7\u00f5es laser"},"content":{"rendered":"<h2 data-start=\"115\" data-end=\"139\">Descri\u00e7\u00e3o do produto:<\/h2>\n<p data-start=\"141\" data-end=\"726\">As janelas circulares de safira da ZMSH s\u00e3o um componente \u00f3tico de alto desempenho feito de safira monocristalina pura de 99,999% (Al\u2082O\u2083). Concebidas para aplica\u00e7\u00f5es exigentes, estas janelas de safira oferecem uma transmit\u00e2ncia superior a 90% num amplo espetro (250nm-5500nm), destacando-se particularmente na gama de infravermelhos (3-5\u03bcm MIR), tornando-as ideais para sistemas laser, equipamento de semicondutores, observa\u00e7\u00e3o industrial a alta temperatura e instrumenta\u00e7\u00e3o aeroespacial. S\u00e3o tamb\u00e9m utilizados habitualmente em instrumentos cient\u00edficos, dispositivos m\u00e9dicos e sensores \u00f3pticos.<\/p>\n<p data-start=\"141\" data-end=\"726\"><img fetchpriority=\"high\" decoding=\"async\" class=\"size-medium wp-image-2075 alignright\" src=\"https:\/\/www.sapphire-windows.com\/wp-content\/uploads\/2026\/01\/Circular-Sapphire-Windows-High-Transmittance-90-Sapphire-Glass-for-Laser-Applications-3-300x300.webp\" alt=\"\" width=\"300\" height=\"300\" srcset=\"https:\/\/www.sapphire-windows.com\/wp-content\/uploads\/2026\/01\/Circular-Sapphire-Windows-High-Transmittance-90-Sapphire-Glass-for-Laser-Applications-3-300x300.webp 300w, https:\/\/www.sapphire-windows.com\/wp-content\/uploads\/2026\/01\/Circular-Sapphire-Windows-High-Transmittance-90-Sapphire-Glass-for-Laser-Applications-3-150x150.webp 150w, https:\/\/www.sapphire-windows.com\/wp-content\/uploads\/2026\/01\/Circular-Sapphire-Windows-High-Transmittance-90-Sapphire-Glass-for-Laser-Applications-3-600x600.webp 600w, https:\/\/www.sapphire-windows.com\/wp-content\/uploads\/2026\/01\/Circular-Sapphire-Windows-High-Transmittance-90-Sapphire-Glass-for-Laser-Applications-3-100x100.webp 100w, https:\/\/www.sapphire-windows.com\/wp-content\/uploads\/2026\/01\/Circular-Sapphire-Windows-High-Transmittance-90-Sapphire-Glass-for-Laser-Applications-3.webp 750w\" sizes=\"(max-width: 300px) 100vw, 300px\" \/><\/p>\n<p data-start=\"728\" data-end=\"1237\">A safira, com uma dureza Mohs de 9, oferece 10 vezes mais resist\u00eancia a riscos do que o vidro \u00f3tico normal, garantindo durabilidade mesmo em ambientes de alto impacto. Com o seu elevado ponto de fus\u00e3o de 2040\u00b0C, as janelas de safira funcionam de forma fi\u00e1vel em condi\u00e7\u00f5es de calor extremo, com funcionamento cont\u00ednuo at\u00e9 800\u00b0C e toler\u00e2ncia a curto prazo at\u00e9 1800\u00b0C. Para al\u00e9m disso, estas janelas s\u00e3o quimicamente resistentes \u00e0 maioria dos \u00e1cidos, \u00e1lcalis e solventes, o que as torna adequadas para ambientes industriais e qu\u00edmicos agressivos.<\/p>\n<p data-start=\"1239\" data-end=\"1746\">A ZMSH oferece personaliza\u00e7\u00e3o de tamanho (de 5 mm a 300 mm de di\u00e2metro) e espessura (variando de 0,3 mm a 20 mm), juntamente com v\u00e1rios revestimentos, como revestimentos AR (antirreflexo), revestimentos de alta transmiss\u00e3o e revestimentos anti-sujidade. Utilizando tecnologias avan\u00e7adas de maquinagem CNC e de processamento a laser, fornecemos toler\u00e2ncias precisas e apertadas (\u00b10,01 mm) e uma elevada qualidade de superf\u00edcie (at\u00e9 \u03bb\/10 de planicidade), garantindo que as janelas satisfazem as exig\u00eancias rigorosas dos sistemas \u00f3pticos.<\/p>\n<h2 data-start=\"1648\" data-end=\"1665\">Carater\u00edsticas principais:<\/h2>\n<ol data-start=\"1667\" data-end=\"2636\">\n<li data-start=\"1667\" data-end=\"1883\">\n<p data-start=\"1670\" data-end=\"1704\">Desempenho \u00f3tico superior:<\/p>\n<ul data-start=\"1708\" data-end=\"1883\">\n<li data-start=\"1708\" data-end=\"1883\">\n<p data-start=\"1710\" data-end=\"1883\">Atinge uma transmit\u00e2ncia &gt;90% de 250nm a 5500nm, destacando-se na gama de infravermelhos (3-5\u03bcm), o que o torna perfeito para aplica\u00e7\u00f5es de imagem laser e infravermelha.<\/p>\n<\/li>\n<\/ul>\n<\/li>\n<li data-start=\"1885\" data-end=\"2113\">\n<p data-start=\"1888\" data-end=\"1924\">Resist\u00eancia mec\u00e2nica excecional:<img decoding=\"async\" class=\"size-medium wp-image-2073 alignleft\" src=\"https:\/\/www.sapphire-windows.com\/wp-content\/uploads\/2026\/01\/Circular-Sapphire-Windows-High-Transmittance-90-Sapphire-Glass-for-Laser-Applications-1-300x300.webp\" alt=\"\" width=\"300\" height=\"300\" srcset=\"https:\/\/www.sapphire-windows.com\/wp-content\/uploads\/2026\/01\/Circular-Sapphire-Windows-High-Transmittance-90-Sapphire-Glass-for-Laser-Applications-1-300x300.webp 300w, https:\/\/www.sapphire-windows.com\/wp-content\/uploads\/2026\/01\/Circular-Sapphire-Windows-High-Transmittance-90-Sapphire-Glass-for-Laser-Applications-1-150x150.webp 150w, https:\/\/www.sapphire-windows.com\/wp-content\/uploads\/2026\/01\/Circular-Sapphire-Windows-High-Transmittance-90-Sapphire-Glass-for-Laser-Applications-1-600x600.webp 600w, https:\/\/www.sapphire-windows.com\/wp-content\/uploads\/2026\/01\/Circular-Sapphire-Windows-High-Transmittance-90-Sapphire-Glass-for-Laser-Applications-1-100x100.webp 100w, https:\/\/www.sapphire-windows.com\/wp-content\/uploads\/2026\/01\/Circular-Sapphire-Windows-High-Transmittance-90-Sapphire-Glass-for-Laser-Applications-1.webp 750w\" sizes=\"(max-width: 300px) 100vw, 300px\" \/><\/p>\n<ul data-start=\"1928\" data-end=\"2113\">\n<li data-start=\"1928\" data-end=\"2113\">\n<p data-start=\"1930\" data-end=\"2113\">Com uma dureza de Mohs de 9, a janela de safira oferece uma resist\u00eancia a riscos 10 vezes superior \u00e0 do vidro \u00f3tico convencional, garantindo a longevidade em ambientes de elevado impacto e abrasivos.<\/p>\n<\/li>\n<\/ul>\n<\/li>\n<li data-start=\"2115\" data-end=\"2399\">\n<p data-start=\"2118\" data-end=\"2155\">Resist\u00eancia ambiental extrema:<\/p>\n<ul data-start=\"2159\" data-end=\"2399\">\n<li data-start=\"2159\" data-end=\"2235\">\n<p data-start=\"2161\" data-end=\"2235\">Ponto de fus\u00e3o: 2040\u00b0C, adequado para ambientes de alta temperatura.<\/p>\n<\/li>\n<li data-start=\"2239\" data-end=\"2319\">\n<p data-start=\"2241\" data-end=\"2319\">Funciona continuamente a 800\u00b0C com toler\u00e2ncia a curto prazo at\u00e9 1800\u00b0C.<\/p>\n<\/li>\n<li data-start=\"2323\" data-end=\"2399\">\n<p data-start=\"2325\" data-end=\"2399\">Resist\u00eancia qu\u00edmica: Est\u00e1vel em ambientes \u00e1cidos\/alcalinos (pH 1-13).<\/p>\n<\/li>\n<\/ul>\n<\/li>\n<li data-start=\"2401\" data-end=\"2636\">\n<p data-start=\"2404\" data-end=\"2427\">Estabilidade t\u00e9rmica:<\/p>\n<ul data-start=\"2431\" data-end=\"2636\">\n<li data-start=\"2431\" data-end=\"2636\">\n<p data-start=\"2433\" data-end=\"2636\">O baixo coeficiente de expans\u00e3o t\u00e9rmica de 5,3\u00d710-\u2076\/\u00b0C garante a precis\u00e3o da superf\u00edcie \u00f3tica mesmo em ciclos t\u00e9rmicos r\u00e1pidos, tornando-o ideal para aplica\u00e7\u00f5es de precis\u00e3o em temperaturas vari\u00e1veis.<\/p>\n<\/li>\n<\/ul>\n<\/li>\n<\/ol>\n<h2 data-start=\"2643\" data-end=\"2672\">Especifica\u00e7\u00f5es t\u00e9cnicas:<\/h2>\n<ul data-start=\"2674\" data-end=\"3035\">\n<li data-start=\"2674\" data-end=\"2721\">\n<p data-start=\"2676\" data-end=\"2721\">Material: Safira monocristalina (Al\u2082O\u2083)<\/p>\n<\/li>\n<li data-start=\"2722\" data-end=\"2747\">\n<p data-start=\"2724\" data-end=\"2747\">Densidade: 3,98 g\/cm\u00b3<\/p>\n<\/li>\n<li data-start=\"2748\" data-end=\"2775\">\n<p data-start=\"2750\" data-end=\"2775\">Ponto de fus\u00e3o: 2040\u00b0C<\/p>\n<\/li>\n<li data-start=\"2776\" data-end=\"2798\">\n<p data-start=\"2778\" data-end=\"2798\">Dureza de Mohs: 9<\/p>\n<\/li>\n<li data-start=\"2799\" data-end=\"2835\">\n<p data-start=\"2801\" data-end=\"2835\">Condutividade t\u00e9rmica: 52 W\/m-K<\/p>\n<\/li>\n<li data-start=\"2836\" data-end=\"2874\">\n<p data-start=\"2838\" data-end=\"2874\">Expans\u00e3o t\u00e9rmica: 5,3 \u00d7 10-\u2076\/\u00b0C<\/p>\n<\/li>\n<li data-start=\"2875\" data-end=\"2915\">\n<p data-start=\"2877\" data-end=\"2915\">Transmit\u00e2ncia: &gt;90% (250nm-5500nm)<\/p>\n<\/li>\n<li data-start=\"2916\" data-end=\"2976\">\n<p data-start=\"2918\" data-end=\"2976\">Acabamento da superf\u00edcie: DSP ou SSP (acabamentos personalizados dispon\u00edveis)<\/p>\n<\/li>\n<li data-start=\"2977\" data-end=\"3035\">\n<p data-start=\"2979\" data-end=\"3035\">Faixa de tamanho: 5mm-300mm de di\u00e2metro, 0,3mm-20mm de espessura<\/p>\n<\/li>\n<\/ul>\n<h2 data-start=\"3042\" data-end=\"3067\">Aplica\u00e7\u00f5es prim\u00e1rias:<img decoding=\"async\" class=\"size-medium wp-image-2074 alignright\" src=\"https:\/\/www.sapphire-windows.com\/wp-content\/uploads\/2026\/01\/Circular-Sapphire-Windows-High-Transmittance-90-Sapphire-Glass-for-Laser-Applications-2-300x300.jpg\" alt=\"\" width=\"300\" height=\"300\" srcset=\"https:\/\/www.sapphire-windows.com\/wp-content\/uploads\/2026\/01\/Circular-Sapphire-Windows-High-Transmittance-90-Sapphire-Glass-for-Laser-Applications-2-300x300.jpg 300w, https:\/\/www.sapphire-windows.com\/wp-content\/uploads\/2026\/01\/Circular-Sapphire-Windows-High-Transmittance-90-Sapphire-Glass-for-Laser-Applications-2-150x150.jpg 150w, https:\/\/www.sapphire-windows.com\/wp-content\/uploads\/2026\/01\/Circular-Sapphire-Windows-High-Transmittance-90-Sapphire-Glass-for-Laser-Applications-2-600x600.jpg 600w, https:\/\/www.sapphire-windows.com\/wp-content\/uploads\/2026\/01\/Circular-Sapphire-Windows-High-Transmittance-90-Sapphire-Glass-for-Laser-Applications-2-100x100.jpg 100w, https:\/\/www.sapphire-windows.com\/wp-content\/uploads\/2026\/01\/Circular-Sapphire-Windows-High-Transmittance-90-Sapphire-Glass-for-Laser-Applications-2.jpg 750w\" sizes=\"(max-width: 300px) 100vw, 300px\" \/><\/h2>\n<ol data-start=\"3069\" data-end=\"3978\">\n<li data-start=\"3069\" data-end=\"3318\">\n<p data-start=\"3072\" data-end=\"3090\">Sistemas laser:<\/p>\n<ul data-start=\"3094\" data-end=\"3318\">\n<li data-start=\"3094\" data-end=\"3318\">\n<p data-start=\"3096\" data-end=\"3318\">As janelas circulares de safira s\u00e3o normalmente utilizadas em sistemas de laser de CO\u2082 e de fibra como janelas de sa\u00edda e lentes de prote\u00e7\u00e3o, suportando irradia\u00e7\u00e3o laser de alta pot\u00eancia (&gt;5kW\/cm\u00b2) e minimizando os efeitos de lentes t\u00e9rmicas.<\/p>\n<\/li>\n<\/ul>\n<\/li>\n<li data-start=\"3320\" data-end=\"3525\">\n<p data-start=\"3323\" data-end=\"3367\">Observa\u00e7\u00e3o industrial a alta temperatura:<\/p>\n<ul data-start=\"3371\" data-end=\"3525\">\n<li data-start=\"3371\" data-end=\"3525\">\n<p data-start=\"3373\" data-end=\"3525\">Ideal para visores em equipamentos de fabrico de a\u00e7o e de forma\u00e7\u00e3o de vidro, mantendo a clareza \u00f3tica acima de 1000\u00b0C sem embaciamento ou deforma\u00e7\u00e3o.<\/p>\n<\/li>\n<\/ul>\n<\/li>\n<li data-start=\"3527\" data-end=\"3752\">\n<p data-start=\"3530\" data-end=\"3554\">Aeroespacial e Defesa:<\/p>\n<ul data-start=\"3558\" data-end=\"3752\">\n<li data-start=\"3558\" data-end=\"3752\">\n<p data-start=\"3560\" data-end=\"3752\">Estas janelas de safira s\u00e3o utilizadas em sensores electro-\u00f3pticos e detectores de m\u00edsseis, oferecendo resist\u00eancia ao impacto contra o aquecimento aerodin\u00e2mico supers\u00f3nico, mantendo a clareza \u00f3tica.<\/p>\n<\/li>\n<\/ul>\n<\/li>\n<li data-start=\"3754\" data-end=\"3978\">\n<p data-start=\"3757\" data-end=\"3794\">Instrumentos cient\u00edficos e m\u00e9dicos:<\/p>\n<ul data-start=\"3798\" data-end=\"3978\">\n<li data-start=\"3798\" data-end=\"3978\">\n<p data-start=\"3800\" data-end=\"3978\">As janelas circulares de safira s\u00e3o essenciais em equipamentos de radia\u00e7\u00e3o sincrotr\u00f3nica, endosc\u00f3pios e outros sistemas \u00f3pticos de elevado desempenho, proporcionando canais \u00f3pticos est\u00e1veis.<\/p>\n<\/li>\n<\/ul>\n<\/li>\n<\/ol>\n<h2 data-start=\"3985\" data-end=\"4022\">Perguntas mais frequentes (FAQ):<\/h2>\n<ol data-start=\"4024\" data-end=\"4948\">\n<li data-start=\"4024\" data-end=\"4349\">\n<p data-start=\"4027\" data-end=\"4095\">Que vantagens t\u00eam as janelas de safira em rela\u00e7\u00e3o ao vidro tradicional?<\/p>\n<ul data-start=\"4099\" data-end=\"4349\">\n<li data-start=\"4099\" data-end=\"4349\">\n<p data-start=\"4101\" data-end=\"4349\">As janelas de safira oferecem uma resist\u00eancia a riscos 10 vezes superior (Mohs 9), melhor transmiss\u00e3o espetral nas gamas UV a IV e durabilidade t\u00e9rmica e qu\u00edmica superior, o que as torna ideais para aplica\u00e7\u00f5es de elevado desempenho em ambientes agressivos.<\/p>\n<\/li>\n<\/ul>\n<\/li>\n<li data-start=\"4351\" data-end=\"4657\">\n<p data-start=\"4354\" data-end=\"4405\">As janelas de safira podem ser utilizadas em sistemas laser?<\/p>\n<ul data-start=\"4409\" data-end=\"4657\">\n<li data-start=\"4409\" data-end=\"4657\">\n<p data-start=\"4411\" data-end=\"4657\">Sim, a ZMSH fornece janelas de safira para laser com revestimentos antirreflexo (AR) e revestimentos de alta transmiss\u00e3o. Estas janelas s\u00e3o perfeitas para sistemas laser de alta pot\u00eancia, oferecendo lentes t\u00e9rmicas m\u00ednimas e fiabilidade a longo prazo.<\/p>\n<\/li>\n<\/ul>\n<\/li>\n<li data-start=\"4659\" data-end=\"4948\">\n<p data-start=\"4662\" data-end=\"4718\">As janelas de safira s\u00e3o resistentes a altas temperaturas?<\/p>\n<ul data-start=\"4722\" data-end=\"4948\">\n<li data-start=\"4722\" data-end=\"4948\">\n<p data-start=\"4724\" data-end=\"4948\">As janelas de safira t\u00eam um ponto de fus\u00e3o elevado de 2040\u00b0C, o que as torna adequadas para ambientes de alta temperatura. Podem funcionar continuamente at\u00e9 800\u00b0C e suportar exposi\u00e7\u00f5es de curta dura\u00e7\u00e3o at\u00e9 1800\u00b0C.<\/p>\n<\/li>\n<\/ul>\n<\/li>\n<li>\n<p data-start=\"5068\" data-end=\"5121\">O tamanho das janelas de safira pode ser personalizado?<\/p>\n<ul data-start=\"5125\" data-end=\"5363\">\n<li data-start=\"5125\" data-end=\"5363\">\n<p data-start=\"5127\" data-end=\"5363\">Sim, oferecemos uma personaliza\u00e7\u00e3o total em termos de di\u00e2metro (de 5 mm a 300 mm) e espessura (de 0,3 mm a 20 mm) para satisfazer os requisitos espec\u00edficos do projeto. A nossa maquina\u00e7\u00e3o avan\u00e7ada garante toler\u00e2ncias apertadas e acabamentos de superf\u00edcie superiores.<\/p>\n<\/li>\n<\/ul>\n<\/li>\n<\/ol>","protected":false},"excerpt":{"rendered":"<p>O Circular Sapphire Windows da ZMSH \u00e9 um componente \u00f3tico de alto desempenho feito de safira monocristalina pura 99.999% (Al\u2082O\u2083).<\/p>","protected":false},"featured_media":2073,"comment_status":"open","ping_status":"closed","template":"","meta":{"site-sidebar-layout":"default","site-content-layout":"","ast-site-content-layout":"default","site-content-style":"default","site-sidebar-style":"default","ast-global-header-display":"","ast-banner-title-visibility":"","ast-main-header-display":"","ast-hfb-above-header-display":"","ast-hfb-below-header-display":"","ast-hfb-mobile-header-display":"","site-post-title":"","ast-breadcrumbs-content":"","ast-featured-img":"","footer-sml-layout":"","ast-disable-related-posts":"","theme-transparent-header-meta":"default","adv-header-id-meta":"","stick-header-meta":"default","header-above-stick-meta":"","header-main-stick-meta":"","header-below-stick-meta":"","astra-migrate-meta-layouts":"set","ast-page-background-enabled":"default","ast-page-background-meta":{"desktop":{"background-color":"","background-image":"","background-repeat":"repeat","background-position":"center center","background-size":"auto","background-attachment":"scroll","background-type":"","background-media":"","overlay-type":"","overlay-color":"","overlay-opacity":"","overlay-gradient":""},"tablet":{"background-color":"","background-image":"","background-repeat":"repeat","background-position":"center center","background-size":"auto","background-attachment":"scroll","background-type":"","background-media":"","overlay-type":"","overlay-color":"","overlay-opacity":"","overlay-gradient":""},"mobile":{"background-color":"","background-image":"","background-repeat":"repeat","background-position":"center center","background-size":"auto","background-attachment":"scroll","background-type":"","background-media":"","overlay-type":"","overlay-color":"","overlay-opacity":"","overlay-gradient":""}},"ast-content-background-meta":{"desktop":{"background-color":"var(--ast-global-color-5)","background-image":"","background-repeat":"repeat","background-position":"center center","background-size":"auto","background-attachment":"scroll","background-type":"","background-media":"","overlay-type":"","overlay-color":"","overlay-opacity":"","overlay-gradient":""},"tablet":{"background-color":"var(--ast-global-color-5)","background-image":"","background-repeat":"repeat","background-position":"center center","background-size":"auto","background-attachment":"scroll","background-type":"","background-media":"","overlay-type":"","overlay-color":"","overlay-opacity":"","overlay-gradient":""},"mobile":{"background-color":"var(--ast-global-color-5)","background-image":"","background-repeat":"repeat","background-position":"center center","background-size":"auto","background-attachment":"scroll","background-type":"","background-media":"","overlay-type":"","overlay-color":"","overlay-opacity":"","overlay-gradient":""}}},"product_brand":[],"product_cat":[15],"product_tag":[133,136,90,138,139,135,89,134,137],"class_list":{"0":"post-2072","1":"product","2":"type-product","3":"status-publish","4":"has-post-thumbnail","6":"product_cat-sapphire-windows","7":"product_tag-circular-sapphire-window","8":"product_tag-customized-sapphire-windows","9":"product_tag-high-transmittance","10":"product_tag-high-performance-sapphire-window","11":"product_tag-infrared-window","12":"product_tag-laser-window","13":"product_tag-optical-glass","14":"product_tag-sapphire-glass","15":"product_tag-wear-resistant-sapphire","16":"desktop-align-left","17":"tablet-align-left","18":"mobile-align-left","19":"ast-product-gallery-layout-horizontal-slider","20":"ast-product-tabs-layout-horizontal","22":"first","23":"instock","24":"shipping-taxable","25":"product-type-simple"},"_links":{"self":[{"href":"https:\/\/www.sapphire-windows.com\/pt\/wp-json\/wp\/v2\/product\/2072","targetHints":{"allow":["GET"]}}],"collection":[{"href":"https:\/\/www.sapphire-windows.com\/pt\/wp-json\/wp\/v2\/product"}],"about":[{"href":"https:\/\/www.sapphire-windows.com\/pt\/wp-json\/wp\/v2\/types\/product"}],"replies":[{"embeddable":true,"href":"https:\/\/www.sapphire-windows.com\/pt\/wp-json\/wp\/v2\/comments?post=2072"}],"version-history":[{"count":1,"href":"https:\/\/www.sapphire-windows.com\/pt\/wp-json\/wp\/v2\/product\/2072\/revisions"}],"predecessor-version":[{"id":2076,"href":"https:\/\/www.sapphire-windows.com\/pt\/wp-json\/wp\/v2\/product\/2072\/revisions\/2076"}],"wp:featuredmedia":[{"embeddable":true,"href":"https:\/\/www.sapphire-windows.com\/pt\/wp-json\/wp\/v2\/media\/2073"}],"wp:attachment":[{"href":"https:\/\/www.sapphire-windows.com\/pt\/wp-json\/wp\/v2\/media?parent=2072"}],"wp:term":[{"taxonomy":"product_brand","embeddable":true,"href":"https:\/\/www.sapphire-windows.com\/pt\/wp-json\/wp\/v2\/product_brand?post=2072"},{"taxonomy":"product_cat","embeddable":true,"href":"https:\/\/www.sapphire-windows.com\/pt\/wp-json\/wp\/v2\/product_cat?post=2072"},{"taxonomy":"product_tag","embeddable":true,"href":"https:\/\/www.sapphire-windows.com\/pt\/wp-json\/wp\/v2\/product_tag?post=2072"}],"curies":[{"name":"wp","href":"https:\/\/api.w.org\/{rel}","templated":true}]}}