{"id":2046,"date":"2026-01-21T03:39:35","date_gmt":"2026-01-21T03:39:35","guid":{"rendered":"https:\/\/www.sapphire-windows.com\/?post_type=product&#038;p=2046"},"modified":"2026-01-21T03:39:35","modified_gmt":"2026-01-21T03:39:35","slug":"customized-ruby-optical-windows-high-hardness-dsp-laser-transmission-%e2%89%a585","status":"publish","type":"product","link":"https:\/\/www.sapphire-windows.com\/pt\/product\/customized-ruby-optical-windows-high-hardness-dsp-laser-transmission-%e2%89%a585\/","title":{"rendered":"Janelas \u00f3pticas de rubi personalizadas | Transmiss\u00e3o de laser DSP de alta dureza \u226585%"},"content":{"rendered":"<p data-start=\"207\" data-end=\"625\">A Janela \u00d3tica de Rubi Personalizada \u00e9 um componente \u00f3tico de alto desempenho fabricado com precis\u00e3o a partir de rubi sint\u00e9tico (cristal \u00fanico de \u03b1-Al\u2082O\u2083 dopado com Cr\u00b3\u207a). Concebido para aplica\u00e7\u00f5es \u00f3pticas exigentes, combina a excecional dureza mec\u00e2nica, estabilidade t\u00e9rmica, resist\u00eancia qu\u00edmica e transmit\u00e2ncia de largo espetro do rubi com geometrias personalizadas para sistemas especializados de laser e de alta temperatura.<\/p>\n<p data-start=\"627\" data-end=\"943\">Ao contr\u00e1rio do vidro \u00f3tico normal, as janelas \u00f3pticas de rubi proporcionam uma durabilidade ambiental superior, resist\u00eancia a riscos e toler\u00e2ncia a danos provocados por laser, garantindo uma prote\u00e7\u00e3o fi\u00e1vel dos componentes \u00f3pticos internos em lasers de alta pot\u00eancia, fornos industriais, sistemas aeroespaciais e dispositivos de monitoriza\u00e7\u00e3o ambiental extrema.<\/p>\n<p data-start=\"627\" data-end=\"943\"><img fetchpriority=\"high\" decoding=\"async\" class=\"alignnone size-medium wp-image-2047\" src=\"https:\/\/www.sapphire-windows.com\/wp-content\/uploads\/2026\/01\/ruby_optical_window_with_85_transmittance_dsp_for_laser_transmission_customized2-300x300.webp\" alt=\"\" width=\"300\" height=\"300\" srcset=\"https:\/\/www.sapphire-windows.com\/wp-content\/uploads\/2026\/01\/ruby_optical_window_with_85_transmittance_dsp_for_laser_transmission_customized2-300x300.webp 300w, https:\/\/www.sapphire-windows.com\/wp-content\/uploads\/2026\/01\/ruby_optical_window_with_85_transmittance_dsp_for_laser_transmission_customized2-150x150.webp 150w, https:\/\/www.sapphire-windows.com\/wp-content\/uploads\/2026\/01\/ruby_optical_window_with_85_transmittance_dsp_for_laser_transmission_customized2-600x600.webp 600w, https:\/\/www.sapphire-windows.com\/wp-content\/uploads\/2026\/01\/ruby_optical_window_with_85_transmittance_dsp_for_laser_transmission_customized2-100x100.webp 100w, https:\/\/www.sapphire-windows.com\/wp-content\/uploads\/2026\/01\/ruby_optical_window_with_85_transmittance_dsp_for_laser_transmission_customized2.webp 750w\" sizes=\"(max-width: 300px) 100vw, 300px\" \/> <img decoding=\"async\" class=\"alignnone size-medium wp-image-2048\" src=\"https:\/\/www.sapphire-windows.com\/wp-content\/uploads\/2026\/01\/ruby_optical_window_with_85_transmittance_dsp_for_laser_transmission_customized-300x300.webp\" alt=\"\" width=\"300\" height=\"300\" srcset=\"https:\/\/www.sapphire-windows.com\/wp-content\/uploads\/2026\/01\/ruby_optical_window_with_85_transmittance_dsp_for_laser_transmission_customized-300x300.webp 300w, https:\/\/www.sapphire-windows.com\/wp-content\/uploads\/2026\/01\/ruby_optical_window_with_85_transmittance_dsp_for_laser_transmission_customized-150x150.webp 150w, https:\/\/www.sapphire-windows.com\/wp-content\/uploads\/2026\/01\/ruby_optical_window_with_85_transmittance_dsp_for_laser_transmission_customized-600x600.webp 600w, https:\/\/www.sapphire-windows.com\/wp-content\/uploads\/2026\/01\/ruby_optical_window_with_85_transmittance_dsp_for_laser_transmission_customized-100x100.webp 100w, https:\/\/www.sapphire-windows.com\/wp-content\/uploads\/2026\/01\/ruby_optical_window_with_85_transmittance_dsp_for_laser_transmission_customized.webp 750w\" sizes=\"(max-width: 300px) 100vw, 300px\" \/> <img decoding=\"async\" class=\"alignnone size-medium wp-image-2049\" src=\"https:\/\/www.sapphire-windows.com\/wp-content\/uploads\/2026\/01\/ruby_optical_window_with_85_transmittance_dsp_for_laser_transmission_customize-300x300.webp\" alt=\"\" width=\"300\" height=\"300\" srcset=\"https:\/\/www.sapphire-windows.com\/wp-content\/uploads\/2026\/01\/ruby_optical_window_with_85_transmittance_dsp_for_laser_transmission_customize-300x300.webp 300w, https:\/\/www.sapphire-windows.com\/wp-content\/uploads\/2026\/01\/ruby_optical_window_with_85_transmittance_dsp_for_laser_transmission_customize-150x150.webp 150w, https:\/\/www.sapphire-windows.com\/wp-content\/uploads\/2026\/01\/ruby_optical_window_with_85_transmittance_dsp_for_laser_transmission_customize-600x600.webp 600w, https:\/\/www.sapphire-windows.com\/wp-content\/uploads\/2026\/01\/ruby_optical_window_with_85_transmittance_dsp_for_laser_transmission_customize-100x100.webp 100w, https:\/\/www.sapphire-windows.com\/wp-content\/uploads\/2026\/01\/ruby_optical_window_with_85_transmittance_dsp_for_laser_transmission_customize.webp 750w\" sizes=\"(max-width: 300px) 100vw, 300px\" \/><\/p>\n<h2 data-start=\"950\" data-end=\"981\">Especifica\u00e7\u00f5es t\u00e9cnicas<\/h2>\n<div class=\"TyagGW_tableContainer\">\n<div class=\"group TyagGW_tableWrapper flex flex-col-reverse w-fit\" tabindex=\"-1\">\n<table class=\"w-fit min-w-(--thread-content-width)\" data-start=\"983\" data-end=\"1783\">\n<thead data-start=\"983\" data-end=\"1012\">\n<tr data-start=\"983\" data-end=\"1012\">\n<th data-start=\"983\" data-end=\"995\" data-col-size=\"sm\">Par\u00e2metro<\/th>\n<th data-start=\"995\" data-end=\"1012\" data-col-size=\"md\">Especifica\u00e7\u00e3o<\/th>\n<\/tr>\n<\/thead>\n<tbody data-start=\"1023\" data-end=\"1783\">\n<tr data-start=\"1023\" data-end=\"1088\">\n<td data-start=\"1023\" data-end=\"1034\" data-col-size=\"sm\">Material<\/td>\n<td data-start=\"1034\" data-end=\"1088\" data-col-size=\"md\">Rubi sint\u00e9tico (cristal \u00fanico de \u03b1-Al\u2082O\u2083 dopado com Cr\u00b3\u207a)<\/td>\n<\/tr>\n<tr data-start=\"1089\" data-end=\"1122\">\n<td data-start=\"1089\" data-end=\"1109\" data-col-size=\"sm\">Estrutura cristalina<\/td>\n<td data-col-size=\"md\" data-start=\"1109\" data-end=\"1122\">Hexagonal<\/td>\n<\/tr>\n<tr data-start=\"1123\" data-end=\"1172\">\n<td data-start=\"1123\" data-end=\"1143\" data-col-size=\"sm\">Constantes de rede<\/td>\n<td data-col-size=\"md\" data-start=\"1143\" data-end=\"1172\">a = 4,758 \u00c5, c = 12,991 \u00c5<\/td>\n<\/tr>\n<tr data-start=\"1173\" data-end=\"1197\">\n<td data-start=\"1173\" data-end=\"1183\" data-col-size=\"sm\">Densidade<\/td>\n<td data-col-size=\"md\" data-start=\"1183\" data-end=\"1197\">3,98 g\/cm\u00b3<\/td>\n<\/tr>\n<tr data-start=\"1198\" data-end=\"1224\">\n<td data-start=\"1198\" data-end=\"1214\" data-col-size=\"sm\">Ponto de fus\u00e3o<\/td>\n<td data-col-size=\"md\" data-start=\"1214\" data-end=\"1224\">2040\u00b0C<\/td>\n<\/tr>\n<tr data-start=\"1225\" data-end=\"1246\">\n<td data-start=\"1225\" data-end=\"1241\" data-col-size=\"sm\">Dureza de Mohs<\/td>\n<td data-col-size=\"md\" data-start=\"1241\" data-end=\"1246\">9<\/td>\n<\/tr>\n<tr data-start=\"1247\" data-end=\"1301\">\n<td data-start=\"1247\" data-end=\"1279\" data-col-size=\"sm\">Coeficiente de expans\u00e3o t\u00e9rmica<\/td>\n<td data-col-size=\"md\" data-start=\"1279\" data-end=\"1301\">6.5-8.4 \u00d7 10-\u2076 \/\u00b0C<\/td>\n<\/tr>\n<tr data-start=\"1302\" data-end=\"1337\">\n<td data-start=\"1302\" data-end=\"1325\" data-col-size=\"sm\">Condutividade t\u00e9rmica<\/td>\n<td data-col-size=\"md\" data-start=\"1325\" data-end=\"1337\">52 W\/m\/K<\/td>\n<\/tr>\n<tr data-start=\"1338\" data-end=\"1368\">\n<td data-start=\"1338\" data-end=\"1354\" data-col-size=\"sm\">Calor espec\u00edfico<\/td>\n<td data-col-size=\"md\" data-start=\"1354\" data-end=\"1368\">0,42 J\/g\/K<\/td>\n<\/tr>\n<tr data-start=\"1369\" data-end=\"1426\">\n<td data-start=\"1369\" data-end=\"1390\" data-col-size=\"sm\">Gama de transmiss\u00e3o<\/td>\n<td data-col-size=\"md\" data-start=\"1390\" data-end=\"1426\">400-1500 nm (do vis\u00edvel ao infravermelho pr\u00f3ximo)<\/td>\n<\/tr>\n<tr data-start=\"1427\" data-end=\"1465\">\n<td data-start=\"1427\" data-end=\"1457\" data-col-size=\"sm\">Vis\u00e3o Transmissividade da luz<\/td>\n<td data-col-size=\"md\" data-start=\"1457\" data-end=\"1465\">\u226585%<\/td>\n<\/tr>\n<tr data-start=\"1466\" data-end=\"1523\">\n<td data-start=\"1466\" data-end=\"1483\" data-col-size=\"sm\">Acabamento da superf\u00edcie<\/td>\n<td data-col-size=\"md\" data-start=\"1483\" data-end=\"1523\">Polimento de dupla face (DSP), Ra &lt;5 nm<\/td>\n<\/tr>\n<tr data-start=\"1524\" data-end=\"1563\">\n<td data-start=\"1524\" data-end=\"1549\" data-col-size=\"sm\">Limiar de dano laser<\/td>\n<td data-col-size=\"md\" data-start=\"1549\" data-end=\"1563\">&gt;10 kW\/cm\u00b2<\/td>\n<\/tr>\n<tr data-start=\"1564\" data-end=\"1590\">\n<td data-start=\"1564\" data-end=\"1580\" data-col-size=\"sm\">Pico de emiss\u00e3o<\/td>\n<td data-col-size=\"md\" data-start=\"1580\" data-end=\"1590\">795 nm<\/td>\n<\/tr>\n<tr data-start=\"1591\" data-end=\"1619\">\n<td data-start=\"1591\" data-end=\"1609\" data-col-size=\"sm\">Pico de Absor\u00e7\u00e3o<\/td>\n<td data-col-size=\"md\" data-start=\"1609\" data-end=\"1619\">488 nm<\/td>\n<\/tr>\n<tr data-start=\"1620\" data-end=\"1657\">\n<td data-start=\"1620\" data-end=\"1639\" data-col-size=\"sm\">\u00cdndice de refra\u00e7\u00e3o<\/td>\n<td data-col-size=\"md\" data-start=\"1639\" data-end=\"1657\">1,76 a 800 nm<\/td>\n<\/tr>\n<tr data-start=\"1658\" data-end=\"1722\">\n<td data-start=\"1658\" data-end=\"1677\" data-col-size=\"sm\">Espessura e tamanho<\/td>\n<td data-col-size=\"md\" data-start=\"1677\" data-end=\"1722\">Personalizado, polido com toler\u00e2ncia \u00f3tica<\/td>\n<\/tr>\n<tr data-start=\"1723\" data-end=\"1758\">\n<td data-start=\"1723\" data-end=\"1735\" data-col-size=\"sm\">Embalagem<\/td>\n<td data-col-size=\"md\" data-start=\"1735\" data-end=\"1758\">Sala limpa classe 100<\/td>\n<\/tr>\n<tr data-start=\"1759\" data-end=\"1783\">\n<td data-start=\"1759\" data-end=\"1775\" data-col-size=\"sm\">Certifica\u00e7\u00e3o<\/td>\n<td data-col-size=\"md\" data-start=\"1775\" data-end=\"1783\">RoHS<\/td>\n<\/tr>\n<\/tbody>\n<\/table>\n<\/div>\n<\/div>\n<h2 data-start=\"1790\" data-end=\"1809\">Carater\u00edsticas principais<\/h2>\n<ol data-start=\"1811\" data-end=\"2991\">\n<li data-start=\"1811\" data-end=\"2023\">\n<p data-start=\"1814\" data-end=\"1857\">Dureza ultra-alta e resist\u00eancia ao desgaste<\/p>\n<ul data-start=\"1861\" data-end=\"2023\">\n<li data-start=\"1861\" data-end=\"1941\">\n<p data-start=\"1863\" data-end=\"1941\">Dureza de Mohs 9, 20 vezes mais resistente a riscos do que o vidro \u00f3tico convencional.<\/p>\n<\/li>\n<li data-start=\"1945\" data-end=\"2023\">\n<p data-start=\"1947\" data-end=\"2023\">Resiste \u00e0 areia, ao p\u00f3 e \u00e0 abras\u00e3o mec\u00e2nica para uma clareza \u00f3tica a longo prazo.<\/p>\n<\/li>\n<\/ul>\n<\/li>\n<li data-start=\"2025\" data-end=\"2227\">\n<p data-start=\"2028\" data-end=\"2060\">Transmiss\u00e3o \u00f3tica alargada<\/p>\n<ul data-start=\"2064\" data-end=\"2227\">\n<li data-start=\"2064\" data-end=\"2147\">\n<blockquote data-start=\"2066\" data-end=\"2147\">\n<p data-start=\"2067\" data-end=\"2147\">85% de transmit\u00e2ncia no NIR (700-1500 nm) e &gt;90% na luz vis\u00edvel (400-700 nm).<\/p>\n<\/blockquote>\n<\/li>\n<li data-start=\"2151\" data-end=\"2227\">\n<p data-start=\"2153\" data-end=\"2227\">Suporta sistemas laser e de dete\u00e7\u00e3o de alta precis\u00e3o nos espectros UV-NIR.<\/p>\n<\/li>\n<\/ul>\n<\/li>\n<li data-start=\"2229\" data-end=\"2445\">\n<p data-start=\"2232\" data-end=\"2264\">Estabilidade t\u00e9rmica superior<\/p>\n<ul data-start=\"2268\" data-end=\"2445\">\n<li data-start=\"2268\" data-end=\"2341\">\n<p data-start=\"2270\" data-end=\"2341\">Funcionamento cont\u00ednuo at\u00e9 1200\u00b0C, toler\u00e2ncia a curto prazo at\u00e9 1500\u00b0C.<\/p>\n<\/li>\n<li data-start=\"2345\" data-end=\"2445\">\n<p data-start=\"2347\" data-end=\"2445\">A baixa expans\u00e3o t\u00e9rmica assegura a precis\u00e3o da superf\u00edcie (&lt;\u03bb\/8 @632,8 nm) sob aquecimento e arrefecimento r\u00e1pidos.<\/p>\n<\/li>\n<\/ul>\n<\/li>\n<li data-start=\"2447\" data-end=\"2647\">\n<p data-start=\"2450\" data-end=\"2503\">Resist\u00eancia qu\u00edmica e ambiental excecional<\/p>\n<ul data-start=\"2507\" data-end=\"2647\">\n<li data-start=\"2507\" data-end=\"2575\">\n<p data-start=\"2509\" data-end=\"2575\">Est\u00e1vel em ambientes muito \u00e1cidos (pH 1) a alcalinos (pH 14).<\/p>\n<\/li>\n<li data-start=\"2579\" data-end=\"2647\">\n<p data-start=\"2581\" data-end=\"2647\">Ideal para condi\u00e7\u00f5es corrosivas, de alta press\u00e3o ou de elevada humidade.<\/p>\n<\/li>\n<\/ul>\n<\/li>\n<li data-start=\"2649\" data-end=\"2770\">\n<p data-start=\"2652\" data-end=\"2680\">Toler\u00e2ncia a danos causados por laser<\/p>\n<ul data-start=\"2684\" data-end=\"2770\">\n<li data-start=\"2684\" data-end=\"2770\">\n<p data-start=\"2686\" data-end=\"2770\">Suporta &gt;10 kW\/cm\u00b2, adequado para aplica\u00e7\u00f5es de CO\u2082, YAG e laser ultrarr\u00e1pido.<\/p>\n<\/li>\n<\/ul>\n<\/li>\n<li data-start=\"2772\" data-end=\"2991\">\n<p data-start=\"2775\" data-end=\"2804\">Fabrico de precis\u00e3o<\/p>\n<ul data-start=\"2808\" data-end=\"2991\">\n<li data-start=\"2808\" data-end=\"2888\">\n<p data-start=\"2810\" data-end=\"2888\">Produzido atrav\u00e9s dos m\u00e9todos de crescimento de cristais Kyropoulos (KY) ou Czochralski (Cz).<\/p>\n<\/li>\n<li data-start=\"2892\" data-end=\"2991\">\n<p data-start=\"2894\" data-end=\"2991\">Polido de acordo com as normas DSP para uma dispers\u00e3o m\u00ednima, defeitos de superf\u00edcie e elevada uniformidade \u00f3tica.<\/p>\n<\/li>\n<\/ul>\n<\/li>\n<\/ol>\n<h2 data-start=\"2998\" data-end=\"3025\">Aplica\u00e7\u00f5es prim\u00e1rias<\/h2>\n<ol data-start=\"3027\" data-end=\"3893\">\n<li data-start=\"3027\" data-end=\"3196\">\n<p data-start=\"3030\" data-end=\"3060\">Sistemas laser de alta pot\u00eancia<\/p>\n<ul data-start=\"3064\" data-end=\"3196\">\n<li data-start=\"3064\" data-end=\"3120\">\n<p data-start=\"3066\" data-end=\"3120\">Janelas de sa\u00edda e lentes de prote\u00e7\u00e3o para ressonadores.<\/p>\n<\/li>\n<li data-start=\"3124\" data-end=\"3196\">\n<p data-start=\"3126\" data-end=\"3196\">Suporta sistemas laser de CO\u2082, YAG e fibra com elevada densidade de energia.<\/p>\n<\/li>\n<\/ul>\n<\/li>\n<li data-start=\"3198\" data-end=\"3385\">\n<p data-start=\"3201\" data-end=\"3245\">Monitoriza\u00e7\u00e3o industrial a altas temperaturas<\/p>\n<ul data-start=\"3249\" data-end=\"3385\">\n<li data-start=\"3249\" data-end=\"3318\">\n<p data-start=\"3251\" data-end=\"3318\">Janelas de observa\u00e7\u00e3o em fornos de produ\u00e7\u00e3o de a\u00e7o, vidro e qu\u00edmicos.<\/p>\n<\/li>\n<li data-start=\"3322\" data-end=\"3385\">\n<p data-start=\"3324\" data-end=\"3385\">Mant\u00e9m a visibilidade a temperaturas superiores a 1000-1500\u00b0C.<\/p>\n<\/li>\n<\/ul>\n<\/li>\n<li data-start=\"3387\" data-end=\"3558\">\n<p data-start=\"3390\" data-end=\"3415\">Aeroespacial e Defesa<\/p>\n<ul data-start=\"3419\" data-end=\"3558\">\n<li data-start=\"3419\" data-end=\"3464\">\n<p data-start=\"3421\" data-end=\"3464\">Visores de naves espaciais e radomes de m\u00edsseis.<\/p>\n<\/li>\n<li data-start=\"3468\" data-end=\"3558\">\n<p data-start=\"3470\" data-end=\"3558\">Resiste ao aquecimento aerodin\u00e2mico, \u00e0 eros\u00e3o das part\u00edculas e ao stress ambiental supers\u00f3nico.<\/p>\n<\/li>\n<\/ul>\n<\/li>\n<li data-start=\"3560\" data-end=\"3756\">\n<p data-start=\"3563\" data-end=\"3598\">Dete\u00e7\u00e3o de ambientes extremos<\/p>\n<ul data-start=\"3602\" data-end=\"3756\">\n<li data-start=\"3602\" data-end=\"3669\">\n<p data-start=\"3604\" data-end=\"3669\">Submers\u00edveis de profundidade e portas de acesso \u00f3tico a reactores nucleares.<\/p>\n<\/li>\n<li data-start=\"3673\" data-end=\"3756\">\n<p data-start=\"3675\" data-end=\"3756\">Resist\u00eancia a press\u00f5es superiores a 1000 atmosferas com desempenho \u00f3tico est\u00e1vel.<\/p>\n<\/li>\n<\/ul>\n<\/li>\n<li data-start=\"3758\" data-end=\"3893\">\n<p data-start=\"3761\" data-end=\"3801\">Instrumentos cient\u00edficos e de precis\u00e3o<\/p>\n<ul data-start=\"3805\" data-end=\"3893\">\n<li data-start=\"3805\" data-end=\"3893\">\n<p data-start=\"3807\" data-end=\"3893\">Sistemas de entrega de laser, instrumentos de espetroscopia e configura\u00e7\u00f5es \u00f3pticas de alta precis\u00e3o.<\/p>\n<\/li>\n<\/ul>\n<\/li>\n<\/ol>\n<h2 data-start=\"3900\" data-end=\"3910\">FAQ<\/h2>\n<p data-start=\"3912\" data-end=\"4200\">Q1: Porqu\u00ea utilizar janelas \u00f3pticas de rubi em vez de vidro \u00f3tico convencional?<br data-start=\"3987\" data-end=\"3990\" \/>A1: As janelas de rubi oferecem uma resist\u00eancia a riscos 20 vezes superior, suportam at\u00e9 1500\u00b0C e mant\u00eam uma transmit\u00e2ncia &gt;85% do vis\u00edvel ao infravermelho pr\u00f3ximo, superando o vidro \u00f3tico padr\u00e3o em condi\u00e7\u00f5es adversas.<\/p>\n<p data-start=\"4202\" data-end=\"4411\">Q2: As janelas de rubi conseguem suportar aplica\u00e7\u00f5es laser de alta pot\u00eancia?<br data-start=\"4264\" data-end=\"4267\" \/>A2: Sim, estas janelas t\u00eam um limiar de dano laser superior a 10 kW\/cm\u00b2, ideal para sistemas de laser CO\u2082\/YAG e para a entrega de feixes de precis\u00e3o.<\/p>\n<p data-start=\"4413\" data-end=\"4631\">P3: Est\u00e3o dispon\u00edveis tamanhos e formas personalizados?<br data-start=\"4459\" data-end=\"4462\" \/>A3: Sem d\u00favida. Suportamos tamanhos, espessuras e superf\u00edcies polidas de dupla face (DSP) \u00e0 medida para satisfazer requisitos espec\u00edficos de sistemas laser ou de instrumenta\u00e7\u00e3o.<\/p>","protected":false},"excerpt":{"rendered":"<p>Janelas \u00f3pticas de rubi personalizadas (\u03b1-Al\u2082O\u2083 dopado com Cr\u00b3\u207a) com dureza de Mohs 9, transmit\u00e2ncia \u226585%, polimento de dupla face e alta toler\u00e2ncia a danos por laser para sistemas de laser de alta pot\u00eancia, aeroespacial, monitoramento industrial e instrumenta\u00e7\u00e3o de precis\u00e3o.<\/p>","protected":false},"featured_media":2049,"comment_status":"open","ping_status":"closed","template":"","meta":{"site-sidebar-layout":"default","site-content-layout":"","ast-site-content-layout":"default","site-content-style":"default","site-sidebar-style":"default","ast-global-header-display":"","ast-banner-title-visibility":"","ast-main-header-display":"","ast-hfb-above-header-display":"","ast-hfb-below-header-display":"","ast-hfb-mobile-header-display":"","site-post-title":"","ast-breadcrumbs-content":"","ast-featured-img":"","footer-sml-layout":"","ast-disable-related-posts":"","theme-transparent-header-meta":"default","adv-header-id-meta":"","stick-header-meta":"default","header-above-stick-meta":"","header-main-stick-meta":"","header-below-stick-meta":"","astra-migrate-meta-layouts":"set","ast-page-background-enabled":"default","ast-page-background-meta":{"desktop":{"background-color":"","background-image":"","background-repeat":"repeat","background-position":"center center","background-size":"auto","background-attachment":"scroll","background-type":"","background-media":"","overlay-type":"","overlay-color":"","overlay-opacity":"","overlay-gradient":""},"tablet":{"background-color":"","background-image":"","background-repeat":"repeat","background-position":"center center","background-size":"auto","background-attachment":"scroll","background-type":"","background-media":"","overlay-type":"","overlay-color":"","overlay-opacity":"","overlay-gradient":""},"mobile":{"background-color":"","background-image":"","background-repeat":"repeat","background-position":"center center","background-size":"auto","background-attachment":"scroll","background-type":"","background-media":"","overlay-type":"","overlay-color":"","overlay-opacity":"","overlay-gradient":""}},"ast-content-background-meta":{"desktop":{"background-color":"var(--ast-global-color-5)","background-image":"","background-repeat":"repeat","background-position":"center center","background-size":"auto","background-attachment":"scroll","background-type":"","background-media":"","overlay-type":"","overlay-color":"","overlay-opacity":"","overlay-gradient":""},"tablet":{"background-color":"var(--ast-global-color-5)","background-image":"","background-repeat":"repeat","background-position":"center center","background-size":"auto","background-attachment":"scroll","background-type":"","background-media":"","overlay-type":"","overlay-color":"","overlay-opacity":"","overlay-gradient":""},"mobile":{"background-color":"var(--ast-global-color-5)","background-image":"","background-repeat":"repeat","background-position":"center center","background-size":"auto","background-attachment":"scroll","background-type":"","background-media":"","overlay-type":"","overlay-color":"","overlay-opacity":"","overlay-gradient":""}}},"product_brand":[],"product_cat":[15],"product_tag":[105,110,98,107,102,99,103,104,101,100,109,106,97,112,108,111],"class_list":{"0":"post-2046","1":"product","2":"type-product","3":"status-publish","4":"has-post-thumbnail","6":"product_cat-sapphire-windows","7":"product_tag-aerospace-optical-components","8":"product_tag-co2-laser","9":"product_tag-cr-doped-alo","10":"product_tag-custom-laser-optics","11":"product_tag-dsp-polished","12":"product_tag-high-hardness","13":"product_tag-high-temperature-resistant","14":"product_tag-industrial-laser-windows","15":"product_tag-laser-transmission","16":"product_tag-mohs-9","17":"product_tag-nir-transmittance","18":"product_tag-precision-optical-windows","19":"product_tag-ruby-optical-window","20":"product_tag-semiconductor-optical-components","21":"product_tag-wear-resistant-optical-glass","22":"product_tag-yag-laser","23":"desktop-align-left","24":"tablet-align-left","25":"mobile-align-left","26":"ast-product-gallery-layout-horizontal-slider","27":"ast-product-tabs-layout-horizontal","29":"first","30":"instock","31":"shipping-taxable","32":"product-type-simple"},"_links":{"self":[{"href":"https:\/\/www.sapphire-windows.com\/pt\/wp-json\/wp\/v2\/product\/2046","targetHints":{"allow":["GET"]}}],"collection":[{"href":"https:\/\/www.sapphire-windows.com\/pt\/wp-json\/wp\/v2\/product"}],"about":[{"href":"https:\/\/www.sapphire-windows.com\/pt\/wp-json\/wp\/v2\/types\/product"}],"replies":[{"embeddable":true,"href":"https:\/\/www.sapphire-windows.com\/pt\/wp-json\/wp\/v2\/comments?post=2046"}],"version-history":[{"count":1,"href":"https:\/\/www.sapphire-windows.com\/pt\/wp-json\/wp\/v2\/product\/2046\/revisions"}],"predecessor-version":[{"id":2050,"href":"https:\/\/www.sapphire-windows.com\/pt\/wp-json\/wp\/v2\/product\/2046\/revisions\/2050"}],"wp:featuredmedia":[{"embeddable":true,"href":"https:\/\/www.sapphire-windows.com\/pt\/wp-json\/wp\/v2\/media\/2049"}],"wp:attachment":[{"href":"https:\/\/www.sapphire-windows.com\/pt\/wp-json\/wp\/v2\/media?parent=2046"}],"wp:term":[{"taxonomy":"product_brand","embeddable":true,"href":"https:\/\/www.sapphire-windows.com\/pt\/wp-json\/wp\/v2\/product_brand?post=2046"},{"taxonomy":"product_cat","embeddable":true,"href":"https:\/\/www.sapphire-windows.com\/pt\/wp-json\/wp\/v2\/product_cat?post=2046"},{"taxonomy":"product_tag","embeddable":true,"href":"https:\/\/www.sapphire-windows.com\/pt\/wp-json\/wp\/v2\/product_tag?post=2046"}],"curies":[{"name":"wp","href":"https:\/\/api.w.org\/{rel}","templated":true}]}}