{"id":2310,"date":"2026-03-23T07:08:10","date_gmt":"2026-03-23T07:08:10","guid":{"rendered":"https:\/\/www.sapphire-windows.com\/?post_type=product&#038;p=2310"},"modified":"2026-03-23T07:09:41","modified_gmt":"2026-03-23T07:09:41","slug":"szafirowe-okno-kopulkowe","status":"publish","type":"product","link":"https:\/\/www.sapphire-windows.com\/pl\/product\/sapphire-dome-window\/","title":{"rendered":"Precyzyjne szafirowe okienko kopu\u0142kowe do ochrony czujnik\u00f3w podczerwieni (IR) i optycznych"},"content":{"rendered":"<p data-start=\"236\" data-end=\"700\"><img fetchpriority=\"high\" decoding=\"async\" class=\"size-medium wp-image-2314 alignright\" src=\"https:\/\/www.sapphire-windows.com\/wp-content\/uploads\/2026\/03\/8sapphire_dome_window_high_precision_for_optical_and_infrared_infrared_sensors-300x300.webp\" alt=\"\" width=\"300\" height=\"300\" srcset=\"https:\/\/www.sapphire-windows.com\/wp-content\/uploads\/2026\/03\/8sapphire_dome_window_high_precision_for_optical_and_infrared_infrared_sensors-300x300.webp 300w, https:\/\/www.sapphire-windows.com\/wp-content\/uploads\/2026\/03\/8sapphire_dome_window_high_precision_for_optical_and_infrared_infrared_sensors-150x150.webp 150w, https:\/\/www.sapphire-windows.com\/wp-content\/uploads\/2026\/03\/8sapphire_dome_window_high_precision_for_optical_and_infrared_infrared_sensors-768x768.webp 768w, https:\/\/www.sapphire-windows.com\/wp-content\/uploads\/2026\/03\/8sapphire_dome_window_high_precision_for_optical_and_infrared_infrared_sensors-12x12.webp 12w, https:\/\/www.sapphire-windows.com\/wp-content\/uploads\/2026\/03\/8sapphire_dome_window_high_precision_for_optical_and_infrared_infrared_sensors-600x600.webp 600w, https:\/\/www.sapphire-windows.com\/wp-content\/uploads\/2026\/03\/8sapphire_dome_window_high_precision_for_optical_and_infrared_infrared_sensors-100x100.webp 100w, https:\/\/www.sapphire-windows.com\/wp-content\/uploads\/2026\/03\/8sapphire_dome_window_high_precision_for_optical_and_infrared_infrared_sensors.webp 800w\" sizes=\"(max-width: 300px) 100vw, 300px\" \/>Sapphire Dome Window to wysokowydajny element optyczny wykonany z monokrystalicznego tlenku glinu (Al\u2082O\u2083), zaprojektowany w celu zapewnienia wyj\u0105tkowej wydajno\u015bci w ekstremalnych i wymagaj\u0105cych \u015brodowiskach. W por\u00f3wnaniu do tradycyjnych materia\u0142\u00f3w optycznych, takich jak szk\u0142o lub kwarc, szafir zapewnia unikalne po\u0142\u0105czenie wytrzyma\u0142o\u015bci mechanicznej, stabilno\u015bci termicznej i przezroczysto\u015bci optycznej, co czyni go idealnym wyborem dla zaawansowanych system\u00f3w optycznych i podczerwieni (IR).<\/p>\n<p data-start=\"702\" data-end=\"1003\">Dzi\u0119ki twardo\u015bci 9 w skali Mohsa, szafir ust\u0119puje tylko diamentowi pod wzgl\u0119dem twardo\u015bci, oferuj\u0105c wyj\u0105tkow\u0105 odporno\u015b\u0107 na zarysowania, \u015bcieranie i uderzenia cz\u0105stek o du\u017cej pr\u0119dko\u015bci. Sprawia to, \u017ce szafirowe szyby kopu\u0142kowe s\u0105 szczeg\u00f3lnie odpowiednie do zastosowa\u0144, w kt\u00f3rych trwa\u0142o\u015b\u0107 i d\u0142uga \u017cywotno\u015b\u0107 maj\u0105 kluczowe znaczenie.<\/p>\n<p data-start=\"1005\" data-end=\"1364\">Geometria kopu\u0142y dodatkowo zwi\u0119ksza wytrzyma\u0142o\u015b\u0107 strukturaln\u0105 poprzez r\u00f3wnomierne roz\u0142o\u017cenie napr\u0119\u017ce\u0144 na ca\u0142ej powierzchni, dzi\u0119ki czemu komponent jest odporny na wysokie ci\u015bnienie, si\u0142y aerodynamiczne i gwa\u0142towne zmiany \u015brodowiskowe. W rezultacie szafirowe kopu\u0142y s\u0105 szeroko stosowane jako okna ochronne dla czujnik\u00f3w i system\u00f3w optycznych w zastosowaniach lotniczych, obronnych i przemys\u0142owych.<\/p>\n<h2 data-section-id=\"147fl1h\" data-start=\"1371\" data-end=\"1408\">Zalety optyczne i fizyczne<\/h2>\n<p data-start=\"1410\" data-end=\"1788\"><img decoding=\"async\" class=\"size-medium wp-image-2313 alignleft\" src=\"https:\/\/www.sapphire-windows.com\/wp-content\/uploads\/2026\/03\/9sapphire_dome_window_high_precision_for_optical_and_infrared_infrared_sensors-300x300.webp\" alt=\"\" width=\"300\" height=\"300\" srcset=\"https:\/\/www.sapphire-windows.com\/wp-content\/uploads\/2026\/03\/9sapphire_dome_window_high_precision_for_optical_and_infrared_infrared_sensors-300x300.webp 300w, https:\/\/www.sapphire-windows.com\/wp-content\/uploads\/2026\/03\/9sapphire_dome_window_high_precision_for_optical_and_infrared_infrared_sensors-150x150.webp 150w, https:\/\/www.sapphire-windows.com\/wp-content\/uploads\/2026\/03\/9sapphire_dome_window_high_precision_for_optical_and_infrared_infrared_sensors-768x768.webp 768w, https:\/\/www.sapphire-windows.com\/wp-content\/uploads\/2026\/03\/9sapphire_dome_window_high_precision_for_optical_and_infrared_infrared_sensors-12x12.webp 12w, https:\/\/www.sapphire-windows.com\/wp-content\/uploads\/2026\/03\/9sapphire_dome_window_high_precision_for_optical_and_infrared_infrared_sensors-600x600.webp 600w, https:\/\/www.sapphire-windows.com\/wp-content\/uploads\/2026\/03\/9sapphire_dome_window_high_precision_for_optical_and_infrared_infrared_sensors-100x100.webp 100w, https:\/\/www.sapphire-windows.com\/wp-content\/uploads\/2026\/03\/9sapphire_dome_window_high_precision_for_optical_and_infrared_infrared_sensors.webp 800w\" sizes=\"(max-width: 300px) 100vw, 300px\" \/>Jedn\u0105 z kluczowych zalet szafirowych okien kopu\u0142kowych jest ich szeroki zakres transmisji widmowej, rozci\u0105gaj\u0105cy si\u0119 od d\u0142ugo\u015bci fal ultrafioletowych (UV) oko\u0142o 170 nm do d\u0142ugo\u015bci fal \u015bredniej podczerwieni (IR) do 5 \u00b5m. Ta szeroka zdolno\u015b\u0107 transmisji sprawia, \u017ce s\u0105 one bardzo wszechstronne w przypadku wielospektralnych system\u00f3w optycznych, w tym obrazowania w podczerwieni, system\u00f3w laserowych i precyzyjnych czujnik\u00f3w.<\/p>\n<p data-start=\"1790\" data-end=\"2036\">Ponadto szafir zachowuje doskona\u0142\u0105 przejrzysto\u015b\u0107 optyczn\u0105 przy minimalnym rozproszeniu, gdy jest polerowany do wyko\u0144czenia powierzchni klasy optycznej (&lt;10 \u00c5 RMS). Zapewnia to wysok\u0105 integralno\u015b\u0107 sygna\u0142u i dok\u0142adne pozyskiwanie danych w czu\u0142ych aplikacjach optycznych.<\/p>\n<p data-start=\"2038\" data-end=\"2330\">Z perspektywy termicznej szafir wykazuje wyj\u0105tkow\u0105 stabilno\u015b\u0107, zdoln\u0105 do pracy w temperaturach do 1900\u00b0C w pr\u00f3\u017cni lub w \u015brodowisku gazu oboj\u0119tnego. Nawet w powietrzu zachowuje niezawodn\u0105 wydajno\u015b\u0107 w temperaturach przekraczaj\u0105cych 1600\u00b0C, znacznie przewy\u017cszaj\u0105c wi\u0119kszo\u015b\u0107 konwencjonalnych materia\u0142\u00f3w optycznych.<\/p>\n<p data-start=\"2332\" data-end=\"2548\">Co wi\u0119cej, szafir jest chemicznie oboj\u0119tny, odporny na korozj\u0119 powodowan\u0105 przez kwasy, zasady i inne agresywne substancje. Ta w\u0142a\u015bciwo\u015b\u0107 sprawia, \u017ce jest on szczeg\u00f3lnie odpowiedni do \u015brodowisk morskich, chemicznych i o wysokiej wilgotno\u015bci.<\/p>\n<h2 data-section-id=\"1y8un7j\" data-start=\"2555\" data-end=\"2573\">Kluczowe cechy<img decoding=\"async\" class=\"size-medium wp-image-2312 alignright\" src=\"https:\/\/www.sapphire-windows.com\/wp-content\/uploads\/2026\/03\/10sapphire_dome_window_high_precision_for_optical_and_infrared_infrared_sensors-300x300.webp\" alt=\"\" width=\"300\" height=\"300\" srcset=\"https:\/\/www.sapphire-windows.com\/wp-content\/uploads\/2026\/03\/10sapphire_dome_window_high_precision_for_optical_and_infrared_infrared_sensors-300x300.webp 300w, https:\/\/www.sapphire-windows.com\/wp-content\/uploads\/2026\/03\/10sapphire_dome_window_high_precision_for_optical_and_infrared_infrared_sensors-150x150.webp 150w, https:\/\/www.sapphire-windows.com\/wp-content\/uploads\/2026\/03\/10sapphire_dome_window_high_precision_for_optical_and_infrared_infrared_sensors-768x768.webp 768w, https:\/\/www.sapphire-windows.com\/wp-content\/uploads\/2026\/03\/10sapphire_dome_window_high_precision_for_optical_and_infrared_infrared_sensors-12x12.webp 12w, https:\/\/www.sapphire-windows.com\/wp-content\/uploads\/2026\/03\/10sapphire_dome_window_high_precision_for_optical_and_infrared_infrared_sensors-600x600.webp 600w, https:\/\/www.sapphire-windows.com\/wp-content\/uploads\/2026\/03\/10sapphire_dome_window_high_precision_for_optical_and_infrared_infrared_sensors-100x100.webp 100w, https:\/\/www.sapphire-windows.com\/wp-content\/uploads\/2026\/03\/10sapphire_dome_window_high_precision_for_optical_and_infrared_infrared_sensors.webp 800w\" sizes=\"(max-width: 300px) 100vw, 300px\" \/><\/h2>\n<ul data-start=\"2575\" data-end=\"3118\">\n<li data-section-id=\"116uu6b\" data-start=\"2575\" data-end=\"2691\">Ekstremalna twardo\u015b\u0107 i odporno\u015b\u0107 na zu\u017cycie - zapewnia d\u0142ugotrwa\u0142\u0105 wytrzyma\u0142o\u015b\u0107 w \u015brodowiskach \u015bciernych i nara\u017conych na silne uderzenia<\/li>\n<li data-section-id=\"1m580mr\" data-start=\"2692\" data-end=\"2782\">Szeroka transmisja optyczna (od UV do IR) - odpowiednia dla system\u00f3w optycznych o wielu zakresach widma<\/li>\n<li data-section-id=\"1aabki0\" data-start=\"2783\" data-end=\"2864\">Wysoka stabilno\u015b\u0107 termiczna - utrzymuje wydajno\u015b\u0107 w ekstremalnych temperaturach<\/li>\n<li data-section-id=\"4qq0kg\" data-start=\"2865\" data-end=\"2958\">Doskona\u0142a wytrzyma\u0142o\u015b\u0107 mechaniczna - struktura kopu\u0142y zwi\u0119ksza odporno\u015b\u0107 na nacisk i uderzenia<\/li>\n<li data-section-id=\"17fi0xt\" data-start=\"2959\" data-end=\"3041\">Doskona\u0142a odporno\u015b\u0107 chemiczna - idealna do \u015brodowisk korozyjnych i surowych<\/li>\n<li data-section-id=\"1podhlq\" data-start=\"3042\" data-end=\"3118\">Precyzyjna jako\u015b\u0107 powierzchni optycznej - &lt;10 \u00c5 RMS dla minimalnych zniekszta\u0142ce\u0144<\/li>\n<\/ul>\n<h2 data-section-id=\"4t5b8m\" data-start=\"3125\" data-end=\"3143\">Zastosowania<\/h2>\n<p data-start=\"3145\" data-end=\"3261\">Szafirowe okna kopu\u0142kowe s\u0105 szeroko stosowane w bran\u017cach wymagaj\u0105cych niezawodnej wydajno\u015bci optycznej w ekstremalnych warunkach:<\/p>\n<ul data-start=\"3263\" data-end=\"3686\">\n<li data-section-id=\"aqylto\" data-start=\"3263\" data-end=\"3348\">Systemy czujnik\u00f3w podczerwieni (IR) - naprowadzanie pocisk\u00f3w, obrazowanie termiczne, czujniki UAV<\/li>\n<li data-section-id=\"xtpf7f\" data-start=\"3349\" data-end=\"3433\">Przemys\u0142 lotniczy i obronny - szybkie loty i ochrona \u015brodowiska w trudnych warunkach<\/li>\n<li data-section-id=\"19fk6ce\" data-start=\"3434\" data-end=\"3513\">Podwodne systemy optyczne - kamery g\u0142\u0119binowe, sonary i obudowy lidar\u00f3w<\/li>\n<li data-section-id=\"1y3f3z2\" data-start=\"3514\" data-end=\"3596\">Sprz\u0119t laserowy i fotoniczny - ochrona wra\u017cliwych element\u00f3w optycznych<\/li>\n<li data-section-id=\"2i5w98\" data-start=\"3597\" data-end=\"3686\">Przemys\u0142owe systemy monitorowania - dost\u0119p optyczny w wysokiej temperaturze i pod wysokim ci\u015bnieniem<\/li>\n<\/ul>\n<h2 data-section-id=\"8lu2ky\" data-start=\"3693\" data-end=\"3723\">Specyfikacja techniczna<\/h2>\n<div class=\"TyagGW_tableContainer\">\n<div class=\"group TyagGW_tableWrapper flex flex-col-reverse w-fit\" tabindex=\"-1\">\n<table class=\"w-fit min-w-(--thread-content-width)\" data-start=\"3725\" data-end=\"4062\">\n<thead data-start=\"3725\" data-end=\"3746\">\n<tr data-start=\"3725\" data-end=\"3746\">\n<th class=\"\" data-start=\"3725\" data-end=\"3737\" data-col-size=\"sm\">Parametr<\/th>\n<th class=\"\" data-start=\"3737\" data-end=\"3746\" data-col-size=\"sm\">Warto\u015b\u0107<\/th>\n<\/tr>\n<\/thead>\n<tbody data-start=\"3767\" data-end=\"4062\">\n<tr data-start=\"3767\" data-end=\"3814\">\n<td data-start=\"3767\" data-end=\"3778\" data-col-size=\"sm\">Materia\u0142<\/td>\n<td data-col-size=\"sm\" data-start=\"3778\" data-end=\"3814\">Szafir monokrystaliczny (Al\u2082O\u2083)<\/td>\n<\/tr>\n<tr data-start=\"3815\" data-end=\"3858\">\n<td data-start=\"3815\" data-end=\"3826\" data-col-size=\"sm\">\u015arednica<\/td>\n<td data-col-size=\"sm\" data-start=\"3826\" data-end=\"3858\">5 mm - 200 mm (z mo\u017cliwo\u015bci\u0105 dostosowania)<\/td>\n<\/tr>\n<tr data-start=\"3859\" data-end=\"3894\">\n<td data-start=\"3859\" data-end=\"3876\" data-col-size=\"sm\">Grubo\u015b\u0107 \u015bcianki<\/td>\n<td data-start=\"3876\" data-end=\"3894\" data-col-size=\"sm\">0,5 mm - 10 mm<\/td>\n<\/tr>\n<tr data-start=\"3895\" data-end=\"3933\">\n<td data-start=\"3895\" data-end=\"3916\" data-col-size=\"sm\">Zakres transmisji<\/td>\n<td data-col-size=\"sm\" data-start=\"3916\" data-end=\"3933\">170 nm - 5 \u00b5m<\/td>\n<\/tr>\n<tr data-start=\"3934\" data-end=\"3964\">\n<td data-start=\"3934\" data-end=\"3951\" data-col-size=\"sm\">Wyko\u0144czenie powierzchni<\/td>\n<td data-col-size=\"sm\" data-start=\"3951\" data-end=\"3964\">&lt;10 \u00c5 RMS<\/td>\n<\/tr>\n<tr data-start=\"3965\" data-end=\"4024\">\n<td data-start=\"3965\" data-end=\"3989\" data-col-size=\"sm\">Temperatura pracy<\/td>\n<td data-col-size=\"sm\" data-start=\"3989\" data-end=\"4024\">Do 1900\u00b0C (pr\u00f3\u017cnia\/gaz oboj\u0119tny)<\/td>\n<\/tr>\n<tr data-start=\"4025\" data-end=\"4062\">\n<td data-start=\"4025\" data-end=\"4044\" data-col-size=\"sm\">Wsp\u00f3\u0142czynnik za\u0142amania \u015bwiat\u0142a<\/td>\n<td data-col-size=\"sm\" data-start=\"4044\" data-end=\"4062\">1,76 @ 0,55 \u00b5m<\/td>\n<\/tr>\n<\/tbody>\n<\/table>\n<\/div>\n<\/div>\n<h2 data-section-id=\"128v01u\" data-start=\"4069\" data-end=\"4096\">Opcje dostosowywania<\/h2>\n<p data-start=\"4098\" data-end=\"4183\">Zapewniamy elastyczne us\u0142ugi dostosowywania, aby spe\u0142ni\u0107 okre\u015blone wymagania aplikacji:<\/p>\n<ul data-start=\"4185\" data-end=\"4398\">\n<li data-section-id=\"1yu1d2f\" data-start=\"4185\" data-end=\"4226\">Niestandardowe \u015brednice i grubo\u015bci kopu\u0142<\/li>\n<li data-section-id=\"r3834b\" data-start=\"4227\" data-end=\"4270\">Wewn\u0119trzny i zewn\u0119trzny promie\u0144 krzywizny<\/li>\n<li data-section-id=\"12bn40u\" data-start=\"4271\" data-end=\"4320\">Pow\u0142oki optyczne (AR, IR, pow\u0142oki szerokopasmowe)<\/li>\n<li data-section-id=\"1vbi42p\" data-start=\"4321\" data-end=\"4361\">Kszta\u0142towanie kraw\u0119dzi i struktury monta\u017cowe<\/li>\n<li data-section-id=\"1i4khwz\" data-start=\"4362\" data-end=\"4398\">Precyzyjna kontrola tolerancji<\/li>\n<\/ul>\n<h2 data-section-id=\"w1cnyx\" data-start=\"4405\" data-end=\"4414\">FAQ<\/h2>\n<p data-start=\"4416\" data-end=\"4674\">P1: Co sprawia, \u017ce szafirowe okna kopu\u0142kowe s\u0105 lepsze od szklanych alternatyw?<br data-start=\"4488\" data-end=\"4491\" \/>O: Szafir oferuje znacznie wy\u017csz\u0105 twardo\u015b\u0107, lepsz\u0105 odporno\u015b\u0107 termiczn\u0105 i szerszy zakres transmisji optycznej, dzi\u0119ki czemu idealnie nadaje si\u0119 do wymagaj\u0105cych \u015brodowisk, w kt\u00f3rych szk\u0142o mog\u0142oby zawie\u015b\u0107.<\/p>\n<p data-start=\"4676\" data-end=\"4852\">P2: Czy kopu\u0142ki szafirowe mog\u0105 by\u0107 powlekane w celu zwi\u0119kszenia wydajno\u015bci?<br data-start=\"4738\" data-end=\"4741\" \/>O: Tak, pow\u0142oki antyrefleksyjne (AR), podczerwone (IR) i niestandardowe mog\u0105 by\u0107 stosowane w celu optymalizacji wydajno\u015bci optycznej.<\/p>\n<p data-start=\"4854\" data-end=\"5021\">P3: Czy te kopu\u0142y nadaj\u0105 si\u0119 do pracy w ekstremalnych warunkach?<br data-start=\"4912\" data-end=\"4915\" \/>Oczywi\u015bcie. Szafirowe kopu\u0142ki dzia\u0142aj\u0105 niezawodnie w warunkach wysokiej temperatury, ci\u015bnienia i korozji.<\/p>\n<p data-start=\"5023\" data-end=\"5167\">P4: Czy obs\u0142ugujecie niestandardowe projekty?<br data-start=\"5061\" data-end=\"5064\" \/>Tak, wszystkie parametry krytyczne mo\u017cna dostosowa\u0107 zgodnie z rysunkami technicznymi lub wymaganiami.<\/p>","protected":false},"excerpt":{"rendered":"<p>Sapphire Dome Window to wysokowydajny element optyczny wykonany z monokrystalicznego tlenku glinu (Al\u2082O\u2083), zaprojektowany w celu zapewnienia wyj\u0105tkowej wydajno\u015bci w ekstremalnych i wymagaj\u0105cych \u015brodowiskach. W por\u00f3wnaniu do tradycyjnych materia\u0142\u00f3w optycznych, takich jak szk\u0142o lub kwarc, szafir zapewnia unikalne po\u0142\u0105czenie wytrzyma\u0142o\u015bci mechanicznej, stabilno\u015bci termicznej i przezroczysto\u015bci optycznej, co czyni go idealnym wyborem dla zaawansowanych system\u00f3w optycznych i podczerwieni (IR).<\/p>","protected":false},"featured_media":2311,"comment_status":"open","ping_status":"closed","template":"","meta":{"site-sidebar-layout":"default","site-content-layout":"","ast-site-content-layout":"default","site-content-style":"default","site-sidebar-style":"default","ast-global-header-display":"","ast-banner-title-visibility":"","ast-main-header-display":"","ast-hfb-above-header-display":"","ast-hfb-below-header-display":"","ast-hfb-mobile-header-display":"","site-post-title":"","ast-breadcrumbs-content":"","ast-featured-img":"","footer-sml-layout":"","ast-disable-related-posts":"","theme-transparent-header-meta":"default","adv-header-id-meta":"","stick-header-meta":"default","header-above-stick-meta":"","header-main-stick-meta":"","header-below-stick-meta":"","astra-migrate-meta-layouts":"set","ast-page-background-enabled":"default","ast-page-background-meta":{"desktop":{"background-color":"","background-image":"","background-repeat":"repeat","background-position":"center center","background-size":"auto","background-attachment":"scroll","background-type":"","background-media":"","overlay-type":"","overlay-color":"","overlay-opacity":"","overlay-gradient":""},"tablet":{"background-color":"","background-image":"","background-repeat":"repeat","background-position":"center center","background-size":"auto","background-attachment":"scroll","background-type":"","background-media":"","overlay-type":"","overlay-color":"","overlay-opacity":"","overlay-gradient":""},"mobile":{"background-color":"","background-image":"","background-repeat":"repeat","background-position":"center center","background-size":"auto","background-attachment":"scroll","background-type":"","background-media":"","overlay-type":"","overlay-color":"","overlay-opacity":"","overlay-gradient":""}},"ast-content-background-meta":{"desktop":{"background-color":"var(--ast-global-color-5)","background-image":"","background-repeat":"repeat","background-position":"center center","background-size":"auto","background-attachment":"scroll","background-type":"","background-media":"","overlay-type":"","overlay-color":"","overlay-opacity":"","overlay-gradient":""},"tablet":{"background-color":"var(--ast-global-color-5)","background-image":"","background-repeat":"repeat","background-position":"center center","background-size":"auto","background-attachment":"scroll","background-type":"","background-media":"","overlay-type":"","overlay-color":"","overlay-opacity":"","overlay-gradient":""},"mobile":{"background-color":"var(--ast-global-color-5)","background-image":"","background-repeat":"repeat","background-position":"center center","background-size":"auto","background-attachment":"scroll","background-type":"","background-media":"","overlay-type":"","overlay-color":"","overlay-opacity":"","overlay-gradient":""}}},"product_brand":[],"product_cat":[15],"product_tag":[484,96,480,481,485,478,78,482,479,483],"class_list":{"0":"post-2310","1":"product","2":"type-product","3":"status-publish","4":"has-post-thumbnail","6":"product_cat-sapphire-windows","7":"product_tag-aerospace-sapphire-dome","8":"product_tag-custom-sapphire-optics","9":"product_tag-infrared-sapphire-window","10":"product_tag-ir-dome-lens","11":"product_tag-optical-sapphire-components","12":"product_tag-sapphire-dome-window","13":"product_tag-sapphire-ir-window","14":"product_tag-sapphire-lens-for-sensors","15":"product_tag-sapphire-optical-dome","16":"product_tag-sapphire-protective-window","17":"desktop-align-left","18":"tablet-align-left","19":"mobile-align-left","20":"ast-product-gallery-layout-horizontal-slider","21":"ast-product-tabs-layout-horizontal","23":"first","24":"instock","25":"shipping-taxable","26":"product-type-simple"},"_links":{"self":[{"href":"https:\/\/www.sapphire-windows.com\/pl\/wp-json\/wp\/v2\/product\/2310","targetHints":{"allow":["GET"]}}],"collection":[{"href":"https:\/\/www.sapphire-windows.com\/pl\/wp-json\/wp\/v2\/product"}],"about":[{"href":"https:\/\/www.sapphire-windows.com\/pl\/wp-json\/wp\/v2\/types\/product"}],"replies":[{"embeddable":true,"href":"https:\/\/www.sapphire-windows.com\/pl\/wp-json\/wp\/v2\/comments?post=2310"}],"version-history":[{"count":2,"href":"https:\/\/www.sapphire-windows.com\/pl\/wp-json\/wp\/v2\/product\/2310\/revisions"}],"predecessor-version":[{"id":2316,"href":"https:\/\/www.sapphire-windows.com\/pl\/wp-json\/wp\/v2\/product\/2310\/revisions\/2316"}],"wp:featuredmedia":[{"embeddable":true,"href":"https:\/\/www.sapphire-windows.com\/pl\/wp-json\/wp\/v2\/media\/2311"}],"wp:attachment":[{"href":"https:\/\/www.sapphire-windows.com\/pl\/wp-json\/wp\/v2\/media?parent=2310"}],"wp:term":[{"taxonomy":"product_brand","embeddable":true,"href":"https:\/\/www.sapphire-windows.com\/pl\/wp-json\/wp\/v2\/product_brand?post=2310"},{"taxonomy":"product_cat","embeddable":true,"href":"https:\/\/www.sapphire-windows.com\/pl\/wp-json\/wp\/v2\/product_cat?post=2310"},{"taxonomy":"product_tag","embeddable":true,"href":"https:\/\/www.sapphire-windows.com\/pl\/wp-json\/wp\/v2\/product_tag?post=2310"}],"curies":[{"name":"wp","href":"https:\/\/api.w.org\/{rel}","templated":true}]}}