{"id":2077,"date":"2026-01-21T09:56:46","date_gmt":"2026-01-21T09:56:46","guid":{"rendered":"https:\/\/www.sapphire-windows.com\/?post_type=product&#038;p=2077"},"modified":"2026-01-21T09:56:47","modified_gmt":"2026-01-21T09:56:47","slug":"titanium-doped-sapphire-windows-tisapphire-high-hardness-transparent-optical-windows-for-protective-and-industrial-use","status":"publish","type":"product","link":"https:\/\/www.sapphire-windows.com\/pl\/product\/titanium-doped-sapphire-windows-tisapphire-high-hardness-transparent-optical-windows-for-protective-and-industrial-use\/","title":{"rendered":"Okna szafirowe z domieszk\u0105 tytanu (Ti: Sapphire) Przezroczyste okna optyczne o wysokiej twardo\u015bci do zastosowa\u0144 ochronnych i przemys\u0142owych"},"content":{"rendered":"<h2 data-start=\"137\" data-end=\"161\">Opis produktu:<img fetchpriority=\"high\" decoding=\"async\" class=\"size-medium wp-image-2078 alignright\" src=\"https:\/\/www.sapphire-windows.com\/wp-content\/uploads\/2026\/01\/Titanium-doped-Sapphire-Windows-TiSapphire-High-Hardness-Transparent-Optical-Windows-for-Protective-and-Industrial-Use-1-300x300.jpg\" alt=\"\" width=\"300\" height=\"300\" srcset=\"https:\/\/www.sapphire-windows.com\/wp-content\/uploads\/2026\/01\/Titanium-doped-Sapphire-Windows-TiSapphire-High-Hardness-Transparent-Optical-Windows-for-Protective-and-Industrial-Use-1-300x300.jpg 300w, https:\/\/www.sapphire-windows.com\/wp-content\/uploads\/2026\/01\/Titanium-doped-Sapphire-Windows-TiSapphire-High-Hardness-Transparent-Optical-Windows-for-Protective-and-Industrial-Use-1-150x150.jpg 150w, https:\/\/www.sapphire-windows.com\/wp-content\/uploads\/2026\/01\/Titanium-doped-Sapphire-Windows-TiSapphire-High-Hardness-Transparent-Optical-Windows-for-Protective-and-Industrial-Use-1-768x768.jpg 768w, https:\/\/www.sapphire-windows.com\/wp-content\/uploads\/2026\/01\/Titanium-doped-Sapphire-Windows-TiSapphire-High-Hardness-Transparent-Optical-Windows-for-Protective-and-Industrial-Use-1-600x600.jpg 600w, https:\/\/www.sapphire-windows.com\/wp-content\/uploads\/2026\/01\/Titanium-doped-Sapphire-Windows-TiSapphire-High-Hardness-Transparent-Optical-Windows-for-Protective-and-Industrial-Use-1-100x100.jpg 100w, https:\/\/www.sapphire-windows.com\/wp-content\/uploads\/2026\/01\/Titanium-doped-Sapphire-Windows-TiSapphire-High-Hardness-Transparent-Optical-Windows-for-Protective-and-Industrial-Use-1.jpg 1000w\" sizes=\"(max-width: 300px) 100vw, 300px\" \/><\/h2>\n<p data-start=\"163\" data-end=\"745\">ZMSH prezentuje okna szafirowe z domieszk\u0105 tytanu (Ti:Sapphire), wysoce trwa\u0142e i przezroczyste rozwi\u0105zanie optyczne zaprojektowane z my\u015bl\u0105 o szerokim zakresie zastosowa\u0144 przemys\u0142owych, naukowych i ochronnych. Okna te wykorzystuj\u0105 wytrzyma\u0142o\u015b\u0107 i przejrzysto\u015b\u0107 szafiru z domieszk\u0105 tytanu (Ti\u2083+:Al\u2082O\u2083), zapewniaj\u0105c doskona\u0142\u0105 odporno\u015b\u0107 na zarysowania, stabilno\u015b\u0107 termiczn\u0105 i trwa\u0142o\u015b\u0107 chemiczn\u0105. Chocia\u017c nie nadaj\u0105 si\u0119 do precyzyjnych system\u00f3w laserowych, okna Ti: Sapphire wyr\u00f3\u017cniaj\u0105 si\u0119 w \u015brodowiskach wymagaj\u0105cych odporno\u015bci na trudne warunki, zapewniaj\u0105c op\u0142acaln\u0105 ochron\u0119 i przejrzysto\u015b\u0107 optyczn\u0105.<\/p>\n<p data-start=\"747\" data-end=\"1170\">Dzi\u0119ki twardo\u015bci 9 w skali Mohsa, okna Ti:Sapphire przewy\u017cszaj\u0105 standardowe szk\u0142o optyczne pod wzgl\u0119dem odporno\u015bci na zarysowania, dzi\u0119ki czemu idealnie nadaj\u0105 si\u0119 do os\u0142on ochronnych, okien czujnik\u00f3w i element\u00f3w optycznych w zastosowaniach wymagaj\u0105cych odporno\u015bci na zu\u017cycie i trwa\u0142o\u015bci. Okna te mo\u017cna dostosowa\u0107 pod wzgl\u0119dem orientacji kryszta\u0142\u00f3w (o\u015b A lub o\u015b C) i rozmiaru, dzi\u0119ki czemu spe\u0142niaj\u0105 one specyficzne potrzeby danego projektu.<\/p>\n<h2 data-start=\"1172\" data-end=\"1189\"><img decoding=\"async\" class=\"size-medium wp-image-2080 alignleft\" src=\"https:\/\/www.sapphire-windows.com\/wp-content\/uploads\/2026\/01\/Titanium-doped-Sapphire-Windows-TiSapphire-High-Hardness-Transparent-Optical-Windows-for-Protective-and-Industrial-Use-2-300x300.png\" alt=\"\" width=\"300\" height=\"300\" srcset=\"https:\/\/www.sapphire-windows.com\/wp-content\/uploads\/2026\/01\/Titanium-doped-Sapphire-Windows-TiSapphire-High-Hardness-Transparent-Optical-Windows-for-Protective-and-Industrial-Use-2-300x300.png 300w, https:\/\/www.sapphire-windows.com\/wp-content\/uploads\/2026\/01\/Titanium-doped-Sapphire-Windows-TiSapphire-High-Hardness-Transparent-Optical-Windows-for-Protective-and-Industrial-Use-2-150x150.png 150w, https:\/\/www.sapphire-windows.com\/wp-content\/uploads\/2026\/01\/Titanium-doped-Sapphire-Windows-TiSapphire-High-Hardness-Transparent-Optical-Windows-for-Protective-and-Industrial-Use-2-768x768.png 768w, https:\/\/www.sapphire-windows.com\/wp-content\/uploads\/2026\/01\/Titanium-doped-Sapphire-Windows-TiSapphire-High-Hardness-Transparent-Optical-Windows-for-Protective-and-Industrial-Use-2-600x600.png 600w, https:\/\/www.sapphire-windows.com\/wp-content\/uploads\/2026\/01\/Titanium-doped-Sapphire-Windows-TiSapphire-High-Hardness-Transparent-Optical-Windows-for-Protective-and-Industrial-Use-2-100x100.png 100w, https:\/\/www.sapphire-windows.com\/wp-content\/uploads\/2026\/01\/Titanium-doped-Sapphire-Windows-TiSapphire-High-Hardness-Transparent-Optical-Windows-for-Protective-and-Industrial-Use-2.png 1000w\" sizes=\"(max-width: 300px) 100vw, 300px\" \/>Kluczowe cechy:<\/h2>\n<ol data-start=\"1191\" data-end=\"2362\">\n<li data-start=\"1191\" data-end=\"1471\">\n<p data-start=\"1194\" data-end=\"1471\">Najwy\u017csza trwa\u0142o\u015b\u0107 i odporno\u015b\u0107 na zarysowania:<br data-start=\"1241\" data-end=\"1244\" \/>Okna Ti:Sapphire zosta\u0142y zaprojektowane z twardo\u015bci\u0105 9 w skali Mohsa, oferuj\u0105c 10-krotnie wi\u0119ksz\u0105 odporno\u015b\u0107 na zarysowania ni\u017c zwyk\u0142e szk\u0142o optyczne, co czyni je idealnymi do zastosowa\u0144 ochronnych w wymagaj\u0105cych \u015brodowiskach.<\/p>\n<\/li>\n<li data-start=\"1473\" data-end=\"1724\">\n<p data-start=\"1476\" data-end=\"1724\">Przezroczysto\u015b\u0107 optyczna:<br data-start=\"1501\" data-end=\"1504\" \/>Okna Ti:Sapphire zapewniaj\u0105 doskona\u0142\u0105 przejrzysto\u015b\u0107 optyczn\u0105, oferuj\u0105c wysok\u0105 transmisj\u0119 zar\u00f3wno w widmie widzialnym, jak i podczerwonym, i s\u0105 idealne do komponent\u00f3w optycznych, kt\u00f3re nie wymagaj\u0105 precyzyjnej wydajno\u015bci lasera.<\/p>\n<\/li>\n<li data-start=\"1726\" data-end=\"2016\">\n<p data-start=\"1729\" data-end=\"2016\">Stabilno\u015b\u0107 chemiczna i termiczna:<br data-start=\"1764\" data-end=\"1767\" \/>Okna te s\u0105 wysoce odporne na wi\u0119kszo\u015b\u0107 kwas\u00f3w, zasad i rozpuszczalnik\u00f3w, dzi\u0119ki czemu nadaj\u0105 si\u0119 do \u015brodowisk chemicznych. Mog\u0105 wytrzyma\u0107 wysokie temperatury z temperatur\u0105 topnienia 2040\u00b0C i mog\u0105 pracowa\u0107 w spos\u00f3b ci\u0105g\u0142y do 800\u00b0C.<\/p>\n<\/li>\n<li data-start=\"2018\" data-end=\"2362\">\n<p data-start=\"2021\" data-end=\"2362\">Opcje dostosowywania:<br data-start=\"2047\" data-end=\"2050\" \/>ZMSH oferuje pe\u0142n\u0105 personalizacj\u0119 w zakresie orientacji kryszta\u0142\u00f3w (o\u015b A, o\u015b C), rozmiaru i obr\u00f3bki powierzchni, w tym polerowania w celu uzyskania wysokiej przezroczysto\u015bci. Zapewnia to dopasowanie okien do konkretnych potrzeb, niezale\u017cnie od tego, czy chodzi o badania naukowe, ochron\u0119 czujnik\u00f3w czy zastosowania przemys\u0142owe.<\/p>\n<\/li>\n<\/ol>\n<h3 data-start=\"2369\" data-end=\"2402\">Specyfikacja techniczna:<\/h3>\n<div class=\"TyagGW_tableContainer\">\n<div class=\"group TyagGW_tableWrapper flex flex-col-reverse w-fit\" tabindex=\"-1\">\n<table class=\"w-fit min-w-(--thread-content-width)\" data-start=\"2404\" data-end=\"3355\">\n<thead data-start=\"2404\" data-end=\"2480\">\n<tr data-start=\"2404\" data-end=\"2480\">\n<th data-start=\"2404\" data-end=\"2435\" data-col-size=\"sm\">W\u0142asno\u015b\u0107<\/th>\n<th data-start=\"2435\" data-end=\"2480\" data-col-size=\"md\">Warto\u015b\u0107<\/th>\n<\/tr>\n<\/thead>\n<tbody data-start=\"2558\" data-end=\"3355\">\n<tr data-start=\"2558\" data-end=\"2635\">\n<td data-start=\"2558\" data-end=\"2590\" data-col-size=\"sm\">Materia\u0142<\/td>\n<td data-col-size=\"md\" data-start=\"2590\" data-end=\"2635\">Szafir z domieszk\u0105 tytanu (Ti\u2083+:Al\u2082O\u2083)<\/td>\n<\/tr>\n<tr data-start=\"2636\" data-end=\"2713\">\n<td data-start=\"2636\" data-end=\"2668\" data-col-size=\"sm\">G\u0119sto\u015b\u0107<\/td>\n<td data-col-size=\"md\" data-start=\"2668\" data-end=\"2713\">3,98 g\/cm\u00b3<\/td>\n<\/tr>\n<tr data-start=\"2714\" data-end=\"2791\">\n<td data-start=\"2714\" data-end=\"2746\" data-col-size=\"sm\">Temperatura topnienia<\/td>\n<td data-col-size=\"md\" data-start=\"2746\" data-end=\"2791\">2040\u00b0C<\/td>\n<\/tr>\n<tr data-start=\"2792\" data-end=\"2869\">\n<td data-start=\"2792\" data-end=\"2824\" data-col-size=\"sm\">Twardo\u015b\u0107 w skali Mohsa<\/td>\n<td data-col-size=\"md\" data-start=\"2824\" data-end=\"2869\">9<\/td>\n<\/tr>\n<tr data-start=\"2870\" data-end=\"2947\">\n<td data-start=\"2870\" data-end=\"2902\" data-col-size=\"sm\">Przewodno\u015b\u0107 cieplna<\/td>\n<td data-start=\"2902\" data-end=\"2947\" data-col-size=\"md\">52 W\/m-K<\/td>\n<\/tr>\n<tr data-start=\"2948\" data-end=\"3025\">\n<td data-start=\"2948\" data-end=\"2980\" data-col-size=\"sm\">Orientacja kryszta\u0142u<\/td>\n<td data-col-size=\"md\" data-start=\"2980\" data-end=\"3025\">O\u015b A \/ o\u015b C (z mo\u017cliwo\u015bci\u0105 dostosowania)<\/td>\n<\/tr>\n<tr data-start=\"3026\" data-end=\"3103\">\n<td data-start=\"3026\" data-end=\"3058\" data-col-size=\"sm\">Rozmiar<\/td>\n<td data-col-size=\"md\" data-start=\"3058\" data-end=\"3103\">Mo\u017cliwo\u015b\u0107 dostosowania (kontakt w celu uzyskania specyfikacji)<\/td>\n<\/tr>\n<tr data-start=\"3104\" data-end=\"3181\">\n<td data-start=\"3104\" data-end=\"3136\" data-col-size=\"sm\">Wsp\u00f3\u0142czynnik za\u0142amania \u015bwiat\u0142a<\/td>\n<td data-col-size=\"md\" data-start=\"3136\" data-end=\"3181\">~1,76 (przy 800 nm)<\/td>\n<\/tr>\n<tr data-start=\"3182\" data-end=\"3259\">\n<td data-start=\"3182\" data-end=\"3214\" data-col-size=\"sm\">Wyko\u0144czenie powierzchni<\/td>\n<td data-col-size=\"md\" data-start=\"3214\" data-end=\"3259\">Polerowane dla wysokiej przejrzysto\u015bci<\/td>\n<\/tr>\n<tr data-start=\"3260\" data-end=\"3355\">\n<td data-start=\"3260\" data-end=\"3292\" data-col-size=\"sm\">Temperatura pracy<\/td>\n<td data-start=\"3292\" data-end=\"3355\" data-col-size=\"md\">Do 800\u00b0C w spos\u00f3b ci\u0105g\u0142y, kr\u00f3tkotrwa\u0142a tolerancja do 1800\u00b0C<\/td>\n<\/tr>\n<\/tbody>\n<\/table>\n<\/div>\n<\/div>\n<h3 data-start=\"3362\" data-end=\"3391\">G\u0142\u00f3wne zastosowania:<img decoding=\"async\" class=\"size-medium wp-image-2079 alignright\" src=\"https:\/\/www.sapphire-windows.com\/wp-content\/uploads\/2026\/01\/Titanium-doped-Sapphire-Windows-TiSapphire-High-Hardness-Transparent-Optical-Windows-for-Protective-and-Industrial-Use-1-300x300.png\" alt=\"\" width=\"300\" height=\"300\" srcset=\"https:\/\/www.sapphire-windows.com\/wp-content\/uploads\/2026\/01\/Titanium-doped-Sapphire-Windows-TiSapphire-High-Hardness-Transparent-Optical-Windows-for-Protective-and-Industrial-Use-1-300x300.png 300w, https:\/\/www.sapphire-windows.com\/wp-content\/uploads\/2026\/01\/Titanium-doped-Sapphire-Windows-TiSapphire-High-Hardness-Transparent-Optical-Windows-for-Protective-and-Industrial-Use-1-150x150.png 150w, https:\/\/www.sapphire-windows.com\/wp-content\/uploads\/2026\/01\/Titanium-doped-Sapphire-Windows-TiSapphire-High-Hardness-Transparent-Optical-Windows-for-Protective-and-Industrial-Use-1-768x768.png 768w, https:\/\/www.sapphire-windows.com\/wp-content\/uploads\/2026\/01\/Titanium-doped-Sapphire-Windows-TiSapphire-High-Hardness-Transparent-Optical-Windows-for-Protective-and-Industrial-Use-1-600x600.png 600w, https:\/\/www.sapphire-windows.com\/wp-content\/uploads\/2026\/01\/Titanium-doped-Sapphire-Windows-TiSapphire-High-Hardness-Transparent-Optical-Windows-for-Protective-and-Industrial-Use-1-100x100.png 100w, https:\/\/www.sapphire-windows.com\/wp-content\/uploads\/2026\/01\/Titanium-doped-Sapphire-Windows-TiSapphire-High-Hardness-Transparent-Optical-Windows-for-Protective-and-Industrial-Use-1.png 1000w\" sizes=\"(max-width: 300px) 100vw, 300px\" \/><\/h3>\n<ol data-start=\"3393\" data-end=\"4393\">\n<li data-start=\"3393\" data-end=\"3659\">\n<p data-start=\"3396\" data-end=\"3659\">Okna ochronne:<br data-start=\"3419\" data-end=\"3422\" \/>Okna Ti:Sapphire charakteryzuj\u0105 si\u0119 wyj\u0105tkow\u0105 trwa\u0142o\u015bci\u0105 i odporno\u015bci\u0105 chemiczn\u0105, dzi\u0119ki czemu idealnie nadaj\u0105 si\u0119 do ochrony wra\u017cliwych instrument\u00f3w, czujnik\u00f3w optycznych i urz\u0105dze\u0144 przemys\u0142owych nara\u017conych na trudne warunki.<\/p>\n<\/li>\n<li data-start=\"3661\" data-end=\"3905\">\n<p data-start=\"3664\" data-end=\"3905\">Podzespo\u0142y optyczne:<br data-start=\"3687\" data-end=\"3690\" \/>Okna te s\u0105 stosowane jako elementy optyczne, takie jak filtry, soczewki lub wizjery, gdzie wymagana jest odporno\u015b\u0107 na zu\u017cycie i przepuszczalno\u015b\u0107 \u015bwiat\u0142a, ale wysoka precyzja lasera nie jest niezb\u0119dna.<\/p>\n<\/li>\n<li data-start=\"3907\" data-end=\"4139\">\n<p data-start=\"3910\" data-end=\"4139\">Ochrona czujnika:<br data-start=\"3932\" data-end=\"3935\" \/>Okna Ti:Sapphire s\u0105 powszechnie stosowane do ochrony czujnik\u00f3w optycznych przed uszkodzeniami fizycznymi i erozj\u0105 chemiczn\u0105 w \u015brodowiskach takich jak produkcja p\u00f3\u0142przewodnik\u00f3w i zastosowania lotnicze.<\/p>\n<\/li>\n<li data-start=\"4141\" data-end=\"4393\">\n<p data-start=\"4144\" data-end=\"4393\">Badania naukowe i zastosowania przemys\u0142owe:<br data-start=\"4187\" data-end=\"4190\" \/>Okna te doskonale sprawdzaj\u0105 si\u0119 w \u015brodowiskach o wysokim ci\u015bnieniu lub wysokiej temperaturze, zapewniaj\u0105c niezawodne dzia\u0142anie w laboratoriach naukowych i przemys\u0142owych systemach obserwacyjnych.<\/p>\n<\/li>\n<\/ol>\n<h3 data-start=\"4400\" data-end=\"4427\">Proces produkcji:<\/h3>\n<ol data-start=\"4429\" data-end=\"5208\">\n<li data-start=\"4429\" data-end=\"4583\">\n<p data-start=\"4432\" data-end=\"4583\">Przygotowanie surowc\u00f3w:<br data-start=\"4461\" data-end=\"4464\" \/>Wysokiej czysto\u015bci szafir (Al\u2082O\u2083) i \u017ar\u00f3d\u0142a tytanu s\u0105 wybierane w celu stworzenia wysokiej jako\u015bci kryszta\u0142u Ti:Sapphire.<\/p>\n<\/li>\n<li data-start=\"4585\" data-end=\"4757\">\n<p data-start=\"4588\" data-end=\"4757\">Doping:<br data-start=\"4599\" data-end=\"4602\" \/>Tytan jest w\u0142\u0105czany do kryszta\u0142u szafiru za pomoc\u0105 technik domieszkowania, kt\u00f3re mo\u017cna wykona\u0107 przy u\u017cyciu metod takich jak technika gradientu temperatury (TGT).<\/p>\n<\/li>\n<li data-start=\"4759\" data-end=\"4995\">\n<p data-start=\"4762\" data-end=\"4995\">Wzrost kryszta\u0142\u00f3w:<br data-start=\"4781\" data-end=\"4784\" \/>Kryszta\u0142y s\u0105 hodowane przy u\u017cyciu technik takich jak Czochralski (CZ) lub TGT, zapewniaj\u0105c wysok\u0105 czysto\u015b\u0107 i jednorodno\u015b\u0107, chocia\u017c jako\u015b\u0107 optyczna mo\u017ce nie spe\u0142nia\u0107 ekstremalnych wymaga\u0144 precyzyjnych system\u00f3w laserowych.<\/p>\n<\/li>\n<li data-start=\"4997\" data-end=\"5208\">\n<p data-start=\"5000\" data-end=\"5208\">Ci\u0119cie i polerowanie:<br data-start=\"5026\" data-end=\"5029\" \/>Po wzro\u015bcie kryszta\u0142\u00f3w materia\u0142 jest ostro\u017cnie ch\u0142odzony, ci\u0119ty na okna i mechanicznie polerowany w celu uzyskania wymaganego wyko\u0144czenia powierzchni i przezroczysto\u015bci.<\/p>\n<\/li>\n<\/ol>\n<h3 data-start=\"5215\" data-end=\"5256\">Cz\u0119sto zadawane pytania (FAQ):<\/h3>\n<ol data-start=\"5258\" data-end=\"6535\">\n<li data-start=\"5258\" data-end=\"5581\">\n<p data-start=\"5261\" data-end=\"5581\">Co sprawia, \u017ce okna Ti:Sapphire s\u0105 bardziej wytrzyma\u0142e ni\u017c standardowe okna szafirowe?<br data-start=\"5340\" data-end=\"5343\" \/>Okna Ti:Sapphire oferuj\u0105 zwi\u0119kszon\u0105 odporno\u015b\u0107 chemiczn\u0105 i odporno\u015b\u0107 na zarysowania w por\u00f3wnaniu ze zwyk\u0142ymi oknami szafirowymi, dzi\u0119ki czemu idealnie nadaj\u0105 si\u0119 do zastosowa\u0144 ochronnych w \u015brodowiskach o fizycznym zu\u017cyciu lub nara\u017ceniu na dzia\u0142anie chemikali\u00f3w.<\/p>\n<\/li>\n<li data-start=\"5583\" data-end=\"5932\">\n<p data-start=\"5586\" data-end=\"5932\">Czy okna Ti:Sapphire nadaj\u0105 si\u0119 do precyzyjnych zastosowa\u0144 laserowych?<br data-start=\"5661\" data-end=\"5664\" \/>Okna Ti:Sapphire nie s\u0105 zwykle zalecane do precyzyjnych zastosowa\u0144 laserowych, poniewa\u017c nie zapewniaj\u0105 jednorodno\u015bci optycznej wymaganej dla laser\u00f3w o wysokiej wydajno\u015bci. Sprawdzaj\u0105 si\u0119 jednak dobrze w przypadku og\u00f3lnych komponent\u00f3w optycznych i ochrony czujnik\u00f3w.<\/p>\n<\/li>\n<li data-start=\"5934\" data-end=\"6234\">\n<p data-start=\"5937\" data-end=\"6234\">Czy okna Ti:Sapphire mo\u017cna dostosowa\u0107 do konkretnych zastosowa\u0144?<br data-start=\"6005\" data-end=\"6008\" \/>Tak, okna Ti:Sapphire mo\u017cna dostosowa\u0107 pod wzgl\u0119dem orientacji kryszta\u0142u (o\u015b A, o\u015b C), rozmiaru i wyko\u0144czenia powierzchni, aby spe\u0142ni\u0107 specyficzne potrzeby r\u00f3\u017cnych zastosowa\u0144 przemys\u0142owych i naukowych.<\/p>\n<\/li>\n<li data-start=\"6236\" data-end=\"6535\">\n<p data-start=\"6239\" data-end=\"6535\">Jakie bran\u017ce wykorzystuj\u0105 okna Ti:Sapphire?<br data-start=\"6283\" data-end=\"6286\" \/>Okna Ti:Sapphire s\u0105 stosowane w takich bran\u017cach jak p\u00f3\u0142przewodniki, lotnictwo, obronno\u015b\u0107, urz\u0105dzenia medyczne i badania naukowe, gdzie ich trwa\u0142o\u015b\u0107, odporno\u015b\u0107 chemiczna i stabilno\u015b\u0107 termiczna s\u0105 niezb\u0119dne.<\/p>\n<\/li>\n<\/ol>","protected":false},"excerpt":{"rendered":"<p>ZMSH prezentuje okna szafirowe z domieszk\u0105 tytanu (Ti: Sapphire), wysoce trwa\u0142e i przezroczyste rozwi\u0105zanie optyczne zaprojektowane z my\u015bl\u0105 o szerokim zakresie zastosowa\u0144 przemys\u0142owych, naukowych i ochronnych.<\/p>","protected":false},"featured_media":2078,"comment_status":"open","ping_status":"closed","template":"","meta":{"site-sidebar-layout":"default","site-content-layout":"","ast-site-content-layout":"default","site-content-style":"default","site-sidebar-style":"default","ast-global-header-display":"","ast-banner-title-visibility":"","ast-main-header-display":"","ast-hfb-above-header-display":"","ast-hfb-below-header-display":"","ast-hfb-mobile-header-display":"","site-post-title":"","ast-breadcrumbs-content":"","ast-featured-img":"","footer-sml-layout":"","ast-disable-related-posts":"","theme-transparent-header-meta":"default","adv-header-id-meta":"","stick-header-meta":"default","header-above-stick-meta":"","header-main-stick-meta":"","header-below-stick-meta":"","astra-migrate-meta-layouts":"set","ast-page-background-enabled":"default","ast-page-background-meta":{"desktop":{"background-color":"","background-image":"","background-repeat":"repeat","background-position":"center center","background-size":"auto","background-attachment":"scroll","background-type":"","background-media":"","overlay-type":"","overlay-color":"","overlay-opacity":"","overlay-gradient":""},"tablet":{"background-color":"","background-image":"","background-repeat":"repeat","background-position":"center center","background-size":"auto","background-attachment":"scroll","background-type":"","background-media":"","overlay-type":"","overlay-color":"","overlay-opacity":"","overlay-gradient":""},"mobile":{"background-color":"","background-image":"","background-repeat":"repeat","background-position":"center center","background-size":"auto","background-attachment":"scroll","background-type":"","background-media":"","overlay-type":"","overlay-color":"","overlay-opacity":"","overlay-gradient":""}},"ast-content-background-meta":{"desktop":{"background-color":"var(--ast-global-color-5)","background-image":"","background-repeat":"repeat","background-position":"center center","background-size":"auto","background-attachment":"scroll","background-type":"","background-media":"","overlay-type":"","overlay-color":"","overlay-opacity":"","overlay-gradient":""},"tablet":{"background-color":"var(--ast-global-color-5)","background-image":"","background-repeat":"repeat","background-position":"center center","background-size":"auto","background-attachment":"scroll","background-type":"","background-media":"","overlay-type":"","overlay-color":"","overlay-opacity":"","overlay-gradient":""},"mobile":{"background-color":"var(--ast-global-color-5)","background-image":"","background-repeat":"repeat","background-position":"center center","background-size":"auto","background-attachment":"scroll","background-type":"","background-media":"","overlay-type":"","overlay-color":"","overlay-opacity":"","overlay-gradient":""}}},"product_brand":[],"product_cat":[15],"product_tag":[145,142,143,144,140,141],"class_list":{"0":"post-2077","1":"product","2":"type-product","3":"status-publish","4":"has-post-thumbnail","6":"product_cat-sapphire-windows","7":"product_tag-durable-optical-windows","8":"product_tag-optical-windows","9":"product_tag-protective-sapphire-windows","10":"product_tag-sensor-protection-windows","11":"product_tag-tisapphire-window","12":"product_tag-titanium-sapphire-window","13":"desktop-align-left","14":"tablet-align-left","15":"mobile-align-left","16":"ast-product-gallery-layout-horizontal-slider","17":"ast-product-tabs-layout-horizontal","19":"first","20":"instock","21":"shipping-taxable","22":"product-type-simple"},"_links":{"self":[{"href":"https:\/\/www.sapphire-windows.com\/pl\/wp-json\/wp\/v2\/product\/2077","targetHints":{"allow":["GET"]}}],"collection":[{"href":"https:\/\/www.sapphire-windows.com\/pl\/wp-json\/wp\/v2\/product"}],"about":[{"href":"https:\/\/www.sapphire-windows.com\/pl\/wp-json\/wp\/v2\/types\/product"}],"replies":[{"embeddable":true,"href":"https:\/\/www.sapphire-windows.com\/pl\/wp-json\/wp\/v2\/comments?post=2077"}],"version-history":[{"count":2,"href":"https:\/\/www.sapphire-windows.com\/pl\/wp-json\/wp\/v2\/product\/2077\/revisions"}],"predecessor-version":[{"id":2082,"href":"https:\/\/www.sapphire-windows.com\/pl\/wp-json\/wp\/v2\/product\/2077\/revisions\/2082"}],"wp:featuredmedia":[{"embeddable":true,"href":"https:\/\/www.sapphire-windows.com\/pl\/wp-json\/wp\/v2\/media\/2078"}],"wp:attachment":[{"href":"https:\/\/www.sapphire-windows.com\/pl\/wp-json\/wp\/v2\/media?parent=2077"}],"wp:term":[{"taxonomy":"product_brand","embeddable":true,"href":"https:\/\/www.sapphire-windows.com\/pl\/wp-json\/wp\/v2\/product_brand?post=2077"},{"taxonomy":"product_cat","embeddable":true,"href":"https:\/\/www.sapphire-windows.com\/pl\/wp-json\/wp\/v2\/product_cat?post=2077"},{"taxonomy":"product_tag","embeddable":true,"href":"https:\/\/www.sapphire-windows.com\/pl\/wp-json\/wp\/v2\/product_tag?post=2077"}],"curies":[{"name":"wp","href":"https:\/\/api.w.org\/{rel}","templated":true}]}}