{"id":2072,"date":"2026-01-21T09:23:50","date_gmt":"2026-01-21T09:23:50","guid":{"rendered":"https:\/\/www.sapphire-windows.com\/?post_type=product&#038;p=2072"},"modified":"2026-02-10T15:37:16","modified_gmt":"2026-02-10T15:37:16","slug":"circular-sapphire-windows-high-transmittance-90-sapphire-glass-for-laser-applications","status":"publish","type":"product","link":"https:\/\/www.sapphire-windows.com\/pl\/product\/circular-sapphire-windows-high-transmittance-90-sapphire-glass-for-laser-applications\/","title":{"rendered":"Okr\u0105g\u0142e okna szafirowe Szk\u0142o szafirowe o wysokiej przepuszczalno\u015bci 90% do zastosowa\u0144 laserowych"},"content":{"rendered":"<h2 data-start=\"115\" data-end=\"139\">Opis produktu:<\/h2>\n<p data-start=\"141\" data-end=\"726\">Okr\u0105g\u0142e okna szafirowe ZMSH to wysokowydajny element optyczny wykonany z 99,999% czystego szafiru monokrystalicznego (Al\u2082O\u2083). Zaprojektowane do wymagaj\u0105cych zastosowa\u0144, te szafirowe okna oferuj\u0105 przepuszczalno\u015b\u0107 ponad 90% w szerokim spektrum (250nm-5500nm), wyr\u00f3\u017cniaj\u0105c si\u0119 szczeg\u00f3lnie w zakresie podczerwieni (3-5\u03bcm MIR), co czyni je idealnymi do system\u00f3w laserowych, sprz\u0119tu p\u00f3\u0142przewodnikowego, obserwacji przemys\u0142owych w wysokich temperaturach i oprzyrz\u0105dowania lotniczego. S\u0105 one r\u00f3wnie\u017c powszechnie stosowane w instrumentach naukowych, urz\u0105dzeniach medycznych i czujnikach optycznych.<\/p>\n<p data-start=\"141\" data-end=\"726\"><img fetchpriority=\"high\" decoding=\"async\" class=\"size-medium wp-image-2075 alignright\" src=\"https:\/\/www.sapphire-windows.com\/wp-content\/uploads\/2026\/01\/Circular-Sapphire-Windows-High-Transmittance-90-Sapphire-Glass-for-Laser-Applications-3-300x300.webp\" alt=\"\" width=\"300\" height=\"300\" srcset=\"https:\/\/www.sapphire-windows.com\/wp-content\/uploads\/2026\/01\/Circular-Sapphire-Windows-High-Transmittance-90-Sapphire-Glass-for-Laser-Applications-3-300x300.webp 300w, https:\/\/www.sapphire-windows.com\/wp-content\/uploads\/2026\/01\/Circular-Sapphire-Windows-High-Transmittance-90-Sapphire-Glass-for-Laser-Applications-3-150x150.webp 150w, https:\/\/www.sapphire-windows.com\/wp-content\/uploads\/2026\/01\/Circular-Sapphire-Windows-High-Transmittance-90-Sapphire-Glass-for-Laser-Applications-3-600x600.webp 600w, https:\/\/www.sapphire-windows.com\/wp-content\/uploads\/2026\/01\/Circular-Sapphire-Windows-High-Transmittance-90-Sapphire-Glass-for-Laser-Applications-3-100x100.webp 100w, https:\/\/www.sapphire-windows.com\/wp-content\/uploads\/2026\/01\/Circular-Sapphire-Windows-High-Transmittance-90-Sapphire-Glass-for-Laser-Applications-3.webp 750w\" sizes=\"(max-width: 300px) 100vw, 300px\" \/><\/p>\n<p data-start=\"728\" data-end=\"1237\">Szafir, o twardo\u015bci 9 w skali Mohsa, zapewnia 10-krotnie wy\u017csz\u0105 odporno\u015b\u0107 na zarysowania ni\u017c standardowe szk\u0142o optyczne, zapewniaj\u0105c trwa\u0142o\u015b\u0107 nawet w \u015brodowiskach o wysokiej odporno\u015bci na uderzenia. Dzi\u0119ki wysokiej temperaturze topnienia wynosz\u0105cej 2040\u00b0C, okna szafirowe dzia\u0142aj\u0105 niezawodnie w ekstremalnych temperaturach, z ci\u0105g\u0142\u0105 prac\u0105 do 800\u00b0C i kr\u00f3tkotrwa\u0142\u0105 tolerancj\u0105 do 1800\u00b0C. Dodatkowo, okna te s\u0105 odporne chemicznie na wi\u0119kszo\u015b\u0107 kwas\u00f3w, zasad i rozpuszczalnik\u00f3w, dzi\u0119ki czemu nadaj\u0105 si\u0119 do trudnych warunk\u00f3w przemys\u0142owych i chemicznych.<\/p>\n<p data-start=\"1239\" data-end=\"1746\">ZMSH oferuje dostosowanie rozmiaru (od 5 mm do 300 mm \u015brednicy) i grubo\u015bci (od 0,3 mm do 20 mm), wraz z r\u00f3\u017cnymi pow\u0142okami, takimi jak pow\u0142oki AR (antyrefleksyjne), pow\u0142oki o wysokiej przepuszczalno\u015bci i pow\u0142oki zapobiegaj\u0105ce zabrudzeniom. Korzystaj\u0105c z zaawansowanych technologii obr\u00f3bki CNC i obr\u00f3bki laserowej, zapewniamy precyzyjne, w\u0105skie tolerancje (\u00b10,01 mm) i wysok\u0105 jako\u015b\u0107 powierzchni (do \u03bb\/10 p\u0142asko\u015bci), zapewniaj\u0105c, \u017ce okna spe\u0142niaj\u0105 rygorystyczne wymagania system\u00f3w optycznych.<\/p>\n<h2 data-start=\"1648\" data-end=\"1665\">Kluczowe cechy:<\/h2>\n<ol data-start=\"1667\" data-end=\"2636\">\n<li data-start=\"1667\" data-end=\"1883\">\n<p data-start=\"1670\" data-end=\"1704\">Doskona\u0142a wydajno\u015b\u0107 optyczna:<\/p>\n<ul data-start=\"1708\" data-end=\"1883\">\n<li data-start=\"1708\" data-end=\"1883\">\n<p data-start=\"1710\" data-end=\"1883\">Osi\u0105ga przepuszczalno\u015b\u0107 &gt;90% od 250nm do 5500nm, wyr\u00f3\u017cniaj\u0105c si\u0119 w zakresie podczerwieni (3-5\u03bcm), dzi\u0119ki czemu idealnie nadaje si\u0119 do zastosowa\u0144 laserowych i obrazowania w podczerwieni.<\/p>\n<\/li>\n<\/ul>\n<\/li>\n<li data-start=\"1885\" data-end=\"2113\">\n<p data-start=\"1888\" data-end=\"1924\">Wyj\u0105tkowa wytrzyma\u0142o\u015b\u0107 mechaniczna:<img decoding=\"async\" class=\"size-medium wp-image-2073 alignleft\" src=\"https:\/\/www.sapphire-windows.com\/wp-content\/uploads\/2026\/01\/Circular-Sapphire-Windows-High-Transmittance-90-Sapphire-Glass-for-Laser-Applications-1-300x300.webp\" alt=\"\" width=\"300\" height=\"300\" srcset=\"https:\/\/www.sapphire-windows.com\/wp-content\/uploads\/2026\/01\/Circular-Sapphire-Windows-High-Transmittance-90-Sapphire-Glass-for-Laser-Applications-1-300x300.webp 300w, https:\/\/www.sapphire-windows.com\/wp-content\/uploads\/2026\/01\/Circular-Sapphire-Windows-High-Transmittance-90-Sapphire-Glass-for-Laser-Applications-1-150x150.webp 150w, https:\/\/www.sapphire-windows.com\/wp-content\/uploads\/2026\/01\/Circular-Sapphire-Windows-High-Transmittance-90-Sapphire-Glass-for-Laser-Applications-1-600x600.webp 600w, https:\/\/www.sapphire-windows.com\/wp-content\/uploads\/2026\/01\/Circular-Sapphire-Windows-High-Transmittance-90-Sapphire-Glass-for-Laser-Applications-1-100x100.webp 100w, https:\/\/www.sapphire-windows.com\/wp-content\/uploads\/2026\/01\/Circular-Sapphire-Windows-High-Transmittance-90-Sapphire-Glass-for-Laser-Applications-1.webp 750w\" sizes=\"(max-width: 300px) 100vw, 300px\" \/><\/p>\n<ul data-start=\"1928\" data-end=\"2113\">\n<li data-start=\"1928\" data-end=\"2113\">\n<p data-start=\"1930\" data-end=\"2113\">Dzi\u0119ki twardo\u015bci 9 w skali Mohsa, szafirowe okno oferuje 10-krotnie lepsz\u0105 odporno\u015b\u0107 na zarysowania ni\u017c konwencjonalne szk\u0142o optyczne, zapewniaj\u0105c d\u0142ug\u0105 \u017cywotno\u015b\u0107 w \u015brodowiskach o wysokiej odporno\u015bci na uderzenia i \u015bcieranie.<\/p>\n<\/li>\n<\/ul>\n<\/li>\n<li data-start=\"2115\" data-end=\"2399\">\n<p data-start=\"2118\" data-end=\"2155\">Ekstremalna odporno\u015b\u0107 na warunki \u015brodowiskowe:<\/p>\n<ul data-start=\"2159\" data-end=\"2399\">\n<li data-start=\"2159\" data-end=\"2235\">\n<p data-start=\"2161\" data-end=\"2235\">Temperatura topnienia: 2040\u00b0C, odpowiednia dla \u015brodowisk o wysokiej temperaturze.<\/p>\n<\/li>\n<li data-start=\"2239\" data-end=\"2319\">\n<p data-start=\"2241\" data-end=\"2319\">Dzia\u0142a w spos\u00f3b ci\u0105g\u0142y w temperaturze 800\u00b0C z kr\u00f3tkotrwa\u0142\u0105 tolerancj\u0105 do 1800\u00b0C.<\/p>\n<\/li>\n<li data-start=\"2323\" data-end=\"2399\">\n<p data-start=\"2325\" data-end=\"2399\">Odporno\u015b\u0107 chemiczna: Stabilny w \u015brodowisku kwa\u015bnym\/alkalicznym (pH 1-13).<\/p>\n<\/li>\n<\/ul>\n<\/li>\n<li data-start=\"2401\" data-end=\"2636\">\n<p data-start=\"2404\" data-end=\"2427\">Stabilno\u015b\u0107 termiczna:<\/p>\n<ul data-start=\"2431\" data-end=\"2636\">\n<li data-start=\"2431\" data-end=\"2636\">\n<p data-start=\"2433\" data-end=\"2636\">Niski wsp\u00f3\u0142czynnik rozszerzalno\u015bci cieplnej wynosz\u0105cy 5,3\u00d710-\u2076\/\u00b0C zapewnia dok\u0142adno\u015b\u0107 powierzchni optycznej nawet przy szybkich cyklach termicznych, dzi\u0119ki czemu idealnie nadaje si\u0119 do precyzyjnych zastosowa\u0144 w zmiennych temperaturach.<\/p>\n<\/li>\n<\/ul>\n<\/li>\n<\/ol>\n<h2 data-start=\"2643\" data-end=\"2672\">Specyfikacja techniczna:<\/h2>\n<ul data-start=\"2674\" data-end=\"3035\">\n<li data-start=\"2674\" data-end=\"2721\">\n<p data-start=\"2676\" data-end=\"2721\">Materia\u0142: Jednokrystaliczny szafir (Al\u2082O\u2083)<\/p>\n<\/li>\n<li data-start=\"2722\" data-end=\"2747\">\n<p data-start=\"2724\" data-end=\"2747\">G\u0119sto\u015b\u0107: 3,98 g\/cm\u00b3<\/p>\n<\/li>\n<li data-start=\"2748\" data-end=\"2775\">\n<p data-start=\"2750\" data-end=\"2775\">Temperatura topnienia: 2040\u00b0C<\/p>\n<\/li>\n<li data-start=\"2776\" data-end=\"2798\">\n<p data-start=\"2778\" data-end=\"2798\">Twardo\u015b\u0107 w skali Mohsa: 9<\/p>\n<\/li>\n<li data-start=\"2799\" data-end=\"2835\">\n<p data-start=\"2801\" data-end=\"2835\">Przewodno\u015b\u0107 cieplna: 52 W\/m-K<\/p>\n<\/li>\n<li data-start=\"2836\" data-end=\"2874\">\n<p data-start=\"2838\" data-end=\"2874\">Rozszerzalno\u015b\u0107 cieplna: 5,3 \u00d7 10-\u2076\/\u00b0C<\/p>\n<\/li>\n<li data-start=\"2875\" data-end=\"2915\">\n<p data-start=\"2877\" data-end=\"2915\">Przepuszczalno\u015b\u0107: &gt;90% (250nm-5500nm)<\/p>\n<\/li>\n<li data-start=\"2916\" data-end=\"2976\">\n<p data-start=\"2918\" data-end=\"2976\">Wyko\u0144czenie powierzchni: DSP lub SSP (dost\u0119pne wyko\u0144czenia niestandardowe)<\/p>\n<\/li>\n<li data-start=\"2977\" data-end=\"3035\">\n<p data-start=\"2979\" data-end=\"3035\">Zakres rozmiar\u00f3w: \u015arednica 5 mm-300 mm, grubo\u015b\u0107 0,3 mm-20 mm<\/p>\n<\/li>\n<\/ul>\n<h2 data-start=\"3042\" data-end=\"3067\">G\u0142\u00f3wne zastosowania:<img decoding=\"async\" class=\"size-medium wp-image-2074 alignright\" src=\"https:\/\/www.sapphire-windows.com\/wp-content\/uploads\/2026\/01\/Circular-Sapphire-Windows-High-Transmittance-90-Sapphire-Glass-for-Laser-Applications-2-300x300.jpg\" alt=\"\" width=\"300\" height=\"300\" srcset=\"https:\/\/www.sapphire-windows.com\/wp-content\/uploads\/2026\/01\/Circular-Sapphire-Windows-High-Transmittance-90-Sapphire-Glass-for-Laser-Applications-2-300x300.jpg 300w, https:\/\/www.sapphire-windows.com\/wp-content\/uploads\/2026\/01\/Circular-Sapphire-Windows-High-Transmittance-90-Sapphire-Glass-for-Laser-Applications-2-150x150.jpg 150w, https:\/\/www.sapphire-windows.com\/wp-content\/uploads\/2026\/01\/Circular-Sapphire-Windows-High-Transmittance-90-Sapphire-Glass-for-Laser-Applications-2-600x600.jpg 600w, https:\/\/www.sapphire-windows.com\/wp-content\/uploads\/2026\/01\/Circular-Sapphire-Windows-High-Transmittance-90-Sapphire-Glass-for-Laser-Applications-2-100x100.jpg 100w, https:\/\/www.sapphire-windows.com\/wp-content\/uploads\/2026\/01\/Circular-Sapphire-Windows-High-Transmittance-90-Sapphire-Glass-for-Laser-Applications-2.jpg 750w\" sizes=\"(max-width: 300px) 100vw, 300px\" \/><\/h2>\n<ol data-start=\"3069\" data-end=\"3978\">\n<li data-start=\"3069\" data-end=\"3318\">\n<p data-start=\"3072\" data-end=\"3090\">Systemy laserowe:<\/p>\n<ul data-start=\"3094\" data-end=\"3318\">\n<li data-start=\"3094\" data-end=\"3318\">\n<p data-start=\"3096\" data-end=\"3318\">Okr\u0105g\u0142e okna szafirowe s\u0105 powszechnie stosowane w systemach laser\u00f3w CO\u2082 i \u015bwiat\u0142owodowych jako okna wyj\u015bciowe i soczewki ochronne, wytrzymuj\u0105c promieniowanie laserowe o du\u017cej mocy (&gt; 5 kW\/cm\u00b2) przy jednoczesnym zminimalizowaniu efekt\u00f3w soczewkowania termicznego.<\/p>\n<\/li>\n<\/ul>\n<\/li>\n<li data-start=\"3320\" data-end=\"3525\">\n<p data-start=\"3323\" data-end=\"3367\">Wysokotemperaturowa obserwacja przemys\u0142owa:<\/p>\n<ul data-start=\"3371\" data-end=\"3525\">\n<li data-start=\"3371\" data-end=\"3525\">\n<p data-start=\"3373\" data-end=\"3525\">Idealny do wizjer\u00f3w w urz\u0105dzeniach do produkcji stali i formowania szk\u0142a, zachowuj\u0105c przejrzysto\u015b\u0107 optyczn\u0105 w temperaturach powy\u017cej 1000\u00b0C bez zaparowania lub deformacji.<\/p>\n<\/li>\n<\/ul>\n<\/li>\n<li data-start=\"3527\" data-end=\"3752\">\n<p data-start=\"3530\" data-end=\"3554\">Przemys\u0142 lotniczy i obronny:<\/p>\n<ul data-start=\"3558\" data-end=\"3752\">\n<li data-start=\"3558\" data-end=\"3752\">\n<p data-start=\"3560\" data-end=\"3752\">Te szafirowe okienka s\u0105 stosowane w czujnikach elektrooptycznych i wyszukiwarkach pocisk\u00f3w rakietowych, oferuj\u0105c odporno\u015b\u0107 na uderzenia przy nadd\u017awi\u0119kowym ogrzewaniu aerodynamicznym przy jednoczesnym zachowaniu przejrzysto\u015bci optycznej.<\/p>\n<\/li>\n<\/ul>\n<\/li>\n<li data-start=\"3754\" data-end=\"3978\">\n<p data-start=\"3757\" data-end=\"3794\">Instrumenty naukowe i medyczne:<\/p>\n<ul data-start=\"3798\" data-end=\"3978\">\n<li data-start=\"3798\" data-end=\"3978\">\n<p data-start=\"3800\" data-end=\"3978\">Szafirowe okr\u0105g\u0142e okna s\u0105 niezb\u0119dne w sprz\u0119cie do promieniowania synchrotronowego, endoskopach i innych wysokowydajnych systemach optycznych, zapewniaj\u0105c stabilne kana\u0142y optyczne.<\/p>\n<\/li>\n<\/ul>\n<\/li>\n<\/ol>\n<h2 data-start=\"3985\" data-end=\"4022\">Cz\u0119sto zadawane pytania (FAQ):<\/h2>\n<ol data-start=\"4024\" data-end=\"4948\">\n<li data-start=\"4024\" data-end=\"4349\">\n<p data-start=\"4027\" data-end=\"4095\">Jakie zalety maj\u0105 okna szafirowe w por\u00f3wnaniu z tradycyjnym szk\u0142em?<\/p>\n<ul data-start=\"4099\" data-end=\"4349\">\n<li data-start=\"4099\" data-end=\"4349\">\n<p data-start=\"4101\" data-end=\"4349\">Okna szafirowe oferuj\u0105 10-krotnie wy\u017csz\u0105 odporno\u015b\u0107 na zarysowania (9 w skali Mohsa), lepsz\u0105 transmisj\u0119 spektraln\u0105 w zakresie od UV do IR oraz doskona\u0142\u0105 wytrzyma\u0142o\u015b\u0107 termiczn\u0105 i chemiczn\u0105, dzi\u0119ki czemu idealnie nadaj\u0105 si\u0119 do wysokowydajnych zastosowa\u0144 w trudnych warunkach.<\/p>\n<\/li>\n<\/ul>\n<\/li>\n<li data-start=\"4351\" data-end=\"4657\">\n<p data-start=\"4354\" data-end=\"4405\">Czy okna szafirowe mog\u0105 by\u0107 stosowane w systemach laserowych?<\/p>\n<ul data-start=\"4409\" data-end=\"4657\">\n<li data-start=\"4409\" data-end=\"4657\">\n<p data-start=\"4411\" data-end=\"4657\">Tak, ZMSH oferuje szafirowe okna laserowe z pow\u0142okami antyrefleksyjnymi (AR) i pow\u0142okami o wysokiej transmisji. Okna te s\u0105 idealne do system\u00f3w laserowych o du\u017cej mocy, oferuj\u0105c minimalne soczewki termiczne i d\u0142ugoterminow\u0105 niezawodno\u015b\u0107.<\/p>\n<\/li>\n<\/ul>\n<\/li>\n<li data-start=\"4659\" data-end=\"4948\">\n<p data-start=\"4662\" data-end=\"4718\">Czy okna szafirowe s\u0105 odporne na wysokie temperatury?<\/p>\n<ul data-start=\"4722\" data-end=\"4948\">\n<li data-start=\"4722\" data-end=\"4948\">\n<p data-start=\"4724\" data-end=\"4948\">Okna szafirowe maj\u0105 wysok\u0105 temperatur\u0119 topnienia wynosz\u0105c\u0105 2040\u00b0C, dzi\u0119ki czemu nadaj\u0105 si\u0119 do \u015brodowisk o wysokiej temperaturze. Mog\u0105 pracowa\u0107 w spos\u00f3b ci\u0105g\u0142y w temperaturze do 800\u00b0C i wytrzymywa\u0107 kr\u00f3tkotrwa\u0142e ekspozycje do 1800\u00b0C.<\/p>\n<\/li>\n<\/ul>\n<\/li>\n<li>\n<p data-start=\"5068\" data-end=\"5121\">Czy mo\u017cna dostosowa\u0107 rozmiar okien szafirowych?<\/p>\n<ul data-start=\"5125\" data-end=\"5363\">\n<li data-start=\"5125\" data-end=\"5363\">\n<p data-start=\"5127\" data-end=\"5363\">Tak, oferujemy pe\u0142ne dostosowanie \u015brednicy (od 5 mm do 300 mm) i grubo\u015bci (od 0,3 mm do 20 mm), aby spe\u0142ni\u0107 okre\u015blone wymagania projektu. Nasza zaawansowana obr\u00f3bka zapewnia w\u0105skie tolerancje i doskona\u0142e wyko\u0144czenie powierzchni.<\/p>\n<\/li>\n<\/ul>\n<\/li>\n<\/ol>","protected":false},"excerpt":{"rendered":"<p>Okr\u0105g\u0142e szafirowe okna ZMSH to wysokowydajny element optyczny wykonany z 99,999% czystego szafiru monokrystalicznego (Al\u2082O\u2083).<\/p>","protected":false},"featured_media":2073,"comment_status":"open","ping_status":"closed","template":"","meta":{"site-sidebar-layout":"default","site-content-layout":"","ast-site-content-layout":"default","site-content-style":"default","site-sidebar-style":"default","ast-global-header-display":"","ast-banner-title-visibility":"","ast-main-header-display":"","ast-hfb-above-header-display":"","ast-hfb-below-header-display":"","ast-hfb-mobile-header-display":"","site-post-title":"","ast-breadcrumbs-content":"","ast-featured-img":"","footer-sml-layout":"","ast-disable-related-posts":"","theme-transparent-header-meta":"default","adv-header-id-meta":"","stick-header-meta":"default","header-above-stick-meta":"","header-main-stick-meta":"","header-below-stick-meta":"","astra-migrate-meta-layouts":"set","ast-page-background-enabled":"default","ast-page-background-meta":{"desktop":{"background-color":"","background-image":"","background-repeat":"repeat","background-position":"center center","background-size":"auto","background-attachment":"scroll","background-type":"","background-media":"","overlay-type":"","overlay-color":"","overlay-opacity":"","overlay-gradient":""},"tablet":{"background-color":"","background-image":"","background-repeat":"repeat","background-position":"center center","background-size":"auto","background-attachment":"scroll","background-type":"","background-media":"","overlay-type":"","overlay-color":"","overlay-opacity":"","overlay-gradient":""},"mobile":{"background-color":"","background-image":"","background-repeat":"repeat","background-position":"center center","background-size":"auto","background-attachment":"scroll","background-type":"","background-media":"","overlay-type":"","overlay-color":"","overlay-opacity":"","overlay-gradient":""}},"ast-content-background-meta":{"desktop":{"background-color":"var(--ast-global-color-5)","background-image":"","background-repeat":"repeat","background-position":"center center","background-size":"auto","background-attachment":"scroll","background-type":"","background-media":"","overlay-type":"","overlay-color":"","overlay-opacity":"","overlay-gradient":""},"tablet":{"background-color":"var(--ast-global-color-5)","background-image":"","background-repeat":"repeat","background-position":"center center","background-size":"auto","background-attachment":"scroll","background-type":"","background-media":"","overlay-type":"","overlay-color":"","overlay-opacity":"","overlay-gradient":""},"mobile":{"background-color":"var(--ast-global-color-5)","background-image":"","background-repeat":"repeat","background-position":"center center","background-size":"auto","background-attachment":"scroll","background-type":"","background-media":"","overlay-type":"","overlay-color":"","overlay-opacity":"","overlay-gradient":""}}},"product_brand":[],"product_cat":[15],"product_tag":[133,136,90,138,139,135,89,134,137],"class_list":{"0":"post-2072","1":"product","2":"type-product","3":"status-publish","4":"has-post-thumbnail","6":"product_cat-sapphire-windows","7":"product_tag-circular-sapphire-window","8":"product_tag-customized-sapphire-windows","9":"product_tag-high-transmittance","10":"product_tag-high-performance-sapphire-window","11":"product_tag-infrared-window","12":"product_tag-laser-window","13":"product_tag-optical-glass","14":"product_tag-sapphire-glass","15":"product_tag-wear-resistant-sapphire","16":"desktop-align-left","17":"tablet-align-left","18":"mobile-align-left","19":"ast-product-gallery-layout-horizontal-slider","20":"ast-product-tabs-layout-horizontal","22":"first","23":"instock","24":"shipping-taxable","25":"product-type-simple"},"_links":{"self":[{"href":"https:\/\/www.sapphire-windows.com\/pl\/wp-json\/wp\/v2\/product\/2072","targetHints":{"allow":["GET"]}}],"collection":[{"href":"https:\/\/www.sapphire-windows.com\/pl\/wp-json\/wp\/v2\/product"}],"about":[{"href":"https:\/\/www.sapphire-windows.com\/pl\/wp-json\/wp\/v2\/types\/product"}],"replies":[{"embeddable":true,"href":"https:\/\/www.sapphire-windows.com\/pl\/wp-json\/wp\/v2\/comments?post=2072"}],"version-history":[{"count":1,"href":"https:\/\/www.sapphire-windows.com\/pl\/wp-json\/wp\/v2\/product\/2072\/revisions"}],"predecessor-version":[{"id":2076,"href":"https:\/\/www.sapphire-windows.com\/pl\/wp-json\/wp\/v2\/product\/2072\/revisions\/2076"}],"wp:featuredmedia":[{"embeddable":true,"href":"https:\/\/www.sapphire-windows.com\/pl\/wp-json\/wp\/v2\/media\/2073"}],"wp:attachment":[{"href":"https:\/\/www.sapphire-windows.com\/pl\/wp-json\/wp\/v2\/media?parent=2072"}],"wp:term":[{"taxonomy":"product_brand","embeddable":true,"href":"https:\/\/www.sapphire-windows.com\/pl\/wp-json\/wp\/v2\/product_brand?post=2072"},{"taxonomy":"product_cat","embeddable":true,"href":"https:\/\/www.sapphire-windows.com\/pl\/wp-json\/wp\/v2\/product_cat?post=2072"},{"taxonomy":"product_tag","embeddable":true,"href":"https:\/\/www.sapphire-windows.com\/pl\/wp-json\/wp\/v2\/product_tag?post=2072"}],"curies":[{"name":"wp","href":"https:\/\/api.w.org\/{rel}","templated":true}]}}