{"id":2028,"date":"2026-01-21T02:42:44","date_gmt":"2026-01-21T02:42:44","guid":{"rendered":"https:\/\/www.sapphire-windows.com\/?post_type=product&#038;p=2028"},"modified":"2026-01-21T02:42:45","modified_gmt":"2026-01-21T02:42:45","slug":"custom-sapphire-optical-window-222x74x4mm-wear-resistant-ir-uv-window","status":"publish","type":"product","link":"https:\/\/www.sapphire-windows.com\/pl\/product\/custom-sapphire-optical-window-222x74x4mm-wear-resistant-ir-uv-window\/","title":{"rendered":"Niestandardowe szafirowe okno optyczne 222 \u00d7 74 \u00d7 4 mm Odporne na zu\u017cycie okno IR i UV"},"content":{"rendered":"<h2 data-start=\"218\" data-end=\"237\">Przegl\u0105d produkt\u00f3w<img fetchpriority=\"high\" decoding=\"async\" class=\"size-medium wp-image-2029 alignright\" src=\"https:\/\/www.sapphire-windows.com\/wp-content\/uploads\/2026\/01\/Custom-Sapphire-Optical-Window-222\u00d774\u00d74mm-Wear-Resistant-IR-UV-Window-3-300x300.jpg\" alt=\"\" width=\"300\" height=\"300\" srcset=\"\" sizes=\"(max-width: 300px) 100vw, 300px\" data-srcset=\"\" \/><\/h2>\n<p data-start=\"239\" data-end=\"553\">Niestandardowe szafirowe okno optyczne (222 mm \u00d7 74 mm \u00d7 4 mm) jest precyzyjnie wykonane z pojedynczego kryszta\u0142u \u03b1-Al\u2082O\u2083 (szafir). W przeciwie\u0144stwie do naturalnych kamieni szlachetnych, ten szafir klasy optycznej jest syntetycznym monokryszta\u0142em, oferuj\u0105cym wyj\u0105tkow\u0105 twardo\u015b\u0107 (9 w skali Mohsa), odporno\u015b\u0107 na zu\u017cycie, stabilno\u015b\u0107 termiczn\u0105 i oboj\u0119tno\u015b\u0107 chemiczn\u0105.<\/p>\n<p data-start=\"555\" data-end=\"875\">Zaprojektowane do system\u00f3w optycznych na podczerwie\u0144 (IR) i ultrafiolet (UV), okna te chroni\u0105 wra\u017cliwe komponenty w \u015brodowiskach o wysokiej temperaturze, wysokim ci\u015bnieniu i agresywno\u015bci chemicznej. Szeroka transmisja widmowa Sapphire (170-5500 nm) zapewnia minimaln\u0105 utrat\u0119 sygna\u0142u dla laser\u00f3w, czujnik\u00f3w i instrument\u00f3w optycznych.<\/p>\n<p data-start=\"877\" data-end=\"1077\">Produkt ten \u0142\u0105czy w sobie wytrzyma\u0142o\u015b\u0107 mechaniczn\u0105 z doskona\u0142\u0105 przejrzysto\u015bci\u0105 optyczn\u0105, dzi\u0119ki czemu idealnie nadaje si\u0119 do produkcji p\u00f3\u0142przewodnik\u00f3w, czujnik\u00f3w przemys\u0142owych, lotnictwa, obrony i bada\u0144 naukowych.<\/p>\n<h2 data-start=\"1084\" data-end=\"1111\">Specyfikacja techniczna<\/h2>\n<div class=\"TyagGW_tableContainer\">\n<div class=\"group TyagGW_tableWrapper flex flex-col-reverse w-fit\" tabindex=\"-1\">\n<table class=\"w-fit min-w-(--thread-content-width)\" data-start=\"1113\" data-end=\"1766\">\n<thead data-start=\"1113\" data-end=\"1142\">\n<tr data-start=\"1113\" data-end=\"1142\">\n<th data-start=\"1113\" data-end=\"1125\" data-col-size=\"sm\">Parametr<\/th>\n<th data-start=\"1125\" data-end=\"1142\" data-col-size=\"md\">Specyfikacja<\/th>\n<\/tr>\n<\/thead>\n<tbody data-start=\"1153\" data-end=\"1766\">\n<tr data-start=\"1153\" data-end=\"1215\">\n<td data-start=\"1153\" data-end=\"1164\" data-col-size=\"sm\">Materia\u0142<\/td>\n<td data-start=\"1164\" data-end=\"1215\" data-col-size=\"md\">Pojedynczy kryszta\u0142 szafirowy klasy optycznej (\u03b1-Al\u2082O\u2083)<\/td>\n<\/tr>\n<tr data-start=\"1216\" data-end=\"1245\">\n<td data-start=\"1216\" data-end=\"1223\" data-col-size=\"sm\">Rozmiar<\/td>\n<td data-start=\"1223\" data-end=\"1245\" data-col-size=\"md\">222 mm \u00d7 74 mm \u00d7 4 mm<\/td>\n<\/tr>\n<tr data-start=\"1246\" data-end=\"1279\">\n<td data-start=\"1246\" data-end=\"1268\" data-col-size=\"sm\">Tolerancja grubo\u015bci<\/td>\n<td data-start=\"1268\" data-end=\"1279\" data-col-size=\"md\">\u00b10,1 mm<\/td>\n<\/tr>\n<tr data-start=\"1280\" data-end=\"1305\">\n<td data-start=\"1280\" data-end=\"1297\" data-col-size=\"sm\">Czysta przys\u0142ona<\/td>\n<td data-start=\"1297\" data-end=\"1305\" data-col-size=\"md\">&gt;90%<\/td>\n<\/tr>\n<tr data-start=\"1306\" data-end=\"1342\">\n<td data-start=\"1306\" data-end=\"1331\" data-col-size=\"sm\">Chropowato\u015b\u0107 powierzchni (Ra)<\/td>\n<td data-start=\"1331\" data-end=\"1342\" data-col-size=\"md\">\u22640,2 nm<\/td>\n<\/tr>\n<tr data-start=\"1343\" data-end=\"1396\">\n<td data-start=\"1343\" data-end=\"1364\" data-col-size=\"sm\">Zakres transmisji<\/td>\n<td data-start=\"1364\" data-end=\"1396\" data-col-size=\"md\">170 - 5500 nm (UV do \u015bredniej podczerwieni)<\/td>\n<\/tr>\n<tr data-start=\"1397\" data-end=\"1443\">\n<td data-start=\"1397\" data-end=\"1408\" data-col-size=\"sm\">Twardo\u015b\u0107<\/td>\n<td data-start=\"1408\" data-end=\"1443\" data-col-size=\"md\">Mohs 9 (drugi po diamencie)<\/td>\n<\/tr>\n<tr data-start=\"1444\" data-end=\"1494\">\n<td data-start=\"1444\" data-end=\"1476\" data-col-size=\"sm\">Wsp\u00f3\u0142czynnik rozszerzalno\u015bci cieplnej<\/td>\n<td data-start=\"1476\" data-end=\"1494\" data-col-size=\"md\">8.8 \u00d7 10-\u2076 \/\u00b0C<\/td>\n<\/tr>\n<tr data-start=\"1495\" data-end=\"1524\">\n<td data-start=\"1495\" data-end=\"1513\" data-col-size=\"sm\">Modu\u0142 spr\u0119\u017cysto\u015bci<\/td>\n<td data-start=\"1513\" data-end=\"1524\" data-col-size=\"md\">435 GPa<\/td>\n<\/tr>\n<tr data-start=\"1525\" data-end=\"1563\">\n<td data-start=\"1525\" data-end=\"1546\" data-col-size=\"sm\">Odporno\u015b\u0107 termiczna<\/td>\n<td data-start=\"1546\" data-end=\"1563\" data-col-size=\"md\">Do ~2030\u00b0C<\/td>\n<\/tr>\n<tr data-start=\"1564\" data-end=\"1635\">\n<td data-start=\"1564\" data-end=\"1586\" data-col-size=\"sm\">Odporno\u015b\u0107 chemiczna<\/td>\n<td data-start=\"1586\" data-end=\"1635\" data-col-size=\"md\">Wysoka odporno\u015b\u0107 na kwasy, zasady i wod\u0119<\/td>\n<\/tr>\n<tr data-start=\"1636\" data-end=\"1693\">\n<td data-start=\"1636\" data-end=\"1653\" data-col-size=\"sm\">Wyko\u0144czenie powierzchni<\/td>\n<td data-start=\"1653\" data-end=\"1693\" data-col-size=\"md\">Dwustronnie polerowana, optyczna jako\u015b\u0107<\/td>\n<\/tr>\n<tr data-start=\"1694\" data-end=\"1728\">\n<td data-start=\"1694\" data-end=\"1710\" data-col-size=\"sm\">Certyfikacja<\/td>\n<td data-start=\"1710\" data-end=\"1728\" data-col-size=\"md\">Zgodno\u015b\u0107 z dyrektyw\u0105 RoHS<\/td>\n<\/tr>\n<tr data-start=\"1729\" data-end=\"1766\">\n<td data-start=\"1729\" data-end=\"1741\" data-col-size=\"sm\">Opakowanie<\/td>\n<td data-start=\"1741\" data-end=\"1766\" data-col-size=\"md\">Pomieszczenie czyste (klasa 100)<\/td>\n<\/tr>\n<\/tbody>\n<\/table>\n<\/div>\n<\/div>\n<h2 data-start=\"1773\" data-end=\"1788\">Kluczowe cechy<img decoding=\"async\" class=\"size-medium wp-image-2030 alignleft\" src=\"https:\/\/www.sapphire-windows.com\/wp-content\/uploads\/2026\/01\/Custom-Sapphire-Optical-Window-222\u00d774\u00d74mm-Wear-Resistant-IR-UV-Window-1-300x300.jpg\" alt=\"\" width=\"300\" height=\"300\" srcset=\"\" sizes=\"(max-width: 300px) 100vw, 300px\" data-srcset=\"\" \/><\/h2>\n<ul data-start=\"1790\" data-end=\"2447\">\n<li data-start=\"1790\" data-end=\"1919\">\n<p data-start=\"1792\" data-end=\"1919\">Bardzo wysoka twardo\u015b\u0107 i odporno\u015b\u0107 na zu\u017cycie<br data-start=\"1833\" data-end=\"1836\" \/>Twardo\u015b\u0107 9 w skali Mohsa zapewnia odporno\u015b\u0107 na zarysowania, \u015bcieranie i napr\u0119\u017cenia mechaniczne.<\/p>\n<\/li>\n<li data-start=\"1921\" data-end=\"2056\">\n<p data-start=\"1923\" data-end=\"2056\">Szerokie spektrum transmisji<br data-start=\"1954\" data-end=\"1957\" \/>Skuteczna transmisja w zakresie od UV do \u015bredniej podczerwieni (170-5500 nm) odpowiednia dla laser\u00f3w i instrument\u00f3w optycznych IR.<\/p>\n<\/li>\n<li data-start=\"2058\" data-end=\"2171\">\n<p data-start=\"2060\" data-end=\"2171\">Ekstremalna stabilno\u015b\u0107 termiczna<br data-start=\"2089\" data-end=\"2092\" \/>Zachowuje struktur\u0119 i wydajno\u015b\u0107 optyczn\u0105 w temperaturach przekraczaj\u0105cych 1900\u00b0C.<\/p>\n<\/li>\n<li data-start=\"2173\" data-end=\"2298\">\n<p data-start=\"2175\" data-end=\"2298\">Oboj\u0119tno\u015b\u0107 chemiczna<br data-start=\"2197\" data-end=\"2200\" \/>Odporno\u015b\u0107 na korozj\u0119 powodowan\u0105 przez wod\u0119, kwasy i zasady zapewnia d\u0142ugotrwa\u0142\u0105 trwa\u0142o\u015b\u0107 w trudnych warunkach.<\/p>\n<\/li>\n<li data-start=\"2300\" data-end=\"2447\">\n<p data-start=\"2302\" data-end=\"2447\">Wytrzyma\u0142o\u015b\u0107 mechaniczna<br data-start=\"2327\" data-end=\"2330\" \/>Oko\u0142o pi\u0119\u0107 razy bardziej wytrzyma\u0142e ni\u017c standardowe szk\u0142o, odporne na wysokie ci\u015bnienie i uderzenia.<\/p>\n<\/li>\n<\/ul>\n<h2 data-start=\"2454\" data-end=\"2477\">Typowe zastosowania<\/h2>\n<ul data-start=\"2479\" data-end=\"3001\">\n<li data-start=\"2479\" data-end=\"2570\">\n<p data-start=\"2481\" data-end=\"2570\">Produkcja p\u00f3\u0142przewodnik\u00f3w: Porty obserwacyjne pieca, okna odporne na chemikalia.<\/p>\n<\/li>\n<li data-start=\"2571\" data-end=\"2687\">\n<p data-start=\"2573\" data-end=\"2687\">Przyrz\u0105dy optyczne: Okna ochronne IR\/UV, optyka laserowa, apertury spektrometr\u00f3w, optyka skaner\u00f3w kod\u00f3w kreskowych.<\/p>\n<\/li>\n<li data-start=\"2688\" data-end=\"2805\">\n<p data-start=\"2690\" data-end=\"2805\">Czujniki przemys\u0142owe: Wizjery reaktor\u00f3w wysokoci\u015bnieniowych, okna pomiarowe przep\u0142ywomierzy, os\u0142ony ochronne czujnik\u00f3w.<\/p>\n<\/li>\n<li data-start=\"2806\" data-end=\"2920\">\n<p data-start=\"2808\" data-end=\"2920\">Badania naukowe i obrona: wysokonapi\u0119ciowa optyka komorowa, linie synchrotronowe, lotnicze systemy FLIR.<\/p>\n<\/li>\n<li data-start=\"2921\" data-end=\"3001\">\n<p data-start=\"2923\" data-end=\"3001\">Elektronika u\u017cytkowa: Kryszta\u0142y do zegark\u00f3w, soczewki ochronne do aparat\u00f3w smartfon\u00f3w.<\/p>\n<\/li>\n<\/ul>\n<h2 data-start=\"3008\" data-end=\"3014\">FAQ<img decoding=\"async\" class=\"size-medium wp-image-2032 alignright\" src=\"https:\/\/www.sapphire-windows.com\/wp-content\/uploads\/2026\/01\/Custom-Sapphire-Optical-Window-222\u00d774\u00d74mm-Wear-Resistant-IR-UV-Window-4-300x300.jpg\" alt=\"\" width=\"300\" height=\"300\" srcset=\"\" sizes=\"(max-width: 300px) 100vw, 300px\" data-srcset=\"\" \/><\/h2>\n<p data-start=\"3016\" data-end=\"3287\">P1: Gdzie szafirowe okna optyczne s\u0105 powszechnie stosowane?<br data-start=\"3073\" data-end=\"3076\" \/>O: S\u0105 one szeroko stosowane w \u015brodowiskach wysokotemperaturowych, systemach laserowych, lotnictwie, sprz\u0119cie obronnym i instrumentach przemys\u0142owych, gdzie trwa\u0142o\u015b\u0107, stabilno\u015b\u0107 termiczna i odporno\u015b\u0107 chemiczna maj\u0105 kluczowe znaczenie.<\/p>\n<p data-start=\"3289\" data-end=\"3560\">P2: Co sprawia, \u017ce szafir jest lepszy od szk\u0142a?<br data-start=\"3335\" data-end=\"3338\" \/>O: Szafir zapewnia doskona\u0142\u0105 twardo\u015b\u0107 (9 w skali Mohsa), odporno\u015b\u0107 chemiczn\u0105, tolerancj\u0119 termiczn\u0105 do 2030\u00b0C i szerok\u0105 transmisj\u0119 optyczn\u0105 (od UV do \u015bredniej podczerwieni), dzi\u0119ki czemu idealnie nadaje si\u0119 do trudnych warunk\u00f3w, w kt\u00f3rych szk\u0142o uleg\u0142oby degradacji.<\/p>\n<p data-start=\"3562\" data-end=\"3730\">P3: Czy te okna mo\u017cna dostosowa\u0107?<br data-start=\"3602\" data-end=\"3605\" \/>Tak. Wymiary, grubo\u015b\u0107, wyko\u0144czenie powierzchni i tolerancje mog\u0105 by\u0107 dostosowane do konkretnych wymaga\u0144 optycznych lub przemys\u0142owych.<\/p>","protected":false},"excerpt":{"rendered":"<p>Jednokrystaliczne szafirowe okno optyczne o wysokiej czysto\u015bci 222\u00d774\u00d74 mm, twardo\u015b\u0107 9 w skali Mohsa, odporne na zu\u017cycie, przepuszczaj\u0105ce promieniowanie UV i IR, idealne do laser\u00f3w, czujnik\u00f3w i zastosowa\u0144 przemys\u0142owych.<\/p>","protected":false},"featured_media":2029,"comment_status":"open","ping_status":"closed","template":"","meta":{"site-sidebar-layout":"default","site-content-layout":"","ast-site-content-layout":"default","site-content-style":"default","site-sidebar-style":"default","ast-global-header-display":"","ast-banner-title-visibility":"","ast-main-header-display":"","ast-hfb-above-header-display":"","ast-hfb-below-header-display":"","ast-hfb-mobile-header-display":"","site-post-title":"","ast-breadcrumbs-content":"","ast-featured-img":"","footer-sml-layout":"","ast-disable-related-posts":"","theme-transparent-header-meta":"default","adv-header-id-meta":"","stick-header-meta":"default","header-above-stick-meta":"","header-main-stick-meta":"","header-below-stick-meta":"","astra-migrate-meta-layouts":"set","ast-page-background-enabled":"default","ast-page-background-meta":{"desktop":{"background-color":"","background-image":"","background-repeat":"repeat","background-position":"center center","background-size":"auto","background-attachment":"scroll","background-type":"","background-media":"","overlay-type":"","overlay-color":"","overlay-opacity":"","overlay-gradient":""},"tablet":{"background-color":"","background-image":"","background-repeat":"repeat","background-position":"center center","background-size":"auto","background-attachment":"scroll","background-type":"","background-media":"","overlay-type":"","overlay-color":"","overlay-opacity":"","overlay-gradient":""},"mobile":{"background-color":"","background-image":"","background-repeat":"repeat","background-position":"center center","background-size":"auto","background-attachment":"scroll","background-type":"","background-media":"","overlay-type":"","overlay-color":"","overlay-opacity":"","overlay-gradient":""}},"ast-content-background-meta":{"desktop":{"background-color":"var(--ast-global-color-5)","background-image":"","background-repeat":"repeat","background-position":"center center","background-size":"auto","background-attachment":"scroll","background-type":"","background-media":"","overlay-type":"","overlay-color":"","overlay-opacity":"","overlay-gradient":""},"tablet":{"background-color":"var(--ast-global-color-5)","background-image":"","background-repeat":"repeat","background-position":"center center","background-size":"auto","background-attachment":"scroll","background-type":"","background-media":"","overlay-type":"","overlay-color":"","overlay-opacity":"","overlay-gradient":""},"mobile":{"background-color":"var(--ast-global-color-5)","background-image":"","background-repeat":"repeat","background-position":"center center","background-size":"auto","background-attachment":"scroll","background-type":"","background-media":"","overlay-type":"","overlay-color":"","overlay-opacity":"","overlay-gradient":""}}},"product_brand":[],"product_cat":[15],"product_tag":[63,78,79],"class_list":{"0":"post-2028","1":"product","2":"type-product","3":"status-publish","4":"has-post-thumbnail","6":"product_cat-sapphire-windows","7":"product_tag-custom-sapphire-optical-window","8":"product_tag-sapphire-ir-window","9":"product_tag-sapphire-uv-window","10":"desktop-align-left","11":"tablet-align-left","12":"mobile-align-left","13":"ast-product-gallery-layout-horizontal-slider","14":"ast-product-tabs-layout-horizontal","16":"first","17":"instock","18":"shipping-taxable","19":"product-type-simple"},"_links":{"self":[{"href":"https:\/\/www.sapphire-windows.com\/pl\/wp-json\/wp\/v2\/product\/2028","targetHints":{"allow":["GET"]}}],"collection":[{"href":"https:\/\/www.sapphire-windows.com\/pl\/wp-json\/wp\/v2\/product"}],"about":[{"href":"https:\/\/www.sapphire-windows.com\/pl\/wp-json\/wp\/v2\/types\/product"}],"replies":[{"embeddable":true,"href":"https:\/\/www.sapphire-windows.com\/pl\/wp-json\/wp\/v2\/comments?post=2028"}],"version-history":[{"count":1,"href":"https:\/\/www.sapphire-windows.com\/pl\/wp-json\/wp\/v2\/product\/2028\/revisions"}],"predecessor-version":[{"id":2033,"href":"https:\/\/www.sapphire-windows.com\/pl\/wp-json\/wp\/v2\/product\/2028\/revisions\/2033"}],"wp:featuredmedia":[{"embeddable":true,"href":"https:\/\/www.sapphire-windows.com\/pl\/wp-json\/wp\/v2\/media\/2029"}],"wp:attachment":[{"href":"https:\/\/www.sapphire-windows.com\/pl\/wp-json\/wp\/v2\/media?parent=2028"}],"wp:term":[{"taxonomy":"product_brand","embeddable":true,"href":"https:\/\/www.sapphire-windows.com\/pl\/wp-json\/wp\/v2\/product_brand?post=2028"},{"taxonomy":"product_cat","embeddable":true,"href":"https:\/\/www.sapphire-windows.com\/pl\/wp-json\/wp\/v2\/product_cat?post=2028"},{"taxonomy":"product_tag","embeddable":true,"href":"https:\/\/www.sapphire-windows.com\/pl\/wp-json\/wp\/v2\/product_tag?post=2028"}],"curies":[{"name":"wp","href":"https:\/\/api.w.org\/{rel}","templated":true}]}}