{"id":2028,"date":"2026-01-21T02:42:44","date_gmt":"2026-01-21T02:42:44","guid":{"rendered":"https:\/\/www.sapphire-windows.com\/?post_type=product&#038;p=2028"},"modified":"2026-01-21T02:42:45","modified_gmt":"2026-01-21T02:42:45","slug":"custom-sapphire-optical-window-222x74x4mm-wear-resistant-ir-uv-window","status":"publish","type":"product","link":"https:\/\/www.sapphire-windows.com\/it\/product\/custom-sapphire-optical-window-222x74x4mm-wear-resistant-ir-uv-window\/","title":{"rendered":"Finestra ottica personalizzata in zaffiro 222\u00d774\u00d74 mm resistente all'usura IR e UV"},"content":{"rendered":"<h2 data-start=\"218\" data-end=\"237\">Panoramica del prodotto<img fetchpriority=\"high\" decoding=\"async\" class=\"size-medium wp-image-2029 alignright\" src=\"https:\/\/www.sapphire-windows.com\/wp-content\/uploads\/2026\/01\/Custom-Sapphire-Optical-Window-222\u00d774\u00d74mm-Wear-Resistant-IR-UV-Window-3-300x300.jpg\" alt=\"\" width=\"300\" height=\"300\" srcset=\"\" sizes=\"(max-width: 300px) 100vw, 300px\" data-srcset=\"\" \/><\/h2>\n<p data-start=\"239\" data-end=\"553\">La finestra ottica personalizzata in zaffiro (222 mm\u00d774 mm\u00d74 mm) \u00e8 realizzata con precisione in cristallo singolo \u03b1-Al\u2082O\u2083 (zaffiro). A differenza delle gemme naturali, questo zaffiro di grado ottico \u00e8 un cristallo singolo sintetico che offre una durezza eccezionale (Mohs 9), resistenza all'usura, stabilit\u00e0 termica e inerzia chimica.<\/p>\n<p data-start=\"555\" data-end=\"875\">Progettate per sistemi ottici a infrarossi (IR) e ultravioletti (UV), queste finestre proteggono i componenti sensibili in ambienti ad alta temperatura, alta pressione e chimicamente aggressivi. L'ampia trasmissione spettrale dello zaffiro (170-5500 nm) garantisce una perdita minima di segnale per laser, sensori e strumenti ottici.<\/p>\n<p data-start=\"877\" data-end=\"1077\">Questo prodotto combina la robustezza meccanica con una chiarezza ottica superiore, rendendolo ideale per la produzione di semiconduttori, il rilevamento industriale, il settore aerospaziale, la difesa e la ricerca scientifica.<\/p>\n<h2 data-start=\"1084\" data-end=\"1111\">Specifiche tecniche<\/h2>\n<div class=\"TyagGW_tableContainer\">\n<div class=\"group TyagGW_tableWrapper flex flex-col-reverse w-fit\" tabindex=\"-1\">\n<table class=\"w-fit min-w-(--thread-content-width)\" data-start=\"1113\" data-end=\"1766\">\n<thead data-start=\"1113\" data-end=\"1142\">\n<tr data-start=\"1113\" data-end=\"1142\">\n<th data-start=\"1113\" data-end=\"1125\" data-col-size=\"sm\">Parametro<\/th>\n<th data-start=\"1125\" data-end=\"1142\" data-col-size=\"md\">Specifiche<\/th>\n<\/tr>\n<\/thead>\n<tbody data-start=\"1153\" data-end=\"1766\">\n<tr data-start=\"1153\" data-end=\"1215\">\n<td data-start=\"1153\" data-end=\"1164\" data-col-size=\"sm\">Materiale<\/td>\n<td data-start=\"1164\" data-end=\"1215\" data-col-size=\"md\">Cristallo singolo di zaffiro di grado ottico (\u03b1-Al\u2082O\u2083)<\/td>\n<\/tr>\n<tr data-start=\"1216\" data-end=\"1245\">\n<td data-start=\"1216\" data-end=\"1223\" data-col-size=\"sm\">Dimensione<\/td>\n<td data-start=\"1223\" data-end=\"1245\" data-col-size=\"md\">222 mm \u00d7 74 mm \u00d7 4 mm<\/td>\n<\/tr>\n<tr data-start=\"1246\" data-end=\"1279\">\n<td data-start=\"1246\" data-end=\"1268\" data-col-size=\"sm\">Tolleranza di spessore<\/td>\n<td data-start=\"1268\" data-end=\"1279\" data-col-size=\"md\">\u00b10,1 mm<\/td>\n<\/tr>\n<tr data-start=\"1280\" data-end=\"1305\">\n<td data-start=\"1280\" data-end=\"1297\" data-col-size=\"sm\">Apertura libera<\/td>\n<td data-start=\"1297\" data-end=\"1305\" data-col-size=\"md\">&gt;90%<\/td>\n<\/tr>\n<tr data-start=\"1306\" data-end=\"1342\">\n<td data-start=\"1306\" data-end=\"1331\" data-col-size=\"sm\">Rugosit\u00e0 superficiale (Ra)<\/td>\n<td data-start=\"1331\" data-end=\"1342\" data-col-size=\"md\">\u22640,2 nm<\/td>\n<\/tr>\n<tr data-start=\"1343\" data-end=\"1396\">\n<td data-start=\"1343\" data-end=\"1364\" data-col-size=\"sm\">Gamma di trasmissione<\/td>\n<td data-start=\"1364\" data-end=\"1396\" data-col-size=\"md\">170 - 5500 nm (da UV a medio IR)<\/td>\n<\/tr>\n<tr data-start=\"1397\" data-end=\"1443\">\n<td data-start=\"1397\" data-end=\"1408\" data-col-size=\"sm\">Durezza<\/td>\n<td data-start=\"1408\" data-end=\"1443\" data-col-size=\"md\">Mohs 9 (secondo solo al diamante)<\/td>\n<\/tr>\n<tr data-start=\"1444\" data-end=\"1494\">\n<td data-start=\"1444\" data-end=\"1476\" data-col-size=\"sm\">Coefficiente di espansione termica<\/td>\n<td data-start=\"1476\" data-end=\"1494\" data-col-size=\"md\">8.8 \u00d7 10-\u2076 \/\u00b0C<\/td>\n<\/tr>\n<tr data-start=\"1495\" data-end=\"1524\">\n<td data-start=\"1495\" data-end=\"1513\" data-col-size=\"sm\">Modulo elastico<\/td>\n<td data-start=\"1513\" data-end=\"1524\" data-col-size=\"md\">435 GPa<\/td>\n<\/tr>\n<tr data-start=\"1525\" data-end=\"1563\">\n<td data-start=\"1525\" data-end=\"1546\" data-col-size=\"sm\">Resistenza termica<\/td>\n<td data-start=\"1546\" data-end=\"1563\" data-col-size=\"md\">Fino a ~2030\u00b0C<\/td>\n<\/tr>\n<tr data-start=\"1564\" data-end=\"1635\">\n<td data-start=\"1564\" data-end=\"1586\" data-col-size=\"sm\">Resistenza chimica<\/td>\n<td data-start=\"1586\" data-end=\"1635\" data-col-size=\"md\">Altamente resistente agli acidi, agli alcali e all'acqua<\/td>\n<\/tr>\n<tr data-start=\"1636\" data-end=\"1693\">\n<td data-start=\"1636\" data-end=\"1653\" data-col-size=\"sm\">Finitura superficiale<\/td>\n<td data-start=\"1653\" data-end=\"1693\" data-col-size=\"md\">Lucidato su due lati, di grado ottico<\/td>\n<\/tr>\n<tr data-start=\"1694\" data-end=\"1728\">\n<td data-start=\"1694\" data-end=\"1710\" data-col-size=\"sm\">Certificazione<\/td>\n<td data-start=\"1710\" data-end=\"1728\" data-col-size=\"md\">Conforme alla direttiva RoHS<\/td>\n<\/tr>\n<tr data-start=\"1729\" data-end=\"1766\">\n<td data-start=\"1729\" data-end=\"1741\" data-col-size=\"sm\">Imballaggio<\/td>\n<td data-start=\"1741\" data-end=\"1766\" data-col-size=\"md\">Camera bianca (Classe 100)<\/td>\n<\/tr>\n<\/tbody>\n<\/table>\n<\/div>\n<\/div>\n<h2 data-start=\"1773\" data-end=\"1788\">Caratteristiche principali<img decoding=\"async\" class=\"size-medium wp-image-2030 alignleft\" src=\"https:\/\/www.sapphire-windows.com\/wp-content\/uploads\/2026\/01\/Custom-Sapphire-Optical-Window-222\u00d774\u00d74mm-Wear-Resistant-IR-UV-Window-1-300x300.jpg\" alt=\"\" width=\"300\" height=\"300\" srcset=\"\" sizes=\"(max-width: 300px) 100vw, 300px\" data-srcset=\"\" \/><\/h2>\n<ul data-start=\"1790\" data-end=\"2447\">\n<li data-start=\"1790\" data-end=\"1919\">\n<p data-start=\"1792\" data-end=\"1919\">Altissima durezza e resistenza all'usura<br data-start=\"1833\" data-end=\"1836\" \/>La durezza Mohs 9 garantisce la resistenza a graffi, abrasioni e sollecitazioni meccaniche.<\/p>\n<\/li>\n<li data-start=\"1921\" data-end=\"2056\">\n<p data-start=\"1923\" data-end=\"2056\">Ampia trasmissione spettrale<br data-start=\"1954\" data-end=\"1957\" \/>Trasmissione efficace dall'UV all'IR medio (170-5500 nm), adatta a laser e strumenti ottici IR.<\/p>\n<\/li>\n<li data-start=\"2058\" data-end=\"2171\">\n<p data-start=\"2060\" data-end=\"2171\">Estrema stabilit\u00e0 termica<br data-start=\"2089\" data-end=\"2092\" \/>Mantiene la struttura e le prestazioni ottiche a temperature superiori a 1900\u00b0C.<\/p>\n<\/li>\n<li data-start=\"2173\" data-end=\"2298\">\n<p data-start=\"2175\" data-end=\"2298\">Inerzia chimica<br data-start=\"2197\" data-end=\"2200\" \/>Resiste alla corrosione di acqua, acidi e alcali per una lunga durata in ambienti difficili.<\/p>\n<\/li>\n<li data-start=\"2300\" data-end=\"2447\">\n<p data-start=\"2302\" data-end=\"2447\">Robustezza meccanica<br data-start=\"2327\" data-end=\"2330\" \/>Circa cinque volte pi\u00f9 resistente del vetro standard, in grado di resistere a condizioni di alta pressione e impatto.<\/p>\n<\/li>\n<\/ul>\n<h2 data-start=\"2454\" data-end=\"2477\">Applicazioni tipiche<\/h2>\n<ul data-start=\"2479\" data-end=\"3001\">\n<li data-start=\"2479\" data-end=\"2570\">\n<p data-start=\"2481\" data-end=\"2570\">Produzione di semiconduttori: Porte di osservazione del forno, finestre resistenti alle sostanze chimiche.<\/p>\n<\/li>\n<li data-start=\"2571\" data-end=\"2687\">\n<p data-start=\"2573\" data-end=\"2687\">Strumenti ottici: Finestre protettive IR\/UV, ottiche laser, aperture per spettrometri, ottiche per scanner di codici a barre.<\/p>\n<\/li>\n<li data-start=\"2688\" data-end=\"2805\">\n<p data-start=\"2690\" data-end=\"2805\">Rilevamento industriale: Vetrini per reattori ad alta pressione, finestre di misura per flussimetri, coperture protettive per sensori.<\/p>\n<\/li>\n<li data-start=\"2806\" data-end=\"2920\">\n<p data-start=\"2808\" data-end=\"2920\">Ricerca scientifica e difesa: ottiche da camera ad alta tensione, linee di fascio di sincrotrone, sistemi FLIR aerospaziali.<\/p>\n<\/li>\n<li data-start=\"2921\" data-end=\"3001\">\n<p data-start=\"2923\" data-end=\"3001\">Elettronica di consumo: Cristalli per orologi, lenti protettive per fotocamere di smartphone.<\/p>\n<\/li>\n<\/ul>\n<h2 data-start=\"3008\" data-end=\"3014\">FAQ<img decoding=\"async\" class=\"size-medium wp-image-2032 alignright\" src=\"https:\/\/www.sapphire-windows.com\/wp-content\/uploads\/2026\/01\/Custom-Sapphire-Optical-Window-222\u00d774\u00d74mm-Wear-Resistant-IR-UV-Window-4-300x300.jpg\" alt=\"\" width=\"300\" height=\"300\" srcset=\"\" sizes=\"(max-width: 300px) 100vw, 300px\" data-srcset=\"\" \/><\/h2>\n<p data-start=\"3016\" data-end=\"3287\">Q1: Dove vengono comunemente utilizzate le finestre ottiche in zaffiro?<br data-start=\"3073\" data-end=\"3076\" \/>R: Sono ampiamente utilizzati negli ambienti ad alta temperatura, nei sistemi laser, nel settore aerospaziale, nelle apparecchiature per la difesa e negli strumenti industriali, dove la durata, la stabilit\u00e0 termica e la resistenza chimica sono fondamentali.<\/p>\n<p data-start=\"3289\" data-end=\"3560\">D2: Cosa rende lo zaffiro migliore del vetro?<br data-start=\"3335\" data-end=\"3338\" \/>R: Lo zaffiro offre una durezza superiore (Mohs 9), resistenza agli agenti chimici, tolleranza termica fino a 2030\u00b0C e un'ampia trasmissione ottica (dai raggi UV all'infrarosso medio), che lo rendono ideale per le condizioni difficili in cui il vetro si deteriorerebbe.<\/p>\n<p data-start=\"3562\" data-end=\"3730\">D3: Queste finestre possono essere personalizzate?<br data-start=\"3602\" data-end=\"3605\" \/>R: S\u00ec. Le dimensioni, lo spessore, la finitura superficiale e le tolleranze possono essere adattate a specifiche esigenze ottiche o industriali.<\/p>","protected":false},"excerpt":{"rendered":"<p>Finestra ottica in zaffiro monocristallo di elevata purezza 222\u00d774\u00d74 mm, durezza Mohs 9, resistente all'usura, trasmissione UV e IR, ideale per laser, sensori e applicazioni industriali.<\/p>","protected":false},"featured_media":2029,"comment_status":"open","ping_status":"closed","template":"","meta":{"site-sidebar-layout":"default","site-content-layout":"","ast-site-content-layout":"default","site-content-style":"default","site-sidebar-style":"default","ast-global-header-display":"","ast-banner-title-visibility":"","ast-main-header-display":"","ast-hfb-above-header-display":"","ast-hfb-below-header-display":"","ast-hfb-mobile-header-display":"","site-post-title":"","ast-breadcrumbs-content":"","ast-featured-img":"","footer-sml-layout":"","ast-disable-related-posts":"","theme-transparent-header-meta":"default","adv-header-id-meta":"","stick-header-meta":"default","header-above-stick-meta":"","header-main-stick-meta":"","header-below-stick-meta":"","astra-migrate-meta-layouts":"set","ast-page-background-enabled":"default","ast-page-background-meta":{"desktop":{"background-color":"","background-image":"","background-repeat":"repeat","background-position":"center center","background-size":"auto","background-attachment":"scroll","background-type":"","background-media":"","overlay-type":"","overlay-color":"","overlay-opacity":"","overlay-gradient":""},"tablet":{"background-color":"","background-image":"","background-repeat":"repeat","background-position":"center center","background-size":"auto","background-attachment":"scroll","background-type":"","background-media":"","overlay-type":"","overlay-color":"","overlay-opacity":"","overlay-gradient":""},"mobile":{"background-color":"","background-image":"","background-repeat":"repeat","background-position":"center center","background-size":"auto","background-attachment":"scroll","background-type":"","background-media":"","overlay-type":"","overlay-color":"","overlay-opacity":"","overlay-gradient":""}},"ast-content-background-meta":{"desktop":{"background-color":"var(--ast-global-color-5)","background-image":"","background-repeat":"repeat","background-position":"center center","background-size":"auto","background-attachment":"scroll","background-type":"","background-media":"","overlay-type":"","overlay-color":"","overlay-opacity":"","overlay-gradient":""},"tablet":{"background-color":"var(--ast-global-color-5)","background-image":"","background-repeat":"repeat","background-position":"center center","background-size":"auto","background-attachment":"scroll","background-type":"","background-media":"","overlay-type":"","overlay-color":"","overlay-opacity":"","overlay-gradient":""},"mobile":{"background-color":"var(--ast-global-color-5)","background-image":"","background-repeat":"repeat","background-position":"center center","background-size":"auto","background-attachment":"scroll","background-type":"","background-media":"","overlay-type":"","overlay-color":"","overlay-opacity":"","overlay-gradient":""}}},"product_brand":[],"product_cat":[15],"product_tag":[63,78,79],"class_list":{"0":"post-2028","1":"product","2":"type-product","3":"status-publish","4":"has-post-thumbnail","6":"product_cat-sapphire-windows","7":"product_tag-custom-sapphire-optical-window","8":"product_tag-sapphire-ir-window","9":"product_tag-sapphire-uv-window","10":"desktop-align-left","11":"tablet-align-left","12":"mobile-align-left","13":"ast-product-gallery-layout-horizontal-slider","14":"ast-product-tabs-layout-horizontal","16":"first","17":"instock","18":"shipping-taxable","19":"product-type-simple"},"_links":{"self":[{"href":"https:\/\/www.sapphire-windows.com\/it\/wp-json\/wp\/v2\/product\/2028","targetHints":{"allow":["GET"]}}],"collection":[{"href":"https:\/\/www.sapphire-windows.com\/it\/wp-json\/wp\/v2\/product"}],"about":[{"href":"https:\/\/www.sapphire-windows.com\/it\/wp-json\/wp\/v2\/types\/product"}],"replies":[{"embeddable":true,"href":"https:\/\/www.sapphire-windows.com\/it\/wp-json\/wp\/v2\/comments?post=2028"}],"version-history":[{"count":1,"href":"https:\/\/www.sapphire-windows.com\/it\/wp-json\/wp\/v2\/product\/2028\/revisions"}],"predecessor-version":[{"id":2033,"href":"https:\/\/www.sapphire-windows.com\/it\/wp-json\/wp\/v2\/product\/2028\/revisions\/2033"}],"wp:featuredmedia":[{"embeddable":true,"href":"https:\/\/www.sapphire-windows.com\/it\/wp-json\/wp\/v2\/media\/2029"}],"wp:attachment":[{"href":"https:\/\/www.sapphire-windows.com\/it\/wp-json\/wp\/v2\/media?parent=2028"}],"wp:term":[{"taxonomy":"product_brand","embeddable":true,"href":"https:\/\/www.sapphire-windows.com\/it\/wp-json\/wp\/v2\/product_brand?post=2028"},{"taxonomy":"product_cat","embeddable":true,"href":"https:\/\/www.sapphire-windows.com\/it\/wp-json\/wp\/v2\/product_cat?post=2028"},{"taxonomy":"product_tag","embeddable":true,"href":"https:\/\/www.sapphire-windows.com\/it\/wp-json\/wp\/v2\/product_tag?post=2028"}],"curies":[{"name":"wp","href":"https:\/\/api.w.org\/{rel}","templated":true}]}}