{"id":2310,"date":"2026-03-23T07:08:10","date_gmt":"2026-03-23T07:08:10","guid":{"rendered":"https:\/\/www.sapphire-windows.com\/?post_type=product&#038;p=2310"},"modified":"2026-03-23T07:09:41","modified_gmt":"2026-03-23T07:09:41","slug":"zafir-kupola-ablak","status":"publish","type":"product","link":"https:\/\/www.sapphire-windows.com\/hu\/product\/sapphire-dome-window\/","title":{"rendered":"Nagy pontoss\u00e1g\u00fa zaf\u00edr kupolaablak az infrav\u00f6r\u00f6s (IR) \u00e9s optikai \u00e9rz\u00e9kel\u0151 v\u00e9delm\u00e9re"},"content":{"rendered":"<p data-start=\"236\" data-end=\"700\"><img fetchpriority=\"high\" decoding=\"async\" class=\"size-medium wp-image-2314 alignright\" src=\"https:\/\/www.sapphire-windows.com\/wp-content\/uploads\/2026\/03\/8sapphire_dome_window_high_precision_for_optical_and_infrared_infrared_sensors-300x300.webp\" alt=\"\" width=\"300\" height=\"300\" srcset=\"https:\/\/www.sapphire-windows.com\/wp-content\/uploads\/2026\/03\/8sapphire_dome_window_high_precision_for_optical_and_infrared_infrared_sensors-300x300.webp 300w, https:\/\/www.sapphire-windows.com\/wp-content\/uploads\/2026\/03\/8sapphire_dome_window_high_precision_for_optical_and_infrared_infrared_sensors-150x150.webp 150w, https:\/\/www.sapphire-windows.com\/wp-content\/uploads\/2026\/03\/8sapphire_dome_window_high_precision_for_optical_and_infrared_infrared_sensors-768x768.webp 768w, https:\/\/www.sapphire-windows.com\/wp-content\/uploads\/2026\/03\/8sapphire_dome_window_high_precision_for_optical_and_infrared_infrared_sensors-12x12.webp 12w, https:\/\/www.sapphire-windows.com\/wp-content\/uploads\/2026\/03\/8sapphire_dome_window_high_precision_for_optical_and_infrared_infrared_sensors-600x600.webp 600w, https:\/\/www.sapphire-windows.com\/wp-content\/uploads\/2026\/03\/8sapphire_dome_window_high_precision_for_optical_and_infrared_infrared_sensors-100x100.webp 100w, https:\/\/www.sapphire-windows.com\/wp-content\/uploads\/2026\/03\/8sapphire_dome_window_high_precision_for_optical_and_infrared_infrared_sensors.webp 800w\" sizes=\"(max-width: 300px) 100vw, 300px\" \/>A Sapphire Dome Window egy nagy teljes\u00edtm\u00e9ny\u0171 optikai komponens, amelyet monokrist\u00e1lyos alum\u00ednium-oxidb\u00f3l (Al\u2082O\u2083) terveztek, \u00e9s \u00fagy tervezt\u00e9k, hogy rendk\u00edv\u00fcli teljes\u00edtm\u00e9nyt ny\u00fajtson sz\u00e9ls\u0151s\u00e9ges \u00e9s ig\u00e9nyes k\u00f6rnyezetben. A hagyom\u00e1nyos optikai anyagokkal, p\u00e9ld\u00e1ul az \u00fcveggel vagy a kvarccal \u00f6sszehasonl\u00edtva a zaf\u00edr a mechanikai szil\u00e1rds\u00e1g, a h\u0151stabilit\u00e1s \u00e9s az optikai \u00e1tl\u00e1tsz\u00f3s\u00e1g egyed\u00fcl\u00e1ll\u00f3 kombin\u00e1ci\u00f3j\u00e1t ny\u00fajtja, \u00edgy ide\u00e1lis v\u00e1laszt\u00e1s a fejlett optikai \u00e9s infrav\u00f6r\u00f6s (IR) rendszerekhez.<\/p>\n<p data-start=\"702\" data-end=\"1003\">A zaf\u00edr 9-es Mohs-kem\u00e9nys\u00e9g\u00e9nek k\u00f6sz\u00f6nhet\u0151en a gy\u00e9m\u00e1nt ut\u00e1n a m\u00e1sodik a kem\u00e9nys\u00e9g tekintet\u00e9ben, \u00e9s kiv\u00e1l\u00f3an ellen\u00e1ll a karcol\u00e1soknak, a kop\u00e1snak \u00e9s a nagy sebess\u00e9g\u0171 r\u00e9szecsk\u00e9k becsap\u00f3d\u00e1s\u00e1nak. Ez teszi a zaf\u00edr kupolaablakokat k\u00fcl\u00f6n\u00f6sen alkalmass\u00e1 olyan alkalmaz\u00e1sokhoz, ahol a tart\u00f3ss\u00e1g \u00e9s a hossz\u00fa \u00e9lettartam kritikus fontoss\u00e1g\u00fa.<\/p>\n<p data-start=\"1005\" data-end=\"1364\">A kupola geometri\u00e1ja tov\u00e1bb n\u00f6veli a szerkezeti szil\u00e1rds\u00e1got az\u00e1ltal, hogy a fesz\u00fclts\u00e9get egyenletesen osztja el a fel\u00fcleten, \u00edgy az alkatr\u00e9sz ellen\u00e1ll a nagy nyom\u00e1snak, az aerodinamikai er\u0151knek \u00e9s a gyors k\u00f6rnyezeti v\u00e1ltoz\u00e1soknak. Ennek eredm\u00e9nyek\u00e9ppen a zaf\u00edrkupol\u00e1kat sz\u00e9les k\u00f6rben haszn\u00e1lj\u00e1k \u00e9rz\u00e9kel\u0151k \u00e9s optikai rendszerek v\u00e9d\u0151ablakak\u00e9nt a rep\u00fcl\u0151g\u00e9piparban, a v\u00e9delmi \u00e9s ipari alkalmaz\u00e1sokban.<\/p>\n<h2 data-section-id=\"147fl1h\" data-start=\"1371\" data-end=\"1408\">Optikai \u00e9s fizikai el\u0151ny\u00f6k<\/h2>\n<p data-start=\"1410\" data-end=\"1788\"><img decoding=\"async\" class=\"size-medium wp-image-2313 alignleft\" src=\"https:\/\/www.sapphire-windows.com\/wp-content\/uploads\/2026\/03\/9sapphire_dome_window_high_precision_for_optical_and_infrared_infrared_sensors-300x300.webp\" alt=\"\" width=\"300\" height=\"300\" srcset=\"https:\/\/www.sapphire-windows.com\/wp-content\/uploads\/2026\/03\/9sapphire_dome_window_high_precision_for_optical_and_infrared_infrared_sensors-300x300.webp 300w, https:\/\/www.sapphire-windows.com\/wp-content\/uploads\/2026\/03\/9sapphire_dome_window_high_precision_for_optical_and_infrared_infrared_sensors-150x150.webp 150w, https:\/\/www.sapphire-windows.com\/wp-content\/uploads\/2026\/03\/9sapphire_dome_window_high_precision_for_optical_and_infrared_infrared_sensors-768x768.webp 768w, https:\/\/www.sapphire-windows.com\/wp-content\/uploads\/2026\/03\/9sapphire_dome_window_high_precision_for_optical_and_infrared_infrared_sensors-12x12.webp 12w, https:\/\/www.sapphire-windows.com\/wp-content\/uploads\/2026\/03\/9sapphire_dome_window_high_precision_for_optical_and_infrared_infrared_sensors-600x600.webp 600w, https:\/\/www.sapphire-windows.com\/wp-content\/uploads\/2026\/03\/9sapphire_dome_window_high_precision_for_optical_and_infrared_infrared_sensors-100x100.webp 100w, https:\/\/www.sapphire-windows.com\/wp-content\/uploads\/2026\/03\/9sapphire_dome_window_high_precision_for_optical_and_infrared_infrared_sensors.webp 800w\" sizes=\"(max-width: 300px) 100vw, 300px\" \/>A zaf\u00edr kupolaablakok egyik legfontosabb el\u0151nye a sz\u00e9les spektr\u00e1lis \u00e1tereszt\u00e9si tartom\u00e1nyukban rejlik, amely az ultraibolya (UV) 170 nm k\u00f6r\u00fcli hull\u00e1mhossz\u00e1t\u00f3l a k\u00f6z\u00e9p-infrav\u00f6r\u00f6s (IR) hull\u00e1mhosszig, 5 \u00b5m-ig terjed. Ez a sz\u00e9les \u00e1tbocs\u00e1t\u00e1si k\u00e9pess\u00e9g teszi \u0151ket rendk\u00edv\u00fcl sokoldal\u00faan felhaszn\u00e1lhat\u00f3v\u00e1 t\u00f6bb spektrum\u00fa optikai rendszerekhez, bele\u00e9rtve az infrav\u00f6r\u00f6s k\u00e9palkot\u00e1st, a l\u00e9zerrendszereket \u00e9s a prec\u00edzi\u00f3s \u00e9rz\u00e9kel\u0151ket.<\/p>\n<p data-start=\"1790\" data-end=\"2036\">Ezenk\u00edv\u00fcl a zaf\u00edr kiv\u00e1l\u00f3 optikai tisztas\u00e1got \u00e9s minim\u00e1lis sz\u00f3r\u00e1st biztos\u00edt, ha optikai min\u0151s\u00e9g\u0171 fel\u00fcletre csiszolj\u00e1k (&lt;10 \u00c5 RMS). Ez biztos\u00edtja a magas jelintegrit\u00e1st \u00e9s a pontos adatgy\u0171jt\u00e9st az \u00e9rz\u00e9keny optikai alkalmaz\u00e1sokban.<\/p>\n<p data-start=\"2038\" data-end=\"2330\">H\u0151technikai szempontb\u00f3l a zaf\u00edr kiv\u00e9teles stabilit\u00e1st mutat, ak\u00e1r 1900 \u00b0C-os h\u0151m\u00e9rs\u00e9kleten is k\u00e9pes m\u0171k\u00f6dni v\u00e1kuumban vagy v\u00e9d\u0151g\u00e1zas k\u00f6rnyezetben. M\u00e9g leveg\u0151ben is megb\u00edzhat\u00f3 teljes\u00edtm\u00e9nyt ny\u00fajt 1600\u00b0C feletti h\u0151m\u00e9rs\u00e9kleten, ami messze fel\u00fclm\u00falja a legt\u00f6bb hagyom\u00e1nyos optikai anyagot.<\/p>\n<p data-start=\"2332\" data-end=\"2548\">A zaf\u00edr r\u00e1ad\u00e1sul k\u00e9miailag semleges, ellen\u00e1ll a savak, l\u00fagok \u00e9s m\u00e1s agressz\u00edv anyagok okozta korr\u00f3zi\u00f3nak. Ez a tulajdons\u00e1ga k\u00fcl\u00f6n\u00f6sen alkalmass\u00e1 teszi tengeri, vegyi \u00e9s magas p\u00e1ratartalm\u00fa k\u00f6rnyezetekben.<\/p>\n<h2 data-section-id=\"1y8un7j\" data-start=\"2555\" data-end=\"2573\">F\u0151 jellemz\u0151k<img decoding=\"async\" class=\"size-medium wp-image-2312 alignright\" src=\"https:\/\/www.sapphire-windows.com\/wp-content\/uploads\/2026\/03\/10sapphire_dome_window_high_precision_for_optical_and_infrared_infrared_sensors-300x300.webp\" alt=\"\" width=\"300\" height=\"300\" srcset=\"https:\/\/www.sapphire-windows.com\/wp-content\/uploads\/2026\/03\/10sapphire_dome_window_high_precision_for_optical_and_infrared_infrared_sensors-300x300.webp 300w, https:\/\/www.sapphire-windows.com\/wp-content\/uploads\/2026\/03\/10sapphire_dome_window_high_precision_for_optical_and_infrared_infrared_sensors-150x150.webp 150w, https:\/\/www.sapphire-windows.com\/wp-content\/uploads\/2026\/03\/10sapphire_dome_window_high_precision_for_optical_and_infrared_infrared_sensors-768x768.webp 768w, https:\/\/www.sapphire-windows.com\/wp-content\/uploads\/2026\/03\/10sapphire_dome_window_high_precision_for_optical_and_infrared_infrared_sensors-12x12.webp 12w, https:\/\/www.sapphire-windows.com\/wp-content\/uploads\/2026\/03\/10sapphire_dome_window_high_precision_for_optical_and_infrared_infrared_sensors-600x600.webp 600w, https:\/\/www.sapphire-windows.com\/wp-content\/uploads\/2026\/03\/10sapphire_dome_window_high_precision_for_optical_and_infrared_infrared_sensors-100x100.webp 100w, https:\/\/www.sapphire-windows.com\/wp-content\/uploads\/2026\/03\/10sapphire_dome_window_high_precision_for_optical_and_infrared_infrared_sensors.webp 800w\" sizes=\"(max-width: 300px) 100vw, 300px\" \/><\/h2>\n<ul data-start=\"2575\" data-end=\"3118\">\n<li data-section-id=\"116uu6b\" data-start=\"2575\" data-end=\"2691\">Rendk\u00edv\u00fcli kem\u00e9nys\u00e9g \u00e9s kop\u00e1s\u00e1ll\u00f3s\u00e1g - hossz\u00fa t\u00e1v\u00fa tart\u00f3ss\u00e1got biztos\u00edt koptat\u00f3 \u00e9s nagy ig\u00e9nybev\u00e9telnek kitett k\u00f6rnyezetben.<\/li>\n<li data-section-id=\"1m580mr\" data-start=\"2692\" data-end=\"2782\">Sz\u00e9les optikai \u00e1tereszt\u0151k\u00e9pess\u00e9g (UV-t\u00f3l IR-ig) - Alkalmas t\u00f6bb spektrum\u00fa optikai rendszerekhez.<\/li>\n<li data-section-id=\"1aabki0\" data-start=\"2783\" data-end=\"2864\">Magas h\u0151stabilit\u00e1s - Sz\u00e9ls\u0151s\u00e9ges h\u0151m\u00e9rs\u00e9kleten is meg\u0151rzi a teljes\u00edtm\u00e9nyt.<\/li>\n<li data-section-id=\"4qq0kg\" data-start=\"2865\" data-end=\"2958\">Kiemelked\u0151 mechanikai szil\u00e1rds\u00e1g - A kupolaszerkezet n\u00f6veli a nyom\u00e1s- \u00e9s \u00fct\u00e9s\u00e1ll\u00f3s\u00e1got.<\/li>\n<li data-section-id=\"17fi0xt\" data-start=\"2959\" data-end=\"3041\">Kiv\u00e1l\u00f3 k\u00e9miai ellen\u00e1ll\u00e1s - Ide\u00e1lis korr\u00f3zi\u00f3s \u00e9s zord k\u00f6rnyezetekben.<\/li>\n<li data-section-id=\"1podhlq\" data-start=\"3042\" data-end=\"3118\">Prec\u00edzi\u00f3s optikai fel\u00fcleti min\u0151s\u00e9g - &lt;10 \u00c5 RMS a minim\u00e1lis torz\u00edt\u00e1s \u00e9rdek\u00e9ben<\/li>\n<\/ul>\n<h2 data-section-id=\"4t5b8m\" data-start=\"3125\" data-end=\"3143\">Alkalmaz\u00e1sok<\/h2>\n<p data-start=\"3145\" data-end=\"3261\">A zaf\u00edr kupolaablakokat sz\u00e9les k\u00f6rben haszn\u00e1lj\u00e1k olyan ipar\u00e1gakban, amelyek sz\u00e9ls\u0151s\u00e9ges k\u00f6r\u00fclm\u00e9nyek k\u00f6z\u00f6tt is megb\u00edzhat\u00f3 optikai teljes\u00edtm\u00e9nyt ig\u00e9nyelnek:<\/p>\n<ul data-start=\"3263\" data-end=\"3686\">\n<li data-section-id=\"aqylto\" data-start=\"3263\" data-end=\"3348\">Infrav\u00f6r\u00f6s (IR) \u00e9rz\u00e9kel\u0151rendszerek - rak\u00e9tair\u00e1ny\u00edt\u00e1s, h\u0151k\u00e9palkot\u00e1s, UAV-\u00e9rz\u00e9kel\u0151k<\/li>\n<li data-section-id=\"xtpf7f\" data-start=\"3349\" data-end=\"3433\">Rep\u00fcl\u00e9s \u00e9s v\u00e9delem - nagy sebess\u00e9g\u0171 rep\u00fcl\u00e9s \u00e9s kem\u00e9ny k\u00f6rnyezetv\u00e9delem<\/li>\n<li data-section-id=\"19fk6ce\" data-start=\"3434\" data-end=\"3513\">V\u00edz alatti optikai rendszerek - m\u00e9lytengeri kamer\u00e1k, szon\u00e1r \u00e9s lidar h\u00e1zak<\/li>\n<li data-section-id=\"1y3f3z2\" data-start=\"3514\" data-end=\"3596\">L\u00e9zer \u00e9s fotonikai berendez\u00e9sek - \u00e9rz\u00e9keny optikai alkatr\u00e9szek v\u00e9delme<\/li>\n<li data-section-id=\"2i5w98\" data-start=\"3597\" data-end=\"3686\">Ipari fel\u00fcgyeleti rendszerek - magas h\u0151m\u00e9rs\u00e9klet\u0171 \u00e9s nagynyom\u00e1s\u00fa optikai hozz\u00e1f\u00e9r\u00e9s<\/li>\n<\/ul>\n<h2 data-section-id=\"8lu2ky\" data-start=\"3693\" data-end=\"3723\">M\u0171szaki specifik\u00e1ci\u00f3k<\/h2>\n<div class=\"TyagGW_tableContainer\">\n<div class=\"group TyagGW_tableWrapper flex flex-col-reverse w-fit\" tabindex=\"-1\">\n<table class=\"w-fit min-w-(--thread-content-width)\" data-start=\"3725\" data-end=\"4062\">\n<thead data-start=\"3725\" data-end=\"3746\">\n<tr data-start=\"3725\" data-end=\"3746\">\n<th class=\"\" data-start=\"3725\" data-end=\"3737\" data-col-size=\"sm\">Param\u00e9ter<\/th>\n<th class=\"\" data-start=\"3737\" data-end=\"3746\" data-col-size=\"sm\">\u00c9rt\u00e9k<\/th>\n<\/tr>\n<\/thead>\n<tbody data-start=\"3767\" data-end=\"4062\">\n<tr data-start=\"3767\" data-end=\"3814\">\n<td data-start=\"3767\" data-end=\"3778\" data-col-size=\"sm\">Anyag<\/td>\n<td data-col-size=\"sm\" data-start=\"3778\" data-end=\"3814\">Monokrist\u00e1lyos zaf\u00edr (Al\u2082O\u2083)<\/td>\n<\/tr>\n<tr data-start=\"3815\" data-end=\"3858\">\n<td data-start=\"3815\" data-end=\"3826\" data-col-size=\"sm\">\u00c1tm\u00e9r\u0151<\/td>\n<td data-col-size=\"sm\" data-start=\"3826\" data-end=\"3858\">5 mm - 200 mm (testreszabhat\u00f3)<\/td>\n<\/tr>\n<tr data-start=\"3859\" data-end=\"3894\">\n<td data-start=\"3859\" data-end=\"3876\" data-col-size=\"sm\">Falvastags\u00e1g<\/td>\n<td data-start=\"3876\" data-end=\"3894\" data-col-size=\"sm\">0,5 mm - 10 mm<\/td>\n<\/tr>\n<tr data-start=\"3895\" data-end=\"3933\">\n<td data-start=\"3895\" data-end=\"3916\" data-col-size=\"sm\">\u00c1tviteli tartom\u00e1ny<\/td>\n<td data-col-size=\"sm\" data-start=\"3916\" data-end=\"3933\">170 nm - 5 \u00b5m<\/td>\n<\/tr>\n<tr data-start=\"3934\" data-end=\"3964\">\n<td data-start=\"3934\" data-end=\"3951\" data-col-size=\"sm\">Fel\u00fcletkezel\u00e9s<\/td>\n<td data-col-size=\"sm\" data-start=\"3951\" data-end=\"3964\">&lt;10 \u00c5 RMS<\/td>\n<\/tr>\n<tr data-start=\"3965\" data-end=\"4024\">\n<td data-start=\"3965\" data-end=\"3989\" data-col-size=\"sm\">\u00dczemi h\u0151m\u00e9rs\u00e9klet<\/td>\n<td data-col-size=\"sm\" data-start=\"3989\" data-end=\"4024\">1900\u00b0C-ig (v\u00e1kuum\/v\u00e9dett g\u00e1z)<\/td>\n<\/tr>\n<tr data-start=\"4025\" data-end=\"4062\">\n<td data-start=\"4025\" data-end=\"4044\" data-col-size=\"sm\">T\u00f6r\u00e9smutat\u00f3<\/td>\n<td data-col-size=\"sm\" data-start=\"4044\" data-end=\"4062\">1,76 @ 0,55 \u00b5m<\/td>\n<\/tr>\n<\/tbody>\n<\/table>\n<\/div>\n<\/div>\n<h2 data-section-id=\"128v01u\" data-start=\"4069\" data-end=\"4096\">Testreszab\u00e1si lehet\u0151s\u00e9gek<\/h2>\n<p data-start=\"4098\" data-end=\"4183\">Rugalmas testreszab\u00e1si szolg\u00e1ltat\u00e1sokat ny\u00fajtunk az egyedi alkalmaz\u00e1si k\u00f6vetelm\u00e9nyek teljes\u00edt\u00e9s\u00e9hez:<\/p>\n<ul data-start=\"4185\" data-end=\"4398\">\n<li data-section-id=\"1yu1d2f\" data-start=\"4185\" data-end=\"4226\">Egyedi kupola \u00e1tm\u00e9r\u0151 \u00e9s vastags\u00e1g<\/li>\n<li data-section-id=\"r3834b\" data-start=\"4227\" data-end=\"4270\">Bels\u0151 \u00e9s k\u00fcls\u0151 g\u00f6rb\u00fcleti sug\u00e1r kialak\u00edt\u00e1sa<\/li>\n<li data-section-id=\"12bn40u\" data-start=\"4271\" data-end=\"4320\">Optikai bevonatok (AR, IR, sz\u00e9less\u00e1v\u00fa bevonatok)<\/li>\n<li data-section-id=\"1vbi42p\" data-start=\"4321\" data-end=\"4361\">Sz\u00e9lek alak\u00edt\u00e1sa \u00e9s r\u00f6gz\u00edt\u0151szerkezetek<\/li>\n<li data-section-id=\"1i4khwz\" data-start=\"4362\" data-end=\"4398\">Nagy pontoss\u00e1g\u00fa t\u0171r\u00e9sellen\u0151rz\u00e9s<\/li>\n<\/ul>\n<h2 data-section-id=\"w1cnyx\" data-start=\"4405\" data-end=\"4414\">GYIK<\/h2>\n<p data-start=\"4416\" data-end=\"4674\">1. k\u00e9rd\u00e9s: Mit\u0151l jobbak a zaf\u00edrkupol\u00e1s ablakok, mint az \u00fcveg alternat\u00edv\u00e1k?<br data-start=\"4488\" data-end=\"4491\" \/>V: A zaf\u00edr l\u00e9nyegesen nagyobb kem\u00e9nys\u00e9get, jobb h\u0151\u00e1ll\u00f3s\u00e1got \u00e9s sz\u00e9lesebb optikai \u00e1tereszt\u00e9si tartom\u00e1nyt k\u00edn\u00e1l, \u00edgy ide\u00e1lis olyan ig\u00e9nyes k\u00f6rnyezetekben, ahol az \u00fcveg meghib\u00e1sodna.<\/p>\n<p data-start=\"4676\" data-end=\"4852\">2. k\u00e9rd\u00e9s: A zaf\u00edrkupol\u00e1k bevonhat\u00f3ak a teljes\u00edtm\u00e9ny n\u00f6vel\u00e9se \u00e9rdek\u00e9ben?<br data-start=\"4738\" data-end=\"4741\" \/>V: Igen, antireflexi\u00f3s (AR), infrav\u00f6r\u00f6s (IR) \u00e9s egyedi bevonatok alkalmazhat\u00f3k az optikai hat\u00e9konys\u00e1g optimaliz\u00e1l\u00e1sa \u00e9rdek\u00e9ben.<\/p>\n<p data-start=\"4854\" data-end=\"5021\">3. k\u00e9rd\u00e9s: Alkalmasak ezek a kupol\u00e1k sz\u00e9ls\u0151s\u00e9ges k\u00f6rnyezetben?<br data-start=\"4912\" data-end=\"4915\" \/>A: Term\u00e9szetesen. A zaf\u00edrkupol\u00e1k magas h\u0151m\u00e9rs\u00e9kleten, nyom\u00e1son \u00e9s korr\u00f3zi\u00f3s k\u00f6r\u00fclm\u00e9nyek k\u00f6z\u00f6tt is megb\u00edzhat\u00f3an m\u0171k\u00f6dnek.<\/p>\n<p data-start=\"5023\" data-end=\"5167\">4. k\u00e9rd\u00e9s: T\u00e1mogatja az egyedi terveket?<br data-start=\"5061\" data-end=\"5064\" \/>V: Igen, minden kritikus param\u00e9ter testre szabhat\u00f3 az \u00d6n m\u0171szaki rajzai vagy k\u00f6vetelm\u00e9nyei szerint.<\/p>","protected":false},"excerpt":{"rendered":"<p>A Sapphire Dome Window egy nagy teljes\u00edtm\u00e9ny\u0171 optikai komponens, amelyet monokrist\u00e1lyos alum\u00ednium-oxidb\u00f3l (Al\u2082O\u2083) terveztek, \u00e9s \u00fagy tervezt\u00e9k, hogy rendk\u00edv\u00fcli teljes\u00edtm\u00e9nyt ny\u00fajtson sz\u00e9ls\u0151s\u00e9ges \u00e9s ig\u00e9nyes k\u00f6rnyezetben. A hagyom\u00e1nyos optikai anyagokkal, p\u00e9ld\u00e1ul az \u00fcveggel vagy a kvarccal \u00f6sszehasonl\u00edtva a zaf\u00edr a mechanikai szil\u00e1rds\u00e1g, a h\u0151stabilit\u00e1s \u00e9s az optikai \u00e1tl\u00e1tsz\u00f3s\u00e1g egyed\u00fcl\u00e1ll\u00f3 kombin\u00e1ci\u00f3j\u00e1t ny\u00fajtja, \u00edgy ide\u00e1lis v\u00e1laszt\u00e1s a fejlett optikai \u00e9s infrav\u00f6r\u00f6s (IR) rendszerekhez.<\/p>","protected":false},"featured_media":2311,"comment_status":"open","ping_status":"closed","template":"","meta":{"site-sidebar-layout":"default","site-content-layout":"","ast-site-content-layout":"default","site-content-style":"default","site-sidebar-style":"default","ast-global-header-display":"","ast-banner-title-visibility":"","ast-main-header-display":"","ast-hfb-above-header-display":"","ast-hfb-below-header-display":"","ast-hfb-mobile-header-display":"","site-post-title":"","ast-breadcrumbs-content":"","ast-featured-img":"","footer-sml-layout":"","ast-disable-related-posts":"","theme-transparent-header-meta":"default","adv-header-id-meta":"","stick-header-meta":"default","header-above-stick-meta":"","header-main-stick-meta":"","header-below-stick-meta":"","astra-migrate-meta-layouts":"set","ast-page-background-enabled":"default","ast-page-background-meta":{"desktop":{"background-color":"","background-image":"","background-repeat":"repeat","background-position":"center center","background-size":"auto","background-attachment":"scroll","background-type":"","background-media":"","overlay-type":"","overlay-color":"","overlay-opacity":"","overlay-gradient":""},"tablet":{"background-color":"","background-image":"","background-repeat":"repeat","background-position":"center center","background-size":"auto","background-attachment":"scroll","background-type":"","background-media":"","overlay-type":"","overlay-color":"","overlay-opacity":"","overlay-gradient":""},"mobile":{"background-color":"","background-image":"","background-repeat":"repeat","background-position":"center center","background-size":"auto","background-attachment":"scroll","background-type":"","background-media":"","overlay-type":"","overlay-color":"","overlay-opacity":"","overlay-gradient":""}},"ast-content-background-meta":{"desktop":{"background-color":"var(--ast-global-color-5)","background-image":"","background-repeat":"repeat","background-position":"center center","background-size":"auto","background-attachment":"scroll","background-type":"","background-media":"","overlay-type":"","overlay-color":"","overlay-opacity":"","overlay-gradient":""},"tablet":{"background-color":"var(--ast-global-color-5)","background-image":"","background-repeat":"repeat","background-position":"center center","background-size":"auto","background-attachment":"scroll","background-type":"","background-media":"","overlay-type":"","overlay-color":"","overlay-opacity":"","overlay-gradient":""},"mobile":{"background-color":"var(--ast-global-color-5)","background-image":"","background-repeat":"repeat","background-position":"center center","background-size":"auto","background-attachment":"scroll","background-type":"","background-media":"","overlay-type":"","overlay-color":"","overlay-opacity":"","overlay-gradient":""}}},"product_brand":[],"product_cat":[15],"product_tag":[484,96,480,481,485,478,78,482,479,483],"class_list":{"0":"post-2310","1":"product","2":"type-product","3":"status-publish","4":"has-post-thumbnail","6":"product_cat-sapphire-windows","7":"product_tag-aerospace-sapphire-dome","8":"product_tag-custom-sapphire-optics","9":"product_tag-infrared-sapphire-window","10":"product_tag-ir-dome-lens","11":"product_tag-optical-sapphire-components","12":"product_tag-sapphire-dome-window","13":"product_tag-sapphire-ir-window","14":"product_tag-sapphire-lens-for-sensors","15":"product_tag-sapphire-optical-dome","16":"product_tag-sapphire-protective-window","17":"desktop-align-left","18":"tablet-align-left","19":"mobile-align-left","20":"ast-product-gallery-layout-horizontal-slider","21":"ast-product-tabs-layout-horizontal","23":"first","24":"instock","25":"shipping-taxable","26":"product-type-simple"},"_links":{"self":[{"href":"https:\/\/www.sapphire-windows.com\/hu\/wp-json\/wp\/v2\/product\/2310","targetHints":{"allow":["GET"]}}],"collection":[{"href":"https:\/\/www.sapphire-windows.com\/hu\/wp-json\/wp\/v2\/product"}],"about":[{"href":"https:\/\/www.sapphire-windows.com\/hu\/wp-json\/wp\/v2\/types\/product"}],"replies":[{"embeddable":true,"href":"https:\/\/www.sapphire-windows.com\/hu\/wp-json\/wp\/v2\/comments?post=2310"}],"version-history":[{"count":2,"href":"https:\/\/www.sapphire-windows.com\/hu\/wp-json\/wp\/v2\/product\/2310\/revisions"}],"predecessor-version":[{"id":2316,"href":"https:\/\/www.sapphire-windows.com\/hu\/wp-json\/wp\/v2\/product\/2310\/revisions\/2316"}],"wp:featuredmedia":[{"embeddable":true,"href":"https:\/\/www.sapphire-windows.com\/hu\/wp-json\/wp\/v2\/media\/2311"}],"wp:attachment":[{"href":"https:\/\/www.sapphire-windows.com\/hu\/wp-json\/wp\/v2\/media?parent=2310"}],"wp:term":[{"taxonomy":"product_brand","embeddable":true,"href":"https:\/\/www.sapphire-windows.com\/hu\/wp-json\/wp\/v2\/product_brand?post=2310"},{"taxonomy":"product_cat","embeddable":true,"href":"https:\/\/www.sapphire-windows.com\/hu\/wp-json\/wp\/v2\/product_cat?post=2310"},{"taxonomy":"product_tag","embeddable":true,"href":"https:\/\/www.sapphire-windows.com\/hu\/wp-json\/wp\/v2\/product_tag?post=2310"}],"curies":[{"name":"wp","href":"https:\/\/api.w.org\/{rel}","templated":true}]}}