{"id":2077,"date":"2026-01-21T09:56:46","date_gmt":"2026-01-21T09:56:46","guid":{"rendered":"https:\/\/www.sapphire-windows.com\/?post_type=product&#038;p=2077"},"modified":"2026-01-21T09:56:47","modified_gmt":"2026-01-21T09:56:47","slug":"titanium-doped-sapphire-windows-tisapphire-high-hardness-transparent-optical-windows-for-protective-and-industrial-use","status":"publish","type":"product","link":"https:\/\/www.sapphire-windows.com\/hu\/product\/titanium-doped-sapphire-windows-tisapphire-high-hardness-transparent-optical-windows-for-protective-and-industrial-use\/","title":{"rendered":"Tit\u00e1nnal adal\u00e9kolt zaf\u00edr ablakok (Ti:Sapphire) Nagy kem\u00e9nys\u00e9g\u0171, \u00e1tl\u00e1tsz\u00f3 optikai ablakok v\u00e9d\u0151 \u00e9s ipari felhaszn\u00e1l\u00e1sra"},"content":{"rendered":"<h2 data-start=\"137\" data-end=\"161\">Term\u00e9k le\u00edr\u00e1sa: A term\u00e9k le\u00edr\u00e1sa: A term\u00e9k le\u00edr\u00e1sa: A term\u00e9k le\u00edr\u00e1sa: A term\u00e9k le\u00edr\u00e1sa:<img fetchpriority=\"high\" decoding=\"async\" class=\"size-medium wp-image-2078 alignright\" src=\"https:\/\/www.sapphire-windows.com\/wp-content\/uploads\/2026\/01\/Titanium-doped-Sapphire-Windows-TiSapphire-High-Hardness-Transparent-Optical-Windows-for-Protective-and-Industrial-Use-1-300x300.jpg\" alt=\"\" width=\"300\" height=\"300\" srcset=\"https:\/\/www.sapphire-windows.com\/wp-content\/uploads\/2026\/01\/Titanium-doped-Sapphire-Windows-TiSapphire-High-Hardness-Transparent-Optical-Windows-for-Protective-and-Industrial-Use-1-300x300.jpg 300w, https:\/\/www.sapphire-windows.com\/wp-content\/uploads\/2026\/01\/Titanium-doped-Sapphire-Windows-TiSapphire-High-Hardness-Transparent-Optical-Windows-for-Protective-and-Industrial-Use-1-150x150.jpg 150w, https:\/\/www.sapphire-windows.com\/wp-content\/uploads\/2026\/01\/Titanium-doped-Sapphire-Windows-TiSapphire-High-Hardness-Transparent-Optical-Windows-for-Protective-and-Industrial-Use-1-768x768.jpg 768w, https:\/\/www.sapphire-windows.com\/wp-content\/uploads\/2026\/01\/Titanium-doped-Sapphire-Windows-TiSapphire-High-Hardness-Transparent-Optical-Windows-for-Protective-and-Industrial-Use-1-600x600.jpg 600w, https:\/\/www.sapphire-windows.com\/wp-content\/uploads\/2026\/01\/Titanium-doped-Sapphire-Windows-TiSapphire-High-Hardness-Transparent-Optical-Windows-for-Protective-and-Industrial-Use-1-100x100.jpg 100w, https:\/\/www.sapphire-windows.com\/wp-content\/uploads\/2026\/01\/Titanium-doped-Sapphire-Windows-TiSapphire-High-Hardness-Transparent-Optical-Windows-for-Protective-and-Industrial-Use-1.jpg 1000w\" sizes=\"(max-width: 300px) 100vw, 300px\" \/><\/h2>\n<p data-start=\"163\" data-end=\"745\">A ZMSH bemutatja a tit\u00e1nnal adal\u00e9kolt zaf\u00edr ablakokat (Ti:Sapphire), egy rendk\u00edv\u00fcl tart\u00f3s \u00e9s \u00e1tl\u00e1tsz\u00f3 optikai megold\u00e1st, amelyet ipari, tudom\u00e1nyos \u00e9s v\u00e9delmi alkalmaz\u00e1sok sz\u00e9les k\u00f6r\u00e9nek kiel\u00e9g\u00edt\u00e9s\u00e9re terveztek. Ezek az ablakok kihaszn\u00e1lj\u00e1k a tit\u00e1nnal adal\u00e9kolt zaf\u00edr (Ti\u2083+:Al\u2082O\u2083) szil\u00e1rds\u00e1g\u00e1t \u00e9s tisztas\u00e1g\u00e1t a kiv\u00e1l\u00f3 karc\u00e1ll\u00f3s\u00e1g, h\u0151stabilit\u00e1s \u00e9s k\u00e9miai tart\u00f3ss\u00e1g \u00e9rdek\u00e9ben. B\u00e1r a Ti:Sapphire ablakok nem alkalmasak nagy pontoss\u00e1g\u00fa l\u00e9zerrendszerekhez, kiv\u00e1l\u00f3an alkalmazhat\u00f3k olyan k\u00f6rnyezetben, ahol a kem\u00e9ny k\u00f6r\u00fclm\u00e9nyekkel szembeni ellen\u00e1ll\u00f3k\u00e9pess\u00e9gre van sz\u00fcks\u00e9g, k\u00f6lts\u00e9ghat\u00e9kony v\u00e9delmet \u00e9s optikai tisztas\u00e1got biztos\u00edtanak.<\/p>\n<p data-start=\"747\" data-end=\"1170\">A 9-es Mohs-kem\u00e9nys\u00e9g\u0171 Ti:Sapphire ablakok karc\u00e1ll\u00f3s\u00e1g tekintet\u00e9ben fel\u00fclm\u00falj\u00e1k a hagyom\u00e1nyos optikai \u00fcvegek\u00e9t, \u00edgy ide\u00e1lisak v\u00e9d\u0151burkolatok, \u00e9rz\u00e9kel\u0151ablakok \u00e9s optikai alkatr\u00e9szek sz\u00e1m\u00e1ra olyan alkalmaz\u00e1sokban, amelyek kop\u00e1s\u00e1ll\u00f3s\u00e1got \u00e9s tart\u00f3ss\u00e1got ig\u00e9nyelnek. Ezek az ablakok krist\u00e1lyorient\u00e1ci\u00f3 (A- vagy C-tengely) \u00e9s m\u00e9ret tekintet\u00e9ben testre szabhat\u00f3k, \u00edgy biztos\u00edtva, hogy megfeleljenek az \u00d6n projektj\u00e9nek egyedi ig\u00e9nyeinek.<\/p>\n<h2 data-start=\"1172\" data-end=\"1189\"><img decoding=\"async\" class=\"size-medium wp-image-2080 alignleft\" src=\"https:\/\/www.sapphire-windows.com\/wp-content\/uploads\/2026\/01\/Titanium-doped-Sapphire-Windows-TiSapphire-High-Hardness-Transparent-Optical-Windows-for-Protective-and-Industrial-Use-2-300x300.png\" alt=\"\" width=\"300\" height=\"300\" srcset=\"https:\/\/www.sapphire-windows.com\/wp-content\/uploads\/2026\/01\/Titanium-doped-Sapphire-Windows-TiSapphire-High-Hardness-Transparent-Optical-Windows-for-Protective-and-Industrial-Use-2-300x300.png 300w, https:\/\/www.sapphire-windows.com\/wp-content\/uploads\/2026\/01\/Titanium-doped-Sapphire-Windows-TiSapphire-High-Hardness-Transparent-Optical-Windows-for-Protective-and-Industrial-Use-2-150x150.png 150w, https:\/\/www.sapphire-windows.com\/wp-content\/uploads\/2026\/01\/Titanium-doped-Sapphire-Windows-TiSapphire-High-Hardness-Transparent-Optical-Windows-for-Protective-and-Industrial-Use-2-768x768.png 768w, https:\/\/www.sapphire-windows.com\/wp-content\/uploads\/2026\/01\/Titanium-doped-Sapphire-Windows-TiSapphire-High-Hardness-Transparent-Optical-Windows-for-Protective-and-Industrial-Use-2-600x600.png 600w, https:\/\/www.sapphire-windows.com\/wp-content\/uploads\/2026\/01\/Titanium-doped-Sapphire-Windows-TiSapphire-High-Hardness-Transparent-Optical-Windows-for-Protective-and-Industrial-Use-2-100x100.png 100w, https:\/\/www.sapphire-windows.com\/wp-content\/uploads\/2026\/01\/Titanium-doped-Sapphire-Windows-TiSapphire-High-Hardness-Transparent-Optical-Windows-for-Protective-and-Industrial-Use-2.png 1000w\" sizes=\"(max-width: 300px) 100vw, 300px\" \/>Kulcsfontoss\u00e1g\u00fa jellemz\u0151k:<\/h2>\n<ol data-start=\"1191\" data-end=\"2362\">\n<li data-start=\"1191\" data-end=\"1471\">\n<p data-start=\"1194\" data-end=\"1471\">Kiv\u00e1l\u00f3 tart\u00f3ss\u00e1g \u00e9s karc\u00e1ll\u00f3s\u00e1g:<br data-start=\"1241\" data-end=\"1244\" \/>A Ti:Sapphire ablakokat 9-es Mohs-kem\u00e9nys\u00e9g\u0171re tervezt\u00e9k, ami a hagyom\u00e1nyos optikai \u00fcveghez k\u00e9pest 10x nagyobb karc\u00e1ll\u00f3s\u00e1got biztos\u00edt, \u00edgy t\u00f6k\u00e9letesen alkalmasak az ig\u00e9nyes k\u00f6rnyezetben t\u00f6rt\u00e9n\u0151 v\u00e9delmi alkalmaz\u00e1sokhoz.<\/p>\n<\/li>\n<li data-start=\"1473\" data-end=\"1724\">\n<p data-start=\"1476\" data-end=\"1724\">Optikai \u00e1tl\u00e1that\u00f3s\u00e1g:<br data-start=\"1501\" data-end=\"1504\" \/>A Ti:Sapphire ablakok kiv\u00e1l\u00f3 optikai tisztas\u00e1got biztos\u00edtanak, mind a l\u00e1that\u00f3, mind az infrav\u00f6r\u00f6s spektrumban nagy \u00e1tereszt\u0151k\u00e9pess\u00e9get biztos\u00edtanak, \u00e9s ide\u00e1lisak olyan optikai alkatr\u00e9szekhez, amelyek nem ig\u00e9nyelnek prec\u00edz l\u00e9zerteljes\u00edtm\u00e9nyt.<\/p>\n<\/li>\n<li data-start=\"1726\" data-end=\"2016\">\n<p data-start=\"1729\" data-end=\"2016\">K\u00e9miai \u00e9s termikus stabilit\u00e1s:<br data-start=\"1764\" data-end=\"1767\" \/>Ezek az ablakok rendk\u00edv\u00fcl ellen\u00e1ll\u00f3ak a legt\u00f6bb savval, l\u00faggal \u00e9s old\u00f3szerrel szemben, \u00edgy alkalmasak vegyi k\u00f6rnyezetekben val\u00f3 haszn\u00e1latra. Magas h\u0151m\u00e9rs\u00e9kleteknek is ellen\u00e1llnak, olvad\u00e1spontjuk 2040\u00b0C, \u00e9s 800\u00b0C-ig folyamatosan m\u0171k\u00f6dhetnek.<\/p>\n<\/li>\n<li data-start=\"2018\" data-end=\"2362\">\n<p data-start=\"2021\" data-end=\"2362\">Testreszab\u00e1si lehet\u0151s\u00e9gek:<br data-start=\"2047\" data-end=\"2050\" \/>A ZMSH teljes k\u00f6r\u0171 testreszab\u00e1st k\u00edn\u00e1l a krist\u00e1lyok orient\u00e1ci\u00f3ja (A-tengely, C-tengely), m\u00e9rete \u00e9s fel\u00fcletkezel\u00e9se tekintet\u00e9ben, bele\u00e9rtve a pol\u00edroz\u00e1st is a nagy \u00e1tl\u00e1that\u00f3s\u00e1g \u00e9rdek\u00e9ben. Ez biztos\u00edtja, hogy az ablakok megfeleljenek az egyedi ig\u00e9nyeknek, legyen sz\u00f3 tudom\u00e1nyos kutat\u00e1sr\u00f3l, \u00e9rz\u00e9kel\u0151v\u00e9delemr\u0151l vagy ipari alkalmaz\u00e1sokr\u00f3l.<\/p>\n<\/li>\n<\/ol>\n<h3 data-start=\"2369\" data-end=\"2402\">M\u0171szaki specifik\u00e1ci\u00f3k:<\/h3>\n<div class=\"TyagGW_tableContainer\">\n<div class=\"group TyagGW_tableWrapper flex flex-col-reverse w-fit\" tabindex=\"-1\">\n<table class=\"w-fit min-w-(--thread-content-width)\" data-start=\"2404\" data-end=\"3355\">\n<thead data-start=\"2404\" data-end=\"2480\">\n<tr data-start=\"2404\" data-end=\"2480\">\n<th data-start=\"2404\" data-end=\"2435\" data-col-size=\"sm\">Ingatlan<\/th>\n<th data-start=\"2435\" data-end=\"2480\" data-col-size=\"md\">\u00c9rt\u00e9k<\/th>\n<\/tr>\n<\/thead>\n<tbody data-start=\"2558\" data-end=\"3355\">\n<tr data-start=\"2558\" data-end=\"2635\">\n<td data-start=\"2558\" data-end=\"2590\" data-col-size=\"sm\">Anyag<\/td>\n<td data-col-size=\"md\" data-start=\"2590\" data-end=\"2635\">Tit\u00e1nnal adal\u00e9kolt zaf\u00edr (Ti\u2083+:Al\u2082O\u2083)<\/td>\n<\/tr>\n<tr data-start=\"2636\" data-end=\"2713\">\n<td data-start=\"2636\" data-end=\"2668\" data-col-size=\"sm\">S\u0171r\u0171s\u00e9g<\/td>\n<td data-col-size=\"md\" data-start=\"2668\" data-end=\"2713\">3,98 g\/cm\u00b3<\/td>\n<\/tr>\n<tr data-start=\"2714\" data-end=\"2791\">\n<td data-start=\"2714\" data-end=\"2746\" data-col-size=\"sm\">Olvad\u00e1spont<\/td>\n<td data-col-size=\"md\" data-start=\"2746\" data-end=\"2791\">2040\u00b0C<\/td>\n<\/tr>\n<tr data-start=\"2792\" data-end=\"2869\">\n<td data-start=\"2792\" data-end=\"2824\" data-col-size=\"sm\">Mohs kem\u00e9nys\u00e9g<\/td>\n<td data-col-size=\"md\" data-start=\"2824\" data-end=\"2869\">9<\/td>\n<\/tr>\n<tr data-start=\"2870\" data-end=\"2947\">\n<td data-start=\"2870\" data-end=\"2902\" data-col-size=\"sm\">H\u0151vezet\u0151 k\u00e9pess\u00e9g<\/td>\n<td data-start=\"2902\" data-end=\"2947\" data-col-size=\"md\">52 W\/m-K<\/td>\n<\/tr>\n<tr data-start=\"2948\" data-end=\"3025\">\n<td data-start=\"2948\" data-end=\"2980\" data-col-size=\"sm\">Krist\u00e1ly orient\u00e1ci\u00f3<\/td>\n<td data-col-size=\"md\" data-start=\"2980\" data-end=\"3025\">A-tengely \/ C-tengely (testreszabhat\u00f3)<\/td>\n<\/tr>\n<tr data-start=\"3026\" data-end=\"3103\">\n<td data-start=\"3026\" data-end=\"3058\" data-col-size=\"sm\">M\u00e9ret<\/td>\n<td data-col-size=\"md\" data-start=\"3058\" data-end=\"3103\">Testreszabhat\u00f3 (specifik\u00e1ci\u00f3k\u00e9rt forduljon hozz\u00e1nk)<\/td>\n<\/tr>\n<tr data-start=\"3104\" data-end=\"3181\">\n<td data-start=\"3104\" data-end=\"3136\" data-col-size=\"sm\">T\u00f6r\u00e9smutat\u00f3<\/td>\n<td data-col-size=\"md\" data-start=\"3136\" data-end=\"3181\">~1,76 (800 nm-en)<\/td>\n<\/tr>\n<tr data-start=\"3182\" data-end=\"3259\">\n<td data-start=\"3182\" data-end=\"3214\" data-col-size=\"sm\">Fel\u00fcletkezel\u00e9s<\/td>\n<td data-col-size=\"md\" data-start=\"3214\" data-end=\"3259\">Pol\u00edrozott a nagy \u00e1tl\u00e1that\u00f3s\u00e1g \u00e9rdek\u00e9ben<\/td>\n<\/tr>\n<tr data-start=\"3260\" data-end=\"3355\">\n<td data-start=\"3260\" data-end=\"3292\" data-col-size=\"sm\">\u00dczemi h\u0151m\u00e9rs\u00e9klet<\/td>\n<td data-start=\"3292\" data-end=\"3355\" data-col-size=\"md\">Folyamatosan 800\u00b0C-ig, r\u00f6vid t\u00e1v\u00fa t\u0171r\u00e9shat\u00e1r 1800\u00b0C-ig<\/td>\n<\/tr>\n<\/tbody>\n<\/table>\n<\/div>\n<\/div>\n<h3 data-start=\"3362\" data-end=\"3391\">Els\u0151dleges alkalmaz\u00e1sok:<img decoding=\"async\" class=\"size-medium wp-image-2079 alignright\" src=\"https:\/\/www.sapphire-windows.com\/wp-content\/uploads\/2026\/01\/Titanium-doped-Sapphire-Windows-TiSapphire-High-Hardness-Transparent-Optical-Windows-for-Protective-and-Industrial-Use-1-300x300.png\" alt=\"\" width=\"300\" height=\"300\" srcset=\"https:\/\/www.sapphire-windows.com\/wp-content\/uploads\/2026\/01\/Titanium-doped-Sapphire-Windows-TiSapphire-High-Hardness-Transparent-Optical-Windows-for-Protective-and-Industrial-Use-1-300x300.png 300w, https:\/\/www.sapphire-windows.com\/wp-content\/uploads\/2026\/01\/Titanium-doped-Sapphire-Windows-TiSapphire-High-Hardness-Transparent-Optical-Windows-for-Protective-and-Industrial-Use-1-150x150.png 150w, https:\/\/www.sapphire-windows.com\/wp-content\/uploads\/2026\/01\/Titanium-doped-Sapphire-Windows-TiSapphire-High-Hardness-Transparent-Optical-Windows-for-Protective-and-Industrial-Use-1-768x768.png 768w, https:\/\/www.sapphire-windows.com\/wp-content\/uploads\/2026\/01\/Titanium-doped-Sapphire-Windows-TiSapphire-High-Hardness-Transparent-Optical-Windows-for-Protective-and-Industrial-Use-1-600x600.png 600w, https:\/\/www.sapphire-windows.com\/wp-content\/uploads\/2026\/01\/Titanium-doped-Sapphire-Windows-TiSapphire-High-Hardness-Transparent-Optical-Windows-for-Protective-and-Industrial-Use-1-100x100.png 100w, https:\/\/www.sapphire-windows.com\/wp-content\/uploads\/2026\/01\/Titanium-doped-Sapphire-Windows-TiSapphire-High-Hardness-Transparent-Optical-Windows-for-Protective-and-Industrial-Use-1.png 1000w\" sizes=\"(max-width: 300px) 100vw, 300px\" \/><\/h3>\n<ol data-start=\"3393\" data-end=\"4393\">\n<li data-start=\"3393\" data-end=\"3659\">\n<p data-start=\"3396\" data-end=\"3659\">V\u00e9d\u0151ablakok:<br data-start=\"3419\" data-end=\"3422\" \/>A Ti:Sapphire ablakok kiv\u00e9teles tart\u00f3ss\u00e1got \u00e9s vegyi ellen\u00e1ll\u00e1st biztos\u00edtanak, \u00edgy ide\u00e1lis v\u00e9d\u0151burkolatul szolg\u00e1lnak a zord k\u00f6r\u00fclm\u00e9nyeknek kitett \u00e9rz\u00e9keny m\u0171szerek, optikai \u00e9rz\u00e9kel\u0151k \u00e9s ipari berendez\u00e9sek sz\u00e1m\u00e1ra.<\/p>\n<\/li>\n<li data-start=\"3661\" data-end=\"3905\">\n<p data-start=\"3664\" data-end=\"3905\">Optikai alkatr\u00e9szek:<br data-start=\"3687\" data-end=\"3690\" \/>Ezeket az ablakokat optikai alkatr\u00e9szk\u00e9nt, p\u00e9ld\u00e1ul sz\u0171r\u0151k\u00e9nt, lencsek\u00e9nt vagy l\u00e1t\u00f3ny\u00edl\u00e1sk\u00e9nt haszn\u00e1lj\u00e1k, ahol kop\u00e1s\u00e1ll\u00f3s\u00e1gra \u00e9s f\u00e9ny\u00e1tereszt\u00e9sre van sz\u00fcks\u00e9g, de a nagy l\u00e9zeres pontoss\u00e1g nem elengedhetetlen.<\/p>\n<\/li>\n<li data-start=\"3907\" data-end=\"4139\">\n<p data-start=\"3910\" data-end=\"4139\">\u00c9rz\u00e9kel\u0151v\u00e9delem:<br data-start=\"3932\" data-end=\"3935\" \/>A Ti:Sapphire ablakokat \u00e1ltal\u00e1ban az optikai \u00e9rz\u00e9kel\u0151k fizikai k\u00e1rosod\u00e1st\u00f3l \u00e9s k\u00e9miai er\u00f3zi\u00f3t\u00f3l val\u00f3 v\u00e9delm\u00e9re haszn\u00e1lj\u00e1k olyan k\u00f6rnyezetben, mint a f\u00e9lvezet\u0151gy\u00e1rt\u00e1s \u00e9s a rep\u00fcl\u0151g\u00e9pipar.<\/p>\n<\/li>\n<li data-start=\"4141\" data-end=\"4393\">\n<p data-start=\"4144\" data-end=\"4393\">Tudom\u00e1nyos kutat\u00e1s \u00e9s ipari felhaszn\u00e1l\u00e1s:<br data-start=\"4187\" data-end=\"4190\" \/>Ezek az ablakok j\u00f3l alkalmazhat\u00f3k nagynyom\u00e1s\u00fa vagy magas h\u0151m\u00e9rs\u00e9klet\u0171 k\u00f6rnyezetben, megb\u00edzhat\u00f3 teljes\u00edtm\u00e9nyt ny\u00fajtanak a tudom\u00e1nyos kutat\u00f3laborat\u00f3riumokban \u00e9s az ipari megfigyel\u0151rendszerekben.<\/p>\n<\/li>\n<\/ol>\n<h3 data-start=\"4400\" data-end=\"4427\">Gy\u00e1rt\u00e1si folyamat:<\/h3>\n<ol data-start=\"4429\" data-end=\"5208\">\n<li data-start=\"4429\" data-end=\"4583\">\n<p data-start=\"4432\" data-end=\"4583\">Nyersanyag-el\u0151k\u00e9sz\u00edt\u00e9s:<br data-start=\"4461\" data-end=\"4464\" \/>A kiv\u00e1l\u00f3 min\u0151s\u00e9g\u0171 Ti:Sapphire krist\u00e1ly el\u0151\u00e1ll\u00edt\u00e1s\u00e1hoz nagy tisztas\u00e1g\u00fa zaf\u00edrt (Al\u2082O\u2083) \u00e9s tit\u00e1niumforr\u00e1sokat v\u00e1lasztunk.<\/p>\n<\/li>\n<li data-start=\"4585\" data-end=\"4757\">\n<p data-start=\"4588\" data-end=\"4757\">Dopping:<br data-start=\"4599\" data-end=\"4602\" \/>A tit\u00e1n be\u00e9p\u00edt\u00e9se a zaf\u00edrkrist\u00e1lyba adal\u00e9kol\u00e1si technik\u00e1k seg\u00edts\u00e9g\u00e9vel t\u00f6rt\u00e9nik, amely olyan m\u00f3dszerekkel v\u00e9gezhet\u0151, mint a h\u0151m\u00e9rs\u00e9klet-gradiens technika (TGT).<\/p>\n<\/li>\n<li data-start=\"4759\" data-end=\"4995\">\n<p data-start=\"4762\" data-end=\"4995\">Krist\u00e1lyn\u00f6veked\u00e9s:<br data-start=\"4781\" data-end=\"4784\" \/>A krist\u00e1lyokat Czochralski (CZ) vagy TGT technik\u00e1val n\u00f6vesztik, ami nagy tisztas\u00e1got \u00e9s egyenletess\u00e9get biztos\u00edt, b\u00e1r az optikai min\u0151s\u00e9g nem felt\u00e9tlen\u00fcl felel meg a nagy pontoss\u00e1g\u00fa l\u00e9zerrendszerek sz\u00e9ls\u0151s\u00e9ges k\u00f6vetelm\u00e9nyeinek.<\/p>\n<\/li>\n<li data-start=\"4997\" data-end=\"5208\">\n<p data-start=\"5000\" data-end=\"5208\">V\u00e1g\u00e1s \u00e9s pol\u00edroz\u00e1s:<br data-start=\"5026\" data-end=\"5029\" \/>A krist\u00e1lyn\u00f6veszt\u00e9s ut\u00e1n az anyagot gondosan leh\u0171tik, ablakokra v\u00e1gj\u00e1k, \u00e9s mechanikusan pol\u00edrozz\u00e1k, hogy el\u00e9rj\u00e9k a k\u00edv\u00e1nt fel\u00fcletet \u00e9s \u00e1tl\u00e1tsz\u00f3s\u00e1got.<\/p>\n<\/li>\n<\/ol>\n<h3 data-start=\"5215\" data-end=\"5256\">Gyakran ism\u00e9telt k\u00e9rd\u00e9sek (GYIK):<\/h3>\n<ol data-start=\"5258\" data-end=\"6535\">\n<li data-start=\"5258\" data-end=\"5581\">\n<p data-start=\"5261\" data-end=\"5581\">Mit\u0151l tart\u00f3sabbak a Ti:Sapphire ablakok, mint a hagyom\u00e1nyos zaf\u00edr ablakok?<br data-start=\"5340\" data-end=\"5343\" \/>A Ti:Sapphire ablakok a hagyom\u00e1nyos zaf\u00edr ablakokhoz k\u00e9pest fokozott vegyi ellen\u00e1ll\u00e1st \u00e9s karc\u00e1ll\u00f3s\u00e1got biztos\u00edtanak, \u00edgy ide\u00e1lisak a fizikai kop\u00e1ssal vagy vegyi anyagokkal \u00e9rintkez\u0151 k\u00f6rnyezetben t\u00f6rt\u00e9n\u0151 v\u00e9d\u0151 alkalmaz\u00e1sokhoz.<\/p>\n<\/li>\n<li data-start=\"5583\" data-end=\"5932\">\n<p data-start=\"5586\" data-end=\"5932\">Alkalmasak-e a Ti:Sapphire ablakok a nagy pontoss\u00e1g\u00fa l\u00e9zeralkalmaz\u00e1sokhoz?<br data-start=\"5661\" data-end=\"5664\" \/>A Ti:Sapphire ablakok \u00e1ltal\u00e1ban nem aj\u00e1nlottak nagy pontoss\u00e1g\u00fa l\u00e9zeralkalmaz\u00e1sokhoz, mivel nem biztos\u00edtj\u00e1k a nagy teljes\u00edtm\u00e9ny\u0171 l\u00e9zerekhez sz\u00fcks\u00e9ges optikai egyenletess\u00e9get. Azonban j\u00f3l teljes\u00edtenek az \u00e1ltal\u00e1nos optikai alkatr\u00e9szek \u00e9s az \u00e9rz\u00e9kel\u0151k v\u00e9delm\u00e9ben.<\/p>\n<\/li>\n<li data-start=\"5934\" data-end=\"6234\">\n<p data-start=\"5937\" data-end=\"6234\">A Ti:Sapphire ablakok testreszabhat\u00f3k speci\u00e1lis alkalmaz\u00e1sokhoz?<br data-start=\"6005\" data-end=\"6008\" \/>Igen, a Ti:Sapphire ablakok testre szabhat\u00f3k a krist\u00e1lyok orient\u00e1ci\u00f3ja (A-tengely, C-tengely), m\u00e9rete \u00e9s fel\u00fcletkezel\u00e9se tekintet\u00e9ben, hogy megfeleljenek a k\u00fcl\u00f6nb\u00f6z\u0151 ipari \u00e9s tudom\u00e1nyos alkalmaz\u00e1sok speci\u00e1lis ig\u00e9nyeinek.<\/p>\n<\/li>\n<li data-start=\"6236\" data-end=\"6535\">\n<p data-start=\"6239\" data-end=\"6535\">Milyen ipar\u00e1gakban haszn\u00e1lnak Ti:Sapphire ablakokat?<br data-start=\"6283\" data-end=\"6286\" \/>A Ti:Sapphire ablakokat olyan ipar\u00e1gakban haszn\u00e1lj\u00e1k, mint a f\u00e9lvezet\u0151k, a rep\u00fcl\u0151g\u00e9pipar, a v\u00e9delmi ipar, az orvostechnikai eszk\u00f6z\u00f6k \u00e9s a tudom\u00e1nyos kutat\u00e1s, ahol tart\u00f3ss\u00e1guk, k\u00e9miai ellen\u00e1ll\u00e1suk \u00e9s h\u0151stabilit\u00e1suk alapvet\u0151 fontoss\u00e1g\u00fa.<\/p>\n<\/li>\n<\/ol>","protected":false},"excerpt":{"rendered":"<p>A ZMSH bemutatja a tit\u00e1nnal adal\u00e9kolt zaf\u00edr ablakokat (Ti:Sapphire), egy rendk\u00edv\u00fcl tart\u00f3s \u00e9s \u00e1tl\u00e1tsz\u00f3 optikai megold\u00e1st, amelyet ipari, tudom\u00e1nyos \u00e9s v\u00e9delmi alkalmaz\u00e1sok sz\u00e9les k\u00f6r\u00e9nek kiel\u00e9g\u00edt\u00e9s\u00e9re terveztek.<\/p>","protected":false},"featured_media":2078,"comment_status":"open","ping_status":"closed","template":"","meta":{"site-sidebar-layout":"default","site-content-layout":"","ast-site-content-layout":"default","site-content-style":"default","site-sidebar-style":"default","ast-global-header-display":"","ast-banner-title-visibility":"","ast-main-header-display":"","ast-hfb-above-header-display":"","ast-hfb-below-header-display":"","ast-hfb-mobile-header-display":"","site-post-title":"","ast-breadcrumbs-content":"","ast-featured-img":"","footer-sml-layout":"","ast-disable-related-posts":"","theme-transparent-header-meta":"default","adv-header-id-meta":"","stick-header-meta":"default","header-above-stick-meta":"","header-main-stick-meta":"","header-below-stick-meta":"","astra-migrate-meta-layouts":"set","ast-page-background-enabled":"default","ast-page-background-meta":{"desktop":{"background-color":"","background-image":"","background-repeat":"repeat","background-position":"center center","background-size":"auto","background-attachment":"scroll","background-type":"","background-media":"","overlay-type":"","overlay-color":"","overlay-opacity":"","overlay-gradient":""},"tablet":{"background-color":"","background-image":"","background-repeat":"repeat","background-position":"center center","background-size":"auto","background-attachment":"scroll","background-type":"","background-media":"","overlay-type":"","overlay-color":"","overlay-opacity":"","overlay-gradient":""},"mobile":{"background-color":"","background-image":"","background-repeat":"repeat","background-position":"center center","background-size":"auto","background-attachment":"scroll","background-type":"","background-media":"","overlay-type":"","overlay-color":"","overlay-opacity":"","overlay-gradient":""}},"ast-content-background-meta":{"desktop":{"background-color":"var(--ast-global-color-5)","background-image":"","background-repeat":"repeat","background-position":"center center","background-size":"auto","background-attachment":"scroll","background-type":"","background-media":"","overlay-type":"","overlay-color":"","overlay-opacity":"","overlay-gradient":""},"tablet":{"background-color":"var(--ast-global-color-5)","background-image":"","background-repeat":"repeat","background-position":"center center","background-size":"auto","background-attachment":"scroll","background-type":"","background-media":"","overlay-type":"","overlay-color":"","overlay-opacity":"","overlay-gradient":""},"mobile":{"background-color":"var(--ast-global-color-5)","background-image":"","background-repeat":"repeat","background-position":"center center","background-size":"auto","background-attachment":"scroll","background-type":"","background-media":"","overlay-type":"","overlay-color":"","overlay-opacity":"","overlay-gradient":""}}},"product_brand":[],"product_cat":[15],"product_tag":[145,142,143,144,140,141],"class_list":{"0":"post-2077","1":"product","2":"type-product","3":"status-publish","4":"has-post-thumbnail","6":"product_cat-sapphire-windows","7":"product_tag-durable-optical-windows","8":"product_tag-optical-windows","9":"product_tag-protective-sapphire-windows","10":"product_tag-sensor-protection-windows","11":"product_tag-tisapphire-window","12":"product_tag-titanium-sapphire-window","13":"desktop-align-left","14":"tablet-align-left","15":"mobile-align-left","16":"ast-product-gallery-layout-horizontal-slider","17":"ast-product-tabs-layout-horizontal","19":"first","20":"instock","21":"shipping-taxable","22":"product-type-simple"},"_links":{"self":[{"href":"https:\/\/www.sapphire-windows.com\/hu\/wp-json\/wp\/v2\/product\/2077","targetHints":{"allow":["GET"]}}],"collection":[{"href":"https:\/\/www.sapphire-windows.com\/hu\/wp-json\/wp\/v2\/product"}],"about":[{"href":"https:\/\/www.sapphire-windows.com\/hu\/wp-json\/wp\/v2\/types\/product"}],"replies":[{"embeddable":true,"href":"https:\/\/www.sapphire-windows.com\/hu\/wp-json\/wp\/v2\/comments?post=2077"}],"version-history":[{"count":2,"href":"https:\/\/www.sapphire-windows.com\/hu\/wp-json\/wp\/v2\/product\/2077\/revisions"}],"predecessor-version":[{"id":2082,"href":"https:\/\/www.sapphire-windows.com\/hu\/wp-json\/wp\/v2\/product\/2077\/revisions\/2082"}],"wp:featuredmedia":[{"embeddable":true,"href":"https:\/\/www.sapphire-windows.com\/hu\/wp-json\/wp\/v2\/media\/2078"}],"wp:attachment":[{"href":"https:\/\/www.sapphire-windows.com\/hu\/wp-json\/wp\/v2\/media?parent=2077"}],"wp:term":[{"taxonomy":"product_brand","embeddable":true,"href":"https:\/\/www.sapphire-windows.com\/hu\/wp-json\/wp\/v2\/product_brand?post=2077"},{"taxonomy":"product_cat","embeddable":true,"href":"https:\/\/www.sapphire-windows.com\/hu\/wp-json\/wp\/v2\/product_cat?post=2077"},{"taxonomy":"product_tag","embeddable":true,"href":"https:\/\/www.sapphire-windows.com\/hu\/wp-json\/wp\/v2\/product_tag?post=2077"}],"curies":[{"name":"wp","href":"https:\/\/api.w.org\/{rel}","templated":true}]}}