{"id":2072,"date":"2026-01-21T09:23:50","date_gmt":"2026-01-21T09:23:50","guid":{"rendered":"https:\/\/www.sapphire-windows.com\/?post_type=product&#038;p=2072"},"modified":"2026-02-10T15:37:16","modified_gmt":"2026-02-10T15:37:16","slug":"circular-sapphire-windows-high-transmittance-90-sapphire-glass-for-laser-applications","status":"publish","type":"product","link":"https:\/\/www.sapphire-windows.com\/hu\/product\/circular-sapphire-windows-high-transmittance-90-sapphire-glass-for-laser-applications\/","title":{"rendered":"K\u00f6r alak\u00fa zaf\u00edr ablakok Nagy \u00e1tereszt\u0151k\u00e9pess\u00e9g\u0171 90% zaf\u00edr\u00fcveg l\u00e9zeres alkalmaz\u00e1sokhoz"},"content":{"rendered":"<h2 data-start=\"115\" data-end=\"139\">Term\u00e9k le\u00edr\u00e1sa: A term\u00e9k le\u00edr\u00e1sa: A term\u00e9k le\u00edr\u00e1sa: A term\u00e9k le\u00edr\u00e1sa: A term\u00e9k le\u00edr\u00e1sa:<\/h2>\n<p data-start=\"141\" data-end=\"726\">A ZMSH k\u00f6r alak\u00fa zaf\u00edr ablakai 99,999% tiszta egykrist\u00e1lyos zaf\u00edrb\u00f3l (Al\u2082O\u2083) k\u00e9sz\u00fclt nagy teljes\u00edtm\u00e9ny\u0171 optikai alkatr\u00e9szek. Az ig\u00e9nyes alkalmaz\u00e1sokhoz tervezett zaf\u00edr ablakok t\u00f6bb mint 90% \u00e1tereszt\u0151k\u00e9pess\u00e9get biztos\u00edtanak sz\u00e9les spektrumban (250nm-5500nm), k\u00fcl\u00f6n\u00f6sen az infrav\u00f6r\u00f6s tartom\u00e1nyban (3-5\u03bcm MIR) jeleskedve, \u00edgy ide\u00e1lisak l\u00e9zerrendszerekhez, f\u00e9lvezet\u0151 berendez\u00e9sekhez, magas h\u0151m\u00e9rs\u00e9klet\u0171 ipari megfigyel\u00e9shez \u00e9s \u0171rkutat\u00e1si m\u0171szerekhez. \u00c1ltal\u00e1nosan haszn\u00e1lj\u00e1k \u0151ket tudom\u00e1nyos m\u0171szerekben, orvosi eszk\u00f6z\u00f6kben \u00e9s optikai \u00e9rz\u00e9kel\u0151kben is.<\/p>\n<p data-start=\"141\" data-end=\"726\"><img fetchpriority=\"high\" decoding=\"async\" class=\"size-medium wp-image-2075 alignright\" src=\"https:\/\/www.sapphire-windows.com\/wp-content\/uploads\/2026\/01\/Circular-Sapphire-Windows-High-Transmittance-90-Sapphire-Glass-for-Laser-Applications-3-300x300.webp\" alt=\"\" width=\"300\" height=\"300\" srcset=\"https:\/\/www.sapphire-windows.com\/wp-content\/uploads\/2026\/01\/Circular-Sapphire-Windows-High-Transmittance-90-Sapphire-Glass-for-Laser-Applications-3-300x300.webp 300w, https:\/\/www.sapphire-windows.com\/wp-content\/uploads\/2026\/01\/Circular-Sapphire-Windows-High-Transmittance-90-Sapphire-Glass-for-Laser-Applications-3-150x150.webp 150w, https:\/\/www.sapphire-windows.com\/wp-content\/uploads\/2026\/01\/Circular-Sapphire-Windows-High-Transmittance-90-Sapphire-Glass-for-Laser-Applications-3-600x600.webp 600w, https:\/\/www.sapphire-windows.com\/wp-content\/uploads\/2026\/01\/Circular-Sapphire-Windows-High-Transmittance-90-Sapphire-Glass-for-Laser-Applications-3-100x100.webp 100w, https:\/\/www.sapphire-windows.com\/wp-content\/uploads\/2026\/01\/Circular-Sapphire-Windows-High-Transmittance-90-Sapphire-Glass-for-Laser-Applications-3.webp 750w\" sizes=\"(max-width: 300px) 100vw, 300px\" \/><\/p>\n<p data-start=\"728\" data-end=\"1237\">A 9-es Mohs-kem\u00e9nys\u00e9g\u0171 zaf\u00edr 10-szer nagyobb karc\u00e1ll\u00f3s\u00e1got biztos\u00edt, mint a hagyom\u00e1nyos optikai \u00fcveg, \u00edgy m\u00e9g nagy ig\u00e9nybev\u00e9telnek kitett k\u00f6rnyezetben is tart\u00f3s. Magas, 2040\u00b0C-os olvad\u00e1spontj\u00e1nak k\u00f6sz\u00f6nhet\u0151en a zaf\u00edr\u00fcvegek sz\u00e9ls\u0151s\u00e9ges h\u0151s\u00e9gben is megb\u00edzhat\u00f3an m\u0171k\u00f6dnek, ak\u00e1r 800\u00b0C-os folyamatos m\u0171k\u00f6d\u00e9ssel \u00e9s 1800\u00b0C-os r\u00f6vid t\u00e1v\u00fa t\u0171r\u00e9ssel. Ezenk\u00edv\u00fcl ezek az ablakok k\u00e9miailag ellen\u00e1llnak a legt\u00f6bb savnak, l\u00fagnak \u00e9s old\u00f3szernek, \u00edgy alkalmasak a zord ipari \u00e9s vegyi k\u00f6rnyezetekben val\u00f3 haszn\u00e1latra.<\/p>\n<p data-start=\"1239\" data-end=\"1746\">A ZMSH a m\u00e9ret (5 mm-t\u0151l 300 mm \u00e1tm\u00e9r\u0151ig) \u00e9s a vastags\u00e1g (0,3 mm-t\u0151l 20 mm-ig) testreszab\u00e1s\u00e1t k\u00edn\u00e1lja, valamint k\u00fcl\u00f6nb\u00f6z\u0151 bevonatokat, p\u00e9ld\u00e1ul AR (antireflexi\u00f3s) bevonatokat, nagy f\u00e9ny\u00e1tereszt\u0151 k\u00e9pess\u00e9g\u0171 bevonatokat \u00e9s szennyez\u0151d\u00e9sg\u00e1tl\u00f3 bevonatokat. Fejlett CNC megmunk\u00e1l\u00e1si \u00e9s l\u00e9zeres feldolgoz\u00e1si technol\u00f3gi\u00e1k alkalmaz\u00e1s\u00e1val prec\u00edz, sz\u0171k t\u0171r\u00e9seket (\u00b10,01 mm) \u00e9s magas fel\u00fcleti min\u0151s\u00e9get (ak\u00e1r \u03bb\/10 s\u00edkoss\u00e1g) biztos\u00edtunk, biztos\u00edtva, hogy az ablakok megfeleljenek az optikai rendszerek szigor\u00fa k\u00f6vetelm\u00e9nyeinek.<\/p>\n<h2 data-start=\"1648\" data-end=\"1665\">Kulcsfontoss\u00e1g\u00fa jellemz\u0151k:<\/h2>\n<ol data-start=\"1667\" data-end=\"2636\">\n<li data-start=\"1667\" data-end=\"1883\">\n<p data-start=\"1670\" data-end=\"1704\">Kiv\u00e1l\u00f3 optikai teljes\u00edtm\u00e9ny:<\/p>\n<ul data-start=\"1708\" data-end=\"1883\">\n<li data-start=\"1708\" data-end=\"1883\">\n<p data-start=\"1710\" data-end=\"1883\">250 nm-t\u0151l 5500 nm-ig &gt;90% \u00e1tereszt\u0151k\u00e9pess\u00e9get \u00e9r el, kiemelked\u0151 az infrav\u00f6r\u00f6s (3-5\u03bcm) tartom\u00e1nyban, \u00edgy t\u00f6k\u00e9letes l\u00e9zeres \u00e9s infrav\u00f6r\u00f6s k\u00e9palkot\u00f3 alkalmaz\u00e1sokhoz.<\/p>\n<\/li>\n<\/ul>\n<\/li>\n<li data-start=\"1885\" data-end=\"2113\">\n<p data-start=\"1888\" data-end=\"1924\">Kiv\u00e9teles mechanikai szil\u00e1rds\u00e1g:<img decoding=\"async\" class=\"size-medium wp-image-2073 alignleft\" src=\"https:\/\/www.sapphire-windows.com\/wp-content\/uploads\/2026\/01\/Circular-Sapphire-Windows-High-Transmittance-90-Sapphire-Glass-for-Laser-Applications-1-300x300.webp\" alt=\"\" width=\"300\" height=\"300\" srcset=\"https:\/\/www.sapphire-windows.com\/wp-content\/uploads\/2026\/01\/Circular-Sapphire-Windows-High-Transmittance-90-Sapphire-Glass-for-Laser-Applications-1-300x300.webp 300w, https:\/\/www.sapphire-windows.com\/wp-content\/uploads\/2026\/01\/Circular-Sapphire-Windows-High-Transmittance-90-Sapphire-Glass-for-Laser-Applications-1-150x150.webp 150w, https:\/\/www.sapphire-windows.com\/wp-content\/uploads\/2026\/01\/Circular-Sapphire-Windows-High-Transmittance-90-Sapphire-Glass-for-Laser-Applications-1-600x600.webp 600w, https:\/\/www.sapphire-windows.com\/wp-content\/uploads\/2026\/01\/Circular-Sapphire-Windows-High-Transmittance-90-Sapphire-Glass-for-Laser-Applications-1-100x100.webp 100w, https:\/\/www.sapphire-windows.com\/wp-content\/uploads\/2026\/01\/Circular-Sapphire-Windows-High-Transmittance-90-Sapphire-Glass-for-Laser-Applications-1.webp 750w\" sizes=\"(max-width: 300px) 100vw, 300px\" \/><\/p>\n<ul data-start=\"1928\" data-end=\"2113\">\n<li data-start=\"1928\" data-end=\"2113\">\n<p data-start=\"1930\" data-end=\"2113\">A 9-es Mohs-kem\u00e9nys\u00e9g\u0171 zaf\u00edr ablak 10x jobb karc\u00e1ll\u00f3s\u00e1got biztos\u00edt, mint a hagyom\u00e1nyos optikai \u00fcveg, \u00edgy hossz\u00fa \u00e9lettartamot biztos\u00edt nagy ig\u00e9nybev\u00e9tel\u0171 \u00e9s koptat\u00f3 k\u00f6rnyezetekben.<\/p>\n<\/li>\n<\/ul>\n<\/li>\n<li data-start=\"2115\" data-end=\"2399\">\n<p data-start=\"2118\" data-end=\"2155\">Extr\u00e9m k\u00f6rnyezeti ellen\u00e1ll\u00e1s:<\/p>\n<ul data-start=\"2159\" data-end=\"2399\">\n<li data-start=\"2159\" data-end=\"2235\">\n<p data-start=\"2161\" data-end=\"2235\">Olvad\u00e1spont: 2040\u00b0C, alkalmas magas h\u0151m\u00e9rs\u00e9klet\u0171 k\u00f6rnyezetben.<\/p>\n<\/li>\n<li data-start=\"2239\" data-end=\"2319\">\n<p data-start=\"2241\" data-end=\"2319\">Folyamatosan 800\u00b0C-on m\u0171k\u00f6dik, r\u00f6vid t\u00e1v\u00fa t\u0171r\u00e9shat\u00e1r 1800\u00b0C-ig.<\/p>\n<\/li>\n<li data-start=\"2323\" data-end=\"2399\">\n<p data-start=\"2325\" data-end=\"2399\">K\u00e9miai ellen\u00e1ll\u00e1s: (pH 1-13): Stabil savas\/l\u00fagos k\u00f6rnyezetben (pH 1-13).<\/p>\n<\/li>\n<\/ul>\n<\/li>\n<li data-start=\"2401\" data-end=\"2636\">\n<p data-start=\"2404\" data-end=\"2427\">H\u0151stabilit\u00e1s:<\/p>\n<ul data-start=\"2431\" data-end=\"2636\">\n<li data-start=\"2431\" data-end=\"2636\">\n<p data-start=\"2433\" data-end=\"2636\">Az 5,3\u00d710-\u2076\/\u00b0C alacsony h\u0151t\u00e1gul\u00e1si egy\u00fctthat\u00f3ja biztos\u00edtja az optikai fel\u00fclet pontoss\u00e1g\u00e1t m\u00e9g gyors h\u0151ciklusok eset\u00e9n is, \u00edgy ide\u00e1lis az ingadoz\u00f3 h\u0151m\u00e9rs\u00e9klet\u0171 prec\u00edzi\u00f3s alkalmaz\u00e1sokhoz.<\/p>\n<\/li>\n<\/ul>\n<\/li>\n<\/ol>\n<h2 data-start=\"2643\" data-end=\"2672\">M\u0171szaki specifik\u00e1ci\u00f3k:<\/h2>\n<ul data-start=\"2674\" data-end=\"3035\">\n<li data-start=\"2674\" data-end=\"2721\">\n<p data-start=\"2676\" data-end=\"2721\">Anyag: Egykrist\u00e1lyos zaf\u00edr (Al\u2082O\u2083)<\/p>\n<\/li>\n<li data-start=\"2722\" data-end=\"2747\">\n<p data-start=\"2724\" data-end=\"2747\">S\u0171r\u0171s\u00e9g: 3,98 g\/cm\u00b3<\/p>\n<\/li>\n<li data-start=\"2748\" data-end=\"2775\">\n<p data-start=\"2750\" data-end=\"2775\">Olvad\u00e1spont: 2040\u00b0C<\/p>\n<\/li>\n<li data-start=\"2776\" data-end=\"2798\">\n<p data-start=\"2778\" data-end=\"2798\">Mohs-kem\u00e9nys\u00e9g: 9<\/p>\n<\/li>\n<li data-start=\"2799\" data-end=\"2835\">\n<p data-start=\"2801\" data-end=\"2835\">H\u0151vezet\u0151 k\u00e9pess\u00e9g: 52 W\/m-K<\/p>\n<\/li>\n<li data-start=\"2836\" data-end=\"2874\">\n<p data-start=\"2838\" data-end=\"2874\">H\u0151t\u00e1gul\u00e1s: 5,3 \u00d7 10-\u2076\/\u00b0C<\/p>\n<\/li>\n<li data-start=\"2875\" data-end=\"2915\">\n<p data-start=\"2877\" data-end=\"2915\">Transzmittancia: &gt;(250nm-5500nm)<\/p>\n<\/li>\n<li data-start=\"2916\" data-end=\"2976\">\n<p data-start=\"2918\" data-end=\"2976\">Fel\u00fcletkezel\u00e9s: (Egyedi kivitelben kaphat\u00f3)<\/p>\n<\/li>\n<li data-start=\"2977\" data-end=\"3035\">\n<p data-start=\"2979\" data-end=\"3035\">M\u00e9rettartom\u00e1ny: vastags\u00e1g: 5mm-300mm \u00e1tm\u00e9r\u0151, 0.3mm-20mm vastags\u00e1g<\/p>\n<\/li>\n<\/ul>\n<h2 data-start=\"3042\" data-end=\"3067\">Els\u0151dleges alkalmaz\u00e1sok:<img decoding=\"async\" class=\"size-medium wp-image-2074 alignright\" src=\"https:\/\/www.sapphire-windows.com\/wp-content\/uploads\/2026\/01\/Circular-Sapphire-Windows-High-Transmittance-90-Sapphire-Glass-for-Laser-Applications-2-300x300.jpg\" alt=\"\" width=\"300\" height=\"300\" srcset=\"https:\/\/www.sapphire-windows.com\/wp-content\/uploads\/2026\/01\/Circular-Sapphire-Windows-High-Transmittance-90-Sapphire-Glass-for-Laser-Applications-2-300x300.jpg 300w, https:\/\/www.sapphire-windows.com\/wp-content\/uploads\/2026\/01\/Circular-Sapphire-Windows-High-Transmittance-90-Sapphire-Glass-for-Laser-Applications-2-150x150.jpg 150w, https:\/\/www.sapphire-windows.com\/wp-content\/uploads\/2026\/01\/Circular-Sapphire-Windows-High-Transmittance-90-Sapphire-Glass-for-Laser-Applications-2-600x600.jpg 600w, https:\/\/www.sapphire-windows.com\/wp-content\/uploads\/2026\/01\/Circular-Sapphire-Windows-High-Transmittance-90-Sapphire-Glass-for-Laser-Applications-2-100x100.jpg 100w, https:\/\/www.sapphire-windows.com\/wp-content\/uploads\/2026\/01\/Circular-Sapphire-Windows-High-Transmittance-90-Sapphire-Glass-for-Laser-Applications-2.jpg 750w\" sizes=\"(max-width: 300px) 100vw, 300px\" \/><\/h2>\n<ol data-start=\"3069\" data-end=\"3978\">\n<li data-start=\"3069\" data-end=\"3318\">\n<p data-start=\"3072\" data-end=\"3090\">L\u00e9zerrendszerek:<\/p>\n<ul data-start=\"3094\" data-end=\"3318\">\n<li data-start=\"3094\" data-end=\"3318\">\n<p data-start=\"3096\" data-end=\"3318\">A zaf\u00edr k\u00f6r alak\u00fa ablakokat \u00e1ltal\u00e1ban CO\u2082- \u00e9s sz\u00e1las l\u00e9zerrendszerekben haszn\u00e1lj\u00e1k kimeneti ablakk\u00e9nt \u00e9s v\u00e9d\u0151lencsek\u00e9nt, amelyek nagy teljes\u00edtm\u00e9ny\u0171 l\u00e9zersug\u00e1rz\u00e1st (&gt;5 kW\/cm\u00b2) b\u00edrnak ki, mik\u00f6zben minimaliz\u00e1lj\u00e1k a termikus lencsehat\u00e1sokat.<\/p>\n<\/li>\n<\/ul>\n<\/li>\n<li data-start=\"3320\" data-end=\"3525\">\n<p data-start=\"3323\" data-end=\"3367\">Magas h\u0151m\u00e9rs\u00e9klet\u0171 ipari megfigyel\u00e9s:<\/p>\n<ul data-start=\"3371\" data-end=\"3525\">\n<li data-start=\"3371\" data-end=\"3525\">\n<p data-start=\"3373\" data-end=\"3525\">Ide\u00e1lis ac\u00e9lgy\u00e1rt\u00f3 \u00e9s \u00fcvegform\u00e1z\u00f3 berendez\u00e9sek l\u00e1t\u00f3ny\u00edl\u00e1saihoz, 1000\u00b0C felett is meg\u0151rizve az optikai tisztas\u00e1got p\u00e1r\u00e1sod\u00e1s \u00e9s deform\u00e1ci\u00f3 n\u00e9lk\u00fcl.<\/p>\n<\/li>\n<\/ul>\n<\/li>\n<li data-start=\"3527\" data-end=\"3752\">\n<p data-start=\"3530\" data-end=\"3554\">Rep\u00fcl\u0151g\u00e9pipar \u00e9s v\u00e9delem:<\/p>\n<ul data-start=\"3558\" data-end=\"3752\">\n<li data-start=\"3558\" data-end=\"3752\">\n<p data-start=\"3560\" data-end=\"3752\">Ezeket a zaf\u00edr ablakokat elektro-optikai \u00e9rz\u00e9kel\u0151kben \u00e9s rak\u00e9takeres\u0151 eszk\u00f6z\u00f6kben haszn\u00e1lj\u00e1k, amelyek \u00fct\u00e9s\u00e1ll\u00f3s\u00e1got biztos\u00edtanak a szuperszonikus aerodinamikai felmeleged\u00e9ssel szemben, mik\u00f6zben meg\u0151rzik az optikai tisztas\u00e1got.<\/p>\n<\/li>\n<\/ul>\n<\/li>\n<li data-start=\"3754\" data-end=\"3978\">\n<p data-start=\"3757\" data-end=\"3794\">Tudom\u00e1nyos \u00e9s orvosi m\u0171szerek:<\/p>\n<ul data-start=\"3798\" data-end=\"3978\">\n<li data-start=\"3798\" data-end=\"3978\">\n<p data-start=\"3800\" data-end=\"3978\">A zaf\u00edr k\u00f6r alak\u00fa ablakok alapvet\u0151 fontoss\u00e1g\u00faak a szinkrotron sug\u00e1rz\u00e1si berendez\u00e9sekben, endoszk\u00f3pokban \u00e9s m\u00e1s nagy teljes\u00edtm\u00e9ny\u0171 optikai rendszerekben, stabil optikai csatorn\u00e1kat biztos\u00edtva.<\/p>\n<\/li>\n<\/ul>\n<\/li>\n<\/ol>\n<h2 data-start=\"3985\" data-end=\"4022\">Gyakran ism\u00e9telt k\u00e9rd\u00e9sek (GYIK):<\/h2>\n<ol data-start=\"4024\" data-end=\"4948\">\n<li data-start=\"4024\" data-end=\"4349\">\n<p data-start=\"4027\" data-end=\"4095\">Milyen el\u0151nyei vannak a zaf\u00edr ablakoknak a hagyom\u00e1nyos \u00fcveggel szemben?<\/p>\n<ul data-start=\"4099\" data-end=\"4349\">\n<li data-start=\"4099\" data-end=\"4349\">\n<p data-start=\"4101\" data-end=\"4349\">A zaf\u00edr ablakok 10x nagyobb karc\u00e1ll\u00f3s\u00e1got (Mohs 9), jobb spektr\u00e1lis \u00e1tereszt\u0151k\u00e9pess\u00e9get az UV \u00e9s az IR tartom\u00e1nyban, valamint kiv\u00e1l\u00f3 termikus \u00e9s k\u00e9miai tart\u00f3ss\u00e1got biztos\u00edtanak, \u00edgy ide\u00e1lisak a nagy teljes\u00edtm\u00e9ny\u0171 alkalmaz\u00e1sokhoz zord k\u00f6rnyezetben.<\/p>\n<\/li>\n<\/ul>\n<\/li>\n<li data-start=\"4351\" data-end=\"4657\">\n<p data-start=\"4354\" data-end=\"4405\">Haszn\u00e1lhat\u00f3k-e zaf\u00edr ablakok l\u00e9zerrendszerekhez?<\/p>\n<ul data-start=\"4409\" data-end=\"4657\">\n<li data-start=\"4409\" data-end=\"4657\">\n<p data-start=\"4411\" data-end=\"4657\">Igen, a ZMSH l\u00e9zer min\u0151s\u00e9g\u0171 zaf\u00edr ablakokat k\u00edn\u00e1l antireflexi\u00f3s (AR) bevonatokkal \u00e9s nagy \u00e1tereszt\u0151k\u00e9pess\u00e9g\u0171 bevonatokkal. Ezek az ablakok t\u00f6k\u00e9letesek a nagy teljes\u00edtm\u00e9ny\u0171 l\u00e9zerrendszerekhez, minim\u00e1lis termikus lencs\u00e9z\u00e9st \u00e9s hossz\u00fa t\u00e1v\u00fa megb\u00edzhat\u00f3s\u00e1got k\u00edn\u00e1lnak.<\/p>\n<\/li>\n<\/ul>\n<\/li>\n<li data-start=\"4659\" data-end=\"4948\">\n<p data-start=\"4662\" data-end=\"4718\">A zaf\u00edr ablakok ellen\u00e1llnak a magas h\u0151m\u00e9rs\u00e9kletnek?<\/p>\n<ul data-start=\"4722\" data-end=\"4948\">\n<li data-start=\"4722\" data-end=\"4948\">\n<p data-start=\"4724\" data-end=\"4948\">A zaf\u00edr ablakok magas, 2040\u00b0C-os olvad\u00e1spontja miatt alkalmasak magas h\u0151m\u00e9rs\u00e9klet\u0171 k\u00f6rnyezetekben. Folyamatosan ak\u00e1r 800\u00b0C-on is m\u0171k\u00f6dhetnek, \u00e9s r\u00f6vid ideig, ak\u00e1r 1800\u00b0C-on is kib\u00edrj\u00e1k a r\u00f6vid t\u00e1v\u00fa expoz\u00edci\u00f3t.<\/p>\n<\/li>\n<\/ul>\n<\/li>\n<li>\n<p data-start=\"5068\" data-end=\"5121\">A zaf\u00edr ablakok m\u00e9rete testre szabhat\u00f3?<\/p>\n<ul data-start=\"5125\" data-end=\"5363\">\n<li data-start=\"5125\" data-end=\"5363\">\n<p data-start=\"5127\" data-end=\"5363\">Igen, teljes k\u00f6r\u0171 testreszab\u00e1st k\u00edn\u00e1lunk az \u00e1tm\u00e9r\u0151 (5 mm-t\u0151l 300 mm-ig) \u00e9s a vastags\u00e1g (0,3 mm-t\u0151l 20 mm-ig) tekintet\u00e9ben, hogy megfeleljen az adott projekt k\u00f6vetelm\u00e9nyeinek. Fejlett megmunk\u00e1l\u00e1sunk biztos\u00edtja a sz\u0171k t\u0171r\u00e9seket \u00e9s a kiv\u00e1l\u00f3 fel\u00fcleti fel\u00fcletet.<\/p>\n<\/li>\n<\/ul>\n<\/li>\n<\/ol>","protected":false},"excerpt":{"rendered":"<p>A ZMSH k\u00f6r alak\u00fa zaf\u00edr ablakai 99,999% tiszta egykrist\u00e1lyos zaf\u00edrb\u00f3l (Al\u2082O\u2083) k\u00e9sz\u00fclt nagy teljes\u00edtm\u00e9ny\u0171 optikai alkatr\u00e9szek.<\/p>","protected":false},"featured_media":2073,"comment_status":"open","ping_status":"closed","template":"","meta":{"site-sidebar-layout":"default","site-content-layout":"","ast-site-content-layout":"default","site-content-style":"default","site-sidebar-style":"default","ast-global-header-display":"","ast-banner-title-visibility":"","ast-main-header-display":"","ast-hfb-above-header-display":"","ast-hfb-below-header-display":"","ast-hfb-mobile-header-display":"","site-post-title":"","ast-breadcrumbs-content":"","ast-featured-img":"","footer-sml-layout":"","ast-disable-related-posts":"","theme-transparent-header-meta":"default","adv-header-id-meta":"","stick-header-meta":"default","header-above-stick-meta":"","header-main-stick-meta":"","header-below-stick-meta":"","astra-migrate-meta-layouts":"set","ast-page-background-enabled":"default","ast-page-background-meta":{"desktop":{"background-color":"","background-image":"","background-repeat":"repeat","background-position":"center center","background-size":"auto","background-attachment":"scroll","background-type":"","background-media":"","overlay-type":"","overlay-color":"","overlay-opacity":"","overlay-gradient":""},"tablet":{"background-color":"","background-image":"","background-repeat":"repeat","background-position":"center center","background-size":"auto","background-attachment":"scroll","background-type":"","background-media":"","overlay-type":"","overlay-color":"","overlay-opacity":"","overlay-gradient":""},"mobile":{"background-color":"","background-image":"","background-repeat":"repeat","background-position":"center center","background-size":"auto","background-attachment":"scroll","background-type":"","background-media":"","overlay-type":"","overlay-color":"","overlay-opacity":"","overlay-gradient":""}},"ast-content-background-meta":{"desktop":{"background-color":"var(--ast-global-color-5)","background-image":"","background-repeat":"repeat","background-position":"center center","background-size":"auto","background-attachment":"scroll","background-type":"","background-media":"","overlay-type":"","overlay-color":"","overlay-opacity":"","overlay-gradient":""},"tablet":{"background-color":"var(--ast-global-color-5)","background-image":"","background-repeat":"repeat","background-position":"center center","background-size":"auto","background-attachment":"scroll","background-type":"","background-media":"","overlay-type":"","overlay-color":"","overlay-opacity":"","overlay-gradient":""},"mobile":{"background-color":"var(--ast-global-color-5)","background-image":"","background-repeat":"repeat","background-position":"center center","background-size":"auto","background-attachment":"scroll","background-type":"","background-media":"","overlay-type":"","overlay-color":"","overlay-opacity":"","overlay-gradient":""}}},"product_brand":[],"product_cat":[15],"product_tag":[133,136,90,138,139,135,89,134,137],"class_list":{"0":"post-2072","1":"product","2":"type-product","3":"status-publish","4":"has-post-thumbnail","6":"product_cat-sapphire-windows","7":"product_tag-circular-sapphire-window","8":"product_tag-customized-sapphire-windows","9":"product_tag-high-transmittance","10":"product_tag-high-performance-sapphire-window","11":"product_tag-infrared-window","12":"product_tag-laser-window","13":"product_tag-optical-glass","14":"product_tag-sapphire-glass","15":"product_tag-wear-resistant-sapphire","16":"desktop-align-left","17":"tablet-align-left","18":"mobile-align-left","19":"ast-product-gallery-layout-horizontal-slider","20":"ast-product-tabs-layout-horizontal","22":"first","23":"instock","24":"shipping-taxable","25":"product-type-simple"},"_links":{"self":[{"href":"https:\/\/www.sapphire-windows.com\/hu\/wp-json\/wp\/v2\/product\/2072","targetHints":{"allow":["GET"]}}],"collection":[{"href":"https:\/\/www.sapphire-windows.com\/hu\/wp-json\/wp\/v2\/product"}],"about":[{"href":"https:\/\/www.sapphire-windows.com\/hu\/wp-json\/wp\/v2\/types\/product"}],"replies":[{"embeddable":true,"href":"https:\/\/www.sapphire-windows.com\/hu\/wp-json\/wp\/v2\/comments?post=2072"}],"version-history":[{"count":1,"href":"https:\/\/www.sapphire-windows.com\/hu\/wp-json\/wp\/v2\/product\/2072\/revisions"}],"predecessor-version":[{"id":2076,"href":"https:\/\/www.sapphire-windows.com\/hu\/wp-json\/wp\/v2\/product\/2072\/revisions\/2076"}],"wp:featuredmedia":[{"embeddable":true,"href":"https:\/\/www.sapphire-windows.com\/hu\/wp-json\/wp\/v2\/media\/2073"}],"wp:attachment":[{"href":"https:\/\/www.sapphire-windows.com\/hu\/wp-json\/wp\/v2\/media?parent=2072"}],"wp:term":[{"taxonomy":"product_brand","embeddable":true,"href":"https:\/\/www.sapphire-windows.com\/hu\/wp-json\/wp\/v2\/product_brand?post=2072"},{"taxonomy":"product_cat","embeddable":true,"href":"https:\/\/www.sapphire-windows.com\/hu\/wp-json\/wp\/v2\/product_cat?post=2072"},{"taxonomy":"product_tag","embeddable":true,"href":"https:\/\/www.sapphire-windows.com\/hu\/wp-json\/wp\/v2\/product_tag?post=2072"}],"curies":[{"name":"wp","href":"https:\/\/api.w.org\/{rel}","templated":true}]}}