{"id":2028,"date":"2026-01-21T02:42:44","date_gmt":"2026-01-21T02:42:44","guid":{"rendered":"https:\/\/www.sapphire-windows.com\/?post_type=product&#038;p=2028"},"modified":"2026-01-21T02:42:45","modified_gmt":"2026-01-21T02:42:45","slug":"custom-sapphire-optical-window-222x74x4mm-wear-resistant-ir-uv-window","status":"publish","type":"product","link":"https:\/\/www.sapphire-windows.com\/hu\/product\/custom-sapphire-optical-window-222x74x4mm-wear-resistant-ir-uv-window\/","title":{"rendered":"Egyedi zaf\u00edr optikai ablak 222 \u00d7 74 \u00d7 4 mm kop\u00e1s\u00e1ll\u00f3 IR \u00e9s UV ablak"},"content":{"rendered":"<h2 data-start=\"218\" data-end=\"237\">Term\u00e9k \u00e1ttekint\u00e9s<img fetchpriority=\"high\" decoding=\"async\" class=\"size-medium wp-image-2029 alignright\" src=\"https:\/\/www.sapphire-windows.com\/wp-content\/uploads\/2026\/01\/Custom-Sapphire-Optical-Window-222\u00d774\u00d74mm-Kop\u00e1s\u00e1ll\u00f3-IR-UV-ablak-3-300x300.jpg\" alt=\"\" width=\"300\" height=\"300\" srcset=\"\" sizes=\"(max-width: 300px) 100vw, 300px\" data-srcset=\"\" \/><\/h2>\n<p data-start=\"239\" data-end=\"553\">Az egyedi zaf\u00edr optikai ablak (222mm\u00d774mm\u00d74mm) prec\u00edzi\u00f3san k\u00e9sz\u00fcl egykrist\u00e1lyos \u03b1-Al\u2082O\u2083 (zaf\u00edr) anyagb\u00f3l. A term\u00e9szetes dr\u00e1gak\u00f6vekt\u0151l elt\u00e9r\u0151en ez az optikai min\u0151s\u00e9g\u0171 zaf\u00edr szintetikus egykrist\u00e1ly, amely kiv\u00e9teles kem\u00e9nys\u00e9get (Mohs 9), kop\u00e1s\u00e1ll\u00f3s\u00e1got, h\u0151stabilit\u00e1st \u00e9s k\u00e9miai inertit\u00e1st biztos\u00edt.<\/p>\n<p data-start=\"555\" data-end=\"875\">Az infrav\u00f6r\u00f6s (IR) \u00e9s ultraibolya (UV) optikai rendszerekhez tervezett ablakok v\u00e9dik az \u00e9rz\u00e9keny alkatr\u00e9szeket magas h\u0151m\u00e9rs\u00e9klet\u0171, nagynyom\u00e1s\u00fa \u00e9s k\u00e9miailag agressz\u00edv k\u00f6rnyezetben. A zaf\u00edr sz\u00e9les spektr\u00e1lis \u00e1tereszt\u0151k\u00e9pess\u00e9ge (170-5500 nm) minim\u00e1lis jelvesztes\u00e9get biztos\u00edt a l\u00e9zerek, \u00e9rz\u00e9kel\u0151k \u00e9s optikai m\u0171szerek sz\u00e1m\u00e1ra.<\/p>\n<p data-start=\"877\" data-end=\"1077\">Ez a term\u00e9k a mechanikai robusztuss\u00e1got kiv\u00e1l\u00f3 optikai tisztas\u00e1ggal \u00f6tv\u00f6zi, \u00edgy ide\u00e1lis a f\u00e9lvezet\u0151gy\u00e1rt\u00e1s, az ipari \u00e9rz\u00e9kel\u00e9s, a rep\u00fcl\u0151g\u00e9pipar, a v\u00e9delem \u00e9s a tudom\u00e1nyos kutat\u00e1s sz\u00e1m\u00e1ra.<\/p>\n<h2 data-start=\"1084\" data-end=\"1111\">M\u0171szaki specifik\u00e1ci\u00f3k<\/h2>\n<div class=\"TyagGW_tableContainer\">\n<div class=\"group TyagGW_tableWrapper flex flex-col-reverse w-fit\" tabindex=\"-1\">\n<table class=\"w-fit min-w-(--thread-content-width)\" data-start=\"1113\" data-end=\"1766\">\n<thead data-start=\"1113\" data-end=\"1142\">\n<tr data-start=\"1113\" data-end=\"1142\">\n<th data-start=\"1113\" data-end=\"1125\" data-col-size=\"sm\">Param\u00e9ter<\/th>\n<th data-start=\"1125\" data-end=\"1142\" data-col-size=\"md\">Specifik\u00e1ci\u00f3<\/th>\n<\/tr>\n<\/thead>\n<tbody data-start=\"1153\" data-end=\"1766\">\n<tr data-start=\"1153\" data-end=\"1215\">\n<td data-start=\"1153\" data-end=\"1164\" data-col-size=\"sm\">Anyag<\/td>\n<td data-start=\"1164\" data-end=\"1215\" data-col-size=\"md\">Optikai min\u0151s\u00e9g\u0171 zaf\u00edr egykrist\u00e1ly (\u03b1-Al\u2082O\u2083)<\/td>\n<\/tr>\n<tr data-start=\"1216\" data-end=\"1245\">\n<td data-start=\"1216\" data-end=\"1223\" data-col-size=\"sm\">M\u00e9ret<\/td>\n<td data-start=\"1223\" data-end=\"1245\" data-col-size=\"md\">222mm \u00d7 74mm \u00d7 4mm<\/td>\n<\/tr>\n<tr data-start=\"1246\" data-end=\"1279\">\n<td data-start=\"1246\" data-end=\"1268\" data-col-size=\"sm\">Vastags\u00e1g t\u0171r\u00e9s<\/td>\n<td data-start=\"1268\" data-end=\"1279\" data-col-size=\"md\">\u00b10,1 mm<\/td>\n<\/tr>\n<tr data-start=\"1280\" data-end=\"1305\">\n<td data-start=\"1280\" data-end=\"1297\" data-col-size=\"sm\">Tiszta ny\u00edl\u00e1s<\/td>\n<td data-start=\"1297\" data-end=\"1305\" data-col-size=\"md\">&gt;90%<\/td>\n<\/tr>\n<tr data-start=\"1306\" data-end=\"1342\">\n<td data-start=\"1306\" data-end=\"1331\" data-col-size=\"sm\">Fel\u00fcleti \u00e9rdess\u00e9g (Ra)<\/td>\n<td data-start=\"1331\" data-end=\"1342\" data-col-size=\"md\">\u22640,2 nm<\/td>\n<\/tr>\n<tr data-start=\"1343\" data-end=\"1396\">\n<td data-start=\"1343\" data-end=\"1364\" data-col-size=\"sm\">\u00c1tviteli tartom\u00e1ny<\/td>\n<td data-start=\"1364\" data-end=\"1396\" data-col-size=\"md\">170 - 5500 nm (UV-t\u00f3l az infrav\u00f6r\u00f6s tartom\u00e1ny k\u00f6zep\u00e9ig)<\/td>\n<\/tr>\n<tr data-start=\"1397\" data-end=\"1443\">\n<td data-start=\"1397\" data-end=\"1408\" data-col-size=\"sm\">Kem\u00e9nys\u00e9g<\/td>\n<td data-start=\"1408\" data-end=\"1443\" data-col-size=\"md\">Mohs 9 (a m\u00e1sodik a gy\u00e9m\u00e1nt ut\u00e1n)<\/td>\n<\/tr>\n<tr data-start=\"1444\" data-end=\"1494\">\n<td data-start=\"1444\" data-end=\"1476\" data-col-size=\"sm\">H\u0151t\u00e1gul\u00e1si egy\u00fctthat\u00f3<\/td>\n<td data-start=\"1476\" data-end=\"1494\" data-col-size=\"md\">8.8 \u00d7 10-\u2076 \/\u00b0C<\/td>\n<\/tr>\n<tr data-start=\"1495\" data-end=\"1524\">\n<td data-start=\"1495\" data-end=\"1513\" data-col-size=\"sm\">Rugalmass\u00e1gi modulus<\/td>\n<td data-start=\"1513\" data-end=\"1524\" data-col-size=\"md\">435 GPa<\/td>\n<\/tr>\n<tr data-start=\"1525\" data-end=\"1563\">\n<td data-start=\"1525\" data-end=\"1546\" data-col-size=\"sm\">H\u0151ellen\u00e1ll\u00e1s<\/td>\n<td data-start=\"1546\" data-end=\"1563\" data-col-size=\"md\">~2030\u00b0C-ig<\/td>\n<\/tr>\n<tr data-start=\"1564\" data-end=\"1635\">\n<td data-start=\"1564\" data-end=\"1586\" data-col-size=\"sm\">K\u00e9miai ellen\u00e1ll\u00e1s<\/td>\n<td data-start=\"1586\" data-end=\"1635\" data-col-size=\"md\">Rendk\u00edv\u00fcl ellen\u00e1ll\u00f3 savakkal, l\u00fagokkal \u00e9s v\u00edzzel szemben<\/td>\n<\/tr>\n<tr data-start=\"1636\" data-end=\"1693\">\n<td data-start=\"1636\" data-end=\"1653\" data-col-size=\"sm\">Fel\u00fcletkezel\u00e9s<\/td>\n<td data-start=\"1653\" data-end=\"1693\" data-col-size=\"md\">K\u00e9toldalas pol\u00edrozott, optikai min\u0151s\u00e9g\u0171<\/td>\n<\/tr>\n<tr data-start=\"1694\" data-end=\"1728\">\n<td data-start=\"1694\" data-end=\"1710\" data-col-size=\"sm\">Tan\u00fas\u00edt\u00e1s<\/td>\n<td data-start=\"1710\" data-end=\"1728\" data-col-size=\"md\">RoHS-kompatibilis<\/td>\n<\/tr>\n<tr data-start=\"1729\" data-end=\"1766\">\n<td data-start=\"1729\" data-end=\"1741\" data-col-size=\"sm\">Csomagol\u00e1s<\/td>\n<td data-start=\"1741\" data-end=\"1766\" data-col-size=\"md\">Tisztaszoba (100-as oszt\u00e1ly)<\/td>\n<\/tr>\n<\/tbody>\n<\/table>\n<\/div>\n<\/div>\n<h2 data-start=\"1773\" data-end=\"1788\">F\u0151 jellemz\u0151k<img decoding=\"async\" class=\"size-medium wp-image-2030 alignleft\" src=\"https:\/\/www.sapphire-windows.com\/wp-content\/uploads\/2026\/01\/Custom-Sapphire-Optical-Window-222\u00d774\u00d74mm-Kop\u00e1s\u00e1ll\u00f3-IR-UV-ablak-1-300x300.jpg\" alt=\"\" width=\"300\" height=\"300\" srcset=\"\" sizes=\"(max-width: 300px) 100vw, 300px\" data-srcset=\"\" \/><\/h2>\n<ul data-start=\"1790\" data-end=\"2447\">\n<li data-start=\"1790\" data-end=\"1919\">\n<p data-start=\"1792\" data-end=\"1919\">Ultra-nagy kem\u00e9nys\u00e9g \u00e9s kop\u00e1s\u00e1ll\u00f3s\u00e1g<br data-start=\"1833\" data-end=\"1836\" \/>A 9-es Mohs-kem\u00e9nys\u00e9g biztos\u00edtja a karcol\u00e1sokkal, kop\u00e1ssal \u00e9s mechanikai ig\u00e9nybev\u00e9tellel szembeni ellen\u00e1ll\u00e1st.<\/p>\n<\/li>\n<li data-start=\"1921\" data-end=\"2056\">\n<p data-start=\"1923\" data-end=\"2056\">Sz\u00e9les spektr\u00e1lis \u00e1tereszt\u0151k\u00e9pess\u00e9g<br data-start=\"1954\" data-end=\"1957\" \/>Hat\u00e9kony UV \u00e9s k\u00f6z\u00e9p-IR \u00e1tvitel (170-5500 nm), alkalmas l\u00e9zerekhez \u00e9s IR optikai m\u0171szerekhez.<\/p>\n<\/li>\n<li data-start=\"2058\" data-end=\"2171\">\n<p data-start=\"2060\" data-end=\"2171\">Extr\u00e9m h\u0151stabilit\u00e1s<br data-start=\"2089\" data-end=\"2092\" \/>Megtartja a szerkezetet \u00e9s az optikai teljes\u00edtm\u00e9nyt 1900\u00b0C feletti h\u0151m\u00e9rs\u00e9kleten is.<\/p>\n<\/li>\n<li data-start=\"2173\" data-end=\"2298\">\n<p data-start=\"2175\" data-end=\"2298\">K\u00e9miai inertit\u00e1s<br data-start=\"2197\" data-end=\"2200\" \/>Ellen\u00e1ll a v\u00edz, savak \u00e9s l\u00fagok okozta korr\u00f3zi\u00f3nak, \u00edgy hossz\u00fa t\u00e1v\u00fa tart\u00f3ss\u00e1got biztos\u00edt a zord k\u00f6rnyezetben.<\/p>\n<\/li>\n<li data-start=\"2300\" data-end=\"2447\">\n<p data-start=\"2302\" data-end=\"2447\">Mechanikai robusztuss\u00e1g<br data-start=\"2327\" data-end=\"2330\" \/>K\u00f6r\u00fclbel\u00fcl \u00f6tsz\u00f6r er\u0151sebb, mint a hagyom\u00e1nyos \u00fcveg, k\u00e9pes ellen\u00e1llni a nagy nyom\u00e1snak \u00e9s az \u00fct\u00e9snek.<\/p>\n<\/li>\n<\/ul>\n<h2 data-start=\"2454\" data-end=\"2477\">Tipikus alkalmaz\u00e1sok<\/h2>\n<ul data-start=\"2479\" data-end=\"3001\">\n<li data-start=\"2479\" data-end=\"2570\">\n<p data-start=\"2481\" data-end=\"2570\">F\u00e9lvezet\u0151gy\u00e1rt\u00e1s: Kemenc\u00e9k megfigyel\u0151ny\u00edl\u00e1sok, vegyszer\u00e1ll\u00f3 ablakok.<\/p>\n<\/li>\n<li data-start=\"2571\" data-end=\"2687\">\n<p data-start=\"2573\" data-end=\"2687\">Optikai m\u0171szerek: IR\/UV v\u00e9d\u0151ablakok, l\u00e9zeroptika, spektrom\u00e9ter-ablakok, vonalk\u00f3dszkenner optika.<\/p>\n<\/li>\n<li data-start=\"2688\" data-end=\"2805\">\n<p data-start=\"2690\" data-end=\"2805\">Ipari \u00e9rz\u00e9kel\u00e9s: Nagynyom\u00e1s\u00fa reaktorok kil\u00e1t\u00f3ablakai, \u00e1raml\u00e1sm\u00e9r\u0151 m\u00e9r\u0151ablakok, \u00e9rz\u00e9kel\u0151 v\u00e9d\u0151burkolatok.<\/p>\n<\/li>\n<li data-start=\"2806\" data-end=\"2920\">\n<p data-start=\"2808\" data-end=\"2920\">Tudom\u00e1nyos kutat\u00e1s \u00e9s v\u00e9delem: nagyfesz\u00fclts\u00e9g\u0171 kamraoptik\u00e1k, szinkrotron sug\u00e1rvonalak, rep\u00fcl\u00e9si FLIR-rendszerek.<\/p>\n<\/li>\n<li data-start=\"2921\" data-end=\"3001\">\n<p data-start=\"2923\" data-end=\"3001\">Sz\u00f3rakoztat\u00f3 elektronika: \u00d3rakrist\u00e1lyok, okostelefonok f\u00e9nyk\u00e9pez\u0151g\u00e9p\u00e9nek v\u00e9d\u0151lencs\u00e9i.<\/p>\n<\/li>\n<\/ul>\n<h2 data-start=\"3008\" data-end=\"3014\">GYIK<img decoding=\"async\" class=\"size-medium wp-image-2032 alignright\" src=\"https:\/\/www.sapphire-windows.com\/wp-content\/uploads\/2026\/01\/Custom-Sapphire-Optical-Window-222\u00d774\u00d74mm-Kop\u00e1s\u00e1ll\u00f3-IR-UV-ablak-4-300x300.jpg\" alt=\"\" width=\"300\" height=\"300\" srcset=\"\" sizes=\"(max-width: 300px) 100vw, 300px\" data-srcset=\"\" \/><\/h2>\n<p data-start=\"3016\" data-end=\"3287\">1. k\u00e9rd\u00e9s: Hol haszn\u00e1lj\u00e1k \u00e1ltal\u00e1ban a zaf\u00edr optikai ablakokat?<br data-start=\"3073\" data-end=\"3076\" \/>V: Sz\u00e9les k\u00f6rben haszn\u00e1lj\u00e1k \u0151ket magas h\u0151m\u00e9rs\u00e9klet\u0171 k\u00f6rnyezetben, l\u00e9zerrendszerekben, \u0171rkutat\u00e1sban, v\u00e9delmi berendez\u00e9sekben \u00e9s ipari m\u0171szerekben, ahol a tart\u00f3ss\u00e1g, a h\u0151stabilit\u00e1s \u00e9s a vegyi ellen\u00e1ll\u00e1s kritikus fontoss\u00e1g\u00fa.<\/p>\n<p data-start=\"3289\" data-end=\"3560\">2. k\u00e9rd\u00e9s: Mit\u0151l jobb a zaf\u00edr, mint az \u00fcveg?<br data-start=\"3335\" data-end=\"3338\" \/>V: A zaf\u00edr kiv\u00e1l\u00f3 kem\u00e9nys\u00e9get (Mohs 9), k\u00e9miai ellen\u00e1ll\u00e1st, 2030\u00b0C-ig terjed\u0151 h\u0151t\u0171r\u00e9st \u00e9s sz\u00e9les optikai \u00e1tereszt\u0151k\u00e9pess\u00e9get (UV-t\u00f3l a k\u00f6z\u00e9p-IR-ig) biztos\u00edt, \u00edgy ide\u00e1lis olyan zord k\u00f6r\u00fclm\u00e9nyek k\u00f6z\u00f6tt, ahol az \u00fcveg t\u00f6nkremenne.<\/p>\n<p data-start=\"3562\" data-end=\"3730\">3. k\u00e9rd\u00e9s: Ezek az ablakok testre szabhat\u00f3k?<br data-start=\"3602\" data-end=\"3605\" \/>V: Igen. A m\u00e9retek, a vastags\u00e1g, a fel\u00fcletkezel\u00e9s \u00e9s a t\u0171r\u00e9sek az egyedi optikai vagy ipari k\u00f6vetelm\u00e9nyekhez igaz\u00edthat\u00f3k.<\/p>","protected":false},"excerpt":{"rendered":"<p>Nagy tisztas\u00e1g\u00fa egykrist\u00e1lyos zaf\u00edr optikai ablak 222\u00d774\u00d74mm, Mohs 9 kem\u00e9nys\u00e9g, kop\u00e1s\u00e1ll\u00f3, UV \u00e9s IR \u00e1tvitel, ide\u00e1lis l\u00e9zerekhez, \u00e9rz\u00e9kel\u0151kh\u00f6z \u00e9s ipari alkalmaz\u00e1sokhoz.<\/p>","protected":false},"featured_media":2029,"comment_status":"open","ping_status":"closed","template":"","meta":{"site-sidebar-layout":"default","site-content-layout":"","ast-site-content-layout":"default","site-content-style":"default","site-sidebar-style":"default","ast-global-header-display":"","ast-banner-title-visibility":"","ast-main-header-display":"","ast-hfb-above-header-display":"","ast-hfb-below-header-display":"","ast-hfb-mobile-header-display":"","site-post-title":"","ast-breadcrumbs-content":"","ast-featured-img":"","footer-sml-layout":"","ast-disable-related-posts":"","theme-transparent-header-meta":"default","adv-header-id-meta":"","stick-header-meta":"default","header-above-stick-meta":"","header-main-stick-meta":"","header-below-stick-meta":"","astra-migrate-meta-layouts":"set","ast-page-background-enabled":"default","ast-page-background-meta":{"desktop":{"background-color":"","background-image":"","background-repeat":"repeat","background-position":"center center","background-size":"auto","background-attachment":"scroll","background-type":"","background-media":"","overlay-type":"","overlay-color":"","overlay-opacity":"","overlay-gradient":""},"tablet":{"background-color":"","background-image":"","background-repeat":"repeat","background-position":"center center","background-size":"auto","background-attachment":"scroll","background-type":"","background-media":"","overlay-type":"","overlay-color":"","overlay-opacity":"","overlay-gradient":""},"mobile":{"background-color":"","background-image":"","background-repeat":"repeat","background-position":"center center","background-size":"auto","background-attachment":"scroll","background-type":"","background-media":"","overlay-type":"","overlay-color":"","overlay-opacity":"","overlay-gradient":""}},"ast-content-background-meta":{"desktop":{"background-color":"var(--ast-global-color-5)","background-image":"","background-repeat":"repeat","background-position":"center center","background-size":"auto","background-attachment":"scroll","background-type":"","background-media":"","overlay-type":"","overlay-color":"","overlay-opacity":"","overlay-gradient":""},"tablet":{"background-color":"var(--ast-global-color-5)","background-image":"","background-repeat":"repeat","background-position":"center center","background-size":"auto","background-attachment":"scroll","background-type":"","background-media":"","overlay-type":"","overlay-color":"","overlay-opacity":"","overlay-gradient":""},"mobile":{"background-color":"var(--ast-global-color-5)","background-image":"","background-repeat":"repeat","background-position":"center center","background-size":"auto","background-attachment":"scroll","background-type":"","background-media":"","overlay-type":"","overlay-color":"","overlay-opacity":"","overlay-gradient":""}}},"product_brand":[],"product_cat":[15],"product_tag":[63,78,79],"class_list":{"0":"post-2028","1":"product","2":"type-product","3":"status-publish","4":"has-post-thumbnail","6":"product_cat-sapphire-windows","7":"product_tag-custom-sapphire-optical-window","8":"product_tag-sapphire-ir-window","9":"product_tag-sapphire-uv-window","10":"desktop-align-left","11":"tablet-align-left","12":"mobile-align-left","13":"ast-product-gallery-layout-horizontal-slider","14":"ast-product-tabs-layout-horizontal","16":"first","17":"instock","18":"shipping-taxable","19":"product-type-simple"},"_links":{"self":[{"href":"https:\/\/www.sapphire-windows.com\/hu\/wp-json\/wp\/v2\/product\/2028","targetHints":{"allow":["GET"]}}],"collection":[{"href":"https:\/\/www.sapphire-windows.com\/hu\/wp-json\/wp\/v2\/product"}],"about":[{"href":"https:\/\/www.sapphire-windows.com\/hu\/wp-json\/wp\/v2\/types\/product"}],"replies":[{"embeddable":true,"href":"https:\/\/www.sapphire-windows.com\/hu\/wp-json\/wp\/v2\/comments?post=2028"}],"version-history":[{"count":1,"href":"https:\/\/www.sapphire-windows.com\/hu\/wp-json\/wp\/v2\/product\/2028\/revisions"}],"predecessor-version":[{"id":2033,"href":"https:\/\/www.sapphire-windows.com\/hu\/wp-json\/wp\/v2\/product\/2028\/revisions\/2033"}],"wp:featuredmedia":[{"embeddable":true,"href":"https:\/\/www.sapphire-windows.com\/hu\/wp-json\/wp\/v2\/media\/2029"}],"wp:attachment":[{"href":"https:\/\/www.sapphire-windows.com\/hu\/wp-json\/wp\/v2\/media?parent=2028"}],"wp:term":[{"taxonomy":"product_brand","embeddable":true,"href":"https:\/\/www.sapphire-windows.com\/hu\/wp-json\/wp\/v2\/product_brand?post=2028"},{"taxonomy":"product_cat","embeddable":true,"href":"https:\/\/www.sapphire-windows.com\/hu\/wp-json\/wp\/v2\/product_cat?post=2028"},{"taxonomy":"product_tag","embeddable":true,"href":"https:\/\/www.sapphire-windows.com\/hu\/wp-json\/wp\/v2\/product_tag?post=2028"}],"curies":[{"name":"wp","href":"https:\/\/api.w.org\/{rel}","templated":true}]}}