{"id":2310,"date":"2026-03-23T07:08:10","date_gmt":"2026-03-23T07:08:10","guid":{"rendered":"https:\/\/www.sapphire-windows.com\/?post_type=product&#038;p=2310"},"modified":"2026-03-23T07:09:41","modified_gmt":"2026-03-23T07:09:41","slug":"fenetre-a-dome-en-saphir","status":"publish","type":"product","link":"https:\/\/www.sapphire-windows.com\/fr\/product\/sapphire-dome-window\/","title":{"rendered":"Fen\u00eatre d\u00f4me saphir de haute pr\u00e9cision pour la protection des capteurs infrarouges (IR) et optiques"},"content":{"rendered":"<p data-start=\"236\" data-end=\"700\"><img fetchpriority=\"high\" decoding=\"async\" class=\"size-medium wp-image-2314 alignright\" src=\"https:\/\/www.sapphire-windows.com\/wp-content\/uploads\/2026\/03\/8sapphire_dome_window_high_precision_for_optical_and_infrared_infrared_sensors-300x300.webp\" alt=\"\" width=\"300\" height=\"300\" srcset=\"https:\/\/www.sapphire-windows.com\/wp-content\/uploads\/2026\/03\/8sapphire_dome_window_high_precision_for_optical_and_infrared_infrared_sensors-300x300.webp 300w, https:\/\/www.sapphire-windows.com\/wp-content\/uploads\/2026\/03\/8sapphire_dome_window_high_precision_for_optical_and_infrared_infrared_sensors-150x150.webp 150w, https:\/\/www.sapphire-windows.com\/wp-content\/uploads\/2026\/03\/8sapphire_dome_window_high_precision_for_optical_and_infrared_infrared_sensors-768x768.webp 768w, https:\/\/www.sapphire-windows.com\/wp-content\/uploads\/2026\/03\/8sapphire_dome_window_high_precision_for_optical_and_infrared_infrared_sensors-12x12.webp 12w, https:\/\/www.sapphire-windows.com\/wp-content\/uploads\/2026\/03\/8sapphire_dome_window_high_precision_for_optical_and_infrared_infrared_sensors-600x600.webp 600w, https:\/\/www.sapphire-windows.com\/wp-content\/uploads\/2026\/03\/8sapphire_dome_window_high_precision_for_optical_and_infrared_infrared_sensors-100x100.webp 100w, https:\/\/www.sapphire-windows.com\/wp-content\/uploads\/2026\/03\/8sapphire_dome_window_high_precision_for_optical_and_infrared_infrared_sensors.webp 800w\" sizes=\"(max-width: 300px) 100vw, 300px\" \/>La fen\u00eatre \u00e0 d\u00f4me en saphir est un composant optique haute performance fabriqu\u00e9 \u00e0 partir d'oxyde d'aluminium monocristallin (Al\u2082O\u2083), con\u00e7u pour offrir des performances exceptionnelles dans des environnements extr\u00eames et exigeants. Compar\u00e9 aux mat\u00e9riaux optiques traditionnels tels que le verre ou le quartz, le saphir offre une combinaison unique de r\u00e9sistance m\u00e9canique, de stabilit\u00e9 thermique et de transparence optique, ce qui en fait un choix id\u00e9al pour les syst\u00e8mes optiques et infrarouges (IR) avanc\u00e9s.<\/p>\n<p data-start=\"702\" data-end=\"1003\">Gr\u00e2ce \u00e0 sa duret\u00e9 Mohs de 9, le saphir est le deuxi\u00e8me mat\u00e9riau le plus dur apr\u00e8s le diamant. Il offre une r\u00e9sistance exceptionnelle aux rayures, \u00e0 l'abrasion et \u00e0 l'impact de particules \u00e0 grande vitesse. Les fen\u00eatres d\u00f4mes en saphir sont donc particuli\u00e8rement adapt\u00e9es aux applications o\u00f9 la durabilit\u00e9 et la dur\u00e9e de vie sont essentielles.<\/p>\n<p data-start=\"1005\" data-end=\"1364\">La g\u00e9om\u00e9trie du d\u00f4me renforce encore la r\u00e9sistance structurelle en r\u00e9partissant uniform\u00e9ment les contraintes sur la surface, ce qui permet au composant de r\u00e9sister aux pressions \u00e9lev\u00e9es, aux forces a\u00e9rodynamiques et aux changements rapides de l'environnement. Par cons\u00e9quent, les d\u00f4mes en saphir sont largement utilis\u00e9s comme fen\u00eatres de protection pour les capteurs et les syst\u00e8mes optiques dans l'a\u00e9rospatiale, la d\u00e9fense et les applications industrielles.<\/p>\n<h2 data-section-id=\"147fl1h\" data-start=\"1371\" data-end=\"1408\">Avantages optiques et physiques<\/h2>\n<p data-start=\"1410\" data-end=\"1788\"><img decoding=\"async\" class=\"size-medium wp-image-2313 alignleft\" src=\"https:\/\/www.sapphire-windows.com\/wp-content\/uploads\/2026\/03\/9sapphire_dome_window_high_precision_for_optical_and_infrared_infrared_sensors-300x300.webp\" alt=\"\" width=\"300\" height=\"300\" srcset=\"https:\/\/www.sapphire-windows.com\/wp-content\/uploads\/2026\/03\/9sapphire_dome_window_high_precision_for_optical_and_infrared_infrared_sensors-300x300.webp 300w, https:\/\/www.sapphire-windows.com\/wp-content\/uploads\/2026\/03\/9sapphire_dome_window_high_precision_for_optical_and_infrared_infrared_sensors-150x150.webp 150w, https:\/\/www.sapphire-windows.com\/wp-content\/uploads\/2026\/03\/9sapphire_dome_window_high_precision_for_optical_and_infrared_infrared_sensors-768x768.webp 768w, https:\/\/www.sapphire-windows.com\/wp-content\/uploads\/2026\/03\/9sapphire_dome_window_high_precision_for_optical_and_infrared_infrared_sensors-12x12.webp 12w, https:\/\/www.sapphire-windows.com\/wp-content\/uploads\/2026\/03\/9sapphire_dome_window_high_precision_for_optical_and_infrared_infrared_sensors-600x600.webp 600w, https:\/\/www.sapphire-windows.com\/wp-content\/uploads\/2026\/03\/9sapphire_dome_window_high_precision_for_optical_and_infrared_infrared_sensors-100x100.webp 100w, https:\/\/www.sapphire-windows.com\/wp-content\/uploads\/2026\/03\/9sapphire_dome_window_high_precision_for_optical_and_infrared_infrared_sensors.webp 800w\" sizes=\"(max-width: 300px) 100vw, 300px\" \/>L'un des principaux avantages des fen\u00eatres d\u00f4mes en saphir r\u00e9side dans leur large gamme de transmission spectrale, qui s'\u00e9tend des longueurs d'onde ultraviolettes (UV) d'environ 170 nm aux longueurs d'onde de l'infrarouge moyen (IR) jusqu'\u00e0 5 \u00b5m. Cette large capacit\u00e9 de transmission les rend tr\u00e8s polyvalentes pour les syst\u00e8mes optiques multi-spectraux, y compris l'imagerie infrarouge, les syst\u00e8mes laser et les capteurs de pr\u00e9cision.<\/p>\n<p data-start=\"1790\" data-end=\"2036\">En outre, le saphir conserve une excellente clart\u00e9 optique avec une diffusion minimale lorsqu'il est poli pour obtenir des finitions de surface de qualit\u00e9 optique (&lt;10 \u00c5 RMS). Cela garantit une grande int\u00e9grit\u00e9 du signal et une acquisition pr\u00e9cise des donn\u00e9es dans les applications optiques sensibles.<\/p>\n<p data-start=\"2038\" data-end=\"2330\">D'un point de vue thermique, le saphir pr\u00e9sente une stabilit\u00e9 exceptionnelle, capable de fonctionner \u00e0 des temp\u00e9ratures allant jusqu'\u00e0 1900\u00b0C dans des environnements sous vide ou sous gaz inerte. M\u00eame dans l'air, il conserve des performances fiables \u00e0 des temp\u00e9ratures sup\u00e9rieures \u00e0 1600\u00b0C, ce qui surpasse de loin la plupart des mat\u00e9riaux optiques conventionnels.<\/p>\n<p data-start=\"2332\" data-end=\"2548\">En outre, le saphir est chimiquement inerte et r\u00e9siste \u00e0 la corrosion due aux acides, aux alcalis et \u00e0 d'autres substances agressives. Cette propri\u00e9t\u00e9 le rend particuli\u00e8rement adapt\u00e9 aux environnements marins, chimiques et \u00e0 forte humidit\u00e9.<\/p>\n<h2 data-section-id=\"1y8un7j\" data-start=\"2555\" data-end=\"2573\">Caract\u00e9ristiques principales<img decoding=\"async\" class=\"size-medium wp-image-2312 alignright\" src=\"https:\/\/www.sapphire-windows.com\/wp-content\/uploads\/2026\/03\/10sapphire_dome_window_high_precision_for_optical_and_infrared_infrared_sensors-300x300.webp\" alt=\"\" width=\"300\" height=\"300\" srcset=\"https:\/\/www.sapphire-windows.com\/wp-content\/uploads\/2026\/03\/10sapphire_dome_window_high_precision_for_optical_and_infrared_infrared_sensors-300x300.webp 300w, https:\/\/www.sapphire-windows.com\/wp-content\/uploads\/2026\/03\/10sapphire_dome_window_high_precision_for_optical_and_infrared_infrared_sensors-150x150.webp 150w, https:\/\/www.sapphire-windows.com\/wp-content\/uploads\/2026\/03\/10sapphire_dome_window_high_precision_for_optical_and_infrared_infrared_sensors-768x768.webp 768w, https:\/\/www.sapphire-windows.com\/wp-content\/uploads\/2026\/03\/10sapphire_dome_window_high_precision_for_optical_and_infrared_infrared_sensors-12x12.webp 12w, https:\/\/www.sapphire-windows.com\/wp-content\/uploads\/2026\/03\/10sapphire_dome_window_high_precision_for_optical_and_infrared_infrared_sensors-600x600.webp 600w, https:\/\/www.sapphire-windows.com\/wp-content\/uploads\/2026\/03\/10sapphire_dome_window_high_precision_for_optical_and_infrared_infrared_sensors-100x100.webp 100w, https:\/\/www.sapphire-windows.com\/wp-content\/uploads\/2026\/03\/10sapphire_dome_window_high_precision_for_optical_and_infrared_infrared_sensors.webp 800w\" sizes=\"(max-width: 300px) 100vw, 300px\" \/><\/h2>\n<ul data-start=\"2575\" data-end=\"3118\">\n<li data-section-id=\"116uu6b\" data-start=\"2575\" data-end=\"2691\">Duret\u00e9 extr\u00eame et r\u00e9sistance \u00e0 l'usure - Assure une durabilit\u00e9 \u00e0 long terme dans les environnements abrasifs et \u00e0 fort impact.<\/li>\n<li data-section-id=\"1m580mr\" data-start=\"2692\" data-end=\"2782\">Transmission optique \u00e9tendue (de l'UV \u00e0 l'IR) - Convient aux syst\u00e8mes optiques multi-spectres<\/li>\n<li data-section-id=\"1aabki0\" data-start=\"2783\" data-end=\"2864\">Stabilit\u00e9 thermique \u00e9lev\u00e9e - Maintien des performances \u00e0 des temp\u00e9ratures extr\u00eames<\/li>\n<li data-section-id=\"4qq0kg\" data-start=\"2865\" data-end=\"2958\">R\u00e9sistance m\u00e9canique sup\u00e9rieure - La structure en d\u00f4me am\u00e9liore la r\u00e9sistance \u00e0 la pression et aux chocs.<\/li>\n<li data-section-id=\"17fi0xt\" data-start=\"2959\" data-end=\"3041\">Excellente r\u00e9sistance chimique - Id\u00e9al pour les environnements corrosifs et difficiles<\/li>\n<li data-section-id=\"1podhlq\" data-start=\"3042\" data-end=\"3118\">Qualit\u00e9 de la surface optique de pr\u00e9cision - &lt;10 \u00c5 RMS pour une distorsion minimale<\/li>\n<\/ul>\n<h2 data-section-id=\"4t5b8m\" data-start=\"3125\" data-end=\"3143\">Applications<\/h2>\n<p data-start=\"3145\" data-end=\"3261\">Les fen\u00eatres d\u00f4mes en saphir sont largement utilis\u00e9es dans les industries qui exigent des performances optiques fiables dans des conditions extr\u00eames :<\/p>\n<ul data-start=\"3263\" data-end=\"3686\">\n<li data-section-id=\"aqylto\" data-start=\"3263\" data-end=\"3348\">Syst\u00e8mes de capteurs infrarouges (IR) - guidage de missiles, imagerie thermique, capteurs pour drones<\/li>\n<li data-section-id=\"xtpf7f\" data-start=\"3349\" data-end=\"3433\">A\u00e9rospatiale et d\u00e9fense - vols \u00e0 grande vitesse et protection des environnements difficiles<\/li>\n<li data-section-id=\"19fk6ce\" data-start=\"3434\" data-end=\"3513\">Syst\u00e8mes optiques sous-marins - cam\u00e9ras de haute mer, bo\u00eetiers de sonar et de lidar<\/li>\n<li data-section-id=\"1y3f3z2\" data-start=\"3514\" data-end=\"3596\">\u00c9quipement laser et photonique - protection des composants optiques sensibles<\/li>\n<li data-section-id=\"2i5w98\" data-start=\"3597\" data-end=\"3686\">Syst\u00e8mes de surveillance industrielle - acc\u00e8s optique \u00e0 haute temp\u00e9rature et \u00e0 haute pression<\/li>\n<\/ul>\n<h2 data-section-id=\"8lu2ky\" data-start=\"3693\" data-end=\"3723\">Sp\u00e9cifications techniques<\/h2>\n<div class=\"TyagGW_tableContainer\">\n<div class=\"group TyagGW_tableWrapper flex flex-col-reverse w-fit\" tabindex=\"-1\">\n<table class=\"w-fit min-w-(--thread-content-width)\" data-start=\"3725\" data-end=\"4062\">\n<thead data-start=\"3725\" data-end=\"3746\">\n<tr data-start=\"3725\" data-end=\"3746\">\n<th class=\"\" data-start=\"3725\" data-end=\"3737\" data-col-size=\"sm\">Param\u00e8tres<\/th>\n<th class=\"\" data-start=\"3737\" data-end=\"3746\" data-col-size=\"sm\">Valeur<\/th>\n<\/tr>\n<\/thead>\n<tbody data-start=\"3767\" data-end=\"4062\">\n<tr data-start=\"3767\" data-end=\"3814\">\n<td data-start=\"3767\" data-end=\"3778\" data-col-size=\"sm\">Mat\u00e9riau<\/td>\n<td data-col-size=\"sm\" data-start=\"3778\" data-end=\"3814\">Saphir monocristallin (Al\u2082O\u2083)<\/td>\n<\/tr>\n<tr data-start=\"3815\" data-end=\"3858\">\n<td data-start=\"3815\" data-end=\"3826\" data-col-size=\"sm\">Diam\u00e8tre<\/td>\n<td data-col-size=\"sm\" data-start=\"3826\" data-end=\"3858\">5 mm - 200 mm (personnalisable)<\/td>\n<\/tr>\n<tr data-start=\"3859\" data-end=\"3894\">\n<td data-start=\"3859\" data-end=\"3876\" data-col-size=\"sm\">\u00c9paisseur de la paroi<\/td>\n<td data-start=\"3876\" data-end=\"3894\" data-col-size=\"sm\">0,5 mm - 10 mm<\/td>\n<\/tr>\n<tr data-start=\"3895\" data-end=\"3933\">\n<td data-start=\"3895\" data-end=\"3916\" data-col-size=\"sm\">Gamme de transmission<\/td>\n<td data-col-size=\"sm\" data-start=\"3916\" data-end=\"3933\">170 nm - 5 \u00b5m<\/td>\n<\/tr>\n<tr data-start=\"3934\" data-end=\"3964\">\n<td data-start=\"3934\" data-end=\"3951\" data-col-size=\"sm\">Finition de la surface<\/td>\n<td data-col-size=\"sm\" data-start=\"3951\" data-end=\"3964\">&lt;10 \u00c5 RMS<\/td>\n<\/tr>\n<tr data-start=\"3965\" data-end=\"4024\">\n<td data-start=\"3965\" data-end=\"3989\" data-col-size=\"sm\">Temp\u00e9rature de fonctionnement<\/td>\n<td data-col-size=\"sm\" data-start=\"3989\" data-end=\"4024\">Jusqu'\u00e0 1900\u00b0C (vide\/gaz inerte)<\/td>\n<\/tr>\n<tr data-start=\"4025\" data-end=\"4062\">\n<td data-start=\"4025\" data-end=\"4044\" data-col-size=\"sm\">Indice de r\u00e9fraction<\/td>\n<td data-col-size=\"sm\" data-start=\"4044\" data-end=\"4062\">1,76 @ 0,55 \u00b5m<\/td>\n<\/tr>\n<\/tbody>\n<\/table>\n<\/div>\n<\/div>\n<h2 data-section-id=\"128v01u\" data-start=\"4069\" data-end=\"4096\">Options de personnalisation<\/h2>\n<p data-start=\"4098\" data-end=\"4183\">Nous proposons des services de personnalisation flexibles pour r\u00e9pondre aux exigences d'applications sp\u00e9cifiques :<\/p>\n<ul data-start=\"4185\" data-end=\"4398\">\n<li data-section-id=\"1yu1d2f\" data-start=\"4185\" data-end=\"4226\">Diam\u00e8tres et \u00e9paisseurs des d\u00f4mes sur mesure<\/li>\n<li data-section-id=\"r3834b\" data-start=\"4227\" data-end=\"4270\">Rayon de courbure int\u00e9rieur et ext\u00e9rieur<\/li>\n<li data-section-id=\"12bn40u\" data-start=\"4271\" data-end=\"4320\">Rev\u00eatements optiques (AR, IR, rev\u00eatements \u00e0 large bande)<\/li>\n<li data-section-id=\"1vbi42p\" data-start=\"4321\" data-end=\"4361\">Fa\u00e7onnage des bords et structures de montage<\/li>\n<li data-section-id=\"1i4khwz\" data-start=\"4362\" data-end=\"4398\">Contr\u00f4le de tol\u00e9rance de haute pr\u00e9cision<\/li>\n<\/ul>\n<h2 data-section-id=\"w1cnyx\" data-start=\"4405\" data-end=\"4414\">FAQ<\/h2>\n<p data-start=\"4416\" data-end=\"4674\">Q1 : Qu'est-ce qui fait que les fen\u00eatres d\u00f4mes en saphir sont meilleures que les fen\u00eatres en verre ?<br data-start=\"4488\" data-end=\"4491\" \/>R : Le saphir offre une duret\u00e9 nettement plus \u00e9lev\u00e9e, une meilleure r\u00e9sistance thermique et une plage de transmission optique plus large, ce qui le rend id\u00e9al pour les environnements exigeants o\u00f9 le verre serait d\u00e9faillant.<\/p>\n<p data-start=\"4676\" data-end=\"4852\">Q2 : Les d\u00f4mes en saphir peuvent-ils \u00eatre rev\u00eatus pour am\u00e9liorer les performances ?<br data-start=\"4738\" data-end=\"4741\" \/>R : Oui, des rev\u00eatements antireflets (AR), infrarouges (IR) et personnalis\u00e9s peuvent \u00eatre appliqu\u00e9s pour optimiser l'efficacit\u00e9 optique.<\/p>\n<p data-start=\"4854\" data-end=\"5021\">Q3 : Ces d\u00f4mes sont-ils adapt\u00e9s aux environnements extr\u00eames ?<br data-start=\"4912\" data-end=\"4915\" \/>R : Absolument. Les d\u00f4mes en saphir fonctionnent de mani\u00e8re fiable dans des conditions de temp\u00e9rature, de pression et de corrosion \u00e9lev\u00e9es.<\/p>\n<p data-start=\"5023\" data-end=\"5167\">Q4 : Pouvez-vous proposer des mod\u00e8les personnalis\u00e9s ?<br data-start=\"5061\" data-end=\"5064\" \/>R : Oui, tous les param\u00e8tres critiques peuvent \u00eatre personnalis\u00e9s en fonction de vos dessins techniques ou de vos exigences.<\/p>","protected":false},"excerpt":{"rendered":"<p>La fen\u00eatre \u00e0 d\u00f4me en saphir est un composant optique haute performance fabriqu\u00e9 \u00e0 partir d'oxyde d'aluminium monocristallin (Al\u2082O\u2083), con\u00e7u pour offrir des performances exceptionnelles dans des environnements extr\u00eames et exigeants. Compar\u00e9 aux mat\u00e9riaux optiques traditionnels tels que le verre ou le quartz, le saphir offre une combinaison unique de r\u00e9sistance m\u00e9canique, de stabilit\u00e9 thermique et de transparence optique, ce qui en fait un choix id\u00e9al pour les syst\u00e8mes optiques et infrarouges (IR) avanc\u00e9s.<\/p>","protected":false},"featured_media":2311,"comment_status":"open","ping_status":"closed","template":"","meta":{"site-sidebar-layout":"default","site-content-layout":"","ast-site-content-layout":"default","site-content-style":"default","site-sidebar-style":"default","ast-global-header-display":"","ast-banner-title-visibility":"","ast-main-header-display":"","ast-hfb-above-header-display":"","ast-hfb-below-header-display":"","ast-hfb-mobile-header-display":"","site-post-title":"","ast-breadcrumbs-content":"","ast-featured-img":"","footer-sml-layout":"","ast-disable-related-posts":"","theme-transparent-header-meta":"default","adv-header-id-meta":"","stick-header-meta":"default","header-above-stick-meta":"","header-main-stick-meta":"","header-below-stick-meta":"","astra-migrate-meta-layouts":"set","ast-page-background-enabled":"default","ast-page-background-meta":{"desktop":{"background-color":"","background-image":"","background-repeat":"repeat","background-position":"center center","background-size":"auto","background-attachment":"scroll","background-type":"","background-media":"","overlay-type":"","overlay-color":"","overlay-opacity":"","overlay-gradient":""},"tablet":{"background-color":"","background-image":"","background-repeat":"repeat","background-position":"center center","background-size":"auto","background-attachment":"scroll","background-type":"","background-media":"","overlay-type":"","overlay-color":"","overlay-opacity":"","overlay-gradient":""},"mobile":{"background-color":"","background-image":"","background-repeat":"repeat","background-position":"center center","background-size":"auto","background-attachment":"scroll","background-type":"","background-media":"","overlay-type":"","overlay-color":"","overlay-opacity":"","overlay-gradient":""}},"ast-content-background-meta":{"desktop":{"background-color":"var(--ast-global-color-5)","background-image":"","background-repeat":"repeat","background-position":"center center","background-size":"auto","background-attachment":"scroll","background-type":"","background-media":"","overlay-type":"","overlay-color":"","overlay-opacity":"","overlay-gradient":""},"tablet":{"background-color":"var(--ast-global-color-5)","background-image":"","background-repeat":"repeat","background-position":"center center","background-size":"auto","background-attachment":"scroll","background-type":"","background-media":"","overlay-type":"","overlay-color":"","overlay-opacity":"","overlay-gradient":""},"mobile":{"background-color":"var(--ast-global-color-5)","background-image":"","background-repeat":"repeat","background-position":"center center","background-size":"auto","background-attachment":"scroll","background-type":"","background-media":"","overlay-type":"","overlay-color":"","overlay-opacity":"","overlay-gradient":""}}},"product_brand":[],"product_cat":[15],"product_tag":[484,96,480,481,485,478,78,482,479,483],"class_list":{"0":"post-2310","1":"product","2":"type-product","3":"status-publish","4":"has-post-thumbnail","6":"product_cat-sapphire-windows","7":"product_tag-aerospace-sapphire-dome","8":"product_tag-custom-sapphire-optics","9":"product_tag-infrared-sapphire-window","10":"product_tag-ir-dome-lens","11":"product_tag-optical-sapphire-components","12":"product_tag-sapphire-dome-window","13":"product_tag-sapphire-ir-window","14":"product_tag-sapphire-lens-for-sensors","15":"product_tag-sapphire-optical-dome","16":"product_tag-sapphire-protective-window","17":"desktop-align-left","18":"tablet-align-left","19":"mobile-align-left","20":"ast-product-gallery-layout-horizontal-slider","21":"ast-product-tabs-layout-horizontal","23":"first","24":"instock","25":"shipping-taxable","26":"product-type-simple"},"_links":{"self":[{"href":"https:\/\/www.sapphire-windows.com\/fr\/wp-json\/wp\/v2\/product\/2310","targetHints":{"allow":["GET"]}}],"collection":[{"href":"https:\/\/www.sapphire-windows.com\/fr\/wp-json\/wp\/v2\/product"}],"about":[{"href":"https:\/\/www.sapphire-windows.com\/fr\/wp-json\/wp\/v2\/types\/product"}],"replies":[{"embeddable":true,"href":"https:\/\/www.sapphire-windows.com\/fr\/wp-json\/wp\/v2\/comments?post=2310"}],"version-history":[{"count":2,"href":"https:\/\/www.sapphire-windows.com\/fr\/wp-json\/wp\/v2\/product\/2310\/revisions"}],"predecessor-version":[{"id":2316,"href":"https:\/\/www.sapphire-windows.com\/fr\/wp-json\/wp\/v2\/product\/2310\/revisions\/2316"}],"wp:featuredmedia":[{"embeddable":true,"href":"https:\/\/www.sapphire-windows.com\/fr\/wp-json\/wp\/v2\/media\/2311"}],"wp:attachment":[{"href":"https:\/\/www.sapphire-windows.com\/fr\/wp-json\/wp\/v2\/media?parent=2310"}],"wp:term":[{"taxonomy":"product_brand","embeddable":true,"href":"https:\/\/www.sapphire-windows.com\/fr\/wp-json\/wp\/v2\/product_brand?post=2310"},{"taxonomy":"product_cat","embeddable":true,"href":"https:\/\/www.sapphire-windows.com\/fr\/wp-json\/wp\/v2\/product_cat?post=2310"},{"taxonomy":"product_tag","embeddable":true,"href":"https:\/\/www.sapphire-windows.com\/fr\/wp-json\/wp\/v2\/product_tag?post=2310"}],"curies":[{"name":"wp","href":"https:\/\/api.w.org\/{rel}","templated":true}]}}