{"id":2046,"date":"2026-01-21T03:39:35","date_gmt":"2026-01-21T03:39:35","guid":{"rendered":"https:\/\/www.sapphire-windows.com\/?post_type=product&#038;p=2046"},"modified":"2026-01-21T03:39:35","modified_gmt":"2026-01-21T03:39:35","slug":"customized-ruby-optical-windows-high-hardness-dsp-laser-transmission-%e2%89%a585","status":"publish","type":"product","link":"https:\/\/www.sapphire-windows.com\/fr\/product\/customized-ruby-optical-windows-high-hardness-dsp-laser-transmission-%e2%89%a585\/","title":{"rendered":"Fen\u00eatres optiques personnalis\u00e9es en rubis | Transmission laser DSP haute duret\u00e9 \u226585%"},"content":{"rendered":"<p data-start=\"207\" data-end=\"625\">La fen\u00eatre optique personnalis\u00e9e en rubis est un composant optique de haute performance fabriqu\u00e9 avec pr\u00e9cision \u00e0 partir de rubis synth\u00e9tique (cristal unique \u03b1-Al\u2082O\u2083 dop\u00e9 au Cr\u00b3\u207a). Con\u00e7u pour des applications optiques exigeantes, il combine la duret\u00e9 m\u00e9canique exceptionnelle, la stabilit\u00e9 thermique, la r\u00e9sistance chimique et la transmittance \u00e0 large spectre du rubis avec des g\u00e9om\u00e9tries sur mesure pour des syst\u00e8mes laser sp\u00e9cialis\u00e9s et \u00e0 haute temp\u00e9rature.<\/p>\n<p data-start=\"627\" data-end=\"943\">Contrairement au verre optique standard, les fen\u00eatres optiques en rubis offrent une durabilit\u00e9 environnementale sup\u00e9rieure, une r\u00e9sistance aux rayures et une tol\u00e9rance aux dommages caus\u00e9s par le laser, garantissant une protection fiable des composants optiques internes dans les lasers de haute puissance, les fours industriels, les syst\u00e8mes a\u00e9rospatiaux et les dispositifs de surveillance de l'environnement extr\u00eame.<\/p>\n<p data-start=\"627\" data-end=\"943\"><img fetchpriority=\"high\" decoding=\"async\" class=\"alignnone size-medium wp-image-2047\" src=\"https:\/\/www.sapphire-windows.com\/wp-content\/uploads\/2026\/01\/ruby_optical_window_with_85_transmittance_dsp_for_laser_transmission_customized2-300x300.webp\" alt=\"\" width=\"300\" height=\"300\" srcset=\"https:\/\/www.sapphire-windows.com\/wp-content\/uploads\/2026\/01\/ruby_optical_window_with_85_transmittance_dsp_for_laser_transmission_customized2-300x300.webp 300w, https:\/\/www.sapphire-windows.com\/wp-content\/uploads\/2026\/01\/ruby_optical_window_with_85_transmittance_dsp_for_laser_transmission_customized2-150x150.webp 150w, https:\/\/www.sapphire-windows.com\/wp-content\/uploads\/2026\/01\/ruby_optical_window_with_85_transmittance_dsp_for_laser_transmission_customized2-600x600.webp 600w, https:\/\/www.sapphire-windows.com\/wp-content\/uploads\/2026\/01\/ruby_optical_window_with_85_transmittance_dsp_for_laser_transmission_customized2-100x100.webp 100w, https:\/\/www.sapphire-windows.com\/wp-content\/uploads\/2026\/01\/ruby_optical_window_with_85_transmittance_dsp_for_laser_transmission_customized2.webp 750w\" sizes=\"(max-width: 300px) 100vw, 300px\" \/> <img decoding=\"async\" class=\"alignnone size-medium wp-image-2048\" src=\"https:\/\/www.sapphire-windows.com\/wp-content\/uploads\/2026\/01\/ruby_optical_window_with_85_transmittance_dsp_for_laser_transmission_customized-300x300.webp\" alt=\"\" width=\"300\" height=\"300\" srcset=\"https:\/\/www.sapphire-windows.com\/wp-content\/uploads\/2026\/01\/ruby_optical_window_with_85_transmittance_dsp_for_laser_transmission_customized-300x300.webp 300w, https:\/\/www.sapphire-windows.com\/wp-content\/uploads\/2026\/01\/ruby_optical_window_with_85_transmittance_dsp_for_laser_transmission_customized-150x150.webp 150w, https:\/\/www.sapphire-windows.com\/wp-content\/uploads\/2026\/01\/ruby_optical_window_with_85_transmittance_dsp_for_laser_transmission_customized-600x600.webp 600w, https:\/\/www.sapphire-windows.com\/wp-content\/uploads\/2026\/01\/ruby_optical_window_with_85_transmittance_dsp_for_laser_transmission_customized-100x100.webp 100w, https:\/\/www.sapphire-windows.com\/wp-content\/uploads\/2026\/01\/ruby_optical_window_with_85_transmittance_dsp_for_laser_transmission_customized.webp 750w\" sizes=\"(max-width: 300px) 100vw, 300px\" \/> <img decoding=\"async\" class=\"alignnone size-medium wp-image-2049\" src=\"https:\/\/www.sapphire-windows.com\/wp-content\/uploads\/2026\/01\/ruby_optical_window_with_85_transmittance_dsp_for_laser_transmission_customize-300x300.webp\" alt=\"\" width=\"300\" height=\"300\" srcset=\"https:\/\/www.sapphire-windows.com\/wp-content\/uploads\/2026\/01\/ruby_optical_window_with_85_transmittance_dsp_for_laser_transmission_customize-300x300.webp 300w, https:\/\/www.sapphire-windows.com\/wp-content\/uploads\/2026\/01\/ruby_optical_window_with_85_transmittance_dsp_for_laser_transmission_customize-150x150.webp 150w, https:\/\/www.sapphire-windows.com\/wp-content\/uploads\/2026\/01\/ruby_optical_window_with_85_transmittance_dsp_for_laser_transmission_customize-600x600.webp 600w, https:\/\/www.sapphire-windows.com\/wp-content\/uploads\/2026\/01\/ruby_optical_window_with_85_transmittance_dsp_for_laser_transmission_customize-100x100.webp 100w, https:\/\/www.sapphire-windows.com\/wp-content\/uploads\/2026\/01\/ruby_optical_window_with_85_transmittance_dsp_for_laser_transmission_customize.webp 750w\" sizes=\"(max-width: 300px) 100vw, 300px\" \/><\/p>\n<h2 data-start=\"950\" data-end=\"981\">Sp\u00e9cifications techniques<\/h2>\n<div class=\"TyagGW_tableContainer\">\n<div class=\"group TyagGW_tableWrapper flex flex-col-reverse w-fit\" tabindex=\"-1\">\n<table class=\"w-fit min-w-(--thread-content-width)\" data-start=\"983\" data-end=\"1783\">\n<thead data-start=\"983\" data-end=\"1012\">\n<tr data-start=\"983\" data-end=\"1012\">\n<th data-start=\"983\" data-end=\"995\" data-col-size=\"sm\">Param\u00e8tres<\/th>\n<th data-start=\"995\" data-end=\"1012\" data-col-size=\"md\">Sp\u00e9cifications<\/th>\n<\/tr>\n<\/thead>\n<tbody data-start=\"1023\" data-end=\"1783\">\n<tr data-start=\"1023\" data-end=\"1088\">\n<td data-start=\"1023\" data-end=\"1034\" data-col-size=\"sm\">Mat\u00e9riau<\/td>\n<td data-start=\"1034\" data-end=\"1088\" data-col-size=\"md\">Rubis synth\u00e9tique (monocristal \u03b1-Al\u2082O\u2083 dop\u00e9 au Cr\u00b3\u207a)<\/td>\n<\/tr>\n<tr data-start=\"1089\" data-end=\"1122\">\n<td data-start=\"1089\" data-end=\"1109\" data-col-size=\"sm\">Structure cristalline<\/td>\n<td data-col-size=\"md\" data-start=\"1109\" data-end=\"1122\">Hexagonal<\/td>\n<\/tr>\n<tr data-start=\"1123\" data-end=\"1172\">\n<td data-start=\"1123\" data-end=\"1143\" data-col-size=\"sm\">Constantes du r\u00e9seau<\/td>\n<td data-col-size=\"md\" data-start=\"1143\" data-end=\"1172\">a = 4,758 \u00c5, c = 12,991 \u00c5<\/td>\n<\/tr>\n<tr data-start=\"1173\" data-end=\"1197\">\n<td data-start=\"1173\" data-end=\"1183\" data-col-size=\"sm\">Densit\u00e9<\/td>\n<td data-col-size=\"md\" data-start=\"1183\" data-end=\"1197\">3,98 g\/cm\u00b3<\/td>\n<\/tr>\n<tr data-start=\"1198\" data-end=\"1224\">\n<td data-start=\"1198\" data-end=\"1214\" data-col-size=\"sm\">Point de fusion<\/td>\n<td data-col-size=\"md\" data-start=\"1214\" data-end=\"1224\">2040\u00b0C<\/td>\n<\/tr>\n<tr data-start=\"1225\" data-end=\"1246\">\n<td data-start=\"1225\" data-end=\"1241\" data-col-size=\"sm\">Duret\u00e9 Mohs<\/td>\n<td data-col-size=\"md\" data-start=\"1241\" data-end=\"1246\">9<\/td>\n<\/tr>\n<tr data-start=\"1247\" data-end=\"1301\">\n<td data-start=\"1247\" data-end=\"1279\" data-col-size=\"sm\">Coefficient de dilatation thermique<\/td>\n<td data-col-size=\"md\" data-start=\"1279\" data-end=\"1301\">6.5-8.4 \u00d7 10-\u2076 \/\u00b0C<\/td>\n<\/tr>\n<tr data-start=\"1302\" data-end=\"1337\">\n<td data-start=\"1302\" data-end=\"1325\" data-col-size=\"sm\">Conductivit\u00e9 thermique<\/td>\n<td data-col-size=\"md\" data-start=\"1325\" data-end=\"1337\">52 W\/m\/K<\/td>\n<\/tr>\n<tr data-start=\"1338\" data-end=\"1368\">\n<td data-start=\"1338\" data-end=\"1354\" data-col-size=\"sm\">Chaleur sp\u00e9cifique<\/td>\n<td data-col-size=\"md\" data-start=\"1354\" data-end=\"1368\">0,42 J\/g\/K<\/td>\n<\/tr>\n<tr data-start=\"1369\" data-end=\"1426\">\n<td data-start=\"1369\" data-end=\"1390\" data-col-size=\"sm\">Gamme de transmission<\/td>\n<td data-col-size=\"md\" data-start=\"1390\" data-end=\"1426\">400-1500 nm (du visible au proche infrarouge)<\/td>\n<\/tr>\n<tr data-start=\"1427\" data-end=\"1465\">\n<td data-start=\"1427\" data-end=\"1457\" data-col-size=\"sm\">Vision Transmissivit\u00e9 de la lumi\u00e8re<\/td>\n<td data-col-size=\"md\" data-start=\"1457\" data-end=\"1465\">\u226585%<\/td>\n<\/tr>\n<tr data-start=\"1466\" data-end=\"1523\">\n<td data-start=\"1466\" data-end=\"1483\" data-col-size=\"sm\">Finition de la surface<\/td>\n<td data-col-size=\"md\" data-start=\"1483\" data-end=\"1523\">Polissage double face (DSP), Ra &lt;5 nm<\/td>\n<\/tr>\n<tr data-start=\"1524\" data-end=\"1563\">\n<td data-start=\"1524\" data-end=\"1549\" data-col-size=\"sm\">Seuil de dommages laser<\/td>\n<td data-col-size=\"md\" data-start=\"1549\" data-end=\"1563\">&gt;10 kW\/cm\u00b2<\/td>\n<\/tr>\n<tr data-start=\"1564\" data-end=\"1590\">\n<td data-start=\"1564\" data-end=\"1580\" data-col-size=\"sm\">Pic d'\u00e9mission<\/td>\n<td data-col-size=\"md\" data-start=\"1580\" data-end=\"1590\">795 nm<\/td>\n<\/tr>\n<tr data-start=\"1591\" data-end=\"1619\">\n<td data-start=\"1591\" data-end=\"1609\" data-col-size=\"sm\">Pic d'absorption<\/td>\n<td data-col-size=\"md\" data-start=\"1609\" data-end=\"1619\">488 nm<\/td>\n<\/tr>\n<tr data-start=\"1620\" data-end=\"1657\">\n<td data-start=\"1620\" data-end=\"1639\" data-col-size=\"sm\">Indice de r\u00e9fraction<\/td>\n<td data-col-size=\"md\" data-start=\"1639\" data-end=\"1657\">1,76 \u00e0 800 nm<\/td>\n<\/tr>\n<tr data-start=\"1658\" data-end=\"1722\">\n<td data-start=\"1658\" data-end=\"1677\" data-col-size=\"sm\">\u00c9paisseur et taille<\/td>\n<td data-col-size=\"md\" data-start=\"1677\" data-end=\"1722\">Personnalis\u00e9, poli selon la tol\u00e9rance optique<\/td>\n<\/tr>\n<tr data-start=\"1723\" data-end=\"1758\">\n<td data-start=\"1723\" data-end=\"1735\" data-col-size=\"sm\">Emballage<\/td>\n<td data-col-size=\"md\" data-start=\"1735\" data-end=\"1758\">Salle blanche de classe 100<\/td>\n<\/tr>\n<tr data-start=\"1759\" data-end=\"1783\">\n<td data-start=\"1759\" data-end=\"1775\" data-col-size=\"sm\">Certification<\/td>\n<td data-col-size=\"md\" data-start=\"1775\" data-end=\"1783\">RoHS<\/td>\n<\/tr>\n<\/tbody>\n<\/table>\n<\/div>\n<\/div>\n<h2 data-start=\"1790\" data-end=\"1809\">Caract\u00e9ristiques principales<\/h2>\n<ol data-start=\"1811\" data-end=\"2991\">\n<li data-start=\"1811\" data-end=\"2023\">\n<p data-start=\"1814\" data-end=\"1857\">Duret\u00e9 et r\u00e9sistance \u00e0 l'usure tr\u00e8s \u00e9lev\u00e9es<\/p>\n<ul data-start=\"1861\" data-end=\"2023\">\n<li data-start=\"1861\" data-end=\"1941\">\n<p data-start=\"1863\" data-end=\"1941\">Duret\u00e9 Mohs 9, 20 fois plus r\u00e9sistant aux rayures que le verre optique conventionnel.<\/p>\n<\/li>\n<li data-start=\"1945\" data-end=\"2023\">\n<p data-start=\"1947\" data-end=\"2023\">R\u00e9siste au sable, \u00e0 la poussi\u00e8re et \u00e0 l'abrasion m\u00e9canique pour une clart\u00e9 optique \u00e0 long terme.<\/p>\n<\/li>\n<\/ul>\n<\/li>\n<li data-start=\"2025\" data-end=\"2227\">\n<p data-start=\"2028\" data-end=\"2060\">Transmission optique large<\/p>\n<ul data-start=\"2064\" data-end=\"2227\">\n<li data-start=\"2064\" data-end=\"2147\">\n<blockquote data-start=\"2066\" data-end=\"2147\">\n<p data-start=\"2067\" data-end=\"2147\">85% dans le proche infrarouge (700-1500 nm) et &gt;90% dans la lumi\u00e8re visible (400-700 nm).<\/p>\n<\/blockquote>\n<\/li>\n<li data-start=\"2151\" data-end=\"2227\">\n<p data-start=\"2153\" data-end=\"2227\">Prend en charge les syst\u00e8mes laser et de d\u00e9tection de haute pr\u00e9cision dans les spectres UV-NIR.<\/p>\n<\/li>\n<\/ul>\n<\/li>\n<li data-start=\"2229\" data-end=\"2445\">\n<p data-start=\"2232\" data-end=\"2264\">Stabilit\u00e9 thermique sup\u00e9rieure<\/p>\n<ul data-start=\"2268\" data-end=\"2445\">\n<li data-start=\"2268\" data-end=\"2341\">\n<p data-start=\"2270\" data-end=\"2341\">Fonctionnement continu jusqu'\u00e0 1200\u00b0C, tol\u00e9rance \u00e0 court terme jusqu'\u00e0 1500\u00b0C.<\/p>\n<\/li>\n<li data-start=\"2345\" data-end=\"2445\">\n<p data-start=\"2347\" data-end=\"2445\">La faible dilatation thermique garantit la pr\u00e9cision de la surface (&lt;\u03bb\/8 @632,8 nm) en cas de chauffage et de refroidissement rapides.<\/p>\n<\/li>\n<\/ul>\n<\/li>\n<li data-start=\"2447\" data-end=\"2647\">\n<p data-start=\"2450\" data-end=\"2503\">R\u00e9sistance exceptionnelle aux produits chimiques et \u00e0 l'environnement<\/p>\n<ul data-start=\"2507\" data-end=\"2647\">\n<li data-start=\"2507\" data-end=\"2575\">\n<p data-start=\"2509\" data-end=\"2575\">Stable dans des environnements tr\u00e8s acides (pH 1) \u00e0 alcalins (pH 14).<\/p>\n<\/li>\n<li data-start=\"2579\" data-end=\"2647\">\n<p data-start=\"2581\" data-end=\"2647\">Id\u00e9al pour les conditions corrosives, \u00e0 haute pression ou \u00e0 forte humidit\u00e9.<\/p>\n<\/li>\n<\/ul>\n<\/li>\n<li data-start=\"2649\" data-end=\"2770\">\n<p data-start=\"2652\" data-end=\"2680\">Tol\u00e9rance aux dommages caus\u00e9s par le laser<\/p>\n<ul data-start=\"2684\" data-end=\"2770\">\n<li data-start=\"2684\" data-end=\"2770\">\n<p data-start=\"2686\" data-end=\"2770\">Peut supporter &gt;10 kW\/cm\u00b2, convient aux applications laser CO\u2082, YAG et ultrarapides.<\/p>\n<\/li>\n<\/ul>\n<\/li>\n<li data-start=\"2772\" data-end=\"2991\">\n<p data-start=\"2775\" data-end=\"2804\">Fabrication de pr\u00e9cision<\/p>\n<ul data-start=\"2808\" data-end=\"2991\">\n<li data-start=\"2808\" data-end=\"2888\">\n<p data-start=\"2810\" data-end=\"2888\">Produit par les m\u00e9thodes de croissance cristalline Kyropoulos (KY) ou Czochralski (Cz).<\/p>\n<\/li>\n<li data-start=\"2892\" data-end=\"2991\">\n<p data-start=\"2894\" data-end=\"2991\">Polis selon les normes DSP pour une diffusion minimale, des d\u00e9fauts de surface et une grande uniformit\u00e9 optique.<\/p>\n<\/li>\n<\/ul>\n<\/li>\n<\/ol>\n<h2 data-start=\"2998\" data-end=\"3025\">Applications primaires<\/h2>\n<ol data-start=\"3027\" data-end=\"3893\">\n<li data-start=\"3027\" data-end=\"3196\">\n<p data-start=\"3030\" data-end=\"3060\">Syst\u00e8mes laser de haute puissance<\/p>\n<ul data-start=\"3064\" data-end=\"3196\">\n<li data-start=\"3064\" data-end=\"3120\">\n<p data-start=\"3066\" data-end=\"3120\">Fen\u00eatres de sortie et lentilles de protection pour r\u00e9sonateurs.<\/p>\n<\/li>\n<li data-start=\"3124\" data-end=\"3196\">\n<p data-start=\"3126\" data-end=\"3196\">Prend en charge les syst\u00e8mes laser CO\u2082, YAG et \u00e0 fibre \u00e0 haute densit\u00e9 d'\u00e9nergie.<\/p>\n<\/li>\n<\/ul>\n<\/li>\n<li data-start=\"3198\" data-end=\"3385\">\n<p data-start=\"3201\" data-end=\"3245\">Surveillance industrielle \u00e0 haute temp\u00e9rature<\/p>\n<ul data-start=\"3249\" data-end=\"3385\">\n<li data-start=\"3249\" data-end=\"3318\">\n<p data-start=\"3251\" data-end=\"3318\">Fen\u00eatres d'observation dans les fours de sid\u00e9rurgie, de verrerie et de chimie.<\/p>\n<\/li>\n<li data-start=\"3322\" data-end=\"3385\">\n<p data-start=\"3324\" data-end=\"3385\">Maintient la visibilit\u00e9 \u00e0 des temp\u00e9ratures sup\u00e9rieures \u00e0 1000-1500\u00b0C.<\/p>\n<\/li>\n<\/ul>\n<\/li>\n<li data-start=\"3387\" data-end=\"3558\">\n<p data-start=\"3390\" data-end=\"3415\">A\u00e9rospatiale et d\u00e9fense<\/p>\n<ul data-start=\"3419\" data-end=\"3558\">\n<li data-start=\"3419\" data-end=\"3464\">\n<p data-start=\"3421\" data-end=\"3464\">Les hublots des engins spatiaux et les rad\u00f4mes des missiles.<\/p>\n<\/li>\n<li data-start=\"3468\" data-end=\"3558\">\n<p data-start=\"3470\" data-end=\"3558\">R\u00e9siste \u00e0 l'\u00e9chauffement a\u00e9rodynamique, \u00e0 l'\u00e9rosion des particules et aux contraintes environnementales supersoniques.<\/p>\n<\/li>\n<\/ul>\n<\/li>\n<li data-start=\"3560\" data-end=\"3756\">\n<p data-start=\"3563\" data-end=\"3598\">D\u00e9tection des environnements extr\u00eames<\/p>\n<ul data-start=\"3602\" data-end=\"3756\">\n<li data-start=\"3602\" data-end=\"3669\">\n<p data-start=\"3604\" data-end=\"3669\">Les submersibles de haute mer et les ports d'acc\u00e8s optiques des r\u00e9acteurs nucl\u00e9aires.<\/p>\n<\/li>\n<li data-start=\"3673\" data-end=\"3756\">\n<p data-start=\"3675\" data-end=\"3756\">R\u00e9sistance \u00e0 une pression sup\u00e9rieure \u00e0 1000 atmosph\u00e8res avec des performances optiques stables.<\/p>\n<\/li>\n<\/ul>\n<\/li>\n<li data-start=\"3758\" data-end=\"3893\">\n<p data-start=\"3761\" data-end=\"3801\">Instruments scientifiques et de pr\u00e9cision<\/p>\n<ul data-start=\"3805\" data-end=\"3893\">\n<li data-start=\"3805\" data-end=\"3893\">\n<p data-start=\"3807\" data-end=\"3893\">Syst\u00e8mes d'alimentation laser, instruments de spectroscopie et installations optiques de haute pr\u00e9cision.<\/p>\n<\/li>\n<\/ul>\n<\/li>\n<\/ol>\n<h2 data-start=\"3900\" data-end=\"3910\">FAQ<\/h2>\n<p data-start=\"3912\" data-end=\"4200\">Q1 : Pourquoi utiliser des fen\u00eatres optiques en rubis plut\u00f4t que du verre optique conventionnel ?<br data-start=\"3987\" data-end=\"3990\" \/>A1 : Les fen\u00eatres en rubis offrent une r\u00e9sistance aux rayures 20 fois sup\u00e9rieure, r\u00e9sistent \u00e0 des temp\u00e9ratures allant jusqu'\u00e0 1500\u00b0C et conservent une transmittance &gt;85% du visible au proche infrarouge, surpassant le verre optique standard dans des conditions difficiles.<\/p>\n<p data-start=\"4202\" data-end=\"4411\">Q2 : Les fen\u00eatres en rubis peuvent-elles supporter des applications laser de haute puissance ?<br data-start=\"4264\" data-end=\"4267\" \/>A2 : Oui, ces fen\u00eatres ont un seuil de dommage laser sup\u00e9rieur \u00e0 10 kW\/cm\u00b2, ce qui est id\u00e9al pour les syst\u00e8mes laser CO\u2082\/YAG et la livraison de faisceaux de pr\u00e9cision.<\/p>\n<p data-start=\"4413\" data-end=\"4631\">Q3 : Des tailles et des formes personnalis\u00e9es sont-elles disponibles ?<br data-start=\"4459\" data-end=\"4462\" \/>A3 : Absolument. Nous proposons des tailles, des \u00e9paisseurs et des surfaces polies double face (DSP) sur mesure pour r\u00e9pondre aux exigences sp\u00e9cifiques des syst\u00e8mes laser ou de l'instrumentation.<\/p>","protected":false},"excerpt":{"rendered":"<p>Fen\u00eatres optiques en rubis personnalis\u00e9es (Cr\u00b3\u207a-dop\u00e9 \u03b1-Al\u2082O\u2083) avec une duret\u00e9 de Mohs 9, une transmittance \u226585%, un polissage double face et une tol\u00e9rance \u00e9lev\u00e9e aux dommages laser pour les syst\u00e8mes laser de haute puissance, l'a\u00e9rospatiale, la surveillance industrielle et l'instrumentation de pr\u00e9cision.<\/p>","protected":false},"featured_media":2049,"comment_status":"open","ping_status":"closed","template":"","meta":{"site-sidebar-layout":"default","site-content-layout":"","ast-site-content-layout":"default","site-content-style":"default","site-sidebar-style":"default","ast-global-header-display":"","ast-banner-title-visibility":"","ast-main-header-display":"","ast-hfb-above-header-display":"","ast-hfb-below-header-display":"","ast-hfb-mobile-header-display":"","site-post-title":"","ast-breadcrumbs-content":"","ast-featured-img":"","footer-sml-layout":"","ast-disable-related-posts":"","theme-transparent-header-meta":"default","adv-header-id-meta":"","stick-header-meta":"default","header-above-stick-meta":"","header-main-stick-meta":"","header-below-stick-meta":"","astra-migrate-meta-layouts":"set","ast-page-background-enabled":"default","ast-page-background-meta":{"desktop":{"background-color":"","background-image":"","background-repeat":"repeat","background-position":"center center","background-size":"auto","background-attachment":"scroll","background-type":"","background-media":"","overlay-type":"","overlay-color":"","overlay-opacity":"","overlay-gradient":""},"tablet":{"background-color":"","background-image":"","background-repeat":"repeat","background-position":"center center","background-size":"auto","background-attachment":"scroll","background-type":"","background-media":"","overlay-type":"","overlay-color":"","overlay-opacity":"","overlay-gradient":""},"mobile":{"background-color":"","background-image":"","background-repeat":"repeat","background-position":"center center","background-size":"auto","background-attachment":"scroll","background-type":"","background-media":"","overlay-type":"","overlay-color":"","overlay-opacity":"","overlay-gradient":""}},"ast-content-background-meta":{"desktop":{"background-color":"var(--ast-global-color-5)","background-image":"","background-repeat":"repeat","background-position":"center center","background-size":"auto","background-attachment":"scroll","background-type":"","background-media":"","overlay-type":"","overlay-color":"","overlay-opacity":"","overlay-gradient":""},"tablet":{"background-color":"var(--ast-global-color-5)","background-image":"","background-repeat":"repeat","background-position":"center center","background-size":"auto","background-attachment":"scroll","background-type":"","background-media":"","overlay-type":"","overlay-color":"","overlay-opacity":"","overlay-gradient":""},"mobile":{"background-color":"var(--ast-global-color-5)","background-image":"","background-repeat":"repeat","background-position":"center center","background-size":"auto","background-attachment":"scroll","background-type":"","background-media":"","overlay-type":"","overlay-color":"","overlay-opacity":"","overlay-gradient":""}}},"product_brand":[],"product_cat":[15],"product_tag":[105,110,98,107,102,99,103,104,101,100,109,106,97,112,108,111],"class_list":{"0":"post-2046","1":"product","2":"type-product","3":"status-publish","4":"has-post-thumbnail","6":"product_cat-sapphire-windows","7":"product_tag-aerospace-optical-components","8":"product_tag-co2-laser","9":"product_tag-cr-doped-alo","10":"product_tag-custom-laser-optics","11":"product_tag-dsp-polished","12":"product_tag-high-hardness","13":"product_tag-high-temperature-resistant","14":"product_tag-industrial-laser-windows","15":"product_tag-laser-transmission","16":"product_tag-mohs-9","17":"product_tag-nir-transmittance","18":"product_tag-precision-optical-windows","19":"product_tag-ruby-optical-window","20":"product_tag-semiconductor-optical-components","21":"product_tag-wear-resistant-optical-glass","22":"product_tag-yag-laser","23":"desktop-align-left","24":"tablet-align-left","25":"mobile-align-left","26":"ast-product-gallery-layout-horizontal-slider","27":"ast-product-tabs-layout-horizontal","29":"first","30":"instock","31":"shipping-taxable","32":"product-type-simple"},"_links":{"self":[{"href":"https:\/\/www.sapphire-windows.com\/fr\/wp-json\/wp\/v2\/product\/2046","targetHints":{"allow":["GET"]}}],"collection":[{"href":"https:\/\/www.sapphire-windows.com\/fr\/wp-json\/wp\/v2\/product"}],"about":[{"href":"https:\/\/www.sapphire-windows.com\/fr\/wp-json\/wp\/v2\/types\/product"}],"replies":[{"embeddable":true,"href":"https:\/\/www.sapphire-windows.com\/fr\/wp-json\/wp\/v2\/comments?post=2046"}],"version-history":[{"count":1,"href":"https:\/\/www.sapphire-windows.com\/fr\/wp-json\/wp\/v2\/product\/2046\/revisions"}],"predecessor-version":[{"id":2050,"href":"https:\/\/www.sapphire-windows.com\/fr\/wp-json\/wp\/v2\/product\/2046\/revisions\/2050"}],"wp:featuredmedia":[{"embeddable":true,"href":"https:\/\/www.sapphire-windows.com\/fr\/wp-json\/wp\/v2\/media\/2049"}],"wp:attachment":[{"href":"https:\/\/www.sapphire-windows.com\/fr\/wp-json\/wp\/v2\/media?parent=2046"}],"wp:term":[{"taxonomy":"product_brand","embeddable":true,"href":"https:\/\/www.sapphire-windows.com\/fr\/wp-json\/wp\/v2\/product_brand?post=2046"},{"taxonomy":"product_cat","embeddable":true,"href":"https:\/\/www.sapphire-windows.com\/fr\/wp-json\/wp\/v2\/product_cat?post=2046"},{"taxonomy":"product_tag","embeddable":true,"href":"https:\/\/www.sapphire-windows.com\/fr\/wp-json\/wp\/v2\/product_tag?post=2046"}],"curies":[{"name":"wp","href":"https:\/\/api.w.org\/{rel}","templated":true}]}}