{"id":2028,"date":"2026-01-21T02:42:44","date_gmt":"2026-01-21T02:42:44","guid":{"rendered":"https:\/\/www.sapphire-windows.com\/?post_type=product&#038;p=2028"},"modified":"2026-01-21T02:42:45","modified_gmt":"2026-01-21T02:42:45","slug":"custom-sapphire-optical-window-222x74x4mm-wear-resistant-ir-uv-window","status":"publish","type":"product","link":"https:\/\/www.sapphire-windows.com\/fr\/product\/custom-sapphire-optical-window-222x74x4mm-wear-resistant-ir-uv-window\/","title":{"rendered":"Fen\u00eatre optique saphir sur mesure 222\u00d774\u00d74mm Fen\u00eatre IR et UV r\u00e9sistante \u00e0 l'usure"},"content":{"rendered":"<h2 data-start=\"218\" data-end=\"237\">Aper\u00e7u du produit<img fetchpriority=\"high\" decoding=\"async\" class=\"size-medium wp-image-2029 alignright\" src=\"https:\/\/www.sapphire-windows.com\/wp-content\/uploads\/2026\/01\/Custom-Sapphire-Optical-Window-222\u00d774\u00d74mm-Wear-Resistant-IR-UV-Window-3-300x300.jpg\" alt=\"\" width=\"300\" height=\"300\" srcset=\"\" sizes=\"(max-width: 300px) 100vw, 300px\" data-srcset=\"\" \/><\/h2>\n<p data-start=\"239\" data-end=\"553\">La fen\u00eatre optique en saphir sur mesure (222 mm \u00d7 74 mm \u00d7 4 mm) est fabriqu\u00e9e avec pr\u00e9cision \u00e0 partir d'un monocristal d'\u03b1-Al\u2082O\u2083 (saphir). Contrairement aux pierres pr\u00e9cieuses naturelles, ce saphir de qualit\u00e9 optique est un monocristal synth\u00e9tique qui offre une duret\u00e9 exceptionnelle (Mohs 9), une r\u00e9sistance \u00e0 l'usure, une stabilit\u00e9 thermique et une inertie chimique.<\/p>\n<p data-start=\"555\" data-end=\"875\">Con\u00e7ues pour les syst\u00e8mes optiques infrarouges (IR) et ultraviolets (UV), ces fen\u00eatres prot\u00e8gent les composants sensibles dans des environnements \u00e0 haute temp\u00e9rature, \u00e0 haute pression et chimiquement agressifs. La large transmission spectrale du saphir (170-5500 nm) garantit une perte de signal minimale pour les lasers, les capteurs et les instruments optiques.<\/p>\n<p data-start=\"877\" data-end=\"1077\">Ce produit allie robustesse m\u00e9canique et clart\u00e9 optique sup\u00e9rieure, ce qui le rend id\u00e9al pour la fabrication de semi-conducteurs, la d\u00e9tection industrielle, l'a\u00e9rospatiale, la d\u00e9fense et la recherche scientifique.<\/p>\n<h2 data-start=\"1084\" data-end=\"1111\">Sp\u00e9cifications techniques<\/h2>\n<div class=\"TyagGW_tableContainer\">\n<div class=\"group TyagGW_tableWrapper flex flex-col-reverse w-fit\" tabindex=\"-1\">\n<table class=\"w-fit min-w-(--thread-content-width)\" data-start=\"1113\" data-end=\"1766\">\n<thead data-start=\"1113\" data-end=\"1142\">\n<tr data-start=\"1113\" data-end=\"1142\">\n<th data-start=\"1113\" data-end=\"1125\" data-col-size=\"sm\">Param\u00e8tres<\/th>\n<th data-start=\"1125\" data-end=\"1142\" data-col-size=\"md\">Sp\u00e9cifications<\/th>\n<\/tr>\n<\/thead>\n<tbody data-start=\"1153\" data-end=\"1766\">\n<tr data-start=\"1153\" data-end=\"1215\">\n<td data-start=\"1153\" data-end=\"1164\" data-col-size=\"sm\">Mat\u00e9riau<\/td>\n<td data-start=\"1164\" data-end=\"1215\" data-col-size=\"md\">Cristal de saphir de qualit\u00e9 optique (\u03b1-Al\u2082O\u2083)<\/td>\n<\/tr>\n<tr data-start=\"1216\" data-end=\"1245\">\n<td data-start=\"1216\" data-end=\"1223\" data-col-size=\"sm\">Taille<\/td>\n<td data-start=\"1223\" data-end=\"1245\" data-col-size=\"md\">222 mm \u00d7 74 mm \u00d7 4 mm<\/td>\n<\/tr>\n<tr data-start=\"1246\" data-end=\"1279\">\n<td data-start=\"1246\" data-end=\"1268\" data-col-size=\"sm\">Tol\u00e9rance d'\u00e9paisseur<\/td>\n<td data-start=\"1268\" data-end=\"1279\" data-col-size=\"md\">\u00b10,1 mm<\/td>\n<\/tr>\n<tr data-start=\"1280\" data-end=\"1305\">\n<td data-start=\"1280\" data-end=\"1297\" data-col-size=\"sm\">Ouverture libre<\/td>\n<td data-start=\"1297\" data-end=\"1305\" data-col-size=\"md\">&gt;90%<\/td>\n<\/tr>\n<tr data-start=\"1306\" data-end=\"1342\">\n<td data-start=\"1306\" data-end=\"1331\" data-col-size=\"sm\">Rugosit\u00e9 de la surface (Ra)<\/td>\n<td data-start=\"1331\" data-end=\"1342\" data-col-size=\"md\">\u22640,2 nm<\/td>\n<\/tr>\n<tr data-start=\"1343\" data-end=\"1396\">\n<td data-start=\"1343\" data-end=\"1364\" data-col-size=\"sm\">Gamme de transmission<\/td>\n<td data-start=\"1364\" data-end=\"1396\" data-col-size=\"md\">170 - 5500 nm (de l'UV \u00e0 l'IR moyen)<\/td>\n<\/tr>\n<tr data-start=\"1397\" data-end=\"1443\">\n<td data-start=\"1397\" data-end=\"1408\" data-col-size=\"sm\">Duret\u00e9<\/td>\n<td data-start=\"1408\" data-end=\"1443\" data-col-size=\"md\">Mohs 9 (deuxi\u00e8me apr\u00e8s le diamant)<\/td>\n<\/tr>\n<tr data-start=\"1444\" data-end=\"1494\">\n<td data-start=\"1444\" data-end=\"1476\" data-col-size=\"sm\">Coefficient de dilatation thermique<\/td>\n<td data-start=\"1476\" data-end=\"1494\" data-col-size=\"md\">8.8 \u00d7 10-\u2076 \/\u00b0C<\/td>\n<\/tr>\n<tr data-start=\"1495\" data-end=\"1524\">\n<td data-start=\"1495\" data-end=\"1513\" data-col-size=\"sm\">Module d'\u00e9lasticit\u00e9<\/td>\n<td data-start=\"1513\" data-end=\"1524\" data-col-size=\"md\">435 GPa<\/td>\n<\/tr>\n<tr data-start=\"1525\" data-end=\"1563\">\n<td data-start=\"1525\" data-end=\"1546\" data-col-size=\"sm\">R\u00e9sistance thermique<\/td>\n<td data-start=\"1546\" data-end=\"1563\" data-col-size=\"md\">Jusqu'\u00e0 ~2030\u00b0C<\/td>\n<\/tr>\n<tr data-start=\"1564\" data-end=\"1635\">\n<td data-start=\"1564\" data-end=\"1586\" data-col-size=\"sm\">R\u00e9sistance chimique<\/td>\n<td data-start=\"1586\" data-end=\"1635\" data-col-size=\"md\">Tr\u00e8s r\u00e9sistant aux acides, aux alcalis et \u00e0 l'eau<\/td>\n<\/tr>\n<tr data-start=\"1636\" data-end=\"1693\">\n<td data-start=\"1636\" data-end=\"1653\" data-col-size=\"sm\">Finition de la surface<\/td>\n<td data-start=\"1653\" data-end=\"1693\" data-col-size=\"md\">Polissage double face, qualit\u00e9 optique<\/td>\n<\/tr>\n<tr data-start=\"1694\" data-end=\"1728\">\n<td data-start=\"1694\" data-end=\"1710\" data-col-size=\"sm\">Certification<\/td>\n<td data-start=\"1710\" data-end=\"1728\" data-col-size=\"md\">Conforme \u00e0 la directive RoHS<\/td>\n<\/tr>\n<tr data-start=\"1729\" data-end=\"1766\">\n<td data-start=\"1729\" data-end=\"1741\" data-col-size=\"sm\">Emballage<\/td>\n<td data-start=\"1741\" data-end=\"1766\" data-col-size=\"md\">Salle blanche (classe 100)<\/td>\n<\/tr>\n<\/tbody>\n<\/table>\n<\/div>\n<\/div>\n<h2 data-start=\"1773\" data-end=\"1788\">Caract\u00e9ristiques principales<img decoding=\"async\" class=\"size-medium wp-image-2030 alignleft\" src=\"https:\/\/www.sapphire-windows.com\/wp-content\/uploads\/2026\/01\/Custom-Sapphire-Optical-Window-222\u00d774\u00d74mm-Wear-Resistant-IR-UV-Window-1-300x300.jpg\" alt=\"\" width=\"300\" height=\"300\" srcset=\"\" sizes=\"(max-width: 300px) 100vw, 300px\" data-srcset=\"\" \/><\/h2>\n<ul data-start=\"1790\" data-end=\"2447\">\n<li data-start=\"1790\" data-end=\"1919\">\n<p data-start=\"1792\" data-end=\"1919\">Duret\u00e9 et r\u00e9sistance \u00e0 l'usure tr\u00e8s \u00e9lev\u00e9es<br data-start=\"1833\" data-end=\"1836\" \/>La duret\u00e9 Mohs 9 garantit la r\u00e9sistance aux rayures, \u00e0 l'abrasion et aux contraintes m\u00e9caniques.<\/p>\n<\/li>\n<li data-start=\"1921\" data-end=\"2056\">\n<p data-start=\"1923\" data-end=\"2056\">Transmission \u00e0 large spectre<br data-start=\"1954\" data-end=\"1957\" \/>Transmission efficace de l'UV \u00e0 l'IR moyen (170-5500 nm) convenant aux lasers et aux instruments optiques IR.<\/p>\n<\/li>\n<li data-start=\"2058\" data-end=\"2171\">\n<p data-start=\"2060\" data-end=\"2171\">Stabilit\u00e9 thermique extr\u00eame<br data-start=\"2089\" data-end=\"2092\" \/>Maintient la structure et les performances optiques \u00e0 des temp\u00e9ratures sup\u00e9rieures \u00e0 1900\u00b0C.<\/p>\n<\/li>\n<li data-start=\"2173\" data-end=\"2298\">\n<p data-start=\"2175\" data-end=\"2298\">Inertie chimique<br data-start=\"2197\" data-end=\"2200\" \/>R\u00e9siste \u00e0 la corrosion due \u00e0 l'eau, aux acides et aux alcalis pour une durabilit\u00e9 \u00e0 long terme dans les environnements difficiles.<\/p>\n<\/li>\n<li data-start=\"2300\" data-end=\"2447\">\n<p data-start=\"2302\" data-end=\"2447\">Robustesse m\u00e9canique<br data-start=\"2327\" data-end=\"2330\" \/>Environ cinq fois plus r\u00e9sistant que le verre standard, il est capable de r\u00e9sister \u00e0 des pressions \u00e9lev\u00e9es et \u00e0 des chocs.<\/p>\n<\/li>\n<\/ul>\n<h2 data-start=\"2454\" data-end=\"2477\">Applications typiques<\/h2>\n<ul data-start=\"2479\" data-end=\"3001\">\n<li data-start=\"2479\" data-end=\"2570\">\n<p data-start=\"2481\" data-end=\"2570\">Fabrication de semi-conducteurs : Ports d'observation des fours, fen\u00eatres r\u00e9sistantes aux produits chimiques.<\/p>\n<\/li>\n<li data-start=\"2571\" data-end=\"2687\">\n<p data-start=\"2573\" data-end=\"2687\">Instruments optiques : Fen\u00eatres de protection IR\/UV, optiques laser, ouvertures de spectrom\u00e8tres, optiques de lecteurs de codes-barres.<\/p>\n<\/li>\n<li data-start=\"2688\" data-end=\"2805\">\n<p data-start=\"2690\" data-end=\"2805\">D\u00e9tection industrielle : Hublots pour r\u00e9acteurs \u00e0 haute pression, fen\u00eatres de mesure pour d\u00e9bitm\u00e8tres, couvercles de protection pour capteurs.<\/p>\n<\/li>\n<li data-start=\"2806\" data-end=\"2920\">\n<p data-start=\"2808\" data-end=\"2920\">Recherche scientifique et d\u00e9fense : optique de chambre \u00e0 haute tension, lignes de faisceaux synchrotron, syst\u00e8mes FLIR pour l'a\u00e9rospatiale.<\/p>\n<\/li>\n<li data-start=\"2921\" data-end=\"3001\">\n<p data-start=\"2923\" data-end=\"3001\">\u00c9lectronique grand public : Cristaux de montres, lentilles de protection d'appareils photo de smartphones.<\/p>\n<\/li>\n<\/ul>\n<h2 data-start=\"3008\" data-end=\"3014\">FAQ<img decoding=\"async\" class=\"size-medium wp-image-2032 alignright\" src=\"https:\/\/www.sapphire-windows.com\/wp-content\/uploads\/2026\/01\/Custom-Sapphire-Optical-Window-222\u00d774\u00d74mm-Wear-Resistant-IR-UV-Window-4-300x300.jpg\" alt=\"\" width=\"300\" height=\"300\" srcset=\"\" sizes=\"(max-width: 300px) 100vw, 300px\" data-srcset=\"\" \/><\/h2>\n<p data-start=\"3016\" data-end=\"3287\">Q1 : O\u00f9 les fen\u00eatres optiques en saphir sont-elles couramment utilis\u00e9es ?<br data-start=\"3073\" data-end=\"3076\" \/>R : Ils sont largement utilis\u00e9s dans les environnements \u00e0 haute temp\u00e9rature, les syst\u00e8mes laser, l'a\u00e9rospatiale, les \u00e9quipements de d\u00e9fense et les instruments industriels, o\u00f9 la durabilit\u00e9, la stabilit\u00e9 thermique et la r\u00e9sistance chimique sont essentielles.<\/p>\n<p data-start=\"3289\" data-end=\"3560\">Q2 : Qu'est-ce qui fait que le saphir est meilleur que le verre ?<br data-start=\"3335\" data-end=\"3338\" \/>R : Le saphir offre une duret\u00e9 sup\u00e9rieure (Mohs 9), une r\u00e9sistance chimique, une tol\u00e9rance thermique jusqu'\u00e0 2030\u00b0C et une large transmission optique (de l'UV \u00e0 l'infrarouge moyen), ce qui le rend id\u00e9al pour les conditions difficiles o\u00f9 le verre se d\u00e9graderait.<\/p>\n<p data-start=\"3562\" data-end=\"3730\">Q3 : Ces fen\u00eatres peuvent-elles \u00eatre personnalis\u00e9es ?<br data-start=\"3602\" data-end=\"3605\" \/>R : Oui. Les dimensions, l'\u00e9paisseur, la finition de la surface et les tol\u00e9rances peuvent \u00eatre adapt\u00e9es \u00e0 des exigences optiques ou industrielles sp\u00e9cifiques.<\/p>","protected":false},"excerpt":{"rendered":"<p>Fen\u00eatre optique en saphir monocristallin de haute puret\u00e9 222\u00d774\u00d74mm, duret\u00e9 Mohs 9, r\u00e9sistante \u00e0 l'usure, transmission UV et IR, id\u00e9ale pour les lasers, les capteurs et les applications industrielles.<\/p>","protected":false},"featured_media":2029,"comment_status":"open","ping_status":"closed","template":"","meta":{"site-sidebar-layout":"default","site-content-layout":"","ast-site-content-layout":"default","site-content-style":"default","site-sidebar-style":"default","ast-global-header-display":"","ast-banner-title-visibility":"","ast-main-header-display":"","ast-hfb-above-header-display":"","ast-hfb-below-header-display":"","ast-hfb-mobile-header-display":"","site-post-title":"","ast-breadcrumbs-content":"","ast-featured-img":"","footer-sml-layout":"","ast-disable-related-posts":"","theme-transparent-header-meta":"default","adv-header-id-meta":"","stick-header-meta":"default","header-above-stick-meta":"","header-main-stick-meta":"","header-below-stick-meta":"","astra-migrate-meta-layouts":"set","ast-page-background-enabled":"default","ast-page-background-meta":{"desktop":{"background-color":"","background-image":"","background-repeat":"repeat","background-position":"center center","background-size":"auto","background-attachment":"scroll","background-type":"","background-media":"","overlay-type":"","overlay-color":"","overlay-opacity":"","overlay-gradient":""},"tablet":{"background-color":"","background-image":"","background-repeat":"repeat","background-position":"center center","background-size":"auto","background-attachment":"scroll","background-type":"","background-media":"","overlay-type":"","overlay-color":"","overlay-opacity":"","overlay-gradient":""},"mobile":{"background-color":"","background-image":"","background-repeat":"repeat","background-position":"center center","background-size":"auto","background-attachment":"scroll","background-type":"","background-media":"","overlay-type":"","overlay-color":"","overlay-opacity":"","overlay-gradient":""}},"ast-content-background-meta":{"desktop":{"background-color":"var(--ast-global-color-5)","background-image":"","background-repeat":"repeat","background-position":"center center","background-size":"auto","background-attachment":"scroll","background-type":"","background-media":"","overlay-type":"","overlay-color":"","overlay-opacity":"","overlay-gradient":""},"tablet":{"background-color":"var(--ast-global-color-5)","background-image":"","background-repeat":"repeat","background-position":"center center","background-size":"auto","background-attachment":"scroll","background-type":"","background-media":"","overlay-type":"","overlay-color":"","overlay-opacity":"","overlay-gradient":""},"mobile":{"background-color":"var(--ast-global-color-5)","background-image":"","background-repeat":"repeat","background-position":"center center","background-size":"auto","background-attachment":"scroll","background-type":"","background-media":"","overlay-type":"","overlay-color":"","overlay-opacity":"","overlay-gradient":""}}},"product_brand":[],"product_cat":[15],"product_tag":[63,78,79],"class_list":{"0":"post-2028","1":"product","2":"type-product","3":"status-publish","4":"has-post-thumbnail","6":"product_cat-sapphire-windows","7":"product_tag-custom-sapphire-optical-window","8":"product_tag-sapphire-ir-window","9":"product_tag-sapphire-uv-window","10":"desktop-align-left","11":"tablet-align-left","12":"mobile-align-left","13":"ast-product-gallery-layout-horizontal-slider","14":"ast-product-tabs-layout-horizontal","16":"first","17":"instock","18":"shipping-taxable","19":"product-type-simple"},"_links":{"self":[{"href":"https:\/\/www.sapphire-windows.com\/fr\/wp-json\/wp\/v2\/product\/2028","targetHints":{"allow":["GET"]}}],"collection":[{"href":"https:\/\/www.sapphire-windows.com\/fr\/wp-json\/wp\/v2\/product"}],"about":[{"href":"https:\/\/www.sapphire-windows.com\/fr\/wp-json\/wp\/v2\/types\/product"}],"replies":[{"embeddable":true,"href":"https:\/\/www.sapphire-windows.com\/fr\/wp-json\/wp\/v2\/comments?post=2028"}],"version-history":[{"count":1,"href":"https:\/\/www.sapphire-windows.com\/fr\/wp-json\/wp\/v2\/product\/2028\/revisions"}],"predecessor-version":[{"id":2033,"href":"https:\/\/www.sapphire-windows.com\/fr\/wp-json\/wp\/v2\/product\/2028\/revisions\/2033"}],"wp:featuredmedia":[{"embeddable":true,"href":"https:\/\/www.sapphire-windows.com\/fr\/wp-json\/wp\/v2\/media\/2029"}],"wp:attachment":[{"href":"https:\/\/www.sapphire-windows.com\/fr\/wp-json\/wp\/v2\/media?parent=2028"}],"wp:term":[{"taxonomy":"product_brand","embeddable":true,"href":"https:\/\/www.sapphire-windows.com\/fr\/wp-json\/wp\/v2\/product_brand?post=2028"},{"taxonomy":"product_cat","embeddable":true,"href":"https:\/\/www.sapphire-windows.com\/fr\/wp-json\/wp\/v2\/product_cat?post=2028"},{"taxonomy":"product_tag","embeddable":true,"href":"https:\/\/www.sapphire-windows.com\/fr\/wp-json\/wp\/v2\/product_tag?post=2028"}],"curies":[{"name":"wp","href":"https:\/\/api.w.org\/{rel}","templated":true}]}}