{"id":2077,"date":"2026-01-21T09:56:46","date_gmt":"2026-01-21T09:56:46","guid":{"rendered":"https:\/\/www.sapphire-windows.com\/?post_type=product&#038;p=2077"},"modified":"2026-01-21T09:56:47","modified_gmt":"2026-01-21T09:56:47","slug":"titanium-doped-sapphire-windows-tisapphire-high-hardness-transparent-optical-windows-for-protective-and-industrial-use","status":"publish","type":"product","link":"https:\/\/www.sapphire-windows.com\/fi\/product\/titanium-doped-sapphire-windows-tisapphire-high-hardness-transparent-optical-windows-for-protective-and-industrial-use\/","title":{"rendered":"Titaanilla seostetut safiiriikkunat (Ti: Sapphire) Korkean kovuuden l\u00e4pin\u00e4kyv\u00e4t optiset ikkunat suojaavaan ja teolliseen k\u00e4ytt\u00f6\u00f6n"},"content":{"rendered":"<h2 data-start=\"137\" data-end=\"161\">Tuotteen kuvaus: Tuotteen kuvaus: Tuotteen kuvaus: Tuotteen kuvaus: Tuotteen kuvaus: Tuotteen kuvaus:<img fetchpriority=\"high\" decoding=\"async\" class=\"size-medium wp-image-2078 alignright\" src=\"https:\/\/www.sapphire-windows.com\/wp-content\/uploads\/2026\/01\/Titanium-doped-Sapphire-Windows-TiSapphire-High-Hardness-Transparent-Optical-Windows-for-Protective-and-Industrial-Use-1-300x300.jpg\" alt=\"\" width=\"300\" height=\"300\" srcset=\"https:\/\/www.sapphire-windows.com\/wp-content\/uploads\/2026\/01\/Titanium-doped-Sapphire-Windows-TiSapphire-High-Hardness-Transparent-Optical-Windows-for-Protective-and-Industrial-Use-1-300x300.jpg 300w, https:\/\/www.sapphire-windows.com\/wp-content\/uploads\/2026\/01\/Titanium-doped-Sapphire-Windows-TiSapphire-High-Hardness-Transparent-Optical-Windows-for-Protective-and-Industrial-Use-1-150x150.jpg 150w, https:\/\/www.sapphire-windows.com\/wp-content\/uploads\/2026\/01\/Titanium-doped-Sapphire-Windows-TiSapphire-High-Hardness-Transparent-Optical-Windows-for-Protective-and-Industrial-Use-1-768x768.jpg 768w, https:\/\/www.sapphire-windows.com\/wp-content\/uploads\/2026\/01\/Titanium-doped-Sapphire-Windows-TiSapphire-High-Hardness-Transparent-Optical-Windows-for-Protective-and-Industrial-Use-1-600x600.jpg 600w, https:\/\/www.sapphire-windows.com\/wp-content\/uploads\/2026\/01\/Titanium-doped-Sapphire-Windows-TiSapphire-High-Hardness-Transparent-Optical-Windows-for-Protective-and-Industrial-Use-1-100x100.jpg 100w, https:\/\/www.sapphire-windows.com\/wp-content\/uploads\/2026\/01\/Titanium-doped-Sapphire-Windows-TiSapphire-High-Hardness-Transparent-Optical-Windows-for-Protective-and-Industrial-Use-1.jpg 1000w\" sizes=\"(max-width: 300px) 100vw, 300px\" \/><\/h2>\n<p data-start=\"163\" data-end=\"745\">ZMSH esittelee titaanilla seostetut safiiriikkunat (Ti:Sapphire), eritt\u00e4in kest\u00e4v\u00e4n ja l\u00e4pin\u00e4kyv\u00e4n optisen ratkaisun, joka on suunniteltu monenlaisiin teollisiin, tieteellisiin ja suojaaviin sovelluksiin. N\u00e4m\u00e4 ikkunat hy\u00f6dynt\u00e4v\u00e4t titaanilla seostetun safiirin (Ti\u2083+:Al\u2082O\u2083) lujuutta ja kirkkautta, mik\u00e4 takaa erinomaisen naarmuuntumisenkest\u00e4vyyden, l\u00e4mm\u00f6nkest\u00e4vyyden ja kemiallisen kest\u00e4vyyden. Vaikka Ti:Sapphire-ikkunat eiv\u00e4t sovellu korkean tarkkuuden laserj\u00e4rjestelmiin, ne ovat erinomaisia ymp\u00e4rist\u00f6iss\u00e4, joissa vaaditaan kest\u00e4vyytt\u00e4 kovia olosuhteita vastaan, ja ne tarjoavat kustannustehokasta suojaa ja optista selkeytt\u00e4.<\/p>\n<p data-start=\"747\" data-end=\"1170\">Mohsin kovuuden ollessa 9 Ti:Sapphire-ikkunat ovat naarmunkest\u00e4vyydelt\u00e4\u00e4n tavallista optista lasia parempia, joten ne sopivat erinomaisesti suojakuoriin, anturiikkunoihin ja optisiin komponentteihin sovelluksissa, joissa vaaditaan kulutuksenkest\u00e4vyytt\u00e4 ja kest\u00e4vyytt\u00e4. N\u00e4m\u00e4 ikkunat ovat r\u00e4\u00e4t\u00e4l\u00f6it\u00e4viss\u00e4 kiteen suuntauksen (A- tai C-akseli) ja koon suhteen, mik\u00e4 varmistaa, ett\u00e4 ne t\u00e4ytt\u00e4v\u00e4t projektisi erityistarpeet.<\/p>\n<h2 data-start=\"1172\" data-end=\"1189\"><img decoding=\"async\" class=\"size-medium wp-image-2080 alignleft\" src=\"https:\/\/www.sapphire-windows.com\/wp-content\/uploads\/2026\/01\/Titanium-doped-Sapphire-Windows-TiSapphire-High-Hardness-Transparent-Optical-Windows-for-Protective-and-Industrial-Use-2-300x300.png\" alt=\"\" width=\"300\" height=\"300\" srcset=\"https:\/\/www.sapphire-windows.com\/wp-content\/uploads\/2026\/01\/Titanium-doped-Sapphire-Windows-TiSapphire-High-Hardness-Transparent-Optical-Windows-for-Protective-and-Industrial-Use-2-300x300.png 300w, https:\/\/www.sapphire-windows.com\/wp-content\/uploads\/2026\/01\/Titanium-doped-Sapphire-Windows-TiSapphire-High-Hardness-Transparent-Optical-Windows-for-Protective-and-Industrial-Use-2-150x150.png 150w, https:\/\/www.sapphire-windows.com\/wp-content\/uploads\/2026\/01\/Titanium-doped-Sapphire-Windows-TiSapphire-High-Hardness-Transparent-Optical-Windows-for-Protective-and-Industrial-Use-2-768x768.png 768w, https:\/\/www.sapphire-windows.com\/wp-content\/uploads\/2026\/01\/Titanium-doped-Sapphire-Windows-TiSapphire-High-Hardness-Transparent-Optical-Windows-for-Protective-and-Industrial-Use-2-600x600.png 600w, https:\/\/www.sapphire-windows.com\/wp-content\/uploads\/2026\/01\/Titanium-doped-Sapphire-Windows-TiSapphire-High-Hardness-Transparent-Optical-Windows-for-Protective-and-Industrial-Use-2-100x100.png 100w, https:\/\/www.sapphire-windows.com\/wp-content\/uploads\/2026\/01\/Titanium-doped-Sapphire-Windows-TiSapphire-High-Hardness-Transparent-Optical-Windows-for-Protective-and-Industrial-Use-2.png 1000w\" sizes=\"(max-width: 300px) 100vw, 300px\" \/>T\u00e4rkeimm\u00e4t ominaisuudet:<\/h2>\n<ol data-start=\"1191\" data-end=\"2362\">\n<li data-start=\"1191\" data-end=\"1471\">\n<p data-start=\"1194\" data-end=\"1471\">Erinomainen kest\u00e4vyys ja naarmunkest\u00e4vyys:<br data-start=\"1241\" data-end=\"1244\" \/>Ti:Sapphire-ikkunoiden Mohsin kovuus on 9, ja ne tarjoavat 10 kertaa suuremman naarmunkest\u00e4vyyden kuin tavallinen optinen lasi, joten ne soveltuvat erinomaisesti suojaaviin sovelluksiin vaativissa ymp\u00e4rist\u00f6iss\u00e4.<\/p>\n<\/li>\n<li data-start=\"1473\" data-end=\"1724\">\n<p data-start=\"1476\" data-end=\"1724\">Optinen l\u00e4pin\u00e4kyvyys:<br data-start=\"1501\" data-end=\"1504\" \/>Ti:Sapphire-ikkunat tarjoavat erinomaisen optisen kirkkauden ja korkean l\u00e4p\u00e4isykyvyn sek\u00e4 n\u00e4kyv\u00e4n ett\u00e4 infrapunaspektrin alueella, ja ne ovat ihanteellisia optisiin komponentteihin, jotka eiv\u00e4t vaadi tarkkaa laserin suorituskyky\u00e4.<\/p>\n<\/li>\n<li data-start=\"1726\" data-end=\"2016\">\n<p data-start=\"1729\" data-end=\"2016\">Kemiallinen ja terminen stabiilisuus:<br data-start=\"1764\" data-end=\"1767\" \/>N\u00e4m\u00e4 ikkunat kest\u00e4v\u00e4t hyvin useimpia happoja, em\u00e4ksi\u00e4 ja liuottimia, joten ne soveltuvat kemiallisiin ymp\u00e4rist\u00f6ihin. Ne kest\u00e4v\u00e4t korkeita l\u00e4mp\u00f6tiloja, sill\u00e4 niiden sulamispiste on 2040 \u00b0C, ja ne voivat toimia yht\u00e4jaksoisesti jopa 800 \u00b0C:ssa.<\/p>\n<\/li>\n<li data-start=\"2018\" data-end=\"2362\">\n<p data-start=\"2021\" data-end=\"2362\">Mukauttamisvaihtoehdot:<br data-start=\"2047\" data-end=\"2050\" \/>ZMSH tarjoaa t\u00e4ydellisen r\u00e4\u00e4t\u00e4l\u00f6innin kiteen suuntauksen (A-akseli, C-akseli), koon ja pintak\u00e4sittelyn osalta, mukaan lukien kiillotus suurta l\u00e4pin\u00e4kyvyytt\u00e4 varten. N\u00e4in varmistetaan, ett\u00e4 ikkunat sopivat erityistarpeisiin, olipa kyse sitten tieteellisest\u00e4 tutkimuksesta, anturisuojauksesta tai teollisista sovelluksista.<\/p>\n<\/li>\n<\/ol>\n<h3 data-start=\"2369\" data-end=\"2402\">Tekniset tiedot:<\/h3>\n<div class=\"TyagGW_tableContainer\">\n<div class=\"group TyagGW_tableWrapper flex flex-col-reverse w-fit\" tabindex=\"-1\">\n<table class=\"w-fit min-w-(--thread-content-width)\" data-start=\"2404\" data-end=\"3355\">\n<thead data-start=\"2404\" data-end=\"2480\">\n<tr data-start=\"2404\" data-end=\"2480\">\n<th data-start=\"2404\" data-end=\"2435\" data-col-size=\"sm\">Kiinteist\u00f6<\/th>\n<th data-start=\"2435\" data-end=\"2480\" data-col-size=\"md\">Arvo<\/th>\n<\/tr>\n<\/thead>\n<tbody data-start=\"2558\" data-end=\"3355\">\n<tr data-start=\"2558\" data-end=\"2635\">\n<td data-start=\"2558\" data-end=\"2590\" data-col-size=\"sm\">Materiaali<\/td>\n<td data-col-size=\"md\" data-start=\"2590\" data-end=\"2635\">Titaanilla seostettu safiiri (Ti\u2083 +: Al\u2082O\u2083)<\/td>\n<\/tr>\n<tr data-start=\"2636\" data-end=\"2713\">\n<td data-start=\"2636\" data-end=\"2668\" data-col-size=\"sm\">Tiheys<\/td>\n<td data-col-size=\"md\" data-start=\"2668\" data-end=\"2713\">3,98 g\/cm\u00b3<\/td>\n<\/tr>\n<tr data-start=\"2714\" data-end=\"2791\">\n<td data-start=\"2714\" data-end=\"2746\" data-col-size=\"sm\">Sulamispiste<\/td>\n<td data-col-size=\"md\" data-start=\"2746\" data-end=\"2791\">2040\u00b0C<\/td>\n<\/tr>\n<tr data-start=\"2792\" data-end=\"2869\">\n<td data-start=\"2792\" data-end=\"2824\" data-col-size=\"sm\">Mohsin kovuus<\/td>\n<td data-col-size=\"md\" data-start=\"2824\" data-end=\"2869\">9<\/td>\n<\/tr>\n<tr data-start=\"2870\" data-end=\"2947\">\n<td data-start=\"2870\" data-end=\"2902\" data-col-size=\"sm\">L\u00e4mm\u00f6njohtavuus<\/td>\n<td data-start=\"2902\" data-end=\"2947\" data-col-size=\"md\">52 W\/m-K<\/td>\n<\/tr>\n<tr data-start=\"2948\" data-end=\"3025\">\n<td data-start=\"2948\" data-end=\"2980\" data-col-size=\"sm\">Kristallien suuntaus<\/td>\n<td data-col-size=\"md\" data-start=\"2980\" data-end=\"3025\">A-akseli \/ C-akseli (muokattavissa)<\/td>\n<\/tr>\n<tr data-start=\"3026\" data-end=\"3103\">\n<td data-start=\"3026\" data-end=\"3058\" data-col-size=\"sm\">Koko<\/td>\n<td data-col-size=\"md\" data-start=\"3058\" data-end=\"3103\">Mukautettavissa (Ota yhteytt\u00e4 m\u00e4\u00e4ritysten saamiseksi)<\/td>\n<\/tr>\n<tr data-start=\"3104\" data-end=\"3181\">\n<td data-start=\"3104\" data-end=\"3136\" data-col-size=\"sm\">Taitekerroin<\/td>\n<td data-col-size=\"md\" data-start=\"3136\" data-end=\"3181\">~1,76 (800 nm:ss\u00e4)<\/td>\n<\/tr>\n<tr data-start=\"3182\" data-end=\"3259\">\n<td data-start=\"3182\" data-end=\"3214\" data-col-size=\"sm\">Pinnan viimeistely<\/td>\n<td data-col-size=\"md\" data-start=\"3214\" data-end=\"3259\">Kiillotettu suurta l\u00e4pin\u00e4kyvyytt\u00e4 varten<\/td>\n<\/tr>\n<tr data-start=\"3260\" data-end=\"3355\">\n<td data-start=\"3260\" data-end=\"3292\" data-col-size=\"sm\">K\u00e4ytt\u00f6l\u00e4mp\u00f6tila<\/td>\n<td data-start=\"3292\" data-end=\"3355\" data-col-size=\"md\">Jatkuvasti jopa 800 \u00b0C, lyhytaikainen toleranssi 1800 \u00b0C:seen asti.<\/td>\n<\/tr>\n<\/tbody>\n<\/table>\n<\/div>\n<\/div>\n<h3 data-start=\"3362\" data-end=\"3391\">Ensisijaiset sovellukset:<img decoding=\"async\" class=\"size-medium wp-image-2079 alignright\" src=\"https:\/\/www.sapphire-windows.com\/wp-content\/uploads\/2026\/01\/Titanium-doped-Sapphire-Windows-TiSapphire-High-Hardness-Transparent-Optical-Windows-for-Protective-and-Industrial-Use-1-300x300.png\" alt=\"\" width=\"300\" height=\"300\" srcset=\"https:\/\/www.sapphire-windows.com\/wp-content\/uploads\/2026\/01\/Titanium-doped-Sapphire-Windows-TiSapphire-High-Hardness-Transparent-Optical-Windows-for-Protective-and-Industrial-Use-1-300x300.png 300w, https:\/\/www.sapphire-windows.com\/wp-content\/uploads\/2026\/01\/Titanium-doped-Sapphire-Windows-TiSapphire-High-Hardness-Transparent-Optical-Windows-for-Protective-and-Industrial-Use-1-150x150.png 150w, https:\/\/www.sapphire-windows.com\/wp-content\/uploads\/2026\/01\/Titanium-doped-Sapphire-Windows-TiSapphire-High-Hardness-Transparent-Optical-Windows-for-Protective-and-Industrial-Use-1-768x768.png 768w, https:\/\/www.sapphire-windows.com\/wp-content\/uploads\/2026\/01\/Titanium-doped-Sapphire-Windows-TiSapphire-High-Hardness-Transparent-Optical-Windows-for-Protective-and-Industrial-Use-1-600x600.png 600w, https:\/\/www.sapphire-windows.com\/wp-content\/uploads\/2026\/01\/Titanium-doped-Sapphire-Windows-TiSapphire-High-Hardness-Transparent-Optical-Windows-for-Protective-and-Industrial-Use-1-100x100.png 100w, https:\/\/www.sapphire-windows.com\/wp-content\/uploads\/2026\/01\/Titanium-doped-Sapphire-Windows-TiSapphire-High-Hardness-Transparent-Optical-Windows-for-Protective-and-Industrial-Use-1.png 1000w\" sizes=\"(max-width: 300px) 100vw, 300px\" \/><\/h3>\n<ol data-start=\"3393\" data-end=\"4393\">\n<li data-start=\"3393\" data-end=\"3659\">\n<p data-start=\"3396\" data-end=\"3659\">Suojaikkunat:<br data-start=\"3419\" data-end=\"3422\" \/>Ti:Sapphire-ikkunat ovat poikkeuksellisen kest\u00e4vi\u00e4 ja kemikaalinkest\u00e4vi\u00e4, joten ne sopivat erinomaisesti suojaamaan herkki\u00e4 instrumentteja, optisia antureita ja teollisuuslaitteita, jotka ovat alttiina ankarille olosuhteille.<\/p>\n<\/li>\n<li data-start=\"3661\" data-end=\"3905\">\n<p data-start=\"3664\" data-end=\"3905\">Optiset komponentit:<br data-start=\"3687\" data-end=\"3690\" \/>N\u00e4it\u00e4 ikkunoita k\u00e4ytet\u00e4\u00e4n optisina komponentteina, kuten suodattimina, linssein\u00e4 tai n\u00e4k\u00f6aukkoina, joissa vaaditaan kulutuskest\u00e4vyytt\u00e4 ja valonl\u00e4p\u00e4isevyytt\u00e4, mutta huippuluokan lasertarkkuus ei ole v\u00e4ltt\u00e4m\u00e4t\u00f6nt\u00e4.<\/p>\n<\/li>\n<li data-start=\"3907\" data-end=\"4139\">\n<p data-start=\"3910\" data-end=\"4139\">Anturisuojaus:<br data-start=\"3932\" data-end=\"3935\" \/>Ti:Sapphire-ikkunoita k\u00e4ytet\u00e4\u00e4n yleisesti suojaamaan optisia antureita fyysisilt\u00e4 vaurioilta ja kemialliselta eroosiolta ymp\u00e4rist\u00f6iss\u00e4, kuten puolijohdevalmistuksessa ja ilmailu- ja avaruussovelluksissa.<\/p>\n<\/li>\n<li data-start=\"4141\" data-end=\"4393\">\n<p data-start=\"4144\" data-end=\"4393\">Tieteellinen tutkimus ja teollinen k\u00e4ytt\u00f6:<br data-start=\"4187\" data-end=\"4190\" \/>N\u00e4m\u00e4 ikkunat soveltuvat hyvin korkeapaineisiin tai korkeisiin l\u00e4mp\u00f6tiloihin, ja ne toimivat luotettavasti tieteellisiss\u00e4 tutkimuslaboratorioissa ja teollisuuden havainnointij\u00e4rjestelmiss\u00e4.<\/p>\n<\/li>\n<\/ol>\n<h3 data-start=\"4400\" data-end=\"4427\">Tuotantoprosessi:<\/h3>\n<ol data-start=\"4429\" data-end=\"5208\">\n<li data-start=\"4429\" data-end=\"4583\">\n<p data-start=\"4432\" data-end=\"4583\">Raaka-aineen valmistelu:<br data-start=\"4461\" data-end=\"4464\" \/>Laadukkaan Ti:Sapphire-kiteen luomiseksi valitaan eritt\u00e4in puhdasta safiiria (Al\u2082O\u2083) ja titaania.<\/p>\n<\/li>\n<li data-start=\"4585\" data-end=\"4757\">\n<p data-start=\"4588\" data-end=\"4757\">Doping:<br data-start=\"4599\" data-end=\"4602\" \/>Titaania sis\u00e4llytet\u00e4\u00e4n safiirikiteeseen seostustekniikoilla, jotka voidaan tehd\u00e4 esimerkiksi l\u00e4mp\u00f6tilagradienttitekniikalla (TGT).<\/p>\n<\/li>\n<li data-start=\"4759\" data-end=\"4995\">\n<p data-start=\"4762\" data-end=\"4995\">Kristallien kasvu:<br data-start=\"4781\" data-end=\"4784\" \/>Kiteet kasvatetaan Czochralski- (CZ) tai TGT-menetelmien kaltaisilla tekniikoilla, jotka takaavat korkean puhtauden ja tasalaatuisuuden, vaikka optinen laatu ei v\u00e4ltt\u00e4m\u00e4tt\u00e4 t\u00e4yt\u00e4 korkean tarkkuuden laserj\u00e4rjestelmien \u00e4\u00e4rimm\u00e4isi\u00e4 vaatimuksia.<\/p>\n<\/li>\n<li data-start=\"4997\" data-end=\"5208\">\n<p data-start=\"5000\" data-end=\"5208\">Leikkaus ja kiillotus:<br data-start=\"5026\" data-end=\"5029\" \/>Kiteiden kasvattamisen j\u00e4lkeen materiaali j\u00e4\u00e4hdytet\u00e4\u00e4n huolellisesti, leikataan ikkunoiksi ja kiillotetaan mekaanisesti halutun pintak\u00e4sittelyn ja l\u00e4pin\u00e4kyvyyden saavuttamiseksi.<\/p>\n<\/li>\n<\/ol>\n<h3 data-start=\"5215\" data-end=\"5256\">Usein kysytyt kysymykset (FAQ):<\/h3>\n<ol data-start=\"5258\" data-end=\"6535\">\n<li data-start=\"5258\" data-end=\"5581\">\n<p data-start=\"5261\" data-end=\"5581\">Mik\u00e4 tekee Ti:Sapphire-ikkunoista kest\u00e4v\u00e4mpi\u00e4 kuin tavalliset safiiriikkunat?<br data-start=\"5340\" data-end=\"5343\" \/>Ti:Sapphire-ikkunat tarjoavat tavallisiin safiiriikkunoihin verrattuna paremman kemikaalien ja naarmujen kest\u00e4vyyden, joten ne soveltuvat erinomaisesti suojaussovelluksiin ymp\u00e4rist\u00f6iss\u00e4, joissa esiintyy fyysist\u00e4 kulutusta tai joissa altistutaan kemikaaleille.<\/p>\n<\/li>\n<li data-start=\"5583\" data-end=\"5932\">\n<p data-start=\"5586\" data-end=\"5932\">Soveltuvatko Ti:Sapphire-ikkunat korkean tarkkuuden lasersovelluksiin?<br data-start=\"5661\" data-end=\"5664\" \/>Ti:safiiri-ikkunoita ei yleens\u00e4 suositella korkean tarkkuuden lasersovelluksiin, koska ne eiv\u00e4t tarjoa optista tasaisuutta, jota vaaditaan korkean suorituskyvyn lasereissa. Ne soveltuvat kuitenkin hyvin yleisiin optisiin komponentteihin ja anturien suojaukseen.<\/p>\n<\/li>\n<li data-start=\"5934\" data-end=\"6234\">\n<p data-start=\"5937\" data-end=\"6234\">Voidaanko Ti:Sapphire-ikkunoita r\u00e4\u00e4t\u00e4l\u00f6id\u00e4 tiettyj\u00e4 sovelluksia varten?<br data-start=\"6005\" data-end=\"6008\" \/>Kyll\u00e4, Ti:Sapphire-ikkunat voidaan r\u00e4\u00e4t\u00e4l\u00f6id\u00e4 kiteen suuntauksen (A-akseli, C-akseli), koon ja pintak\u00e4sittelyn suhteen erilaisten teollisten ja tieteellisten sovellusten erityistarpeiden t\u00e4ytt\u00e4miseksi.<\/p>\n<\/li>\n<li data-start=\"6236\" data-end=\"6535\">\n<p data-start=\"6239\" data-end=\"6535\">Mill\u00e4 teollisuudenaloilla k\u00e4ytet\u00e4\u00e4n Ti:Sapphire-ikkunoita?<br data-start=\"6283\" data-end=\"6286\" \/>Ti:Sapphire-ikkunoita k\u00e4ytet\u00e4\u00e4n monilla teollisuudenaloilla, kuten puolijohdeteollisuudessa, ilmailu- ja avaruusalalla, puolustusteollisuudessa, l\u00e4\u00e4kinn\u00e4llisiss\u00e4 laitteissa ja tieteellisess\u00e4 tutkimuksessa, joissa niiden kest\u00e4vyys, kemiallinen kest\u00e4vyys ja l\u00e4mp\u00f6stabiilisuus ovat olennaisia.<\/p>\n<\/li>\n<\/ol>","protected":false},"excerpt":{"rendered":"<p>ZMSH esittelee titaanilla seostetut safiiriikkunat (Ti:Sapphire), eritt\u00e4in kest\u00e4v\u00e4n ja l\u00e4pin\u00e4kyv\u00e4n optisen ratkaisun, joka on suunniteltu monenlaisiin teollisiin, tieteellisiin ja suojaaviin sovelluksiin.<\/p>","protected":false},"featured_media":2078,"comment_status":"open","ping_status":"closed","template":"","meta":{"site-sidebar-layout":"default","site-content-layout":"","ast-site-content-layout":"default","site-content-style":"default","site-sidebar-style":"default","ast-global-header-display":"","ast-banner-title-visibility":"","ast-main-header-display":"","ast-hfb-above-header-display":"","ast-hfb-below-header-display":"","ast-hfb-mobile-header-display":"","site-post-title":"","ast-breadcrumbs-content":"","ast-featured-img":"","footer-sml-layout":"","ast-disable-related-posts":"","theme-transparent-header-meta":"default","adv-header-id-meta":"","stick-header-meta":"default","header-above-stick-meta":"","header-main-stick-meta":"","header-below-stick-meta":"","astra-migrate-meta-layouts":"set","ast-page-background-enabled":"default","ast-page-background-meta":{"desktop":{"background-color":"","background-image":"","background-repeat":"repeat","background-position":"center center","background-size":"auto","background-attachment":"scroll","background-type":"","background-media":"","overlay-type":"","overlay-color":"","overlay-opacity":"","overlay-gradient":""},"tablet":{"background-color":"","background-image":"","background-repeat":"repeat","background-position":"center center","background-size":"auto","background-attachment":"scroll","background-type":"","background-media":"","overlay-type":"","overlay-color":"","overlay-opacity":"","overlay-gradient":""},"mobile":{"background-color":"","background-image":"","background-repeat":"repeat","background-position":"center center","background-size":"auto","background-attachment":"scroll","background-type":"","background-media":"","overlay-type":"","overlay-color":"","overlay-opacity":"","overlay-gradient":""}},"ast-content-background-meta":{"desktop":{"background-color":"var(--ast-global-color-5)","background-image":"","background-repeat":"repeat","background-position":"center center","background-size":"auto","background-attachment":"scroll","background-type":"","background-media":"","overlay-type":"","overlay-color":"","overlay-opacity":"","overlay-gradient":""},"tablet":{"background-color":"var(--ast-global-color-5)","background-image":"","background-repeat":"repeat","background-position":"center center","background-size":"auto","background-attachment":"scroll","background-type":"","background-media":"","overlay-type":"","overlay-color":"","overlay-opacity":"","overlay-gradient":""},"mobile":{"background-color":"var(--ast-global-color-5)","background-image":"","background-repeat":"repeat","background-position":"center center","background-size":"auto","background-attachment":"scroll","background-type":"","background-media":"","overlay-type":"","overlay-color":"","overlay-opacity":"","overlay-gradient":""}}},"product_brand":[],"product_cat":[15],"product_tag":[145,142,143,144,140,141],"class_list":{"0":"post-2077","1":"product","2":"type-product","3":"status-publish","4":"has-post-thumbnail","6":"product_cat-sapphire-windows","7":"product_tag-durable-optical-windows","8":"product_tag-optical-windows","9":"product_tag-protective-sapphire-windows","10":"product_tag-sensor-protection-windows","11":"product_tag-tisapphire-window","12":"product_tag-titanium-sapphire-window","13":"desktop-align-left","14":"tablet-align-left","15":"mobile-align-left","16":"ast-product-gallery-layout-horizontal-slider","17":"ast-product-tabs-layout-horizontal","19":"first","20":"instock","21":"shipping-taxable","22":"product-type-simple"},"_links":{"self":[{"href":"https:\/\/www.sapphire-windows.com\/fi\/wp-json\/wp\/v2\/product\/2077","targetHints":{"allow":["GET"]}}],"collection":[{"href":"https:\/\/www.sapphire-windows.com\/fi\/wp-json\/wp\/v2\/product"}],"about":[{"href":"https:\/\/www.sapphire-windows.com\/fi\/wp-json\/wp\/v2\/types\/product"}],"replies":[{"embeddable":true,"href":"https:\/\/www.sapphire-windows.com\/fi\/wp-json\/wp\/v2\/comments?post=2077"}],"version-history":[{"count":2,"href":"https:\/\/www.sapphire-windows.com\/fi\/wp-json\/wp\/v2\/product\/2077\/revisions"}],"predecessor-version":[{"id":2082,"href":"https:\/\/www.sapphire-windows.com\/fi\/wp-json\/wp\/v2\/product\/2077\/revisions\/2082"}],"wp:featuredmedia":[{"embeddable":true,"href":"https:\/\/www.sapphire-windows.com\/fi\/wp-json\/wp\/v2\/media\/2078"}],"wp:attachment":[{"href":"https:\/\/www.sapphire-windows.com\/fi\/wp-json\/wp\/v2\/media?parent=2077"}],"wp:term":[{"taxonomy":"product_brand","embeddable":true,"href":"https:\/\/www.sapphire-windows.com\/fi\/wp-json\/wp\/v2\/product_brand?post=2077"},{"taxonomy":"product_cat","embeddable":true,"href":"https:\/\/www.sapphire-windows.com\/fi\/wp-json\/wp\/v2\/product_cat?post=2077"},{"taxonomy":"product_tag","embeddable":true,"href":"https:\/\/www.sapphire-windows.com\/fi\/wp-json\/wp\/v2\/product_tag?post=2077"}],"curies":[{"name":"wp","href":"https:\/\/api.w.org\/{rel}","templated":true}]}}