{"id":2077,"date":"2026-01-21T09:56:46","date_gmt":"2026-01-21T09:56:46","guid":{"rendered":"https:\/\/www.sapphire-windows.com\/?post_type=product&#038;p=2077"},"modified":"2026-01-21T09:56:47","modified_gmt":"2026-01-21T09:56:47","slug":"titanium-doped-sapphire-windows-tisapphire-high-hardness-transparent-optical-windows-for-protective-and-industrial-use","status":"publish","type":"product","link":"https:\/\/www.sapphire-windows.com\/es\/product\/titanium-doped-sapphire-windows-tisapphire-high-hardness-transparent-optical-windows-for-protective-and-industrial-use\/","title":{"rendered":"Ventanas de zafiro dopado con titanio (Ti:Sapphire) Ventanas \u00f3pticas transparentes de alta dureza para uso industrial y de protecci\u00f3n"},"content":{"rendered":"<h2 data-start=\"137\" data-end=\"161\">Descripci\u00f3n del producto:<img fetchpriority=\"high\" decoding=\"async\" class=\"size-medium wp-image-2078 alignright\" src=\"https:\/\/www.sapphire-windows.com\/wp-content\/uploads\/2026\/01\/Titanium-doped-Sapphire-Windows-TiSapphire-High-Hardness-Transparent-Optical-Windows-for-Protective-and-Industrial-Use-1-300x300.jpg\" alt=\"\" width=\"300\" height=\"300\" srcset=\"https:\/\/www.sapphire-windows.com\/wp-content\/uploads\/2026\/01\/Titanium-doped-Sapphire-Windows-TiSapphire-High-Hardness-Transparent-Optical-Windows-for-Protective-and-Industrial-Use-1-300x300.jpg 300w, https:\/\/www.sapphire-windows.com\/wp-content\/uploads\/2026\/01\/Titanium-doped-Sapphire-Windows-TiSapphire-High-Hardness-Transparent-Optical-Windows-for-Protective-and-Industrial-Use-1-150x150.jpg 150w, https:\/\/www.sapphire-windows.com\/wp-content\/uploads\/2026\/01\/Titanium-doped-Sapphire-Windows-TiSapphire-High-Hardness-Transparent-Optical-Windows-for-Protective-and-Industrial-Use-1-768x768.jpg 768w, https:\/\/www.sapphire-windows.com\/wp-content\/uploads\/2026\/01\/Titanium-doped-Sapphire-Windows-TiSapphire-High-Hardness-Transparent-Optical-Windows-for-Protective-and-Industrial-Use-1-600x600.jpg 600w, https:\/\/www.sapphire-windows.com\/wp-content\/uploads\/2026\/01\/Titanium-doped-Sapphire-Windows-TiSapphire-High-Hardness-Transparent-Optical-Windows-for-Protective-and-Industrial-Use-1-100x100.jpg 100w, https:\/\/www.sapphire-windows.com\/wp-content\/uploads\/2026\/01\/Titanium-doped-Sapphire-Windows-TiSapphire-High-Hardness-Transparent-Optical-Windows-for-Protective-and-Industrial-Use-1.jpg 1000w\" sizes=\"(max-width: 300px) 100vw, 300px\" \/><\/h2>\n<p data-start=\"163\" data-end=\"745\">ZMSH presenta las ventanas de zafiro dopado con titanio (Ti:Sapphire), una soluci\u00f3n \u00f3ptica muy duradera y transparente dise\u00f1ada para satisfacer una amplia gama de aplicaciones industriales, cient\u00edficas y de protecci\u00f3n. Estas ventanas aprovechan la resistencia y claridad del zafiro dopado con titanio (Ti\u2083+:Al\u2082O\u2083) para ofrecer una resistencia superior a los ara\u00f1azos, estabilidad t\u00e9rmica y durabilidad qu\u00edmica. Aunque no son adecuadas para sistemas l\u00e1ser de alta precisi\u00f3n, las ventanas de Ti:Zafiro destacan en entornos que requieren resistencia a condiciones adversas, ofreciendo una protecci\u00f3n rentable y claridad \u00f3ptica.<\/p>\n<p data-start=\"747\" data-end=\"1170\">Con una dureza Mohs de 9, las ventanas de Ti:Sapphire superan al cristal \u00f3ptico est\u00e1ndar en cuanto a resistencia a los ara\u00f1azos, lo que las hace ideales para cubiertas protectoras, ventanas de sensores y componentes \u00f3pticos en aplicaciones que exigen resistencia al desgaste y durabilidad. Estas ventanas son personalizables en cuanto a orientaci\u00f3n del cristal (eje A o eje C) y tama\u00f1o, lo que garantiza que satisfagan las necesidades espec\u00edficas de su proyecto.<\/p>\n<h2 data-start=\"1172\" data-end=\"1189\"><img decoding=\"async\" class=\"size-medium wp-image-2080 alignleft\" src=\"https:\/\/www.sapphire-windows.com\/wp-content\/uploads\/2026\/01\/Titanium-doped-Sapphire-Windows-TiSapphire-High-Hardness-Transparent-Optical-Windows-for-Protective-and-Industrial-Use-2-300x300.png\" alt=\"\" width=\"300\" height=\"300\" srcset=\"https:\/\/www.sapphire-windows.com\/wp-content\/uploads\/2026\/01\/Titanium-doped-Sapphire-Windows-TiSapphire-High-Hardness-Transparent-Optical-Windows-for-Protective-and-Industrial-Use-2-300x300.png 300w, https:\/\/www.sapphire-windows.com\/wp-content\/uploads\/2026\/01\/Titanium-doped-Sapphire-Windows-TiSapphire-High-Hardness-Transparent-Optical-Windows-for-Protective-and-Industrial-Use-2-150x150.png 150w, https:\/\/www.sapphire-windows.com\/wp-content\/uploads\/2026\/01\/Titanium-doped-Sapphire-Windows-TiSapphire-High-Hardness-Transparent-Optical-Windows-for-Protective-and-Industrial-Use-2-768x768.png 768w, https:\/\/www.sapphire-windows.com\/wp-content\/uploads\/2026\/01\/Titanium-doped-Sapphire-Windows-TiSapphire-High-Hardness-Transparent-Optical-Windows-for-Protective-and-Industrial-Use-2-600x600.png 600w, https:\/\/www.sapphire-windows.com\/wp-content\/uploads\/2026\/01\/Titanium-doped-Sapphire-Windows-TiSapphire-High-Hardness-Transparent-Optical-Windows-for-Protective-and-Industrial-Use-2-100x100.png 100w, https:\/\/www.sapphire-windows.com\/wp-content\/uploads\/2026\/01\/Titanium-doped-Sapphire-Windows-TiSapphire-High-Hardness-Transparent-Optical-Windows-for-Protective-and-Industrial-Use-2.png 1000w\" sizes=\"(max-width: 300px) 100vw, 300px\" \/>Caracter\u00edsticas principales:<\/h2>\n<ol data-start=\"1191\" data-end=\"2362\">\n<li data-start=\"1191\" data-end=\"1471\">\n<p data-start=\"1194\" data-end=\"1471\">Durabilidad superior y resistencia a los ara\u00f1azos:<br data-start=\"1241\" data-end=\"1244\" \/>Las ventanas Ti:Sapphire est\u00e1n dise\u00f1adas con una dureza Mohs de 9, ofreciendo una resistencia a los ara\u00f1azos 10 veces mayor que el cristal \u00f3ptico normal, lo que las hace perfectas para aplicaciones de protecci\u00f3n en entornos exigentes.<\/p>\n<\/li>\n<li data-start=\"1473\" data-end=\"1724\">\n<p data-start=\"1476\" data-end=\"1724\">Transparencia \u00f3ptica:<br data-start=\"1501\" data-end=\"1504\" \/>Las ventanas de Ti:Zafiro proporcionan una excelente claridad \u00f3ptica, ofreciendo una alta transmisi\u00f3n tanto en el espectro visible como en el infrarrojo, y son ideales para componentes \u00f3pticos que no requieren un rendimiento l\u00e1ser de precisi\u00f3n.<\/p>\n<\/li>\n<li data-start=\"1726\" data-end=\"2016\">\n<p data-start=\"1729\" data-end=\"2016\">Estabilidad qu\u00edmica y t\u00e9rmica:<br data-start=\"1764\" data-end=\"1767\" \/>Estas ventanas son muy resistentes a la mayor\u00eda de \u00e1cidos, \u00e1lcalis y disolventes, lo que las hace adecuadas para entornos qu\u00edmicos. Soportan altas temperaturas con un punto de fusi\u00f3n de 2040 \u00b0C y pueden funcionar de forma continua hasta 800 \u00b0C.<\/p>\n<\/li>\n<li data-start=\"2018\" data-end=\"2362\">\n<p data-start=\"2021\" data-end=\"2362\">Opciones de personalizaci\u00f3n:<br data-start=\"2047\" data-end=\"2050\" \/>ZMSH ofrece una personalizaci\u00f3n completa de la orientaci\u00f3n del cristal (eje A, eje C), el tama\u00f1o y el tratamiento de la superficie, incluido el pulido para una mayor transparencia. Esto garantiza que las ventanas se adapten a necesidades espec\u00edficas, ya sea para investigaci\u00f3n cient\u00edfica, protecci\u00f3n de sensores o aplicaciones industriales.<\/p>\n<\/li>\n<\/ol>\n<h3 data-start=\"2369\" data-end=\"2402\">Especificaciones t\u00e9cnicas:<\/h3>\n<div class=\"TyagGW_tableContainer\">\n<div class=\"group TyagGW_tableWrapper flex flex-col-reverse w-fit\" tabindex=\"-1\">\n<table class=\"w-fit min-w-(--thread-content-width)\" data-start=\"2404\" data-end=\"3355\">\n<thead data-start=\"2404\" data-end=\"2480\">\n<tr data-start=\"2404\" data-end=\"2480\">\n<th data-start=\"2404\" data-end=\"2435\" data-col-size=\"sm\">Propiedad<\/th>\n<th data-start=\"2435\" data-end=\"2480\" data-col-size=\"md\">Valor<\/th>\n<\/tr>\n<\/thead>\n<tbody data-start=\"2558\" data-end=\"3355\">\n<tr data-start=\"2558\" data-end=\"2635\">\n<td data-start=\"2558\" data-end=\"2590\" data-col-size=\"sm\">Material<\/td>\n<td data-col-size=\"md\" data-start=\"2590\" data-end=\"2635\">Zafiro dopado con titanio (Ti\u2083+:Al\u2082O\u2083)<\/td>\n<\/tr>\n<tr data-start=\"2636\" data-end=\"2713\">\n<td data-start=\"2636\" data-end=\"2668\" data-col-size=\"sm\">Densidad<\/td>\n<td data-col-size=\"md\" data-start=\"2668\" data-end=\"2713\">3,98 g\/cm\u00b3<\/td>\n<\/tr>\n<tr data-start=\"2714\" data-end=\"2791\">\n<td data-start=\"2714\" data-end=\"2746\" data-col-size=\"sm\">Punto de fusi\u00f3n<\/td>\n<td data-col-size=\"md\" data-start=\"2746\" data-end=\"2791\">2040\u00b0C<\/td>\n<\/tr>\n<tr data-start=\"2792\" data-end=\"2869\">\n<td data-start=\"2792\" data-end=\"2824\" data-col-size=\"sm\">Dureza Mohs<\/td>\n<td data-col-size=\"md\" data-start=\"2824\" data-end=\"2869\">9<\/td>\n<\/tr>\n<tr data-start=\"2870\" data-end=\"2947\">\n<td data-start=\"2870\" data-end=\"2902\" data-col-size=\"sm\">Conductividad t\u00e9rmica<\/td>\n<td data-start=\"2902\" data-end=\"2947\" data-col-size=\"md\">52 W\/m-K<\/td>\n<\/tr>\n<tr data-start=\"2948\" data-end=\"3025\">\n<td data-start=\"2948\" data-end=\"2980\" data-col-size=\"sm\">Orientaci\u00f3n de los cristales<\/td>\n<td data-col-size=\"md\" data-start=\"2980\" data-end=\"3025\">Eje A \/ Eje C (personalizable)<\/td>\n<\/tr>\n<tr data-start=\"3026\" data-end=\"3103\">\n<td data-start=\"3026\" data-end=\"3058\" data-col-size=\"sm\">Talla<\/td>\n<td data-col-size=\"md\" data-start=\"3058\" data-end=\"3103\">Personalizable (Contacto para especificaciones)<\/td>\n<\/tr>\n<tr data-start=\"3104\" data-end=\"3181\">\n<td data-start=\"3104\" data-end=\"3136\" data-col-size=\"sm\">\u00cdndice de refracci\u00f3n<\/td>\n<td data-col-size=\"md\" data-start=\"3136\" data-end=\"3181\">~1,76 (a 800 nm)<\/td>\n<\/tr>\n<tr data-start=\"3182\" data-end=\"3259\">\n<td data-start=\"3182\" data-end=\"3214\" data-col-size=\"sm\">Acabado superficial<\/td>\n<td data-col-size=\"md\" data-start=\"3214\" data-end=\"3259\">Pulido para una mayor transparencia<\/td>\n<\/tr>\n<tr data-start=\"3260\" data-end=\"3355\">\n<td data-start=\"3260\" data-end=\"3292\" data-col-size=\"sm\">Temperatura de funcionamiento<\/td>\n<td data-start=\"3292\" data-end=\"3355\" data-col-size=\"md\">Hasta 800\u00b0C en continuo, tolerancia a corto plazo hasta 1800\u00b0C<\/td>\n<\/tr>\n<\/tbody>\n<\/table>\n<\/div>\n<\/div>\n<h3 data-start=\"3362\" data-end=\"3391\">Aplicaciones primarias:<img decoding=\"async\" class=\"size-medium wp-image-2079 alignright\" src=\"https:\/\/www.sapphire-windows.com\/wp-content\/uploads\/2026\/01\/Titanium-doped-Sapphire-Windows-TiSapphire-High-Hardness-Transparent-Optical-Windows-for-Protective-and-Industrial-Use-1-300x300.png\" alt=\"\" width=\"300\" height=\"300\" srcset=\"https:\/\/www.sapphire-windows.com\/wp-content\/uploads\/2026\/01\/Titanium-doped-Sapphire-Windows-TiSapphire-High-Hardness-Transparent-Optical-Windows-for-Protective-and-Industrial-Use-1-300x300.png 300w, https:\/\/www.sapphire-windows.com\/wp-content\/uploads\/2026\/01\/Titanium-doped-Sapphire-Windows-TiSapphire-High-Hardness-Transparent-Optical-Windows-for-Protective-and-Industrial-Use-1-150x150.png 150w, https:\/\/www.sapphire-windows.com\/wp-content\/uploads\/2026\/01\/Titanium-doped-Sapphire-Windows-TiSapphire-High-Hardness-Transparent-Optical-Windows-for-Protective-and-Industrial-Use-1-768x768.png 768w, https:\/\/www.sapphire-windows.com\/wp-content\/uploads\/2026\/01\/Titanium-doped-Sapphire-Windows-TiSapphire-High-Hardness-Transparent-Optical-Windows-for-Protective-and-Industrial-Use-1-600x600.png 600w, https:\/\/www.sapphire-windows.com\/wp-content\/uploads\/2026\/01\/Titanium-doped-Sapphire-Windows-TiSapphire-High-Hardness-Transparent-Optical-Windows-for-Protective-and-Industrial-Use-1-100x100.png 100w, https:\/\/www.sapphire-windows.com\/wp-content\/uploads\/2026\/01\/Titanium-doped-Sapphire-Windows-TiSapphire-High-Hardness-Transparent-Optical-Windows-for-Protective-and-Industrial-Use-1.png 1000w\" sizes=\"(max-width: 300px) 100vw, 300px\" \/><\/h3>\n<ol data-start=\"3393\" data-end=\"4393\">\n<li data-start=\"3393\" data-end=\"3659\">\n<p data-start=\"3396\" data-end=\"3659\">Ventanas protectoras:<br data-start=\"3419\" data-end=\"3422\" \/>Las ventanas de Ti:Sapphire ofrecen una durabilidad y resistencia qu\u00edmica excepcionales, por lo que son ideales como cubiertas protectoras de instrumentos sensibles, sensores \u00f3pticos y equipos industriales expuestos a condiciones duras.<\/p>\n<\/li>\n<li data-start=\"3661\" data-end=\"3905\">\n<p data-start=\"3664\" data-end=\"3905\">Componentes \u00f3pticos:<br data-start=\"3687\" data-end=\"3690\" \/>Estas ventanas se utilizan como componentes \u00f3pticos, como filtros, lentes o mirillas, cuando se requiere resistencia al desgaste y transmisi\u00f3n de la luz, pero no es esencial una precisi\u00f3n l\u00e1ser de gama alta.<\/p>\n<\/li>\n<li data-start=\"3907\" data-end=\"4139\">\n<p data-start=\"3910\" data-end=\"4139\">Protecci\u00f3n del sensor:<br data-start=\"3932\" data-end=\"3935\" \/>Las ventanas de Ti:Zafiro se utilizan habitualmente para proteger los sensores \u00f3pticos de los da\u00f1os f\u00edsicos y la erosi\u00f3n qu\u00edmica en entornos como la fabricaci\u00f3n de semiconductores y las aplicaciones aeroespaciales.<\/p>\n<\/li>\n<li data-start=\"4141\" data-end=\"4393\">\n<p data-start=\"4144\" data-end=\"4393\">Investigaci\u00f3n cient\u00edfica y uso industrial:<br data-start=\"4187\" data-end=\"4190\" \/>Estas ventanas son id\u00f3neas para entornos de alta presi\u00f3n o alta temperatura, proporcionando un rendimiento fiable en laboratorios de investigaci\u00f3n cient\u00edfica y sistemas de observaci\u00f3n industrial.<\/p>\n<\/li>\n<\/ol>\n<h3 data-start=\"4400\" data-end=\"4427\">Proceso de producci\u00f3n:<\/h3>\n<ol data-start=\"4429\" data-end=\"5208\">\n<li data-start=\"4429\" data-end=\"4583\">\n<p data-start=\"4432\" data-end=\"4583\">Preparaci\u00f3n de la materia prima:<br data-start=\"4461\" data-end=\"4464\" \/>Se seleccionan fuentes de zafiro (Al\u2082O\u2083) y titanio de gran pureza para crear un cristal Ti:Sapphire de alta calidad.<\/p>\n<\/li>\n<li data-start=\"4585\" data-end=\"4757\">\n<p data-start=\"4588\" data-end=\"4757\">Dopaje:<br data-start=\"4599\" data-end=\"4602\" \/>El titanio se incorpora al cristal de zafiro mediante t\u00e9cnicas de dopaje, que pueden realizarse con m\u00e9todos como la T\u00e9cnica de Gradiente de Temperatura (TGT).<\/p>\n<\/li>\n<li data-start=\"4759\" data-end=\"4995\">\n<p data-start=\"4762\" data-end=\"4995\">Crecimiento de los cristales:<br data-start=\"4781\" data-end=\"4784\" \/>Los cristales se cultivan mediante t\u00e9cnicas como Czochralski (CZ) o TGT, que garantizan una gran pureza y uniformidad, aunque la calidad \u00f3ptica puede no satisfacer las exigencias extremas de los sistemas l\u00e1ser de alta precisi\u00f3n.<\/p>\n<\/li>\n<li data-start=\"4997\" data-end=\"5208\">\n<p data-start=\"5000\" data-end=\"5208\">Corte y pulido:<br data-start=\"5026\" data-end=\"5029\" \/>Tras el crecimiento de los cristales, el material se enfr\u00eda cuidadosamente, se corta en ventanas y se pule mec\u00e1nicamente para conseguir el acabado superficial y la transparencia requeridos.<\/p>\n<\/li>\n<\/ol>\n<h3 data-start=\"5215\" data-end=\"5256\">Preguntas m\u00e1s frecuentes (FAQ):<\/h3>\n<ol data-start=\"5258\" data-end=\"6535\">\n<li data-start=\"5258\" data-end=\"5581\">\n<p data-start=\"5261\" data-end=\"5581\">\u00bfQu\u00e9 hace que las ventanas Ti:Sapphire sean m\u00e1s duraderas que las ventanas de zafiro est\u00e1ndar?<br data-start=\"5340\" data-end=\"5343\" \/>Las ventanas Ti:Sapphire ofrecen una mayor resistencia qu\u00edmica y a los ara\u00f1azos que las ventanas de zafiro normales, lo que las hace ideales para aplicaciones de protecci\u00f3n en entornos con desgaste f\u00edsico o exposici\u00f3n a productos qu\u00edmicos.<\/p>\n<\/li>\n<li data-start=\"5583\" data-end=\"5932\">\n<p data-start=\"5586\" data-end=\"5932\">\u00bfSon adecuadas las ventanas de Ti:Zafiro para aplicaciones l\u00e1ser de alta precisi\u00f3n?<br data-start=\"5661\" data-end=\"5664\" \/>Las ventanas de Ti:Zafiro no suelen recomendarse para aplicaciones l\u00e1ser de alta precisi\u00f3n, ya que no proporcionan la uniformidad \u00f3ptica necesaria para los l\u00e1seres de alto rendimiento. Sin embargo, funcionan bien para componentes \u00f3pticos generales y protecci\u00f3n de sensores.<\/p>\n<\/li>\n<li data-start=\"5934\" data-end=\"6234\">\n<p data-start=\"5937\" data-end=\"6234\">\u00bfPueden personalizarse las ventanas de Ti:Sapphire para aplicaciones espec\u00edficas?<br data-start=\"6005\" data-end=\"6008\" \/>S\u00ed, las ventanas de Ti:Zafiro pueden personalizarse en t\u00e9rminos de orientaci\u00f3n del cristal (eje A, eje C), tama\u00f1o y acabado superficial para satisfacer las necesidades espec\u00edficas de diversas aplicaciones industriales y cient\u00edficas.<\/p>\n<\/li>\n<li data-start=\"6236\" data-end=\"6535\">\n<p data-start=\"6239\" data-end=\"6535\">\u00bfQu\u00e9 industrias utilizan ventanas Ti:Sapphire?<br data-start=\"6283\" data-end=\"6286\" \/>Las ventanas de Ti:Zafiro se utilizan en industrias como la de semiconductores, aeroespacial, defensa, dispositivos m\u00e9dicos e investigaci\u00f3n cient\u00edfica, donde su durabilidad, resistencia qu\u00edmica y estabilidad t\u00e9rmica son esenciales.<\/p>\n<\/li>\n<\/ol>","protected":false},"excerpt":{"rendered":"<p>ZMSH presenta las ventanas de zafiro dopado con titanio (Ti:Sapphire), una soluci\u00f3n \u00f3ptica altamente duradera y transparente dise\u00f1ada para satisfacer una amplia gama de aplicaciones industriales, cient\u00edficas y de protecci\u00f3n.<\/p>","protected":false},"featured_media":2078,"comment_status":"open","ping_status":"closed","template":"","meta":{"site-sidebar-layout":"default","site-content-layout":"","ast-site-content-layout":"default","site-content-style":"default","site-sidebar-style":"default","ast-global-header-display":"","ast-banner-title-visibility":"","ast-main-header-display":"","ast-hfb-above-header-display":"","ast-hfb-below-header-display":"","ast-hfb-mobile-header-display":"","site-post-title":"","ast-breadcrumbs-content":"","ast-featured-img":"","footer-sml-layout":"","ast-disable-related-posts":"","theme-transparent-header-meta":"default","adv-header-id-meta":"","stick-header-meta":"default","header-above-stick-meta":"","header-main-stick-meta":"","header-below-stick-meta":"","astra-migrate-meta-layouts":"set","ast-page-background-enabled":"default","ast-page-background-meta":{"desktop":{"background-color":"","background-image":"","background-repeat":"repeat","background-position":"center center","background-size":"auto","background-attachment":"scroll","background-type":"","background-media":"","overlay-type":"","overlay-color":"","overlay-opacity":"","overlay-gradient":""},"tablet":{"background-color":"","background-image":"","background-repeat":"repeat","background-position":"center center","background-size":"auto","background-attachment":"scroll","background-type":"","background-media":"","overlay-type":"","overlay-color":"","overlay-opacity":"","overlay-gradient":""},"mobile":{"background-color":"","background-image":"","background-repeat":"repeat","background-position":"center center","background-size":"auto","background-attachment":"scroll","background-type":"","background-media":"","overlay-type":"","overlay-color":"","overlay-opacity":"","overlay-gradient":""}},"ast-content-background-meta":{"desktop":{"background-color":"var(--ast-global-color-5)","background-image":"","background-repeat":"repeat","background-position":"center center","background-size":"auto","background-attachment":"scroll","background-type":"","background-media":"","overlay-type":"","overlay-color":"","overlay-opacity":"","overlay-gradient":""},"tablet":{"background-color":"var(--ast-global-color-5)","background-image":"","background-repeat":"repeat","background-position":"center center","background-size":"auto","background-attachment":"scroll","background-type":"","background-media":"","overlay-type":"","overlay-color":"","overlay-opacity":"","overlay-gradient":""},"mobile":{"background-color":"var(--ast-global-color-5)","background-image":"","background-repeat":"repeat","background-position":"center center","background-size":"auto","background-attachment":"scroll","background-type":"","background-media":"","overlay-type":"","overlay-color":"","overlay-opacity":"","overlay-gradient":""}}},"product_brand":[],"product_cat":[15],"product_tag":[145,142,143,144,140,141],"class_list":{"0":"post-2077","1":"product","2":"type-product","3":"status-publish","4":"has-post-thumbnail","6":"product_cat-sapphire-windows","7":"product_tag-durable-optical-windows","8":"product_tag-optical-windows","9":"product_tag-protective-sapphire-windows","10":"product_tag-sensor-protection-windows","11":"product_tag-tisapphire-window","12":"product_tag-titanium-sapphire-window","13":"desktop-align-left","14":"tablet-align-left","15":"mobile-align-left","16":"ast-product-gallery-layout-horizontal-slider","17":"ast-product-tabs-layout-horizontal","19":"first","20":"instock","21":"shipping-taxable","22":"product-type-simple"},"_links":{"self":[{"href":"https:\/\/www.sapphire-windows.com\/es\/wp-json\/wp\/v2\/product\/2077","targetHints":{"allow":["GET"]}}],"collection":[{"href":"https:\/\/www.sapphire-windows.com\/es\/wp-json\/wp\/v2\/product"}],"about":[{"href":"https:\/\/www.sapphire-windows.com\/es\/wp-json\/wp\/v2\/types\/product"}],"replies":[{"embeddable":true,"href":"https:\/\/www.sapphire-windows.com\/es\/wp-json\/wp\/v2\/comments?post=2077"}],"version-history":[{"count":2,"href":"https:\/\/www.sapphire-windows.com\/es\/wp-json\/wp\/v2\/product\/2077\/revisions"}],"predecessor-version":[{"id":2082,"href":"https:\/\/www.sapphire-windows.com\/es\/wp-json\/wp\/v2\/product\/2077\/revisions\/2082"}],"wp:featuredmedia":[{"embeddable":true,"href":"https:\/\/www.sapphire-windows.com\/es\/wp-json\/wp\/v2\/media\/2078"}],"wp:attachment":[{"href":"https:\/\/www.sapphire-windows.com\/es\/wp-json\/wp\/v2\/media?parent=2077"}],"wp:term":[{"taxonomy":"product_brand","embeddable":true,"href":"https:\/\/www.sapphire-windows.com\/es\/wp-json\/wp\/v2\/product_brand?post=2077"},{"taxonomy":"product_cat","embeddable":true,"href":"https:\/\/www.sapphire-windows.com\/es\/wp-json\/wp\/v2\/product_cat?post=2077"},{"taxonomy":"product_tag","embeddable":true,"href":"https:\/\/www.sapphire-windows.com\/es\/wp-json\/wp\/v2\/product_tag?post=2077"}],"curies":[{"name":"wp","href":"https:\/\/api.w.org\/{rel}","templated":true}]}}