{"id":2072,"date":"2026-01-21T09:23:50","date_gmt":"2026-01-21T09:23:50","guid":{"rendered":"https:\/\/www.sapphire-windows.com\/?post_type=product&#038;p=2072"},"modified":"2026-02-10T15:37:16","modified_gmt":"2026-02-10T15:37:16","slug":"circular-sapphire-windows-high-transmittance-90-sapphire-glass-for-laser-applications","status":"publish","type":"product","link":"https:\/\/www.sapphire-windows.com\/es\/product\/circular-sapphire-windows-high-transmittance-90-sapphire-glass-for-laser-applications\/","title":{"rendered":"Ventanas circulares de zafiro Cristal de zafiro de alta transmitancia 90% para aplicaciones l\u00e1ser"},"content":{"rendered":"<h2 data-start=\"115\" data-end=\"139\">Descripci\u00f3n del producto:<\/h2>\n<p data-start=\"141\" data-end=\"726\">Las ventanas circulares de zafiro de ZMSH son un componente \u00f3ptico de alto rendimiento fabricado con zafiro monocristalino puro 99,999% (Al\u2082O\u2083). Dise\u00f1adas para aplicaciones exigentes, estas ventanas de zafiro ofrecen una transmitancia superior a 90% en un amplio espectro (250nm-5500nm), destacando especialmente en el rango infrarrojo (3-5\u03bcm MIR), lo que las hace ideales para sistemas l\u00e1ser, equipos semiconductores, observaci\u00f3n industrial a alta temperatura e instrumentaci\u00f3n aeroespacial. Tambi\u00e9n se utilizan en instrumentos cient\u00edficos, dispositivos m\u00e9dicos y sensores \u00f3pticos.<\/p>\n<p data-start=\"141\" data-end=\"726\"><img fetchpriority=\"high\" decoding=\"async\" class=\"size-medium wp-image-2075 alignright\" src=\"https:\/\/www.sapphire-windows.com\/wp-content\/uploads\/2026\/01\/Circular-Sapphire-Windows-High-Transmittance-90-Sapphire-Glass-for-Laser-Applications-3-300x300.webp\" alt=\"\" width=\"300\" height=\"300\" srcset=\"https:\/\/www.sapphire-windows.com\/wp-content\/uploads\/2026\/01\/Circular-Sapphire-Windows-High-Transmittance-90-Sapphire-Glass-for-Laser-Applications-3-300x300.webp 300w, https:\/\/www.sapphire-windows.com\/wp-content\/uploads\/2026\/01\/Circular-Sapphire-Windows-High-Transmittance-90-Sapphire-Glass-for-Laser-Applications-3-150x150.webp 150w, https:\/\/www.sapphire-windows.com\/wp-content\/uploads\/2026\/01\/Circular-Sapphire-Windows-High-Transmittance-90-Sapphire-Glass-for-Laser-Applications-3-600x600.webp 600w, https:\/\/www.sapphire-windows.com\/wp-content\/uploads\/2026\/01\/Circular-Sapphire-Windows-High-Transmittance-90-Sapphire-Glass-for-Laser-Applications-3-100x100.webp 100w, https:\/\/www.sapphire-windows.com\/wp-content\/uploads\/2026\/01\/Circular-Sapphire-Windows-High-Transmittance-90-Sapphire-Glass-for-Laser-Applications-3.webp 750w\" sizes=\"(max-width: 300px) 100vw, 300px\" \/><\/p>\n<p data-start=\"728\" data-end=\"1237\">El zafiro, con una dureza Mohs de 9, ofrece una resistencia a los ara\u00f1azos 10 veces superior a la del vidrio \u00f3ptico est\u00e1ndar, lo que garantiza su durabilidad incluso en entornos de alto impacto. Con su elevado punto de fusi\u00f3n de 2040\u00b0C, las ventanas de zafiro funcionan de forma fiable en condiciones de calor extremo, con un funcionamiento continuo de hasta 800\u00b0C y una tolerancia a corto plazo de hasta 1800\u00b0C. Adem\u00e1s, estas ventanas son qu\u00edmicamente resistentes a la mayor\u00eda de \u00e1cidos, \u00e1lcalis y disolventes, lo que las hace adecuadas para entornos industriales y qu\u00edmicos dif\u00edciles.<\/p>\n<p data-start=\"1239\" data-end=\"1746\">ZMSH ofrece la posibilidad de personalizar el tama\u00f1o (de 5 mm a 300 mm de di\u00e1metro) y el grosor (de 0,3 mm a 20 mm), junto con diversos revestimientos, como revestimientos AR (antirreflectantes), revestimientos de alta transmisi\u00f3n y revestimientos antisuciedad. Mediante el uso de avanzadas tecnolog\u00edas de mecanizado CNC y procesamiento l\u00e1ser, proporcionamos tolerancias precisas y ajustadas (\u00b10,01 mm) y una alta calidad superficial (hasta \u03bb\/10 de planitud), garantizando que las ventanas cumplan las estrictas exigencias de los sistemas \u00f3pticos.<\/p>\n<h2 data-start=\"1648\" data-end=\"1665\">Caracter\u00edsticas principales:<\/h2>\n<ol data-start=\"1667\" data-end=\"2636\">\n<li data-start=\"1667\" data-end=\"1883\">\n<p data-start=\"1670\" data-end=\"1704\">Rendimiento \u00f3ptico superior:<\/p>\n<ul data-start=\"1708\" data-end=\"1883\">\n<li data-start=\"1708\" data-end=\"1883\">\n<p data-start=\"1710\" data-end=\"1883\">Alcanza una transmitancia &gt;90% de 250 nm a 5500 nm, destacando en el rango infrarrojo (3-5\u03bcm), lo que la hace perfecta para aplicaciones l\u00e1ser y de imagen infrarroja.<\/p>\n<\/li>\n<\/ul>\n<\/li>\n<li data-start=\"1885\" data-end=\"2113\">\n<p data-start=\"1888\" data-end=\"1924\">Resistencia mec\u00e1nica excepcional:<img decoding=\"async\" class=\"size-medium wp-image-2073 alignleft\" src=\"https:\/\/www.sapphire-windows.com\/wp-content\/uploads\/2026\/01\/Circular-Sapphire-Windows-High-Transmittance-90-Sapphire-Glass-for-Laser-Applications-1-300x300.webp\" alt=\"\" width=\"300\" height=\"300\" srcset=\"https:\/\/www.sapphire-windows.com\/wp-content\/uploads\/2026\/01\/Circular-Sapphire-Windows-High-Transmittance-90-Sapphire-Glass-for-Laser-Applications-1-300x300.webp 300w, https:\/\/www.sapphire-windows.com\/wp-content\/uploads\/2026\/01\/Circular-Sapphire-Windows-High-Transmittance-90-Sapphire-Glass-for-Laser-Applications-1-150x150.webp 150w, https:\/\/www.sapphire-windows.com\/wp-content\/uploads\/2026\/01\/Circular-Sapphire-Windows-High-Transmittance-90-Sapphire-Glass-for-Laser-Applications-1-600x600.webp 600w, https:\/\/www.sapphire-windows.com\/wp-content\/uploads\/2026\/01\/Circular-Sapphire-Windows-High-Transmittance-90-Sapphire-Glass-for-Laser-Applications-1-100x100.webp 100w, https:\/\/www.sapphire-windows.com\/wp-content\/uploads\/2026\/01\/Circular-Sapphire-Windows-High-Transmittance-90-Sapphire-Glass-for-Laser-Applications-1.webp 750w\" sizes=\"(max-width: 300px) 100vw, 300px\" \/><\/p>\n<ul data-start=\"1928\" data-end=\"2113\">\n<li data-start=\"1928\" data-end=\"2113\">\n<p data-start=\"1930\" data-end=\"2113\">Con una dureza Mohs de 9, la ventana de zafiro ofrece una resistencia a los ara\u00f1azos 10 veces superior a la del cristal \u00f3ptico convencional, lo que garantiza su longevidad en entornos abrasivos y de alto impacto.<\/p>\n<\/li>\n<\/ul>\n<\/li>\n<li data-start=\"2115\" data-end=\"2399\">\n<p data-start=\"2118\" data-end=\"2155\">Resistencia medioambiental extrema:<\/p>\n<ul data-start=\"2159\" data-end=\"2399\">\n<li data-start=\"2159\" data-end=\"2235\">\n<p data-start=\"2161\" data-end=\"2235\">Punto de fusi\u00f3n: 2040\u00b0C, adecuado para entornos de alta temperatura.<\/p>\n<\/li>\n<li data-start=\"2239\" data-end=\"2319\">\n<p data-start=\"2241\" data-end=\"2319\">Funciona de forma continua a 800\u00b0C con una tolerancia a corto plazo de hasta 1800\u00b0C.<\/p>\n<\/li>\n<li data-start=\"2323\" data-end=\"2399\">\n<p data-start=\"2325\" data-end=\"2399\">Resistencia qu\u00edmica: Estable en medios \u00e1cidos\/alcalinos (pH 1-13).<\/p>\n<\/li>\n<\/ul>\n<\/li>\n<li data-start=\"2401\" data-end=\"2636\">\n<p data-start=\"2404\" data-end=\"2427\">Estabilidad t\u00e9rmica:<\/p>\n<ul data-start=\"2431\" data-end=\"2636\">\n<li data-start=\"2431\" data-end=\"2636\">\n<p data-start=\"2433\" data-end=\"2636\">El bajo coeficiente de dilataci\u00f3n t\u00e9rmica de 5,3\u00d710-\u2076\/\u00b0C garantiza la precisi\u00f3n de la superficie \u00f3ptica incluso en ciclos t\u00e9rmicos r\u00e1pidos, por lo que es ideal para aplicaciones de precisi\u00f3n en temperaturas fluctuantes.<\/p>\n<\/li>\n<\/ul>\n<\/li>\n<\/ol>\n<h2 data-start=\"2643\" data-end=\"2672\">Especificaciones t\u00e9cnicas:<\/h2>\n<ul data-start=\"2674\" data-end=\"3035\">\n<li data-start=\"2674\" data-end=\"2721\">\n<p data-start=\"2676\" data-end=\"2721\">Material: Zafiro monocristalino (Al\u2082O\u2083)<\/p>\n<\/li>\n<li data-start=\"2722\" data-end=\"2747\">\n<p data-start=\"2724\" data-end=\"2747\">Densidad: 3,98 g\/cm\u00b3<\/p>\n<\/li>\n<li data-start=\"2748\" data-end=\"2775\">\n<p data-start=\"2750\" data-end=\"2775\">Punto de fusi\u00f3n: 2040\u00b0C<\/p>\n<\/li>\n<li data-start=\"2776\" data-end=\"2798\">\n<p data-start=\"2778\" data-end=\"2798\">Dureza Mohs: 9<\/p>\n<\/li>\n<li data-start=\"2799\" data-end=\"2835\">\n<p data-start=\"2801\" data-end=\"2835\">Conductividad t\u00e9rmica: 52 W\/m-K<\/p>\n<\/li>\n<li data-start=\"2836\" data-end=\"2874\">\n<p data-start=\"2838\" data-end=\"2874\">Expansi\u00f3n t\u00e9rmica: 5,3 \u00d7 10-\u2076\/\u00b0C<\/p>\n<\/li>\n<li data-start=\"2875\" data-end=\"2915\">\n<p data-start=\"2877\" data-end=\"2915\">Transmitancia: &gt;90% (250nm-5500nm)<\/p>\n<\/li>\n<li data-start=\"2916\" data-end=\"2976\">\n<p data-start=\"2918\" data-end=\"2976\">Acabado superficial: DSP o SSP (acabados personalizados disponibles)<\/p>\n<\/li>\n<li data-start=\"2977\" data-end=\"3035\">\n<p data-start=\"2979\" data-end=\"3035\">Gama de tama\u00f1os: 5 mm-300 mm de di\u00e1metro, 0,3 mm-20 mm de grosor<\/p>\n<\/li>\n<\/ul>\n<h2 data-start=\"3042\" data-end=\"3067\">Aplicaciones primarias:<img decoding=\"async\" class=\"size-medium wp-image-2074 alignright\" src=\"https:\/\/www.sapphire-windows.com\/wp-content\/uploads\/2026\/01\/Circular-Sapphire-Windows-High-Transmittance-90-Sapphire-Glass-for-Laser-Applications-2-300x300.jpg\" alt=\"\" width=\"300\" height=\"300\" srcset=\"https:\/\/www.sapphire-windows.com\/wp-content\/uploads\/2026\/01\/Circular-Sapphire-Windows-High-Transmittance-90-Sapphire-Glass-for-Laser-Applications-2-300x300.jpg 300w, https:\/\/www.sapphire-windows.com\/wp-content\/uploads\/2026\/01\/Circular-Sapphire-Windows-High-Transmittance-90-Sapphire-Glass-for-Laser-Applications-2-150x150.jpg 150w, https:\/\/www.sapphire-windows.com\/wp-content\/uploads\/2026\/01\/Circular-Sapphire-Windows-High-Transmittance-90-Sapphire-Glass-for-Laser-Applications-2-600x600.jpg 600w, https:\/\/www.sapphire-windows.com\/wp-content\/uploads\/2026\/01\/Circular-Sapphire-Windows-High-Transmittance-90-Sapphire-Glass-for-Laser-Applications-2-100x100.jpg 100w, https:\/\/www.sapphire-windows.com\/wp-content\/uploads\/2026\/01\/Circular-Sapphire-Windows-High-Transmittance-90-Sapphire-Glass-for-Laser-Applications-2.jpg 750w\" sizes=\"(max-width: 300px) 100vw, 300px\" \/><\/h2>\n<ol data-start=\"3069\" data-end=\"3978\">\n<li data-start=\"3069\" data-end=\"3318\">\n<p data-start=\"3072\" data-end=\"3090\">Sistemas l\u00e1ser:<\/p>\n<ul data-start=\"3094\" data-end=\"3318\">\n<li data-start=\"3094\" data-end=\"3318\">\n<p data-start=\"3096\" data-end=\"3318\">Las ventanas circulares de zafiro se utilizan habitualmente en sistemas l\u00e1ser de CO\u2082 y fibra como ventanas de salida y lentes protectoras, soportando la irradiaci\u00f3n l\u00e1ser de alta potencia (&gt;5kW\/cm\u00b2) y minimizando al mismo tiempo los efectos de lente t\u00e9rmica.<\/p>\n<\/li>\n<\/ul>\n<\/li>\n<li data-start=\"3320\" data-end=\"3525\">\n<p data-start=\"3323\" data-end=\"3367\">Observaci\u00f3n industrial a alta temperatura:<\/p>\n<ul data-start=\"3371\" data-end=\"3525\">\n<li data-start=\"3371\" data-end=\"3525\">\n<p data-start=\"3373\" data-end=\"3525\">Ideal para mirillas en equipos de fabricaci\u00f3n de acero y conformado de vidrio, manteniendo la claridad \u00f3ptica por encima de 1000\u00b0C sin empa\u00f1arse ni deformarse.<\/p>\n<\/li>\n<\/ul>\n<\/li>\n<li data-start=\"3527\" data-end=\"3752\">\n<p data-start=\"3530\" data-end=\"3554\">Aeroespacial y defensa:<\/p>\n<ul data-start=\"3558\" data-end=\"3752\">\n<li data-start=\"3558\" data-end=\"3752\">\n<p data-start=\"3560\" data-end=\"3752\">Estas ventanas de zafiro se utilizan en sensores electro\u00f3pticos y buscadores de misiles, ya que ofrecen resistencia a los impactos contra el calentamiento aerodin\u00e1mico supers\u00f3nico al tiempo que mantienen la claridad \u00f3ptica.<\/p>\n<\/li>\n<\/ul>\n<\/li>\n<li data-start=\"3754\" data-end=\"3978\">\n<p data-start=\"3757\" data-end=\"3794\">Instrumentos cient\u00edficos y m\u00e9dicos:<\/p>\n<ul data-start=\"3798\" data-end=\"3978\">\n<li data-start=\"3798\" data-end=\"3978\">\n<p data-start=\"3800\" data-end=\"3978\">Las ventanas circulares de zafiro son esenciales en equipos de radiaci\u00f3n de sincrotr\u00f3n, endoscopios y otros sistemas \u00f3pticos de alto rendimiento, ya que proporcionan canales \u00f3pticos estables.<\/p>\n<\/li>\n<\/ul>\n<\/li>\n<\/ol>\n<h2 data-start=\"3985\" data-end=\"4022\">Preguntas m\u00e1s frecuentes (FAQ):<\/h2>\n<ol data-start=\"4024\" data-end=\"4948\">\n<li data-start=\"4024\" data-end=\"4349\">\n<p data-start=\"4027\" data-end=\"4095\">\u00bfQu\u00e9 ventajas tienen las ventanas de zafiro sobre el vidrio tradicional?<\/p>\n<ul data-start=\"4099\" data-end=\"4349\">\n<li data-start=\"4099\" data-end=\"4349\">\n<p data-start=\"4101\" data-end=\"4349\">Las ventanas de zafiro ofrecen una resistencia 10 veces mayor a los ara\u00f1azos (Mohs 9), una mejor transmisi\u00f3n espectral en los rangos UV a IR y una durabilidad t\u00e9rmica y qu\u00edmica superior, lo que las hace ideales para aplicaciones de alto rendimiento en entornos dif\u00edciles.<\/p>\n<\/li>\n<\/ul>\n<\/li>\n<li data-start=\"4351\" data-end=\"4657\">\n<p data-start=\"4354\" data-end=\"4405\">\u00bfPueden utilizarse ventanas de zafiro para sistemas l\u00e1ser?<\/p>\n<ul data-start=\"4409\" data-end=\"4657\">\n<li data-start=\"4409\" data-end=\"4657\">\n<p data-start=\"4411\" data-end=\"4657\">S\u00ed, ZMSH ofrece ventanas de zafiro de calidad l\u00e1ser con revestimientos antirreflectantes (AR) y revestimientos de alta transmisi\u00f3n. Estas ventanas son perfectas para sistemas l\u00e1ser de alta potencia, ya que ofrecen una lente t\u00e9rmica m\u00ednima y fiabilidad a largo plazo.<\/p>\n<\/li>\n<\/ul>\n<\/li>\n<li data-start=\"4659\" data-end=\"4948\">\n<p data-start=\"4662\" data-end=\"4718\">\u00bfLas ventanas de zafiro resisten altas temperaturas?<\/p>\n<ul data-start=\"4722\" data-end=\"4948\">\n<li data-start=\"4722\" data-end=\"4948\">\n<p data-start=\"4724\" data-end=\"4948\">Las ventanas de zafiro tienen un alto punto de fusi\u00f3n de 2040\u00b0C, lo que las hace adecuadas para entornos de altas temperaturas. Pueden funcionar de forma continua hasta 800 \u00b0C y soportar exposiciones de corta duraci\u00f3n de hasta 1.800 \u00b0C.<\/p>\n<\/li>\n<\/ul>\n<\/li>\n<li>\n<p data-start=\"5068\" data-end=\"5121\">\u00bfSe puede personalizar el tama\u00f1o de las ventanas de zafiro?<\/p>\n<ul data-start=\"5125\" data-end=\"5363\">\n<li data-start=\"5125\" data-end=\"5363\">\n<p data-start=\"5127\" data-end=\"5363\">S\u00ed, ofrecemos una personalizaci\u00f3n completa en di\u00e1metro (de 5 mm a 300 mm) y grosor (de 0,3 mm a 20 mm) para adaptarnos a los requisitos espec\u00edficos de cada proyecto. Nuestro avanzado mecanizado garantiza tolerancias estrechas y acabados superficiales superiores.<\/p>\n<\/li>\n<\/ul>\n<\/li>\n<\/ol>","protected":false},"excerpt":{"rendered":"<p>Las ventanas circulares de zafiro de ZMSH son un componente \u00f3ptico de alto rendimiento fabricado con zafiro monocristalino puro 99,999% (Al\u2082O\u2083).<\/p>","protected":false},"featured_media":2073,"comment_status":"open","ping_status":"closed","template":"","meta":{"site-sidebar-layout":"default","site-content-layout":"","ast-site-content-layout":"default","site-content-style":"default","site-sidebar-style":"default","ast-global-header-display":"","ast-banner-title-visibility":"","ast-main-header-display":"","ast-hfb-above-header-display":"","ast-hfb-below-header-display":"","ast-hfb-mobile-header-display":"","site-post-title":"","ast-breadcrumbs-content":"","ast-featured-img":"","footer-sml-layout":"","ast-disable-related-posts":"","theme-transparent-header-meta":"default","adv-header-id-meta":"","stick-header-meta":"default","header-above-stick-meta":"","header-main-stick-meta":"","header-below-stick-meta":"","astra-migrate-meta-layouts":"set","ast-page-background-enabled":"default","ast-page-background-meta":{"desktop":{"background-color":"","background-image":"","background-repeat":"repeat","background-position":"center center","background-size":"auto","background-attachment":"scroll","background-type":"","background-media":"","overlay-type":"","overlay-color":"","overlay-opacity":"","overlay-gradient":""},"tablet":{"background-color":"","background-image":"","background-repeat":"repeat","background-position":"center center","background-size":"auto","background-attachment":"scroll","background-type":"","background-media":"","overlay-type":"","overlay-color":"","overlay-opacity":"","overlay-gradient":""},"mobile":{"background-color":"","background-image":"","background-repeat":"repeat","background-position":"center center","background-size":"auto","background-attachment":"scroll","background-type":"","background-media":"","overlay-type":"","overlay-color":"","overlay-opacity":"","overlay-gradient":""}},"ast-content-background-meta":{"desktop":{"background-color":"var(--ast-global-color-5)","background-image":"","background-repeat":"repeat","background-position":"center center","background-size":"auto","background-attachment":"scroll","background-type":"","background-media":"","overlay-type":"","overlay-color":"","overlay-opacity":"","overlay-gradient":""},"tablet":{"background-color":"var(--ast-global-color-5)","background-image":"","background-repeat":"repeat","background-position":"center center","background-size":"auto","background-attachment":"scroll","background-type":"","background-media":"","overlay-type":"","overlay-color":"","overlay-opacity":"","overlay-gradient":""},"mobile":{"background-color":"var(--ast-global-color-5)","background-image":"","background-repeat":"repeat","background-position":"center center","background-size":"auto","background-attachment":"scroll","background-type":"","background-media":"","overlay-type":"","overlay-color":"","overlay-opacity":"","overlay-gradient":""}}},"product_brand":[],"product_cat":[15],"product_tag":[133,136,90,138,139,135,89,134,137],"class_list":{"0":"post-2072","1":"product","2":"type-product","3":"status-publish","4":"has-post-thumbnail","6":"product_cat-sapphire-windows","7":"product_tag-circular-sapphire-window","8":"product_tag-customized-sapphire-windows","9":"product_tag-high-transmittance","10":"product_tag-high-performance-sapphire-window","11":"product_tag-infrared-window","12":"product_tag-laser-window","13":"product_tag-optical-glass","14":"product_tag-sapphire-glass","15":"product_tag-wear-resistant-sapphire","16":"desktop-align-left","17":"tablet-align-left","18":"mobile-align-left","19":"ast-product-gallery-layout-horizontal-slider","20":"ast-product-tabs-layout-horizontal","22":"first","23":"instock","24":"shipping-taxable","25":"product-type-simple"},"_links":{"self":[{"href":"https:\/\/www.sapphire-windows.com\/es\/wp-json\/wp\/v2\/product\/2072","targetHints":{"allow":["GET"]}}],"collection":[{"href":"https:\/\/www.sapphire-windows.com\/es\/wp-json\/wp\/v2\/product"}],"about":[{"href":"https:\/\/www.sapphire-windows.com\/es\/wp-json\/wp\/v2\/types\/product"}],"replies":[{"embeddable":true,"href":"https:\/\/www.sapphire-windows.com\/es\/wp-json\/wp\/v2\/comments?post=2072"}],"version-history":[{"count":1,"href":"https:\/\/www.sapphire-windows.com\/es\/wp-json\/wp\/v2\/product\/2072\/revisions"}],"predecessor-version":[{"id":2076,"href":"https:\/\/www.sapphire-windows.com\/es\/wp-json\/wp\/v2\/product\/2072\/revisions\/2076"}],"wp:featuredmedia":[{"embeddable":true,"href":"https:\/\/www.sapphire-windows.com\/es\/wp-json\/wp\/v2\/media\/2073"}],"wp:attachment":[{"href":"https:\/\/www.sapphire-windows.com\/es\/wp-json\/wp\/v2\/media?parent=2072"}],"wp:term":[{"taxonomy":"product_brand","embeddable":true,"href":"https:\/\/www.sapphire-windows.com\/es\/wp-json\/wp\/v2\/product_brand?post=2072"},{"taxonomy":"product_cat","embeddable":true,"href":"https:\/\/www.sapphire-windows.com\/es\/wp-json\/wp\/v2\/product_cat?post=2072"},{"taxonomy":"product_tag","embeddable":true,"href":"https:\/\/www.sapphire-windows.com\/es\/wp-json\/wp\/v2\/product_tag?post=2072"}],"curies":[{"name":"wp","href":"https:\/\/api.w.org\/{rel}","templated":true}]}}