{"id":2046,"date":"2026-01-21T03:39:35","date_gmt":"2026-01-21T03:39:35","guid":{"rendered":"https:\/\/www.sapphire-windows.com\/?post_type=product&#038;p=2046"},"modified":"2026-01-21T03:39:35","modified_gmt":"2026-01-21T03:39:35","slug":"customized-ruby-optical-windows-high-hardness-dsp-laser-transmission-%e2%89%a585","status":"publish","type":"product","link":"https:\/\/www.sapphire-windows.com\/es\/product\/customized-ruby-optical-windows-high-hardness-dsp-laser-transmission-%e2%89%a585\/","title":{"rendered":"Ventanas \u00f3pticas de rub\u00ed personalizadas | Transmisi\u00f3n l\u00e1ser DSP de alta dureza \u226585%"},"content":{"rendered":"<p data-start=\"207\" data-end=\"625\">La ventana \u00f3ptica de rub\u00ed personalizada es un componente \u00f3ptico de alto rendimiento fabricado con precisi\u00f3n a partir de rub\u00ed sint\u00e9tico (monocristal de \u03b1-Al\u2082O\u2083 dopado con Cr\u00b3\u207a). Dise\u00f1ada para aplicaciones \u00f3pticas exigentes, combina la excepcional dureza mec\u00e1nica, estabilidad t\u00e9rmica, resistencia qu\u00edmica y amplio espectro de transmisi\u00f3n del rub\u00ed con geometr\u00edas a medida para sistemas l\u00e1ser especializados y de alta temperatura.<\/p>\n<p data-start=\"627\" data-end=\"943\">A diferencia del vidrio \u00f3ptico est\u00e1ndar, las ventanas \u00f3pticas de rub\u00ed proporcionan una durabilidad medioambiental superior, resistencia al rayado y tolerancia a los da\u00f1os por l\u00e1ser, lo que garantiza una protecci\u00f3n fiable de los componentes \u00f3pticos internos en l\u00e1seres de alta potencia, hornos industriales, sistemas aeroespaciales y dispositivos de control medioambiental extremo.<\/p>\n<p data-start=\"627\" data-end=\"943\"><img fetchpriority=\"high\" decoding=\"async\" class=\"alignnone size-medium wp-image-2047\" src=\"https:\/\/www.sapphire-windows.com\/wp-content\/uploads\/2026\/01\/ruby_optical_window_with_85_transmittance_dsp_for_laser_transmission_customized2-300x300.webp\" alt=\"\" width=\"300\" height=\"300\" srcset=\"https:\/\/www.sapphire-windows.com\/wp-content\/uploads\/2026\/01\/ruby_optical_window_with_85_transmittance_dsp_for_laser_transmission_customized2-300x300.webp 300w, https:\/\/www.sapphire-windows.com\/wp-content\/uploads\/2026\/01\/ruby_optical_window_with_85_transmittance_dsp_for_laser_transmission_customized2-150x150.webp 150w, https:\/\/www.sapphire-windows.com\/wp-content\/uploads\/2026\/01\/ruby_optical_window_with_85_transmittance_dsp_for_laser_transmission_customized2-600x600.webp 600w, https:\/\/www.sapphire-windows.com\/wp-content\/uploads\/2026\/01\/ruby_optical_window_with_85_transmittance_dsp_for_laser_transmission_customized2-100x100.webp 100w, https:\/\/www.sapphire-windows.com\/wp-content\/uploads\/2026\/01\/ruby_optical_window_with_85_transmittance_dsp_for_laser_transmission_customized2.webp 750w\" sizes=\"(max-width: 300px) 100vw, 300px\" \/> <img decoding=\"async\" class=\"alignnone size-medium wp-image-2048\" src=\"https:\/\/www.sapphire-windows.com\/wp-content\/uploads\/2026\/01\/ruby_optical_window_with_85_transmittance_dsp_for_laser_transmission_customized-300x300.webp\" alt=\"\" width=\"300\" height=\"300\" srcset=\"https:\/\/www.sapphire-windows.com\/wp-content\/uploads\/2026\/01\/ruby_optical_window_with_85_transmittance_dsp_for_laser_transmission_customized-300x300.webp 300w, https:\/\/www.sapphire-windows.com\/wp-content\/uploads\/2026\/01\/ruby_optical_window_with_85_transmittance_dsp_for_laser_transmission_customized-150x150.webp 150w, https:\/\/www.sapphire-windows.com\/wp-content\/uploads\/2026\/01\/ruby_optical_window_with_85_transmittance_dsp_for_laser_transmission_customized-600x600.webp 600w, https:\/\/www.sapphire-windows.com\/wp-content\/uploads\/2026\/01\/ruby_optical_window_with_85_transmittance_dsp_for_laser_transmission_customized-100x100.webp 100w, https:\/\/www.sapphire-windows.com\/wp-content\/uploads\/2026\/01\/ruby_optical_window_with_85_transmittance_dsp_for_laser_transmission_customized.webp 750w\" sizes=\"(max-width: 300px) 100vw, 300px\" \/> <img decoding=\"async\" class=\"alignnone size-medium wp-image-2049\" src=\"https:\/\/www.sapphire-windows.com\/wp-content\/uploads\/2026\/01\/ruby_optical_window_with_85_transmittance_dsp_for_laser_transmission_customize-300x300.webp\" alt=\"\" width=\"300\" height=\"300\" srcset=\"https:\/\/www.sapphire-windows.com\/wp-content\/uploads\/2026\/01\/ruby_optical_window_with_85_transmittance_dsp_for_laser_transmission_customize-300x300.webp 300w, https:\/\/www.sapphire-windows.com\/wp-content\/uploads\/2026\/01\/ruby_optical_window_with_85_transmittance_dsp_for_laser_transmission_customize-150x150.webp 150w, https:\/\/www.sapphire-windows.com\/wp-content\/uploads\/2026\/01\/ruby_optical_window_with_85_transmittance_dsp_for_laser_transmission_customize-600x600.webp 600w, https:\/\/www.sapphire-windows.com\/wp-content\/uploads\/2026\/01\/ruby_optical_window_with_85_transmittance_dsp_for_laser_transmission_customize-100x100.webp 100w, https:\/\/www.sapphire-windows.com\/wp-content\/uploads\/2026\/01\/ruby_optical_window_with_85_transmittance_dsp_for_laser_transmission_customize.webp 750w\" sizes=\"(max-width: 300px) 100vw, 300px\" \/><\/p>\n<h2 data-start=\"950\" data-end=\"981\">Especificaciones t\u00e9cnicas<\/h2>\n<div class=\"TyagGW_tableContainer\">\n<div class=\"group TyagGW_tableWrapper flex flex-col-reverse w-fit\" tabindex=\"-1\">\n<table class=\"w-fit min-w-(--thread-content-width)\" data-start=\"983\" data-end=\"1783\">\n<thead data-start=\"983\" data-end=\"1012\">\n<tr data-start=\"983\" data-end=\"1012\">\n<th data-start=\"983\" data-end=\"995\" data-col-size=\"sm\">Par\u00e1metro<\/th>\n<th data-start=\"995\" data-end=\"1012\" data-col-size=\"md\">Especificaci\u00f3n<\/th>\n<\/tr>\n<\/thead>\n<tbody data-start=\"1023\" data-end=\"1783\">\n<tr data-start=\"1023\" data-end=\"1088\">\n<td data-start=\"1023\" data-end=\"1034\" data-col-size=\"sm\">Material<\/td>\n<td data-start=\"1034\" data-end=\"1088\" data-col-size=\"md\">Rub\u00ed sint\u00e9tico (\u03b1-Al\u2082O\u2083 monocristalino dopado con Cr\u00b3\u207a).<\/td>\n<\/tr>\n<tr data-start=\"1089\" data-end=\"1122\">\n<td data-start=\"1089\" data-end=\"1109\" data-col-size=\"sm\">Estructura cristalina<\/td>\n<td data-col-size=\"md\" data-start=\"1109\" data-end=\"1122\">Hexagonal<\/td>\n<\/tr>\n<tr data-start=\"1123\" data-end=\"1172\">\n<td data-start=\"1123\" data-end=\"1143\" data-col-size=\"sm\">Constantes de red<\/td>\n<td data-col-size=\"md\" data-start=\"1143\" data-end=\"1172\">a = 4,758 \u00c5, c = 12,991 \u00c5<\/td>\n<\/tr>\n<tr data-start=\"1173\" data-end=\"1197\">\n<td data-start=\"1173\" data-end=\"1183\" data-col-size=\"sm\">Densidad<\/td>\n<td data-col-size=\"md\" data-start=\"1183\" data-end=\"1197\">3,98 g\/cm\u00b3<\/td>\n<\/tr>\n<tr data-start=\"1198\" data-end=\"1224\">\n<td data-start=\"1198\" data-end=\"1214\" data-col-size=\"sm\">Punto de fusi\u00f3n<\/td>\n<td data-col-size=\"md\" data-start=\"1214\" data-end=\"1224\">2040\u00b0C<\/td>\n<\/tr>\n<tr data-start=\"1225\" data-end=\"1246\">\n<td data-start=\"1225\" data-end=\"1241\" data-col-size=\"sm\">Dureza Mohs<\/td>\n<td data-col-size=\"md\" data-start=\"1241\" data-end=\"1246\">9<\/td>\n<\/tr>\n<tr data-start=\"1247\" data-end=\"1301\">\n<td data-start=\"1247\" data-end=\"1279\" data-col-size=\"sm\">Coeficiente de dilataci\u00f3n t\u00e9rmica<\/td>\n<td data-col-size=\"md\" data-start=\"1279\" data-end=\"1301\">6.5-8.4 \u00d7 10-\u2076 \/\u00b0C<\/td>\n<\/tr>\n<tr data-start=\"1302\" data-end=\"1337\">\n<td data-start=\"1302\" data-end=\"1325\" data-col-size=\"sm\">Conductividad t\u00e9rmica<\/td>\n<td data-col-size=\"md\" data-start=\"1325\" data-end=\"1337\">52 W\/m\/K<\/td>\n<\/tr>\n<tr data-start=\"1338\" data-end=\"1368\">\n<td data-start=\"1338\" data-end=\"1354\" data-col-size=\"sm\">Calor espec\u00edfico<\/td>\n<td data-col-size=\"md\" data-start=\"1354\" data-end=\"1368\">0,42 J\/g\/K<\/td>\n<\/tr>\n<tr data-start=\"1369\" data-end=\"1426\">\n<td data-start=\"1369\" data-end=\"1390\" data-col-size=\"sm\">Alcance de la transmisi\u00f3n<\/td>\n<td data-col-size=\"md\" data-start=\"1390\" data-end=\"1426\">400-1500 nm (visible a infrarrojo cercano)<\/td>\n<\/tr>\n<tr data-start=\"1427\" data-end=\"1465\">\n<td data-start=\"1427\" data-end=\"1457\" data-col-size=\"sm\">Visi\u00f3n Transmisividad de la luz<\/td>\n<td data-col-size=\"md\" data-start=\"1457\" data-end=\"1465\">\u226585%<\/td>\n<\/tr>\n<tr data-start=\"1466\" data-end=\"1523\">\n<td data-start=\"1466\" data-end=\"1483\" data-col-size=\"sm\">Acabado superficial<\/td>\n<td data-col-size=\"md\" data-start=\"1483\" data-end=\"1523\">Pulido doble cara (DSP), Ra &lt;5 nm<\/td>\n<\/tr>\n<tr data-start=\"1524\" data-end=\"1563\">\n<td data-start=\"1524\" data-end=\"1549\" data-col-size=\"sm\">Umbral de da\u00f1o l\u00e1ser<\/td>\n<td data-col-size=\"md\" data-start=\"1549\" data-end=\"1563\">&gt;10 kW\/cm\u00b2<\/td>\n<\/tr>\n<tr data-start=\"1564\" data-end=\"1590\">\n<td data-start=\"1564\" data-end=\"1580\" data-col-size=\"sm\">Pico de emisi\u00f3n<\/td>\n<td data-col-size=\"md\" data-start=\"1580\" data-end=\"1590\">795 nm<\/td>\n<\/tr>\n<tr data-start=\"1591\" data-end=\"1619\">\n<td data-start=\"1591\" data-end=\"1609\" data-col-size=\"sm\">Pico de absorci\u00f3n<\/td>\n<td data-col-size=\"md\" data-start=\"1609\" data-end=\"1619\">488 nm<\/td>\n<\/tr>\n<tr data-start=\"1620\" data-end=\"1657\">\n<td data-start=\"1620\" data-end=\"1639\" data-col-size=\"sm\">\u00cdndice de refracci\u00f3n<\/td>\n<td data-col-size=\"md\" data-start=\"1639\" data-end=\"1657\">1,76 a 800 nm<\/td>\n<\/tr>\n<tr data-start=\"1658\" data-end=\"1722\">\n<td data-start=\"1658\" data-end=\"1677\" data-col-size=\"sm\">Grosor y tama\u00f1o<\/td>\n<td data-col-size=\"md\" data-start=\"1677\" data-end=\"1722\">A medida, pulido con tolerancia \u00f3ptica<\/td>\n<\/tr>\n<tr data-start=\"1723\" data-end=\"1758\">\n<td data-start=\"1723\" data-end=\"1735\" data-col-size=\"sm\">Embalaje<\/td>\n<td data-col-size=\"md\" data-start=\"1735\" data-end=\"1758\">Sala blanca de clase 100<\/td>\n<\/tr>\n<tr data-start=\"1759\" data-end=\"1783\">\n<td data-start=\"1759\" data-end=\"1775\" data-col-size=\"sm\">Certificaci\u00f3n<\/td>\n<td data-col-size=\"md\" data-start=\"1775\" data-end=\"1783\">RoHS<\/td>\n<\/tr>\n<\/tbody>\n<\/table>\n<\/div>\n<\/div>\n<h2 data-start=\"1790\" data-end=\"1809\">Caracter\u00edsticas principales<\/h2>\n<ol data-start=\"1811\" data-end=\"2991\">\n<li data-start=\"1811\" data-end=\"2023\">\n<p data-start=\"1814\" data-end=\"1857\">Dureza y resistencia al desgaste ultra altas<\/p>\n<ul data-start=\"1861\" data-end=\"2023\">\n<li data-start=\"1861\" data-end=\"1941\">\n<p data-start=\"1863\" data-end=\"1941\">Dureza Mohs 9, 20 veces m\u00e1s resistente a los ara\u00f1azos que el vidrio \u00f3ptico convencional.<\/p>\n<\/li>\n<li data-start=\"1945\" data-end=\"2023\">\n<p data-start=\"1947\" data-end=\"2023\">Resistente a la arena, el polvo y la abrasi\u00f3n mec\u00e1nica para una claridad \u00f3ptica a largo plazo.<\/p>\n<\/li>\n<\/ul>\n<\/li>\n<li data-start=\"2025\" data-end=\"2227\">\n<p data-start=\"2028\" data-end=\"2060\">Amplia transmisi\u00f3n \u00f3ptica<\/p>\n<ul data-start=\"2064\" data-end=\"2227\">\n<li data-start=\"2064\" data-end=\"2147\">\n<blockquote data-start=\"2066\" data-end=\"2147\">\n<p data-start=\"2067\" data-end=\"2147\">Transmitancia 85% en NIR (700-1500 nm) y &gt;90% en luz visible (400-700 nm).<\/p>\n<\/blockquote>\n<\/li>\n<li data-start=\"2151\" data-end=\"2227\">\n<p data-start=\"2153\" data-end=\"2227\">Admite sistemas l\u00e1ser y de detecci\u00f3n de alta precisi\u00f3n en los espectros UV-NIR.<\/p>\n<\/li>\n<\/ul>\n<\/li>\n<li data-start=\"2229\" data-end=\"2445\">\n<p data-start=\"2232\" data-end=\"2264\">Estabilidad t\u00e9rmica superior<\/p>\n<ul data-start=\"2268\" data-end=\"2445\">\n<li data-start=\"2268\" data-end=\"2341\">\n<p data-start=\"2270\" data-end=\"2341\">Funcionamiento continuo hasta 1200\u00b0C, tolerancia a corto plazo hasta 1500\u00b0C.<\/p>\n<\/li>\n<li data-start=\"2345\" data-end=\"2445\">\n<p data-start=\"2347\" data-end=\"2445\">La baja expansi\u00f3n t\u00e9rmica garantiza la precisi\u00f3n de la superficie (&lt;\u03bb\/8 @632,8 nm) bajo calentamiento y enfriamiento r\u00e1pidos.<\/p>\n<\/li>\n<\/ul>\n<\/li>\n<li data-start=\"2447\" data-end=\"2647\">\n<p data-start=\"2450\" data-end=\"2503\">Excepcional resistencia qu\u00edmica y medioambiental<\/p>\n<ul data-start=\"2507\" data-end=\"2647\">\n<li data-start=\"2507\" data-end=\"2575\">\n<p data-start=\"2509\" data-end=\"2575\">Estable en medios muy \u00e1cidos (pH 1) a alcalinos (pH 14).<\/p>\n<\/li>\n<li data-start=\"2579\" data-end=\"2647\">\n<p data-start=\"2581\" data-end=\"2647\">Ideal para condiciones corrosivas, de alta presi\u00f3n o alta humedad.<\/p>\n<\/li>\n<\/ul>\n<\/li>\n<li data-start=\"2649\" data-end=\"2770\">\n<p data-start=\"2652\" data-end=\"2680\">Tolerancia al da\u00f1o l\u00e1ser<\/p>\n<ul data-start=\"2684\" data-end=\"2770\">\n<li data-start=\"2684\" data-end=\"2770\">\n<p data-start=\"2686\" data-end=\"2770\">Puede soportar &gt;10 kW\/cm\u00b2, adecuado para aplicaciones de CO\u2082, YAG y l\u00e1ser ultrarr\u00e1pido.<\/p>\n<\/li>\n<\/ul>\n<\/li>\n<li data-start=\"2772\" data-end=\"2991\">\n<p data-start=\"2775\" data-end=\"2804\">Fabricaci\u00f3n de precisi\u00f3n<\/p>\n<ul data-start=\"2808\" data-end=\"2991\">\n<li data-start=\"2808\" data-end=\"2888\">\n<p data-start=\"2810\" data-end=\"2888\">Producido mediante los m\u00e9todos de crecimiento cristalino Kyropoulos (KY) o Czochralski (Cz).<\/p>\n<\/li>\n<li data-start=\"2892\" data-end=\"2991\">\n<p data-start=\"2894\" data-end=\"2991\">Pulido seg\u00fan las normas DSP para minimizar la dispersi\u00f3n, los defectos superficiales y la uniformidad \u00f3ptica.<\/p>\n<\/li>\n<\/ul>\n<\/li>\n<\/ol>\n<h2 data-start=\"2998\" data-end=\"3025\">Aplicaciones primarias<\/h2>\n<ol data-start=\"3027\" data-end=\"3893\">\n<li data-start=\"3027\" data-end=\"3196\">\n<p data-start=\"3030\" data-end=\"3060\">Sistemas l\u00e1ser de alta potencia<\/p>\n<ul data-start=\"3064\" data-end=\"3196\">\n<li data-start=\"3064\" data-end=\"3120\">\n<p data-start=\"3066\" data-end=\"3120\">Ventanas de salida y lentes protectoras para resonadores.<\/p>\n<\/li>\n<li data-start=\"3124\" data-end=\"3196\">\n<p data-start=\"3126\" data-end=\"3196\">Admite sistemas l\u00e1ser de CO\u2082, YAG y fibra con alta densidad de energ\u00eda.<\/p>\n<\/li>\n<\/ul>\n<\/li>\n<li data-start=\"3198\" data-end=\"3385\">\n<p data-start=\"3201\" data-end=\"3245\">Control industrial de altas temperaturas<\/p>\n<ul data-start=\"3249\" data-end=\"3385\">\n<li data-start=\"3249\" data-end=\"3318\">\n<p data-start=\"3251\" data-end=\"3318\">Ventanas de observaci\u00f3n en hornos sider\u00fargicos, vidrieros y qu\u00edmicos.<\/p>\n<\/li>\n<li data-start=\"3322\" data-end=\"3385\">\n<p data-start=\"3324\" data-end=\"3385\">Mantiene la visibilidad a temperaturas superiores a 1000-1500\u00b0C.<\/p>\n<\/li>\n<\/ul>\n<\/li>\n<li data-start=\"3387\" data-end=\"3558\">\n<p data-start=\"3390\" data-end=\"3415\">Aeroespacial y defensa<\/p>\n<ul data-start=\"3419\" data-end=\"3558\">\n<li data-start=\"3419\" data-end=\"3464\">\n<p data-start=\"3421\" data-end=\"3464\">Mirillas de naves espaciales y radomos de misiles.<\/p>\n<\/li>\n<li data-start=\"3468\" data-end=\"3558\">\n<p data-start=\"3470\" data-end=\"3558\">Resiste el calentamiento aerodin\u00e1mico, la erosi\u00f3n por part\u00edculas y el estr\u00e9s ambiental supers\u00f3nico.<\/p>\n<\/li>\n<\/ul>\n<\/li>\n<li data-start=\"3560\" data-end=\"3756\">\n<p data-start=\"3563\" data-end=\"3598\">Detecci\u00f3n de entornos extremos<\/p>\n<ul data-start=\"3602\" data-end=\"3756\">\n<li data-start=\"3602\" data-end=\"3669\">\n<p data-start=\"3604\" data-end=\"3669\">Sumergibles en alta mar y puertos \u00f3pticos de acceso a reactores nucleares.<\/p>\n<\/li>\n<li data-start=\"3673\" data-end=\"3756\">\n<p data-start=\"3675\" data-end=\"3756\">Resistencia a la presi\u00f3n superior a 1000 atm\u00f3sferas con rendimiento \u00f3ptico estable.<\/p>\n<\/li>\n<\/ul>\n<\/li>\n<li data-start=\"3758\" data-end=\"3893\">\n<p data-start=\"3761\" data-end=\"3801\">Instrumentos cient\u00edficos y de precisi\u00f3n<\/p>\n<ul data-start=\"3805\" data-end=\"3893\">\n<li data-start=\"3805\" data-end=\"3893\">\n<p data-start=\"3807\" data-end=\"3893\">Sistemas de entrega l\u00e1ser, instrumentos de espectroscopia y configuraciones \u00f3pticas de alta precisi\u00f3n.<\/p>\n<\/li>\n<\/ul>\n<\/li>\n<\/ol>\n<h2 data-start=\"3900\" data-end=\"3910\">PREGUNTAS FRECUENTES<\/h2>\n<p data-start=\"3912\" data-end=\"4200\">P1: \u00bfPor qu\u00e9 utilizar ventanas \u00f3pticas de rub\u00ed en lugar de vidrio \u00f3ptico convencional?<br data-start=\"3987\" data-end=\"3990\" \/>A1: Las ventanas de rub\u00ed ofrecen una resistencia al rayado 20 veces mayor, soportan hasta 1500 \u00b0C y mantienen una transmitancia &gt;85% desde el visible hasta el infrarrojo cercano, superando al vidrio \u00f3ptico est\u00e1ndar en condiciones adversas.<\/p>\n<p data-start=\"4202\" data-end=\"4411\">P2: \u00bfPueden las ventanas de rub\u00ed soportar aplicaciones l\u00e1ser de alta potencia?<br data-start=\"4264\" data-end=\"4267\" \/>A2: S\u00ed, estas ventanas tienen un umbral de da\u00f1o l\u00e1ser superior a 10 kW\/cm\u00b2, ideal para sistemas l\u00e1ser de CO\u2082\/YAG y emisi\u00f3n de haces de precisi\u00f3n.<\/p>\n<p data-start=\"4413\" data-end=\"4631\">P3: \u00bfHay tama\u00f1os y formas personalizados?<br data-start=\"4459\" data-end=\"4462\" \/>A3: Por supuesto. Admitimos tama\u00f1os, grosores y superficies pulidas de doble cara (DSP) a medida para satisfacer requisitos espec\u00edficos de sistemas l\u00e1ser o instrumentaci\u00f3n.<\/p>","protected":false},"excerpt":{"rendered":"<p>Ventanas \u00f3pticas de rub\u00ed personalizadas (\u03b1-Al\u2082O\u2083 dopado con Cr\u00b3\u207a) con dureza Mohs 9, transmitancia \u226585%, pulidas por las dos caras y alta tolerancia al da\u00f1o l\u00e1ser para sistemas l\u00e1ser de alta potencia, aeroespacial, monitorizaci\u00f3n industrial e instrumentaci\u00f3n de precisi\u00f3n.<\/p>","protected":false},"featured_media":2049,"comment_status":"open","ping_status":"closed","template":"","meta":{"site-sidebar-layout":"default","site-content-layout":"","ast-site-content-layout":"default","site-content-style":"default","site-sidebar-style":"default","ast-global-header-display":"","ast-banner-title-visibility":"","ast-main-header-display":"","ast-hfb-above-header-display":"","ast-hfb-below-header-display":"","ast-hfb-mobile-header-display":"","site-post-title":"","ast-breadcrumbs-content":"","ast-featured-img":"","footer-sml-layout":"","ast-disable-related-posts":"","theme-transparent-header-meta":"default","adv-header-id-meta":"","stick-header-meta":"default","header-above-stick-meta":"","header-main-stick-meta":"","header-below-stick-meta":"","astra-migrate-meta-layouts":"set","ast-page-background-enabled":"default","ast-page-background-meta":{"desktop":{"background-color":"","background-image":"","background-repeat":"repeat","background-position":"center center","background-size":"auto","background-attachment":"scroll","background-type":"","background-media":"","overlay-type":"","overlay-color":"","overlay-opacity":"","overlay-gradient":""},"tablet":{"background-color":"","background-image":"","background-repeat":"repeat","background-position":"center center","background-size":"auto","background-attachment":"scroll","background-type":"","background-media":"","overlay-type":"","overlay-color":"","overlay-opacity":"","overlay-gradient":""},"mobile":{"background-color":"","background-image":"","background-repeat":"repeat","background-position":"center center","background-size":"auto","background-attachment":"scroll","background-type":"","background-media":"","overlay-type":"","overlay-color":"","overlay-opacity":"","overlay-gradient":""}},"ast-content-background-meta":{"desktop":{"background-color":"var(--ast-global-color-5)","background-image":"","background-repeat":"repeat","background-position":"center center","background-size":"auto","background-attachment":"scroll","background-type":"","background-media":"","overlay-type":"","overlay-color":"","overlay-opacity":"","overlay-gradient":""},"tablet":{"background-color":"var(--ast-global-color-5)","background-image":"","background-repeat":"repeat","background-position":"center center","background-size":"auto","background-attachment":"scroll","background-type":"","background-media":"","overlay-type":"","overlay-color":"","overlay-opacity":"","overlay-gradient":""},"mobile":{"background-color":"var(--ast-global-color-5)","background-image":"","background-repeat":"repeat","background-position":"center center","background-size":"auto","background-attachment":"scroll","background-type":"","background-media":"","overlay-type":"","overlay-color":"","overlay-opacity":"","overlay-gradient":""}}},"product_brand":[],"product_cat":[15],"product_tag":[105,110,98,107,102,99,103,104,101,100,109,106,97,112,108,111],"class_list":{"0":"post-2046","1":"product","2":"type-product","3":"status-publish","4":"has-post-thumbnail","6":"product_cat-sapphire-windows","7":"product_tag-aerospace-optical-components","8":"product_tag-co2-laser","9":"product_tag-cr-doped-alo","10":"product_tag-custom-laser-optics","11":"product_tag-dsp-polished","12":"product_tag-high-hardness","13":"product_tag-high-temperature-resistant","14":"product_tag-industrial-laser-windows","15":"product_tag-laser-transmission","16":"product_tag-mohs-9","17":"product_tag-nir-transmittance","18":"product_tag-precision-optical-windows","19":"product_tag-ruby-optical-window","20":"product_tag-semiconductor-optical-components","21":"product_tag-wear-resistant-optical-glass","22":"product_tag-yag-laser","23":"desktop-align-left","24":"tablet-align-left","25":"mobile-align-left","26":"ast-product-gallery-layout-horizontal-slider","27":"ast-product-tabs-layout-horizontal","29":"first","30":"instock","31":"shipping-taxable","32":"product-type-simple"},"_links":{"self":[{"href":"https:\/\/www.sapphire-windows.com\/es\/wp-json\/wp\/v2\/product\/2046","targetHints":{"allow":["GET"]}}],"collection":[{"href":"https:\/\/www.sapphire-windows.com\/es\/wp-json\/wp\/v2\/product"}],"about":[{"href":"https:\/\/www.sapphire-windows.com\/es\/wp-json\/wp\/v2\/types\/product"}],"replies":[{"embeddable":true,"href":"https:\/\/www.sapphire-windows.com\/es\/wp-json\/wp\/v2\/comments?post=2046"}],"version-history":[{"count":1,"href":"https:\/\/www.sapphire-windows.com\/es\/wp-json\/wp\/v2\/product\/2046\/revisions"}],"predecessor-version":[{"id":2050,"href":"https:\/\/www.sapphire-windows.com\/es\/wp-json\/wp\/v2\/product\/2046\/revisions\/2050"}],"wp:featuredmedia":[{"embeddable":true,"href":"https:\/\/www.sapphire-windows.com\/es\/wp-json\/wp\/v2\/media\/2049"}],"wp:attachment":[{"href":"https:\/\/www.sapphire-windows.com\/es\/wp-json\/wp\/v2\/media?parent=2046"}],"wp:term":[{"taxonomy":"product_brand","embeddable":true,"href":"https:\/\/www.sapphire-windows.com\/es\/wp-json\/wp\/v2\/product_brand?post=2046"},{"taxonomy":"product_cat","embeddable":true,"href":"https:\/\/www.sapphire-windows.com\/es\/wp-json\/wp\/v2\/product_cat?post=2046"},{"taxonomy":"product_tag","embeddable":true,"href":"https:\/\/www.sapphire-windows.com\/es\/wp-json\/wp\/v2\/product_tag?post=2046"}],"curies":[{"name":"wp","href":"https:\/\/api.w.org\/{rel}","templated":true}]}}