{"id":2028,"date":"2026-01-21T02:42:44","date_gmt":"2026-01-21T02:42:44","guid":{"rendered":"https:\/\/www.sapphire-windows.com\/?post_type=product&#038;p=2028"},"modified":"2026-01-21T02:42:45","modified_gmt":"2026-01-21T02:42:45","slug":"custom-sapphire-optical-window-222x74x4mm-wear-resistant-ir-uv-window","status":"publish","type":"product","link":"https:\/\/www.sapphire-windows.com\/es\/product\/custom-sapphire-optical-window-222x74x4mm-wear-resistant-ir-uv-window\/","title":{"rendered":"Ventana \u00f3ptica de zafiro personalizada 222\u00d774\u00d74 mm Ventana IR y UV resistente al desgaste"},"content":{"rendered":"<h2 data-start=\"218\" data-end=\"237\">Productos<img fetchpriority=\"high\" decoding=\"async\" class=\"size-medium wp-image-2029 alignright\" src=\"https:\/\/www.sapphire-windows.com\/wp-content\/uploads\/2026\/01\/Custom-Sapphire-Optical-Window-222\u00d774\u00d74mm-Ventana IR-UV resistente al desgaste-3-300x300.jpg\" alt=\"\" width=\"300\" height=\"300\" srcset=\"\" sizes=\"(max-width: 300px) 100vw, 300px\" data-srcset=\"\" \/><\/h2>\n<p data-start=\"239\" data-end=\"553\">La ventana \u00f3ptica de zafiro personalizada (222 mm \u00d7 74 mm \u00d7 4 mm) est\u00e1 fabricada con precisi\u00f3n a partir de \u03b1-Al\u2082O\u2083 (zafiro) monocristalino. A diferencia de las piedras preciosas naturales, este zafiro de calidad \u00f3ptica es un monocristal sint\u00e9tico que ofrece una dureza excepcional (Mohs 9), resistencia al desgaste, estabilidad t\u00e9rmica e inercia qu\u00edmica.<\/p>\n<p data-start=\"555\" data-end=\"875\">Dise\u00f1adas para sistemas \u00f3pticos de infrarrojos (IR) y ultravioletas (UV), estas ventanas protegen los componentes sensibles en entornos de alta temperatura, alta presi\u00f3n y qu\u00edmicamente agresivos. La amplia transmisi\u00f3n espectral del zafiro (170-5500 nm) garantiza una p\u00e9rdida de se\u00f1al m\u00ednima para l\u00e1seres, sensores e instrumentos \u00f3pticos.<\/p>\n<p data-start=\"877\" data-end=\"1077\">Este producto combina la robustez mec\u00e1nica con una claridad \u00f3ptica superior, por lo que resulta ideal para la fabricaci\u00f3n de semiconductores, la detecci\u00f3n industrial, la industria aeroespacial, la defensa y la investigaci\u00f3n cient\u00edfica.<\/p>\n<h2 data-start=\"1084\" data-end=\"1111\">Especificaciones t\u00e9cnicas<\/h2>\n<div class=\"TyagGW_tableContainer\">\n<div class=\"group TyagGW_tableWrapper flex flex-col-reverse w-fit\" tabindex=\"-1\">\n<table class=\"w-fit min-w-(--thread-content-width)\" data-start=\"1113\" data-end=\"1766\">\n<thead data-start=\"1113\" data-end=\"1142\">\n<tr data-start=\"1113\" data-end=\"1142\">\n<th data-start=\"1113\" data-end=\"1125\" data-col-size=\"sm\">Par\u00e1metro<\/th>\n<th data-start=\"1125\" data-end=\"1142\" data-col-size=\"md\">Especificaci\u00f3n<\/th>\n<\/tr>\n<\/thead>\n<tbody data-start=\"1153\" data-end=\"1766\">\n<tr data-start=\"1153\" data-end=\"1215\">\n<td data-start=\"1153\" data-end=\"1164\" data-col-size=\"sm\">Material<\/td>\n<td data-start=\"1164\" data-end=\"1215\" data-col-size=\"md\">Cristal \u00fanico de zafiro de calidad \u00f3ptica (\u03b1-Al\u2082O\u2083)<\/td>\n<\/tr>\n<tr data-start=\"1216\" data-end=\"1245\">\n<td data-start=\"1216\" data-end=\"1223\" data-col-size=\"sm\">Talla<\/td>\n<td data-start=\"1223\" data-end=\"1245\" data-col-size=\"md\">222 mm \u00d7 74 mm \u00d7 4 mm<\/td>\n<\/tr>\n<tr data-start=\"1246\" data-end=\"1279\">\n<td data-start=\"1246\" data-end=\"1268\" data-col-size=\"sm\">Tolerancia de grosor<\/td>\n<td data-start=\"1268\" data-end=\"1279\" data-col-size=\"md\">\u00b10,1 mm<\/td>\n<\/tr>\n<tr data-start=\"1280\" data-end=\"1305\">\n<td data-start=\"1280\" data-end=\"1297\" data-col-size=\"sm\">Apertura libre<\/td>\n<td data-start=\"1297\" data-end=\"1305\" data-col-size=\"md\">&gt;90%<\/td>\n<\/tr>\n<tr data-start=\"1306\" data-end=\"1342\">\n<td data-start=\"1306\" data-end=\"1331\" data-col-size=\"sm\">Rugosidad superficial (Ra)<\/td>\n<td data-start=\"1331\" data-end=\"1342\" data-col-size=\"md\">\u22640,2 nm<\/td>\n<\/tr>\n<tr data-start=\"1343\" data-end=\"1396\">\n<td data-start=\"1343\" data-end=\"1364\" data-col-size=\"sm\">Alcance de la transmisi\u00f3n<\/td>\n<td data-start=\"1364\" data-end=\"1396\" data-col-size=\"md\">170 - 5500 nm (UV a IR medio)<\/td>\n<\/tr>\n<tr data-start=\"1397\" data-end=\"1443\">\n<td data-start=\"1397\" data-end=\"1408\" data-col-size=\"sm\">Dureza<\/td>\n<td data-start=\"1408\" data-end=\"1443\" data-col-size=\"md\">Mohs 9 (s\u00f3lo superado por el diamante)<\/td>\n<\/tr>\n<tr data-start=\"1444\" data-end=\"1494\">\n<td data-start=\"1444\" data-end=\"1476\" data-col-size=\"sm\">Coeficiente de dilataci\u00f3n t\u00e9rmica<\/td>\n<td data-start=\"1476\" data-end=\"1494\" data-col-size=\"md\">8.8 \u00d7 10-\u2076 \/\u00b0C<\/td>\n<\/tr>\n<tr data-start=\"1495\" data-end=\"1524\">\n<td data-start=\"1495\" data-end=\"1513\" data-col-size=\"sm\">M\u00f3dulo el\u00e1stico<\/td>\n<td data-start=\"1513\" data-end=\"1524\" data-col-size=\"md\">435 GPa<\/td>\n<\/tr>\n<tr data-start=\"1525\" data-end=\"1563\">\n<td data-start=\"1525\" data-end=\"1546\" data-col-size=\"sm\">Resistencia t\u00e9rmica<\/td>\n<td data-start=\"1546\" data-end=\"1563\" data-col-size=\"md\">Hasta ~2030\u00b0C<\/td>\n<\/tr>\n<tr data-start=\"1564\" data-end=\"1635\">\n<td data-start=\"1564\" data-end=\"1586\" data-col-size=\"sm\">Resistencia qu\u00edmica<\/td>\n<td data-start=\"1586\" data-end=\"1635\" data-col-size=\"md\">Altamente resistente a \u00e1cidos, \u00e1lcalis y agua<\/td>\n<\/tr>\n<tr data-start=\"1636\" data-end=\"1693\">\n<td data-start=\"1636\" data-end=\"1653\" data-col-size=\"sm\">Acabado superficial<\/td>\n<td data-start=\"1653\" data-end=\"1693\" data-col-size=\"md\">Pulido por las dos caras, de calidad \u00f3ptica<\/td>\n<\/tr>\n<tr data-start=\"1694\" data-end=\"1728\">\n<td data-start=\"1694\" data-end=\"1710\" data-col-size=\"sm\">Certificaci\u00f3n<\/td>\n<td data-start=\"1710\" data-end=\"1728\" data-col-size=\"md\">Cumple la directiva RoHS<\/td>\n<\/tr>\n<tr data-start=\"1729\" data-end=\"1766\">\n<td data-start=\"1729\" data-end=\"1741\" data-col-size=\"sm\">Embalaje<\/td>\n<td data-start=\"1741\" data-end=\"1766\" data-col-size=\"md\">Sala blanca (clase 100)<\/td>\n<\/tr>\n<\/tbody>\n<\/table>\n<\/div>\n<\/div>\n<h2 data-start=\"1773\" data-end=\"1788\">Caracter\u00edsticas principales<img decoding=\"async\" class=\"size-medium wp-image-2030 alignleft\" src=\"https:\/\/www.sapphire-windows.com\/wp-content\/uploads\/2026\/01\/Custom-Sapphire-Optical-Window-222\u00d774\u00d74mm-Ventana IR-UV resistente al desgaste-1-300x300.jpg\" alt=\"\" width=\"300\" height=\"300\" srcset=\"\" sizes=\"(max-width: 300px) 100vw, 300px\" data-srcset=\"\" \/><\/h2>\n<ul data-start=\"1790\" data-end=\"2447\">\n<li data-start=\"1790\" data-end=\"1919\">\n<p data-start=\"1792\" data-end=\"1919\">Dureza y resistencia al desgaste ultra altas<br data-start=\"1833\" data-end=\"1836\" \/>La dureza Mohs 9 garantiza la resistencia a los ara\u00f1azos, la abrasi\u00f3n y las tensiones mec\u00e1nicas.<\/p>\n<\/li>\n<li data-start=\"1921\" data-end=\"2056\">\n<p data-start=\"1923\" data-end=\"2056\">Amplia transmisi\u00f3n espectral<br data-start=\"1954\" data-end=\"1957\" \/>Transmisi\u00f3n eficaz de UV a IR medio (170-5500 nm) adecuada para l\u00e1seres e instrumentos \u00f3pticos IR.<\/p>\n<\/li>\n<li data-start=\"2058\" data-end=\"2171\">\n<p data-start=\"2060\" data-end=\"2171\">Estabilidad t\u00e9rmica extrema<br data-start=\"2089\" data-end=\"2092\" \/>Mantiene la estructura y el rendimiento \u00f3ptico a temperaturas superiores a 1900\u00b0C.<\/p>\n<\/li>\n<li data-start=\"2173\" data-end=\"2298\">\n<p data-start=\"2175\" data-end=\"2298\">Inercia qu\u00edmica<br data-start=\"2197\" data-end=\"2200\" \/>Resiste la corrosi\u00f3n del agua, los \u00e1cidos y los \u00e1lcalis para una durabilidad a largo plazo en entornos dif\u00edciles.<\/p>\n<\/li>\n<li data-start=\"2300\" data-end=\"2447\">\n<p data-start=\"2302\" data-end=\"2447\">Robustez mec\u00e1nica<br data-start=\"2327\" data-end=\"2330\" \/>Aproximadamente cinco veces m\u00e1s resistente que el vidrio est\u00e1ndar, capaz de soportar condiciones de alta presi\u00f3n e impacto.<\/p>\n<\/li>\n<\/ul>\n<h2 data-start=\"2454\" data-end=\"2477\">Aplicaciones t\u00edpicas<\/h2>\n<ul data-start=\"2479\" data-end=\"3001\">\n<li data-start=\"2479\" data-end=\"2570\">\n<p data-start=\"2481\" data-end=\"2570\">Fabricaci\u00f3n de semiconductores: Puertos de observaci\u00f3n del horno, ventanas resistentes a productos qu\u00edmicos.<\/p>\n<\/li>\n<li data-start=\"2571\" data-end=\"2687\">\n<p data-start=\"2573\" data-end=\"2687\">Instrumentos \u00f3pticos: Ventanas de protecci\u00f3n IR\/UV, \u00f3pticas l\u00e1ser, aperturas de espectr\u00f3metros, \u00f3pticas de lectores de c\u00f3digos de barras.<\/p>\n<\/li>\n<li data-start=\"2688\" data-end=\"2805\">\n<p data-start=\"2690\" data-end=\"2805\">Sensores industriales: Mirillas de reactores de alta presi\u00f3n, ventanas de medici\u00f3n de caudal\u00edmetros, cubiertas protectoras de sensores.<\/p>\n<\/li>\n<li data-start=\"2806\" data-end=\"2920\">\n<p data-start=\"2808\" data-end=\"2920\">Investigaci\u00f3n cient\u00edfica y defensa: \u00f3ptica de c\u00e1mara de alto voltaje, l\u00edneas de haz de sincrotr\u00f3n, sistemas FLIR aeroespaciales.<\/p>\n<\/li>\n<li data-start=\"2921\" data-end=\"3001\">\n<p data-start=\"2923\" data-end=\"3001\">Electr\u00f3nica de consumo: Cristales de relojes, lentes protectoras de c\u00e1maras de smartphones.<\/p>\n<\/li>\n<\/ul>\n<h2 data-start=\"3008\" data-end=\"3014\">PREGUNTAS FRECUENTES<img decoding=\"async\" class=\"size-medium wp-image-2032 alignright\" src=\"https:\/\/www.sapphire-windows.com\/wp-content\/uploads\/2026\/01\/Custom-Sapphire-Optical-Window-222\u00d774\u00d74mm-Ventana IR-UV resistente al desgaste-4-300x300.jpg\" alt=\"\" width=\"300\" height=\"300\" srcset=\"\" sizes=\"(max-width: 300px) 100vw, 300px\" data-srcset=\"\" \/><\/h2>\n<p data-start=\"3016\" data-end=\"3287\">P1: \u00bfD\u00f3nde se suelen utilizar las ventanas \u00f3pticas de zafiro?<br data-start=\"3073\" data-end=\"3076\" \/>R: Se utilizan ampliamente en entornos de alta temperatura, sistemas l\u00e1ser, aeroespacial, equipos de defensa e instrumentos industriales, donde la durabilidad, la estabilidad t\u00e9rmica y la resistencia qu\u00edmica son fundamentales.<\/p>\n<p data-start=\"3289\" data-end=\"3560\">P2: \u00bfQu\u00e9 hace que el zafiro sea mejor que el vidrio?<br data-start=\"3335\" data-end=\"3338\" \/>R: El zafiro ofrece una dureza superior (Mohs 9), resistencia qu\u00edmica, tolerancia t\u00e9rmica de hasta 2030 \u00b0C y amplia transmisi\u00f3n \u00f3ptica (UV a infrarrojo medio), lo que lo hace ideal para condiciones duras en las que el vidrio se degradar\u00eda.<\/p>\n<p data-start=\"3562\" data-end=\"3730\">P3: \u00bfSe pueden personalizar estas ventanas?<br data-start=\"3602\" data-end=\"3605\" \/>R: S\u00ed. Las dimensiones, el grosor, el acabado superficial y las tolerancias pueden adaptarse a requisitos \u00f3pticos o industriales espec\u00edficos.<\/p>","protected":false},"excerpt":{"rendered":"<p>Ventana \u00f3ptica de zafiro monocristalino de gran pureza 222\u00d774\u00d74mm, dureza Mohs 9, resistente al desgaste, transmisi\u00f3n UV e IR, ideal para l\u00e1seres, sensores y aplicaciones industriales.<\/p>","protected":false},"featured_media":2029,"comment_status":"open","ping_status":"closed","template":"","meta":{"site-sidebar-layout":"default","site-content-layout":"","ast-site-content-layout":"default","site-content-style":"default","site-sidebar-style":"default","ast-global-header-display":"","ast-banner-title-visibility":"","ast-main-header-display":"","ast-hfb-above-header-display":"","ast-hfb-below-header-display":"","ast-hfb-mobile-header-display":"","site-post-title":"","ast-breadcrumbs-content":"","ast-featured-img":"","footer-sml-layout":"","ast-disable-related-posts":"","theme-transparent-header-meta":"default","adv-header-id-meta":"","stick-header-meta":"default","header-above-stick-meta":"","header-main-stick-meta":"","header-below-stick-meta":"","astra-migrate-meta-layouts":"set","ast-page-background-enabled":"default","ast-page-background-meta":{"desktop":{"background-color":"","background-image":"","background-repeat":"repeat","background-position":"center center","background-size":"auto","background-attachment":"scroll","background-type":"","background-media":"","overlay-type":"","overlay-color":"","overlay-opacity":"","overlay-gradient":""},"tablet":{"background-color":"","background-image":"","background-repeat":"repeat","background-position":"center center","background-size":"auto","background-attachment":"scroll","background-type":"","background-media":"","overlay-type":"","overlay-color":"","overlay-opacity":"","overlay-gradient":""},"mobile":{"background-color":"","background-image":"","background-repeat":"repeat","background-position":"center center","background-size":"auto","background-attachment":"scroll","background-type":"","background-media":"","overlay-type":"","overlay-color":"","overlay-opacity":"","overlay-gradient":""}},"ast-content-background-meta":{"desktop":{"background-color":"var(--ast-global-color-5)","background-image":"","background-repeat":"repeat","background-position":"center center","background-size":"auto","background-attachment":"scroll","background-type":"","background-media":"","overlay-type":"","overlay-color":"","overlay-opacity":"","overlay-gradient":""},"tablet":{"background-color":"var(--ast-global-color-5)","background-image":"","background-repeat":"repeat","background-position":"center center","background-size":"auto","background-attachment":"scroll","background-type":"","background-media":"","overlay-type":"","overlay-color":"","overlay-opacity":"","overlay-gradient":""},"mobile":{"background-color":"var(--ast-global-color-5)","background-image":"","background-repeat":"repeat","background-position":"center center","background-size":"auto","background-attachment":"scroll","background-type":"","background-media":"","overlay-type":"","overlay-color":"","overlay-opacity":"","overlay-gradient":""}}},"product_brand":[],"product_cat":[15],"product_tag":[63,78,79],"class_list":{"0":"post-2028","1":"product","2":"type-product","3":"status-publish","4":"has-post-thumbnail","6":"product_cat-sapphire-windows","7":"product_tag-custom-sapphire-optical-window","8":"product_tag-sapphire-ir-window","9":"product_tag-sapphire-uv-window","10":"desktop-align-left","11":"tablet-align-left","12":"mobile-align-left","13":"ast-product-gallery-layout-horizontal-slider","14":"ast-product-tabs-layout-horizontal","16":"first","17":"instock","18":"shipping-taxable","19":"product-type-simple"},"_links":{"self":[{"href":"https:\/\/www.sapphire-windows.com\/es\/wp-json\/wp\/v2\/product\/2028","targetHints":{"allow":["GET"]}}],"collection":[{"href":"https:\/\/www.sapphire-windows.com\/es\/wp-json\/wp\/v2\/product"}],"about":[{"href":"https:\/\/www.sapphire-windows.com\/es\/wp-json\/wp\/v2\/types\/product"}],"replies":[{"embeddable":true,"href":"https:\/\/www.sapphire-windows.com\/es\/wp-json\/wp\/v2\/comments?post=2028"}],"version-history":[{"count":1,"href":"https:\/\/www.sapphire-windows.com\/es\/wp-json\/wp\/v2\/product\/2028\/revisions"}],"predecessor-version":[{"id":2033,"href":"https:\/\/www.sapphire-windows.com\/es\/wp-json\/wp\/v2\/product\/2028\/revisions\/2033"}],"wp:featuredmedia":[{"embeddable":true,"href":"https:\/\/www.sapphire-windows.com\/es\/wp-json\/wp\/v2\/media\/2029"}],"wp:attachment":[{"href":"https:\/\/www.sapphire-windows.com\/es\/wp-json\/wp\/v2\/media?parent=2028"}],"wp:term":[{"taxonomy":"product_brand","embeddable":true,"href":"https:\/\/www.sapphire-windows.com\/es\/wp-json\/wp\/v2\/product_brand?post=2028"},{"taxonomy":"product_cat","embeddable":true,"href":"https:\/\/www.sapphire-windows.com\/es\/wp-json\/wp\/v2\/product_cat?post=2028"},{"taxonomy":"product_tag","embeddable":true,"href":"https:\/\/www.sapphire-windows.com\/es\/wp-json\/wp\/v2\/product_tag?post=2028"}],"curies":[{"name":"wp","href":"https:\/\/api.w.org\/{rel}","templated":true}]}}