{"id":2077,"date":"2026-01-21T09:56:46","date_gmt":"2026-01-21T09:56:46","guid":{"rendered":"https:\/\/www.sapphire-windows.com\/?post_type=product&#038;p=2077"},"modified":"2026-01-21T09:56:47","modified_gmt":"2026-01-21T09:56:47","slug":"titanium-doped-sapphire-windows-tisapphire-high-hardness-transparent-optical-windows-for-protective-and-industrial-use","status":"publish","type":"product","link":"https:\/\/www.sapphire-windows.com\/de\/product\/titanium-doped-sapphire-windows-tisapphire-high-hardness-transparent-optical-windows-for-protective-and-industrial-use\/","title":{"rendered":"Titan-dotierte Saphirfenster (Ti:Saphir) Transparente optische Fenster mit hoher H\u00e4rte f\u00fcr Schutzzwecke und industrielle Anwendungen"},"content":{"rendered":"<h2 data-start=\"137\" data-end=\"161\">Beschreibung des Produkts:<img fetchpriority=\"high\" decoding=\"async\" class=\"size-medium wp-image-2078 alignright\" src=\"https:\/\/www.sapphire-windows.com\/wp-content\/uploads\/2026\/01\/Titanium-doped-Sapphire-Windows-TiSapphire-High-Hardness-Transparent-Optical-Windows-for-Protective-and-Industrial-Use-1-300x300.jpg\" alt=\"\" width=\"300\" height=\"300\" srcset=\"https:\/\/www.sapphire-windows.com\/wp-content\/uploads\/2026\/01\/Titanium-doped-Sapphire-Windows-TiSapphire-High-Hardness-Transparent-Optical-Windows-for-Protective-and-Industrial-Use-1-300x300.jpg 300w, https:\/\/www.sapphire-windows.com\/wp-content\/uploads\/2026\/01\/Titanium-doped-Sapphire-Windows-TiSapphire-High-Hardness-Transparent-Optical-Windows-for-Protective-and-Industrial-Use-1-150x150.jpg 150w, https:\/\/www.sapphire-windows.com\/wp-content\/uploads\/2026\/01\/Titanium-doped-Sapphire-Windows-TiSapphire-High-Hardness-Transparent-Optical-Windows-for-Protective-and-Industrial-Use-1-768x768.jpg 768w, https:\/\/www.sapphire-windows.com\/wp-content\/uploads\/2026\/01\/Titanium-doped-Sapphire-Windows-TiSapphire-High-Hardness-Transparent-Optical-Windows-for-Protective-and-Industrial-Use-1-600x600.jpg 600w, https:\/\/www.sapphire-windows.com\/wp-content\/uploads\/2026\/01\/Titanium-doped-Sapphire-Windows-TiSapphire-High-Hardness-Transparent-Optical-Windows-for-Protective-and-Industrial-Use-1-100x100.jpg 100w, https:\/\/www.sapphire-windows.com\/wp-content\/uploads\/2026\/01\/Titanium-doped-Sapphire-Windows-TiSapphire-High-Hardness-Transparent-Optical-Windows-for-Protective-and-Industrial-Use-1.jpg 1000w\" sizes=\"(max-width: 300px) 100vw, 300px\" \/><\/h2>\n<p data-start=\"163\" data-end=\"745\">ZMSH stellt titandotierte Saphirfenster (Ti:Saphir) vor, eine \u00e4u\u00dferst haltbare und transparente optische L\u00f6sung, die f\u00fcr eine Vielzahl von industriellen, wissenschaftlichen und sch\u00fctzenden Anwendungen entwickelt wurde. Diese Fenster nutzen die St\u00e4rke und Klarheit von titandotiertem Saphir (Ti\u2083+:Al\u2082O\u2083) f\u00fcr hervorragende Kratzfestigkeit, thermische Stabilit\u00e4t und chemische Best\u00e4ndigkeit. Ti:Saphir-Fenster sind zwar nicht f\u00fcr hochpr\u00e4zise Lasersysteme geeignet, eignen sich aber hervorragend f\u00fcr Umgebungen, die eine hohe Widerstandsf\u00e4higkeit gegen raue Bedingungen erfordern, und bieten kosteng\u00fcnstigen Schutz und optische Klarheit.<\/p>\n<p data-start=\"747\" data-end=\"1170\">Mit einer Mohs-H\u00e4rte von 9 \u00fcbertreffen Ti:Saphir-Fenster die Kratzfestigkeit von optischem Standardglas und eignen sich daher ideal f\u00fcr Schutzabdeckungen, Sensorfenster und optische Komponenten in Anwendungen, die Verschlei\u00dffestigkeit und Langlebigkeit erfordern. Diese Fenster sind in Bezug auf die Kristallorientierung (A-Achse oder C-Achse) und die Gr\u00f6\u00dfe anpassbar, um sicherzustellen, dass sie die spezifischen Anforderungen Ihres Projekts erf\u00fcllen.<\/p>\n<h2 data-start=\"1172\" data-end=\"1189\"><img decoding=\"async\" class=\"size-medium wp-image-2080 alignleft\" src=\"https:\/\/www.sapphire-windows.com\/wp-content\/uploads\/2026\/01\/Titanium-doped-Sapphire-Windows-TiSapphire-High-Hardness-Transparent-Optical-Windows-for-Protective-and-Industrial-Use-2-300x300.png\" alt=\"\" width=\"300\" height=\"300\" srcset=\"https:\/\/www.sapphire-windows.com\/wp-content\/uploads\/2026\/01\/Titanium-doped-Sapphire-Windows-TiSapphire-High-Hardness-Transparent-Optical-Windows-for-Protective-and-Industrial-Use-2-300x300.png 300w, https:\/\/www.sapphire-windows.com\/wp-content\/uploads\/2026\/01\/Titanium-doped-Sapphire-Windows-TiSapphire-High-Hardness-Transparent-Optical-Windows-for-Protective-and-Industrial-Use-2-150x150.png 150w, https:\/\/www.sapphire-windows.com\/wp-content\/uploads\/2026\/01\/Titanium-doped-Sapphire-Windows-TiSapphire-High-Hardness-Transparent-Optical-Windows-for-Protective-and-Industrial-Use-2-768x768.png 768w, https:\/\/www.sapphire-windows.com\/wp-content\/uploads\/2026\/01\/Titanium-doped-Sapphire-Windows-TiSapphire-High-Hardness-Transparent-Optical-Windows-for-Protective-and-Industrial-Use-2-600x600.png 600w, https:\/\/www.sapphire-windows.com\/wp-content\/uploads\/2026\/01\/Titanium-doped-Sapphire-Windows-TiSapphire-High-Hardness-Transparent-Optical-Windows-for-Protective-and-Industrial-Use-2-100x100.png 100w, https:\/\/www.sapphire-windows.com\/wp-content\/uploads\/2026\/01\/Titanium-doped-Sapphire-Windows-TiSapphire-High-Hardness-Transparent-Optical-Windows-for-Protective-and-Industrial-Use-2.png 1000w\" sizes=\"(max-width: 300px) 100vw, 300px\" \/>Wesentliche Merkmale:<\/h2>\n<ol data-start=\"1191\" data-end=\"2362\">\n<li data-start=\"1191\" data-end=\"1471\">\n<p data-start=\"1194\" data-end=\"1471\">Hervorragende Langlebigkeit und Kratzfestigkeit:<br data-start=\"1241\" data-end=\"1244\" \/>Die Ti:Sapphire-Fenster haben eine Mohs-H\u00e4rte von 9 und sind damit 10-mal kratzfester als herk\u00f6mmliches optisches Glas und eignen sich perfekt f\u00fcr Schutzanwendungen in anspruchsvollen Umgebungen.<\/p>\n<\/li>\n<li data-start=\"1473\" data-end=\"1724\">\n<p data-start=\"1476\" data-end=\"1724\">Optische Transparenz:<br data-start=\"1501\" data-end=\"1504\" \/>Ti:Saphir-Fenster bieten eine hervorragende optische Klarheit und eine hohe Durchl\u00e4ssigkeit sowohl im sichtbaren als auch im infraroten Spektralbereich und sind ideal f\u00fcr optische Komponenten, die keine pr\u00e4zise Laserleistung erfordern.<\/p>\n<\/li>\n<li data-start=\"1726\" data-end=\"2016\">\n<p data-start=\"1729\" data-end=\"2016\">Chemische und thermische Stabilit\u00e4t:<br data-start=\"1764\" data-end=\"1767\" \/>Diese Fenster sind \u00e4u\u00dferst widerstandsf\u00e4hig gegen die meisten S\u00e4uren, Laugen und L\u00f6sungsmittel und eignen sich daher f\u00fcr chemische Umgebungen. Mit einem Schmelzpunkt von 2040 \u00b0C halten sie hohen Temperaturen stand und k\u00f6nnen kontinuierlich bis zu 800 \u00b0C betrieben werden.<\/p>\n<\/li>\n<li data-start=\"2018\" data-end=\"2362\">\n<p data-start=\"2021\" data-end=\"2362\">Anpassungsoptionen:<br data-start=\"2047\" data-end=\"2050\" \/>Das ZMSH bietet eine vollst\u00e4ndige Anpassung der Kristallorientierung (A-Achse, C-Achse), der Gr\u00f6\u00dfe und der Oberfl\u00e4chenbehandlung, einschlie\u00dflich Polieren f\u00fcr hohe Transparenz. Dadurch wird sichergestellt, dass die Fenster f\u00fcr spezifische Anforderungen geeignet sind, sei es f\u00fcr die wissenschaftliche Forschung, den Schutz von Sensoren oder f\u00fcr industrielle Anwendungen.<\/p>\n<\/li>\n<\/ol>\n<h3 data-start=\"2369\" data-end=\"2402\">Technische Daten:<\/h3>\n<div class=\"TyagGW_tableContainer\">\n<div class=\"group TyagGW_tableWrapper flex flex-col-reverse w-fit\" tabindex=\"-1\">\n<table class=\"w-fit min-w-(--thread-content-width)\" data-start=\"2404\" data-end=\"3355\">\n<thead data-start=\"2404\" data-end=\"2480\">\n<tr data-start=\"2404\" data-end=\"2480\">\n<th data-start=\"2404\" data-end=\"2435\" data-col-size=\"sm\">Eigentum<\/th>\n<th data-start=\"2435\" data-end=\"2480\" data-col-size=\"md\">Wert<\/th>\n<\/tr>\n<\/thead>\n<tbody data-start=\"2558\" data-end=\"3355\">\n<tr data-start=\"2558\" data-end=\"2635\">\n<td data-start=\"2558\" data-end=\"2590\" data-col-size=\"sm\">Material<\/td>\n<td data-col-size=\"md\" data-start=\"2590\" data-end=\"2635\">Titan-dotierter Saphir (Ti\u2083+:Al\u2082O\u2083)<\/td>\n<\/tr>\n<tr data-start=\"2636\" data-end=\"2713\">\n<td data-start=\"2636\" data-end=\"2668\" data-col-size=\"sm\">Dichte<\/td>\n<td data-col-size=\"md\" data-start=\"2668\" data-end=\"2713\">3,98 g\/cm\u00b3<\/td>\n<\/tr>\n<tr data-start=\"2714\" data-end=\"2791\">\n<td data-start=\"2714\" data-end=\"2746\" data-col-size=\"sm\">Schmelzpunkt<\/td>\n<td data-col-size=\"md\" data-start=\"2746\" data-end=\"2791\">2040\u00b0C<\/td>\n<\/tr>\n<tr data-start=\"2792\" data-end=\"2869\">\n<td data-start=\"2792\" data-end=\"2824\" data-col-size=\"sm\">Mohs-H\u00e4rte<\/td>\n<td data-col-size=\"md\" data-start=\"2824\" data-end=\"2869\">9<\/td>\n<\/tr>\n<tr data-start=\"2870\" data-end=\"2947\">\n<td data-start=\"2870\" data-end=\"2902\" data-col-size=\"sm\">W\u00e4rmeleitf\u00e4higkeit<\/td>\n<td data-start=\"2902\" data-end=\"2947\" data-col-size=\"md\">52 W\/m-K<\/td>\n<\/tr>\n<tr data-start=\"2948\" data-end=\"3025\">\n<td data-start=\"2948\" data-end=\"2980\" data-col-size=\"sm\">Kristall-Ausrichtung<\/td>\n<td data-col-size=\"md\" data-start=\"2980\" data-end=\"3025\">A-Achse \/ C-Achse (anpassbar)<\/td>\n<\/tr>\n<tr data-start=\"3026\" data-end=\"3103\">\n<td data-start=\"3026\" data-end=\"3058\" data-col-size=\"sm\">Gr\u00f6\u00dfe<\/td>\n<td data-col-size=\"md\" data-start=\"3058\" data-end=\"3103\">Anpassbar (Kontakt f\u00fcr Spezifikationen)<\/td>\n<\/tr>\n<tr data-start=\"3104\" data-end=\"3181\">\n<td data-start=\"3104\" data-end=\"3136\" data-col-size=\"sm\">Brechungsindex<\/td>\n<td data-col-size=\"md\" data-start=\"3136\" data-end=\"3181\">~1,76 (bei 800nm)<\/td>\n<\/tr>\n<tr data-start=\"3182\" data-end=\"3259\">\n<td data-start=\"3182\" data-end=\"3214\" data-col-size=\"sm\">Oberfl\u00e4che<\/td>\n<td data-col-size=\"md\" data-start=\"3214\" data-end=\"3259\">Poliert f\u00fcr hohe Transparenz<\/td>\n<\/tr>\n<tr data-start=\"3260\" data-end=\"3355\">\n<td data-start=\"3260\" data-end=\"3292\" data-col-size=\"sm\">Betriebstemperatur<\/td>\n<td data-start=\"3292\" data-end=\"3355\" data-col-size=\"md\">Bis zu 800\u00b0C kontinuierlich, Kurzzeittoleranz bis zu 1800\u00b0C<\/td>\n<\/tr>\n<\/tbody>\n<\/table>\n<\/div>\n<\/div>\n<h3 data-start=\"3362\" data-end=\"3391\">Prim\u00e4re Anwendungen:<img decoding=\"async\" class=\"size-medium wp-image-2079 alignright\" src=\"https:\/\/www.sapphire-windows.com\/wp-content\/uploads\/2026\/01\/Titanium-doped-Sapphire-Windows-TiSapphire-High-Hardness-Transparent-Optical-Windows-for-Protective-and-Industrial-Use-1-300x300.png\" alt=\"\" width=\"300\" height=\"300\" srcset=\"https:\/\/www.sapphire-windows.com\/wp-content\/uploads\/2026\/01\/Titanium-doped-Sapphire-Windows-TiSapphire-High-Hardness-Transparent-Optical-Windows-for-Protective-and-Industrial-Use-1-300x300.png 300w, https:\/\/www.sapphire-windows.com\/wp-content\/uploads\/2026\/01\/Titanium-doped-Sapphire-Windows-TiSapphire-High-Hardness-Transparent-Optical-Windows-for-Protective-and-Industrial-Use-1-150x150.png 150w, https:\/\/www.sapphire-windows.com\/wp-content\/uploads\/2026\/01\/Titanium-doped-Sapphire-Windows-TiSapphire-High-Hardness-Transparent-Optical-Windows-for-Protective-and-Industrial-Use-1-768x768.png 768w, https:\/\/www.sapphire-windows.com\/wp-content\/uploads\/2026\/01\/Titanium-doped-Sapphire-Windows-TiSapphire-High-Hardness-Transparent-Optical-Windows-for-Protective-and-Industrial-Use-1-600x600.png 600w, https:\/\/www.sapphire-windows.com\/wp-content\/uploads\/2026\/01\/Titanium-doped-Sapphire-Windows-TiSapphire-High-Hardness-Transparent-Optical-Windows-for-Protective-and-Industrial-Use-1-100x100.png 100w, https:\/\/www.sapphire-windows.com\/wp-content\/uploads\/2026\/01\/Titanium-doped-Sapphire-Windows-TiSapphire-High-Hardness-Transparent-Optical-Windows-for-Protective-and-Industrial-Use-1.png 1000w\" sizes=\"(max-width: 300px) 100vw, 300px\" \/><\/h3>\n<ol data-start=\"3393\" data-end=\"4393\">\n<li data-start=\"3393\" data-end=\"3659\">\n<p data-start=\"3396\" data-end=\"3659\">Sch\u00fctzende Fenster:<br data-start=\"3419\" data-end=\"3422\" \/>Ti:Saphir-Fenster sind au\u00dfergew\u00f6hnlich haltbar und chemikalienbest\u00e4ndig und eignen sich daher ideal als Schutzabdeckung f\u00fcr empfindliche Instrumente, optische Sensoren und industrielle Ger\u00e4te, die rauen Bedingungen ausgesetzt sind.<\/p>\n<\/li>\n<li data-start=\"3661\" data-end=\"3905\">\n<p data-start=\"3664\" data-end=\"3905\">Optische Komponenten:<br data-start=\"3687\" data-end=\"3690\" \/>Diese Fenster werden als optische Komponenten wie Filter, Linsen oder Sichtfenster verwendet, wenn Verschlei\u00dffestigkeit und Lichtdurchl\u00e4ssigkeit erforderlich sind, aber keine hohe Laserpr\u00e4zision erforderlich ist.<\/p>\n<\/li>\n<li data-start=\"3907\" data-end=\"4139\">\n<p data-start=\"3910\" data-end=\"4139\">Sensor-Schutz:<br data-start=\"3932\" data-end=\"3935\" \/>Ti:Saphir-Fenster werden h\u00e4ufig verwendet, um optische Sensoren in Umgebungen wie der Halbleiterherstellung und der Luft- und Raumfahrt vor physischen Sch\u00e4den und chemischer Erosion zu sch\u00fctzen.<\/p>\n<\/li>\n<li data-start=\"4141\" data-end=\"4393\">\n<p data-start=\"4144\" data-end=\"4393\">Wissenschaftliche Forschung und industrielle Nutzung:<br data-start=\"4187\" data-end=\"4190\" \/>Diese Fenster eignen sich gut f\u00fcr Umgebungen mit hohem Druck oder hohen Temperaturen und bieten zuverl\u00e4ssige Leistung in wissenschaftlichen Forschungslabors und industriellen Beobachtungssystemen.<\/p>\n<\/li>\n<\/ol>\n<h3 data-start=\"4400\" data-end=\"4427\">Produktionsprozess:<\/h3>\n<ol data-start=\"4429\" data-end=\"5208\">\n<li data-start=\"4429\" data-end=\"4583\">\n<p data-start=\"4432\" data-end=\"4583\">Vorbereitung des Rohmaterials:<br data-start=\"4461\" data-end=\"4464\" \/>Hochreines Saphir (Al\u2082O\u2083) und Titan werden ausgew\u00e4hlt, um einen hochwertigen Ti:Saphir-Kristall herzustellen.<\/p>\n<\/li>\n<li data-start=\"4585\" data-end=\"4757\">\n<p data-start=\"4588\" data-end=\"4757\">Doping:<br data-start=\"4599\" data-end=\"4602\" \/>Titan wird durch Dotierungstechniken in den Saphirkristall eingebracht, die mit Methoden wie der Temperaturgradiententechnik (TGT) durchgef\u00fchrt werden k\u00f6nnen.<\/p>\n<\/li>\n<li data-start=\"4759\" data-end=\"4995\">\n<p data-start=\"4762\" data-end=\"4995\">Kristallwachstum:<br data-start=\"4781\" data-end=\"4784\" \/>Die Kristalle werden mit Techniken wie Czochralski (CZ) oder TGT gez\u00fcchtet, die eine hohe Reinheit und Gleichm\u00e4\u00dfigkeit gew\u00e4hrleisten, auch wenn die optische Qualit\u00e4t m\u00f6glicherweise nicht den extremen Anforderungen von Hochpr\u00e4zisionslasersystemen entspricht.<\/p>\n<\/li>\n<li data-start=\"4997\" data-end=\"5208\">\n<p data-start=\"5000\" data-end=\"5208\">Schneiden und Polieren:<br data-start=\"5026\" data-end=\"5029\" \/>Nach dem Kristallwachstum wird das Material sorgf\u00e4ltig abgek\u00fchlt, in Fenster geschnitten und mechanisch poliert, um die gew\u00fcnschte Oberfl\u00e4cheng\u00fcte und Transparenz zu erreichen.<\/p>\n<\/li>\n<\/ol>\n<h3 data-start=\"5215\" data-end=\"5256\">H\u00e4ufig gestellte Fragen (FAQ):<\/h3>\n<ol data-start=\"5258\" data-end=\"6535\">\n<li data-start=\"5258\" data-end=\"5581\">\n<p data-start=\"5261\" data-end=\"5581\">Was macht Ti:Sapphire-Fenster haltbarer als Standard-Saphirfenster?<br data-start=\"5340\" data-end=\"5343\" \/>Ti:Saphir-Fenster bieten im Vergleich zu normalen Saphir-Fenstern eine erh\u00f6hte chemische Best\u00e4ndigkeit und Kratzfestigkeit und eignen sich daher ideal f\u00fcr Schutzanwendungen in Umgebungen, in denen sie physischem Verschlei\u00df oder Chemikalien ausgesetzt sind.<\/p>\n<\/li>\n<li data-start=\"5583\" data-end=\"5932\">\n<p data-start=\"5586\" data-end=\"5932\">Sind Ti:Saphir-Fenster f\u00fcr hochpr\u00e4zise Laseranwendungen geeignet?<br data-start=\"5661\" data-end=\"5664\" \/>Ti:Saphir-Fenster werden in der Regel nicht f\u00fcr hochpr\u00e4zise Laseranwendungen empfohlen, da sie nicht die f\u00fcr Hochleistungslaser erforderliche optische Gleichm\u00e4\u00dfigkeit bieten. Sie eignen sich jedoch gut f\u00fcr allgemeine optische Komponenten und den Schutz von Sensoren.<\/p>\n<\/li>\n<li data-start=\"5934\" data-end=\"6234\">\n<p data-start=\"5937\" data-end=\"6234\">K\u00f6nnen Ti:Sapphire-Fenster f\u00fcr bestimmte Anwendungen angepasst werden?<br data-start=\"6005\" data-end=\"6008\" \/>Ja, Ti:Saphir-Fenster k\u00f6nnen in Bezug auf die Kristallorientierung (A-Achse, C-Achse), die Gr\u00f6\u00dfe und die Oberfl\u00e4chenbeschaffenheit individuell angepasst werden, um die spezifischen Anforderungen verschiedener industrieller und wissenschaftlicher Anwendungen zu erf\u00fcllen.<\/p>\n<\/li>\n<li data-start=\"6236\" data-end=\"6535\">\n<p data-start=\"6239\" data-end=\"6535\">In welchen Branchen werden Ti:Sapphire-Fenster verwendet?<br data-start=\"6283\" data-end=\"6286\" \/>Ti:Saphir-Fenster werden in Branchen wie der Halbleiterindustrie, der Luft- und Raumfahrt, der Verteidigungsindustrie, der Medizintechnik und der wissenschaftlichen Forschung eingesetzt, wo ihre Haltbarkeit, chemische Best\u00e4ndigkeit und thermische Stabilit\u00e4t von entscheidender Bedeutung sind.<\/p>\n<\/li>\n<\/ol>","protected":false},"excerpt":{"rendered":"<p>Das ZMSH pr\u00e4sentiert titandotierte Saphirfenster (Ti:Saphir), eine \u00e4u\u00dferst haltbare und transparente optische L\u00f6sung, die f\u00fcr eine Vielzahl von industriellen, wissenschaftlichen und sch\u00fctzenden Anwendungen entwickelt wurde.<\/p>","protected":false},"featured_media":2078,"comment_status":"open","ping_status":"closed","template":"","meta":{"site-sidebar-layout":"default","site-content-layout":"","ast-site-content-layout":"default","site-content-style":"default","site-sidebar-style":"default","ast-global-header-display":"","ast-banner-title-visibility":"","ast-main-header-display":"","ast-hfb-above-header-display":"","ast-hfb-below-header-display":"","ast-hfb-mobile-header-display":"","site-post-title":"","ast-breadcrumbs-content":"","ast-featured-img":"","footer-sml-layout":"","ast-disable-related-posts":"","theme-transparent-header-meta":"default","adv-header-id-meta":"","stick-header-meta":"default","header-above-stick-meta":"","header-main-stick-meta":"","header-below-stick-meta":"","astra-migrate-meta-layouts":"set","ast-page-background-enabled":"default","ast-page-background-meta":{"desktop":{"background-color":"","background-image":"","background-repeat":"repeat","background-position":"center center","background-size":"auto","background-attachment":"scroll","background-type":"","background-media":"","overlay-type":"","overlay-color":"","overlay-opacity":"","overlay-gradient":""},"tablet":{"background-color":"","background-image":"","background-repeat":"repeat","background-position":"center center","background-size":"auto","background-attachment":"scroll","background-type":"","background-media":"","overlay-type":"","overlay-color":"","overlay-opacity":"","overlay-gradient":""},"mobile":{"background-color":"","background-image":"","background-repeat":"repeat","background-position":"center center","background-size":"auto","background-attachment":"scroll","background-type":"","background-media":"","overlay-type":"","overlay-color":"","overlay-opacity":"","overlay-gradient":""}},"ast-content-background-meta":{"desktop":{"background-color":"var(--ast-global-color-5)","background-image":"","background-repeat":"repeat","background-position":"center center","background-size":"auto","background-attachment":"scroll","background-type":"","background-media":"","overlay-type":"","overlay-color":"","overlay-opacity":"","overlay-gradient":""},"tablet":{"background-color":"var(--ast-global-color-5)","background-image":"","background-repeat":"repeat","background-position":"center center","background-size":"auto","background-attachment":"scroll","background-type":"","background-media":"","overlay-type":"","overlay-color":"","overlay-opacity":"","overlay-gradient":""},"mobile":{"background-color":"var(--ast-global-color-5)","background-image":"","background-repeat":"repeat","background-position":"center center","background-size":"auto","background-attachment":"scroll","background-type":"","background-media":"","overlay-type":"","overlay-color":"","overlay-opacity":"","overlay-gradient":""}}},"product_brand":[],"product_cat":[15],"product_tag":[145,142,143,144,140,141],"class_list":{"0":"post-2077","1":"product","2":"type-product","3":"status-publish","4":"has-post-thumbnail","6":"product_cat-sapphire-windows","7":"product_tag-durable-optical-windows","8":"product_tag-optical-windows","9":"product_tag-protective-sapphire-windows","10":"product_tag-sensor-protection-windows","11":"product_tag-tisapphire-window","12":"product_tag-titanium-sapphire-window","13":"desktop-align-left","14":"tablet-align-left","15":"mobile-align-left","16":"ast-product-gallery-layout-horizontal-slider","17":"ast-product-tabs-layout-horizontal","19":"first","20":"instock","21":"shipping-taxable","22":"product-type-simple"},"_links":{"self":[{"href":"https:\/\/www.sapphire-windows.com\/de\/wp-json\/wp\/v2\/product\/2077","targetHints":{"allow":["GET"]}}],"collection":[{"href":"https:\/\/www.sapphire-windows.com\/de\/wp-json\/wp\/v2\/product"}],"about":[{"href":"https:\/\/www.sapphire-windows.com\/de\/wp-json\/wp\/v2\/types\/product"}],"replies":[{"embeddable":true,"href":"https:\/\/www.sapphire-windows.com\/de\/wp-json\/wp\/v2\/comments?post=2077"}],"version-history":[{"count":2,"href":"https:\/\/www.sapphire-windows.com\/de\/wp-json\/wp\/v2\/product\/2077\/revisions"}],"predecessor-version":[{"id":2082,"href":"https:\/\/www.sapphire-windows.com\/de\/wp-json\/wp\/v2\/product\/2077\/revisions\/2082"}],"wp:featuredmedia":[{"embeddable":true,"href":"https:\/\/www.sapphire-windows.com\/de\/wp-json\/wp\/v2\/media\/2078"}],"wp:attachment":[{"href":"https:\/\/www.sapphire-windows.com\/de\/wp-json\/wp\/v2\/media?parent=2077"}],"wp:term":[{"taxonomy":"product_brand","embeddable":true,"href":"https:\/\/www.sapphire-windows.com\/de\/wp-json\/wp\/v2\/product_brand?post=2077"},{"taxonomy":"product_cat","embeddable":true,"href":"https:\/\/www.sapphire-windows.com\/de\/wp-json\/wp\/v2\/product_cat?post=2077"},{"taxonomy":"product_tag","embeddable":true,"href":"https:\/\/www.sapphire-windows.com\/de\/wp-json\/wp\/v2\/product_tag?post=2077"}],"curies":[{"name":"wp","href":"https:\/\/api.w.org\/{rel}","templated":true}]}}