{"id":2072,"date":"2026-01-21T09:23:50","date_gmt":"2026-01-21T09:23:50","guid":{"rendered":"https:\/\/www.sapphire-windows.com\/?post_type=product&#038;p=2072"},"modified":"2026-02-10T15:37:16","modified_gmt":"2026-02-10T15:37:16","slug":"circular-sapphire-windows-high-transmittance-90-sapphire-glass-for-laser-applications","status":"publish","type":"product","link":"https:\/\/www.sapphire-windows.com\/de\/product\/circular-sapphire-windows-high-transmittance-90-sapphire-glass-for-laser-applications\/","title":{"rendered":"Zirkulare Saphirfenster mit hoher Durchl\u00e4ssigkeit 90% Saphirglas f\u00fcr Laseranwendungen"},"content":{"rendered":"<h2 data-start=\"115\" data-end=\"139\">Beschreibung des Produkts:<\/h2>\n<p data-start=\"141\" data-end=\"726\">Die kreisf\u00f6rmigen Saphirfenster von ZMSH sind eine optische Hochleistungskomponente aus 99,999% reinem einkristallinem Saphir (Al\u2082O\u2083). Diese f\u00fcr anspruchsvolle Anwendungen konzipierten Saphirfenster bieten eine Durchl\u00e4ssigkeit von \u00fcber 90% \u00fcber ein breites Spektrum (250nm-5500nm) und zeichnen sich besonders im Infrarotbereich (3-5\u03bcm MIR) aus, wodurch sie ideal f\u00fcr Lasersysteme, Halbleiterger\u00e4te, industrielle Hochtemperaturbeobachtung und Luft- und Raumfahrtinstrumente sind. Sie werden auch h\u00e4ufig in wissenschaftlichen Instrumenten, medizinischen Ger\u00e4ten und optischen Sensoren verwendet.<\/p>\n<p data-start=\"141\" data-end=\"726\"><img fetchpriority=\"high\" decoding=\"async\" class=\"size-medium wp-image-2075 alignright\" src=\"https:\/\/www.sapphire-windows.com\/wp-content\/uploads\/2026\/01\/Circular-Sapphire-Windows-High-Transmittance-90-Sapphire-Glass-for-Laser-Applications-3-300x300.webp\" alt=\"\" width=\"300\" height=\"300\" srcset=\"https:\/\/www.sapphire-windows.com\/wp-content\/uploads\/2026\/01\/Circular-Sapphire-Windows-High-Transmittance-90-Sapphire-Glass-for-Laser-Applications-3-300x300.webp 300w, https:\/\/www.sapphire-windows.com\/wp-content\/uploads\/2026\/01\/Circular-Sapphire-Windows-High-Transmittance-90-Sapphire-Glass-for-Laser-Applications-3-150x150.webp 150w, https:\/\/www.sapphire-windows.com\/wp-content\/uploads\/2026\/01\/Circular-Sapphire-Windows-High-Transmittance-90-Sapphire-Glass-for-Laser-Applications-3-600x600.webp 600w, https:\/\/www.sapphire-windows.com\/wp-content\/uploads\/2026\/01\/Circular-Sapphire-Windows-High-Transmittance-90-Sapphire-Glass-for-Laser-Applications-3-100x100.webp 100w, https:\/\/www.sapphire-windows.com\/wp-content\/uploads\/2026\/01\/Circular-Sapphire-Windows-High-Transmittance-90-Sapphire-Glass-for-Laser-Applications-3.webp 750w\" sizes=\"(max-width: 300px) 100vw, 300px\" \/><\/p>\n<p data-start=\"728\" data-end=\"1237\">Saphir mit einer Mohs-H\u00e4rte von 9 bietet eine 10-mal h\u00f6here Kratzfestigkeit als optisches Standardglas und gew\u00e4hrleistet selbst in Umgebungen mit hoher Beanspruchung eine lange Lebensdauer. Mit seinem hohen Schmelzpunkt von 2040\u00b0C funktionieren Saphirfenster auch bei extremer Hitze zuverl\u00e4ssig, mit einem Dauerbetrieb bis zu 800\u00b0C und einer kurzfristigen Toleranz bis zu 1800\u00b0C. Dar\u00fcber hinaus sind diese Fenster chemisch resistent gegen die meisten S\u00e4uren, Laugen und L\u00f6sungsmittel, so dass sie sich f\u00fcr raue industrielle und chemische Umgebungen eignen.<\/p>\n<p data-start=\"1239\" data-end=\"1746\">ZMSH bietet eine individuelle Anpassung der Gr\u00f6\u00dfe (von 5 mm bis 300 mm Durchmesser) und Dicke (von 0,3 mm bis 20 mm) sowie verschiedene Beschichtungen wie AR-Beschichtungen (Antireflexionsbeschichtungen), hochtransparente Beschichtungen und Antischmutzbeschichtungen. Durch den Einsatz fortschrittlicher CNC-Bearbeitungs- und Laserbearbeitungstechnologien bieten wir pr\u00e4zise, enge Toleranzen (\u00b10,01 mm) und eine hohe Oberfl\u00e4chenqualit\u00e4t (bis zu \u03bb\/10 Ebenheit), die sicherstellen, dass die Fenster die strengen Anforderungen optischer Systeme erf\u00fcllen.<\/p>\n<h2 data-start=\"1648\" data-end=\"1665\">Wesentliche Merkmale:<\/h2>\n<ol data-start=\"1667\" data-end=\"2636\">\n<li data-start=\"1667\" data-end=\"1883\">\n<p data-start=\"1670\" data-end=\"1704\">Hervorragende optische Leistung:<\/p>\n<ul data-start=\"1708\" data-end=\"1883\">\n<li data-start=\"1708\" data-end=\"1883\">\n<p data-start=\"1710\" data-end=\"1883\">Erreicht eine Durchl\u00e4ssigkeit von &gt;90% von 250nm bis 5500nm und zeichnet sich im Infrarotbereich (3-5\u03bcm) aus, wodurch es sich perfekt f\u00fcr Laser- und Infrarot-Bildgebungsanwendungen eignet.<\/p>\n<\/li>\n<\/ul>\n<\/li>\n<li data-start=\"1885\" data-end=\"2113\">\n<p data-start=\"1888\" data-end=\"1924\">Au\u00dfergew\u00f6hnliche mechanische Festigkeit:<img decoding=\"async\" class=\"size-medium wp-image-2073 alignleft\" src=\"https:\/\/www.sapphire-windows.com\/wp-content\/uploads\/2026\/01\/Circular-Sapphire-Windows-High-Transmittance-90-Sapphire-Glass-for-Laser-Applications-1-300x300.webp\" alt=\"\" width=\"300\" height=\"300\" srcset=\"https:\/\/www.sapphire-windows.com\/wp-content\/uploads\/2026\/01\/Circular-Sapphire-Windows-High-Transmittance-90-Sapphire-Glass-for-Laser-Applications-1-300x300.webp 300w, https:\/\/www.sapphire-windows.com\/wp-content\/uploads\/2026\/01\/Circular-Sapphire-Windows-High-Transmittance-90-Sapphire-Glass-for-Laser-Applications-1-150x150.webp 150w, https:\/\/www.sapphire-windows.com\/wp-content\/uploads\/2026\/01\/Circular-Sapphire-Windows-High-Transmittance-90-Sapphire-Glass-for-Laser-Applications-1-600x600.webp 600w, https:\/\/www.sapphire-windows.com\/wp-content\/uploads\/2026\/01\/Circular-Sapphire-Windows-High-Transmittance-90-Sapphire-Glass-for-Laser-Applications-1-100x100.webp 100w, https:\/\/www.sapphire-windows.com\/wp-content\/uploads\/2026\/01\/Circular-Sapphire-Windows-High-Transmittance-90-Sapphire-Glass-for-Laser-Applications-1.webp 750w\" sizes=\"(max-width: 300px) 100vw, 300px\" \/><\/p>\n<ul data-start=\"1928\" data-end=\"2113\">\n<li data-start=\"1928\" data-end=\"2113\">\n<p data-start=\"1930\" data-end=\"2113\">Mit einer Mohs-H\u00e4rte von 9 bietet das Saphirfenster eine 10-mal h\u00f6here Kratzfestigkeit als herk\u00f6mmliches optisches Glas und gew\u00e4hrleistet Langlebigkeit in Umgebungen mit hoher Sto\u00df- und Abriebbelastung.<\/p>\n<\/li>\n<\/ul>\n<\/li>\n<li data-start=\"2115\" data-end=\"2399\">\n<p data-start=\"2118\" data-end=\"2155\">Extreme Umweltbest\u00e4ndigkeit:<\/p>\n<ul data-start=\"2159\" data-end=\"2399\">\n<li data-start=\"2159\" data-end=\"2235\">\n<p data-start=\"2161\" data-end=\"2235\">Schmelzpunkt: 2040\u00b0C, geeignet f\u00fcr Hochtemperaturumgebungen.<\/p>\n<\/li>\n<li data-start=\"2239\" data-end=\"2319\">\n<p data-start=\"2241\" data-end=\"2319\">Dauerbetrieb bei 800\u00b0C mit kurzfristiger Toleranz bis zu 1800\u00b0C.<\/p>\n<\/li>\n<li data-start=\"2323\" data-end=\"2399\">\n<p data-start=\"2325\" data-end=\"2399\">Chemische Best\u00e4ndigkeit: Stabil in sauren\/alkalischen Umgebungen (pH 1-13).<\/p>\n<\/li>\n<\/ul>\n<\/li>\n<li data-start=\"2401\" data-end=\"2636\">\n<p data-start=\"2404\" data-end=\"2427\">Thermische Stabilit\u00e4t:<\/p>\n<ul data-start=\"2431\" data-end=\"2636\">\n<li data-start=\"2431\" data-end=\"2636\">\n<p data-start=\"2433\" data-end=\"2636\">Der niedrige thermische Ausdehnungskoeffizient von 5,3\u00d710-\u2076\/\u00b0C gew\u00e4hrleistet die optische Oberfl\u00e4chengenauigkeit auch bei schnellen Temperaturwechseln und ist damit ideal f\u00fcr Pr\u00e4zisionsanwendungen bei schwankenden Temperaturen.<\/p>\n<\/li>\n<\/ul>\n<\/li>\n<\/ol>\n<h2 data-start=\"2643\" data-end=\"2672\">Technische Daten:<\/h2>\n<ul data-start=\"2674\" data-end=\"3035\">\n<li data-start=\"2674\" data-end=\"2721\">\n<p data-start=\"2676\" data-end=\"2721\">Material: Einkristalliner Saphir (Al\u2082O\u2083)<\/p>\n<\/li>\n<li data-start=\"2722\" data-end=\"2747\">\n<p data-start=\"2724\" data-end=\"2747\">Dichte: 3,98 g\/cm\u00b3<\/p>\n<\/li>\n<li data-start=\"2748\" data-end=\"2775\">\n<p data-start=\"2750\" data-end=\"2775\">Schmelzpunkt: 2040\u00b0C<\/p>\n<\/li>\n<li data-start=\"2776\" data-end=\"2798\">\n<p data-start=\"2778\" data-end=\"2798\">Mohs-H\u00e4rte: 9<\/p>\n<\/li>\n<li data-start=\"2799\" data-end=\"2835\">\n<p data-start=\"2801\" data-end=\"2835\">W\u00e4rmeleitf\u00e4higkeit: 52 W\/m-K<\/p>\n<\/li>\n<li data-start=\"2836\" data-end=\"2874\">\n<p data-start=\"2838\" data-end=\"2874\">W\u00e4rmeausdehnung: 5,3 \u00d7 10-\u2076\/\u00b0C<\/p>\n<\/li>\n<li data-start=\"2875\" data-end=\"2915\">\n<p data-start=\"2877\" data-end=\"2915\">Durchl\u00e4ssigkeit: &gt;90% (250nm-5500nm)<\/p>\n<\/li>\n<li data-start=\"2916\" data-end=\"2976\">\n<p data-start=\"2918\" data-end=\"2976\">Oberfl\u00e4chenausf\u00fchrung: DSP oder SSP (kundenspezifische Oberfl\u00e4chen verf\u00fcgbar)<\/p>\n<\/li>\n<li data-start=\"2977\" data-end=\"3035\">\n<p data-start=\"2979\" data-end=\"3035\">Gr\u00f6\u00dfenbereich: 5mm-300mm Durchmesser, 0,3mm-20mm Dicke<\/p>\n<\/li>\n<\/ul>\n<h2 data-start=\"3042\" data-end=\"3067\">Prim\u00e4re Anwendungen:<img decoding=\"async\" class=\"size-medium wp-image-2074 alignright\" src=\"https:\/\/www.sapphire-windows.com\/wp-content\/uploads\/2026\/01\/Circular-Sapphire-Windows-High-Transmittance-90-Sapphire-Glass-for-Laser-Applications-2-300x300.jpg\" alt=\"\" width=\"300\" height=\"300\" srcset=\"https:\/\/www.sapphire-windows.com\/wp-content\/uploads\/2026\/01\/Circular-Sapphire-Windows-High-Transmittance-90-Sapphire-Glass-for-Laser-Applications-2-300x300.jpg 300w, https:\/\/www.sapphire-windows.com\/wp-content\/uploads\/2026\/01\/Circular-Sapphire-Windows-High-Transmittance-90-Sapphire-Glass-for-Laser-Applications-2-150x150.jpg 150w, https:\/\/www.sapphire-windows.com\/wp-content\/uploads\/2026\/01\/Circular-Sapphire-Windows-High-Transmittance-90-Sapphire-Glass-for-Laser-Applications-2-600x600.jpg 600w, https:\/\/www.sapphire-windows.com\/wp-content\/uploads\/2026\/01\/Circular-Sapphire-Windows-High-Transmittance-90-Sapphire-Glass-for-Laser-Applications-2-100x100.jpg 100w, https:\/\/www.sapphire-windows.com\/wp-content\/uploads\/2026\/01\/Circular-Sapphire-Windows-High-Transmittance-90-Sapphire-Glass-for-Laser-Applications-2.jpg 750w\" sizes=\"(max-width: 300px) 100vw, 300px\" \/><\/h2>\n<ol data-start=\"3069\" data-end=\"3978\">\n<li data-start=\"3069\" data-end=\"3318\">\n<p data-start=\"3072\" data-end=\"3090\">Laser-Systeme:<\/p>\n<ul data-start=\"3094\" data-end=\"3318\">\n<li data-start=\"3094\" data-end=\"3318\">\n<p data-start=\"3096\" data-end=\"3318\">Runde Saphirfenster werden h\u00e4ufig in CO\u2082- und Faserlasersystemen als Ausgangsfenster und Schutzlinsen verwendet, die einer Hochleistungslaserstrahlung (&gt;5kW\/cm\u00b2) standhalten und gleichzeitig thermische Linseneffekte minimieren.<\/p>\n<\/li>\n<\/ul>\n<\/li>\n<li data-start=\"3320\" data-end=\"3525\">\n<p data-start=\"3323\" data-end=\"3367\">Industrielle Beobachtung bei hohen Temperaturen:<\/p>\n<ul data-start=\"3371\" data-end=\"3525\">\n<li data-start=\"3371\" data-end=\"3525\">\n<p data-start=\"3373\" data-end=\"3525\">Ideal f\u00fcr Sichtfenster in Stahl- und Glasformungsanlagen, die auch bei Temperaturen \u00fcber 1000\u00b0C ihre optische Klarheit behalten, ohne zu beschlagen oder sich zu verformen.<\/p>\n<\/li>\n<\/ul>\n<\/li>\n<li data-start=\"3527\" data-end=\"3752\">\n<p data-start=\"3530\" data-end=\"3554\">Luft- und Raumfahrt &amp; Verteidigung:<\/p>\n<ul data-start=\"3558\" data-end=\"3752\">\n<li data-start=\"3558\" data-end=\"3752\">\n<p data-start=\"3560\" data-end=\"3752\">Diese Saphirfenster werden in elektro-optischen Sensoren und Raketensuchger\u00e4ten verwendet und bieten Sto\u00dffestigkeit gegen aerodynamische \u00dcberschall-Erw\u00e4rmung bei gleichzeitiger optischer Klarheit.<\/p>\n<\/li>\n<\/ul>\n<\/li>\n<li data-start=\"3754\" data-end=\"3978\">\n<p data-start=\"3757\" data-end=\"3794\">Wissenschaftliche und medizinische Instrumente:<\/p>\n<ul data-start=\"3798\" data-end=\"3978\">\n<li data-start=\"3798\" data-end=\"3978\">\n<p data-start=\"3800\" data-end=\"3978\">Runde Saphirfenster sind in Synchrotronstrahlungsger\u00e4ten, Endoskopen und anderen optischen Hochleistungssystemen unverzichtbar, da sie stabile optische Kan\u00e4le bieten.<\/p>\n<\/li>\n<\/ul>\n<\/li>\n<\/ol>\n<h2 data-start=\"3985\" data-end=\"4022\">H\u00e4ufig gestellte Fragen (FAQ):<\/h2>\n<ol data-start=\"4024\" data-end=\"4948\">\n<li data-start=\"4024\" data-end=\"4349\">\n<p data-start=\"4027\" data-end=\"4095\">Welche Vorteile haben Saphirfenster gegen\u00fcber herk\u00f6mmlichem Glas?<\/p>\n<ul data-start=\"4099\" data-end=\"4349\">\n<li data-start=\"4099\" data-end=\"4349\">\n<p data-start=\"4101\" data-end=\"4349\">Saphirfenster bieten eine 10-fach h\u00f6here Kratzfestigkeit (Mohs 9), eine bessere spektrale Durchl\u00e4ssigkeit im UV- bis IR-Bereich und eine \u00fcberlegene thermische und chemische Best\u00e4ndigkeit, was sie ideal f\u00fcr Hochleistungsanwendungen in rauen Umgebungen macht.<\/p>\n<\/li>\n<\/ul>\n<\/li>\n<li data-start=\"4351\" data-end=\"4657\">\n<p data-start=\"4354\" data-end=\"4405\">K\u00f6nnen Saphirfenster f\u00fcr Lasersysteme verwendet werden?<\/p>\n<ul data-start=\"4409\" data-end=\"4657\">\n<li data-start=\"4409\" data-end=\"4657\">\n<p data-start=\"4411\" data-end=\"4657\">Ja, ZMSH bietet lasergeeignete Saphirfenster mit Antireflexionsbeschichtungen (AR) und Beschichtungen mit hoher Transmission. Diese Fenster sind perfekt f\u00fcr Hochleistungslasersysteme geeignet und bieten minimale thermische Linsenbildung und langfristige Zuverl\u00e4ssigkeit.<\/p>\n<\/li>\n<\/ul>\n<\/li>\n<li data-start=\"4659\" data-end=\"4948\">\n<p data-start=\"4662\" data-end=\"4718\">Sind Saphirfenster resistent gegen hohe Temperaturen?<\/p>\n<ul data-start=\"4722\" data-end=\"4948\">\n<li data-start=\"4722\" data-end=\"4948\">\n<p data-start=\"4724\" data-end=\"4948\">Saphirfenster haben einen hohen Schmelzpunkt von 2040\u00b0C und sind daher f\u00fcr Hochtemperaturumgebungen geeignet. Sie k\u00f6nnen kontinuierlich bei bis zu 800\u00b0C arbeiten und kurzzeitig bis zu 1800\u00b0C ausgesetzt werden.<\/p>\n<\/li>\n<\/ul>\n<\/li>\n<li>\n<p data-start=\"5068\" data-end=\"5121\">Kann die Gr\u00f6\u00dfe der Saphirfenster angepasst werden?<\/p>\n<ul data-start=\"5125\" data-end=\"5363\">\n<li data-start=\"5125\" data-end=\"5363\">\n<p data-start=\"5127\" data-end=\"5363\">Ja, wir bieten eine vollst\u00e4ndige Anpassung des Durchmessers (von 5 mm bis 300 mm) und der Dicke (von 0,3 mm bis 20 mm) an die jeweiligen Projektanforderungen. Unsere fortschrittliche Bearbeitung gew\u00e4hrleistet enge Toleranzen und hervorragende Oberfl\u00e4cheng\u00fcten.<\/p>\n<\/li>\n<\/ul>\n<\/li>\n<\/ol>","protected":false},"excerpt":{"rendered":"<p>Die kreisf\u00f6rmigen Saphirfenster von ZMSH sind eine optische Hochleistungskomponente aus 99,999% reinem einkristallinem Saphir (Al\u2082O\u2083).<\/p>","protected":false},"featured_media":2073,"comment_status":"open","ping_status":"closed","template":"","meta":{"site-sidebar-layout":"default","site-content-layout":"","ast-site-content-layout":"default","site-content-style":"default","site-sidebar-style":"default","ast-global-header-display":"","ast-banner-title-visibility":"","ast-main-header-display":"","ast-hfb-above-header-display":"","ast-hfb-below-header-display":"","ast-hfb-mobile-header-display":"","site-post-title":"","ast-breadcrumbs-content":"","ast-featured-img":"","footer-sml-layout":"","ast-disable-related-posts":"","theme-transparent-header-meta":"default","adv-header-id-meta":"","stick-header-meta":"default","header-above-stick-meta":"","header-main-stick-meta":"","header-below-stick-meta":"","astra-migrate-meta-layouts":"set","ast-page-background-enabled":"default","ast-page-background-meta":{"desktop":{"background-color":"","background-image":"","background-repeat":"repeat","background-position":"center center","background-size":"auto","background-attachment":"scroll","background-type":"","background-media":"","overlay-type":"","overlay-color":"","overlay-opacity":"","overlay-gradient":""},"tablet":{"background-color":"","background-image":"","background-repeat":"repeat","background-position":"center center","background-size":"auto","background-attachment":"scroll","background-type":"","background-media":"","overlay-type":"","overlay-color":"","overlay-opacity":"","overlay-gradient":""},"mobile":{"background-color":"","background-image":"","background-repeat":"repeat","background-position":"center center","background-size":"auto","background-attachment":"scroll","background-type":"","background-media":"","overlay-type":"","overlay-color":"","overlay-opacity":"","overlay-gradient":""}},"ast-content-background-meta":{"desktop":{"background-color":"var(--ast-global-color-5)","background-image":"","background-repeat":"repeat","background-position":"center center","background-size":"auto","background-attachment":"scroll","background-type":"","background-media":"","overlay-type":"","overlay-color":"","overlay-opacity":"","overlay-gradient":""},"tablet":{"background-color":"var(--ast-global-color-5)","background-image":"","background-repeat":"repeat","background-position":"center center","background-size":"auto","background-attachment":"scroll","background-type":"","background-media":"","overlay-type":"","overlay-color":"","overlay-opacity":"","overlay-gradient":""},"mobile":{"background-color":"var(--ast-global-color-5)","background-image":"","background-repeat":"repeat","background-position":"center center","background-size":"auto","background-attachment":"scroll","background-type":"","background-media":"","overlay-type":"","overlay-color":"","overlay-opacity":"","overlay-gradient":""}}},"product_brand":[],"product_cat":[15],"product_tag":[133,136,90,138,139,135,89,134,137],"class_list":{"0":"post-2072","1":"product","2":"type-product","3":"status-publish","4":"has-post-thumbnail","6":"product_cat-sapphire-windows","7":"product_tag-circular-sapphire-window","8":"product_tag-customized-sapphire-windows","9":"product_tag-high-transmittance","10":"product_tag-high-performance-sapphire-window","11":"product_tag-infrared-window","12":"product_tag-laser-window","13":"product_tag-optical-glass","14":"product_tag-sapphire-glass","15":"product_tag-wear-resistant-sapphire","16":"desktop-align-left","17":"tablet-align-left","18":"mobile-align-left","19":"ast-product-gallery-layout-horizontal-slider","20":"ast-product-tabs-layout-horizontal","22":"first","23":"instock","24":"shipping-taxable","25":"product-type-simple"},"_links":{"self":[{"href":"https:\/\/www.sapphire-windows.com\/de\/wp-json\/wp\/v2\/product\/2072","targetHints":{"allow":["GET"]}}],"collection":[{"href":"https:\/\/www.sapphire-windows.com\/de\/wp-json\/wp\/v2\/product"}],"about":[{"href":"https:\/\/www.sapphire-windows.com\/de\/wp-json\/wp\/v2\/types\/product"}],"replies":[{"embeddable":true,"href":"https:\/\/www.sapphire-windows.com\/de\/wp-json\/wp\/v2\/comments?post=2072"}],"version-history":[{"count":1,"href":"https:\/\/www.sapphire-windows.com\/de\/wp-json\/wp\/v2\/product\/2072\/revisions"}],"predecessor-version":[{"id":2076,"href":"https:\/\/www.sapphire-windows.com\/de\/wp-json\/wp\/v2\/product\/2072\/revisions\/2076"}],"wp:featuredmedia":[{"embeddable":true,"href":"https:\/\/www.sapphire-windows.com\/de\/wp-json\/wp\/v2\/media\/2073"}],"wp:attachment":[{"href":"https:\/\/www.sapphire-windows.com\/de\/wp-json\/wp\/v2\/media?parent=2072"}],"wp:term":[{"taxonomy":"product_brand","embeddable":true,"href":"https:\/\/www.sapphire-windows.com\/de\/wp-json\/wp\/v2\/product_brand?post=2072"},{"taxonomy":"product_cat","embeddable":true,"href":"https:\/\/www.sapphire-windows.com\/de\/wp-json\/wp\/v2\/product_cat?post=2072"},{"taxonomy":"product_tag","embeddable":true,"href":"https:\/\/www.sapphire-windows.com\/de\/wp-json\/wp\/v2\/product_tag?post=2072"}],"curies":[{"name":"wp","href":"https:\/\/api.w.org\/{rel}","templated":true}]}}