{"id":2046,"date":"2026-01-21T03:39:35","date_gmt":"2026-01-21T03:39:35","guid":{"rendered":"https:\/\/www.sapphire-windows.com\/?post_type=product&#038;p=2046"},"modified":"2026-01-21T03:39:35","modified_gmt":"2026-01-21T03:39:35","slug":"customized-ruby-optical-windows-high-hardness-dsp-laser-transmission-%e2%89%a585","status":"publish","type":"product","link":"https:\/\/www.sapphire-windows.com\/de\/product\/customized-ruby-optical-windows-high-hardness-dsp-laser-transmission-%e2%89%a585\/","title":{"rendered":"Kundenspezifische optische Rubin-Fenster | Hochharte DSP-Laser\u00fcbertragung \u226585%"},"content":{"rendered":"<p data-start=\"207\" data-end=\"625\">Das kundenspezifische optische Rubinfenster ist eine optische Hochleistungskomponente, die aus synthetischem Rubin (Cr\u00b3\u207a-dotierter \u03b1-Al\u2082O\u2083-Einkristall) pr\u00e4zisionsgefertigt wird. Es wurde f\u00fcr anspruchsvolle optische Anwendungen entwickelt und kombiniert die au\u00dfergew\u00f6hnliche mechanische H\u00e4rte, thermische Stabilit\u00e4t, chemische Best\u00e4ndigkeit und Breitband-Durchl\u00e4ssigkeit von Rubin mit ma\u00dfgeschneiderten Geometrien f\u00fcr spezielle Laser- und Hochtemperatursysteme.<\/p>\n<p data-start=\"627\" data-end=\"943\">Im Gegensatz zu optischem Standardglas bieten optische Fenster aus Rubin eine \u00fcberlegene Best\u00e4ndigkeit gegen\u00fcber Umwelteinfl\u00fcssen, Kratzfestigkeit und Toleranz gegen\u00fcber Lasersch\u00e4den und gew\u00e4hrleisten so einen zuverl\u00e4ssigen Schutz der internen optischen Komponenten in Hochleistungslasern, Industrie\u00f6fen, Luft- und Raumfahrtsystemen und Ger\u00e4ten zur \u00dcberwachung extremer Umweltbedingungen.<\/p>\n<p data-start=\"627\" data-end=\"943\"><img fetchpriority=\"high\" decoding=\"async\" class=\"alignnone size-medium wp-image-2047\" src=\"https:\/\/www.sapphire-windows.com\/wp-content\/uploads\/2026\/01\/ruby_optical_window_with_85_transmittance_dsp_for_laser_transmission_customized2-300x300.webp\" alt=\"\" width=\"300\" height=\"300\" srcset=\"https:\/\/www.sapphire-windows.com\/wp-content\/uploads\/2026\/01\/ruby_optical_window_with_85_transmittance_dsp_for_laser_transmission_customized2-300x300.webp 300w, https:\/\/www.sapphire-windows.com\/wp-content\/uploads\/2026\/01\/ruby_optical_window_with_85_transmittance_dsp_for_laser_transmission_customized2-150x150.webp 150w, https:\/\/www.sapphire-windows.com\/wp-content\/uploads\/2026\/01\/ruby_optical_window_with_85_transmittance_dsp_for_laser_transmission_customized2-600x600.webp 600w, https:\/\/www.sapphire-windows.com\/wp-content\/uploads\/2026\/01\/ruby_optical_window_with_85_transmittance_dsp_for_laser_transmission_customized2-100x100.webp 100w, https:\/\/www.sapphire-windows.com\/wp-content\/uploads\/2026\/01\/ruby_optical_window_with_85_transmittance_dsp_for_laser_transmission_customized2.webp 750w\" sizes=\"(max-width: 300px) 100vw, 300px\" \/> <img decoding=\"async\" class=\"alignnone size-medium wp-image-2048\" src=\"https:\/\/www.sapphire-windows.com\/wp-content\/uploads\/2026\/01\/ruby_optical_window_with_85_transmittance_dsp_for_laser_transmission_customized-300x300.webp\" alt=\"\" width=\"300\" height=\"300\" srcset=\"https:\/\/www.sapphire-windows.com\/wp-content\/uploads\/2026\/01\/ruby_optical_window_with_85_transmittance_dsp_for_laser_transmission_customized-300x300.webp 300w, https:\/\/www.sapphire-windows.com\/wp-content\/uploads\/2026\/01\/ruby_optical_window_with_85_transmittance_dsp_for_laser_transmission_customized-150x150.webp 150w, https:\/\/www.sapphire-windows.com\/wp-content\/uploads\/2026\/01\/ruby_optical_window_with_85_transmittance_dsp_for_laser_transmission_customized-600x600.webp 600w, https:\/\/www.sapphire-windows.com\/wp-content\/uploads\/2026\/01\/ruby_optical_window_with_85_transmittance_dsp_for_laser_transmission_customized-100x100.webp 100w, https:\/\/www.sapphire-windows.com\/wp-content\/uploads\/2026\/01\/ruby_optical_window_with_85_transmittance_dsp_for_laser_transmission_customized.webp 750w\" sizes=\"(max-width: 300px) 100vw, 300px\" \/> <img decoding=\"async\" class=\"alignnone size-medium wp-image-2049\" src=\"https:\/\/www.sapphire-windows.com\/wp-content\/uploads\/2026\/01\/ruby_optical_window_with_85_transmittance_dsp_for_laser_transmission_customize-300x300.webp\" alt=\"\" width=\"300\" height=\"300\" srcset=\"https:\/\/www.sapphire-windows.com\/wp-content\/uploads\/2026\/01\/ruby_optical_window_with_85_transmittance_dsp_for_laser_transmission_customize-300x300.webp 300w, https:\/\/www.sapphire-windows.com\/wp-content\/uploads\/2026\/01\/ruby_optical_window_with_85_transmittance_dsp_for_laser_transmission_customize-150x150.webp 150w, https:\/\/www.sapphire-windows.com\/wp-content\/uploads\/2026\/01\/ruby_optical_window_with_85_transmittance_dsp_for_laser_transmission_customize-600x600.webp 600w, https:\/\/www.sapphire-windows.com\/wp-content\/uploads\/2026\/01\/ruby_optical_window_with_85_transmittance_dsp_for_laser_transmission_customize-100x100.webp 100w, https:\/\/www.sapphire-windows.com\/wp-content\/uploads\/2026\/01\/ruby_optical_window_with_85_transmittance_dsp_for_laser_transmission_customize.webp 750w\" sizes=\"(max-width: 300px) 100vw, 300px\" \/><\/p>\n<h2 data-start=\"950\" data-end=\"981\">Technische Daten<\/h2>\n<div class=\"TyagGW_tableContainer\">\n<div class=\"group TyagGW_tableWrapper flex flex-col-reverse w-fit\" tabindex=\"-1\">\n<table class=\"w-fit min-w-(--thread-content-width)\" data-start=\"983\" data-end=\"1783\">\n<thead data-start=\"983\" data-end=\"1012\">\n<tr data-start=\"983\" data-end=\"1012\">\n<th data-start=\"983\" data-end=\"995\" data-col-size=\"sm\">Parameter<\/th>\n<th data-start=\"995\" data-end=\"1012\" data-col-size=\"md\">Spezifikation<\/th>\n<\/tr>\n<\/thead>\n<tbody data-start=\"1023\" data-end=\"1783\">\n<tr data-start=\"1023\" data-end=\"1088\">\n<td data-start=\"1023\" data-end=\"1034\" data-col-size=\"sm\">Material<\/td>\n<td data-start=\"1034\" data-end=\"1088\" data-col-size=\"md\">Synthetischer Rubin (Cr\u00b3\u207a-dotierter \u03b1-Al\u2082O\u2083-Einkristall)<\/td>\n<\/tr>\n<tr data-start=\"1089\" data-end=\"1122\">\n<td data-start=\"1089\" data-end=\"1109\" data-col-size=\"sm\">Kristallstruktur<\/td>\n<td data-col-size=\"md\" data-start=\"1109\" data-end=\"1122\">Sechseckig<\/td>\n<\/tr>\n<tr data-start=\"1123\" data-end=\"1172\">\n<td data-start=\"1123\" data-end=\"1143\" data-col-size=\"sm\">Gitterkonstanten<\/td>\n<td data-col-size=\"md\" data-start=\"1143\" data-end=\"1172\">a = 4,758 \u00c5, c = 12,991 \u00c5<\/td>\n<\/tr>\n<tr data-start=\"1173\" data-end=\"1197\">\n<td data-start=\"1173\" data-end=\"1183\" data-col-size=\"sm\">Dichte<\/td>\n<td data-col-size=\"md\" data-start=\"1183\" data-end=\"1197\">3,98 g\/cm\u00b3<\/td>\n<\/tr>\n<tr data-start=\"1198\" data-end=\"1224\">\n<td data-start=\"1198\" data-end=\"1214\" data-col-size=\"sm\">Schmelzpunkt<\/td>\n<td data-col-size=\"md\" data-start=\"1214\" data-end=\"1224\">2040\u00b0C<\/td>\n<\/tr>\n<tr data-start=\"1225\" data-end=\"1246\">\n<td data-start=\"1225\" data-end=\"1241\" data-col-size=\"sm\">Mohs-H\u00e4rte<\/td>\n<td data-col-size=\"md\" data-start=\"1241\" data-end=\"1246\">9<\/td>\n<\/tr>\n<tr data-start=\"1247\" data-end=\"1301\">\n<td data-start=\"1247\" data-end=\"1279\" data-col-size=\"sm\">W\u00e4rmeausdehnungskoeffizient<\/td>\n<td data-col-size=\"md\" data-start=\"1279\" data-end=\"1301\">6.5-8.4 \u00d7 10-\u2076 \/\u00b0C<\/td>\n<\/tr>\n<tr data-start=\"1302\" data-end=\"1337\">\n<td data-start=\"1302\" data-end=\"1325\" data-col-size=\"sm\">W\u00e4rmeleitf\u00e4higkeit<\/td>\n<td data-col-size=\"md\" data-start=\"1325\" data-end=\"1337\">52 W\/m\/K<\/td>\n<\/tr>\n<tr data-start=\"1338\" data-end=\"1368\">\n<td data-start=\"1338\" data-end=\"1354\" data-col-size=\"sm\">Spezifische W\u00e4rme<\/td>\n<td data-col-size=\"md\" data-start=\"1354\" data-end=\"1368\">0,42 J\/g\/K<\/td>\n<\/tr>\n<tr data-start=\"1369\" data-end=\"1426\">\n<td data-start=\"1369\" data-end=\"1390\" data-col-size=\"sm\">\u00dcbertragungsbereich<\/td>\n<td data-col-size=\"md\" data-start=\"1390\" data-end=\"1426\">400-1500 nm (sichtbar bis nahes IR)<\/td>\n<\/tr>\n<tr data-start=\"1427\" data-end=\"1465\">\n<td data-start=\"1427\" data-end=\"1457\" data-col-size=\"sm\">Vision Lichtdurchl\u00e4ssigkeit<\/td>\n<td data-col-size=\"md\" data-start=\"1457\" data-end=\"1465\">\u226585%<\/td>\n<\/tr>\n<tr data-start=\"1466\" data-end=\"1523\">\n<td data-start=\"1466\" data-end=\"1483\" data-col-size=\"sm\">Oberfl\u00e4che<\/td>\n<td data-col-size=\"md\" data-start=\"1483\" data-end=\"1523\">Doppelseitig poliert (DSP), Ra &lt;5 nm<\/td>\n<\/tr>\n<tr data-start=\"1524\" data-end=\"1563\">\n<td data-start=\"1524\" data-end=\"1549\" data-col-size=\"sm\">Schwellenwert f\u00fcr Lasersch\u00e4den<\/td>\n<td data-col-size=\"md\" data-start=\"1549\" data-end=\"1563\">&gt;10 kW\/cm\u00b2<\/td>\n<\/tr>\n<tr data-start=\"1564\" data-end=\"1590\">\n<td data-start=\"1564\" data-end=\"1580\" data-col-size=\"sm\">Emissionsspitzenwert<\/td>\n<td data-col-size=\"md\" data-start=\"1580\" data-end=\"1590\">795 nm<\/td>\n<\/tr>\n<tr data-start=\"1591\" data-end=\"1619\">\n<td data-start=\"1591\" data-end=\"1609\" data-col-size=\"sm\">Absorptionsspitzenwert<\/td>\n<td data-col-size=\"md\" data-start=\"1609\" data-end=\"1619\">488 nm<\/td>\n<\/tr>\n<tr data-start=\"1620\" data-end=\"1657\">\n<td data-start=\"1620\" data-end=\"1639\" data-col-size=\"sm\">Brechungsindex<\/td>\n<td data-col-size=\"md\" data-start=\"1639\" data-end=\"1657\">1,76 bei 800 nm<\/td>\n<\/tr>\n<tr data-start=\"1658\" data-end=\"1722\">\n<td data-start=\"1658\" data-end=\"1677\" data-col-size=\"sm\">Dicke &amp; Gr\u00f6\u00dfe<\/td>\n<td data-col-size=\"md\" data-start=\"1677\" data-end=\"1722\">Ma\u00dfgeschneidert, auf optische Toleranz poliert<\/td>\n<\/tr>\n<tr data-start=\"1723\" data-end=\"1758\">\n<td data-start=\"1723\" data-end=\"1735\" data-col-size=\"sm\">Verpackung<\/td>\n<td data-col-size=\"md\" data-start=\"1735\" data-end=\"1758\">Reinraum der Klasse 100<\/td>\n<\/tr>\n<tr data-start=\"1759\" data-end=\"1783\">\n<td data-start=\"1759\" data-end=\"1775\" data-col-size=\"sm\">Zertifizierung<\/td>\n<td data-col-size=\"md\" data-start=\"1775\" data-end=\"1783\">RoHS<\/td>\n<\/tr>\n<\/tbody>\n<\/table>\n<\/div>\n<\/div>\n<h2 data-start=\"1790\" data-end=\"1809\">Wesentliche Merkmale<\/h2>\n<ol data-start=\"1811\" data-end=\"2991\">\n<li data-start=\"1811\" data-end=\"2023\">\n<p data-start=\"1814\" data-end=\"1857\">Ultrahohe H\u00e4rte und Verschlei\u00dffestigkeit<\/p>\n<ul data-start=\"1861\" data-end=\"2023\">\n<li data-start=\"1861\" data-end=\"1941\">\n<p data-start=\"1863\" data-end=\"1941\">Mohs-H\u00e4rte 9, 20-mal kratzfester als herk\u00f6mmliches optisches Glas.<\/p>\n<\/li>\n<li data-start=\"1945\" data-end=\"2023\">\n<p data-start=\"1947\" data-end=\"2023\">Widersteht Sand, Staub und mechanischem Abrieb f\u00fcr langfristige optische Klarheit.<\/p>\n<\/li>\n<\/ul>\n<\/li>\n<li data-start=\"2025\" data-end=\"2227\">\n<p data-start=\"2028\" data-end=\"2060\">Breite optische \u00dcbertragung<\/p>\n<ul data-start=\"2064\" data-end=\"2227\">\n<li data-start=\"2064\" data-end=\"2147\">\n<blockquote data-start=\"2066\" data-end=\"2147\">\n<p data-start=\"2067\" data-end=\"2147\">85% Durchl\u00e4ssigkeit im NIR (700-1500 nm) und &gt;90% im sichtbaren Licht (400-700 nm).<\/p>\n<\/blockquote>\n<\/li>\n<li data-start=\"2151\" data-end=\"2227\">\n<p data-start=\"2153\" data-end=\"2227\">Unterst\u00fctzt hochpr\u00e4zise Laser- und Sensorsysteme f\u00fcr UV-NIR-Spektren.<\/p>\n<\/li>\n<\/ul>\n<\/li>\n<li data-start=\"2229\" data-end=\"2445\">\n<p data-start=\"2232\" data-end=\"2264\">Hervorragende thermische Stabilit\u00e4t<\/p>\n<ul data-start=\"2268\" data-end=\"2445\">\n<li data-start=\"2268\" data-end=\"2341\">\n<p data-start=\"2270\" data-end=\"2341\">Dauerbetrieb bis 1200\u00b0C, Kurzzeittoleranz bis zu 1500\u00b0C.<\/p>\n<\/li>\n<li data-start=\"2345\" data-end=\"2445\">\n<p data-start=\"2347\" data-end=\"2445\">Geringe thermische Ausdehnung gew\u00e4hrleistet Oberfl\u00e4chengenauigkeit (&lt;\u03bb\/8 @632,8 nm) bei schneller Erw\u00e4rmung und Abk\u00fchlung.<\/p>\n<\/li>\n<\/ul>\n<\/li>\n<li data-start=\"2447\" data-end=\"2647\">\n<p data-start=\"2450\" data-end=\"2503\">Au\u00dfergew\u00f6hnliche Chemikalien- und Umweltbest\u00e4ndigkeit<\/p>\n<ul data-start=\"2507\" data-end=\"2647\">\n<li data-start=\"2507\" data-end=\"2575\">\n<p data-start=\"2509\" data-end=\"2575\">Stabil in stark sauren (pH 1) bis alkalischen (pH 14) Umgebungen.<\/p>\n<\/li>\n<li data-start=\"2579\" data-end=\"2647\">\n<p data-start=\"2581\" data-end=\"2647\">Ideal f\u00fcr korrosive Bedingungen, hohen Druck oder hohe Luftfeuchtigkeit.<\/p>\n<\/li>\n<\/ul>\n<\/li>\n<li data-start=\"2649\" data-end=\"2770\">\n<p data-start=\"2652\" data-end=\"2680\">Toleranz gegen\u00fcber Lasersch\u00e4den<\/p>\n<ul data-start=\"2684\" data-end=\"2770\">\n<li data-start=\"2684\" data-end=\"2770\">\n<p data-start=\"2686\" data-end=\"2770\">H\u00e4lt &gt;10 kW\/cm\u00b2 stand, geeignet f\u00fcr CO\u2082-, YAG- und ultraschnelle Laseranwendungen.<\/p>\n<\/li>\n<\/ul>\n<\/li>\n<li data-start=\"2772\" data-end=\"2991\">\n<p data-start=\"2775\" data-end=\"2804\">Pr\u00e4zisionsfertigung<\/p>\n<ul data-start=\"2808\" data-end=\"2991\">\n<li data-start=\"2808\" data-end=\"2888\">\n<p data-start=\"2810\" data-end=\"2888\">Hergestellt im Kyropoulos- (KY) oder Czochralski-Kristallz\u00fcchtungsverfahren (Cz).<\/p>\n<\/li>\n<li data-start=\"2892\" data-end=\"2991\">\n<p data-start=\"2894\" data-end=\"2991\">Poliert nach DSP-Standards f\u00fcr minimale Streuung, Oberfl\u00e4chenfehler und hohe optische Gleichm\u00e4\u00dfigkeit.<\/p>\n<\/li>\n<\/ul>\n<\/li>\n<\/ol>\n<h2 data-start=\"2998\" data-end=\"3025\">Prim\u00e4re Anwendungen<\/h2>\n<ol data-start=\"3027\" data-end=\"3893\">\n<li data-start=\"3027\" data-end=\"3196\">\n<p data-start=\"3030\" data-end=\"3060\">Hochleistungs-Lasersysteme<\/p>\n<ul data-start=\"3064\" data-end=\"3196\">\n<li data-start=\"3064\" data-end=\"3120\">\n<p data-start=\"3066\" data-end=\"3120\">Ausgangsfenster und Schutzlinsen f\u00fcr Resonatoren.<\/p>\n<\/li>\n<li data-start=\"3124\" data-end=\"3196\">\n<p data-start=\"3126\" data-end=\"3196\">Unterst\u00fctzt CO\u2082-, YAG- und Faserlasersysteme mit hoher Energiedichte.<\/p>\n<\/li>\n<\/ul>\n<\/li>\n<li data-start=\"3198\" data-end=\"3385\">\n<p data-start=\"3201\" data-end=\"3245\">Industrielle \u00dcberwachung bei hohen Temperaturen<\/p>\n<ul data-start=\"3249\" data-end=\"3385\">\n<li data-start=\"3249\" data-end=\"3318\">\n<p data-start=\"3251\" data-end=\"3318\">Beobachtungsfenster in Stahl-, Glas- und Chemie\u00f6fen.<\/p>\n<\/li>\n<li data-start=\"3322\" data-end=\"3385\">\n<p data-start=\"3324\" data-end=\"3385\">Beh\u00e4lt die Sichtbarkeit bei Temperaturen von \u00fcber 1000-1500\u00b0C bei.<\/p>\n<\/li>\n<\/ul>\n<\/li>\n<li data-start=\"3387\" data-end=\"3558\">\n<p data-start=\"3390\" data-end=\"3415\">Luft- und Raumfahrt &amp; Verteidigung<\/p>\n<ul data-start=\"3419\" data-end=\"3558\">\n<li data-start=\"3419\" data-end=\"3464\">\n<p data-start=\"3421\" data-end=\"3464\">Sichtfenster f\u00fcr Raumfahrzeuge und Raketenradome.<\/p>\n<\/li>\n<li data-start=\"3468\" data-end=\"3558\">\n<p data-start=\"3470\" data-end=\"3558\">Widersteht aerodynamischer Erw\u00e4rmung, Partikelerosion und \u00dcberschallbelastungen.<\/p>\n<\/li>\n<\/ul>\n<\/li>\n<li data-start=\"3560\" data-end=\"3756\">\n<p data-start=\"3563\" data-end=\"3598\">Erkennung extremer Umweltbedingungen<\/p>\n<ul data-start=\"3602\" data-end=\"3756\">\n<li data-start=\"3602\" data-end=\"3669\">\n<p data-start=\"3604\" data-end=\"3669\">Tiefsee-Tauchboote und optische Zugangs\u00f6ffnungen f\u00fcr Kernreaktoren.<\/p>\n<\/li>\n<li data-start=\"3673\" data-end=\"3756\">\n<p data-start=\"3675\" data-end=\"3756\">Druckbest\u00e4ndigkeit von mehr als 1000 Atmosph\u00e4ren bei stabiler optischer Leistung.<\/p>\n<\/li>\n<\/ul>\n<\/li>\n<li data-start=\"3758\" data-end=\"3893\">\n<p data-start=\"3761\" data-end=\"3801\">Wissenschaftliche und Pr\u00e4zisionsinstrumente<\/p>\n<ul data-start=\"3805\" data-end=\"3893\">\n<li data-start=\"3805\" data-end=\"3893\">\n<p data-start=\"3807\" data-end=\"3893\">Lasersysteme, Spektroskopieinstrumente und hochpr\u00e4zise optische Einrichtungen.<\/p>\n<\/li>\n<\/ul>\n<\/li>\n<\/ol>\n<h2 data-start=\"3900\" data-end=\"3910\">FAQ<\/h2>\n<p data-start=\"3912\" data-end=\"4200\">F1: Warum sollten optische Fenster aus Rubin anstelle von herk\u00f6mmlichem optischen Glas verwendet werden?<br data-start=\"3987\" data-end=\"3990\" \/>A1: Ruby-Fenster bieten eine 20-fach h\u00f6here Kratzfestigkeit, halten bis zu 1500 \u00b0C aus und haben eine Durchl\u00e4ssigkeit von &gt;85% vom sichtbaren Bereich bis zum nahen IR, was die Leistung von optischem Standardglas unter rauen Bedingungen \u00fcbertrifft.<\/p>\n<p data-start=\"4202\" data-end=\"4411\">F2: Sind Rubinfenster f\u00fcr Hochleistungslaseranwendungen geeignet?<br data-start=\"4264\" data-end=\"4267\" \/>A2: Ja, diese Fenster haben eine Laserschadensschwelle von mehr als 10 kW\/cm\u00b2, ideal f\u00fcr CO\u2082\/YAG-Lasersysteme und Pr\u00e4zisionsstrahlf\u00fchrung.<\/p>\n<p data-start=\"4413\" data-end=\"4631\">F3: Sind kundenspezifische Gr\u00f6\u00dfen und Formen erh\u00e4ltlich?<br data-start=\"4459\" data-end=\"4462\" \/>A3: Auf jeden Fall. Wir unterst\u00fctzen ma\u00dfgeschneiderte Gr\u00f6\u00dfen, Dicken und doppelseitig polierte Oberfl\u00e4chen (DSP), um spezifische Anforderungen an Lasersysteme oder Instrumente zu erf\u00fcllen.<\/p>","protected":false},"excerpt":{"rendered":"<p>Kundenspezifische optische Fenster aus Rubin (Cr\u00b3\u207a-dotiertes \u03b1-Al\u2082O\u2083) mit Mohs-H\u00e4rte 9, Durchl\u00e4ssigkeit \u226585%, beidseitig poliert und hoher Toleranz gegen\u00fcber Lasersch\u00e4den f\u00fcr Hochleistungslasersysteme, Luft- und Raumfahrt, industrielle \u00dcberwachung und Pr\u00e4zisionsinstrumente.<\/p>","protected":false},"featured_media":2049,"comment_status":"open","ping_status":"closed","template":"","meta":{"site-sidebar-layout":"default","site-content-layout":"","ast-site-content-layout":"default","site-content-style":"default","site-sidebar-style":"default","ast-global-header-display":"","ast-banner-title-visibility":"","ast-main-header-display":"","ast-hfb-above-header-display":"","ast-hfb-below-header-display":"","ast-hfb-mobile-header-display":"","site-post-title":"","ast-breadcrumbs-content":"","ast-featured-img":"","footer-sml-layout":"","ast-disable-related-posts":"","theme-transparent-header-meta":"default","adv-header-id-meta":"","stick-header-meta":"default","header-above-stick-meta":"","header-main-stick-meta":"","header-below-stick-meta":"","astra-migrate-meta-layouts":"set","ast-page-background-enabled":"default","ast-page-background-meta":{"desktop":{"background-color":"","background-image":"","background-repeat":"repeat","background-position":"center center","background-size":"auto","background-attachment":"scroll","background-type":"","background-media":"","overlay-type":"","overlay-color":"","overlay-opacity":"","overlay-gradient":""},"tablet":{"background-color":"","background-image":"","background-repeat":"repeat","background-position":"center center","background-size":"auto","background-attachment":"scroll","background-type":"","background-media":"","overlay-type":"","overlay-color":"","overlay-opacity":"","overlay-gradient":""},"mobile":{"background-color":"","background-image":"","background-repeat":"repeat","background-position":"center center","background-size":"auto","background-attachment":"scroll","background-type":"","background-media":"","overlay-type":"","overlay-color":"","overlay-opacity":"","overlay-gradient":""}},"ast-content-background-meta":{"desktop":{"background-color":"var(--ast-global-color-5)","background-image":"","background-repeat":"repeat","background-position":"center center","background-size":"auto","background-attachment":"scroll","background-type":"","background-media":"","overlay-type":"","overlay-color":"","overlay-opacity":"","overlay-gradient":""},"tablet":{"background-color":"var(--ast-global-color-5)","background-image":"","background-repeat":"repeat","background-position":"center center","background-size":"auto","background-attachment":"scroll","background-type":"","background-media":"","overlay-type":"","overlay-color":"","overlay-opacity":"","overlay-gradient":""},"mobile":{"background-color":"var(--ast-global-color-5)","background-image":"","background-repeat":"repeat","background-position":"center center","background-size":"auto","background-attachment":"scroll","background-type":"","background-media":"","overlay-type":"","overlay-color":"","overlay-opacity":"","overlay-gradient":""}}},"product_brand":[],"product_cat":[15],"product_tag":[105,110,98,107,102,99,103,104,101,100,109,106,97,112,108,111],"class_list":{"0":"post-2046","1":"product","2":"type-product","3":"status-publish","4":"has-post-thumbnail","6":"product_cat-sapphire-windows","7":"product_tag-aerospace-optical-components","8":"product_tag-co2-laser","9":"product_tag-cr-doped-alo","10":"product_tag-custom-laser-optics","11":"product_tag-dsp-polished","12":"product_tag-high-hardness","13":"product_tag-high-temperature-resistant","14":"product_tag-industrial-laser-windows","15":"product_tag-laser-transmission","16":"product_tag-mohs-9","17":"product_tag-nir-transmittance","18":"product_tag-precision-optical-windows","19":"product_tag-ruby-optical-window","20":"product_tag-semiconductor-optical-components","21":"product_tag-wear-resistant-optical-glass","22":"product_tag-yag-laser","23":"desktop-align-left","24":"tablet-align-left","25":"mobile-align-left","26":"ast-product-gallery-layout-horizontal-slider","27":"ast-product-tabs-layout-horizontal","29":"first","30":"instock","31":"shipping-taxable","32":"product-type-simple"},"_links":{"self":[{"href":"https:\/\/www.sapphire-windows.com\/de\/wp-json\/wp\/v2\/product\/2046","targetHints":{"allow":["GET"]}}],"collection":[{"href":"https:\/\/www.sapphire-windows.com\/de\/wp-json\/wp\/v2\/product"}],"about":[{"href":"https:\/\/www.sapphire-windows.com\/de\/wp-json\/wp\/v2\/types\/product"}],"replies":[{"embeddable":true,"href":"https:\/\/www.sapphire-windows.com\/de\/wp-json\/wp\/v2\/comments?post=2046"}],"version-history":[{"count":1,"href":"https:\/\/www.sapphire-windows.com\/de\/wp-json\/wp\/v2\/product\/2046\/revisions"}],"predecessor-version":[{"id":2050,"href":"https:\/\/www.sapphire-windows.com\/de\/wp-json\/wp\/v2\/product\/2046\/revisions\/2050"}],"wp:featuredmedia":[{"embeddable":true,"href":"https:\/\/www.sapphire-windows.com\/de\/wp-json\/wp\/v2\/media\/2049"}],"wp:attachment":[{"href":"https:\/\/www.sapphire-windows.com\/de\/wp-json\/wp\/v2\/media?parent=2046"}],"wp:term":[{"taxonomy":"product_brand","embeddable":true,"href":"https:\/\/www.sapphire-windows.com\/de\/wp-json\/wp\/v2\/product_brand?post=2046"},{"taxonomy":"product_cat","embeddable":true,"href":"https:\/\/www.sapphire-windows.com\/de\/wp-json\/wp\/v2\/product_cat?post=2046"},{"taxonomy":"product_tag","embeddable":true,"href":"https:\/\/www.sapphire-windows.com\/de\/wp-json\/wp\/v2\/product_tag?post=2046"}],"curies":[{"name":"wp","href":"https:\/\/api.w.org\/{rel}","templated":true}]}}