{"id":2028,"date":"2026-01-21T02:42:44","date_gmt":"2026-01-21T02:42:44","guid":{"rendered":"https:\/\/www.sapphire-windows.com\/?post_type=product&#038;p=2028"},"modified":"2026-01-21T02:42:45","modified_gmt":"2026-01-21T02:42:45","slug":"custom-sapphire-optical-window-222x74x4mm-wear-resistant-ir-uv-window","status":"publish","type":"product","link":"https:\/\/www.sapphire-windows.com\/de\/product\/custom-sapphire-optical-window-222x74x4mm-wear-resistant-ir-uv-window\/","title":{"rendered":"Kundenspezifisches optisches Fenster aus Saphir 222\u00d774\u00d74mm Verschlei\u00dffestes IR- und UV-Fenster"},"content":{"rendered":"<h2 data-start=\"218\" data-end=\"237\">Produkt\u00fcbersicht<img fetchpriority=\"high\" decoding=\"async\" class=\"size-medium wp-image-2029 alignright\" src=\"https:\/\/www.sapphire-windows.com\/wp-content\/uploads\/2026\/01\/Custom-Sapphire-Optical-Window-222\u00d774\u00d74mm-Verschlei\u00dffestes-IR-UV-Fenster-3-300x300.jpg\" alt=\"\" width=\"300\" height=\"300\" srcset=\"\" sizes=\"(max-width: 300px) 100vw, 300px\" data-srcset=\"\" \/><\/h2>\n<p data-start=\"239\" data-end=\"553\">Das benutzerdefinierte optische Saphirfenster (222mm\u00d774mm\u00d74mm) wird aus einkristallinem \u03b1-Al\u2082O\u2083 (Saphir) pr\u00e4zisionsgefertigt. Im Gegensatz zu nat\u00fcrlichen Edelsteinen ist dieser Saphir in optischer Qualit\u00e4t ein synthetischer Einkristall, der sich durch au\u00dfergew\u00f6hnliche H\u00e4rte (Mohs 9), Verschlei\u00dffestigkeit, thermische Stabilit\u00e4t und chemische Inertheit auszeichnet.<\/p>\n<p data-start=\"555\" data-end=\"875\">Diese Fenster wurden f\u00fcr optische Systeme im Infrarot- (IR) und Ultraviolettbereich (UV) entwickelt und sch\u00fctzen empfindliche Komponenten in Umgebungen mit hohen Temperaturen, hohem Druck und chemischer Aggressivit\u00e4t. Die breite Spektraltransmission von Saphir (170-5500 nm) sorgt f\u00fcr minimale Signalverluste bei Lasern, Sensoren und optischen Instrumenten.<\/p>\n<p data-start=\"877\" data-end=\"1077\">Dieses Produkt verbindet mechanische Robustheit mit hervorragender optischer Klarheit und eignet sich daher ideal f\u00fcr die Halbleiterfertigung, industrielle Sensorik, Luft- und Raumfahrt, Verteidigung und wissenschaftliche Forschung.<\/p>\n<h2 data-start=\"1084\" data-end=\"1111\">Technische Daten<\/h2>\n<div class=\"TyagGW_tableContainer\">\n<div class=\"group TyagGW_tableWrapper flex flex-col-reverse w-fit\" tabindex=\"-1\">\n<table class=\"w-fit min-w-(--thread-content-width)\" data-start=\"1113\" data-end=\"1766\">\n<thead data-start=\"1113\" data-end=\"1142\">\n<tr data-start=\"1113\" data-end=\"1142\">\n<th data-start=\"1113\" data-end=\"1125\" data-col-size=\"sm\">Parameter<\/th>\n<th data-start=\"1125\" data-end=\"1142\" data-col-size=\"md\">Spezifikation<\/th>\n<\/tr>\n<\/thead>\n<tbody data-start=\"1153\" data-end=\"1766\">\n<tr data-start=\"1153\" data-end=\"1215\">\n<td data-start=\"1153\" data-end=\"1164\" data-col-size=\"sm\">Material<\/td>\n<td data-start=\"1164\" data-end=\"1215\" data-col-size=\"md\">Optisch hochwertiger Saphir-Einkristall (\u03b1-Al\u2082O\u2083)<\/td>\n<\/tr>\n<tr data-start=\"1216\" data-end=\"1245\">\n<td data-start=\"1216\" data-end=\"1223\" data-col-size=\"sm\">Gr\u00f6\u00dfe<\/td>\n<td data-start=\"1223\" data-end=\"1245\" data-col-size=\"md\">222 mm \u00d7 74 mm \u00d7 4 mm<\/td>\n<\/tr>\n<tr data-start=\"1246\" data-end=\"1279\">\n<td data-start=\"1246\" data-end=\"1268\" data-col-size=\"sm\">Dicken-Toleranz<\/td>\n<td data-start=\"1268\" data-end=\"1279\" data-col-size=\"md\">\u00b10,1 mm<\/td>\n<\/tr>\n<tr data-start=\"1280\" data-end=\"1305\">\n<td data-start=\"1280\" data-end=\"1297\" data-col-size=\"sm\">Blende l\u00f6schen<\/td>\n<td data-start=\"1297\" data-end=\"1305\" data-col-size=\"md\">&gt;90%<\/td>\n<\/tr>\n<tr data-start=\"1306\" data-end=\"1342\">\n<td data-start=\"1306\" data-end=\"1331\" data-col-size=\"sm\">Oberfl\u00e4chenrauhigkeit (Ra)<\/td>\n<td data-start=\"1331\" data-end=\"1342\" data-col-size=\"md\">\u22640,2 nm<\/td>\n<\/tr>\n<tr data-start=\"1343\" data-end=\"1396\">\n<td data-start=\"1343\" data-end=\"1364\" data-col-size=\"sm\">\u00dcbertragungsbereich<\/td>\n<td data-start=\"1364\" data-end=\"1396\" data-col-size=\"md\">170 - 5500 nm (UV bis mittleres IR)<\/td>\n<\/tr>\n<tr data-start=\"1397\" data-end=\"1443\">\n<td data-start=\"1397\" data-end=\"1408\" data-col-size=\"sm\">H\u00e4rte<\/td>\n<td data-start=\"1408\" data-end=\"1443\" data-col-size=\"md\">Mohs 9 (an zweiter Stelle nach Diamant)<\/td>\n<\/tr>\n<tr data-start=\"1444\" data-end=\"1494\">\n<td data-start=\"1444\" data-end=\"1476\" data-col-size=\"sm\">W\u00e4rmeausdehnungskoeffizient<\/td>\n<td data-start=\"1476\" data-end=\"1494\" data-col-size=\"md\">8.8 \u00d7 10-\u2076 \/\u00b0C<\/td>\n<\/tr>\n<tr data-start=\"1495\" data-end=\"1524\">\n<td data-start=\"1495\" data-end=\"1513\" data-col-size=\"sm\">Elastischer Modul<\/td>\n<td data-start=\"1513\" data-end=\"1524\" data-col-size=\"md\">435 GPa<\/td>\n<\/tr>\n<tr data-start=\"1525\" data-end=\"1563\">\n<td data-start=\"1525\" data-end=\"1546\" data-col-size=\"sm\">W\u00e4rmewiderstand<\/td>\n<td data-start=\"1546\" data-end=\"1563\" data-col-size=\"md\">Bis zu ~2030\u00b0C<\/td>\n<\/tr>\n<tr data-start=\"1564\" data-end=\"1635\">\n<td data-start=\"1564\" data-end=\"1586\" data-col-size=\"sm\">Chemische Best\u00e4ndigkeit<\/td>\n<td data-start=\"1586\" data-end=\"1635\" data-col-size=\"md\">Hochgradig s\u00e4ure-, laugen- und wasserbest\u00e4ndig<\/td>\n<\/tr>\n<tr data-start=\"1636\" data-end=\"1693\">\n<td data-start=\"1636\" data-end=\"1653\" data-col-size=\"sm\">Oberfl\u00e4che<\/td>\n<td data-start=\"1653\" data-end=\"1693\" data-col-size=\"md\">Beidseitig poliert, optisch hochwertig<\/td>\n<\/tr>\n<tr data-start=\"1694\" data-end=\"1728\">\n<td data-start=\"1694\" data-end=\"1710\" data-col-size=\"sm\">Zertifizierung<\/td>\n<td data-start=\"1710\" data-end=\"1728\" data-col-size=\"md\">RoHS-konform<\/td>\n<\/tr>\n<tr data-start=\"1729\" data-end=\"1766\">\n<td data-start=\"1729\" data-end=\"1741\" data-col-size=\"sm\">Verpackung<\/td>\n<td data-start=\"1741\" data-end=\"1766\" data-col-size=\"md\">Reinraum (Klasse 100)<\/td>\n<\/tr>\n<\/tbody>\n<\/table>\n<\/div>\n<\/div>\n<h2 data-start=\"1773\" data-end=\"1788\">Wesentliche Merkmale<img decoding=\"async\" class=\"size-medium wp-image-2030 alignleft\" src=\"https:\/\/www.sapphire-windows.com\/wp-content\/uploads\/2026\/01\/Custom-Sapphire-Optical-Window-222\u00d774\u00d74mm-Verschlei\u00dffestes-IR-UV-Fenster-1-300x300.jpg\" alt=\"\" width=\"300\" height=\"300\" srcset=\"\" sizes=\"(max-width: 300px) 100vw, 300px\" data-srcset=\"\" \/><\/h2>\n<ul data-start=\"1790\" data-end=\"2447\">\n<li data-start=\"1790\" data-end=\"1919\">\n<p data-start=\"1792\" data-end=\"1919\">Ultrahohe H\u00e4rte und Verschlei\u00dffestigkeit<br data-start=\"1833\" data-end=\"1836\" \/>Mohs-H\u00e4rte 9 garantiert Kratz- und Abriebfestigkeit sowie Best\u00e4ndigkeit gegen mechanische Beanspruchung.<\/p>\n<\/li>\n<li data-start=\"1921\" data-end=\"2056\">\n<p data-start=\"1923\" data-end=\"2056\">Breite spektrale \u00dcbertragung<br data-start=\"1954\" data-end=\"1957\" \/>Effektive UV- bis mittlere IR-Transmission (170-5500 nm), geeignet f\u00fcr Laser und optische IR-Instrumente.<\/p>\n<\/li>\n<li data-start=\"2058\" data-end=\"2171\">\n<p data-start=\"2060\" data-end=\"2171\">Extreme thermische Stabilit\u00e4t<br data-start=\"2089\" data-end=\"2092\" \/>Beh\u00e4lt seine Struktur und optische Leistung bei Temperaturen von \u00fcber 1900\u00b0C bei.<\/p>\n<\/li>\n<li data-start=\"2173\" data-end=\"2298\">\n<p data-start=\"2175\" data-end=\"2298\">Chemische Tr\u00e4gheit<br data-start=\"2197\" data-end=\"2200\" \/>Widerstandsf\u00e4hig gegen Korrosion durch Wasser, S\u00e4uren und Laugen f\u00fcr lange Haltbarkeit in rauen Umgebungen.<\/p>\n<\/li>\n<li data-start=\"2300\" data-end=\"2447\">\n<p data-start=\"2302\" data-end=\"2447\">Mechanische Robustheit<br data-start=\"2327\" data-end=\"2330\" \/>Ungef\u00e4hr f\u00fcnfmal st\u00e4rker als Standardglas und in der Lage, hohem Druck und St\u00f6\u00dfen zu widerstehen.<\/p>\n<\/li>\n<\/ul>\n<h2 data-start=\"2454\" data-end=\"2477\">Typische Anwendungen<\/h2>\n<ul data-start=\"2479\" data-end=\"3001\">\n<li data-start=\"2479\" data-end=\"2570\">\n<p data-start=\"2481\" data-end=\"2570\">Halbleiterherstellung: Beobachtungs\u00f6ffnungen f\u00fcr \u00d6fen, chemikalienbest\u00e4ndige Fenster.<\/p>\n<\/li>\n<li data-start=\"2571\" data-end=\"2687\">\n<p data-start=\"2573\" data-end=\"2687\">Optische Instrumente: IR\/UV-Schutzfenster, Laseroptiken, Spektrometerblenden, Optiken f\u00fcr Barcode-Scanner.<\/p>\n<\/li>\n<li data-start=\"2688\" data-end=\"2805\">\n<p data-start=\"2690\" data-end=\"2805\">Industrielle Sensorik: Sichtfenster f\u00fcr Hochdruckreaktoren, Messfenster f\u00fcr Durchflussmesser, Schutzabdeckungen f\u00fcr Sensoren.<\/p>\n<\/li>\n<li data-start=\"2806\" data-end=\"2920\">\n<p data-start=\"2808\" data-end=\"2920\">Wissenschaftliche Forschung und Verteidigung: Hochspannungskammeroptiken, Synchrotron-Strahlf\u00fchrungen, FLIR-Systeme f\u00fcr die Luft- und Raumfahrt.<\/p>\n<\/li>\n<li data-start=\"2921\" data-end=\"3001\">\n<p data-start=\"2923\" data-end=\"3001\">Unterhaltungselektronik: Uhrengl\u00e4ser, Schutzlinsen f\u00fcr Smartphone-Kameras.<\/p>\n<\/li>\n<\/ul>\n<h2 data-start=\"3008\" data-end=\"3014\">FAQ<img decoding=\"async\" class=\"size-medium wp-image-2032 alignright\" src=\"https:\/\/www.sapphire-windows.com\/wp-content\/uploads\/2026\/01\/Custom-Sapphire-Optical-Window-222\u00d774\u00d74mm-Verschlei\u00dffestes-IR-UV-Fenster-4-300x300.jpg\" alt=\"\" width=\"300\" height=\"300\" srcset=\"\" sizes=\"(max-width: 300px) 100vw, 300px\" data-srcset=\"\" \/><\/h2>\n<p data-start=\"3016\" data-end=\"3287\">Q1: Wo werden optische Fenster aus Saphir \u00fcblicherweise eingesetzt?<br data-start=\"3073\" data-end=\"3076\" \/>A: Sie werden h\u00e4ufig in Hochtemperaturumgebungen, in Lasersystemen, in der Luft- und Raumfahrt, in Verteidigungsanlagen und in industriellen Instrumenten eingesetzt, wo Haltbarkeit, thermische Stabilit\u00e4t und chemische Best\u00e4ndigkeit entscheidend sind.<\/p>\n<p data-start=\"3289\" data-end=\"3560\">F2: Was macht Saphir besser als Glas?<br data-start=\"3335\" data-end=\"3338\" \/>A: Saphir bietet eine \u00fcberragende H\u00e4rte (Mohs 9), chemische Best\u00e4ndigkeit, W\u00e4rmetoleranz bis zu 2030\u00b0C und eine breite optische Durchl\u00e4ssigkeit (UV bis mittleres IR), wodurch es sich ideal f\u00fcr raue Bedingungen eignet, bei denen Glas versagen w\u00fcrde.<\/p>\n<p data-start=\"3562\" data-end=\"3730\">F3: K\u00f6nnen diese Fenster individuell angepasst werden?<br data-start=\"3602\" data-end=\"3605\" \/>A: Ja. Abmessungen, Dicke, Oberfl\u00e4chenbeschaffenheit und Toleranzen k\u00f6nnen auf spezifische optische oder industrielle Anforderungen zugeschnitten werden.<\/p>","protected":false},"excerpt":{"rendered":"<p>Hochreines optisches Fenster aus einkristallinem Saphir 222\u00d774\u00d74mm, Mohs 9 H\u00e4rte, verschlei\u00dffest, UV- und IR-Durchl\u00e4ssigkeit, ideal f\u00fcr Laser, Sensoren und industrielle Anwendungen.<\/p>","protected":false},"featured_media":2029,"comment_status":"open","ping_status":"closed","template":"","meta":{"site-sidebar-layout":"default","site-content-layout":"","ast-site-content-layout":"default","site-content-style":"default","site-sidebar-style":"default","ast-global-header-display":"","ast-banner-title-visibility":"","ast-main-header-display":"","ast-hfb-above-header-display":"","ast-hfb-below-header-display":"","ast-hfb-mobile-header-display":"","site-post-title":"","ast-breadcrumbs-content":"","ast-featured-img":"","footer-sml-layout":"","ast-disable-related-posts":"","theme-transparent-header-meta":"default","adv-header-id-meta":"","stick-header-meta":"default","header-above-stick-meta":"","header-main-stick-meta":"","header-below-stick-meta":"","astra-migrate-meta-layouts":"set","ast-page-background-enabled":"default","ast-page-background-meta":{"desktop":{"background-color":"","background-image":"","background-repeat":"repeat","background-position":"center center","background-size":"auto","background-attachment":"scroll","background-type":"","background-media":"","overlay-type":"","overlay-color":"","overlay-opacity":"","overlay-gradient":""},"tablet":{"background-color":"","background-image":"","background-repeat":"repeat","background-position":"center center","background-size":"auto","background-attachment":"scroll","background-type":"","background-media":"","overlay-type":"","overlay-color":"","overlay-opacity":"","overlay-gradient":""},"mobile":{"background-color":"","background-image":"","background-repeat":"repeat","background-position":"center center","background-size":"auto","background-attachment":"scroll","background-type":"","background-media":"","overlay-type":"","overlay-color":"","overlay-opacity":"","overlay-gradient":""}},"ast-content-background-meta":{"desktop":{"background-color":"var(--ast-global-color-5)","background-image":"","background-repeat":"repeat","background-position":"center center","background-size":"auto","background-attachment":"scroll","background-type":"","background-media":"","overlay-type":"","overlay-color":"","overlay-opacity":"","overlay-gradient":""},"tablet":{"background-color":"var(--ast-global-color-5)","background-image":"","background-repeat":"repeat","background-position":"center center","background-size":"auto","background-attachment":"scroll","background-type":"","background-media":"","overlay-type":"","overlay-color":"","overlay-opacity":"","overlay-gradient":""},"mobile":{"background-color":"var(--ast-global-color-5)","background-image":"","background-repeat":"repeat","background-position":"center center","background-size":"auto","background-attachment":"scroll","background-type":"","background-media":"","overlay-type":"","overlay-color":"","overlay-opacity":"","overlay-gradient":""}}},"product_brand":[],"product_cat":[15],"product_tag":[63,78,79],"class_list":{"0":"post-2028","1":"product","2":"type-product","3":"status-publish","4":"has-post-thumbnail","6":"product_cat-sapphire-windows","7":"product_tag-custom-sapphire-optical-window","8":"product_tag-sapphire-ir-window","9":"product_tag-sapphire-uv-window","10":"desktop-align-left","11":"tablet-align-left","12":"mobile-align-left","13":"ast-product-gallery-layout-horizontal-slider","14":"ast-product-tabs-layout-horizontal","16":"first","17":"instock","18":"shipping-taxable","19":"product-type-simple"},"_links":{"self":[{"href":"https:\/\/www.sapphire-windows.com\/de\/wp-json\/wp\/v2\/product\/2028","targetHints":{"allow":["GET"]}}],"collection":[{"href":"https:\/\/www.sapphire-windows.com\/de\/wp-json\/wp\/v2\/product"}],"about":[{"href":"https:\/\/www.sapphire-windows.com\/de\/wp-json\/wp\/v2\/types\/product"}],"replies":[{"embeddable":true,"href":"https:\/\/www.sapphire-windows.com\/de\/wp-json\/wp\/v2\/comments?post=2028"}],"version-history":[{"count":1,"href":"https:\/\/www.sapphire-windows.com\/de\/wp-json\/wp\/v2\/product\/2028\/revisions"}],"predecessor-version":[{"id":2033,"href":"https:\/\/www.sapphire-windows.com\/de\/wp-json\/wp\/v2\/product\/2028\/revisions\/2033"}],"wp:featuredmedia":[{"embeddable":true,"href":"https:\/\/www.sapphire-windows.com\/de\/wp-json\/wp\/v2\/media\/2029"}],"wp:attachment":[{"href":"https:\/\/www.sapphire-windows.com\/de\/wp-json\/wp\/v2\/media?parent=2028"}],"wp:term":[{"taxonomy":"product_brand","embeddable":true,"href":"https:\/\/www.sapphire-windows.com\/de\/wp-json\/wp\/v2\/product_brand?post=2028"},{"taxonomy":"product_cat","embeddable":true,"href":"https:\/\/www.sapphire-windows.com\/de\/wp-json\/wp\/v2\/product_cat?post=2028"},{"taxonomy":"product_tag","embeddable":true,"href":"https:\/\/www.sapphire-windows.com\/de\/wp-json\/wp\/v2\/product_tag?post=2028"}],"curies":[{"name":"wp","href":"https:\/\/api.w.org\/{rel}","templated":true}]}}