{"id":2310,"date":"2026-03-23T07:08:10","date_gmt":"2026-03-23T07:08:10","guid":{"rendered":"https:\/\/www.sapphire-windows.com\/?post_type=product&#038;p=2310"},"modified":"2026-03-23T07:09:41","modified_gmt":"2026-03-23T07:09:41","slug":"safirove-kopulove-okno","status":"publish","type":"product","link":"https:\/\/www.sapphire-windows.com\/cs\/product\/sapphire-dome-window\/","title":{"rendered":"Vysoce p\u0159esn\u00e9 saf\u00edrov\u00e9 kopulov\u00e9 okno pro ochranu infra\u010derven\u00fdch (IR) a optick\u00fdch senzor\u016f"},"content":{"rendered":"<p data-start=\"236\" data-end=\"700\"><img fetchpriority=\"high\" decoding=\"async\" class=\"size-medium wp-image-2314 alignright\" src=\"https:\/\/www.sapphire-windows.com\/wp-content\/uploads\/2026\/03\/8sapphire_dome_window_high_precision_for_optical_and_infrared_infrared_sensors-300x300.webp\" alt=\"\" width=\"300\" height=\"300\" srcset=\"https:\/\/www.sapphire-windows.com\/wp-content\/uploads\/2026\/03\/8sapphire_dome_window_high_precision_for_optical_and_infrared_infrared_sensors-300x300.webp 300w, https:\/\/www.sapphire-windows.com\/wp-content\/uploads\/2026\/03\/8sapphire_dome_window_high_precision_for_optical_and_infrared_infrared_sensors-150x150.webp 150w, https:\/\/www.sapphire-windows.com\/wp-content\/uploads\/2026\/03\/8sapphire_dome_window_high_precision_for_optical_and_infrared_infrared_sensors-768x768.webp 768w, https:\/\/www.sapphire-windows.com\/wp-content\/uploads\/2026\/03\/8sapphire_dome_window_high_precision_for_optical_and_infrared_infrared_sensors-12x12.webp 12w, https:\/\/www.sapphire-windows.com\/wp-content\/uploads\/2026\/03\/8sapphire_dome_window_high_precision_for_optical_and_infrared_infrared_sensors-600x600.webp 600w, https:\/\/www.sapphire-windows.com\/wp-content\/uploads\/2026\/03\/8sapphire_dome_window_high_precision_for_optical_and_infrared_infrared_sensors-100x100.webp 100w, https:\/\/www.sapphire-windows.com\/wp-content\/uploads\/2026\/03\/8sapphire_dome_window_high_precision_for_optical_and_infrared_infrared_sensors.webp 800w\" sizes=\"(max-width: 300px) 100vw, 300px\" \/>Saf\u00edrov\u00e9 kopulov\u00e9 okno je vysoce v\u00fdkonn\u00e1 optick\u00e1 sou\u010d\u00e1stka vyroben\u00e1 z monokrystalick\u00e9ho oxidu hlinit\u00e9ho (Al\u2082O\u2083), kter\u00e1 je navr\u017eena tak, aby poskytovala v\u00fdjime\u010dn\u00fd v\u00fdkon v extr\u00e9mn\u00edch a n\u00e1ro\u010dn\u00fdch prost\u0159ed\u00edch. Ve srovn\u00e1n\u00ed s tradi\u010dn\u00edmi optick\u00fdmi materi\u00e1ly, jako je sklo nebo k\u0159emen, poskytuje saf\u00edr jedine\u010dnou kombinaci mechanick\u00e9 pevnosti, tepeln\u00e9 stability a optick\u00e9 pr\u016fhlednosti, co\u017e z n\u011bj \u010din\u00ed ide\u00e1ln\u00ed volbu pro pokro\u010dil\u00e9 optick\u00e9 a infra\u010derven\u00e9 (IR) syst\u00e9my.<\/p>\n<p data-start=\"702\" data-end=\"1003\">D\u00edky tvrdosti 9 stup\u0148\u016f podle Mohsovy stupnice je saf\u00edr druh\u00fd nejtvrd\u0161\u00ed po diamantu a nab\u00edz\u00ed vynikaj\u00edc\u00ed odolnost proti po\u0161kr\u00e1b\u00e1n\u00ed, od\u011bru a n\u00e1raz\u016fm \u010d\u00e1stic s vysokou rychlost\u00ed. D\u00edky tomu jsou saf\u00edrov\u00e1 kopulovit\u00e1 okna obzvl\u00e1\u0161t\u011b vhodn\u00e1 pro aplikace, kde je rozhoduj\u00edc\u00ed odolnost a dlouh\u00e1 \u017eivotnost.<\/p>\n<p data-start=\"1005\" data-end=\"1364\">Kopulovit\u00e1 geometrie d\u00e1le zvy\u0161uje pevnost konstrukce t\u00edm, \u017ee rovnom\u011brn\u011b rozkl\u00e1d\u00e1 nap\u011bt\u00ed po cel\u00e9m povrchu, a umo\u017e\u0148uje tak sou\u010d\u00e1sti odol\u00e1vat vysok\u00e9mu tlaku, aerodynamick\u00fdm sil\u00e1m a rychl\u00fdm zm\u011bn\u00e1m prost\u0159ed\u00ed. Saf\u00edrov\u00e9 kopule se proto hojn\u011b pou\u017e\u00edvaj\u00ed jako ochrann\u00e1 okna pro senzory a optick\u00e9 syst\u00e9my v letectv\u00ed, obran\u011b a pr\u016fmyslu.<\/p>\n<h2 data-section-id=\"147fl1h\" data-start=\"1371\" data-end=\"1408\">Optick\u00e9 a fyzick\u00e9 v\u00fdhody<\/h2>\n<p data-start=\"1410\" data-end=\"1788\"><img decoding=\"async\" class=\"size-medium wp-image-2313 alignleft\" src=\"https:\/\/www.sapphire-windows.com\/wp-content\/uploads\/2026\/03\/9sapphire_dome_window_high_precision_for_optical_and_infrared_infrared_sensors-300x300.webp\" alt=\"\" width=\"300\" height=\"300\" srcset=\"https:\/\/www.sapphire-windows.com\/wp-content\/uploads\/2026\/03\/9sapphire_dome_window_high_precision_for_optical_and_infrared_infrared_sensors-300x300.webp 300w, https:\/\/www.sapphire-windows.com\/wp-content\/uploads\/2026\/03\/9sapphire_dome_window_high_precision_for_optical_and_infrared_infrared_sensors-150x150.webp 150w, https:\/\/www.sapphire-windows.com\/wp-content\/uploads\/2026\/03\/9sapphire_dome_window_high_precision_for_optical_and_infrared_infrared_sensors-768x768.webp 768w, https:\/\/www.sapphire-windows.com\/wp-content\/uploads\/2026\/03\/9sapphire_dome_window_high_precision_for_optical_and_infrared_infrared_sensors-12x12.webp 12w, https:\/\/www.sapphire-windows.com\/wp-content\/uploads\/2026\/03\/9sapphire_dome_window_high_precision_for_optical_and_infrared_infrared_sensors-600x600.webp 600w, https:\/\/www.sapphire-windows.com\/wp-content\/uploads\/2026\/03\/9sapphire_dome_window_high_precision_for_optical_and_infrared_infrared_sensors-100x100.webp 100w, https:\/\/www.sapphire-windows.com\/wp-content\/uploads\/2026\/03\/9sapphire_dome_window_high_precision_for_optical_and_infrared_infrared_sensors.webp 800w\" sizes=\"(max-width: 300px) 100vw, 300px\" \/>Jednou z kl\u00ed\u010dov\u00fdch v\u00fdhod saf\u00edrov\u00fdch kopulovit\u00fdch oken je jejich \u0161irok\u00fd spektr\u00e1ln\u00ed rozsah propustnosti, kter\u00fd sah\u00e1 od ultrafialov\u00fdch (UV) vlnov\u00fdch d\u00e9lek kolem 170 nm a\u017e po st\u0159edn\u00ed infra\u010derven\u00e9 (IR) vlnov\u00e9 d\u00e9lky do 5 \u00b5m. D\u00edky t\u00e9to \u0161irok\u00e9 p\u0159enosov\u00e9 schopnosti jsou velmi univerz\u00e1ln\u00ed pro v\u00edcespektr\u00e1ln\u00ed optick\u00e9 syst\u00e9my, v\u010detn\u011b infra\u010derven\u00e9ho zobrazov\u00e1n\u00ed, laserov\u00fdch syst\u00e9m\u016f a p\u0159esn\u00fdch senzor\u016f.<\/p>\n<p data-start=\"1790\" data-end=\"2036\">Krom\u011b toho si saf\u00edr zachov\u00e1v\u00e1 vynikaj\u00edc\u00ed optickou \u010distotu s minim\u00e1ln\u00edm rozptylem p\u0159i le\u0161t\u011bn\u00ed na povrch optick\u00e9 kvality (&lt;10 \u00c5 RMS). To zaji\u0161\u0165uje vysokou integritu sign\u00e1lu a p\u0159esn\u00fd sb\u011br dat v citliv\u00fdch optick\u00fdch aplikac\u00edch.<\/p>\n<p data-start=\"2038\" data-end=\"2330\">Z tepeln\u00e9ho hlediska vykazuje saf\u00edr v\u00fdjime\u010dnou stabilitu a je schopen pracovat p\u0159i teplot\u00e1ch a\u017e 1900 \u00b0C ve vakuu nebo v prost\u0159ed\u00ed inertn\u00edho plynu. Dokonce i ve vzduchu si zachov\u00e1v\u00e1 spolehliv\u00fd v\u00fdkon p\u0159i teplot\u00e1ch p\u0159esahuj\u00edc\u00edch 1600 \u00b0C, \u010d\u00edm\u017e v\u00fdrazn\u011b p\u0159ekon\u00e1v\u00e1 v\u011bt\u0161inu b\u011b\u017en\u00fdch optick\u00fdch materi\u00e1l\u016f.<\/p>\n<p data-start=\"2332\" data-end=\"2548\">Krom\u011b toho je saf\u00edr chemicky inertn\u00ed a odol\u00e1v\u00e1 korozi zp\u016fsoben\u00e9 kyselinami, louhy a dal\u0161\u00edmi agresivn\u00edmi l\u00e1tkami. D\u00edky t\u00e9to vlastnosti je obzvl\u00e1\u0161t\u011b vhodn\u00fd do mo\u0159sk\u00e9ho, chemick\u00e9ho prost\u0159ed\u00ed a prost\u0159ed\u00ed s vysokou vlhkost\u00ed.<\/p>\n<h2 data-section-id=\"1y8un7j\" data-start=\"2555\" data-end=\"2573\">Kl\u00ed\u010dov\u00e9 vlastnosti<img decoding=\"async\" class=\"size-medium wp-image-2312 alignright\" src=\"https:\/\/www.sapphire-windows.com\/wp-content\/uploads\/2026\/03\/10sapphire_dome_window_high_precision_for_optical_and_infrared_infrared_sensors-300x300.webp\" alt=\"\" width=\"300\" height=\"300\" srcset=\"https:\/\/www.sapphire-windows.com\/wp-content\/uploads\/2026\/03\/10sapphire_dome_window_high_precision_for_optical_and_infrared_infrared_sensors-300x300.webp 300w, https:\/\/www.sapphire-windows.com\/wp-content\/uploads\/2026\/03\/10sapphire_dome_window_high_precision_for_optical_and_infrared_infrared_sensors-150x150.webp 150w, https:\/\/www.sapphire-windows.com\/wp-content\/uploads\/2026\/03\/10sapphire_dome_window_high_precision_for_optical_and_infrared_infrared_sensors-768x768.webp 768w, https:\/\/www.sapphire-windows.com\/wp-content\/uploads\/2026\/03\/10sapphire_dome_window_high_precision_for_optical_and_infrared_infrared_sensors-12x12.webp 12w, https:\/\/www.sapphire-windows.com\/wp-content\/uploads\/2026\/03\/10sapphire_dome_window_high_precision_for_optical_and_infrared_infrared_sensors-600x600.webp 600w, https:\/\/www.sapphire-windows.com\/wp-content\/uploads\/2026\/03\/10sapphire_dome_window_high_precision_for_optical_and_infrared_infrared_sensors-100x100.webp 100w, https:\/\/www.sapphire-windows.com\/wp-content\/uploads\/2026\/03\/10sapphire_dome_window_high_precision_for_optical_and_infrared_infrared_sensors.webp 800w\" sizes=\"(max-width: 300px) 100vw, 300px\" \/><\/h2>\n<ul data-start=\"2575\" data-end=\"3118\">\n<li data-section-id=\"116uu6b\" data-start=\"2575\" data-end=\"2691\">Extr\u00e9mn\u00ed tvrdost a odolnost proti opot\u0159eben\u00ed - zaji\u0161\u0165uje dlouhodobou odolnost v abrazivn\u00edm prost\u0159ed\u00ed a v prost\u0159ed\u00ed s vysok\u00fdmi n\u00e1roky.<\/li>\n<li data-section-id=\"1m580mr\" data-start=\"2692\" data-end=\"2782\">\u0160irok\u00e1 optick\u00e1 propustnost (UV a\u017e IR) - Vhodn\u00e9 pro v\u00edcespektr\u00e1ln\u00ed optick\u00e9 syst\u00e9my<\/li>\n<li data-section-id=\"1aabki0\" data-start=\"2783\" data-end=\"2864\">Vysok\u00e1 tepeln\u00e1 stabilita - zachov\u00e1v\u00e1 si v\u00fdkon i p\u0159i extr\u00e9mn\u00edch teplot\u00e1ch<\/li>\n<li data-section-id=\"4qq0kg\" data-start=\"2865\" data-end=\"2958\">Vynikaj\u00edc\u00ed mechanick\u00e1 pevnost - kopulovit\u00e1 struktura zvy\u0161uje odolnost proti tlaku a n\u00e1razu<\/li>\n<li data-section-id=\"17fi0xt\" data-start=\"2959\" data-end=\"3041\">Vynikaj\u00edc\u00ed chemick\u00e1 odolnost - ide\u00e1ln\u00ed pro korozivn\u00ed a drsn\u00e9 prost\u0159ed\u00ed<\/li>\n<li data-section-id=\"1podhlq\" data-start=\"3042\" data-end=\"3118\">P\u0159esn\u00e1 kvalita optick\u00e9ho povrchu - &lt;10 \u00c5 RMS pro minim\u00e1ln\u00ed zkreslen\u00ed<\/li>\n<\/ul>\n<h2 data-section-id=\"4t5b8m\" data-start=\"3125\" data-end=\"3143\">Aplikace<\/h2>\n<p data-start=\"3145\" data-end=\"3261\">Saf\u00edrov\u00e1 kopulovit\u00e1 okna jsou \u0161iroce pou\u017e\u00edv\u00e1na v pr\u016fmyslov\u00fdch odv\u011btv\u00edch vy\u017eaduj\u00edc\u00edch spolehliv\u00fd optick\u00fd v\u00fdkon v extr\u00e9mn\u00edch podm\u00ednk\u00e1ch:<\/p>\n<ul data-start=\"3263\" data-end=\"3686\">\n<li data-section-id=\"aqylto\" data-start=\"3263\" data-end=\"3348\">Infra\u010derven\u00e9 (IR) senzorov\u00e9 syst\u00e9my - nav\u00e1d\u011bn\u00ed raket, term\u00e1ln\u00ed zobrazov\u00e1n\u00ed, senzory UAV<\/li>\n<li data-section-id=\"xtpf7f\" data-start=\"3349\" data-end=\"3433\">Letectv\u00ed a obrana - vysokorychlostn\u00ed let a ochrana p\u0159ed nep\u0159\u00edzniv\u00fdmi vlivy prost\u0159ed\u00ed<\/li>\n<li data-section-id=\"19fk6ce\" data-start=\"3434\" data-end=\"3513\">Podvodn\u00ed optick\u00e9 syst\u00e9my - hloubkov\u00e9 kamery, sonary a kryty pro lidary<\/li>\n<li data-section-id=\"1y3f3z2\" data-start=\"3514\" data-end=\"3596\">Laserov\u00e1 a fotonick\u00e1 za\u0159\u00edzen\u00ed - ochrana citliv\u00fdch optick\u00fdch sou\u010d\u00e1stek<\/li>\n<li data-section-id=\"2i5w98\" data-start=\"3597\" data-end=\"3686\">Pr\u016fmyslov\u00e9 monitorovac\u00ed syst\u00e9my - vysokoteplotn\u00ed a vysokotlak\u00fd optick\u00fd p\u0159\u00edstup<\/li>\n<\/ul>\n<h2 data-section-id=\"8lu2ky\" data-start=\"3693\" data-end=\"3723\">Technick\u00e9 specifikace<\/h2>\n<div class=\"TyagGW_tableContainer\">\n<div class=\"group TyagGW_tableWrapper flex flex-col-reverse w-fit\" tabindex=\"-1\">\n<table class=\"w-fit min-w-(--thread-content-width)\" data-start=\"3725\" data-end=\"4062\">\n<thead data-start=\"3725\" data-end=\"3746\">\n<tr data-start=\"3725\" data-end=\"3746\">\n<th class=\"\" data-start=\"3725\" data-end=\"3737\" data-col-size=\"sm\">Parametr<\/th>\n<th class=\"\" data-start=\"3737\" data-end=\"3746\" data-col-size=\"sm\">Hodnota<\/th>\n<\/tr>\n<\/thead>\n<tbody data-start=\"3767\" data-end=\"4062\">\n<tr data-start=\"3767\" data-end=\"3814\">\n<td data-start=\"3767\" data-end=\"3778\" data-col-size=\"sm\">Materi\u00e1l<\/td>\n<td data-col-size=\"sm\" data-start=\"3778\" data-end=\"3814\">Monokrystalick\u00fd saf\u00edr (Al\u2082O\u2083)<\/td>\n<\/tr>\n<tr data-start=\"3815\" data-end=\"3858\">\n<td data-start=\"3815\" data-end=\"3826\" data-col-size=\"sm\">Pr\u016fm\u011br<\/td>\n<td data-col-size=\"sm\" data-start=\"3826\" data-end=\"3858\">5 mm - 200 mm (lze p\u0159izp\u016fsobit)<\/td>\n<\/tr>\n<tr data-start=\"3859\" data-end=\"3894\">\n<td data-start=\"3859\" data-end=\"3876\" data-col-size=\"sm\">Tlou\u0161\u0165ka st\u011bny<\/td>\n<td data-start=\"3876\" data-end=\"3894\" data-col-size=\"sm\">0,5 mm - 10 mm<\/td>\n<\/tr>\n<tr data-start=\"3895\" data-end=\"3933\">\n<td data-start=\"3895\" data-end=\"3916\" data-col-size=\"sm\">Rozsah p\u0159enosu<\/td>\n<td data-col-size=\"sm\" data-start=\"3916\" data-end=\"3933\">170 nm - 5 \u00b5m<\/td>\n<\/tr>\n<tr data-start=\"3934\" data-end=\"3964\">\n<td data-start=\"3934\" data-end=\"3951\" data-col-size=\"sm\">Povrchov\u00e1 \u00faprava<\/td>\n<td data-col-size=\"sm\" data-start=\"3951\" data-end=\"3964\">&lt;10 \u00c5 RMS<\/td>\n<\/tr>\n<tr data-start=\"3965\" data-end=\"4024\">\n<td data-start=\"3965\" data-end=\"3989\" data-col-size=\"sm\">Provozn\u00ed teplota<\/td>\n<td data-col-size=\"sm\" data-start=\"3989\" data-end=\"4024\">A\u017e 1900 \u00b0C (vakuum\/neutr\u00e1ln\u00ed plyn)<\/td>\n<\/tr>\n<tr data-start=\"4025\" data-end=\"4062\">\n<td data-start=\"4025\" data-end=\"4044\" data-col-size=\"sm\">Index lomu<\/td>\n<td data-col-size=\"sm\" data-start=\"4044\" data-end=\"4062\">1,76 @ 0,55 \u00b5m<\/td>\n<\/tr>\n<\/tbody>\n<\/table>\n<\/div>\n<\/div>\n<h2 data-section-id=\"128v01u\" data-start=\"4069\" data-end=\"4096\">Mo\u017enosti p\u0159izp\u016fsoben\u00ed<\/h2>\n<p data-start=\"4098\" data-end=\"4183\">Poskytujeme flexibiln\u00ed slu\u017eby p\u0159izp\u016fsoben\u00ed specifick\u00fdm po\u017eadavk\u016fm aplikace:<\/p>\n<ul data-start=\"4185\" data-end=\"4398\">\n<li data-section-id=\"1yu1d2f\" data-start=\"4185\" data-end=\"4226\">Vlastn\u00ed pr\u016fm\u011bry a tlou\u0161\u0165ky kopul\u00ed<\/li>\n<li data-section-id=\"r3834b\" data-start=\"4227\" data-end=\"4270\">Konstrukce vnit\u0159n\u00edho a vn\u011bj\u0161\u00edho polom\u011bru zak\u0159iven\u00ed<\/li>\n<li data-section-id=\"12bn40u\" data-start=\"4271\" data-end=\"4320\">Optick\u00e9 povlaky (AR, IR, \u0161irokop\u00e1smov\u00e9 povlaky)<\/li>\n<li data-section-id=\"1vbi42p\" data-start=\"4321\" data-end=\"4361\">Tvarov\u00e1n\u00ed hran a mont\u00e1\u017en\u00ed konstrukce<\/li>\n<li data-section-id=\"1i4khwz\" data-start=\"4362\" data-end=\"4398\">Vysoce p\u0159esn\u00e1 kontrola tolerance<\/li>\n<\/ul>\n<h2 data-section-id=\"w1cnyx\" data-start=\"4405\" data-end=\"4414\">\u010cASTO KLADEN\u00c9 DOTAZY<\/h2>\n<p data-start=\"4416\" data-end=\"4674\">Ot\u00e1zka 1: V \u010dem jsou saf\u00edrov\u00e1 kopulovit\u00e1 okna lep\u0161\u00ed ne\u017e sklen\u011bn\u00e9 alternativy?<br data-start=\"4488\" data-end=\"4491\" \/>Odpov\u011b\u010f: Saf\u00edr m\u00e1 v\u00fdrazn\u011b vy\u0161\u0161\u00ed tvrdost, lep\u0161\u00ed tepelnou odolnost a \u0161ir\u0161\u00ed rozsah optick\u00e9 propustnosti, tak\u017ee je ide\u00e1ln\u00ed pro n\u00e1ro\u010dn\u00e1 prost\u0159ed\u00ed, kde by sklo selhalo.<\/p>\n<p data-start=\"4676\" data-end=\"4852\">Ot\u00e1zka 2: Lze saf\u00edrov\u00e9 kopule opat\u0159it povlakem pro zv\u00fd\u0161en\u00ed v\u00fdkonu?<br data-start=\"4738\" data-end=\"4741\" \/>Odpov\u011b\u010f: Ano, pro optimalizaci optick\u00e9 \u00fa\u010dinnosti lze pou\u017e\u00edt antireflexn\u00ed (AR), infra\u010derven\u00e9 (IR) a vlastn\u00ed povlaky.<\/p>\n<p data-start=\"4854\" data-end=\"5021\">Ot\u00e1zka 3: Jsou tyto kopule vhodn\u00e9 do extr\u00e9mn\u00edch podm\u00ednek?<br data-start=\"4912\" data-end=\"4915\" \/>Odpov\u011b\u010f: Ur\u010dit\u011b. Saf\u00edrov\u00e9 kopule spolehliv\u011b funguj\u00ed p\u0159i vysok\u00fdch teplot\u00e1ch, tlaku a korozivn\u00edch podm\u00ednk\u00e1ch.<\/p>\n<p data-start=\"5023\" data-end=\"5167\">Ot\u00e1zka 4: Podporujete vlastn\u00ed n\u00e1vrhy?<br data-start=\"5061\" data-end=\"5064\" \/>Odpov\u011b\u010f: Ano, v\u0161echny kritick\u00e9 parametry lze upravit podle va\u0161ich technick\u00fdch v\u00fdkres\u016f nebo po\u017eadavk\u016f.<\/p>","protected":false},"excerpt":{"rendered":"<p>Saf\u00edrov\u00e9 kopulov\u00e9 okno je vysoce v\u00fdkonn\u00e1 optick\u00e1 sou\u010d\u00e1stka vyroben\u00e1 z monokrystalick\u00e9ho oxidu hlinit\u00e9ho (Al\u2082O\u2083), kter\u00e1 je navr\u017eena tak, aby poskytovala v\u00fdjime\u010dn\u00fd v\u00fdkon v extr\u00e9mn\u00edch a n\u00e1ro\u010dn\u00fdch prost\u0159ed\u00edch. Ve srovn\u00e1n\u00ed s tradi\u010dn\u00edmi optick\u00fdmi materi\u00e1ly, jako je sklo nebo k\u0159emen, poskytuje saf\u00edr jedine\u010dnou kombinaci mechanick\u00e9 pevnosti, tepeln\u00e9 stability a optick\u00e9 pr\u016fhlednosti, co\u017e z n\u011bj \u010din\u00ed ide\u00e1ln\u00ed volbu pro pokro\u010dil\u00e9 optick\u00e9 a infra\u010derven\u00e9 (IR) syst\u00e9my.<\/p>","protected":false},"featured_media":2311,"comment_status":"open","ping_status":"closed","template":"","meta":{"site-sidebar-layout":"default","site-content-layout":"","ast-site-content-layout":"default","site-content-style":"default","site-sidebar-style":"default","ast-global-header-display":"","ast-banner-title-visibility":"","ast-main-header-display":"","ast-hfb-above-header-display":"","ast-hfb-below-header-display":"","ast-hfb-mobile-header-display":"","site-post-title":"","ast-breadcrumbs-content":"","ast-featured-img":"","footer-sml-layout":"","ast-disable-related-posts":"","theme-transparent-header-meta":"default","adv-header-id-meta":"","stick-header-meta":"default","header-above-stick-meta":"","header-main-stick-meta":"","header-below-stick-meta":"","astra-migrate-meta-layouts":"set","ast-page-background-enabled":"default","ast-page-background-meta":{"desktop":{"background-color":"","background-image":"","background-repeat":"repeat","background-position":"center center","background-size":"auto","background-attachment":"scroll","background-type":"","background-media":"","overlay-type":"","overlay-color":"","overlay-opacity":"","overlay-gradient":""},"tablet":{"background-color":"","background-image":"","background-repeat":"repeat","background-position":"center center","background-size":"auto","background-attachment":"scroll","background-type":"","background-media":"","overlay-type":"","overlay-color":"","overlay-opacity":"","overlay-gradient":""},"mobile":{"background-color":"","background-image":"","background-repeat":"repeat","background-position":"center center","background-size":"auto","background-attachment":"scroll","background-type":"","background-media":"","overlay-type":"","overlay-color":"","overlay-opacity":"","overlay-gradient":""}},"ast-content-background-meta":{"desktop":{"background-color":"var(--ast-global-color-5)","background-image":"","background-repeat":"repeat","background-position":"center center","background-size":"auto","background-attachment":"scroll","background-type":"","background-media":"","overlay-type":"","overlay-color":"","overlay-opacity":"","overlay-gradient":""},"tablet":{"background-color":"var(--ast-global-color-5)","background-image":"","background-repeat":"repeat","background-position":"center center","background-size":"auto","background-attachment":"scroll","background-type":"","background-media":"","overlay-type":"","overlay-color":"","overlay-opacity":"","overlay-gradient":""},"mobile":{"background-color":"var(--ast-global-color-5)","background-image":"","background-repeat":"repeat","background-position":"center center","background-size":"auto","background-attachment":"scroll","background-type":"","background-media":"","overlay-type":"","overlay-color":"","overlay-opacity":"","overlay-gradient":""}}},"product_brand":[],"product_cat":[15],"product_tag":[484,96,480,481,485,478,78,482,479,483],"class_list":{"0":"post-2310","1":"product","2":"type-product","3":"status-publish","4":"has-post-thumbnail","6":"product_cat-sapphire-windows","7":"product_tag-aerospace-sapphire-dome","8":"product_tag-custom-sapphire-optics","9":"product_tag-infrared-sapphire-window","10":"product_tag-ir-dome-lens","11":"product_tag-optical-sapphire-components","12":"product_tag-sapphire-dome-window","13":"product_tag-sapphire-ir-window","14":"product_tag-sapphire-lens-for-sensors","15":"product_tag-sapphire-optical-dome","16":"product_tag-sapphire-protective-window","17":"desktop-align-left","18":"tablet-align-left","19":"mobile-align-left","20":"ast-product-gallery-layout-horizontal-slider","21":"ast-product-tabs-layout-horizontal","23":"first","24":"instock","25":"shipping-taxable","26":"product-type-simple"},"_links":{"self":[{"href":"https:\/\/www.sapphire-windows.com\/cs\/wp-json\/wp\/v2\/product\/2310","targetHints":{"allow":["GET"]}}],"collection":[{"href":"https:\/\/www.sapphire-windows.com\/cs\/wp-json\/wp\/v2\/product"}],"about":[{"href":"https:\/\/www.sapphire-windows.com\/cs\/wp-json\/wp\/v2\/types\/product"}],"replies":[{"embeddable":true,"href":"https:\/\/www.sapphire-windows.com\/cs\/wp-json\/wp\/v2\/comments?post=2310"}],"version-history":[{"count":2,"href":"https:\/\/www.sapphire-windows.com\/cs\/wp-json\/wp\/v2\/product\/2310\/revisions"}],"predecessor-version":[{"id":2316,"href":"https:\/\/www.sapphire-windows.com\/cs\/wp-json\/wp\/v2\/product\/2310\/revisions\/2316"}],"wp:featuredmedia":[{"embeddable":true,"href":"https:\/\/www.sapphire-windows.com\/cs\/wp-json\/wp\/v2\/media\/2311"}],"wp:attachment":[{"href":"https:\/\/www.sapphire-windows.com\/cs\/wp-json\/wp\/v2\/media?parent=2310"}],"wp:term":[{"taxonomy":"product_brand","embeddable":true,"href":"https:\/\/www.sapphire-windows.com\/cs\/wp-json\/wp\/v2\/product_brand?post=2310"},{"taxonomy":"product_cat","embeddable":true,"href":"https:\/\/www.sapphire-windows.com\/cs\/wp-json\/wp\/v2\/product_cat?post=2310"},{"taxonomy":"product_tag","embeddable":true,"href":"https:\/\/www.sapphire-windows.com\/cs\/wp-json\/wp\/v2\/product_tag?post=2310"}],"curies":[{"name":"wp","href":"https:\/\/api.w.org\/{rel}","templated":true}]}}