{"id":2077,"date":"2026-01-21T09:56:46","date_gmt":"2026-01-21T09:56:46","guid":{"rendered":"https:\/\/www.sapphire-windows.com\/?post_type=product&#038;p=2077"},"modified":"2026-01-21T09:56:47","modified_gmt":"2026-01-21T09:56:47","slug":"titanium-doped-sapphire-windows-tisapphire-high-hardness-transparent-optical-windows-for-protective-and-industrial-use","status":"publish","type":"product","link":"https:\/\/www.sapphire-windows.com\/cs\/product\/titanium-doped-sapphire-windows-tisapphire-high-hardness-transparent-optical-windows-for-protective-and-industrial-use\/","title":{"rendered":"Okna z titanem dopovan\u00e9ho saf\u00edru (Ti:Sapphire) Pr\u016fhledn\u00e1 optick\u00e1 okna s vysokou tvrdost\u00ed pro ochrann\u00e9 a pr\u016fmyslov\u00e9 pou\u017eit\u00ed"},"content":{"rendered":"<h2 data-start=\"137\" data-end=\"161\">Popis produktu: Vhodn\u00fd k pou\u017eit\u00ed v dom\u00e1cnosti:<img fetchpriority=\"high\" decoding=\"async\" class=\"size-medium wp-image-2078 alignright\" src=\"https:\/\/www.sapphire-windows.com\/wp-content\/uploads\/2026\/01\/Titanium-doped-Sapphire-Windows-TiSapphire-High-Hardness-Transparent-Optical-Windows-for-Protective-and-Industrial-Use-1-300x300.jpg\" alt=\"\" width=\"300\" height=\"300\" srcset=\"https:\/\/www.sapphire-windows.com\/wp-content\/uploads\/2026\/01\/Titanium-doped-Sapphire-Windows-TiSapphire-High-Hardness-Transparent-Optical-Windows-for-Protective-and-Industrial-Use-1-300x300.jpg 300w, https:\/\/www.sapphire-windows.com\/wp-content\/uploads\/2026\/01\/Titanium-doped-Sapphire-Windows-TiSapphire-High-Hardness-Transparent-Optical-Windows-for-Protective-and-Industrial-Use-1-150x150.jpg 150w, https:\/\/www.sapphire-windows.com\/wp-content\/uploads\/2026\/01\/Titanium-doped-Sapphire-Windows-TiSapphire-High-Hardness-Transparent-Optical-Windows-for-Protective-and-Industrial-Use-1-768x768.jpg 768w, https:\/\/www.sapphire-windows.com\/wp-content\/uploads\/2026\/01\/Titanium-doped-Sapphire-Windows-TiSapphire-High-Hardness-Transparent-Optical-Windows-for-Protective-and-Industrial-Use-1-600x600.jpg 600w, https:\/\/www.sapphire-windows.com\/wp-content\/uploads\/2026\/01\/Titanium-doped-Sapphire-Windows-TiSapphire-High-Hardness-Transparent-Optical-Windows-for-Protective-and-Industrial-Use-1-100x100.jpg 100w, https:\/\/www.sapphire-windows.com\/wp-content\/uploads\/2026\/01\/Titanium-doped-Sapphire-Windows-TiSapphire-High-Hardness-Transparent-Optical-Windows-for-Protective-and-Industrial-Use-1.jpg 1000w\" sizes=\"(max-width: 300px) 100vw, 300px\" \/><\/h2>\n<p data-start=\"163\" data-end=\"745\">Spole\u010dnost ZMSH p\u0159edstavuje titanem dopovan\u00e1 saf\u00edrov\u00e1 okna (Ti:Sapphire), vysoce odoln\u00e9 a transparentn\u00ed optick\u00e9 \u0159e\u0161en\u00ed ur\u010den\u00e9 pro \u0161irokou \u0161k\u00e1lu pr\u016fmyslov\u00fdch, v\u011bdeck\u00fdch a ochrann\u00fdch aplikac\u00ed. Tato okna vyu\u017e\u00edvaj\u00ed pevnost a pr\u016fhlednost saf\u00edru dopovan\u00e9ho titanem (Ti\u2083+:Al\u2082O\u2083) pro dosa\u017een\u00ed vynikaj\u00edc\u00ed odolnosti proti po\u0161kr\u00e1b\u00e1n\u00ed, tepeln\u00e9 stability a chemick\u00e9 odolnosti. Okna Ti:Sapphire se sice nehod\u00ed pro vysoce p\u0159esn\u00e9 laserov\u00e9 syst\u00e9my, ale vynikaj\u00ed v prost\u0159ed\u00edch vy\u017eaduj\u00edc\u00edch odolnost v\u016f\u010di drsn\u00fdm podm\u00ednk\u00e1m a poskytuj\u00ed cenov\u011b v\u00fdhodnou ochranu a optickou \u010distotu.<\/p>\n<p data-start=\"747\" data-end=\"1170\">D\u00edky tvrdosti 9 podle Mohse p\u0159ekon\u00e1vaj\u00ed skla Ti:Sapphire standardn\u00ed optick\u00e1 skla, pokud jde o odolnost proti po\u0161kr\u00e1b\u00e1n\u00ed, a jsou tak ide\u00e1ln\u00ed pro ochrann\u00e9 kryty, okna senzor\u016f a optick\u00e9 komponenty v aplikac\u00edch, kter\u00e9 vy\u017eaduj\u00ed odolnost proti opot\u0159eben\u00ed a trvanlivost. Tato okna lze p\u0159izp\u016fsobit orientaci krystal\u016f (osa A nebo osa C) a velikosti, co\u017e zaru\u010duje, \u017ee spl\u0148uj\u00ed specifick\u00e9 pot\u0159eby va\u0161eho projektu.<\/p>\n<h2 data-start=\"1172\" data-end=\"1189\"><img decoding=\"async\" class=\"size-medium wp-image-2080 alignleft\" src=\"https:\/\/www.sapphire-windows.com\/wp-content\/uploads\/2026\/01\/Titanium-doped-Sapphire-Windows-TiSapphire-High-Hardness-Transparent-Optical-Windows-for-Protective-and-Industrial-Use-2-300x300.png\" alt=\"\" width=\"300\" height=\"300\" srcset=\"https:\/\/www.sapphire-windows.com\/wp-content\/uploads\/2026\/01\/Titanium-doped-Sapphire-Windows-TiSapphire-High-Hardness-Transparent-Optical-Windows-for-Protective-and-Industrial-Use-2-300x300.png 300w, https:\/\/www.sapphire-windows.com\/wp-content\/uploads\/2026\/01\/Titanium-doped-Sapphire-Windows-TiSapphire-High-Hardness-Transparent-Optical-Windows-for-Protective-and-Industrial-Use-2-150x150.png 150w, https:\/\/www.sapphire-windows.com\/wp-content\/uploads\/2026\/01\/Titanium-doped-Sapphire-Windows-TiSapphire-High-Hardness-Transparent-Optical-Windows-for-Protective-and-Industrial-Use-2-768x768.png 768w, https:\/\/www.sapphire-windows.com\/wp-content\/uploads\/2026\/01\/Titanium-doped-Sapphire-Windows-TiSapphire-High-Hardness-Transparent-Optical-Windows-for-Protective-and-Industrial-Use-2-600x600.png 600w, https:\/\/www.sapphire-windows.com\/wp-content\/uploads\/2026\/01\/Titanium-doped-Sapphire-Windows-TiSapphire-High-Hardness-Transparent-Optical-Windows-for-Protective-and-Industrial-Use-2-100x100.png 100w, https:\/\/www.sapphire-windows.com\/wp-content\/uploads\/2026\/01\/Titanium-doped-Sapphire-Windows-TiSapphire-High-Hardness-Transparent-Optical-Windows-for-Protective-and-Industrial-Use-2.png 1000w\" sizes=\"(max-width: 300px) 100vw, 300px\" \/>Kl\u00ed\u010dov\u00e9 vlastnosti:<\/h2>\n<ol data-start=\"1191\" data-end=\"2362\">\n<li data-start=\"1191\" data-end=\"1471\">\n<p data-start=\"1194\" data-end=\"1471\">Vynikaj\u00edc\u00ed trvanlivost a odolnost proti po\u0161kr\u00e1b\u00e1n\u00ed:<br data-start=\"1241\" data-end=\"1244\" \/>Skla Ti:Sapphire maj\u00ed tvrdost 9 stup\u0148\u016f podle Mohsovy stupnice, tak\u017ee jsou 10\u00d7 odoln\u011bj\u0161\u00ed proti po\u0161kr\u00e1b\u00e1n\u00ed ne\u017e b\u011b\u017en\u00e1 optick\u00e1 skla a jsou ide\u00e1ln\u00ed pro ochrann\u00e9 aplikace v n\u00e1ro\u010dn\u00fdch prost\u0159ed\u00edch.<\/p>\n<\/li>\n<li data-start=\"1473\" data-end=\"1724\">\n<p data-start=\"1476\" data-end=\"1724\">Optick\u00e1 pr\u016fhlednost:<br data-start=\"1501\" data-end=\"1504\" \/>Ti:saf\u00edrov\u00e1 okna poskytuj\u00ed vynikaj\u00edc\u00ed optickou \u010distotu, vysokou propustnost ve viditeln\u00e9m i infra\u010derven\u00e9m spektru a jsou ide\u00e1ln\u00ed pro optick\u00e9 komponenty, kter\u00e9 nevy\u017eaduj\u00ed p\u0159esn\u00fd laserov\u00fd v\u00fdkon.<\/p>\n<\/li>\n<li data-start=\"1726\" data-end=\"2016\">\n<p data-start=\"1729\" data-end=\"2016\">Chemick\u00e1 a tepeln\u00e1 stabilita:<br data-start=\"1764\" data-end=\"1767\" \/>Tato okna jsou vysoce odoln\u00e1 v\u016f\u010di v\u011bt\u0161in\u011b kyselin, z\u00e1sad a rozpou\u0161t\u011bdel, tak\u017ee jsou vhodn\u00e1 do chemick\u00e9ho prost\u0159ed\u00ed. Odol\u00e1vaj\u00ed vysok\u00fdm teplot\u00e1m s bodem t\u00e1n\u00ed 2040 \u00b0C a mohou pracovat nep\u0159etr\u017eit\u011b a\u017e do 800 \u00b0C.<\/p>\n<\/li>\n<li data-start=\"2018\" data-end=\"2362\">\n<p data-start=\"2021\" data-end=\"2362\">Mo\u017enosti p\u0159izp\u016fsoben\u00ed:<br data-start=\"2047\" data-end=\"2050\" \/>Spole\u010dnost ZMSH nab\u00edz\u00ed kompletn\u00ed p\u0159izp\u016fsoben\u00ed orientace krystal\u016f (osa A, osa C), velikosti a povrchov\u00e9 \u00fapravy, v\u010detn\u011b le\u0161t\u011bn\u00ed pro vysokou pr\u016fhlednost. D\u00edky tomu okna vyhovuj\u00ed specifick\u00fdm pot\u0159eb\u00e1m, a\u0165 u\u017e jde o v\u011bdeck\u00fd v\u00fdzkum, ochranu senzor\u016f nebo pr\u016fmyslov\u00e9 aplikace.<\/p>\n<\/li>\n<\/ol>\n<h3 data-start=\"2369\" data-end=\"2402\">Technick\u00e9 specifikace:<\/h3>\n<div class=\"TyagGW_tableContainer\">\n<div class=\"group TyagGW_tableWrapper flex flex-col-reverse w-fit\" tabindex=\"-1\">\n<table class=\"w-fit min-w-(--thread-content-width)\" data-start=\"2404\" data-end=\"3355\">\n<thead data-start=\"2404\" data-end=\"2480\">\n<tr data-start=\"2404\" data-end=\"2480\">\n<th data-start=\"2404\" data-end=\"2435\" data-col-size=\"sm\">Majetek<\/th>\n<th data-start=\"2435\" data-end=\"2480\" data-col-size=\"md\">Hodnota<\/th>\n<\/tr>\n<\/thead>\n<tbody data-start=\"2558\" data-end=\"3355\">\n<tr data-start=\"2558\" data-end=\"2635\">\n<td data-start=\"2558\" data-end=\"2590\" data-col-size=\"sm\">Materi\u00e1l<\/td>\n<td data-col-size=\"md\" data-start=\"2590\" data-end=\"2635\">Saf\u00edr dopovan\u00fd titanem (Ti\u2083+:Al\u2082O\u2083)<\/td>\n<\/tr>\n<tr data-start=\"2636\" data-end=\"2713\">\n<td data-start=\"2636\" data-end=\"2668\" data-col-size=\"sm\">Hustota<\/td>\n<td data-col-size=\"md\" data-start=\"2668\" data-end=\"2713\">3,98 g\/cm\u00b3<\/td>\n<\/tr>\n<tr data-start=\"2714\" data-end=\"2791\">\n<td data-start=\"2714\" data-end=\"2746\" data-col-size=\"sm\">Bod t\u00e1n\u00ed<\/td>\n<td data-col-size=\"md\" data-start=\"2746\" data-end=\"2791\">2040\u00b0C<\/td>\n<\/tr>\n<tr data-start=\"2792\" data-end=\"2869\">\n<td data-start=\"2792\" data-end=\"2824\" data-col-size=\"sm\">Tvrdost podle Mohse<\/td>\n<td data-col-size=\"md\" data-start=\"2824\" data-end=\"2869\">9<\/td>\n<\/tr>\n<tr data-start=\"2870\" data-end=\"2947\">\n<td data-start=\"2870\" data-end=\"2902\" data-col-size=\"sm\">Tepeln\u00e1 vodivost<\/td>\n<td data-start=\"2902\" data-end=\"2947\" data-col-size=\"md\">52 W\/m-K<\/td>\n<\/tr>\n<tr data-start=\"2948\" data-end=\"3025\">\n<td data-start=\"2948\" data-end=\"2980\" data-col-size=\"sm\">Orientace na krystaly<\/td>\n<td data-col-size=\"md\" data-start=\"2980\" data-end=\"3025\">Osa A \/ osa C (p\u0159izp\u016fsobiteln\u00e9)<\/td>\n<\/tr>\n<tr data-start=\"3026\" data-end=\"3103\">\n<td data-start=\"3026\" data-end=\"3058\" data-col-size=\"sm\">Velikost<\/td>\n<td data-col-size=\"md\" data-start=\"3058\" data-end=\"3103\">Mo\u017enost p\u0159izp\u016fsoben\u00ed (kontakt pro specifikace)<\/td>\n<\/tr>\n<tr data-start=\"3104\" data-end=\"3181\">\n<td data-start=\"3104\" data-end=\"3136\" data-col-size=\"sm\">Index lomu<\/td>\n<td data-col-size=\"md\" data-start=\"3136\" data-end=\"3181\">~1,76 (p\u0159i 800 nm)<\/td>\n<\/tr>\n<tr data-start=\"3182\" data-end=\"3259\">\n<td data-start=\"3182\" data-end=\"3214\" data-col-size=\"sm\">Povrchov\u00e1 \u00faprava<\/td>\n<td data-col-size=\"md\" data-start=\"3214\" data-end=\"3259\">Le\u0161t\u011bn\u00e9 pro vysokou pr\u016fhlednost<\/td>\n<\/tr>\n<tr data-start=\"3260\" data-end=\"3355\">\n<td data-start=\"3260\" data-end=\"3292\" data-col-size=\"sm\">Provozn\u00ed teplota<\/td>\n<td data-start=\"3292\" data-end=\"3355\" data-col-size=\"md\">Trvale do 800 \u00b0C, kr\u00e1tkodob\u00e1 tolerance do 1800 \u00b0C<\/td>\n<\/tr>\n<\/tbody>\n<\/table>\n<\/div>\n<\/div>\n<h3 data-start=\"3362\" data-end=\"3391\">Prim\u00e1rn\u00ed aplikace:<img decoding=\"async\" class=\"size-medium wp-image-2079 alignright\" src=\"https:\/\/www.sapphire-windows.com\/wp-content\/uploads\/2026\/01\/Titanium-doped-Sapphire-Windows-TiSapphire-High-Hardness-Transparent-Optical-Windows-for-Protective-and-Industrial-Use-1-300x300.png\" alt=\"\" width=\"300\" height=\"300\" srcset=\"https:\/\/www.sapphire-windows.com\/wp-content\/uploads\/2026\/01\/Titanium-doped-Sapphire-Windows-TiSapphire-High-Hardness-Transparent-Optical-Windows-for-Protective-and-Industrial-Use-1-300x300.png 300w, https:\/\/www.sapphire-windows.com\/wp-content\/uploads\/2026\/01\/Titanium-doped-Sapphire-Windows-TiSapphire-High-Hardness-Transparent-Optical-Windows-for-Protective-and-Industrial-Use-1-150x150.png 150w, https:\/\/www.sapphire-windows.com\/wp-content\/uploads\/2026\/01\/Titanium-doped-Sapphire-Windows-TiSapphire-High-Hardness-Transparent-Optical-Windows-for-Protective-and-Industrial-Use-1-768x768.png 768w, https:\/\/www.sapphire-windows.com\/wp-content\/uploads\/2026\/01\/Titanium-doped-Sapphire-Windows-TiSapphire-High-Hardness-Transparent-Optical-Windows-for-Protective-and-Industrial-Use-1-600x600.png 600w, https:\/\/www.sapphire-windows.com\/wp-content\/uploads\/2026\/01\/Titanium-doped-Sapphire-Windows-TiSapphire-High-Hardness-Transparent-Optical-Windows-for-Protective-and-Industrial-Use-1-100x100.png 100w, https:\/\/www.sapphire-windows.com\/wp-content\/uploads\/2026\/01\/Titanium-doped-Sapphire-Windows-TiSapphire-High-Hardness-Transparent-Optical-Windows-for-Protective-and-Industrial-Use-1.png 1000w\" sizes=\"(max-width: 300px) 100vw, 300px\" \/><\/h3>\n<ol data-start=\"3393\" data-end=\"4393\">\n<li data-start=\"3393\" data-end=\"3659\">\n<p data-start=\"3396\" data-end=\"3659\">Ochrann\u00e1 okna:<br data-start=\"3419\" data-end=\"3422\" \/>Okna Ti:Sapphire maj\u00ed v\u00fdjime\u010dnou trvanlivost a chemickou odolnost, tak\u017ee jsou ide\u00e1ln\u00ed jako ochrann\u00e9 kryty pro citliv\u00e9 p\u0159\u00edstroje, optick\u00e9 senzory a pr\u016fmyslov\u00e1 za\u0159\u00edzen\u00ed vystaven\u00e1 drsn\u00fdm podm\u00ednk\u00e1m.<\/p>\n<\/li>\n<li data-start=\"3661\" data-end=\"3905\">\n<p data-start=\"3664\" data-end=\"3905\">Optick\u00e9 komponenty:<br data-start=\"3687\" data-end=\"3690\" \/>Tato okna se pou\u017e\u00edvaj\u00ed jako optick\u00e9 sou\u010d\u00e1sti, jako jsou filtry, \u010do\u010dky nebo pr\u016fzory, kde je vy\u017eadov\u00e1na odolnost proti opot\u0159eben\u00ed a propustnost sv\u011btla, ale nen\u00ed nutn\u00e1 \u0161pi\u010dkov\u00e1 laserov\u00e1 p\u0159esnost.<\/p>\n<\/li>\n<li data-start=\"3907\" data-end=\"4139\">\n<p data-start=\"3910\" data-end=\"4139\">Ochrana sn\u00edma\u010de:<br data-start=\"3932\" data-end=\"3935\" \/>Ti:saf\u00edrov\u00e1 okna se b\u011b\u017en\u011b pou\u017e\u00edvaj\u00ed k ochran\u011b optick\u00fdch senzor\u016f p\u0159ed fyzick\u00fdm po\u0161kozen\u00edm a chemickou eroz\u00ed v prost\u0159ed\u00edch, jako je v\u00fdroba polovodi\u010d\u016f a leteck\u00e9 aplikace.<\/p>\n<\/li>\n<li data-start=\"4141\" data-end=\"4393\">\n<p data-start=\"4144\" data-end=\"4393\">V\u011bdeck\u00fd v\u00fdzkum a pr\u016fmyslov\u00e9 vyu\u017eit\u00ed:<br data-start=\"4187\" data-end=\"4190\" \/>Tato okna jsou vhodn\u00e1 do prost\u0159ed\u00ed s vysok\u00fdm tlakem nebo teplotou a poskytuj\u00ed spolehliv\u00fd v\u00fdkon ve v\u011bdeck\u00fdch laborato\u0159\u00edch a pr\u016fmyslov\u00fdch pozorovac\u00edch syst\u00e9mech.<\/p>\n<\/li>\n<\/ol>\n<h3 data-start=\"4400\" data-end=\"4427\">V\u00fdrobn\u00ed proces:<\/h3>\n<ol data-start=\"4429\" data-end=\"5208\">\n<li data-start=\"4429\" data-end=\"4583\">\n<p data-start=\"4432\" data-end=\"4583\">P\u0159\u00edprava surovin:<br data-start=\"4461\" data-end=\"4464\" \/>Pro vytvo\u0159en\u00ed vysoce kvalitn\u00edho krystalu Ti:Sapphire byly vybr\u00e1ny zdroje saf\u00edru (Al\u2082O\u2083) a titanu vysok\u00e9 \u010distoty.<\/p>\n<\/li>\n<li data-start=\"4585\" data-end=\"4757\">\n<p data-start=\"4588\" data-end=\"4757\">Doping:<br data-start=\"4599\" data-end=\"4602\" \/>Titan je do saf\u00edrov\u00e9ho krystalu zabudov\u00e1n technikou dopov\u00e1n\u00ed, kterou lze prov\u00e1d\u011bt metodami, jako je technika teplotn\u00edho gradientu (TGT).<\/p>\n<\/li>\n<li data-start=\"4759\" data-end=\"4995\">\n<p data-start=\"4762\" data-end=\"4995\">R\u016fst krystal\u016f:<br data-start=\"4781\" data-end=\"4784\" \/>Krystaly se p\u011bstuj\u00ed technikami, jako je Czochralski (CZ) nebo TGT, kter\u00e9 zaji\u0161\u0165uj\u00ed vysokou \u010distotu a uniformitu, i kdy\u017e optick\u00e1 kvalita nemus\u00ed spl\u0148ovat extr\u00e9mn\u00ed po\u017eadavky vysoce p\u0159esn\u00fdch laserov\u00fdch syst\u00e9m\u016f.<\/p>\n<\/li>\n<li data-start=\"4997\" data-end=\"5208\">\n<p data-start=\"5000\" data-end=\"5208\">\u0158ez\u00e1n\u00ed a le\u0161t\u011bn\u00ed:<br data-start=\"5026\" data-end=\"5029\" \/>Po r\u016fstu krystal\u016f se materi\u00e1l pe\u010dliv\u011b ochlad\u00ed, roz\u0159e\u017ee na ok\u00e9nka a mechanicky vyle\u0161t\u00ed, aby se dos\u00e1hlo po\u017eadovan\u00e9 povrchov\u00e9 \u00fapravy a pr\u016fhlednosti.<\/p>\n<\/li>\n<\/ol>\n<h3 data-start=\"5215\" data-end=\"5256\">\u010casto kladen\u00e9 ot\u00e1zky (FAQ):<\/h3>\n<ol data-start=\"5258\" data-end=\"6535\">\n<li data-start=\"5258\" data-end=\"5581\">\n<p data-start=\"5261\" data-end=\"5581\">V \u010dem jsou okna Ti:Sapphire odoln\u011bj\u0161\u00ed ne\u017e standardn\u00ed saf\u00edrov\u00e1 okna?<br data-start=\"5340\" data-end=\"5343\" \/>Okna Ti:Sapphire maj\u00ed ve srovn\u00e1n\u00ed s b\u011b\u017en\u00fdmi saf\u00edrov\u00fdmi okny zv\u00fd\u0161enou odolnost proti chemik\u00e1li\u00edm a po\u0161kr\u00e1b\u00e1n\u00ed, tak\u017ee jsou ide\u00e1ln\u00ed pro ochrann\u00e9 aplikace v prost\u0159ed\u00ed s fyzick\u00fdm opot\u0159eben\u00edm nebo vystaven\u00edm chemik\u00e1li\u00edm.<\/p>\n<\/li>\n<li data-start=\"5583\" data-end=\"5932\">\n<p data-start=\"5586\" data-end=\"5932\">Jsou Ti:saf\u00edrov\u00e1 okna vhodn\u00e1 pro vysoce p\u0159esn\u00e9 laserov\u00e9 aplikace?<br data-start=\"5661\" data-end=\"5664\" \/>Ti:saf\u00edrov\u00e1 okna se obvykle nedoporu\u010duj\u00ed pro vysoce p\u0159esn\u00e9 laserov\u00e9 aplikace, proto\u017ee neposkytuj\u00ed optickou rovnom\u011brnost po\u017eadovanou pro vysoce v\u00fdkonn\u00e9 lasery. Dob\u0159e se v\u0161ak osv\u011bd\u010duj\u00ed pro obecn\u00e9 optick\u00e9 komponenty a ochranu senzor\u016f.<\/p>\n<\/li>\n<li data-start=\"5934\" data-end=\"6234\">\n<p data-start=\"5937\" data-end=\"6234\">Lze okna Ti:Sapphire p\u0159izp\u016fsobit pro konkr\u00e9tn\u00ed aplikace?<br data-start=\"6005\" data-end=\"6008\" \/>Ano, Ti:saf\u00edrov\u00e1 okna lze p\u0159izp\u016fsobit z hlediska orientace krystal\u016f (osa A, osa C), velikosti a povrchov\u00e9 \u00fapravy tak, aby spl\u0148ovala specifick\u00e9 pot\u0159eby r\u016fzn\u00fdch pr\u016fmyslov\u00fdch a v\u011bdeck\u00fdch aplikac\u00ed.<\/p>\n<\/li>\n<li data-start=\"6236\" data-end=\"6535\">\n<p data-start=\"6239\" data-end=\"6535\">V jak\u00fdch odv\u011btv\u00edch se pou\u017e\u00edvaj\u00ed okna Ti:Sapphire?<br data-start=\"6283\" data-end=\"6286\" \/>Ti:saf\u00edrov\u00e1 okna se pou\u017e\u00edvaj\u00ed v pr\u016fmyslov\u00fdch odv\u011btv\u00edch, jako jsou polovodi\u010de, letectv\u00ed, obrana, l\u00e9ka\u0159sk\u00e9 p\u0159\u00edstroje a v\u011bdeck\u00fd v\u00fdzkum, kde je d\u016fle\u017eit\u00e1 jejich trvanlivost, chemick\u00e1 odolnost a tepeln\u00e1 stabilita.<\/p>\n<\/li>\n<\/ol>","protected":false},"excerpt":{"rendered":"<p>Spole\u010dnost ZMSH p\u0159edstavuje titanem dopovan\u00e1 saf\u00edrov\u00e1 okna (Ti:Sapphire), vysoce odoln\u00e9 a transparentn\u00ed optick\u00e9 \u0159e\u0161en\u00ed ur\u010den\u00e9 pro \u0161irokou \u0161k\u00e1lu pr\u016fmyslov\u00fdch, v\u011bdeck\u00fdch a ochrann\u00fdch aplikac\u00ed.<\/p>","protected":false},"featured_media":2078,"comment_status":"open","ping_status":"closed","template":"","meta":{"site-sidebar-layout":"default","site-content-layout":"","ast-site-content-layout":"default","site-content-style":"default","site-sidebar-style":"default","ast-global-header-display":"","ast-banner-title-visibility":"","ast-main-header-display":"","ast-hfb-above-header-display":"","ast-hfb-below-header-display":"","ast-hfb-mobile-header-display":"","site-post-title":"","ast-breadcrumbs-content":"","ast-featured-img":"","footer-sml-layout":"","ast-disable-related-posts":"","theme-transparent-header-meta":"default","adv-header-id-meta":"","stick-header-meta":"default","header-above-stick-meta":"","header-main-stick-meta":"","header-below-stick-meta":"","astra-migrate-meta-layouts":"set","ast-page-background-enabled":"default","ast-page-background-meta":{"desktop":{"background-color":"","background-image":"","background-repeat":"repeat","background-position":"center center","background-size":"auto","background-attachment":"scroll","background-type":"","background-media":"","overlay-type":"","overlay-color":"","overlay-opacity":"","overlay-gradient":""},"tablet":{"background-color":"","background-image":"","background-repeat":"repeat","background-position":"center center","background-size":"auto","background-attachment":"scroll","background-type":"","background-media":"","overlay-type":"","overlay-color":"","overlay-opacity":"","overlay-gradient":""},"mobile":{"background-color":"","background-image":"","background-repeat":"repeat","background-position":"center center","background-size":"auto","background-attachment":"scroll","background-type":"","background-media":"","overlay-type":"","overlay-color":"","overlay-opacity":"","overlay-gradient":""}},"ast-content-background-meta":{"desktop":{"background-color":"var(--ast-global-color-5)","background-image":"","background-repeat":"repeat","background-position":"center center","background-size":"auto","background-attachment":"scroll","background-type":"","background-media":"","overlay-type":"","overlay-color":"","overlay-opacity":"","overlay-gradient":""},"tablet":{"background-color":"var(--ast-global-color-5)","background-image":"","background-repeat":"repeat","background-position":"center center","background-size":"auto","background-attachment":"scroll","background-type":"","background-media":"","overlay-type":"","overlay-color":"","overlay-opacity":"","overlay-gradient":""},"mobile":{"background-color":"var(--ast-global-color-5)","background-image":"","background-repeat":"repeat","background-position":"center center","background-size":"auto","background-attachment":"scroll","background-type":"","background-media":"","overlay-type":"","overlay-color":"","overlay-opacity":"","overlay-gradient":""}}},"product_brand":[],"product_cat":[15],"product_tag":[145,142,143,144,140,141],"class_list":{"0":"post-2077","1":"product","2":"type-product","3":"status-publish","4":"has-post-thumbnail","6":"product_cat-sapphire-windows","7":"product_tag-durable-optical-windows","8":"product_tag-optical-windows","9":"product_tag-protective-sapphire-windows","10":"product_tag-sensor-protection-windows","11":"product_tag-tisapphire-window","12":"product_tag-titanium-sapphire-window","13":"desktop-align-left","14":"tablet-align-left","15":"mobile-align-left","16":"ast-product-gallery-layout-horizontal-slider","17":"ast-product-tabs-layout-horizontal","19":"first","20":"instock","21":"shipping-taxable","22":"product-type-simple"},"_links":{"self":[{"href":"https:\/\/www.sapphire-windows.com\/cs\/wp-json\/wp\/v2\/product\/2077","targetHints":{"allow":["GET"]}}],"collection":[{"href":"https:\/\/www.sapphire-windows.com\/cs\/wp-json\/wp\/v2\/product"}],"about":[{"href":"https:\/\/www.sapphire-windows.com\/cs\/wp-json\/wp\/v2\/types\/product"}],"replies":[{"embeddable":true,"href":"https:\/\/www.sapphire-windows.com\/cs\/wp-json\/wp\/v2\/comments?post=2077"}],"version-history":[{"count":2,"href":"https:\/\/www.sapphire-windows.com\/cs\/wp-json\/wp\/v2\/product\/2077\/revisions"}],"predecessor-version":[{"id":2082,"href":"https:\/\/www.sapphire-windows.com\/cs\/wp-json\/wp\/v2\/product\/2077\/revisions\/2082"}],"wp:featuredmedia":[{"embeddable":true,"href":"https:\/\/www.sapphire-windows.com\/cs\/wp-json\/wp\/v2\/media\/2078"}],"wp:attachment":[{"href":"https:\/\/www.sapphire-windows.com\/cs\/wp-json\/wp\/v2\/media?parent=2077"}],"wp:term":[{"taxonomy":"product_brand","embeddable":true,"href":"https:\/\/www.sapphire-windows.com\/cs\/wp-json\/wp\/v2\/product_brand?post=2077"},{"taxonomy":"product_cat","embeddable":true,"href":"https:\/\/www.sapphire-windows.com\/cs\/wp-json\/wp\/v2\/product_cat?post=2077"},{"taxonomy":"product_tag","embeddable":true,"href":"https:\/\/www.sapphire-windows.com\/cs\/wp-json\/wp\/v2\/product_tag?post=2077"}],"curies":[{"name":"wp","href":"https:\/\/api.w.org\/{rel}","templated":true}]}}