{"id":2072,"date":"2026-01-21T09:23:50","date_gmt":"2026-01-21T09:23:50","guid":{"rendered":"https:\/\/www.sapphire-windows.com\/?post_type=product&#038;p=2072"},"modified":"2026-02-10T15:37:16","modified_gmt":"2026-02-10T15:37:16","slug":"circular-sapphire-windows-high-transmittance-90-sapphire-glass-for-laser-applications","status":"publish","type":"product","link":"https:\/\/www.sapphire-windows.com\/cs\/product\/circular-sapphire-windows-high-transmittance-90-sapphire-glass-for-laser-applications\/","title":{"rendered":"Kruhov\u00e1 saf\u00edrov\u00e1 okna s vysokou propustnost\u00ed 90% Saf\u00edrov\u00e9 sklo pro laserov\u00e9 aplikace"},"content":{"rendered":"<h2 data-start=\"115\" data-end=\"139\">Popis produktu: Vhodn\u00fd k pou\u017eit\u00ed v dom\u00e1cnosti:<\/h2>\n<p data-start=\"141\" data-end=\"726\">Kruhov\u00e1 saf\u00edrov\u00e1 okna ZMSH jsou vysoce v\u00fdkonn\u00e9 optick\u00e9 komponenty vyroben\u00e9 z 99,999% \u010dist\u00e9ho monokrystalick\u00e9ho saf\u00edru (Al\u2082O\u2083). Tato saf\u00edrov\u00e1 okna jsou ur\u010dena pro n\u00e1ro\u010dn\u00e9 aplikace a nab\u00edzej\u00ed propustnost p\u0159es 90% v \u0161irok\u00e9m spektru (250nm-5500nm), p\u0159i\u010dem\u017e vynikaj\u00ed zejm\u00e9na v infra\u010derven\u00e9 oblasti (3-5\u03bcm MIR), tak\u017ee jsou ide\u00e1ln\u00ed pro laserov\u00e9 syst\u00e9my, polovodi\u010dov\u00e1 za\u0159\u00edzen\u00ed, pr\u016fmyslov\u00e9 pozorov\u00e1n\u00ed p\u0159i vysok\u00fdch teplot\u00e1ch a leteck\u00e9 p\u0159\u00edstroje. B\u011b\u017en\u011b se pou\u017e\u00edvaj\u00ed tak\u00e9 ve v\u011bdeck\u00fdch p\u0159\u00edstroj\u00edch, l\u00e9ka\u0159sk\u00fdch za\u0159\u00edzen\u00edch a optick\u00fdch senzorech.<\/p>\n<p data-start=\"141\" data-end=\"726\"><img fetchpriority=\"high\" decoding=\"async\" class=\"size-medium wp-image-2075 alignright\" src=\"https:\/\/www.sapphire-windows.com\/wp-content\/uploads\/2026\/01\/Circular-Sapphire-Windows-High-Transmittance-90-Sapphire-Glass-for-Laser-Applications-3-300x300.webp\" alt=\"\" width=\"300\" height=\"300\" srcset=\"https:\/\/www.sapphire-windows.com\/wp-content\/uploads\/2026\/01\/Circular-Sapphire-Windows-High-Transmittance-90-Sapphire-Glass-for-Laser-Applications-3-300x300.webp 300w, https:\/\/www.sapphire-windows.com\/wp-content\/uploads\/2026\/01\/Circular-Sapphire-Windows-High-Transmittance-90-Sapphire-Glass-for-Laser-Applications-3-150x150.webp 150w, https:\/\/www.sapphire-windows.com\/wp-content\/uploads\/2026\/01\/Circular-Sapphire-Windows-High-Transmittance-90-Sapphire-Glass-for-Laser-Applications-3-600x600.webp 600w, https:\/\/www.sapphire-windows.com\/wp-content\/uploads\/2026\/01\/Circular-Sapphire-Windows-High-Transmittance-90-Sapphire-Glass-for-Laser-Applications-3-100x100.webp 100w, https:\/\/www.sapphire-windows.com\/wp-content\/uploads\/2026\/01\/Circular-Sapphire-Windows-High-Transmittance-90-Sapphire-Glass-for-Laser-Applications-3.webp 750w\" sizes=\"(max-width: 300px) 100vw, 300px\" \/><\/p>\n<p data-start=\"728\" data-end=\"1237\">Saf\u00edr s tvrdost\u00ed 9 stup\u0148\u016f podle Mohsovy stupnice poskytuje desetkr\u00e1t vy\u0161\u0161\u00ed odolnost proti po\u0161kr\u00e1b\u00e1n\u00ed ne\u017e standardn\u00ed optick\u00e9 sklo, co\u017e zaru\u010duje trvanlivost i v prost\u0159ed\u00ed s vysok\u00fdmi n\u00e1roky. D\u00edky vysok\u00e9mu bodu t\u00e1n\u00ed 2040 \u00b0C funguj\u00ed saf\u00edrov\u00e1 skla spolehliv\u011b i v extr\u00e9mn\u00edch teplot\u00e1ch, s trval\u00fdm provozem a\u017e do 800 \u00b0C a kr\u00e1tkodobou toleranc\u00ed a\u017e 1800 \u00b0C. Tato okna jsou nav\u00edc chemicky odoln\u00e1 v\u016f\u010di v\u011bt\u0161in\u011b kyselin, louh\u016f a rozpou\u0161t\u011bdel, tak\u017ee jsou vhodn\u00e1 do n\u00e1ro\u010dn\u00fdch pr\u016fmyslov\u00fdch a chemick\u00fdch prost\u0159ed\u00ed.<\/p>\n<p data-start=\"1239\" data-end=\"1746\">Spole\u010dnost ZMSH nab\u00edz\u00ed p\u0159izp\u016fsoben\u00ed velikosti (od 5 mm do 300 mm v pr\u016fm\u011bru) a tlou\u0161\u0165ky (od 0,3 mm do 20 mm) spolu s r\u016fzn\u00fdmi povlaky, jako jsou antireflexn\u00ed povlaky, povlaky s vysokou propustnost\u00ed a povlaky proti zne\u010di\u0161t\u011bn\u00ed. Pomoc\u00ed pokro\u010dil\u00fdch technologi\u00ed CNC obr\u00e1b\u011bn\u00ed a laserov\u00e9ho zpracov\u00e1n\u00ed zaji\u0161\u0165ujeme p\u0159esn\u00e9 a t\u011bsn\u00e9 tolerance (\u00b10,01 mm) a vysokou kvalitu povrchu (rovinnost a\u017e \u03bb\/10), co\u017e zaru\u010duje, \u017ee okna spl\u0148uj\u00ed p\u0159\u00edsn\u00e9 po\u017eadavky optick\u00fdch syst\u00e9m\u016f.<\/p>\n<h2 data-start=\"1648\" data-end=\"1665\">Kl\u00ed\u010dov\u00e9 vlastnosti:<\/h2>\n<ol data-start=\"1667\" data-end=\"2636\">\n<li data-start=\"1667\" data-end=\"1883\">\n<p data-start=\"1670\" data-end=\"1704\">Vynikaj\u00edc\u00ed optick\u00fd v\u00fdkon:<\/p>\n<ul data-start=\"1708\" data-end=\"1883\">\n<li data-start=\"1708\" data-end=\"1883\">\n<p data-start=\"1710\" data-end=\"1883\">Dosahuje propustnosti &gt;90% od 250 nm do 5500 nm a vynik\u00e1 v infra\u010derven\u00e9 oblasti (3-5 \u03bcm), tak\u017ee je ide\u00e1ln\u00ed pro laserov\u00e9 a infra\u010derven\u00e9 zobrazovac\u00ed aplikace.<\/p>\n<\/li>\n<\/ul>\n<\/li>\n<li data-start=\"1885\" data-end=\"2113\">\n<p data-start=\"1888\" data-end=\"1924\">V\u00fdjime\u010dn\u00e1 mechanick\u00e1 pevnost:<img decoding=\"async\" class=\"size-medium wp-image-2073 alignleft\" src=\"https:\/\/www.sapphire-windows.com\/wp-content\/uploads\/2026\/01\/Circular-Sapphire-Windows-High-Transmittance-90-Sapphire-Glass-for-Laser-Applications-1-300x300.webp\" alt=\"\" width=\"300\" height=\"300\" srcset=\"https:\/\/www.sapphire-windows.com\/wp-content\/uploads\/2026\/01\/Circular-Sapphire-Windows-High-Transmittance-90-Sapphire-Glass-for-Laser-Applications-1-300x300.webp 300w, https:\/\/www.sapphire-windows.com\/wp-content\/uploads\/2026\/01\/Circular-Sapphire-Windows-High-Transmittance-90-Sapphire-Glass-for-Laser-Applications-1-150x150.webp 150w, https:\/\/www.sapphire-windows.com\/wp-content\/uploads\/2026\/01\/Circular-Sapphire-Windows-High-Transmittance-90-Sapphire-Glass-for-Laser-Applications-1-600x600.webp 600w, https:\/\/www.sapphire-windows.com\/wp-content\/uploads\/2026\/01\/Circular-Sapphire-Windows-High-Transmittance-90-Sapphire-Glass-for-Laser-Applications-1-100x100.webp 100w, https:\/\/www.sapphire-windows.com\/wp-content\/uploads\/2026\/01\/Circular-Sapphire-Windows-High-Transmittance-90-Sapphire-Glass-for-Laser-Applications-1.webp 750w\" sizes=\"(max-width: 300px) 100vw, 300px\" \/><\/p>\n<ul data-start=\"1928\" data-end=\"2113\">\n<li data-start=\"1928\" data-end=\"2113\">\n<p data-start=\"1930\" data-end=\"2113\">Saf\u00edrov\u00e9 sklo s tvrdost\u00ed 9 stup\u0148\u016f Mohsovy stupnice nab\u00edz\u00ed 10x vy\u0161\u0161\u00ed odolnost proti po\u0161kr\u00e1b\u00e1n\u00ed ne\u017e b\u011b\u017en\u00e9 optick\u00e9 sklo, co\u017e zaru\u010duje dlouhou \u017eivotnost v prost\u0159ed\u00ed s vysok\u00fdmi n\u00e1roky a abrazivn\u00edmi vlivy.<\/p>\n<\/li>\n<\/ul>\n<\/li>\n<li data-start=\"2115\" data-end=\"2399\">\n<p data-start=\"2118\" data-end=\"2155\">Extr\u00e9mn\u00ed odolnost v\u016f\u010di prost\u0159ed\u00ed:<\/p>\n<ul data-start=\"2159\" data-end=\"2399\">\n<li data-start=\"2159\" data-end=\"2235\">\n<p data-start=\"2161\" data-end=\"2235\">Teplota t\u00e1n\u00ed: 2040 \u00b0C, vhodn\u00e9 do prost\u0159ed\u00ed s vysok\u00fdmi teplotami.<\/p>\n<\/li>\n<li data-start=\"2239\" data-end=\"2319\">\n<p data-start=\"2241\" data-end=\"2319\">Pracuje nep\u0159etr\u017eit\u011b p\u0159i 800 \u00b0C s kr\u00e1tkodobou toleranc\u00ed a\u017e do 1800 \u00b0C.<\/p>\n<\/li>\n<li data-start=\"2323\" data-end=\"2399\">\n<p data-start=\"2325\" data-end=\"2399\">Chemick\u00e1 odolnost: Stabilita v kysel\u00e9m\/alkalick\u00e9m prost\u0159ed\u00ed (pH 1-13).<\/p>\n<\/li>\n<\/ul>\n<\/li>\n<li data-start=\"2401\" data-end=\"2636\">\n<p data-start=\"2404\" data-end=\"2427\">Tepeln\u00e1 stabilita:<\/p>\n<ul data-start=\"2431\" data-end=\"2636\">\n<li data-start=\"2431\" data-end=\"2636\">\n<p data-start=\"2433\" data-end=\"2636\">N\u00edzk\u00fd koeficient tepeln\u00e9 rozta\u017enosti 5,3\u00d710-\u2076\/\u00b0C zaji\u0161\u0165uje p\u0159esnost optick\u00e9ho povrchu i p\u0159i rychl\u00e9m tepeln\u00e9m cyklov\u00e1n\u00ed, tak\u017ee je ide\u00e1ln\u00ed pro p\u0159esn\u00e9 aplikace p\u0159i kol\u00edsaj\u00edc\u00edch teplot\u00e1ch.<\/p>\n<\/li>\n<\/ul>\n<\/li>\n<\/ol>\n<h2 data-start=\"2643\" data-end=\"2672\">Technick\u00e9 specifikace:<\/h2>\n<ul data-start=\"2674\" data-end=\"3035\">\n<li data-start=\"2674\" data-end=\"2721\">\n<p data-start=\"2676\" data-end=\"2721\">Materi\u00e1l: (Al\u2082O\u2083)<\/p>\n<\/li>\n<li data-start=\"2722\" data-end=\"2747\">\n<p data-start=\"2724\" data-end=\"2747\">Hustota: Hustota: 3,98 g\/cm\u00b3<\/p>\n<\/li>\n<li data-start=\"2748\" data-end=\"2775\">\n<p data-start=\"2750\" data-end=\"2775\">Bod t\u00e1n\u00ed: 2040 \u00b0C<\/p>\n<\/li>\n<li data-start=\"2776\" data-end=\"2798\">\n<p data-start=\"2778\" data-end=\"2798\">Tvrdost podle Mohse: 9<\/p>\n<\/li>\n<li data-start=\"2799\" data-end=\"2835\">\n<p data-start=\"2801\" data-end=\"2835\">Tepeln\u00e1 vodivost: 52 W\/m-K<\/p>\n<\/li>\n<li data-start=\"2836\" data-end=\"2874\">\n<p data-start=\"2838\" data-end=\"2874\">Teplotn\u00ed rozta\u017enost: 5,3 \u00d7 10-\u2076\/\u00b0C<\/p>\n<\/li>\n<li data-start=\"2875\" data-end=\"2915\">\n<p data-start=\"2877\" data-end=\"2915\">Propustnost: (250nm-5500nm): &gt;90% (250nm-5500nm)<\/p>\n<\/li>\n<li data-start=\"2916\" data-end=\"2976\">\n<p data-start=\"2918\" data-end=\"2976\">Povrchov\u00e1 \u00faprava: DSP nebo SSP (k dispozici jsou i vlastn\u00ed povrchov\u00e9 \u00fapravy)<\/p>\n<\/li>\n<li data-start=\"2977\" data-end=\"3035\">\n<p data-start=\"2979\" data-end=\"3035\">Rozsah velikost\u00ed: Pr\u016fm\u011br 5mm-300mm, tlou\u0161\u0165ka 0,3mm-20mm<\/p>\n<\/li>\n<\/ul>\n<h2 data-start=\"3042\" data-end=\"3067\">Prim\u00e1rn\u00ed aplikace:<img decoding=\"async\" class=\"size-medium wp-image-2074 alignright\" src=\"https:\/\/www.sapphire-windows.com\/wp-content\/uploads\/2026\/01\/Circular-Sapphire-Windows-High-Transmittance-90-Sapphire-Glass-for-Laser-Applications-2-300x300.jpg\" alt=\"\" width=\"300\" height=\"300\" srcset=\"https:\/\/www.sapphire-windows.com\/wp-content\/uploads\/2026\/01\/Circular-Sapphire-Windows-High-Transmittance-90-Sapphire-Glass-for-Laser-Applications-2-300x300.jpg 300w, https:\/\/www.sapphire-windows.com\/wp-content\/uploads\/2026\/01\/Circular-Sapphire-Windows-High-Transmittance-90-Sapphire-Glass-for-Laser-Applications-2-150x150.jpg 150w, https:\/\/www.sapphire-windows.com\/wp-content\/uploads\/2026\/01\/Circular-Sapphire-Windows-High-Transmittance-90-Sapphire-Glass-for-Laser-Applications-2-600x600.jpg 600w, https:\/\/www.sapphire-windows.com\/wp-content\/uploads\/2026\/01\/Circular-Sapphire-Windows-High-Transmittance-90-Sapphire-Glass-for-Laser-Applications-2-100x100.jpg 100w, https:\/\/www.sapphire-windows.com\/wp-content\/uploads\/2026\/01\/Circular-Sapphire-Windows-High-Transmittance-90-Sapphire-Glass-for-Laser-Applications-2.jpg 750w\" sizes=\"(max-width: 300px) 100vw, 300px\" \/><\/h2>\n<ol data-start=\"3069\" data-end=\"3978\">\n<li data-start=\"3069\" data-end=\"3318\">\n<p data-start=\"3072\" data-end=\"3090\">Laserov\u00e9 syst\u00e9my:<\/p>\n<ul data-start=\"3094\" data-end=\"3318\">\n<li data-start=\"3094\" data-end=\"3318\">\n<p data-start=\"3096\" data-end=\"3318\">Saf\u00edrov\u00e1 kruhov\u00e1 okna se b\u011b\u017en\u011b pou\u017e\u00edvaj\u00ed v CO\u2082 a vl\u00e1knov\u00fdch laserov\u00fdch syst\u00e9mech jako v\u00fdstupn\u00ed okna a ochrann\u00e9 \u010do\u010dky, kter\u00e9 odol\u00e1vaj\u00ed vysok\u00e9mu v\u00fdkonu laserov\u00e9ho z\u00e1\u0159en\u00ed (&gt; 5 kW\/cm\u00b2) a z\u00e1rove\u0148 minimalizuj\u00ed tepeln\u00e9 \u010do\u010dkov\u00e1n\u00ed.<\/p>\n<\/li>\n<\/ul>\n<\/li>\n<li data-start=\"3320\" data-end=\"3525\">\n<p data-start=\"3323\" data-end=\"3367\">Pr\u016fmyslov\u00e9 pozorov\u00e1n\u00ed p\u0159i vysok\u00fdch teplot\u00e1ch:<\/p>\n<ul data-start=\"3371\" data-end=\"3525\">\n<li data-start=\"3371\" data-end=\"3525\">\n<p data-start=\"3373\" data-end=\"3525\">Ide\u00e1ln\u00ed pro pr\u016fzory v za\u0159\u00edzen\u00edch na v\u00fdrobu oceli a tvarov\u00e1n\u00ed skla, kter\u00e9 si zachov\u00e1vaj\u00ed optickou \u010distotu p\u0159i teplot\u00e1ch nad 1000 \u00b0C bez zaml\u017een\u00ed nebo deformace.<\/p>\n<\/li>\n<\/ul>\n<\/li>\n<li data-start=\"3527\" data-end=\"3752\">\n<p data-start=\"3530\" data-end=\"3554\">Letectv\u00ed a obrana:<\/p>\n<ul data-start=\"3558\" data-end=\"3752\">\n<li data-start=\"3558\" data-end=\"3752\">\n<p data-start=\"3560\" data-end=\"3752\">Tato saf\u00edrov\u00e1 skla se pou\u017e\u00edvaj\u00ed v elektrooptick\u00fdch senzorech a vyhled\u00e1va\u010d\u00edch raket, kde zaji\u0161\u0165uj\u00ed odolnost proti n\u00e1raz\u016fm a nadzvukov\u00e9mu aerodynamick\u00e9mu oh\u0159evu p\u0159i zachov\u00e1n\u00ed optick\u00e9 \u010distoty.<\/p>\n<\/li>\n<\/ul>\n<\/li>\n<li data-start=\"3754\" data-end=\"3978\">\n<p data-start=\"3757\" data-end=\"3794\">V\u011bdeck\u00e9 a l\u00e9ka\u0159sk\u00e9 p\u0159\u00edstroje:<\/p>\n<ul data-start=\"3798\" data-end=\"3978\">\n<li data-start=\"3798\" data-end=\"3978\">\n<p data-start=\"3800\" data-end=\"3978\">Saf\u00edrov\u00e1 kruhov\u00e1 okna jsou nezbytn\u00e1 v za\u0159\u00edzen\u00edch pro synchrotronov\u00e9 z\u00e1\u0159en\u00ed, endoskopech a dal\u0161\u00edch vysoce v\u00fdkonn\u00fdch optick\u00fdch syst\u00e9mech, kde poskytuj\u00ed stabiln\u00ed optick\u00e9 kan\u00e1ly.<\/p>\n<\/li>\n<\/ul>\n<\/li>\n<\/ol>\n<h2 data-start=\"3985\" data-end=\"4022\">\u010casto kladen\u00e9 ot\u00e1zky (FAQ):<\/h2>\n<ol data-start=\"4024\" data-end=\"4948\">\n<li data-start=\"4024\" data-end=\"4349\">\n<p data-start=\"4027\" data-end=\"4095\">Jak\u00e9 v\u00fdhody maj\u00ed saf\u00edrov\u00e1 okna oproti tradi\u010dn\u00edmu sklu?<\/p>\n<ul data-start=\"4099\" data-end=\"4349\">\n<li data-start=\"4099\" data-end=\"4349\">\n<p data-start=\"4101\" data-end=\"4349\">Saf\u00edrov\u00e1 skla maj\u00ed 10x vy\u0161\u0161\u00ed odolnost proti po\u0161kr\u00e1b\u00e1n\u00ed (Mohs 9), lep\u0161\u00ed spektr\u00e1ln\u00ed propustnost v UV a\u017e IR oblasti a vynikaj\u00edc\u00ed tepelnou a chemickou odolnost, tak\u017ee jsou ide\u00e1ln\u00ed pro vysoce v\u00fdkonn\u00e9 aplikace v n\u00e1ro\u010dn\u00fdch podm\u00ednk\u00e1ch.<\/p>\n<\/li>\n<\/ul>\n<\/li>\n<li data-start=\"4351\" data-end=\"4657\">\n<p data-start=\"4354\" data-end=\"4405\">Lze saf\u00edrov\u00e1 okna pou\u017e\u00edt pro laserov\u00e9 syst\u00e9my?<\/p>\n<ul data-start=\"4409\" data-end=\"4657\">\n<li data-start=\"4409\" data-end=\"4657\">\n<p data-start=\"4411\" data-end=\"4657\">Ano, spole\u010dnost ZMSH poskytuje saf\u00edrov\u00e1 okna laserov\u00e9 kvality s antireflexn\u00edmi (AR) vrstvami a vrstvami s vysokou propustnost\u00ed. Tato okna jsou ide\u00e1ln\u00ed pro vysoce v\u00fdkonn\u00e9 laserov\u00e9 syst\u00e9my, nab\u00edzej\u00ed minim\u00e1ln\u00ed tepeln\u00e9 \u010do\u010dkov\u00e1n\u00ed a dlouhodobou spolehlivost.<\/p>\n<\/li>\n<\/ul>\n<\/li>\n<li data-start=\"4659\" data-end=\"4948\">\n<p data-start=\"4662\" data-end=\"4718\">Jsou saf\u00edrov\u00e1 okna odoln\u00e1 v\u016f\u010di vysok\u00fdm teplot\u00e1m?<\/p>\n<ul data-start=\"4722\" data-end=\"4948\">\n<li data-start=\"4722\" data-end=\"4948\">\n<p data-start=\"4724\" data-end=\"4948\">Saf\u00edrov\u00e1 okna maj\u00ed vysok\u00fd bod t\u00e1n\u00ed 2040 \u00b0C, tak\u017ee jsou vhodn\u00e1 do prost\u0159ed\u00ed s vysok\u00fdmi teplotami. Mohou pracovat nep\u0159etr\u017eit\u011b p\u0159i teplot\u011b a\u017e 800 \u00b0C a vydr\u017e\u00ed kr\u00e1tkodob\u00e9 expozice a\u017e do 1800 \u00b0C.<\/p>\n<\/li>\n<\/ul>\n<\/li>\n<li>\n<p data-start=\"5068\" data-end=\"5121\">Lze velikost saf\u00edrov\u00fdch oken p\u0159izp\u016fsobit?<\/p>\n<ul data-start=\"5125\" data-end=\"5363\">\n<li data-start=\"5125\" data-end=\"5363\">\n<p data-start=\"5127\" data-end=\"5363\">Ano, nab\u00edz\u00edme \u00fapln\u00e9 p\u0159izp\u016fsoben\u00ed pr\u016fm\u011bru (od 5 mm do 300 mm) a tlou\u0161\u0165ky (od 0,3 mm do 20 mm), abychom vyhov\u011bli konkr\u00e9tn\u00edm po\u017eadavk\u016fm projektu. Na\u0161e pokro\u010dil\u00e9 obr\u00e1b\u011bn\u00ed zaji\u0161\u0165uje p\u0159\u00edsn\u00e9 tolerance a vynikaj\u00edc\u00ed povrchovou \u00fapravu.<\/p>\n<\/li>\n<\/ul>\n<\/li>\n<\/ol>","protected":false},"excerpt":{"rendered":"<p>Kruhov\u00e1 saf\u00edrov\u00e1 okna spole\u010dnosti ZMSH jsou vysoce v\u00fdkonn\u00e9 optick\u00e9 komponenty vyroben\u00e9 z 99,999% \u010dist\u00e9ho monokrystalick\u00e9ho saf\u00edru (Al\u2082O\u2083).<\/p>","protected":false},"featured_media":2073,"comment_status":"open","ping_status":"closed","template":"","meta":{"site-sidebar-layout":"default","site-content-layout":"","ast-site-content-layout":"default","site-content-style":"default","site-sidebar-style":"default","ast-global-header-display":"","ast-banner-title-visibility":"","ast-main-header-display":"","ast-hfb-above-header-display":"","ast-hfb-below-header-display":"","ast-hfb-mobile-header-display":"","site-post-title":"","ast-breadcrumbs-content":"","ast-featured-img":"","footer-sml-layout":"","ast-disable-related-posts":"","theme-transparent-header-meta":"default","adv-header-id-meta":"","stick-header-meta":"default","header-above-stick-meta":"","header-main-stick-meta":"","header-below-stick-meta":"","astra-migrate-meta-layouts":"set","ast-page-background-enabled":"default","ast-page-background-meta":{"desktop":{"background-color":"","background-image":"","background-repeat":"repeat","background-position":"center center","background-size":"auto","background-attachment":"scroll","background-type":"","background-media":"","overlay-type":"","overlay-color":"","overlay-opacity":"","overlay-gradient":""},"tablet":{"background-color":"","background-image":"","background-repeat":"repeat","background-position":"center center","background-size":"auto","background-attachment":"scroll","background-type":"","background-media":"","overlay-type":"","overlay-color":"","overlay-opacity":"","overlay-gradient":""},"mobile":{"background-color":"","background-image":"","background-repeat":"repeat","background-position":"center center","background-size":"auto","background-attachment":"scroll","background-type":"","background-media":"","overlay-type":"","overlay-color":"","overlay-opacity":"","overlay-gradient":""}},"ast-content-background-meta":{"desktop":{"background-color":"var(--ast-global-color-5)","background-image":"","background-repeat":"repeat","background-position":"center center","background-size":"auto","background-attachment":"scroll","background-type":"","background-media":"","overlay-type":"","overlay-color":"","overlay-opacity":"","overlay-gradient":""},"tablet":{"background-color":"var(--ast-global-color-5)","background-image":"","background-repeat":"repeat","background-position":"center center","background-size":"auto","background-attachment":"scroll","background-type":"","background-media":"","overlay-type":"","overlay-color":"","overlay-opacity":"","overlay-gradient":""},"mobile":{"background-color":"var(--ast-global-color-5)","background-image":"","background-repeat":"repeat","background-position":"center center","background-size":"auto","background-attachment":"scroll","background-type":"","background-media":"","overlay-type":"","overlay-color":"","overlay-opacity":"","overlay-gradient":""}}},"product_brand":[],"product_cat":[15],"product_tag":[133,136,90,138,139,135,89,134,137],"class_list":{"0":"post-2072","1":"product","2":"type-product","3":"status-publish","4":"has-post-thumbnail","6":"product_cat-sapphire-windows","7":"product_tag-circular-sapphire-window","8":"product_tag-customized-sapphire-windows","9":"product_tag-high-transmittance","10":"product_tag-high-performance-sapphire-window","11":"product_tag-infrared-window","12":"product_tag-laser-window","13":"product_tag-optical-glass","14":"product_tag-sapphire-glass","15":"product_tag-wear-resistant-sapphire","16":"desktop-align-left","17":"tablet-align-left","18":"mobile-align-left","19":"ast-product-gallery-layout-horizontal-slider","20":"ast-product-tabs-layout-horizontal","22":"first","23":"instock","24":"shipping-taxable","25":"product-type-simple"},"_links":{"self":[{"href":"https:\/\/www.sapphire-windows.com\/cs\/wp-json\/wp\/v2\/product\/2072","targetHints":{"allow":["GET"]}}],"collection":[{"href":"https:\/\/www.sapphire-windows.com\/cs\/wp-json\/wp\/v2\/product"}],"about":[{"href":"https:\/\/www.sapphire-windows.com\/cs\/wp-json\/wp\/v2\/types\/product"}],"replies":[{"embeddable":true,"href":"https:\/\/www.sapphire-windows.com\/cs\/wp-json\/wp\/v2\/comments?post=2072"}],"version-history":[{"count":1,"href":"https:\/\/www.sapphire-windows.com\/cs\/wp-json\/wp\/v2\/product\/2072\/revisions"}],"predecessor-version":[{"id":2076,"href":"https:\/\/www.sapphire-windows.com\/cs\/wp-json\/wp\/v2\/product\/2072\/revisions\/2076"}],"wp:featuredmedia":[{"embeddable":true,"href":"https:\/\/www.sapphire-windows.com\/cs\/wp-json\/wp\/v2\/media\/2073"}],"wp:attachment":[{"href":"https:\/\/www.sapphire-windows.com\/cs\/wp-json\/wp\/v2\/media?parent=2072"}],"wp:term":[{"taxonomy":"product_brand","embeddable":true,"href":"https:\/\/www.sapphire-windows.com\/cs\/wp-json\/wp\/v2\/product_brand?post=2072"},{"taxonomy":"product_cat","embeddable":true,"href":"https:\/\/www.sapphire-windows.com\/cs\/wp-json\/wp\/v2\/product_cat?post=2072"},{"taxonomy":"product_tag","embeddable":true,"href":"https:\/\/www.sapphire-windows.com\/cs\/wp-json\/wp\/v2\/product_tag?post=2072"}],"curies":[{"name":"wp","href":"https:\/\/api.w.org\/{rel}","templated":true}]}}