{"id":2028,"date":"2026-01-21T02:42:44","date_gmt":"2026-01-21T02:42:44","guid":{"rendered":"https:\/\/www.sapphire-windows.com\/?post_type=product&#038;p=2028"},"modified":"2026-01-21T02:42:45","modified_gmt":"2026-01-21T02:42:45","slug":"custom-sapphire-optical-window-222x74x4mm-wear-resistant-ir-uv-window","status":"publish","type":"product","link":"https:\/\/www.sapphire-windows.com\/cs\/product\/custom-sapphire-optical-window-222x74x4mm-wear-resistant-ir-uv-window\/","title":{"rendered":"Vlastn\u00ed saf\u00edrov\u00e9 optick\u00e9 okno 222 \u00d7 74 \u00d7 4 mm Odoln\u00e9 proti opot\u0159eben\u00ed IR a UV ok\u00e9nko"},"content":{"rendered":"<h2 data-start=\"218\" data-end=\"237\">P\u0159ehled produkt\u016f<img fetchpriority=\"high\" decoding=\"async\" class=\"size-medium wp-image-2029 alignright\" src=\"https:\/\/www.sapphire-windows.com\/wp-content\/uploads\/2026\/01\/Custom-Sapphire-Optical-Window-222\u00d774\u00d74mm-odoln\u00fd proti opot\u0159eben\u00ed-IR-UV-okno-3-300x300.jpg\" alt=\"\" width=\"300\" height=\"300\" srcset=\"\" sizes=\"(max-width: 300px) 100vw, 300px\" data-srcset=\"\" \/><\/h2>\n<p data-start=\"239\" data-end=\"553\">Zak\u00e1zkov\u00e9 saf\u00edrov\u00e9 optick\u00e9 okno (222 mm \u00d7 74 mm \u00d7 4 mm) je p\u0159esn\u011b vyrobeno z monokrystalu \u03b1-Al\u2082O\u2083 (saf\u00edr). Na rozd\u00edl od p\u0159\u00edrodn\u00edch drah\u00fdch kamen\u016f je tento optick\u00fd saf\u00edr syntetick\u00fd monokrystal, kter\u00fd nab\u00edz\u00ed v\u00fdjime\u010dnou tvrdost (Mohs 9), odolnost proti opot\u0159eben\u00ed, tepelnou stabilitu a chemickou inertnost.<\/p>\n<p data-start=\"555\" data-end=\"875\">Tato okna jsou ur\u010dena pro infra\u010derven\u00e9 (IR) a ultrafialov\u00e9 (UV) optick\u00e9 syst\u00e9my a chr\u00e1n\u00ed citliv\u00e9 sou\u010d\u00e1sti v prost\u0159ed\u00ed s vysokou teplotou, vysok\u00fdm tlakem a chemickou agresivitou. \u0160irok\u00e1 spektr\u00e1ln\u00ed propustnost saf\u00edru (170-5500 nm) zaji\u0161\u0165uje minim\u00e1ln\u00ed ztr\u00e1ty sign\u00e1lu pro lasery, senzory a optick\u00e9 p\u0159\u00edstroje.<\/p>\n<p data-start=\"877\" data-end=\"1077\">Tento v\u00fdrobek kombinuje mechanickou odolnost s vynikaj\u00edc\u00ed optickou \u010distotou, tak\u017ee je ide\u00e1ln\u00ed pro v\u00fdrobu polovodi\u010d\u016f, pr\u016fmyslov\u00e9 sn\u00edm\u00e1n\u00ed, letectv\u00ed, obranu a v\u011bdeck\u00fd v\u00fdzkum.<\/p>\n<h2 data-start=\"1084\" data-end=\"1111\">Technick\u00e9 specifikace<\/h2>\n<div class=\"TyagGW_tableContainer\">\n<div class=\"group TyagGW_tableWrapper flex flex-col-reverse w-fit\" tabindex=\"-1\">\n<table class=\"w-fit min-w-(--thread-content-width)\" data-start=\"1113\" data-end=\"1766\">\n<thead data-start=\"1113\" data-end=\"1142\">\n<tr data-start=\"1113\" data-end=\"1142\">\n<th data-start=\"1113\" data-end=\"1125\" data-col-size=\"sm\">Parametr<\/th>\n<th data-start=\"1125\" data-end=\"1142\" data-col-size=\"md\">Specifikace<\/th>\n<\/tr>\n<\/thead>\n<tbody data-start=\"1153\" data-end=\"1766\">\n<tr data-start=\"1153\" data-end=\"1215\">\n<td data-start=\"1153\" data-end=\"1164\" data-col-size=\"sm\">Materi\u00e1l<\/td>\n<td data-start=\"1164\" data-end=\"1215\" data-col-size=\"md\">Optick\u00fd saf\u00edrov\u00fd monokrystal (\u03b1-Al\u2082O\u2083)<\/td>\n<\/tr>\n<tr data-start=\"1216\" data-end=\"1245\">\n<td data-start=\"1216\" data-end=\"1223\" data-col-size=\"sm\">Velikost<\/td>\n<td data-start=\"1223\" data-end=\"1245\" data-col-size=\"md\">222 mm \u00d7 74 mm \u00d7 4 mm<\/td>\n<\/tr>\n<tr data-start=\"1246\" data-end=\"1279\">\n<td data-start=\"1246\" data-end=\"1268\" data-col-size=\"sm\">Tolerance tlou\u0161\u0165ky<\/td>\n<td data-start=\"1268\" data-end=\"1279\" data-col-size=\"md\">\u00b10,1 mm<\/td>\n<\/tr>\n<tr data-start=\"1280\" data-end=\"1305\">\n<td data-start=\"1280\" data-end=\"1297\" data-col-size=\"sm\">Pr\u016fhledn\u00e1 clona<\/td>\n<td data-start=\"1297\" data-end=\"1305\" data-col-size=\"md\">&gt;90%<\/td>\n<\/tr>\n<tr data-start=\"1306\" data-end=\"1342\">\n<td data-start=\"1306\" data-end=\"1331\" data-col-size=\"sm\">Drsnost povrchu (Ra)<\/td>\n<td data-start=\"1331\" data-end=\"1342\" data-col-size=\"md\">\u22640,2 nm<\/td>\n<\/tr>\n<tr data-start=\"1343\" data-end=\"1396\">\n<td data-start=\"1343\" data-end=\"1364\" data-col-size=\"sm\">Rozsah p\u0159enosu<\/td>\n<td data-start=\"1364\" data-end=\"1396\" data-col-size=\"md\">170 - 5500 nm (UV a\u017e st\u0159edn\u00ed infra\u010derven\u00e9 p\u00e1smo)<\/td>\n<\/tr>\n<tr data-start=\"1397\" data-end=\"1443\">\n<td data-start=\"1397\" data-end=\"1408\" data-col-size=\"sm\">Tvrdost<\/td>\n<td data-start=\"1408\" data-end=\"1443\" data-col-size=\"md\">Mohs 9 (druh\u00fd po diamantu)<\/td>\n<\/tr>\n<tr data-start=\"1444\" data-end=\"1494\">\n<td data-start=\"1444\" data-end=\"1476\" data-col-size=\"sm\">Koeficient tepeln\u00e9 rozta\u017enosti<\/td>\n<td data-start=\"1476\" data-end=\"1494\" data-col-size=\"md\">8.8 \u00d7 10-\u2076 \/\u00b0C<\/td>\n<\/tr>\n<tr data-start=\"1495\" data-end=\"1524\">\n<td data-start=\"1495\" data-end=\"1513\" data-col-size=\"sm\">Modul pru\u017enosti<\/td>\n<td data-start=\"1513\" data-end=\"1524\" data-col-size=\"md\">435 GPa<\/td>\n<\/tr>\n<tr data-start=\"1525\" data-end=\"1563\">\n<td data-start=\"1525\" data-end=\"1546\" data-col-size=\"sm\">Tepeln\u00e1 odolnost<\/td>\n<td data-start=\"1546\" data-end=\"1563\" data-col-size=\"md\">Do ~2030 \u00b0C<\/td>\n<\/tr>\n<tr data-start=\"1564\" data-end=\"1635\">\n<td data-start=\"1564\" data-end=\"1586\" data-col-size=\"sm\">Chemick\u00e1 odolnost<\/td>\n<td data-start=\"1586\" data-end=\"1635\" data-col-size=\"md\">Vysok\u00e1 odolnost v\u016f\u010di kyselin\u00e1m, louh\u016fm a vod\u011b.<\/td>\n<\/tr>\n<tr data-start=\"1636\" data-end=\"1693\">\n<td data-start=\"1636\" data-end=\"1653\" data-col-size=\"sm\">Povrchov\u00e1 \u00faprava<\/td>\n<td data-start=\"1653\" data-end=\"1693\" data-col-size=\"md\">Oboustrann\u011b le\u0161t\u011bn\u00e9, opticky kvalitn\u00ed<\/td>\n<\/tr>\n<tr data-start=\"1694\" data-end=\"1728\">\n<td data-start=\"1694\" data-end=\"1710\" data-col-size=\"sm\">Certifikace<\/td>\n<td data-start=\"1710\" data-end=\"1728\" data-col-size=\"md\">V souladu s RoHS<\/td>\n<\/tr>\n<tr data-start=\"1729\" data-end=\"1766\">\n<td data-start=\"1729\" data-end=\"1741\" data-col-size=\"sm\">Balen\u00ed<\/td>\n<td data-start=\"1741\" data-end=\"1766\" data-col-size=\"md\">\u010cist\u00fd prostor (t\u0159\u00edda 100)<\/td>\n<\/tr>\n<\/tbody>\n<\/table>\n<\/div>\n<\/div>\n<h2 data-start=\"1773\" data-end=\"1788\">Kl\u00ed\u010dov\u00e9 vlastnosti<img decoding=\"async\" class=\"size-medium wp-image-2030 alignleft\" src=\"https:\/\/www.sapphire-windows.com\/wp-content\/uploads\/2026\/01\/Custom-Sapphire-Optical-Window-222\u00d774\u00d74mm-odoln\u00fd proti opot\u0159eben\u00ed-IR-UV-okno-1-300x300.jpg\" alt=\"\" width=\"300\" height=\"300\" srcset=\"\" sizes=\"(max-width: 300px) 100vw, 300px\" data-srcset=\"\" \/><\/h2>\n<ul data-start=\"1790\" data-end=\"2447\">\n<li data-start=\"1790\" data-end=\"1919\">\n<p data-start=\"1792\" data-end=\"1919\">Velmi vysok\u00e1 tvrdost a odolnost proti opot\u0159eben\u00ed<br data-start=\"1833\" data-end=\"1836\" \/>Tvrdost 9 podle Mohse zaru\u010duje odolnost proti po\u0161kr\u00e1b\u00e1n\u00ed, od\u011bru a mechanick\u00e9mu nam\u00e1h\u00e1n\u00ed.<\/p>\n<\/li>\n<li data-start=\"1921\" data-end=\"2056\">\n<p data-start=\"1923\" data-end=\"2056\">\u0160irok\u00fd spektr\u00e1ln\u00ed p\u0159enos<br data-start=\"1954\" data-end=\"1957\" \/>\u00da\u010dinn\u00e1 propustnost v UV a\u017e st\u0159edn\u00ed IR oblasti (170-5500 nm) vhodn\u00e1 pro lasery a IR optick\u00e9 p\u0159\u00edstroje.<\/p>\n<\/li>\n<li data-start=\"2058\" data-end=\"2171\">\n<p data-start=\"2060\" data-end=\"2171\">Extr\u00e9mn\u00ed tepeln\u00e1 stabilita<br data-start=\"2089\" data-end=\"2092\" \/>Zachov\u00e1v\u00e1 strukturu a optick\u00e9 vlastnosti p\u0159i teplot\u00e1ch vy\u0161\u0161\u00edch ne\u017e 1900 \u00b0C.<\/p>\n<\/li>\n<li data-start=\"2173\" data-end=\"2298\">\n<p data-start=\"2175\" data-end=\"2298\">Chemick\u00e1 inertnost<br data-start=\"2197\" data-end=\"2200\" \/>Odol\u00e1v\u00e1 korozi zp\u016fsoben\u00e9 vodou, kyselinami a louhy, co\u017e zaji\u0161\u0165uje dlouhodobou \u017eivotnost v n\u00e1ro\u010dn\u00fdch podm\u00ednk\u00e1ch.<\/p>\n<\/li>\n<li data-start=\"2300\" data-end=\"2447\">\n<p data-start=\"2302\" data-end=\"2447\">Mechanick\u00e1 odolnost<br data-start=\"2327\" data-end=\"2330\" \/>P\u0159ibli\u017en\u011b p\u011btkr\u00e1t pevn\u011bj\u0161\u00ed ne\u017e standardn\u00ed sklo, schopn\u00e9 odol\u00e1vat vysok\u00fdm tlak\u016fm a n\u00e1raz\u016fm.<\/p>\n<\/li>\n<\/ul>\n<h2 data-start=\"2454\" data-end=\"2477\">Typick\u00e9 aplikace<\/h2>\n<ul data-start=\"2479\" data-end=\"3001\">\n<li data-start=\"2479\" data-end=\"2570\">\n<p data-start=\"2481\" data-end=\"2570\">V\u00fdroba polovodi\u010d\u016f: Pozorovac\u00ed otvory pece, chemicky odoln\u00e1 okna.<\/p>\n<\/li>\n<li data-start=\"2571\" data-end=\"2687\">\n<p data-start=\"2573\" data-end=\"2687\">Optick\u00e9 p\u0159\u00edstroje: IR\/UV ochrann\u00e1 skla, laserov\u00e1 optika, clony spektrometr\u016f, optika sn\u00edma\u010d\u016f \u010d\u00e1rov\u00fdch k\u00f3d\u016f.<\/p>\n<\/li>\n<li data-start=\"2688\" data-end=\"2805\">\n<p data-start=\"2690\" data-end=\"2805\">Pr\u016fmyslov\u00e9 sn\u00edm\u00e1n\u00ed: Pr\u016fzory vysokotlak\u00fdch reaktor\u016f, okna pro m\u011b\u0159en\u00ed pr\u016ftokom\u011br\u016f, ochrann\u00e9 kryty senzor\u016f.<\/p>\n<\/li>\n<li data-start=\"2806\" data-end=\"2920\">\n<p data-start=\"2808\" data-end=\"2920\">V\u011bdeck\u00fd v\u00fdzkum a obrana: Vysokonap\u011b\u0165ov\u00e1 komorov\u00e1 optika, synchrotronov\u00e9 svazkov\u00e9 linky, leteck\u00e9 syst\u00e9my FLIR.<\/p>\n<\/li>\n<li data-start=\"2921\" data-end=\"3001\">\n<p data-start=\"2923\" data-end=\"3001\">Spot\u0159ebn\u00ed elektronika: Ochrann\u00e9 \u010do\u010dky fotoapar\u00e1t\u016f chytr\u00fdch telefon\u016f.<\/p>\n<\/li>\n<\/ul>\n<h2 data-start=\"3008\" data-end=\"3014\">\u010cASTO KLADEN\u00c9 DOTAZY<img decoding=\"async\" class=\"size-medium wp-image-2032 alignright\" src=\"https:\/\/www.sapphire-windows.com\/wp-content\/uploads\/2026\/01\/Custom-Sapphire-Optical-Window-222\u00d774\u00d74mm-odoln\u00fd proti opot\u0159eben\u00ed-IR-UV-okno-4-300x300.jpg\" alt=\"\" width=\"300\" height=\"300\" srcset=\"\" sizes=\"(max-width: 300px) 100vw, 300px\" data-srcset=\"\" \/><\/h2>\n<p data-start=\"3016\" data-end=\"3287\">Ot\u00e1zka 1: Kde se b\u011b\u017en\u011b pou\u017e\u00edvaj\u00ed saf\u00edrov\u00e1 optick\u00e1 okna?<br data-start=\"3073\" data-end=\"3076\" \/>Odpov\u011b\u010f: Jsou \u0161iroce pou\u017e\u00edv\u00e1ny v prost\u0159ed\u00ed s vysok\u00fdmi teplotami, v laserov\u00fdch syst\u00e9mech, v letectv\u00ed, v obrann\u00fdch za\u0159\u00edzen\u00edch a v pr\u016fmyslov\u00fdch p\u0159\u00edstroj\u00edch, kde je d\u016fle\u017eit\u00e1 trvanlivost, tepeln\u00e1 stabilita a chemick\u00e1 odolnost.<\/p>\n<p data-start=\"3289\" data-end=\"3560\">Ot\u00e1zka 2: V \u010dem je saf\u00edr lep\u0161\u00ed ne\u017e sklo?<br data-start=\"3335\" data-end=\"3338\" \/>Odpov\u011b\u010f: Saf\u00edr poskytuje vynikaj\u00edc\u00ed tvrdost (Mohs 9), chemickou odolnost, tepelnou toleranci a\u017e do 2030 \u00b0C a \u0161irokou optickou propustnost (UV a\u017e st\u0159edn\u00ed infra\u010derven\u00e9 z\u00e1\u0159en\u00ed), tak\u017ee je ide\u00e1ln\u00ed pro drsn\u00e9 podm\u00ednky, kde by sklo degradovalo.<\/p>\n<p data-start=\"3562\" data-end=\"3730\">Ot\u00e1zka 3: Lze tato okna p\u0159izp\u016fsobit?<br data-start=\"3602\" data-end=\"3605\" \/>Odpov\u011b\u010f: Ano. Rozm\u011bry, tlou\u0161\u0165ku, povrchovou \u00fapravu a tolerance lze p\u0159izp\u016fsobit specifick\u00fdm optick\u00fdm nebo pr\u016fmyslov\u00fdm po\u017eadavk\u016fm.<\/p>","protected":false},"excerpt":{"rendered":"<p>Vysoce \u010dist\u00e9 monokrystalick\u00e9 saf\u00edrov\u00e9 optick\u00e9 sklo 222 \u00d7 74 \u00d7 4 mm, tvrdost Mohs 9, odoln\u00e9 proti opot\u0159eben\u00ed, propustnost UV a IR z\u00e1\u0159en\u00ed, ide\u00e1ln\u00ed pro lasery, senzory a pr\u016fmyslov\u00e9 aplikace.<\/p>","protected":false},"featured_media":2029,"comment_status":"open","ping_status":"closed","template":"","meta":{"site-sidebar-layout":"default","site-content-layout":"","ast-site-content-layout":"default","site-content-style":"default","site-sidebar-style":"default","ast-global-header-display":"","ast-banner-title-visibility":"","ast-main-header-display":"","ast-hfb-above-header-display":"","ast-hfb-below-header-display":"","ast-hfb-mobile-header-display":"","site-post-title":"","ast-breadcrumbs-content":"","ast-featured-img":"","footer-sml-layout":"","ast-disable-related-posts":"","theme-transparent-header-meta":"default","adv-header-id-meta":"","stick-header-meta":"default","header-above-stick-meta":"","header-main-stick-meta":"","header-below-stick-meta":"","astra-migrate-meta-layouts":"set","ast-page-background-enabled":"default","ast-page-background-meta":{"desktop":{"background-color":"","background-image":"","background-repeat":"repeat","background-position":"center center","background-size":"auto","background-attachment":"scroll","background-type":"","background-media":"","overlay-type":"","overlay-color":"","overlay-opacity":"","overlay-gradient":""},"tablet":{"background-color":"","background-image":"","background-repeat":"repeat","background-position":"center center","background-size":"auto","background-attachment":"scroll","background-type":"","background-media":"","overlay-type":"","overlay-color":"","overlay-opacity":"","overlay-gradient":""},"mobile":{"background-color":"","background-image":"","background-repeat":"repeat","background-position":"center center","background-size":"auto","background-attachment":"scroll","background-type":"","background-media":"","overlay-type":"","overlay-color":"","overlay-opacity":"","overlay-gradient":""}},"ast-content-background-meta":{"desktop":{"background-color":"var(--ast-global-color-5)","background-image":"","background-repeat":"repeat","background-position":"center center","background-size":"auto","background-attachment":"scroll","background-type":"","background-media":"","overlay-type":"","overlay-color":"","overlay-opacity":"","overlay-gradient":""},"tablet":{"background-color":"var(--ast-global-color-5)","background-image":"","background-repeat":"repeat","background-position":"center center","background-size":"auto","background-attachment":"scroll","background-type":"","background-media":"","overlay-type":"","overlay-color":"","overlay-opacity":"","overlay-gradient":""},"mobile":{"background-color":"var(--ast-global-color-5)","background-image":"","background-repeat":"repeat","background-position":"center center","background-size":"auto","background-attachment":"scroll","background-type":"","background-media":"","overlay-type":"","overlay-color":"","overlay-opacity":"","overlay-gradient":""}}},"product_brand":[],"product_cat":[15],"product_tag":[63,78,79],"class_list":{"0":"post-2028","1":"product","2":"type-product","3":"status-publish","4":"has-post-thumbnail","6":"product_cat-sapphire-windows","7":"product_tag-custom-sapphire-optical-window","8":"product_tag-sapphire-ir-window","9":"product_tag-sapphire-uv-window","10":"desktop-align-left","11":"tablet-align-left","12":"mobile-align-left","13":"ast-product-gallery-layout-horizontal-slider","14":"ast-product-tabs-layout-horizontal","16":"first","17":"instock","18":"shipping-taxable","19":"product-type-simple"},"_links":{"self":[{"href":"https:\/\/www.sapphire-windows.com\/cs\/wp-json\/wp\/v2\/product\/2028","targetHints":{"allow":["GET"]}}],"collection":[{"href":"https:\/\/www.sapphire-windows.com\/cs\/wp-json\/wp\/v2\/product"}],"about":[{"href":"https:\/\/www.sapphire-windows.com\/cs\/wp-json\/wp\/v2\/types\/product"}],"replies":[{"embeddable":true,"href":"https:\/\/www.sapphire-windows.com\/cs\/wp-json\/wp\/v2\/comments?post=2028"}],"version-history":[{"count":1,"href":"https:\/\/www.sapphire-windows.com\/cs\/wp-json\/wp\/v2\/product\/2028\/revisions"}],"predecessor-version":[{"id":2033,"href":"https:\/\/www.sapphire-windows.com\/cs\/wp-json\/wp\/v2\/product\/2028\/revisions\/2033"}],"wp:featuredmedia":[{"embeddable":true,"href":"https:\/\/www.sapphire-windows.com\/cs\/wp-json\/wp\/v2\/media\/2029"}],"wp:attachment":[{"href":"https:\/\/www.sapphire-windows.com\/cs\/wp-json\/wp\/v2\/media?parent=2028"}],"wp:term":[{"taxonomy":"product_brand","embeddable":true,"href":"https:\/\/www.sapphire-windows.com\/cs\/wp-json\/wp\/v2\/product_brand?post=2028"},{"taxonomy":"product_cat","embeddable":true,"href":"https:\/\/www.sapphire-windows.com\/cs\/wp-json\/wp\/v2\/product_cat?post=2028"},{"taxonomy":"product_tag","embeddable":true,"href":"https:\/\/www.sapphire-windows.com\/cs\/wp-json\/wp\/v2\/product_tag?post=2028"}],"curies":[{"name":"wp","href":"https:\/\/api.w.org\/{rel}","templated":true}]}}